{"id":30097,"date":"2025-09-20T13:23:58","date_gmt":"2025-09-20T19:23:58","guid":{"rendered":"https:\/\/mivoot.com\/gt\/?post_type=product&#038;p=30097"},"modified":"2025-09-20T13:24:39","modified_gmt":"2025-09-20T19:24:39","slug":"procesador-core-i5-12600kf-3-70-4-90ghz-turbo-20mb-6-nucleos-lga1700-intel","status":"publish","type":"product","link":"https:\/\/mivoot.com\/gt\/producto\/procesador-core-i5-12600kf-3-70-4-90ghz-turbo-20mb-6-nucleos-lga1700-intel\/","title":{"rendered":"Procesador Core i5-12600KF 3.70-4.90GHz Turbo 20MB 6 N\u00facleos LGA1700  Intel"},"content":{"rendered":"<div class=\"row\">\n<div class=\"col-12\">\n<div class=\"pdp_banner_title\">\n<h1 style=\"text-align: center;\" data-description=\"Procesador Intel Core i5-12600KF de Doceava Generaci\u00f3n, 3.7 GHz (hasta 4.9 GHz), Socket 1700, Cach\u00e9 20 MB, Deca-Core. No incluye disipador y gr\u00e1ficos integrados.\">Procesador Intel Core i5-12600KF de 12va Generaci\u00f3n, 3.7 GHz (hasta 4.9 GHz), Socket 1700, Cach\u00e9 20 MB, Deca-Core. No incluye disipador y gr\u00e1ficos integrados.<\/h1>\n<\/div>\n<\/div>\n<\/div>\n<div class=\"row pb-1 pb-md-2\">\n<div class=\"col-12 col-md-8\">\n<div class=\"d-flex flex-wrap flex-column flex-md-row align-items-center mb-3 mb-md-0\">\n<p>El\u00a0<strong>Intel\u00ae Core i5-12600KF<\/strong>\u00a0es un procesador de alto rendimiento que forma parte de la 12\u00aa generaci\u00f3n de la familia Intel\u00ae Core\u2122. Dise\u00f1ado para satisfacer las demandas de los entusiastas de la tecnolog\u00eda y los gamers, este procesador cuenta con una arquitectura innovadora que combina eficiencia y potencia. Con un total de\u00a0<strong>10 n\u00facleos<\/strong>\u00a0y\u00a0<strong>16 hilos<\/strong>, el i5-12600KF es capaz de manejar m\u00faltiples tareas simult\u00e1neamente, lo que lo convierte en una opci\u00f3n ideal para aplicaciones exigentes y juegos de \u00faltima generaci\u00f3n.<\/p>\n<p>La frecuencia base del n\u00facleo de rendimiento es de\u00a0<strong>3.7 GHz<\/strong>, que puede aumentar hasta\u00a0<strong>4.9 GHz<\/strong>\u00a0gracias a la tecnolog\u00eda Intel\u00ae Turbo Boost 2.0. Esto permite que el procesador se adapte a las necesidades de rendimiento en tiempo real, ofreciendo una experiencia fluida y r\u00e1pida. Adem\u00e1s, cuenta con una\u00a0<strong>cach\u00e9 de 20 MB<\/strong>\u00a0de tipo Smart Cache, que mejora la velocidad de acceso a los datos y optimiza el rendimiento general del sistema.<\/p>\n<p data-sourcepos=\"11:1-11:394\">Libera tu potencial creativo y domina los juegos m\u00e1s exigentes con el procesador Intel Core i5-12600KF. Este CPU de alto rendimiento cuenta con 10 n\u00facleos (6 P-Cores y 4 E-Cores), 16 hilos y una frecuencia turbo m\u00e1xima de 4.90 GHz, brind\u00e1ndote una experiencia inform\u00e1tica fluida y sin interrupciones. Disfruta del overclocking desbloqueado para personalizar el rendimiento y llevarlo al l\u00edmite.<\/p>\n<p data-sourcepos=\"11:1-11:394\"><img decoding=\"async\" src=\"https:\/\/www.infotec.com.pe\/58644-large_default\/procesador-intel-core-i5-12600kf-bx8071512600kf-37ghz-20mb-lga-1700-s-cooler.jpg\" alt=\"PROCESADOR INTEL CORE I5 12600KF ( BX8071512600KF ) 3.7GHZ-20MB | LGA 1700  | S\/ COOLER\" \/><\/p>\n<h4 data-sourcepos=\"13:1-13:20\"><strong>Caracter\u00edsticas:<\/strong><\/h4>\n<ul data-sourcepos=\"15:1-25:0\">\n<li data-sourcepos=\"15:1-15:18\">Z\u00f3calo: LGA 1700<\/li>\n<li data-sourcepos=\"16:1-16:55\">N\u00facleos: 10 (6 n\u00facleos de rendimiento + 4 n\u00facleos eficientes)<\/li>\n<li data-sourcepos=\"17:1-17:11\">Hilos: 16<\/li>\n<li data-sourcepos=\"18:1-18:27\">Frecuencia base: 3.70 GHz<\/li>\n<li data-sourcepos=\"19:1-19:41\">Frecuencia m\u00e1xima Turbo Boost: 4.90 GHz<\/li>\n<li data-sourcepos=\"20:1-20:64\">Memoria cach\u00e9: 20 MB (18 MB L3 Cache + 2 MB Intel Smart Cache)<\/li>\n<li data-sourcepos=\"21:1-21:12\">TDP: 125W<\/li>\n<li data-sourcepos=\"22:1-22:45\">Gr\u00e1ficos integrados: Intel UHD Graphics 770<\/li>\n<li data-sourcepos=\"23:1-23:23\">Soporte PCIe: 5.0\/4.0<\/li>\n<li data-sourcepos=\"24:1-25:0\">Soporte de memoria: DDR5 4800 MT\/s, DDR4 3200 MT\/s<\/li>\n<\/ul>\n<h4 data-sourcepos=\"26:1-26:15\"><strong>Beneficios:<\/strong><\/h4>\n<ul data-sourcepos=\"28:1-33:0\">\n<li data-sourcepos=\"28:1-28:177\"><strong>Rendimiento excepcional:<\/strong>\u00a0Juega con fluidez, edita videos sin problemas y realiza tareas exigentes con eficiencia gracias a la arquitectura h\u00edbrida y las altas frecuencias.<\/li>\n<li data-sourcepos=\"29:1-29:137\"><strong>Overclocking desbloqueado:<\/strong>\u00a0Lleva el rendimiento al siguiente nivel personalizando la configuraci\u00f3n para obtener la m\u00e1xima potencia.<\/li>\n<li data-sourcepos=\"30:1-30:176\"><strong>Arquitectura h\u00edbrida eficiente:<\/strong>\u00a0Los n\u00facleos P-Core manejan cargas pesadas, mientras que los E-Cores se encargan de tareas en segundo plano, optimizando el uso de energ\u00eda.<\/li>\n<li data-sourcepos=\"31:1-31:130\"><strong>Compatibilidad con memoria DDR5:<\/strong>\u00a0Aprovecha las \u00faltimas tecnolog\u00edas de memoria para un mejor rendimiento general del sistema.<\/li>\n<li data-sourcepos=\"32:1-33:0\"><strong>Gr\u00e1ficos integrados Intel UHD Graphics 770:<\/strong>\u00a0Disfruta de una experiencia visual fluida para tareas b\u00e1sicas y multimedia casual.<\/li>\n<\/ul>\n<h4 data-sourcepos=\"34:1-34:13\"><strong>Ventajas:<\/strong><\/h4>\n<ul data-sourcepos=\"36:1-40:0\">\n<li data-sourcepos=\"36:1-36:107\"><strong>Ideal para gamers:<\/strong>\u00a0Disfruta de una experiencia de juego fluida y sin lag en los \u00faltimos t\u00edtulos AAA.<\/li>\n<li data-sourcepos=\"37:1-37:136\"><strong>Perfecto para creadores de contenido:<\/strong>\u00a0Edita videos, renderiza im\u00e1genes 3D y realiza dise\u00f1o gr\u00e1fico con mayor rapidez y eficiencia.<\/li>\n<li data-sourcepos=\"38:1-38:125\"><strong>Excelente opci\u00f3n para profesionales:<\/strong>\u00a0Ideal para tareas exigentes de productividad como modelado 3D y an\u00e1lisis de datos.<\/li>\n<li data-sourcepos=\"39:1-40:0\"><strong>Soluci\u00f3n rentable:<\/strong>\u00a0Ofrece un gran valor por su precio con un rendimiento excepcional.<\/li>\n<\/ul>\n<h4 data-sourcepos=\"41:1-41:41\"><strong>Especificaciones ampliadas en vi\u00f1eta:<\/strong><\/h4>\n<ul data-sourcepos=\"43:1-50:0\">\n<li data-sourcepos=\"43:1-43:37\">Tecnolog\u00eda de proceso: 10nm Intel 7<\/li>\n<li data-sourcepos=\"44:1-44:31\">Transistores: 19.500 millones<\/li>\n<li data-sourcepos=\"45:1-45:26\">Tama\u00f1o del chip: 180 mm\u00b2<\/li>\n<li data-sourcepos=\"46:1-46:28\">Voltaje del n\u00facleo: 1.25 V<\/li>\n<li data-sourcepos=\"47:1-47:46\">Temperatura m\u00e1xima de funcionamiento: 100 \u00b0C<\/li>\n<li data-sourcepos=\"48:1-48:48\">Opciones de memoria: DDR5-4800\/4400, DDR4-3200<\/li>\n<li data-sourcepos=\"49:1-50:0\">Factor de forma: LGA 1700<\/li>\n<\/ul>\n<p data-sourcepos=\"51:1-51:19\"><strong>Compatibilidad:<\/strong><\/p>\n<ul data-sourcepos=\"53:1-55:0\">\n<li data-sourcepos=\"53:1-53:61\">Motherboards con chipset Intel serie 600 (H670, B660, Z690)<\/li>\n<li data-sourcepos=\"54:1-55:0\">Sistemas operativos Windows 11, 10 y Linux<\/li>\n<\/ul>\n<\/div>\n<\/div>\n<\/div>\n","protected":false},"excerpt":{"rendered":"<p>&#8211; Intel\u00ae Core\u2122 i5 i5-12600KF<br \/>\n&#8211; 20 MB Smart Cache LGA 1700<br \/>\n&#8211; N\u00facleos del procesador: 10 64-bit<br \/>\n&#8211; M\u00e1xima memoria interna soportada por el procesador: 128 GB DDR4-SDRAM, DDR5-SDRAM<br \/>\n&#8211; Frecuencia 3700 MHz<br \/>\n&#8211; Frecuencia turbo m\u00e1xima 4900 MHz<br \/>\n&#8211; N\u00facleos \/ hilos 6 P-cores \/ 4 E-cores \/ 16 hilos<br \/>\n&#8211; Cach\u00e9 9728KB L2 \/ 18MB L3<br \/>\n&#8211; Socket LGA 1700<br \/>\n&#8211; No Graficos<\/p>\n","protected":false},"featured_media":30098,"comment_status":"open","ping_status":"closed","template":"","meta":{"jetpack_publicize_message":"","jetpack_publicize_feature_enabled":true,"jetpack_social_post_already_shared":true,"jetpack_social_options":{"image_generator_settings":{"template":"highway","default_image_id":0,"font":"","enabled":false},"version":2}},"pwb-brand":[99],"product_brand":[],"product_cat":[44],"product_tag":[],"class_list":{"0":"post-30097","1":"product","2":"type-product","3":"status-publish","4":"has-post-thumbnail","6":"pwb-brand-intel","7":"product_cat-procesadores","9":"first","10":"instock","11":"taxable","12":"shipping-taxable","13":"purchasable","14":"product-type-simple"},"yoast_head":"<!-- This site is optimized with the Yoast SEO Premium plugin v25.7.1 (Yoast SEO v26.8) - https:\/\/yoast.com\/product\/yoast-seo-premium-wordpress\/ -->\n<title>Procesador Core i5-12600KF 3.70-4.90GHz Turbo 20MB 6 N\u00facleos LGA1700 Intel - Mivoot<\/title>\n<meta name=\"robots\" content=\"index, follow, max-snippet:-1, max-image-preview:large, max-video-preview:-1\" \/>\n<link rel=\"canonical\" href=\"https:\/\/mivoot.com\/gt\/producto\/procesador-core-i5-12600kf-3-70-4-90ghz-turbo-20mb-6-nucleos-lga1700-intel\/\" \/>\n<meta property=\"og:locale\" content=\"es_ES\" \/>\n<meta property=\"og:type\" content=\"article\" \/>\n<meta property=\"og:title\" content=\"Procesador Core i5-12600KF 3.70-4.90GHz Turbo 20MB 6 N\u00facleos LGA1700 Intel\" \/>\n<meta property=\"og:description\" content=\"- Intel\u00ae Core\u2122 i5 i5-12600KF - 20 MB Smart Cache LGA 1700 - N\u00facleos del procesador: 10 64-bit - M\u00e1xima memoria interna soportada por el procesador: 128 GB DDR4-SDRAM, DDR5-SDRAM - Frecuencia 3700 MHz - Frecuencia turbo m\u00e1xima 4900 MHz - N\u00facleos \/ hilos 6 P-cores \/ 4 E-cores \/ 16 hilos - Cach\u00e9 9728KB L2 \/ 18MB L3 - Socket LGA 1700 - No Graficos\" \/>\n<meta property=\"og:url\" content=\"https:\/\/mivoot.com\/gt\/producto\/procesador-core-i5-12600kf-3-70-4-90ghz-turbo-20mb-6-nucleos-lga1700-intel\/\" \/>\n<meta property=\"og:site_name\" content=\"Mivoot\" \/>\n<meta property=\"article:publisher\" content=\"https:\/\/www.facebook.com\/mivootgt\" \/>\n<meta property=\"article:modified_time\" content=\"2025-09-20T19:24:39+00:00\" \/>\n<meta property=\"og:image\" content=\"https:\/\/mivoot.com\/gt\/wp-content\/uploads\/2025\/09\/Core-i5-12600KF-0.jpg\" \/>\n\t<meta property=\"og:image:width\" content=\"600\" \/>\n\t<meta property=\"og:image:height\" content=\"450\" \/>\n\t<meta property=\"og:image:type\" content=\"image\/jpeg\" \/>\n<meta name=\"twitter:card\" content=\"summary_large_image\" \/>\n<meta name=\"twitter:label1\" content=\"Est. reading time\" \/>\n\t<meta name=\"twitter:data1\" content=\"3 minutos\" \/>\n<script type=\"application\/ld+json\" class=\"yoast-schema-graph\">{\"@context\":\"https:\/\/schema.org\",\"@graph\":[{\"@type\":\"WebPage\",\"@id\":\"https:\/\/mivoot.com\/gt\/producto\/procesador-core-i5-12600kf-3-70-4-90ghz-turbo-20mb-6-nucleos-lga1700-intel\/\",\"url\":\"https:\/\/mivoot.com\/gt\/producto\/procesador-core-i5-12600kf-3-70-4-90ghz-turbo-20mb-6-nucleos-lga1700-intel\/\",\"name\":\"Procesador Core i5-12600KF 3.70-4.90GHz Turbo 20MB 6 N\u00facleos LGA1700 Intel - Mivoot\",\"isPartOf\":{\"@id\":\"https:\/\/mivoot.com\/gt\/#website\"},\"primaryImageOfPage\":{\"@id\":\"https:\/\/mivoot.com\/gt\/producto\/procesador-core-i5-12600kf-3-70-4-90ghz-turbo-20mb-6-nucleos-lga1700-intel\/#primaryimage\"},\"image\":{\"@id\":\"https:\/\/mivoot.com\/gt\/producto\/procesador-core-i5-12600kf-3-70-4-90ghz-turbo-20mb-6-nucleos-lga1700-intel\/#primaryimage\"},\"thumbnailUrl\":\"https:\/\/mivoot.com\/gt\/wp-content\/uploads\/2025\/09\/Core-i5-12600KF-0.jpg\",\"datePublished\":\"2025-09-20T19:23:58+00:00\",\"dateModified\":\"2025-09-20T19:24:39+00:00\",\"breadcrumb\":{\"@id\":\"https:\/\/mivoot.com\/gt\/producto\/procesador-core-i5-12600kf-3-70-4-90ghz-turbo-20mb-6-nucleos-lga1700-intel\/#breadcrumb\"},\"inLanguage\":\"es\",\"potentialAction\":[{\"@type\":\"ReadAction\",\"target\":[\"https:\/\/mivoot.com\/gt\/producto\/procesador-core-i5-12600kf-3-70-4-90ghz-turbo-20mb-6-nucleos-lga1700-intel\/\"]}]},{\"@type\":\"ImageObject\",\"inLanguage\":\"es\",\"@id\":\"https:\/\/mivoot.com\/gt\/producto\/procesador-core-i5-12600kf-3-70-4-90ghz-turbo-20mb-6-nucleos-lga1700-intel\/#primaryimage\",\"url\":\"https:\/\/mivoot.com\/gt\/wp-content\/uploads\/2025\/09\/Core-i5-12600KF-0.jpg\",\"contentUrl\":\"https:\/\/mivoot.com\/gt\/wp-content\/uploads\/2025\/09\/Core-i5-12600KF-0.jpg\",\"width\":600,\"height\":450},{\"@type\":\"BreadcrumbList\",\"@id\":\"https:\/\/mivoot.com\/gt\/producto\/procesador-core-i5-12600kf-3-70-4-90ghz-turbo-20mb-6-nucleos-lga1700-intel\/#breadcrumb\",\"itemListElement\":[{\"@type\":\"ListItem\",\"position\":1,\"name\":\"Inicio\",\"item\":\"https:\/\/mivoot.com\/gt\/\"},{\"@type\":\"ListItem\",\"position\":2,\"name\":\"Productos\",\"item\":\"https:\/\/mivoot.com\/gt\/producto\/\"},{\"@type\":\"ListItem\",\"position\":3,\"name\":\"Intel\",\"item\":\"https:\/\/mivoot.com\/gt\/marca\/intel\/\"},{\"@type\":\"ListItem\",\"position\":4,\"name\":\"Procesador Core i5-12600KF 3.70-4.90GHz Turbo 20MB 6 N\u00facleos LGA1700 Intel\"}]},{\"@type\":\"WebSite\",\"@id\":\"https:\/\/mivoot.com\/gt\/#website\",\"url\":\"https:\/\/mivoot.com\/gt\/\",\"name\":\"Mivoot\",\"description\":\"Mivoot Guatemala | Tienda Online\",\"publisher\":{\"@id\":\"https:\/\/mivoot.com\/gt\/#organization\"},\"alternateName\":\"mivoot\",\"potentialAction\":[{\"@type\":\"SearchAction\",\"target\":{\"@type\":\"EntryPoint\",\"urlTemplate\":\"https:\/\/mivoot.com\/gt\/?s={search_term_string}\"},\"query-input\":{\"@type\":\"PropertyValueSpecification\",\"valueRequired\":true,\"valueName\":\"search_term_string\"}}],\"inLanguage\":\"es\"},{\"@type\":\"Organization\",\"@id\":\"https:\/\/mivoot.com\/gt\/#organization\",\"name\":\"Mivoot Guatemala\",\"alternateName\":\"mivoot.com\",\"url\":\"https:\/\/mivoot.com\/gt\/\",\"logo\":{\"@type\":\"ImageObject\",\"inLanguage\":\"es\",\"@id\":\"https:\/\/mivoot.com\/gt\/#\/schema\/logo\/image\/\",\"url\":\"https:\/\/mivoot.com\/gt\/wp-content\/uploads\/2023\/03\/cropped-icon.png\",\"contentUrl\":\"https:\/\/mivoot.com\/gt\/wp-content\/uploads\/2023\/03\/cropped-icon.png\",\"width\":512,\"height\":512,\"caption\":\"Mivoot Guatemala\"},\"image\":{\"@id\":\"https:\/\/mivoot.com\/gt\/#\/schema\/logo\/image\/\"},\"sameAs\":[\"https:\/\/www.facebook.com\/mivootgt\",\"https:\/\/instagram.com\/mivoot\"]}]}<\/script>\n<!-- \/ Yoast SEO Premium plugin. -->","yoast_head_json":{"title":"Procesador Core i5-12600KF 3.70-4.90GHz Turbo 20MB 6 N\u00facleos LGA1700 Intel - Mivoot","robots":{"index":"index","follow":"follow","max-snippet":"max-snippet:-1","max-image-preview":"max-image-preview:large","max-video-preview":"max-video-preview:-1"},"canonical":"https:\/\/mivoot.com\/gt\/producto\/procesador-core-i5-12600kf-3-70-4-90ghz-turbo-20mb-6-nucleos-lga1700-intel\/","og_locale":"es_ES","og_type":"article","og_title":"Procesador Core i5-12600KF 3.70-4.90GHz Turbo 20MB 6 N\u00facleos LGA1700 Intel","og_description":"- Intel\u00ae Core\u2122 i5 i5-12600KF - 20 MB Smart Cache LGA 1700 - N\u00facleos del procesador: 10 64-bit - M\u00e1xima memoria interna soportada por el procesador: 128 GB DDR4-SDRAM, DDR5-SDRAM - Frecuencia 3700 MHz - Frecuencia turbo m\u00e1xima 4900 MHz - N\u00facleos \/ hilos 6 P-cores \/ 4 E-cores \/ 16 hilos - Cach\u00e9 9728KB L2 \/ 18MB L3 - Socket LGA 1700 - No Graficos","og_url":"https:\/\/mivoot.com\/gt\/producto\/procesador-core-i5-12600kf-3-70-4-90ghz-turbo-20mb-6-nucleos-lga1700-intel\/","og_site_name":"Mivoot","article_publisher":"https:\/\/www.facebook.com\/mivootgt","article_modified_time":"2025-09-20T19:24:39+00:00","og_image":[{"width":600,"height":450,"url":"https:\/\/mivoot.com\/gt\/wp-content\/uploads\/2025\/09\/Core-i5-12600KF-0.jpg","type":"image\/jpeg"}],"twitter_card":"summary_large_image","twitter_misc":{"Est. reading time":"3 minutos"},"schema":{"@context":"https:\/\/schema.org","@graph":[{"@type":"WebPage","@id":"https:\/\/mivoot.com\/gt\/producto\/procesador-core-i5-12600kf-3-70-4-90ghz-turbo-20mb-6-nucleos-lga1700-intel\/","url":"https:\/\/mivoot.com\/gt\/producto\/procesador-core-i5-12600kf-3-70-4-90ghz-turbo-20mb-6-nucleos-lga1700-intel\/","name":"Procesador Core i5-12600KF 3.70-4.90GHz Turbo 20MB 6 N\u00facleos LGA1700 Intel - Mivoot","isPartOf":{"@id":"https:\/\/mivoot.com\/gt\/#website"},"primaryImageOfPage":{"@id":"https:\/\/mivoot.com\/gt\/producto\/procesador-core-i5-12600kf-3-70-4-90ghz-turbo-20mb-6-nucleos-lga1700-intel\/#primaryimage"},"image":{"@id":"https:\/\/mivoot.com\/gt\/producto\/procesador-core-i5-12600kf-3-70-4-90ghz-turbo-20mb-6-nucleos-lga1700-intel\/#primaryimage"},"thumbnailUrl":"https:\/\/mivoot.com\/gt\/wp-content\/uploads\/2025\/09\/Core-i5-12600KF-0.jpg","datePublished":"2025-09-20T19:23:58+00:00","dateModified":"2025-09-20T19:24:39+00:00","breadcrumb":{"@id":"https:\/\/mivoot.com\/gt\/producto\/procesador-core-i5-12600kf-3-70-4-90ghz-turbo-20mb-6-nucleos-lga1700-intel\/#breadcrumb"},"inLanguage":"es","potentialAction":[{"@type":"ReadAction","target":["https:\/\/mivoot.com\/gt\/producto\/procesador-core-i5-12600kf-3-70-4-90ghz-turbo-20mb-6-nucleos-lga1700-intel\/"]}]},{"@type":"ImageObject","inLanguage":"es","@id":"https:\/\/mivoot.com\/gt\/producto\/procesador-core-i5-12600kf-3-70-4-90ghz-turbo-20mb-6-nucleos-lga1700-intel\/#primaryimage","url":"https:\/\/mivoot.com\/gt\/wp-content\/uploads\/2025\/09\/Core-i5-12600KF-0.jpg","contentUrl":"https:\/\/mivoot.com\/gt\/wp-content\/uploads\/2025\/09\/Core-i5-12600KF-0.jpg","width":600,"height":450},{"@type":"BreadcrumbList","@id":"https:\/\/mivoot.com\/gt\/producto\/procesador-core-i5-12600kf-3-70-4-90ghz-turbo-20mb-6-nucleos-lga1700-intel\/#breadcrumb","itemListElement":[{"@type":"ListItem","position":1,"name":"Inicio","item":"https:\/\/mivoot.com\/gt\/"},{"@type":"ListItem","position":2,"name":"Productos","item":"https:\/\/mivoot.com\/gt\/producto\/"},{"@type":"ListItem","position":3,"name":"Intel","item":"https:\/\/mivoot.com\/gt\/marca\/intel\/"},{"@type":"ListItem","position":4,"name":"Procesador Core i5-12600KF 3.70-4.90GHz Turbo 20MB 6 N\u00facleos LGA1700 Intel"}]},{"@type":"WebSite","@id":"https:\/\/mivoot.com\/gt\/#website","url":"https:\/\/mivoot.com\/gt\/","name":"Mivoot","description":"Mivoot Guatemala | Tienda Online","publisher":{"@id":"https:\/\/mivoot.com\/gt\/#organization"},"alternateName":"mivoot","potentialAction":[{"@type":"SearchAction","target":{"@type":"EntryPoint","urlTemplate":"https:\/\/mivoot.com\/gt\/?s={search_term_string}"},"query-input":{"@type":"PropertyValueSpecification","valueRequired":true,"valueName":"search_term_string"}}],"inLanguage":"es"},{"@type":"Organization","@id":"https:\/\/mivoot.com\/gt\/#organization","name":"Mivoot Guatemala","alternateName":"mivoot.com","url":"https:\/\/mivoot.com\/gt\/","logo":{"@type":"ImageObject","inLanguage":"es","@id":"https:\/\/mivoot.com\/gt\/#\/schema\/logo\/image\/","url":"https:\/\/mivoot.com\/gt\/wp-content\/uploads\/2023\/03\/cropped-icon.png","contentUrl":"https:\/\/mivoot.com\/gt\/wp-content\/uploads\/2023\/03\/cropped-icon.png","width":512,"height":512,"caption":"Mivoot Guatemala"},"image":{"@id":"https:\/\/mivoot.com\/gt\/#\/schema\/logo\/image\/"},"sameAs":["https:\/\/www.facebook.com\/mivootgt","https:\/\/instagram.com\/mivoot"]}]}},"jetpack_publicize_connections":[],"jetpack_sharing_enabled":true,"brands":[{"id":99,"name":"Intel","slug":"intel"}],"_links":{"self":[{"href":"https:\/\/mivoot.com\/gt\/wp-json\/wp\/v2\/product\/30097","targetHints":{"allow":["GET"]}}],"collection":[{"href":"https:\/\/mivoot.com\/gt\/wp-json\/wp\/v2\/product"}],"about":[{"href":"https:\/\/mivoot.com\/gt\/wp-json\/wp\/v2\/types\/product"}],"replies":[{"embeddable":true,"href":"https:\/\/mivoot.com\/gt\/wp-json\/wp\/v2\/comments?post=30097"}],"version-history":[{"count":1,"href":"https:\/\/mivoot.com\/gt\/wp-json\/wp\/v2\/product\/30097\/revisions"}],"predecessor-version":[{"id":30100,"href":"https:\/\/mivoot.com\/gt\/wp-json\/wp\/v2\/product\/30097\/revisions\/30100"}],"wp:featuredmedia":[{"embeddable":true,"href":"https:\/\/mivoot.com\/gt\/wp-json\/wp\/v2\/media\/30098"}],"wp:attachment":[{"href":"https:\/\/mivoot.com\/gt\/wp-json\/wp\/v2\/media?parent=30097"}],"wp:term":[{"taxonomy":"pwb-brand","embeddable":true,"href":"https:\/\/mivoot.com\/gt\/wp-json\/wp\/v2\/pwb-brand?post=30097"},{"taxonomy":"product_brand","embeddable":true,"href":"https:\/\/mivoot.com\/gt\/wp-json\/wp\/v2\/product_brand?post=30097"},{"taxonomy":"product_cat","embeddable":true,"href":"https:\/\/mivoot.com\/gt\/wp-json\/wp\/v2\/product_cat?post=30097"},{"taxonomy":"product_tag","embeddable":true,"href":"https:\/\/mivoot.com\/gt\/wp-json\/wp\/v2\/product_tag?post=30097"}],"curies":[{"name":"wp","href":"https:\/\/api.w.org\/{rel}","templated":true}]}}