{"id":30225,"date":"2025-09-23T15:24:15","date_gmt":"2025-09-23T21:24:15","guid":{"rendered":"https:\/\/mivoot.com\/gt\/?post_type=product&#038;p=30225"},"modified":"2025-09-23T15:24:53","modified_gmt":"2025-09-23T21:24:53","slug":"cable-de-video-bnc-y-corriente-20mtrs-zkteco","status":"publish","type":"product","link":"https:\/\/mivoot.com\/gt\/producto\/cable-de-video-bnc-y-corriente-20mtrs-zkteco\/","title":{"rendered":"Cable de Video BNC y Corriente 20mtrs ZKTeco"},"content":{"rendered":"<h1 id=\"title\" class=\"mb-3\" style=\"text-align: center;\">Cable de 20 Metros armado para video y energ\u00eda \/ Optimizado para c\u00e1maras 4K \/ Conectores BNC y de energ\u00eda \/ Uso en interior \/ Cable de video 100% cobre de alta pureza<\/h1>\n<p><img decoding=\"async\" class=\"aligncenter\" src=\"https:\/\/stga.net\/wp\/wp-content\/uploads\/2021\/07\/cable-armado-20-metros-2.jpg\" alt=\"Cable 20mt BNC + DC - C\u00e1maras de Seguridad\" \/><\/p>\n","protected":false},"excerpt":{"rendered":"<p>&#8211; Cable Coaxial Blindado de 20 Metros para<br \/>\n&#8211; Video y Alimentaci\u00f3n Optimizado para C\u00e1maras 4K<br \/>\n&#8211; Conector BNC (Video)<br \/>\n&#8211; Power PLUG (Siam\u00e9s)<br \/>\n&#8211; Uso Interior<br \/>\n&#8211; Cable de Video 100% Cobre de Alta Pureza<\/p>\n","protected":false},"featured_media":30226,"comment_status":"open","ping_status":"closed","template":"","meta":{"jetpack_publicize_message":"","jetpack_publicize_feature_enabled":true,"jetpack_social_post_already_shared":true,"jetpack_social_options":{"image_generator_settings":{"template":"highway","default_image_id":0,"font":"","enabled":false},"version":2}},"pwb-brand":[101],"product_brand":[],"product_cat":[400],"product_tag":[],"class_list":{"0":"post-30225","1":"product","2":"type-product","3":"status-publish","4":"has-post-thumbnail","6":"pwb-brand-zkteco-guatemala","7":"product_cat-accesorios-camaras-seguridad","9":"first","10":"instock","11":"taxable","12":"shipping-taxable","13":"purchasable","14":"product-type-simple"},"yoast_head":"<!-- This site is optimized with the Yoast SEO Premium plugin v25.7.1 (Yoast SEO v26.8) - https:\/\/yoast.com\/product\/yoast-seo-premium-wordpress\/ -->\n<title>Cable de Video BNC y Corriente 20mtrs ZKTeco - Mivoot<\/title>\n<meta name=\"robots\" content=\"index, follow, max-snippet:-1, max-image-preview:large, max-video-preview:-1\" \/>\n<link rel=\"canonical\" href=\"https:\/\/mivoot.com\/gt\/producto\/cable-de-video-bnc-y-corriente-20mtrs-zkteco\/\" \/>\n<meta property=\"og:locale\" content=\"es_ES\" \/>\n<meta property=\"og:type\" content=\"article\" \/>\n<meta property=\"og:title\" content=\"Cable de Video BNC y Corriente 20mtrs ZKTeco\" \/>\n<meta property=\"og:description\" content=\"- Cable Coaxial Blindado de 20 Metros para  - Video y Alimentaci\u00f3n Optimizado para C\u00e1maras 4K  - Conector BNC (Video)  - Power PLUG (Siam\u00e9s)  - Uso Interior  - Cable de Video 100% Cobre de Alta Pureza\" \/>\n<meta property=\"og:url\" content=\"https:\/\/mivoot.com\/gt\/producto\/cable-de-video-bnc-y-corriente-20mtrs-zkteco\/\" \/>\n<meta property=\"og:site_name\" content=\"Mivoot\" \/>\n<meta property=\"article:publisher\" content=\"https:\/\/www.facebook.com\/mivootgt\" \/>\n<meta property=\"article:modified_time\" content=\"2025-09-23T21:24:53+00:00\" \/>\n<meta property=\"og:image\" content=\"https:\/\/mivoot.com\/gt\/wp-content\/uploads\/2025\/09\/LL-R20020.jpg\" \/>\n\t<meta property=\"og:image:width\" content=\"894\" \/>\n\t<meta property=\"og:image:height\" content=\"845\" \/>\n\t<meta property=\"og:image:type\" content=\"image\/jpeg\" \/>\n<meta name=\"twitter:card\" content=\"summary_large_image\" \/>\n<meta name=\"twitter:label1\" content=\"Est. reading time\" \/>\n\t<meta name=\"twitter:data1\" content=\"1 minuto\" \/>\n<script type=\"application\/ld+json\" class=\"yoast-schema-graph\">{\"@context\":\"https:\/\/schema.org\",\"@graph\":[{\"@type\":\"WebPage\",\"@id\":\"https:\/\/mivoot.com\/gt\/producto\/cable-de-video-bnc-y-corriente-20mtrs-zkteco\/\",\"url\":\"https:\/\/mivoot.com\/gt\/producto\/cable-de-video-bnc-y-corriente-20mtrs-zkteco\/\",\"name\":\"Cable de Video BNC y Corriente 20mtrs ZKTeco - Mivoot\",\"isPartOf\":{\"@id\":\"https:\/\/mivoot.com\/gt\/#website\"},\"primaryImageOfPage\":{\"@id\":\"https:\/\/mivoot.com\/gt\/producto\/cable-de-video-bnc-y-corriente-20mtrs-zkteco\/#primaryimage\"},\"image\":{\"@id\":\"https:\/\/mivoot.com\/gt\/producto\/cable-de-video-bnc-y-corriente-20mtrs-zkteco\/#primaryimage\"},\"thumbnailUrl\":\"https:\/\/mivoot.com\/gt\/wp-content\/uploads\/2025\/09\/LL-R20020.jpg\",\"datePublished\":\"2025-09-23T21:24:15+00:00\",\"dateModified\":\"2025-09-23T21:24:53+00:00\",\"breadcrumb\":{\"@id\":\"https:\/\/mivoot.com\/gt\/producto\/cable-de-video-bnc-y-corriente-20mtrs-zkteco\/#breadcrumb\"},\"inLanguage\":\"es\",\"potentialAction\":[{\"@type\":\"ReadAction\",\"target\":[\"https:\/\/mivoot.com\/gt\/producto\/cable-de-video-bnc-y-corriente-20mtrs-zkteco\/\"]}]},{\"@type\":\"ImageObject\",\"inLanguage\":\"es\",\"@id\":\"https:\/\/mivoot.com\/gt\/producto\/cable-de-video-bnc-y-corriente-20mtrs-zkteco\/#primaryimage\",\"url\":\"https:\/\/mivoot.com\/gt\/wp-content\/uploads\/2025\/09\/LL-R20020.jpg\",\"contentUrl\":\"https:\/\/mivoot.com\/gt\/wp-content\/uploads\/2025\/09\/LL-R20020.jpg\",\"width\":894,\"height\":845},{\"@type\":\"BreadcrumbList\",\"@id\":\"https:\/\/mivoot.com\/gt\/producto\/cable-de-video-bnc-y-corriente-20mtrs-zkteco\/#breadcrumb\",\"itemListElement\":[{\"@type\":\"ListItem\",\"position\":1,\"name\":\"Inicio\",\"item\":\"https:\/\/mivoot.com\/gt\/\"},{\"@type\":\"ListItem\",\"position\":2,\"name\":\"Productos\",\"item\":\"https:\/\/mivoot.com\/gt\/producto\/\"},{\"@type\":\"ListItem\",\"position\":3,\"name\":\"ZKTeco\",\"item\":\"https:\/\/mivoot.com\/gt\/marca\/zkteco-guatemala\/\"},{\"@type\":\"ListItem\",\"position\":4,\"name\":\"Cable de Video BNC y Corriente 20mtrs ZKTeco\"}]},{\"@type\":\"WebSite\",\"@id\":\"https:\/\/mivoot.com\/gt\/#website\",\"url\":\"https:\/\/mivoot.com\/gt\/\",\"name\":\"Mivoot\",\"description\":\"Mivoot Guatemala | Tienda Online\",\"publisher\":{\"@id\":\"https:\/\/mivoot.com\/gt\/#organization\"},\"alternateName\":\"mivoot\",\"potentialAction\":[{\"@type\":\"SearchAction\",\"target\":{\"@type\":\"EntryPoint\",\"urlTemplate\":\"https:\/\/mivoot.com\/gt\/?s={search_term_string}\"},\"query-input\":{\"@type\":\"PropertyValueSpecification\",\"valueRequired\":true,\"valueName\":\"search_term_string\"}}],\"inLanguage\":\"es\"},{\"@type\":\"Organization\",\"@id\":\"https:\/\/mivoot.com\/gt\/#organization\",\"name\":\"Mivoot Guatemala\",\"alternateName\":\"mivoot.com\",\"url\":\"https:\/\/mivoot.com\/gt\/\",\"logo\":{\"@type\":\"ImageObject\",\"inLanguage\":\"es\",\"@id\":\"https:\/\/mivoot.com\/gt\/#\/schema\/logo\/image\/\",\"url\":\"https:\/\/mivoot.com\/gt\/wp-content\/uploads\/2023\/03\/cropped-icon.png\",\"contentUrl\":\"https:\/\/mivoot.com\/gt\/wp-content\/uploads\/2023\/03\/cropped-icon.png\",\"width\":512,\"height\":512,\"caption\":\"Mivoot Guatemala\"},\"image\":{\"@id\":\"https:\/\/mivoot.com\/gt\/#\/schema\/logo\/image\/\"},\"sameAs\":[\"https:\/\/www.facebook.com\/mivootgt\",\"https:\/\/instagram.com\/mivoot\"]}]}<\/script>\n<!-- \/ Yoast SEO Premium plugin. -->","yoast_head_json":{"title":"Cable de Video BNC y Corriente 20mtrs ZKTeco - Mivoot","robots":{"index":"index","follow":"follow","max-snippet":"max-snippet:-1","max-image-preview":"max-image-preview:large","max-video-preview":"max-video-preview:-1"},"canonical":"https:\/\/mivoot.com\/gt\/producto\/cable-de-video-bnc-y-corriente-20mtrs-zkteco\/","og_locale":"es_ES","og_type":"article","og_title":"Cable de Video BNC y Corriente 20mtrs ZKTeco","og_description":"- Cable Coaxial Blindado de 20 Metros para  - Video y Alimentaci\u00f3n Optimizado para C\u00e1maras 4K  - Conector BNC (Video)  - Power PLUG (Siam\u00e9s)  - Uso Interior  - Cable de Video 100% Cobre de Alta Pureza","og_url":"https:\/\/mivoot.com\/gt\/producto\/cable-de-video-bnc-y-corriente-20mtrs-zkteco\/","og_site_name":"Mivoot","article_publisher":"https:\/\/www.facebook.com\/mivootgt","article_modified_time":"2025-09-23T21:24:53+00:00","og_image":[{"width":894,"height":845,"url":"https:\/\/mivoot.com\/gt\/wp-content\/uploads\/2025\/09\/LL-R20020.jpg","type":"image\/jpeg"}],"twitter_card":"summary_large_image","twitter_misc":{"Est. reading time":"1 minuto"},"schema":{"@context":"https:\/\/schema.org","@graph":[{"@type":"WebPage","@id":"https:\/\/mivoot.com\/gt\/producto\/cable-de-video-bnc-y-corriente-20mtrs-zkteco\/","url":"https:\/\/mivoot.com\/gt\/producto\/cable-de-video-bnc-y-corriente-20mtrs-zkteco\/","name":"Cable de Video BNC y Corriente 20mtrs ZKTeco - Mivoot","isPartOf":{"@id":"https:\/\/mivoot.com\/gt\/#website"},"primaryImageOfPage":{"@id":"https:\/\/mivoot.com\/gt\/producto\/cable-de-video-bnc-y-corriente-20mtrs-zkteco\/#primaryimage"},"image":{"@id":"https:\/\/mivoot.com\/gt\/producto\/cable-de-video-bnc-y-corriente-20mtrs-zkteco\/#primaryimage"},"thumbnailUrl":"https:\/\/mivoot.com\/gt\/wp-content\/uploads\/2025\/09\/LL-R20020.jpg","datePublished":"2025-09-23T21:24:15+00:00","dateModified":"2025-09-23T21:24:53+00:00","breadcrumb":{"@id":"https:\/\/mivoot.com\/gt\/producto\/cable-de-video-bnc-y-corriente-20mtrs-zkteco\/#breadcrumb"},"inLanguage":"es","potentialAction":[{"@type":"ReadAction","target":["https:\/\/mivoot.com\/gt\/producto\/cable-de-video-bnc-y-corriente-20mtrs-zkteco\/"]}]},{"@type":"ImageObject","inLanguage":"es","@id":"https:\/\/mivoot.com\/gt\/producto\/cable-de-video-bnc-y-corriente-20mtrs-zkteco\/#primaryimage","url":"https:\/\/mivoot.com\/gt\/wp-content\/uploads\/2025\/09\/LL-R20020.jpg","contentUrl":"https:\/\/mivoot.com\/gt\/wp-content\/uploads\/2025\/09\/LL-R20020.jpg","width":894,"height":845},{"@type":"BreadcrumbList","@id":"https:\/\/mivoot.com\/gt\/producto\/cable-de-video-bnc-y-corriente-20mtrs-zkteco\/#breadcrumb","itemListElement":[{"@type":"ListItem","position":1,"name":"Inicio","item":"https:\/\/mivoot.com\/gt\/"},{"@type":"ListItem","position":2,"name":"Productos","item":"https:\/\/mivoot.com\/gt\/producto\/"},{"@type":"ListItem","position":3,"name":"ZKTeco","item":"https:\/\/mivoot.com\/gt\/marca\/zkteco-guatemala\/"},{"@type":"ListItem","position":4,"name":"Cable de Video BNC y Corriente 20mtrs ZKTeco"}]},{"@type":"WebSite","@id":"https:\/\/mivoot.com\/gt\/#website","url":"https:\/\/mivoot.com\/gt\/","name":"Mivoot","description":"Mivoot Guatemala | Tienda Online","publisher":{"@id":"https:\/\/mivoot.com\/gt\/#organization"},"alternateName":"mivoot","potentialAction":[{"@type":"SearchAction","target":{"@type":"EntryPoint","urlTemplate":"https:\/\/mivoot.com\/gt\/?s={search_term_string}"},"query-input":{"@type":"PropertyValueSpecification","valueRequired":true,"valueName":"search_term_string"}}],"inLanguage":"es"},{"@type":"Organization","@id":"https:\/\/mivoot.com\/gt\/#organization","name":"Mivoot Guatemala","alternateName":"mivoot.com","url":"https:\/\/mivoot.com\/gt\/","logo":{"@type":"ImageObject","inLanguage":"es","@id":"https:\/\/mivoot.com\/gt\/#\/schema\/logo\/image\/","url":"https:\/\/mivoot.com\/gt\/wp-content\/uploads\/2023\/03\/cropped-icon.png","contentUrl":"https:\/\/mivoot.com\/gt\/wp-content\/uploads\/2023\/03\/cropped-icon.png","width":512,"height":512,"caption":"Mivoot Guatemala"},"image":{"@id":"https:\/\/mivoot.com\/gt\/#\/schema\/logo\/image\/"},"sameAs":["https:\/\/www.facebook.com\/mivootgt","https:\/\/instagram.com\/mivoot"]}]}},"jetpack_publicize_connections":[],"jetpack_sharing_enabled":true,"brands":[{"id":101,"name":"ZKTeco","slug":"zkteco-guatemala"}],"_links":{"self":[{"href":"https:\/\/mivoot.com\/gt\/wp-json\/wp\/v2\/product\/30225","targetHints":{"allow":["GET"]}}],"collection":[{"href":"https:\/\/mivoot.com\/gt\/wp-json\/wp\/v2\/product"}],"about":[{"href":"https:\/\/mivoot.com\/gt\/wp-json\/wp\/v2\/types\/product"}],"replies":[{"embeddable":true,"href":"https:\/\/mivoot.com\/gt\/wp-json\/wp\/v2\/comments?post=30225"}],"version-history":[{"count":2,"href":"https:\/\/mivoot.com\/gt\/wp-json\/wp\/v2\/product\/30225\/revisions"}],"predecessor-version":[{"id":30228,"href":"https:\/\/mivoot.com\/gt\/wp-json\/wp\/v2\/product\/30225\/revisions\/30228"}],"wp:featuredmedia":[{"embeddable":true,"href":"https:\/\/mivoot.com\/gt\/wp-json\/wp\/v2\/media\/30226"}],"wp:attachment":[{"href":"https:\/\/mivoot.com\/gt\/wp-json\/wp\/v2\/media?parent=30225"}],"wp:term":[{"taxonomy":"pwb-brand","embeddable":true,"href":"https:\/\/mivoot.com\/gt\/wp-json\/wp\/v2\/pwb-brand?post=30225"},{"taxonomy":"product_brand","embeddable":true,"href":"https:\/\/mivoot.com\/gt\/wp-json\/wp\/v2\/product_brand?post=30225"},{"taxonomy":"product_cat","embeddable":true,"href":"https:\/\/mivoot.com\/gt\/wp-json\/wp\/v2\/product_cat?post=30225"},{"taxonomy":"product_tag","embeddable":true,"href":"https:\/\/mivoot.com\/gt\/wp-json\/wp\/v2\/product_tag?post=30225"}],"curies":[{"name":"wp","href":"https:\/\/api.w.org\/{rel}","templated":true}]}}