{"id":30400,"date":"2025-09-26T17:53:34","date_gmt":"2025-09-26T23:53:34","guid":{"rendered":"https:\/\/mivoot.com\/gt\/?post_type=product&#038;p=30400"},"modified":"2025-09-29T16:18:02","modified_gmt":"2025-09-29T22:18:02","slug":"conversor-de-medios-multimodo-a-10-100-mbps-mc100cm-tp-link","status":"publish","type":"product","link":"https:\/\/mivoot.com\/gt\/producto\/conversor-de-medios-multimodo-a-10-100-mbps-mc100cm-tp-link\/","title":{"rendered":"Conversor de medios multimodo a 10\/100 Mbps MC100CM Tp-Link"},"content":{"rendered":"<h1 style=\"text-align: center\"><span style=\"color: #339966\"><strong>Qu\u00e9 hace este producto<\/strong><\/span><\/h1>\n<p style=\"text-align: center\">El MC100CM es un convertidor de medios de comunicaci\u00f3n dise\u00f1ado para convertir la fibra 100BASE-FX a los medios de cobre 100BASE-TX o viceversa. Dise\u00f1ado bajo las normas de IEEE 802.3u 10\/100Base-TX y 100Base-FX, el MC100CM est\u00e1 dise\u00f1ado para su uso con cables de fibra multi-modo y utiliza el conector tipo SC. El MC100CM es compatible con la especificaci\u00f3n l\u00e1ser de onda larga (LX) a una velocidad de transmisi\u00f3n de cable r\u00e1pida. Se trabaja en 1310 nm en los datos de transmisi\u00f3n y recepci\u00f3n.<\/p>\n<p style=\"text-align: center\">\n<p style=\"text-align: center\">Otras caracter\u00edsticas de este m\u00f3dulo incluyen la capacidad de ser utilizado como un dispositivo independiente (no requiere chasis) o con el chasis del sistema de 19\u201d TP-LINK, Auto MDI \/ MDI-X para el puerto TX, la negociaci\u00f3n autom\u00e1tica del modo de d\u00faplex en el puerto TX, y Luces sobre el estado en el panel frontal. El MC100CM transmitir\u00e1 a distancias extendidas de fibra \u00f3ptica que utilizan fibra multimodo de hasta 2 kil\u00f3metros.<\/p>\n","protected":false},"excerpt":{"rendered":"<p>&#8211; Protocolos: IEEE 802.3, IEEE 802.3u, IEEE 802.3x<br \/>\n&#8211; Interfaz: 1 puerto SC\/UPC 100M \/ 1 puerto RJ45 100M (Auto MDI \/ MDIX)<br \/>\n&#8211; Longitud de onda: 1310 nm<br \/>\n&#8211; Medios de red 10BASE-T:<br \/>\n Cable categor\u00eda 3, 4, 5 categor\u00eda UTP (m\u00e1ximo 100 m)<br \/>\n EIA\/TIA-568 100\u03a9 STP (m\u00e1ximo 100 m)<br \/>\n&#8211; Medios de red 100BASE-T:<br \/>\n Cable categor\u00eda 5, categor\u00eda 5e UTP (m\u00e1ximo 100 m)<br \/>\n EIA\/TIA-568 100\u03a9 STP (m\u00e1ximo 100 m)<br \/>\n&#8211; Medios de red 100BASE-FX: Fibra multimodo<br \/>\n&#8211; Dimensiones: (An x Pr x Al) 3,7 x 2,9 x 1,1 pulgadas (94,5 x 73,0 x 27,0 mm)<br \/>\n&#8211; Fuente de alimentaci\u00f3n: Adaptador externo de alimentaci\u00f3n<br \/>\n&#8211; Consumo m\u00e1ximo de energ\u00eda: 2,5 W<br \/>\n&#8211; CONDUJO: PWR, FDX\/Col, Enlace\/Acci\u00f3n, SPD3<br \/>\n&#8211; Seguridad y emisiones: FCC, CE, RoHS<\/p>\n","protected":false},"featured_media":30402,"comment_status":"open","ping_status":"closed","template":"","meta":{"jetpack_publicize_message":"","jetpack_publicize_feature_enabled":true,"jetpack_social_post_already_shared":true,"jetpack_social_options":{"image_generator_settings":{"template":"highway","default_image_id":0,"font":"","enabled":false},"version":2}},"pwb-brand":[320],"product_brand":[],"product_cat":[331,515],"product_tag":[],"class_list":{"0":"post-30400","1":"product","2":"type-product","3":"status-publish","4":"has-post-thumbnail","6":"pwb-brand-tp-link","7":"product_cat-redes-y-conexiones","8":"product_cat-redes-y-switch","10":"first","11":"instock","12":"taxable","13":"shipping-taxable","14":"purchasable","15":"product-type-simple"},"yoast_head":"<!-- This site is optimized with the Yoast SEO Premium plugin v25.7.1 (Yoast SEO v26.8) - https:\/\/yoast.com\/product\/yoast-seo-premium-wordpress\/ -->\n<title>Conversor de medios multimodo a 10\/100 Mbps MC100CM Tp-Link - Mivoot<\/title>\n<meta name=\"robots\" content=\"index, follow, max-snippet:-1, max-image-preview:large, max-video-preview:-1\" \/>\n<link rel=\"canonical\" href=\"https:\/\/mivoot.com\/gt\/producto\/conversor-de-medios-multimodo-a-10-100-mbps-mc100cm-tp-link\/\" \/>\n<meta property=\"og:locale\" content=\"es_ES\" \/>\n<meta property=\"og:type\" content=\"article\" \/>\n<meta property=\"og:title\" content=\"Conversor de medios multimodo a 10\/100 Mbps MC100CM Tp-Link\" \/>\n<meta property=\"og:description\" content=\"- Protocolos: IEEE 802.3, IEEE 802.3u, IEEE 802.3x - Interfaz: 1 puerto SC\/UPC 100M \/ 1 puerto RJ45 100M (Auto MDI \/ MDIX) - Longitud de onda: 1310 nm - Medios de red 10BASE-T:  Cable categor\u00eda 3, 4, 5 categor\u00eda UTP (m\u00e1ximo 100 m)  EIA\/TIA-568 100\u03a9 STP (m\u00e1ximo 100 m) - Medios de red 100BASE-T:  Cable categor\u00eda 5, categor\u00eda 5e UTP (m\u00e1ximo 100 m)  EIA\/TIA-568 100\u03a9 STP (m\u00e1ximo 100 m) - Medios de red 100BASE-FX: Fibra multimodo - Dimensiones: (An x Pr x Al) 3,7 x 2,9 x 1,1 pulgadas (94,5 x 73,0 x 27,0 mm) - Fuente de alimentaci\u00f3n: Adaptador externo de alimentaci\u00f3n - Consumo m\u00e1ximo de energ\u00eda: 2,5 W - CONDUJO: PWR, FDX\/Col, Enlace\/Acci\u00f3n, SPD3 - Seguridad y emisiones: FCC, CE, RoHS\" \/>\n<meta property=\"og:url\" content=\"https:\/\/mivoot.com\/gt\/producto\/conversor-de-medios-multimodo-a-10-100-mbps-mc100cm-tp-link\/\" \/>\n<meta property=\"og:site_name\" content=\"Mivoot\" \/>\n<meta property=\"article:publisher\" content=\"https:\/\/www.facebook.com\/mivootgt\" \/>\n<meta property=\"article:modified_time\" content=\"2025-09-29T22:18:02+00:00\" \/>\n<meta property=\"og:image\" content=\"https:\/\/mivoot.com\/gt\/wp-content\/uploads\/2025\/09\/MC100CM-ubiquiti-1200x1200-1.-700x700-1.jpg\" \/>\n\t<meta property=\"og:image:width\" content=\"700\" \/>\n\t<meta property=\"og:image:height\" content=\"700\" \/>\n\t<meta property=\"og:image:type\" content=\"image\/jpeg\" \/>\n<meta name=\"twitter:card\" content=\"summary_large_image\" \/>\n<meta name=\"twitter:label1\" content=\"Est. reading time\" \/>\n\t<meta name=\"twitter:data1\" content=\"1 minuto\" \/>\n<script type=\"application\/ld+json\" class=\"yoast-schema-graph\">{\"@context\":\"https:\/\/schema.org\",\"@graph\":[{\"@type\":\"WebPage\",\"@id\":\"https:\/\/mivoot.com\/gt\/producto\/conversor-de-medios-multimodo-a-10-100-mbps-mc100cm-tp-link\/\",\"url\":\"https:\/\/mivoot.com\/gt\/producto\/conversor-de-medios-multimodo-a-10-100-mbps-mc100cm-tp-link\/\",\"name\":\"Conversor de medios multimodo a 10\/100 Mbps MC100CM Tp-Link - Mivoot\",\"isPartOf\":{\"@id\":\"https:\/\/mivoot.com\/gt\/#website\"},\"primaryImageOfPage\":{\"@id\":\"https:\/\/mivoot.com\/gt\/producto\/conversor-de-medios-multimodo-a-10-100-mbps-mc100cm-tp-link\/#primaryimage\"},\"image\":{\"@id\":\"https:\/\/mivoot.com\/gt\/producto\/conversor-de-medios-multimodo-a-10-100-mbps-mc100cm-tp-link\/#primaryimage\"},\"thumbnailUrl\":\"https:\/\/mivoot.com\/gt\/wp-content\/uploads\/2025\/09\/MC100CM-ubiquiti-1200x1200-1.-700x700-1.jpg\",\"datePublished\":\"2025-09-26T23:53:34+00:00\",\"dateModified\":\"2025-09-29T22:18:02+00:00\",\"breadcrumb\":{\"@id\":\"https:\/\/mivoot.com\/gt\/producto\/conversor-de-medios-multimodo-a-10-100-mbps-mc100cm-tp-link\/#breadcrumb\"},\"inLanguage\":\"es\",\"potentialAction\":[{\"@type\":\"ReadAction\",\"target\":[\"https:\/\/mivoot.com\/gt\/producto\/conversor-de-medios-multimodo-a-10-100-mbps-mc100cm-tp-link\/\"]}]},{\"@type\":\"ImageObject\",\"inLanguage\":\"es\",\"@id\":\"https:\/\/mivoot.com\/gt\/producto\/conversor-de-medios-multimodo-a-10-100-mbps-mc100cm-tp-link\/#primaryimage\",\"url\":\"https:\/\/mivoot.com\/gt\/wp-content\/uploads\/2025\/09\/MC100CM-ubiquiti-1200x1200-1.-700x700-1.jpg\",\"contentUrl\":\"https:\/\/mivoot.com\/gt\/wp-content\/uploads\/2025\/09\/MC100CM-ubiquiti-1200x1200-1.-700x700-1.jpg\",\"width\":700,\"height\":700},{\"@type\":\"BreadcrumbList\",\"@id\":\"https:\/\/mivoot.com\/gt\/producto\/conversor-de-medios-multimodo-a-10-100-mbps-mc100cm-tp-link\/#breadcrumb\",\"itemListElement\":[{\"@type\":\"ListItem\",\"position\":1,\"name\":\"Inicio\",\"item\":\"https:\/\/mivoot.com\/gt\/\"},{\"@type\":\"ListItem\",\"position\":2,\"name\":\"Productos\",\"item\":\"https:\/\/mivoot.com\/gt\/producto\/\"},{\"@type\":\"ListItem\",\"position\":3,\"name\":\"TP-Link\",\"item\":\"https:\/\/mivoot.com\/gt\/marca\/tp-link\/\"},{\"@type\":\"ListItem\",\"position\":4,\"name\":\"Conversor de medios multimodo a 10\/100 Mbps MC100CM Tp-Link\"}]},{\"@type\":\"WebSite\",\"@id\":\"https:\/\/mivoot.com\/gt\/#website\",\"url\":\"https:\/\/mivoot.com\/gt\/\",\"name\":\"Mivoot\",\"description\":\"Mivoot Guatemala | Tienda Online\",\"publisher\":{\"@id\":\"https:\/\/mivoot.com\/gt\/#organization\"},\"alternateName\":\"mivoot\",\"potentialAction\":[{\"@type\":\"SearchAction\",\"target\":{\"@type\":\"EntryPoint\",\"urlTemplate\":\"https:\/\/mivoot.com\/gt\/?s={search_term_string}\"},\"query-input\":{\"@type\":\"PropertyValueSpecification\",\"valueRequired\":true,\"valueName\":\"search_term_string\"}}],\"inLanguage\":\"es\"},{\"@type\":\"Organization\",\"@id\":\"https:\/\/mivoot.com\/gt\/#organization\",\"name\":\"Mivoot Guatemala\",\"alternateName\":\"mivoot.com\",\"url\":\"https:\/\/mivoot.com\/gt\/\",\"logo\":{\"@type\":\"ImageObject\",\"inLanguage\":\"es\",\"@id\":\"https:\/\/mivoot.com\/gt\/#\/schema\/logo\/image\/\",\"url\":\"https:\/\/mivoot.com\/gt\/wp-content\/uploads\/2023\/03\/cropped-icon.png\",\"contentUrl\":\"https:\/\/mivoot.com\/gt\/wp-content\/uploads\/2023\/03\/cropped-icon.png\",\"width\":512,\"height\":512,\"caption\":\"Mivoot Guatemala\"},\"image\":{\"@id\":\"https:\/\/mivoot.com\/gt\/#\/schema\/logo\/image\/\"},\"sameAs\":[\"https:\/\/www.facebook.com\/mivootgt\",\"https:\/\/instagram.com\/mivoot\"]}]}<\/script>\n<!-- \/ Yoast SEO Premium plugin. -->","yoast_head_json":{"title":"Conversor de medios multimodo a 10\/100 Mbps MC100CM Tp-Link - Mivoot","robots":{"index":"index","follow":"follow","max-snippet":"max-snippet:-1","max-image-preview":"max-image-preview:large","max-video-preview":"max-video-preview:-1"},"canonical":"https:\/\/mivoot.com\/gt\/producto\/conversor-de-medios-multimodo-a-10-100-mbps-mc100cm-tp-link\/","og_locale":"es_ES","og_type":"article","og_title":"Conversor de medios multimodo a 10\/100 Mbps MC100CM Tp-Link","og_description":"- Protocolos: IEEE 802.3, IEEE 802.3u, IEEE 802.3x - Interfaz: 1 puerto SC\/UPC 100M \/ 1 puerto RJ45 100M (Auto MDI \/ MDIX) - Longitud de onda: 1310 nm - Medios de red 10BASE-T:  Cable categor\u00eda 3, 4, 5 categor\u00eda UTP (m\u00e1ximo 100 m)  EIA\/TIA-568 100\u03a9 STP (m\u00e1ximo 100 m) - Medios de red 100BASE-T:  Cable categor\u00eda 5, categor\u00eda 5e UTP (m\u00e1ximo 100 m)  EIA\/TIA-568 100\u03a9 STP (m\u00e1ximo 100 m) - Medios de red 100BASE-FX: Fibra multimodo - Dimensiones: (An x Pr x Al) 3,7 x 2,9 x 1,1 pulgadas (94,5 x 73,0 x 27,0 mm) - Fuente de alimentaci\u00f3n: Adaptador externo de alimentaci\u00f3n - Consumo m\u00e1ximo de energ\u00eda: 2,5 W - CONDUJO: PWR, FDX\/Col, Enlace\/Acci\u00f3n, SPD3 - Seguridad y emisiones: FCC, CE, RoHS","og_url":"https:\/\/mivoot.com\/gt\/producto\/conversor-de-medios-multimodo-a-10-100-mbps-mc100cm-tp-link\/","og_site_name":"Mivoot","article_publisher":"https:\/\/www.facebook.com\/mivootgt","article_modified_time":"2025-09-29T22:18:02+00:00","og_image":[{"width":700,"height":700,"url":"https:\/\/mivoot.com\/gt\/wp-content\/uploads\/2025\/09\/MC100CM-ubiquiti-1200x1200-1.-700x700-1.jpg","type":"image\/jpeg"}],"twitter_card":"summary_large_image","twitter_misc":{"Est. reading time":"1 minuto"},"schema":{"@context":"https:\/\/schema.org","@graph":[{"@type":"WebPage","@id":"https:\/\/mivoot.com\/gt\/producto\/conversor-de-medios-multimodo-a-10-100-mbps-mc100cm-tp-link\/","url":"https:\/\/mivoot.com\/gt\/producto\/conversor-de-medios-multimodo-a-10-100-mbps-mc100cm-tp-link\/","name":"Conversor de medios multimodo a 10\/100 Mbps MC100CM Tp-Link - Mivoot","isPartOf":{"@id":"https:\/\/mivoot.com\/gt\/#website"},"primaryImageOfPage":{"@id":"https:\/\/mivoot.com\/gt\/producto\/conversor-de-medios-multimodo-a-10-100-mbps-mc100cm-tp-link\/#primaryimage"},"image":{"@id":"https:\/\/mivoot.com\/gt\/producto\/conversor-de-medios-multimodo-a-10-100-mbps-mc100cm-tp-link\/#primaryimage"},"thumbnailUrl":"https:\/\/mivoot.com\/gt\/wp-content\/uploads\/2025\/09\/MC100CM-ubiquiti-1200x1200-1.-700x700-1.jpg","datePublished":"2025-09-26T23:53:34+00:00","dateModified":"2025-09-29T22:18:02+00:00","breadcrumb":{"@id":"https:\/\/mivoot.com\/gt\/producto\/conversor-de-medios-multimodo-a-10-100-mbps-mc100cm-tp-link\/#breadcrumb"},"inLanguage":"es","potentialAction":[{"@type":"ReadAction","target":["https:\/\/mivoot.com\/gt\/producto\/conversor-de-medios-multimodo-a-10-100-mbps-mc100cm-tp-link\/"]}]},{"@type":"ImageObject","inLanguage":"es","@id":"https:\/\/mivoot.com\/gt\/producto\/conversor-de-medios-multimodo-a-10-100-mbps-mc100cm-tp-link\/#primaryimage","url":"https:\/\/mivoot.com\/gt\/wp-content\/uploads\/2025\/09\/MC100CM-ubiquiti-1200x1200-1.-700x700-1.jpg","contentUrl":"https:\/\/mivoot.com\/gt\/wp-content\/uploads\/2025\/09\/MC100CM-ubiquiti-1200x1200-1.-700x700-1.jpg","width":700,"height":700},{"@type":"BreadcrumbList","@id":"https:\/\/mivoot.com\/gt\/producto\/conversor-de-medios-multimodo-a-10-100-mbps-mc100cm-tp-link\/#breadcrumb","itemListElement":[{"@type":"ListItem","position":1,"name":"Inicio","item":"https:\/\/mivoot.com\/gt\/"},{"@type":"ListItem","position":2,"name":"Productos","item":"https:\/\/mivoot.com\/gt\/producto\/"},{"@type":"ListItem","position":3,"name":"TP-Link","item":"https:\/\/mivoot.com\/gt\/marca\/tp-link\/"},{"@type":"ListItem","position":4,"name":"Conversor de medios multimodo a 10\/100 Mbps MC100CM Tp-Link"}]},{"@type":"WebSite","@id":"https:\/\/mivoot.com\/gt\/#website","url":"https:\/\/mivoot.com\/gt\/","name":"Mivoot","description":"Mivoot Guatemala | Tienda Online","publisher":{"@id":"https:\/\/mivoot.com\/gt\/#organization"},"alternateName":"mivoot","potentialAction":[{"@type":"SearchAction","target":{"@type":"EntryPoint","urlTemplate":"https:\/\/mivoot.com\/gt\/?s={search_term_string}"},"query-input":{"@type":"PropertyValueSpecification","valueRequired":true,"valueName":"search_term_string"}}],"inLanguage":"es"},{"@type":"Organization","@id":"https:\/\/mivoot.com\/gt\/#organization","name":"Mivoot Guatemala","alternateName":"mivoot.com","url":"https:\/\/mivoot.com\/gt\/","logo":{"@type":"ImageObject","inLanguage":"es","@id":"https:\/\/mivoot.com\/gt\/#\/schema\/logo\/image\/","url":"https:\/\/mivoot.com\/gt\/wp-content\/uploads\/2023\/03\/cropped-icon.png","contentUrl":"https:\/\/mivoot.com\/gt\/wp-content\/uploads\/2023\/03\/cropped-icon.png","width":512,"height":512,"caption":"Mivoot Guatemala"},"image":{"@id":"https:\/\/mivoot.com\/gt\/#\/schema\/logo\/image\/"},"sameAs":["https:\/\/www.facebook.com\/mivootgt","https:\/\/instagram.com\/mivoot"]}]}},"jetpack_publicize_connections":[],"jetpack_sharing_enabled":true,"brands":[{"id":320,"name":"TP-Link","slug":"tp-link"}],"_links":{"self":[{"href":"https:\/\/mivoot.com\/gt\/wp-json\/wp\/v2\/product\/30400","targetHints":{"allow":["GET"]}}],"collection":[{"href":"https:\/\/mivoot.com\/gt\/wp-json\/wp\/v2\/product"}],"about":[{"href":"https:\/\/mivoot.com\/gt\/wp-json\/wp\/v2\/types\/product"}],"replies":[{"embeddable":true,"href":"https:\/\/mivoot.com\/gt\/wp-json\/wp\/v2\/comments?post=30400"}],"version-history":[{"count":1,"href":"https:\/\/mivoot.com\/gt\/wp-json\/wp\/v2\/product\/30400\/revisions"}],"predecessor-version":[{"id":30403,"href":"https:\/\/mivoot.com\/gt\/wp-json\/wp\/v2\/product\/30400\/revisions\/30403"}],"wp:featuredmedia":[{"embeddable":true,"href":"https:\/\/mivoot.com\/gt\/wp-json\/wp\/v2\/media\/30402"}],"wp:attachment":[{"href":"https:\/\/mivoot.com\/gt\/wp-json\/wp\/v2\/media?parent=30400"}],"wp:term":[{"taxonomy":"pwb-brand","embeddable":true,"href":"https:\/\/mivoot.com\/gt\/wp-json\/wp\/v2\/pwb-brand?post=30400"},{"taxonomy":"product_brand","embeddable":true,"href":"https:\/\/mivoot.com\/gt\/wp-json\/wp\/v2\/product_brand?post=30400"},{"taxonomy":"product_cat","embeddable":true,"href":"https:\/\/mivoot.com\/gt\/wp-json\/wp\/v2\/product_cat?post=30400"},{"taxonomy":"product_tag","embeddable":true,"href":"https:\/\/mivoot.com\/gt\/wp-json\/wp\/v2\/product_tag?post=30400"}],"curies":[{"name":"wp","href":"https:\/\/api.w.org\/{rel}","templated":true}]}}