{"id":30419,"date":"2025-09-29T16:10:22","date_gmt":"2025-09-29T22:10:22","guid":{"rendered":"https:\/\/mivoot.com\/gt\/?post_type=product&#038;p=30419"},"modified":"2025-09-29T16:17:43","modified_gmt":"2025-09-29T22:17:43","slug":"convertidor-multimedia-wdm-de-10-100mbps-mc111cs-tp-link","status":"publish","type":"product","link":"https:\/\/mivoot.com\/gt\/producto\/convertidor-multimedia-wdm-de-10-100mbps-mc111cs-tp-link\/","title":{"rendered":"Convertidor Multimedia WDM de 10\/100Mbps MC111CS Tp-Link"},"content":{"rendered":"<h1><strong><span style=\"color: #008000\">Para qu\u00e9 sirve este producto<\/span><\/strong><\/h1>\n<p>El MC111CS es un conversor de medios dise\u00f1ado para convertir el cable de fibra 100BASE-FX a cable de cobre 100Base-TX o viceversa. El MC111CS incorpora la tecnolog\u00eda WDM mediante la cual \u00fanicamente es necesario un solo cable de fibra para transmitir y recibir datos, lo que permite ahorrar la mitad del coste en cables. El MC111CS est\u00e1 dise\u00f1ado siguiendo los est\u00e1ndares IEEE 802.3u 10\/100Base-TX y 100Base-FX y utiliza cable de fibra monomodo provisto de un conector tipo SC. El MC111CS soporta la especificaci\u00f3n de l\u00e1ser de onda larga (LX) a la m\u00e1xima velocidad de transmisi\u00f3n. Funciona a 1550 nm en el env\u00edo de datos y a 1310 nm en la recepci\u00f3n. De este modo, el dispositivo que funciona en conjunto con el MC111CS debe trabajar a 1310 nm en el env\u00edo de datos y 1550 nm en la recepci\u00f3n. El conversor de medios MC112CS de TP-LINK es s\u00f3lo uno de los dispositivos que pueden funcionar en conjunto con el MC111CS.<\/p>\n<p>Otras de las ventajas de este m\u00f3dulo es la posibilidad de utilizarlo de forma independiente (sin necesidad de carcasa) o con un chasis de 19&#8243; de TP-LINK. Adem\u00e1s, detecta autom\u00e1ticamente tanto el modo MDI\/MDI-X como el modo Duplex en el puerto TX e incluye leds de estado en su panel frontal. El MC111CS ampl\u00eda el rango de distancia de la transmisi\u00f3n \u00f3ptica hasta 15 kil\u00f3metros utilizando fibra monomodo.<\/p>\n<p>&nbsp;<\/p>\n<ul>\n<li>Compatible con los est\u00e1ndares 802.3u 10\/100 Base-TX, 100Base-FX<\/li>\n<li>El paso de enlace de fallas y errores minimizan oportunamente la p\u00e9rdida causada por la falla en el enlace<\/li>\n<li>Adopta la tecnolog\u00eda WDM, transmite y recibe datos en una sola fibra<\/li>\n<\/ul>\n<p>&nbsp;<\/p>\n<p>&nbsp;<\/p>\n","protected":false},"excerpt":{"rendered":"<p>&#8211; Est\u00e1ndares y protocolos: IEEE 802.3, IEEE 802.3u, IEEE 802.3x<br \/>\n&#8211; Puertos: 1 100M SC\/UPC port  \/ 1 100M RJ45 port (Auto MDI\/MDIX)<br \/>\n&#8211; Longitud de onda: 1550nm Tx\/1310nm Rx<br \/>\n&#8211; WDM TX: 1550nm<br \/>\n&#8211; WDM RX: 1310nm<br \/>\n&#8211; Medios de red 10BASE-T: UTP category 3, 4, 5 cable (maximum 100m) \/ EIA\/TIA-568 100\u03a9 STP (maximum 100m)<br \/>\n&#8211; Medios de red 100BASE-T: UTP category 5, 5e cable (maximum 100m) \/ EIA\/TIA-568 100\u03a9 STP (maximum 100m)<br \/>\n&#8211; Medios de red 100BASE-FX: Single-mode Fiber<br \/>\n&#8211; Dimensiones (Al x An x Pr): 3.7*2.9*1.1 in. (94.5*73.0*27.0 mm)<br \/>\n&#8211; Fuente de alimentaci\u00f3n: External Power Adapter<br \/>\n&#8211; Consumo m\u00e1ximo de energ\u00eda: 2.49W<br \/>\n&#8211; Seguridad y emisi\u00f3n: FCC, CE, RoHS<\/p>\n","protected":false},"featured_media":30422,"comment_status":"open","ping_status":"closed","template":"","meta":{"jetpack_publicize_message":"","jetpack_publicize_feature_enabled":true,"jetpack_social_post_already_shared":true,"jetpack_social_options":{"image_generator_settings":{"template":"highway","default_image_id":0,"font":"","enabled":false},"version":2}},"pwb-brand":[320],"product_brand":[],"product_cat":[331,515],"product_tag":[],"class_list":{"0":"post-30419","1":"product","2":"type-product","3":"status-publish","4":"has-post-thumbnail","6":"pwb-brand-tp-link","7":"product_cat-redes-y-conexiones","8":"product_cat-redes-y-switch","10":"first","11":"instock","12":"taxable","13":"shipping-taxable","14":"purchasable","15":"product-type-simple"},"yoast_head":"<!-- This site is optimized with the Yoast SEO Premium plugin v25.7.1 (Yoast SEO v26.8) - https:\/\/yoast.com\/product\/yoast-seo-premium-wordpress\/ -->\n<title>Convertidor Multimedia WDM de 10\/100Mbps MC111CS Tp-Link - Mivoot<\/title>\n<meta name=\"robots\" content=\"index, follow, max-snippet:-1, max-image-preview:large, max-video-preview:-1\" \/>\n<link rel=\"canonical\" href=\"https:\/\/mivoot.com\/gt\/producto\/convertidor-multimedia-wdm-de-10-100mbps-mc111cs-tp-link\/\" \/>\n<meta property=\"og:locale\" content=\"es_ES\" \/>\n<meta property=\"og:type\" content=\"article\" \/>\n<meta property=\"og:title\" content=\"Convertidor Multimedia WDM de 10\/100Mbps MC111CS Tp-Link\" \/>\n<meta property=\"og:description\" content=\"- Est\u00e1ndares y protocolos: IEEE 802.3, IEEE 802.3u, IEEE 802.3x - Puertos: 1 100M SC\/UPC port \/ 1 100M RJ45 port (Auto MDI\/MDIX) - Longitud de onda: 1550nm Tx\/1310nm Rx - WDM TX: 1550nm - WDM RX: 1310nm - Medios de red 10BASE-T: UTP category 3, 4, 5 cable (maximum 100m) \/ EIA\/TIA-568 100\u03a9 STP (maximum 100m) - Medios de red 100BASE-T: UTP category 5, 5e cable (maximum 100m) \/ EIA\/TIA-568 100\u03a9 STP (maximum 100m) - Medios de red 100BASE-FX: Single-mode Fiber - Dimensiones (Al x An x Pr): 3.7*2.9*1.1 in. (94.5*73.0*27.0 mm) - Fuente de alimentaci\u00f3n: External Power Adapter - Consumo m\u00e1ximo de energ\u00eda: 2.49W - Seguridad y emisi\u00f3n: FCC, CE, RoHS\" \/>\n<meta property=\"og:url\" content=\"https:\/\/mivoot.com\/gt\/producto\/convertidor-multimedia-wdm-de-10-100mbps-mc111cs-tp-link\/\" \/>\n<meta property=\"og:site_name\" content=\"Mivoot\" \/>\n<meta property=\"article:publisher\" content=\"https:\/\/www.facebook.com\/mivootgt\" \/>\n<meta property=\"article:modified_time\" content=\"2025-09-29T22:17:43+00:00\" \/>\n<meta property=\"og:image\" content=\"https:\/\/mivoot.com\/gt\/wp-content\/uploads\/2025\/09\/MC111CS-02.jpg\" \/>\n\t<meta property=\"og:image:width\" content=\"590\" \/>\n\t<meta property=\"og:image:height\" content=\"443\" \/>\n\t<meta property=\"og:image:type\" content=\"image\/jpeg\" \/>\n<meta name=\"twitter:card\" content=\"summary_large_image\" \/>\n<meta name=\"twitter:label1\" content=\"Est. reading time\" \/>\n\t<meta name=\"twitter:data1\" content=\"2 minutos\" \/>\n<script type=\"application\/ld+json\" class=\"yoast-schema-graph\">{\"@context\":\"https:\/\/schema.org\",\"@graph\":[{\"@type\":\"WebPage\",\"@id\":\"https:\/\/mivoot.com\/gt\/producto\/convertidor-multimedia-wdm-de-10-100mbps-mc111cs-tp-link\/\",\"url\":\"https:\/\/mivoot.com\/gt\/producto\/convertidor-multimedia-wdm-de-10-100mbps-mc111cs-tp-link\/\",\"name\":\"Convertidor Multimedia WDM de 10\/100Mbps MC111CS Tp-Link - Mivoot\",\"isPartOf\":{\"@id\":\"https:\/\/mivoot.com\/gt\/#website\"},\"primaryImageOfPage\":{\"@id\":\"https:\/\/mivoot.com\/gt\/producto\/convertidor-multimedia-wdm-de-10-100mbps-mc111cs-tp-link\/#primaryimage\"},\"image\":{\"@id\":\"https:\/\/mivoot.com\/gt\/producto\/convertidor-multimedia-wdm-de-10-100mbps-mc111cs-tp-link\/#primaryimage\"},\"thumbnailUrl\":\"https:\/\/mivoot.com\/gt\/wp-content\/uploads\/2025\/09\/MC111CS-02.jpg\",\"datePublished\":\"2025-09-29T22:10:22+00:00\",\"dateModified\":\"2025-09-29T22:17:43+00:00\",\"breadcrumb\":{\"@id\":\"https:\/\/mivoot.com\/gt\/producto\/convertidor-multimedia-wdm-de-10-100mbps-mc111cs-tp-link\/#breadcrumb\"},\"inLanguage\":\"es\",\"potentialAction\":[{\"@type\":\"ReadAction\",\"target\":[\"https:\/\/mivoot.com\/gt\/producto\/convertidor-multimedia-wdm-de-10-100mbps-mc111cs-tp-link\/\"]}]},{\"@type\":\"ImageObject\",\"inLanguage\":\"es\",\"@id\":\"https:\/\/mivoot.com\/gt\/producto\/convertidor-multimedia-wdm-de-10-100mbps-mc111cs-tp-link\/#primaryimage\",\"url\":\"https:\/\/mivoot.com\/gt\/wp-content\/uploads\/2025\/09\/MC111CS-02.jpg\",\"contentUrl\":\"https:\/\/mivoot.com\/gt\/wp-content\/uploads\/2025\/09\/MC111CS-02.jpg\",\"width\":590,\"height\":443},{\"@type\":\"BreadcrumbList\",\"@id\":\"https:\/\/mivoot.com\/gt\/producto\/convertidor-multimedia-wdm-de-10-100mbps-mc111cs-tp-link\/#breadcrumb\",\"itemListElement\":[{\"@type\":\"ListItem\",\"position\":1,\"name\":\"Inicio\",\"item\":\"https:\/\/mivoot.com\/gt\/\"},{\"@type\":\"ListItem\",\"position\":2,\"name\":\"Productos\",\"item\":\"https:\/\/mivoot.com\/gt\/producto\/\"},{\"@type\":\"ListItem\",\"position\":3,\"name\":\"TP-Link\",\"item\":\"https:\/\/mivoot.com\/gt\/marca\/tp-link\/\"},{\"@type\":\"ListItem\",\"position\":4,\"name\":\"Convertidor Multimedia WDM de 10\/100Mbps MC111CS Tp-Link\"}]},{\"@type\":\"WebSite\",\"@id\":\"https:\/\/mivoot.com\/gt\/#website\",\"url\":\"https:\/\/mivoot.com\/gt\/\",\"name\":\"Mivoot\",\"description\":\"Mivoot Guatemala | Tienda Online\",\"publisher\":{\"@id\":\"https:\/\/mivoot.com\/gt\/#organization\"},\"alternateName\":\"mivoot\",\"potentialAction\":[{\"@type\":\"SearchAction\",\"target\":{\"@type\":\"EntryPoint\",\"urlTemplate\":\"https:\/\/mivoot.com\/gt\/?s={search_term_string}\"},\"query-input\":{\"@type\":\"PropertyValueSpecification\",\"valueRequired\":true,\"valueName\":\"search_term_string\"}}],\"inLanguage\":\"es\"},{\"@type\":\"Organization\",\"@id\":\"https:\/\/mivoot.com\/gt\/#organization\",\"name\":\"Mivoot Guatemala\",\"alternateName\":\"mivoot.com\",\"url\":\"https:\/\/mivoot.com\/gt\/\",\"logo\":{\"@type\":\"ImageObject\",\"inLanguage\":\"es\",\"@id\":\"https:\/\/mivoot.com\/gt\/#\/schema\/logo\/image\/\",\"url\":\"https:\/\/mivoot.com\/gt\/wp-content\/uploads\/2023\/03\/cropped-icon.png\",\"contentUrl\":\"https:\/\/mivoot.com\/gt\/wp-content\/uploads\/2023\/03\/cropped-icon.png\",\"width\":512,\"height\":512,\"caption\":\"Mivoot Guatemala\"},\"image\":{\"@id\":\"https:\/\/mivoot.com\/gt\/#\/schema\/logo\/image\/\"},\"sameAs\":[\"https:\/\/www.facebook.com\/mivootgt\",\"https:\/\/instagram.com\/mivoot\"]}]}<\/script>\n<!-- \/ Yoast SEO Premium plugin. -->","yoast_head_json":{"title":"Convertidor Multimedia WDM de 10\/100Mbps MC111CS Tp-Link - Mivoot","robots":{"index":"index","follow":"follow","max-snippet":"max-snippet:-1","max-image-preview":"max-image-preview:large","max-video-preview":"max-video-preview:-1"},"canonical":"https:\/\/mivoot.com\/gt\/producto\/convertidor-multimedia-wdm-de-10-100mbps-mc111cs-tp-link\/","og_locale":"es_ES","og_type":"article","og_title":"Convertidor Multimedia WDM de 10\/100Mbps MC111CS Tp-Link","og_description":"- Est\u00e1ndares y protocolos: IEEE 802.3, IEEE 802.3u, IEEE 802.3x - Puertos: 1 100M SC\/UPC port \/ 1 100M RJ45 port (Auto MDI\/MDIX) - Longitud de onda: 1550nm Tx\/1310nm Rx - WDM TX: 1550nm - WDM RX: 1310nm - Medios de red 10BASE-T: UTP category 3, 4, 5 cable (maximum 100m) \/ EIA\/TIA-568 100\u03a9 STP (maximum 100m) - Medios de red 100BASE-T: UTP category 5, 5e cable (maximum 100m) \/ EIA\/TIA-568 100\u03a9 STP (maximum 100m) - Medios de red 100BASE-FX: Single-mode Fiber - Dimensiones (Al x An x Pr): 3.7*2.9*1.1 in. (94.5*73.0*27.0 mm) - Fuente de alimentaci\u00f3n: External Power Adapter - Consumo m\u00e1ximo de energ\u00eda: 2.49W - Seguridad y emisi\u00f3n: FCC, CE, RoHS","og_url":"https:\/\/mivoot.com\/gt\/producto\/convertidor-multimedia-wdm-de-10-100mbps-mc111cs-tp-link\/","og_site_name":"Mivoot","article_publisher":"https:\/\/www.facebook.com\/mivootgt","article_modified_time":"2025-09-29T22:17:43+00:00","og_image":[{"width":590,"height":443,"url":"https:\/\/mivoot.com\/gt\/wp-content\/uploads\/2025\/09\/MC111CS-02.jpg","type":"image\/jpeg"}],"twitter_card":"summary_large_image","twitter_misc":{"Est. reading time":"2 minutos"},"schema":{"@context":"https:\/\/schema.org","@graph":[{"@type":"WebPage","@id":"https:\/\/mivoot.com\/gt\/producto\/convertidor-multimedia-wdm-de-10-100mbps-mc111cs-tp-link\/","url":"https:\/\/mivoot.com\/gt\/producto\/convertidor-multimedia-wdm-de-10-100mbps-mc111cs-tp-link\/","name":"Convertidor Multimedia WDM de 10\/100Mbps MC111CS Tp-Link - Mivoot","isPartOf":{"@id":"https:\/\/mivoot.com\/gt\/#website"},"primaryImageOfPage":{"@id":"https:\/\/mivoot.com\/gt\/producto\/convertidor-multimedia-wdm-de-10-100mbps-mc111cs-tp-link\/#primaryimage"},"image":{"@id":"https:\/\/mivoot.com\/gt\/producto\/convertidor-multimedia-wdm-de-10-100mbps-mc111cs-tp-link\/#primaryimage"},"thumbnailUrl":"https:\/\/mivoot.com\/gt\/wp-content\/uploads\/2025\/09\/MC111CS-02.jpg","datePublished":"2025-09-29T22:10:22+00:00","dateModified":"2025-09-29T22:17:43+00:00","breadcrumb":{"@id":"https:\/\/mivoot.com\/gt\/producto\/convertidor-multimedia-wdm-de-10-100mbps-mc111cs-tp-link\/#breadcrumb"},"inLanguage":"es","potentialAction":[{"@type":"ReadAction","target":["https:\/\/mivoot.com\/gt\/producto\/convertidor-multimedia-wdm-de-10-100mbps-mc111cs-tp-link\/"]}]},{"@type":"ImageObject","inLanguage":"es","@id":"https:\/\/mivoot.com\/gt\/producto\/convertidor-multimedia-wdm-de-10-100mbps-mc111cs-tp-link\/#primaryimage","url":"https:\/\/mivoot.com\/gt\/wp-content\/uploads\/2025\/09\/MC111CS-02.jpg","contentUrl":"https:\/\/mivoot.com\/gt\/wp-content\/uploads\/2025\/09\/MC111CS-02.jpg","width":590,"height":443},{"@type":"BreadcrumbList","@id":"https:\/\/mivoot.com\/gt\/producto\/convertidor-multimedia-wdm-de-10-100mbps-mc111cs-tp-link\/#breadcrumb","itemListElement":[{"@type":"ListItem","position":1,"name":"Inicio","item":"https:\/\/mivoot.com\/gt\/"},{"@type":"ListItem","position":2,"name":"Productos","item":"https:\/\/mivoot.com\/gt\/producto\/"},{"@type":"ListItem","position":3,"name":"TP-Link","item":"https:\/\/mivoot.com\/gt\/marca\/tp-link\/"},{"@type":"ListItem","position":4,"name":"Convertidor Multimedia WDM de 10\/100Mbps MC111CS Tp-Link"}]},{"@type":"WebSite","@id":"https:\/\/mivoot.com\/gt\/#website","url":"https:\/\/mivoot.com\/gt\/","name":"Mivoot","description":"Mivoot Guatemala | Tienda Online","publisher":{"@id":"https:\/\/mivoot.com\/gt\/#organization"},"alternateName":"mivoot","potentialAction":[{"@type":"SearchAction","target":{"@type":"EntryPoint","urlTemplate":"https:\/\/mivoot.com\/gt\/?s={search_term_string}"},"query-input":{"@type":"PropertyValueSpecification","valueRequired":true,"valueName":"search_term_string"}}],"inLanguage":"es"},{"@type":"Organization","@id":"https:\/\/mivoot.com\/gt\/#organization","name":"Mivoot Guatemala","alternateName":"mivoot.com","url":"https:\/\/mivoot.com\/gt\/","logo":{"@type":"ImageObject","inLanguage":"es","@id":"https:\/\/mivoot.com\/gt\/#\/schema\/logo\/image\/","url":"https:\/\/mivoot.com\/gt\/wp-content\/uploads\/2023\/03\/cropped-icon.png","contentUrl":"https:\/\/mivoot.com\/gt\/wp-content\/uploads\/2023\/03\/cropped-icon.png","width":512,"height":512,"caption":"Mivoot Guatemala"},"image":{"@id":"https:\/\/mivoot.com\/gt\/#\/schema\/logo\/image\/"},"sameAs":["https:\/\/www.facebook.com\/mivootgt","https:\/\/instagram.com\/mivoot"]}]}},"jetpack_publicize_connections":[],"jetpack_sharing_enabled":true,"brands":[{"id":320,"name":"TP-Link","slug":"tp-link"}],"_links":{"self":[{"href":"https:\/\/mivoot.com\/gt\/wp-json\/wp\/v2\/product\/30419","targetHints":{"allow":["GET"]}}],"collection":[{"href":"https:\/\/mivoot.com\/gt\/wp-json\/wp\/v2\/product"}],"about":[{"href":"https:\/\/mivoot.com\/gt\/wp-json\/wp\/v2\/types\/product"}],"replies":[{"embeddable":true,"href":"https:\/\/mivoot.com\/gt\/wp-json\/wp\/v2\/comments?post=30419"}],"version-history":[{"count":1,"href":"https:\/\/mivoot.com\/gt\/wp-json\/wp\/v2\/product\/30419\/revisions"}],"predecessor-version":[{"id":30423,"href":"https:\/\/mivoot.com\/gt\/wp-json\/wp\/v2\/product\/30419\/revisions\/30423"}],"wp:featuredmedia":[{"embeddable":true,"href":"https:\/\/mivoot.com\/gt\/wp-json\/wp\/v2\/media\/30422"}],"wp:attachment":[{"href":"https:\/\/mivoot.com\/gt\/wp-json\/wp\/v2\/media?parent=30419"}],"wp:term":[{"taxonomy":"pwb-brand","embeddable":true,"href":"https:\/\/mivoot.com\/gt\/wp-json\/wp\/v2\/pwb-brand?post=30419"},{"taxonomy":"product_brand","embeddable":true,"href":"https:\/\/mivoot.com\/gt\/wp-json\/wp\/v2\/product_brand?post=30419"},{"taxonomy":"product_cat","embeddable":true,"href":"https:\/\/mivoot.com\/gt\/wp-json\/wp\/v2\/product_cat?post=30419"},{"taxonomy":"product_tag","embeddable":true,"href":"https:\/\/mivoot.com\/gt\/wp-json\/wp\/v2\/product_tag?post=30419"}],"curies":[{"name":"wp","href":"https:\/\/api.w.org\/{rel}","templated":true}]}}