{"id":30452,"date":"2025-09-29T17:45:59","date_gmt":"2025-09-29T23:45:59","guid":{"rendered":"https:\/\/mivoot.com\/gt\/?post_type=product&#038;p=30452"},"modified":"2025-09-29T17:46:00","modified_gmt":"2025-09-29T23:46:00","slug":"audifonos-bluetooth-tws-bass-negro-anker-p25i-soundcore","status":"publish","type":"product","link":"https:\/\/mivoot.com\/gt\/producto\/audifonos-bluetooth-tws-bass-negro-anker-p25i-soundcore\/","title":{"rendered":"Aud\u00edfonos Bluetooth TWS Bass Negro Anker P25i Soundcore"},"content":{"rendered":"<div class=\"title-product\">\n<h1 style=\"text-align: center;\">Aud\u00edfonos Inal\u00e1mbricos Anker Soundcore P25i Wireless, Bluetooth TWS Bass, Color Negro<\/h1>\n<ul>\n<li>Autonom\u00eda extendida: hasta 30 horas combinando aud\u00edfonos y estuche de carga, ideal para uso diario prolongado.<\/li>\n<li>Conectividad avanzada: Bluetooth 5.3 asegura conexi\u00f3n estable, r\u00e1pida y con bajo consumo de energ\u00eda.<\/li>\n<li>Dise\u00f1o resistente: con certificaci\u00f3n IPX5, soporta sudor y salpicaduras, perfecto para entrenamientos o uso al aire libre.<\/li>\n<li>Versatilidad y control: integra botones para m\u00fasica, llamadas y asistente virtual, adem\u00e1s de compatibilidad con la app Soundcore para personalizar la experiencia.<\/li>\n<li>Llamadas n\u00edtidas con IA: 2 micr\u00f3fonos y procesamiento de IA garantizan que su voz se escuche con una claridad n\u00edtida.<\/li>\n<li>Carga r\u00e1pida: Una carga r\u00e1pida de 10 minutos le brinda a tus auriculares 2 horas adicionales de tiempo de reproducci\u00f3n.<\/li>\n<li>Modo de auricular \u00fanico: Deja un o\u00eddo libre para escuchar lo que te rodea mientras escuchas audio con el otro. Un auricular individual puede reproducir audio mientras el otro permanece en el estuche.<\/li>\n<\/ul>\n<p><img decoding=\"async\" src=\"https:\/\/content.syndigo.com\/asset\/f840e558-eacf-4de3-af33-5aca4513c5d4\/1464.webp\" \/><\/p>\n<p><center><br \/>\n<img fetchpriority=\"high\" decoding=\"async\" class=\"alignnone wp-image-30459\" src=\"https:\/\/mivoot.com\/gt\/wp-content\/uploads\/2025\/09\/A3949Z11-ANKER-1200X1200-5.-700x700-1.jpg\" alt=\"\" width=\"491\" height=\"491\" srcset=\"https:\/\/mivoot.com\/gt\/wp-content\/uploads\/2025\/09\/A3949Z11-ANKER-1200X1200-5.-700x700-1.jpg 700w, https:\/\/mivoot.com\/gt\/wp-content\/uploads\/2025\/09\/A3949Z11-ANKER-1200X1200-5.-700x700-1-250x250.jpg 250w, https:\/\/mivoot.com\/gt\/wp-content\/uploads\/2025\/09\/A3949Z11-ANKER-1200X1200-5.-700x700-1-100x100.jpg 100w, https:\/\/mivoot.com\/gt\/wp-content\/uploads\/2025\/09\/A3949Z11-ANKER-1200X1200-5.-700x700-1-410x410.jpg 410w, https:\/\/mivoot.com\/gt\/wp-content\/uploads\/2025\/09\/A3949Z11-ANKER-1200X1200-5.-700x700-1-64x64.jpg 64w, https:\/\/mivoot.com\/gt\/wp-content\/uploads\/2025\/09\/A3949Z11-ANKER-1200X1200-5.-700x700-1-300x300.jpg 300w, https:\/\/mivoot.com\/gt\/wp-content\/uploads\/2025\/09\/A3949Z11-ANKER-1200X1200-5.-700x700-1-150x150.jpg 150w, https:\/\/mivoot.com\/gt\/wp-content\/uploads\/2025\/09\/A3949Z11-ANKER-1200X1200-5.-700x700-1-12x12.jpg 12w, https:\/\/mivoot.com\/gt\/wp-content\/uploads\/2025\/09\/A3949Z11-ANKER-1200X1200-5.-700x700-1-600x600.jpg 600w, https:\/\/mivoot.com\/gt\/wp-content\/uploads\/2025\/09\/A3949Z11-ANKER-1200X1200-5.-700x700-1-50x50.jpg 50w\" sizes=\"(max-width: 491px) 100vw, 491px\" \/> <img decoding=\"async\" class=\"alignnone wp-image-30460\" src=\"https:\/\/mivoot.com\/gt\/wp-content\/uploads\/2025\/09\/A3949Z11-ANKER-1200X1200-6.-700x700-1.jpg\" alt=\"\" width=\"479\" height=\"479\" srcset=\"https:\/\/mivoot.com\/gt\/wp-content\/uploads\/2025\/09\/A3949Z11-ANKER-1200X1200-6.-700x700-1.jpg 700w, https:\/\/mivoot.com\/gt\/wp-content\/uploads\/2025\/09\/A3949Z11-ANKER-1200X1200-6.-700x700-1-250x250.jpg 250w, https:\/\/mivoot.com\/gt\/wp-content\/uploads\/2025\/09\/A3949Z11-ANKER-1200X1200-6.-700x700-1-100x100.jpg 100w, https:\/\/mivoot.com\/gt\/wp-content\/uploads\/2025\/09\/A3949Z11-ANKER-1200X1200-6.-700x700-1-410x410.jpg 410w, https:\/\/mivoot.com\/gt\/wp-content\/uploads\/2025\/09\/A3949Z11-ANKER-1200X1200-6.-700x700-1-64x64.jpg 64w, https:\/\/mivoot.com\/gt\/wp-content\/uploads\/2025\/09\/A3949Z11-ANKER-1200X1200-6.-700x700-1-300x300.jpg 300w, https:\/\/mivoot.com\/gt\/wp-content\/uploads\/2025\/09\/A3949Z11-ANKER-1200X1200-6.-700x700-1-150x150.jpg 150w, https:\/\/mivoot.com\/gt\/wp-content\/uploads\/2025\/09\/A3949Z11-ANKER-1200X1200-6.-700x700-1-12x12.jpg 12w, https:\/\/mivoot.com\/gt\/wp-content\/uploads\/2025\/09\/A3949Z11-ANKER-1200X1200-6.-700x700-1-600x600.jpg 600w, https:\/\/mivoot.com\/gt\/wp-content\/uploads\/2025\/09\/A3949Z11-ANKER-1200X1200-6.-700x700-1-50x50.jpg 50w\" sizes=\"(max-width: 479px) 100vw, 479px\" \/><img decoding=\"async\" class=\"alignnone wp-image-30461\" src=\"https:\/\/mivoot.com\/gt\/wp-content\/uploads\/2025\/09\/A3949Z11-1200x1200-2.-700x700-1.jpg\" alt=\"\" width=\"472\" height=\"472\" srcset=\"https:\/\/mivoot.com\/gt\/wp-content\/uploads\/2025\/09\/A3949Z11-1200x1200-2.-700x700-1.jpg 700w, https:\/\/mivoot.com\/gt\/wp-content\/uploads\/2025\/09\/A3949Z11-1200x1200-2.-700x700-1-250x250.jpg 250w, https:\/\/mivoot.com\/gt\/wp-content\/uploads\/2025\/09\/A3949Z11-1200x1200-2.-700x700-1-100x100.jpg 100w, https:\/\/mivoot.com\/gt\/wp-content\/uploads\/2025\/09\/A3949Z11-1200x1200-2.-700x700-1-410x410.jpg 410w, https:\/\/mivoot.com\/gt\/wp-content\/uploads\/2025\/09\/A3949Z11-1200x1200-2.-700x700-1-64x64.jpg 64w, https:\/\/mivoot.com\/gt\/wp-content\/uploads\/2025\/09\/A3949Z11-1200x1200-2.-700x700-1-300x300.jpg 300w, https:\/\/mivoot.com\/gt\/wp-content\/uploads\/2025\/09\/A3949Z11-1200x1200-2.-700x700-1-150x150.jpg 150w, https:\/\/mivoot.com\/gt\/wp-content\/uploads\/2025\/09\/A3949Z11-1200x1200-2.-700x700-1-12x12.jpg 12w, https:\/\/mivoot.com\/gt\/wp-content\/uploads\/2025\/09\/A3949Z11-1200x1200-2.-700x700-1-600x600.jpg 600w, https:\/\/mivoot.com\/gt\/wp-content\/uploads\/2025\/09\/A3949Z11-1200x1200-2.-700x700-1-50x50.jpg 50w\" sizes=\"(max-width: 472px) 100vw, 472px\" \/> <img loading=\"lazy\" decoding=\"async\" class=\"alignnone wp-image-30462\" src=\"https:\/\/mivoot.com\/gt\/wp-content\/uploads\/2025\/09\/A3949Z11-1200x1200-3.-700x700-1.jpg\" alt=\"\" width=\"442\" height=\"442\" srcset=\"https:\/\/mivoot.com\/gt\/wp-content\/uploads\/2025\/09\/A3949Z11-1200x1200-3.-700x700-1.jpg 700w, https:\/\/mivoot.com\/gt\/wp-content\/uploads\/2025\/09\/A3949Z11-1200x1200-3.-700x700-1-250x250.jpg 250w, https:\/\/mivoot.com\/gt\/wp-content\/uploads\/2025\/09\/A3949Z11-1200x1200-3.-700x700-1-100x100.jpg 100w, https:\/\/mivoot.com\/gt\/wp-content\/uploads\/2025\/09\/A3949Z11-1200x1200-3.-700x700-1-410x410.jpg 410w, https:\/\/mivoot.com\/gt\/wp-content\/uploads\/2025\/09\/A3949Z11-1200x1200-3.-700x700-1-64x64.jpg 64w, https:\/\/mivoot.com\/gt\/wp-content\/uploads\/2025\/09\/A3949Z11-1200x1200-3.-700x700-1-300x300.jpg 300w, https:\/\/mivoot.com\/gt\/wp-content\/uploads\/2025\/09\/A3949Z11-1200x1200-3.-700x700-1-150x150.jpg 150w, https:\/\/mivoot.com\/gt\/wp-content\/uploads\/2025\/09\/A3949Z11-1200x1200-3.-700x700-1-12x12.jpg 12w, https:\/\/mivoot.com\/gt\/wp-content\/uploads\/2025\/09\/A3949Z11-1200x1200-3.-700x700-1-600x600.jpg 600w, https:\/\/mivoot.com\/gt\/wp-content\/uploads\/2025\/09\/A3949Z11-1200x1200-3.-700x700-1-50x50.jpg 50w\" sizes=\"(max-width: 442px) 100vw, 442px\" \/><\/center><center><img decoding=\"async\" class=\"aligncenter lazy-load-active\" title=\"Auriculares Soundcore P25i de Anker 14\" src=\"https:\/\/m.media-amazon.com\/images\/S\/aplus-media-library-service-media\/bcf60b27-3321-4b1d-8469-ea27a413ffad.__CR0,0,970,600_PT0_SX970_V1___.jpg\" alt=\"Anker Soundcore, auriculares Soundcore, Soundcore TWS, Soundcore P25i\" data-src=\"https:\/\/m.media-amazon.com\/images\/S\/aplus-media-library-service-media\/bcf60b27-3321-4b1d-8469-ea27a413ffad.__CR0,0,970,600_PT0_SX970_V1___.jpg\" \/><\/p>\n<h3><span dir=\"auto\">Resistente al agua IPX5<\/span><\/h3>\n<p><span dir=\"auto\">Los auriculares verdaderamente inal\u00e1mbricos Soundcore P25i est\u00e1n protegidos contra el agua, por lo que puedes usarlos durante los entrenamientos y al aire libre, sin importar el clima.<\/span><\/p>\n<h3><span dir=\"auto\">Controladores grandes de 10 mm<\/span><\/h3>\n<p><span dir=\"auto\">Los controladores producen un sonido potente con graves impactantes.<\/span><\/p>\n<h3><span dir=\"auto\">22 ecualizadores preestablecidos<\/span><\/h3>\n<p><span dir=\"auto\">Elige c\u00f3mo quieres escuchar tu m\u00fasica en la aplicaci\u00f3n Soundcore.<\/span><\/p>\n<h3><span dir=\"auto\">Ajuste ergon\u00f3mico y ligero<\/span><\/h3>\n<p><span dir=\"auto\">Los peque\u00f1os auriculares son ligeros y c\u00f3modos para largas sesiones de escucha. Se guardan en un peque\u00f1o estuche con cord\u00f3n para guardarlos y transportarlos c\u00f3modamente.<\/span><\/p>\n<h3><span dir=\"auto\">Tiempo de juego todo el d\u00eda<\/span><\/h3>\n<p><span dir=\"auto\">Obt\u00e9n 10 horas de reproducci\u00f3n con una sola carga y mante<\/span><\/p>\n<p><\/center>&nbsp;<\/p>\n<\/div>\n","protected":false},"excerpt":{"rendered":"<p>&#8211; Dise\u00f1o verdaderamente inal\u00e1mbrico y sin cables<br \/>\n&#8211; Controladores de 10 mm con graves potentes<br \/>\n&#8211; Tecnolog\u00eda inal\u00e1mbrica Bluetooth 5.3<br \/>\n&#8211; Alcance: 10 m (32,8 ft)<br \/>\n&#8211; App m\u00f3vil: S\u00ed, Soundcore (Android e iOS)<br \/>\n&#8211; 22 ecualizadores preestablecidos a trav\u00e9s de la aplicaci\u00f3n<br \/>\n&#8211; Obt\u00e9n 10 horas de reproducci\u00f3n con una sola carga<br \/>\n&#8211; mantente encendido durante 30 horas en total con el estuche.<br \/>\n&#8211; 2 micr\u00f3fonos y procesamiento de inteligencia artificial garantizan que su voz se escuche con total claridad.<br \/>\n&#8211; Una carga r\u00e1pida de 10 minutos<br \/>\n&#8211; Capacidad: 430 mAh<br \/>\n&#8211; Entrada de carga: USB-C<br \/>\n&#8211; Resistente al agua IPX5<br \/>\n&#8211; Emparejamiento instant\u00e1neo<\/p>\n","protected":false},"featured_media":30457,"comment_status":"open","ping_status":"closed","template":"","meta":{"jetpack_publicize_message":"","jetpack_publicize_feature_enabled":true,"jetpack_social_post_already_shared":true,"jetpack_social_options":{"image_generator_settings":{"template":"highway","default_image_id":0,"font":"","enabled":false},"version":2}},"pwb-brand":[647,646],"product_brand":[],"product_cat":[23],"product_tag":[],"class_list":{"0":"post-30452","1":"product","2":"type-product","3":"status-publish","4":"has-post-thumbnail","6":"pwb-brand-anker","7":"pwb-brand-soundcore","8":"product_cat-audifonos-bluetooth","10":"first","11":"instock","12":"taxable","13":"shipping-taxable","14":"product-type-simple"},"yoast_head":"<!-- This site is optimized with the Yoast SEO Premium plugin v25.7.1 (Yoast SEO v26.8) - https:\/\/yoast.com\/product\/yoast-seo-premium-wordpress\/ -->\n<title>Aud\u00edfonos Bluetooth TWS Bass Negro Anker P25i Soundcore - Mivoot<\/title>\n<meta name=\"robots\" content=\"index, follow, max-snippet:-1, max-image-preview:large, max-video-preview:-1\" \/>\n<link rel=\"canonical\" href=\"https:\/\/mivoot.com\/gt\/producto\/audifonos-bluetooth-tws-bass-negro-anker-p25i-soundcore\/\" \/>\n<meta property=\"og:locale\" content=\"es_ES\" \/>\n<meta property=\"og:type\" content=\"article\" \/>\n<meta property=\"og:title\" content=\"Aud\u00edfonos Bluetooth TWS Bass Negro Anker P25i Soundcore\" \/>\n<meta property=\"og:description\" content=\"- Dise\u00f1o verdaderamente inal\u00e1mbrico y sin cables - Controladores de 10 mm con graves potentes - Tecnolog\u00eda inal\u00e1mbrica Bluetooth 5.3 - Alcance: 10 m (32,8 ft) - App m\u00f3vil: S\u00ed, Soundcore (Android e iOS) - 22 ecualizadores preestablecidos a trav\u00e9s de la aplicaci\u00f3n - Obt\u00e9n 10 horas de reproducci\u00f3n con una sola carga  - mantente encendido durante 30 horas en total con el estuche. - 2 micr\u00f3fonos y procesamiento de inteligencia artificial garantizan que su voz se escuche con total claridad. - Una carga r\u00e1pida de 10 minutos  - Capacidad: 430 mAh - Entrada de carga: USB-C - Resistente al agua IPX5 - Emparejamiento instant\u00e1neo\" \/>\n<meta property=\"og:url\" content=\"https:\/\/mivoot.com\/gt\/producto\/audifonos-bluetooth-tws-bass-negro-anker-p25i-soundcore\/\" \/>\n<meta property=\"og:site_name\" content=\"Mivoot\" \/>\n<meta property=\"article:publisher\" content=\"https:\/\/www.facebook.com\/mivootgt\" \/>\n<meta property=\"article:modified_time\" content=\"2025-09-29T23:46:00+00:00\" \/>\n<meta property=\"og:image\" content=\"https:\/\/mivoot.com\/gt\/wp-content\/uploads\/2025\/09\/P25I.jpg\" \/>\n\t<meta property=\"og:image:width\" content=\"700\" \/>\n\t<meta property=\"og:image:height\" content=\"700\" \/>\n\t<meta property=\"og:image:type\" content=\"image\/jpeg\" \/>\n<meta name=\"twitter:card\" content=\"summary_large_image\" \/>\n<meta name=\"twitter:label1\" content=\"Est. reading time\" \/>\n\t<meta name=\"twitter:data1\" content=\"3 minutos\" \/>\n<script type=\"application\/ld+json\" class=\"yoast-schema-graph\">{\"@context\":\"https:\/\/schema.org\",\"@graph\":[{\"@type\":\"WebPage\",\"@id\":\"https:\/\/mivoot.com\/gt\/producto\/audifonos-bluetooth-tws-bass-negro-anker-p25i-soundcore\/\",\"url\":\"https:\/\/mivoot.com\/gt\/producto\/audifonos-bluetooth-tws-bass-negro-anker-p25i-soundcore\/\",\"name\":\"Aud\u00edfonos Bluetooth TWS Bass Negro Anker P25i Soundcore - Mivoot\",\"isPartOf\":{\"@id\":\"https:\/\/mivoot.com\/gt\/#website\"},\"primaryImageOfPage\":{\"@id\":\"https:\/\/mivoot.com\/gt\/producto\/audifonos-bluetooth-tws-bass-negro-anker-p25i-soundcore\/#primaryimage\"},\"image\":{\"@id\":\"https:\/\/mivoot.com\/gt\/producto\/audifonos-bluetooth-tws-bass-negro-anker-p25i-soundcore\/#primaryimage\"},\"thumbnailUrl\":\"https:\/\/mivoot.com\/gt\/wp-content\/uploads\/2025\/09\/P25I.jpg\",\"datePublished\":\"2025-09-29T23:45:59+00:00\",\"dateModified\":\"2025-09-29T23:46:00+00:00\",\"breadcrumb\":{\"@id\":\"https:\/\/mivoot.com\/gt\/producto\/audifonos-bluetooth-tws-bass-negro-anker-p25i-soundcore\/#breadcrumb\"},\"inLanguage\":\"es\",\"potentialAction\":[{\"@type\":\"ReadAction\",\"target\":[\"https:\/\/mivoot.com\/gt\/producto\/audifonos-bluetooth-tws-bass-negro-anker-p25i-soundcore\/\"]}]},{\"@type\":\"ImageObject\",\"inLanguage\":\"es\",\"@id\":\"https:\/\/mivoot.com\/gt\/producto\/audifonos-bluetooth-tws-bass-negro-anker-p25i-soundcore\/#primaryimage\",\"url\":\"https:\/\/mivoot.com\/gt\/wp-content\/uploads\/2025\/09\/P25I.jpg\",\"contentUrl\":\"https:\/\/mivoot.com\/gt\/wp-content\/uploads\/2025\/09\/P25I.jpg\",\"width\":700,\"height\":700},{\"@type\":\"BreadcrumbList\",\"@id\":\"https:\/\/mivoot.com\/gt\/producto\/audifonos-bluetooth-tws-bass-negro-anker-p25i-soundcore\/#breadcrumb\",\"itemListElement\":[{\"@type\":\"ListItem\",\"position\":1,\"name\":\"Inicio\",\"item\":\"https:\/\/mivoot.com\/gt\/\"},{\"@type\":\"ListItem\",\"position\":2,\"name\":\"Productos\",\"item\":\"https:\/\/mivoot.com\/gt\/producto\/\"},{\"@type\":\"ListItem\",\"position\":3,\"name\":\"Anker\",\"item\":\"https:\/\/mivoot.com\/gt\/marca\/anker\/\"},{\"@type\":\"ListItem\",\"position\":4,\"name\":\"Aud\u00edfonos Bluetooth TWS Bass Negro Anker P25i Soundcore\"}]},{\"@type\":\"WebSite\",\"@id\":\"https:\/\/mivoot.com\/gt\/#website\",\"url\":\"https:\/\/mivoot.com\/gt\/\",\"name\":\"Mivoot\",\"description\":\"Mivoot Guatemala | Tienda Online\",\"publisher\":{\"@id\":\"https:\/\/mivoot.com\/gt\/#organization\"},\"alternateName\":\"mivoot\",\"potentialAction\":[{\"@type\":\"SearchAction\",\"target\":{\"@type\":\"EntryPoint\",\"urlTemplate\":\"https:\/\/mivoot.com\/gt\/?s={search_term_string}\"},\"query-input\":{\"@type\":\"PropertyValueSpecification\",\"valueRequired\":true,\"valueName\":\"search_term_string\"}}],\"inLanguage\":\"es\"},{\"@type\":\"Organization\",\"@id\":\"https:\/\/mivoot.com\/gt\/#organization\",\"name\":\"Mivoot Guatemala\",\"alternateName\":\"mivoot.com\",\"url\":\"https:\/\/mivoot.com\/gt\/\",\"logo\":{\"@type\":\"ImageObject\",\"inLanguage\":\"es\",\"@id\":\"https:\/\/mivoot.com\/gt\/#\/schema\/logo\/image\/\",\"url\":\"https:\/\/mivoot.com\/gt\/wp-content\/uploads\/2023\/03\/cropped-icon.png\",\"contentUrl\":\"https:\/\/mivoot.com\/gt\/wp-content\/uploads\/2023\/03\/cropped-icon.png\",\"width\":512,\"height\":512,\"caption\":\"Mivoot Guatemala\"},\"image\":{\"@id\":\"https:\/\/mivoot.com\/gt\/#\/schema\/logo\/image\/\"},\"sameAs\":[\"https:\/\/www.facebook.com\/mivootgt\",\"https:\/\/instagram.com\/mivoot\"]}]}<\/script>\n<!-- \/ Yoast SEO Premium plugin. -->","yoast_head_json":{"title":"Aud\u00edfonos Bluetooth TWS Bass Negro Anker P25i Soundcore - Mivoot","robots":{"index":"index","follow":"follow","max-snippet":"max-snippet:-1","max-image-preview":"max-image-preview:large","max-video-preview":"max-video-preview:-1"},"canonical":"https:\/\/mivoot.com\/gt\/producto\/audifonos-bluetooth-tws-bass-negro-anker-p25i-soundcore\/","og_locale":"es_ES","og_type":"article","og_title":"Aud\u00edfonos Bluetooth TWS Bass Negro Anker P25i Soundcore","og_description":"- Dise\u00f1o verdaderamente inal\u00e1mbrico y sin cables - Controladores de 10 mm con graves potentes - Tecnolog\u00eda inal\u00e1mbrica Bluetooth 5.3 - Alcance: 10 m (32,8 ft) - App m\u00f3vil: S\u00ed, Soundcore (Android e iOS) - 22 ecualizadores preestablecidos a trav\u00e9s de la aplicaci\u00f3n - Obt\u00e9n 10 horas de reproducci\u00f3n con una sola carga  - mantente encendido durante 30 horas en total con el estuche. - 2 micr\u00f3fonos y procesamiento de inteligencia artificial garantizan que su voz se escuche con total claridad. - Una carga r\u00e1pida de 10 minutos  - Capacidad: 430 mAh - Entrada de carga: USB-C - Resistente al agua IPX5 - Emparejamiento instant\u00e1neo","og_url":"https:\/\/mivoot.com\/gt\/producto\/audifonos-bluetooth-tws-bass-negro-anker-p25i-soundcore\/","og_site_name":"Mivoot","article_publisher":"https:\/\/www.facebook.com\/mivootgt","article_modified_time":"2025-09-29T23:46:00+00:00","og_image":[{"width":700,"height":700,"url":"https:\/\/mivoot.com\/gt\/wp-content\/uploads\/2025\/09\/P25I.jpg","type":"image\/jpeg"}],"twitter_card":"summary_large_image","twitter_misc":{"Est. reading time":"3 minutos"},"schema":{"@context":"https:\/\/schema.org","@graph":[{"@type":"WebPage","@id":"https:\/\/mivoot.com\/gt\/producto\/audifonos-bluetooth-tws-bass-negro-anker-p25i-soundcore\/","url":"https:\/\/mivoot.com\/gt\/producto\/audifonos-bluetooth-tws-bass-negro-anker-p25i-soundcore\/","name":"Aud\u00edfonos Bluetooth TWS Bass Negro Anker P25i Soundcore - Mivoot","isPartOf":{"@id":"https:\/\/mivoot.com\/gt\/#website"},"primaryImageOfPage":{"@id":"https:\/\/mivoot.com\/gt\/producto\/audifonos-bluetooth-tws-bass-negro-anker-p25i-soundcore\/#primaryimage"},"image":{"@id":"https:\/\/mivoot.com\/gt\/producto\/audifonos-bluetooth-tws-bass-negro-anker-p25i-soundcore\/#primaryimage"},"thumbnailUrl":"https:\/\/mivoot.com\/gt\/wp-content\/uploads\/2025\/09\/P25I.jpg","datePublished":"2025-09-29T23:45:59+00:00","dateModified":"2025-09-29T23:46:00+00:00","breadcrumb":{"@id":"https:\/\/mivoot.com\/gt\/producto\/audifonos-bluetooth-tws-bass-negro-anker-p25i-soundcore\/#breadcrumb"},"inLanguage":"es","potentialAction":[{"@type":"ReadAction","target":["https:\/\/mivoot.com\/gt\/producto\/audifonos-bluetooth-tws-bass-negro-anker-p25i-soundcore\/"]}]},{"@type":"ImageObject","inLanguage":"es","@id":"https:\/\/mivoot.com\/gt\/producto\/audifonos-bluetooth-tws-bass-negro-anker-p25i-soundcore\/#primaryimage","url":"https:\/\/mivoot.com\/gt\/wp-content\/uploads\/2025\/09\/P25I.jpg","contentUrl":"https:\/\/mivoot.com\/gt\/wp-content\/uploads\/2025\/09\/P25I.jpg","width":700,"height":700},{"@type":"BreadcrumbList","@id":"https:\/\/mivoot.com\/gt\/producto\/audifonos-bluetooth-tws-bass-negro-anker-p25i-soundcore\/#breadcrumb","itemListElement":[{"@type":"ListItem","position":1,"name":"Inicio","item":"https:\/\/mivoot.com\/gt\/"},{"@type":"ListItem","position":2,"name":"Productos","item":"https:\/\/mivoot.com\/gt\/producto\/"},{"@type":"ListItem","position":3,"name":"Anker","item":"https:\/\/mivoot.com\/gt\/marca\/anker\/"},{"@type":"ListItem","position":4,"name":"Aud\u00edfonos Bluetooth TWS Bass Negro Anker P25i Soundcore"}]},{"@type":"WebSite","@id":"https:\/\/mivoot.com\/gt\/#website","url":"https:\/\/mivoot.com\/gt\/","name":"Mivoot","description":"Mivoot Guatemala | Tienda Online","publisher":{"@id":"https:\/\/mivoot.com\/gt\/#organization"},"alternateName":"mivoot","potentialAction":[{"@type":"SearchAction","target":{"@type":"EntryPoint","urlTemplate":"https:\/\/mivoot.com\/gt\/?s={search_term_string}"},"query-input":{"@type":"PropertyValueSpecification","valueRequired":true,"valueName":"search_term_string"}}],"inLanguage":"es"},{"@type":"Organization","@id":"https:\/\/mivoot.com\/gt\/#organization","name":"Mivoot Guatemala","alternateName":"mivoot.com","url":"https:\/\/mivoot.com\/gt\/","logo":{"@type":"ImageObject","inLanguage":"es","@id":"https:\/\/mivoot.com\/gt\/#\/schema\/logo\/image\/","url":"https:\/\/mivoot.com\/gt\/wp-content\/uploads\/2023\/03\/cropped-icon.png","contentUrl":"https:\/\/mivoot.com\/gt\/wp-content\/uploads\/2023\/03\/cropped-icon.png","width":512,"height":512,"caption":"Mivoot Guatemala"},"image":{"@id":"https:\/\/mivoot.com\/gt\/#\/schema\/logo\/image\/"},"sameAs":["https:\/\/www.facebook.com\/mivootgt","https:\/\/instagram.com\/mivoot"]}]}},"jetpack_publicize_connections":[],"jetpack_sharing_enabled":true,"brands":[{"id":647,"name":"Anker","slug":"anker"},{"id":646,"name":"Soundcore","slug":"soundcore"}],"_links":{"self":[{"href":"https:\/\/mivoot.com\/gt\/wp-json\/wp\/v2\/product\/30452","targetHints":{"allow":["GET"]}}],"collection":[{"href":"https:\/\/mivoot.com\/gt\/wp-json\/wp\/v2\/product"}],"about":[{"href":"https:\/\/mivoot.com\/gt\/wp-json\/wp\/v2\/types\/product"}],"replies":[{"embeddable":true,"href":"https:\/\/mivoot.com\/gt\/wp-json\/wp\/v2\/comments?post=30452"}],"version-history":[{"count":1,"href":"https:\/\/mivoot.com\/gt\/wp-json\/wp\/v2\/product\/30452\/revisions"}],"predecessor-version":[{"id":30463,"href":"https:\/\/mivoot.com\/gt\/wp-json\/wp\/v2\/product\/30452\/revisions\/30463"}],"wp:featuredmedia":[{"embeddable":true,"href":"https:\/\/mivoot.com\/gt\/wp-json\/wp\/v2\/media\/30457"}],"wp:attachment":[{"href":"https:\/\/mivoot.com\/gt\/wp-json\/wp\/v2\/media?parent=30452"}],"wp:term":[{"taxonomy":"pwb-brand","embeddable":true,"href":"https:\/\/mivoot.com\/gt\/wp-json\/wp\/v2\/pwb-brand?post=30452"},{"taxonomy":"product_brand","embeddable":true,"href":"https:\/\/mivoot.com\/gt\/wp-json\/wp\/v2\/product_brand?post=30452"},{"taxonomy":"product_cat","embeddable":true,"href":"https:\/\/mivoot.com\/gt\/wp-json\/wp\/v2\/product_cat?post=30452"},{"taxonomy":"product_tag","embeddable":true,"href":"https:\/\/mivoot.com\/gt\/wp-json\/wp\/v2\/product_tag?post=30452"}],"curies":[{"name":"wp","href":"https:\/\/api.w.org\/{rel}","templated":true}]}}