{"id":30631,"date":"2025-10-08T18:54:17","date_gmt":"2025-10-09T00:54:17","guid":{"rendered":"https:\/\/mivoot.com\/gt\/?post_type=product&#038;p=30631"},"modified":"2026-03-24T12:21:55","modified_gmt":"2026-03-24T18:21:55","slug":"gabinete-de-piso-42u-panel-de-vidrio-60cm-profundidad-zkteco","status":"publish","type":"product","link":"https:\/\/mivoot.com\/gt\/producto\/gabinete-de-piso-42u-panel-de-vidrio-60cm-profundidad-zkteco\/","title":{"rendered":"Gabinete de Piso 42U Panel de Vidrio 60cm Profundidad ZKTeco"},"content":{"rendered":"<h1 style=\"text-align: center;\">Gabinete de Piso 42U Panel de Vidrio 60cm Profundidad ZKTeco<\/h1>\n<div class=\"uk-text-medium uk-margin\"><span dir=\"auto\">Armario de suelo automontable con puerta de vidrio templado, 19 pulgadas, 42 U, altura: 2000 mm. Color: negro, 2 bandejas, 2 ventiladores, puerta con cerradura.<\/span><\/div>\n<p>Un gabinete es un recinto independiente o autoportante para alojar equipos el\u00e9ctricos o electr\u00f3nicos. Ofrece protecci\u00f3n contra el agua, el polvo y las interferencias electromagn\u00e9ticas para los equipos de almacenamiento.<\/p>\n<p>Adem\u00e1s, cuenta con accesorios opcionales y de instalaci\u00f3n que facilitan el cableado, simplificando su manejo y ahorrando tiempo y esfuerzo.<br \/>\nLos gabinetes se utilizan generalmente en salas de cableado de redes, salas de cableado de planta, salas de ordenadores centrales, salas de ordenadores de datos, centros de control, centros de monitorizaci\u00f3n, etc.<\/p>\n<div class=\"uk-flex uk-flex-middle uk-flex-between\"><\/div>\n<ul>\n<li>Dise\u00f1o exquisito con fabricaci\u00f3n artesanal de precisi\u00f3n<\/li>\n<li>Panel lateral extra\u00edble, f\u00e1cil de instalar y mantener<\/li>\n<li>Entrada de cables en la cubierta superior e inferior con placa de sellado integrada<\/li>\n<li>Recorte para ventilador en la cubierta superior, f\u00e1cil de instalar<\/li>\n<li>Puerta frontal de vidrio templado con m\u00e1s de 180 grados de giro<\/li>\n<li>Patas y ruedas ajustables disponibles simult\u00e1neamente<\/li>\n<li>Diversos accesorios opcionales<\/li>\n<\/ul>\n<p><img fetchpriority=\"high\" decoding=\"async\" class=\"alignnone size-full wp-image-30632\" src=\"https:\/\/mivoot.com\/gt\/wp-content\/uploads\/2025\/10\/armadura.png\" alt=\"\" width=\"607\" height=\"613\" srcset=\"https:\/\/mivoot.com\/gt\/wp-content\/uploads\/2025\/10\/armadura.png 607w, https:\/\/mivoot.com\/gt\/wp-content\/uploads\/2025\/10\/armadura-100x100.png 100w, https:\/\/mivoot.com\/gt\/wp-content\/uploads\/2025\/10\/armadura-410x414.png 410w, https:\/\/mivoot.com\/gt\/wp-content\/uploads\/2025\/10\/armadura-64x65.png 64w, https:\/\/mivoot.com\/gt\/wp-content\/uploads\/2025\/10\/armadura-297x300.png 297w, https:\/\/mivoot.com\/gt\/wp-content\/uploads\/2025\/10\/armadura-150x150.png 150w, https:\/\/mivoot.com\/gt\/wp-content\/uploads\/2025\/10\/armadura-12x12.png 12w, https:\/\/mivoot.com\/gt\/wp-content\/uploads\/2025\/10\/armadura-594x600.png 594w, https:\/\/mivoot.com\/gt\/wp-content\/uploads\/2025\/10\/armadura-50x50.png 50w\" sizes=\"(max-width: 607px) 100vw, 607px\" \/> <img decoding=\"async\" class=\"alignnone size-full wp-image-30633\" src=\"https:\/\/mivoot.com\/gt\/wp-content\/uploads\/2025\/10\/armadura2.png\" alt=\"\" width=\"737\" height=\"443\" srcset=\"https:\/\/mivoot.com\/gt\/wp-content\/uploads\/2025\/10\/armadura2.png 737w, https:\/\/mivoot.com\/gt\/wp-content\/uploads\/2025\/10\/armadura2-410x246.png 410w, https:\/\/mivoot.com\/gt\/wp-content\/uploads\/2025\/10\/armadura2-64x38.png 64w, https:\/\/mivoot.com\/gt\/wp-content\/uploads\/2025\/10\/armadura2-300x180.png 300w, https:\/\/mivoot.com\/gt\/wp-content\/uploads\/2025\/10\/armadura2-18x12.png 18w, https:\/\/mivoot.com\/gt\/wp-content\/uploads\/2025\/10\/armadura2-600x361.png 600w\" sizes=\"(max-width: 737px) 100vw, 737px\" \/> <img decoding=\"async\" class=\"alignnone size-full wp-image-30634\" src=\"https:\/\/mivoot.com\/gt\/wp-content\/uploads\/2025\/10\/armadura3.png\" alt=\"\" width=\"680\" height=\"327\" srcset=\"https:\/\/mivoot.com\/gt\/wp-content\/uploads\/2025\/10\/armadura3.png 680w, https:\/\/mivoot.com\/gt\/wp-content\/uploads\/2025\/10\/armadura3-410x197.png 410w, https:\/\/mivoot.com\/gt\/wp-content\/uploads\/2025\/10\/armadura3-64x31.png 64w, https:\/\/mivoot.com\/gt\/wp-content\/uploads\/2025\/10\/armadura3-300x144.png 300w, https:\/\/mivoot.com\/gt\/wp-content\/uploads\/2025\/10\/armadura3-18x9.png 18w, https:\/\/mivoot.com\/gt\/wp-content\/uploads\/2025\/10\/armadura3-600x289.png 600w\" sizes=\"(max-width: 680px) 100vw, 680px\" \/><\/p>\n","protected":false},"excerpt":{"rendered":"<p>&#8211; Armario de suelo automontable con puerta de vidrio templado,<br \/>\n&#8211; 19 pulgadas<br \/>\n&#8211; 42 U<br \/>\n&#8211; altura: 2000 mm.<br \/>\n&#8211; Color: negro<br \/>\n&#8211; 2 bandejas<br \/>\n&#8211; 2 ventiladores<br \/>\n&#8211; puerta con cerradura.<\/p>\n","protected":false},"featured_media":30635,"comment_status":"open","ping_status":"closed","template":"","meta":{"jetpack_publicize_message":"","jetpack_publicize_feature_enabled":true,"jetpack_social_post_already_shared":true,"jetpack_social_options":{"image_generator_settings":{"template":"highway","default_image_id":0,"font":"","enabled":false},"version":2}},"pwb-brand":[101],"product_brand":[],"product_cat":[539],"product_tag":[],"class_list":{"0":"post-30631","1":"product","2":"type-product","3":"status-publish","4":"has-post-thumbnail","6":"pwb-brand-zkteco-guatemala","7":"product_cat-gabinetes-para-redes","9":"first","10":"instock","11":"taxable","12":"shipping-taxable","13":"purchasable","14":"product-type-simple"},"yoast_head":"<!-- This site is optimized with the Yoast SEO Premium plugin v25.7.1 (Yoast SEO v26.8) - https:\/\/yoast.com\/product\/yoast-seo-premium-wordpress\/ -->\n<title>Gabinete de Piso 42U Panel de Vidrio 60cm Profundidad ZKTeco - Mivoot<\/title>\n<meta name=\"robots\" content=\"index, follow, max-snippet:-1, max-image-preview:large, max-video-preview:-1\" \/>\n<link rel=\"canonical\" href=\"https:\/\/mivoot.com\/gt\/producto\/gabinete-de-piso-42u-panel-de-vidrio-60cm-profundidad-zkteco\/\" \/>\n<meta property=\"og:locale\" content=\"es_ES\" \/>\n<meta property=\"og:type\" content=\"article\" \/>\n<meta property=\"og:title\" content=\"Gabinete de Piso 42U Panel de Vidrio 60cm Profundidad ZKTeco\" \/>\n<meta property=\"og:description\" content=\"- Armario de suelo automontable con puerta de vidrio templado, - 19 pulgadas - 42 U - altura: 2000 mm.  - Color: negro - 2 bandejas - 2 ventiladores - puerta con cerradura.\" \/>\n<meta property=\"og:url\" content=\"https:\/\/mivoot.com\/gt\/producto\/gabinete-de-piso-42u-panel-de-vidrio-60cm-profundidad-zkteco\/\" \/>\n<meta property=\"og:site_name\" content=\"Mivoot\" \/>\n<meta property=\"article:publisher\" content=\"https:\/\/www.facebook.com\/mivootgt\" \/>\n<meta property=\"article:modified_time\" content=\"2026-03-24T18:21:55+00:00\" \/>\n<meta property=\"og:image\" content=\"https:\/\/mivoot.com\/gt\/wp-content\/uploads\/2025\/10\/ZK-R42U-6642S.webp\" \/>\n\t<meta property=\"og:image:width\" content=\"420\" \/>\n\t<meta property=\"og:image:height\" content=\"420\" \/>\n\t<meta property=\"og:image:type\" content=\"image\/webp\" \/>\n<meta name=\"twitter:card\" content=\"summary_large_image\" \/>\n<meta name=\"twitter:label1\" content=\"Est. reading time\" \/>\n\t<meta name=\"twitter:data1\" content=\"2 minutos\" \/>\n<script type=\"application\/ld+json\" class=\"yoast-schema-graph\">{\"@context\":\"https:\/\/schema.org\",\"@graph\":[{\"@type\":\"WebPage\",\"@id\":\"https:\/\/mivoot.com\/gt\/producto\/gabinete-de-piso-42u-panel-de-vidrio-60cm-profundidad-zkteco\/\",\"url\":\"https:\/\/mivoot.com\/gt\/producto\/gabinete-de-piso-42u-panel-de-vidrio-60cm-profundidad-zkteco\/\",\"name\":\"Gabinete de Piso 42U Panel de Vidrio 60cm Profundidad ZKTeco - Mivoot\",\"isPartOf\":{\"@id\":\"https:\/\/mivoot.com\/gt\/#website\"},\"primaryImageOfPage\":{\"@id\":\"https:\/\/mivoot.com\/gt\/producto\/gabinete-de-piso-42u-panel-de-vidrio-60cm-profundidad-zkteco\/#primaryimage\"},\"image\":{\"@id\":\"https:\/\/mivoot.com\/gt\/producto\/gabinete-de-piso-42u-panel-de-vidrio-60cm-profundidad-zkteco\/#primaryimage\"},\"thumbnailUrl\":\"https:\/\/mivoot.com\/gt\/wp-content\/uploads\/2025\/10\/ZK-R42U-6642S.webp\",\"datePublished\":\"2025-10-09T00:54:17+00:00\",\"dateModified\":\"2026-03-24T18:21:55+00:00\",\"breadcrumb\":{\"@id\":\"https:\/\/mivoot.com\/gt\/producto\/gabinete-de-piso-42u-panel-de-vidrio-60cm-profundidad-zkteco\/#breadcrumb\"},\"inLanguage\":\"es\",\"potentialAction\":[{\"@type\":\"ReadAction\",\"target\":[\"https:\/\/mivoot.com\/gt\/producto\/gabinete-de-piso-42u-panel-de-vidrio-60cm-profundidad-zkteco\/\"]}]},{\"@type\":\"ImageObject\",\"inLanguage\":\"es\",\"@id\":\"https:\/\/mivoot.com\/gt\/producto\/gabinete-de-piso-42u-panel-de-vidrio-60cm-profundidad-zkteco\/#primaryimage\",\"url\":\"https:\/\/mivoot.com\/gt\/wp-content\/uploads\/2025\/10\/ZK-R42U-6642S.webp\",\"contentUrl\":\"https:\/\/mivoot.com\/gt\/wp-content\/uploads\/2025\/10\/ZK-R42U-6642S.webp\",\"width\":420,\"height\":420},{\"@type\":\"BreadcrumbList\",\"@id\":\"https:\/\/mivoot.com\/gt\/producto\/gabinete-de-piso-42u-panel-de-vidrio-60cm-profundidad-zkteco\/#breadcrumb\",\"itemListElement\":[{\"@type\":\"ListItem\",\"position\":1,\"name\":\"Inicio\",\"item\":\"https:\/\/mivoot.com\/gt\/\"},{\"@type\":\"ListItem\",\"position\":2,\"name\":\"Productos\",\"item\":\"https:\/\/mivoot.com\/gt\/producto\/\"},{\"@type\":\"ListItem\",\"position\":3,\"name\":\"ZKTeco\",\"item\":\"https:\/\/mivoot.com\/gt\/marca\/zkteco-guatemala\/\"},{\"@type\":\"ListItem\",\"position\":4,\"name\":\"Gabinete de Piso 42U Panel de Vidrio 60cm Profundidad ZKTeco\"}]},{\"@type\":\"WebSite\",\"@id\":\"https:\/\/mivoot.com\/gt\/#website\",\"url\":\"https:\/\/mivoot.com\/gt\/\",\"name\":\"Mivoot\",\"description\":\"Mivoot Guatemala | Tienda Online\",\"publisher\":{\"@id\":\"https:\/\/mivoot.com\/gt\/#organization\"},\"alternateName\":\"mivoot\",\"potentialAction\":[{\"@type\":\"SearchAction\",\"target\":{\"@type\":\"EntryPoint\",\"urlTemplate\":\"https:\/\/mivoot.com\/gt\/?s={search_term_string}\"},\"query-input\":{\"@type\":\"PropertyValueSpecification\",\"valueRequired\":true,\"valueName\":\"search_term_string\"}}],\"inLanguage\":\"es\"},{\"@type\":\"Organization\",\"@id\":\"https:\/\/mivoot.com\/gt\/#organization\",\"name\":\"Mivoot Guatemala\",\"alternateName\":\"mivoot.com\",\"url\":\"https:\/\/mivoot.com\/gt\/\",\"logo\":{\"@type\":\"ImageObject\",\"inLanguage\":\"es\",\"@id\":\"https:\/\/mivoot.com\/gt\/#\/schema\/logo\/image\/\",\"url\":\"https:\/\/mivoot.com\/gt\/wp-content\/uploads\/2023\/03\/cropped-icon.png\",\"contentUrl\":\"https:\/\/mivoot.com\/gt\/wp-content\/uploads\/2023\/03\/cropped-icon.png\",\"width\":512,\"height\":512,\"caption\":\"Mivoot Guatemala\"},\"image\":{\"@id\":\"https:\/\/mivoot.com\/gt\/#\/schema\/logo\/image\/\"},\"sameAs\":[\"https:\/\/www.facebook.com\/mivootgt\",\"https:\/\/instagram.com\/mivoot\"]}]}<\/script>\n<!-- \/ Yoast SEO Premium plugin. -->","yoast_head_json":{"title":"Gabinete de Piso 42U Panel de Vidrio 60cm Profundidad ZKTeco - Mivoot","robots":{"index":"index","follow":"follow","max-snippet":"max-snippet:-1","max-image-preview":"max-image-preview:large","max-video-preview":"max-video-preview:-1"},"canonical":"https:\/\/mivoot.com\/gt\/producto\/gabinete-de-piso-42u-panel-de-vidrio-60cm-profundidad-zkteco\/","og_locale":"es_ES","og_type":"article","og_title":"Gabinete de Piso 42U Panel de Vidrio 60cm Profundidad ZKTeco","og_description":"- Armario de suelo automontable con puerta de vidrio templado, - 19 pulgadas - 42 U - altura: 2000 mm.  - Color: negro - 2 bandejas - 2 ventiladores - puerta con cerradura.","og_url":"https:\/\/mivoot.com\/gt\/producto\/gabinete-de-piso-42u-panel-de-vidrio-60cm-profundidad-zkteco\/","og_site_name":"Mivoot","article_publisher":"https:\/\/www.facebook.com\/mivootgt","article_modified_time":"2026-03-24T18:21:55+00:00","og_image":[{"width":420,"height":420,"url":"https:\/\/mivoot.com\/gt\/wp-content\/uploads\/2025\/10\/ZK-R42U-6642S.webp","type":"image\/webp"}],"twitter_card":"summary_large_image","twitter_misc":{"Est. reading time":"2 minutos"},"schema":{"@context":"https:\/\/schema.org","@graph":[{"@type":"WebPage","@id":"https:\/\/mivoot.com\/gt\/producto\/gabinete-de-piso-42u-panel-de-vidrio-60cm-profundidad-zkteco\/","url":"https:\/\/mivoot.com\/gt\/producto\/gabinete-de-piso-42u-panel-de-vidrio-60cm-profundidad-zkteco\/","name":"Gabinete de Piso 42U Panel de Vidrio 60cm Profundidad ZKTeco - Mivoot","isPartOf":{"@id":"https:\/\/mivoot.com\/gt\/#website"},"primaryImageOfPage":{"@id":"https:\/\/mivoot.com\/gt\/producto\/gabinete-de-piso-42u-panel-de-vidrio-60cm-profundidad-zkteco\/#primaryimage"},"image":{"@id":"https:\/\/mivoot.com\/gt\/producto\/gabinete-de-piso-42u-panel-de-vidrio-60cm-profundidad-zkteco\/#primaryimage"},"thumbnailUrl":"https:\/\/mivoot.com\/gt\/wp-content\/uploads\/2025\/10\/ZK-R42U-6642S.webp","datePublished":"2025-10-09T00:54:17+00:00","dateModified":"2026-03-24T18:21:55+00:00","breadcrumb":{"@id":"https:\/\/mivoot.com\/gt\/producto\/gabinete-de-piso-42u-panel-de-vidrio-60cm-profundidad-zkteco\/#breadcrumb"},"inLanguage":"es","potentialAction":[{"@type":"ReadAction","target":["https:\/\/mivoot.com\/gt\/producto\/gabinete-de-piso-42u-panel-de-vidrio-60cm-profundidad-zkteco\/"]}]},{"@type":"ImageObject","inLanguage":"es","@id":"https:\/\/mivoot.com\/gt\/producto\/gabinete-de-piso-42u-panel-de-vidrio-60cm-profundidad-zkteco\/#primaryimage","url":"https:\/\/mivoot.com\/gt\/wp-content\/uploads\/2025\/10\/ZK-R42U-6642S.webp","contentUrl":"https:\/\/mivoot.com\/gt\/wp-content\/uploads\/2025\/10\/ZK-R42U-6642S.webp","width":420,"height":420},{"@type":"BreadcrumbList","@id":"https:\/\/mivoot.com\/gt\/producto\/gabinete-de-piso-42u-panel-de-vidrio-60cm-profundidad-zkteco\/#breadcrumb","itemListElement":[{"@type":"ListItem","position":1,"name":"Inicio","item":"https:\/\/mivoot.com\/gt\/"},{"@type":"ListItem","position":2,"name":"Productos","item":"https:\/\/mivoot.com\/gt\/producto\/"},{"@type":"ListItem","position":3,"name":"ZKTeco","item":"https:\/\/mivoot.com\/gt\/marca\/zkteco-guatemala\/"},{"@type":"ListItem","position":4,"name":"Gabinete de Piso 42U Panel de Vidrio 60cm Profundidad ZKTeco"}]},{"@type":"WebSite","@id":"https:\/\/mivoot.com\/gt\/#website","url":"https:\/\/mivoot.com\/gt\/","name":"Mivoot","description":"Mivoot Guatemala | Tienda Online","publisher":{"@id":"https:\/\/mivoot.com\/gt\/#organization"},"alternateName":"mivoot","potentialAction":[{"@type":"SearchAction","target":{"@type":"EntryPoint","urlTemplate":"https:\/\/mivoot.com\/gt\/?s={search_term_string}"},"query-input":{"@type":"PropertyValueSpecification","valueRequired":true,"valueName":"search_term_string"}}],"inLanguage":"es"},{"@type":"Organization","@id":"https:\/\/mivoot.com\/gt\/#organization","name":"Mivoot Guatemala","alternateName":"mivoot.com","url":"https:\/\/mivoot.com\/gt\/","logo":{"@type":"ImageObject","inLanguage":"es","@id":"https:\/\/mivoot.com\/gt\/#\/schema\/logo\/image\/","url":"https:\/\/mivoot.com\/gt\/wp-content\/uploads\/2023\/03\/cropped-icon.png","contentUrl":"https:\/\/mivoot.com\/gt\/wp-content\/uploads\/2023\/03\/cropped-icon.png","width":512,"height":512,"caption":"Mivoot Guatemala"},"image":{"@id":"https:\/\/mivoot.com\/gt\/#\/schema\/logo\/image\/"},"sameAs":["https:\/\/www.facebook.com\/mivootgt","https:\/\/instagram.com\/mivoot"]}]}},"jetpack_publicize_connections":[],"jetpack_sharing_enabled":true,"brands":[{"id":101,"name":"ZKTeco","slug":"zkteco-guatemala"}],"_links":{"self":[{"href":"https:\/\/mivoot.com\/gt\/wp-json\/wp\/v2\/product\/30631","targetHints":{"allow":["GET"]}}],"collection":[{"href":"https:\/\/mivoot.com\/gt\/wp-json\/wp\/v2\/product"}],"about":[{"href":"https:\/\/mivoot.com\/gt\/wp-json\/wp\/v2\/types\/product"}],"replies":[{"embeddable":true,"href":"https:\/\/mivoot.com\/gt\/wp-json\/wp\/v2\/comments?post=30631"}],"version-history":[{"count":1,"href":"https:\/\/mivoot.com\/gt\/wp-json\/wp\/v2\/product\/30631\/revisions"}],"predecessor-version":[{"id":30636,"href":"https:\/\/mivoot.com\/gt\/wp-json\/wp\/v2\/product\/30631\/revisions\/30636"}],"wp:featuredmedia":[{"embeddable":true,"href":"https:\/\/mivoot.com\/gt\/wp-json\/wp\/v2\/media\/30635"}],"wp:attachment":[{"href":"https:\/\/mivoot.com\/gt\/wp-json\/wp\/v2\/media?parent=30631"}],"wp:term":[{"taxonomy":"pwb-brand","embeddable":true,"href":"https:\/\/mivoot.com\/gt\/wp-json\/wp\/v2\/pwb-brand?post=30631"},{"taxonomy":"product_brand","embeddable":true,"href":"https:\/\/mivoot.com\/gt\/wp-json\/wp\/v2\/product_brand?post=30631"},{"taxonomy":"product_cat","embeddable":true,"href":"https:\/\/mivoot.com\/gt\/wp-json\/wp\/v2\/product_cat?post=30631"},{"taxonomy":"product_tag","embeddable":true,"href":"https:\/\/mivoot.com\/gt\/wp-json\/wp\/v2\/product_tag?post=30631"}],"curies":[{"name":"wp","href":"https:\/\/api.w.org\/{rel}","templated":true}]}}