{"id":30724,"date":"2025-10-16T19:58:36","date_gmt":"2025-10-17T01:58:36","guid":{"rendered":"https:\/\/mivoot.com\/gt\/?post_type=product&#038;p=30724"},"modified":"2026-02-02T16:28:45","modified_gmt":"2026-02-02T22:28:45","slug":"impresora-multifuncional-a-color-wi-fi-y-duplex-ecotank-l4360-epson","status":"publish","type":"product","link":"https:\/\/mivoot.com\/gt\/producto\/impresora-multifuncional-a-color-wi-fi-y-duplex-ecotank-l4360-epson\/","title":{"rendered":"Impresora Multifuncional a Color Wi-Fi y D\u00faplex EcoTank L4360 Epson"},"content":{"rendered":"<h1 style=\"text-align: center;\">Impresora Multifuncional a Color Wi-Fi y D\u00faplex EcoTank L4360 Epson<\/h1>\n<ul>\n<li>Valor incre\u00edble con botellas de tinta de repuesto<\/li>\n<li>Uso eficiente de tintas<\/li>\n<li>Recarga de tinta simple con botellas EcoFit<sup>TM<\/sup><\/li>\n<li>La impresora con tanque de tinta\u00a0m\u00e1s vendida<sup>5<\/sup><\/li>\n<li>Impresi\u00f3n m\u00f3vil inal\u00e1mbrica f\u00e1cil<sup>4<\/sup><\/li>\n<\/ul>\n<p><strong>Dise\u00f1ada para quienes comienzan y crecen su negocio<\/strong><\/p>\n<p>La Epson EcoTank L4360 es la impresora multifuncional perfecta para emprendedores y peque\u00f1as oficinas que necesitan soluciones inteligentes, confiables y econ\u00f3micas para sus tareas diarias de impresi\u00f3n, copia y escaneo.<\/p>\n<p><strong>\u00bfPor qu\u00e9 es perfecta para tu emprendimiento?<\/strong><\/p>\n<ul>\n<li>Ahorra en costos de impresi\u00f3n: Olv\u00eddate de los cartuchos caros. Con la tecnolog\u00eda EcoTank, recargas con botellas de tinta econ\u00f3micas que rinden hasta 8.500 p\u00e1ginas.<\/li>\n<li>Maximiza tu productividad: Imprime hasta un 40% m\u00e1s r\u00e1pido que modelos anteriores y con impresi\u00f3n d\u00faplex autom\u00e1tica para ahorrar papel y cuidar el ambiente.<\/li>\n<li>Con\u00e9ctate sin complicaciones: Wi-Fi dual band para una conexi\u00f3n estable y f\u00e1cil impresi\u00f3n directa desde tu celular con la app Epson Smart Panel.<\/li>\n<li>Durabilidad y confianza: Pensada para trabajar sin parar, con una vida \u00fatil de hasta 50.000 p\u00e1ginas impresas.<\/li>\n<\/ul>\n<p>&nbsp;<\/p>\n<p><img decoding=\"async\" class=\"aligncenter\" src=\"https:\/\/shop.epson.com.co\/media\/catalog\/product\/e\/p\/eps0003188_2.jpg?optimize=medium&amp;bg-color=255,255,255&amp;fit=bounds&amp;height=&amp;width=&amp;canvas=:\" alt=\"Impresora multifuncional Epson EcoTank L4360\" \/><img decoding=\"async\" class=\"aligncenter\" src=\"https:\/\/shop.epson.com.co\/media\/catalog\/product\/e\/p\/eps0003188_3.jpg?optimize=medium&amp;bg-color=255,255,255&amp;fit=bounds&amp;height=&amp;width=&amp;canvas=:\" alt=\"Impresora multifuncional Epson EcoTank L4360\" \/><img decoding=\"async\" class=\"aligncenter\" src=\"https:\/\/shop.epson.com.co\/media\/catalog\/product\/e\/p\/eps0003188_4.jpg?optimize=medium&amp;bg-color=255,255,255&amp;fit=bounds&amp;height=&amp;width=&amp;canvas=:\" alt=\"Impresora multifuncional Epson EcoTank L4360\" \/><img decoding=\"async\" class=\"aligncenter\" src=\"https:\/\/shop.epson.com.co\/media\/catalog\/product\/e\/p\/eps0003188_5.jpg?optimize=medium&amp;bg-color=255,255,255&amp;fit=bounds&amp;height=&amp;width=&amp;canvas=:\" alt=\"Impresora multifuncional Epson EcoTank L4360\" \/><img decoding=\"async\" class=\"aligncenter\" src=\"https:\/\/shop.epson.com.co\/media\/catalog\/product\/e\/p\/eps0003188_6.jpg?optimize=medium&amp;bg-color=255,255,255&amp;fit=bounds&amp;height=&amp;width=&amp;canvas=:\" alt=\"Impresora multifuncional Epson EcoTank L4360\" \/><img decoding=\"async\" class=\"aligncenter\" src=\"https:\/\/shop.epson.com.co\/media\/catalog\/product\/e\/p\/eps0003188_8_1.jpg?optimize=medium&amp;bg-color=255,255,255&amp;fit=bounds&amp;height=&amp;width=&amp;canvas=:\" alt=\"Impresora multifuncional Epson EcoTank L4360\" \/><\/p>\n","protected":false},"excerpt":{"rendered":"<p>&#8211; Consumo el\u00e9ctrico 13W<br \/>\n&#8211; Tecnolog\u00eda de la impresi\u00f3n Inyecci\u00f3n de tinta<br \/>\n&#8211; Tipo de impresora Multifuncional<br \/>\n&#8211; Funciones IMPRIME FOTOCOPIA ESCANER<br \/>\n&#8211; M\u00e9todo de impresi\u00f3n doble faz\tSi<br \/>\n&#8211; Velocidad m\u00e1xima de impresi\u00f3n en blanco y negro 33 ppm<br \/>\n&#8211; Conectividad WIFI<br \/>\n&#8211; Conectividad inal\u00e1mbrica Wi-Fi<br \/>\n&#8211; Velocidad de Impresi\u00f3n ISO\u2020: 15 p\u00e1ginas por minuto 15 ppm<br \/>\n&#8211; Manejo de Papel: Sin alimentador de documentos<br \/>\n&#8211; Sin Alimentador de Documentos<br \/>\n&#8211; Impresi\u00f3n D\u00faplex: Imprime autom\u00e1ticamente en ambas caras del papel<br \/>\n&#8211; display_displaytype Pantalla en color de 1,44\u201d<br \/>\n&#8211; Resoluci\u00f3n m\u00e1xima de impresi\u00f3n 5760 x 1440 dpi<br \/>\n&#8211; Dimensiones 37.5 cm x 56.7 cm x 25.9 cm<br \/>\n&#8211; Peso 5.2kg<\/p>\n","protected":false},"featured_media":30726,"comment_status":"open","ping_status":"closed","template":"","meta":{"jetpack_publicize_message":"","jetpack_publicize_feature_enabled":true,"jetpack_social_post_already_shared":true,"jetpack_social_options":{"image_generator_settings":{"template":"highway","default_image_id":0,"font":"","enabled":false},"version":2}},"pwb-brand":[188],"product_brand":[],"product_cat":[176],"product_tag":[],"class_list":{"0":"post-30724","1":"product","2":"type-product","3":"status-publish","4":"has-post-thumbnail","6":"pwb-brand-epson","7":"product_cat-impresora-multifuncional","9":"first","10":"instock","11":"sale","12":"taxable","13":"shipping-taxable","14":"purchasable","15":"product-type-simple"},"yoast_head":"<!-- This site is optimized with the Yoast SEO Premium plugin v25.7.1 (Yoast SEO v26.8) - https:\/\/yoast.com\/product\/yoast-seo-premium-wordpress\/ -->\n<title>Impresora Multifuncional a Color Wi-Fi y D\u00faplex EcoTank L4360 Epson - Mivoot<\/title>\n<meta name=\"robots\" content=\"index, follow, max-snippet:-1, max-image-preview:large, max-video-preview:-1\" \/>\n<link rel=\"canonical\" href=\"https:\/\/mivoot.com\/gt\/producto\/impresora-multifuncional-a-color-wi-fi-y-duplex-ecotank-l4360-epson\/\" \/>\n<meta property=\"og:locale\" content=\"es_ES\" \/>\n<meta property=\"og:type\" content=\"article\" \/>\n<meta property=\"og:title\" content=\"Impresora Multifuncional a Color Wi-Fi y D\u00faplex EcoTank L4360 Epson\" \/>\n<meta property=\"og:description\" content=\"- Consumo el\u00e9ctrico 13W - Tecnolog\u00eda de la impresi\u00f3n Inyecci\u00f3n de tinta - Tipo de impresora Multifuncional - Funciones IMPRIME FOTOCOPIA ESCANER - M\u00e9todo de impresi\u00f3n doble faz Si - Velocidad m\u00e1xima de impresi\u00f3n en blanco y negro 33 ppm - Conectividad WIFI - Conectividad inal\u00e1mbrica Wi-Fi - Velocidad de Impresi\u00f3n ISO\u2020: 15 p\u00e1ginas por minuto 15 ppm - Manejo de Papel: Sin alimentador de documentos - Sin Alimentador de Documentos - Impresi\u00f3n D\u00faplex: Imprime autom\u00e1ticamente en ambas caras del papel - display_displaytype Pantalla en color de 1,44\u201d - Resoluci\u00f3n m\u00e1xima de impresi\u00f3n 5760 x 1440 dpi - Dimensiones 37.5 cm x 56.7 cm x 25.9 cm - Peso 5.2kg\" \/>\n<meta property=\"og:url\" content=\"https:\/\/mivoot.com\/gt\/producto\/impresora-multifuncional-a-color-wi-fi-y-duplex-ecotank-l4360-epson\/\" \/>\n<meta property=\"og:site_name\" content=\"Mivoot\" \/>\n<meta property=\"article:publisher\" content=\"https:\/\/www.facebook.com\/mivootgt\" \/>\n<meta property=\"article:modified_time\" content=\"2026-02-02T22:28:45+00:00\" \/>\n<meta property=\"og:image\" content=\"https:\/\/mivoot.com\/gt\/wp-content\/uploads\/2025\/10\/eps0003188_1_2.webp\" \/>\n\t<meta property=\"og:image:width\" content=\"1200\" \/>\n\t<meta property=\"og:image:height\" content=\"1200\" \/>\n\t<meta property=\"og:image:type\" content=\"image\/webp\" \/>\n<meta name=\"twitter:card\" content=\"summary_large_image\" \/>\n<meta name=\"twitter:label1\" content=\"Est. reading time\" \/>\n\t<meta name=\"twitter:data1\" content=\"3 minutos\" \/>\n<script type=\"application\/ld+json\" class=\"yoast-schema-graph\">{\"@context\":\"https:\/\/schema.org\",\"@graph\":[{\"@type\":\"WebPage\",\"@id\":\"https:\/\/mivoot.com\/gt\/producto\/impresora-multifuncional-a-color-wi-fi-y-duplex-ecotank-l4360-epson\/\",\"url\":\"https:\/\/mivoot.com\/gt\/producto\/impresora-multifuncional-a-color-wi-fi-y-duplex-ecotank-l4360-epson\/\",\"name\":\"Impresora Multifuncional a Color Wi-Fi y D\u00faplex EcoTank L4360 Epson - Mivoot\",\"isPartOf\":{\"@id\":\"https:\/\/mivoot.com\/gt\/#website\"},\"primaryImageOfPage\":{\"@id\":\"https:\/\/mivoot.com\/gt\/producto\/impresora-multifuncional-a-color-wi-fi-y-duplex-ecotank-l4360-epson\/#primaryimage\"},\"image\":{\"@id\":\"https:\/\/mivoot.com\/gt\/producto\/impresora-multifuncional-a-color-wi-fi-y-duplex-ecotank-l4360-epson\/#primaryimage\"},\"thumbnailUrl\":\"https:\/\/mivoot.com\/gt\/wp-content\/uploads\/2025\/10\/eps0003188_1_2.webp\",\"datePublished\":\"2025-10-17T01:58:36+00:00\",\"dateModified\":\"2026-02-02T22:28:45+00:00\",\"breadcrumb\":{\"@id\":\"https:\/\/mivoot.com\/gt\/producto\/impresora-multifuncional-a-color-wi-fi-y-duplex-ecotank-l4360-epson\/#breadcrumb\"},\"inLanguage\":\"es\",\"potentialAction\":[{\"@type\":\"ReadAction\",\"target\":[\"https:\/\/mivoot.com\/gt\/producto\/impresora-multifuncional-a-color-wi-fi-y-duplex-ecotank-l4360-epson\/\"]}]},{\"@type\":\"ImageObject\",\"inLanguage\":\"es\",\"@id\":\"https:\/\/mivoot.com\/gt\/producto\/impresora-multifuncional-a-color-wi-fi-y-duplex-ecotank-l4360-epson\/#primaryimage\",\"url\":\"https:\/\/mivoot.com\/gt\/wp-content\/uploads\/2025\/10\/eps0003188_1_2.webp\",\"contentUrl\":\"https:\/\/mivoot.com\/gt\/wp-content\/uploads\/2025\/10\/eps0003188_1_2.webp\",\"width\":1200,\"height\":1200},{\"@type\":\"BreadcrumbList\",\"@id\":\"https:\/\/mivoot.com\/gt\/producto\/impresora-multifuncional-a-color-wi-fi-y-duplex-ecotank-l4360-epson\/#breadcrumb\",\"itemListElement\":[{\"@type\":\"ListItem\",\"position\":1,\"name\":\"Inicio\",\"item\":\"https:\/\/mivoot.com\/gt\/\"},{\"@type\":\"ListItem\",\"position\":2,\"name\":\"Productos\",\"item\":\"https:\/\/mivoot.com\/gt\/producto\/\"},{\"@type\":\"ListItem\",\"position\":3,\"name\":\"Epson\",\"item\":\"https:\/\/mivoot.com\/gt\/marca\/epson\/\"},{\"@type\":\"ListItem\",\"position\":4,\"name\":\"Impresora Multifuncional a Color Wi-Fi y D\u00faplex EcoTank L4360 Epson\"}]},{\"@type\":\"WebSite\",\"@id\":\"https:\/\/mivoot.com\/gt\/#website\",\"url\":\"https:\/\/mivoot.com\/gt\/\",\"name\":\"Mivoot\",\"description\":\"Mivoot Guatemala | Tienda Online\",\"publisher\":{\"@id\":\"https:\/\/mivoot.com\/gt\/#organization\"},\"alternateName\":\"mivoot\",\"potentialAction\":[{\"@type\":\"SearchAction\",\"target\":{\"@type\":\"EntryPoint\",\"urlTemplate\":\"https:\/\/mivoot.com\/gt\/?s={search_term_string}\"},\"query-input\":{\"@type\":\"PropertyValueSpecification\",\"valueRequired\":true,\"valueName\":\"search_term_string\"}}],\"inLanguage\":\"es\"},{\"@type\":\"Organization\",\"@id\":\"https:\/\/mivoot.com\/gt\/#organization\",\"name\":\"Mivoot Guatemala\",\"alternateName\":\"mivoot.com\",\"url\":\"https:\/\/mivoot.com\/gt\/\",\"logo\":{\"@type\":\"ImageObject\",\"inLanguage\":\"es\",\"@id\":\"https:\/\/mivoot.com\/gt\/#\/schema\/logo\/image\/\",\"url\":\"https:\/\/mivoot.com\/gt\/wp-content\/uploads\/2023\/03\/cropped-icon.png\",\"contentUrl\":\"https:\/\/mivoot.com\/gt\/wp-content\/uploads\/2023\/03\/cropped-icon.png\",\"width\":512,\"height\":512,\"caption\":\"Mivoot Guatemala\"},\"image\":{\"@id\":\"https:\/\/mivoot.com\/gt\/#\/schema\/logo\/image\/\"},\"sameAs\":[\"https:\/\/www.facebook.com\/mivootgt\",\"https:\/\/instagram.com\/mivoot\"]}]}<\/script>\n<!-- \/ Yoast SEO Premium plugin. -->","yoast_head_json":{"title":"Impresora Multifuncional a Color Wi-Fi y D\u00faplex EcoTank L4360 Epson - Mivoot","robots":{"index":"index","follow":"follow","max-snippet":"max-snippet:-1","max-image-preview":"max-image-preview:large","max-video-preview":"max-video-preview:-1"},"canonical":"https:\/\/mivoot.com\/gt\/producto\/impresora-multifuncional-a-color-wi-fi-y-duplex-ecotank-l4360-epson\/","og_locale":"es_ES","og_type":"article","og_title":"Impresora Multifuncional a Color Wi-Fi y D\u00faplex EcoTank L4360 Epson","og_description":"- Consumo el\u00e9ctrico 13W - Tecnolog\u00eda de la impresi\u00f3n Inyecci\u00f3n de tinta - Tipo de impresora Multifuncional - Funciones IMPRIME FOTOCOPIA ESCANER - M\u00e9todo de impresi\u00f3n doble faz Si - Velocidad m\u00e1xima de impresi\u00f3n en blanco y negro 33 ppm - Conectividad WIFI - Conectividad inal\u00e1mbrica Wi-Fi - Velocidad de Impresi\u00f3n ISO\u2020: 15 p\u00e1ginas por minuto 15 ppm - Manejo de Papel: Sin alimentador de documentos - Sin Alimentador de Documentos - Impresi\u00f3n D\u00faplex: Imprime autom\u00e1ticamente en ambas caras del papel - display_displaytype Pantalla en color de 1,44\u201d - Resoluci\u00f3n m\u00e1xima de impresi\u00f3n 5760 x 1440 dpi - Dimensiones 37.5 cm x 56.7 cm x 25.9 cm - Peso 5.2kg","og_url":"https:\/\/mivoot.com\/gt\/producto\/impresora-multifuncional-a-color-wi-fi-y-duplex-ecotank-l4360-epson\/","og_site_name":"Mivoot","article_publisher":"https:\/\/www.facebook.com\/mivootgt","article_modified_time":"2026-02-02T22:28:45+00:00","og_image":[{"width":1200,"height":1200,"url":"https:\/\/mivoot.com\/gt\/wp-content\/uploads\/2025\/10\/eps0003188_1_2.webp","type":"image\/webp"}],"twitter_card":"summary_large_image","twitter_misc":{"Est. reading time":"3 minutos"},"schema":{"@context":"https:\/\/schema.org","@graph":[{"@type":"WebPage","@id":"https:\/\/mivoot.com\/gt\/producto\/impresora-multifuncional-a-color-wi-fi-y-duplex-ecotank-l4360-epson\/","url":"https:\/\/mivoot.com\/gt\/producto\/impresora-multifuncional-a-color-wi-fi-y-duplex-ecotank-l4360-epson\/","name":"Impresora Multifuncional a Color Wi-Fi y D\u00faplex EcoTank L4360 Epson - Mivoot","isPartOf":{"@id":"https:\/\/mivoot.com\/gt\/#website"},"primaryImageOfPage":{"@id":"https:\/\/mivoot.com\/gt\/producto\/impresora-multifuncional-a-color-wi-fi-y-duplex-ecotank-l4360-epson\/#primaryimage"},"image":{"@id":"https:\/\/mivoot.com\/gt\/producto\/impresora-multifuncional-a-color-wi-fi-y-duplex-ecotank-l4360-epson\/#primaryimage"},"thumbnailUrl":"https:\/\/mivoot.com\/gt\/wp-content\/uploads\/2025\/10\/eps0003188_1_2.webp","datePublished":"2025-10-17T01:58:36+00:00","dateModified":"2026-02-02T22:28:45+00:00","breadcrumb":{"@id":"https:\/\/mivoot.com\/gt\/producto\/impresora-multifuncional-a-color-wi-fi-y-duplex-ecotank-l4360-epson\/#breadcrumb"},"inLanguage":"es","potentialAction":[{"@type":"ReadAction","target":["https:\/\/mivoot.com\/gt\/producto\/impresora-multifuncional-a-color-wi-fi-y-duplex-ecotank-l4360-epson\/"]}]},{"@type":"ImageObject","inLanguage":"es","@id":"https:\/\/mivoot.com\/gt\/producto\/impresora-multifuncional-a-color-wi-fi-y-duplex-ecotank-l4360-epson\/#primaryimage","url":"https:\/\/mivoot.com\/gt\/wp-content\/uploads\/2025\/10\/eps0003188_1_2.webp","contentUrl":"https:\/\/mivoot.com\/gt\/wp-content\/uploads\/2025\/10\/eps0003188_1_2.webp","width":1200,"height":1200},{"@type":"BreadcrumbList","@id":"https:\/\/mivoot.com\/gt\/producto\/impresora-multifuncional-a-color-wi-fi-y-duplex-ecotank-l4360-epson\/#breadcrumb","itemListElement":[{"@type":"ListItem","position":1,"name":"Inicio","item":"https:\/\/mivoot.com\/gt\/"},{"@type":"ListItem","position":2,"name":"Productos","item":"https:\/\/mivoot.com\/gt\/producto\/"},{"@type":"ListItem","position":3,"name":"Epson","item":"https:\/\/mivoot.com\/gt\/marca\/epson\/"},{"@type":"ListItem","position":4,"name":"Impresora Multifuncional a Color Wi-Fi y D\u00faplex EcoTank L4360 Epson"}]},{"@type":"WebSite","@id":"https:\/\/mivoot.com\/gt\/#website","url":"https:\/\/mivoot.com\/gt\/","name":"Mivoot","description":"Mivoot Guatemala | Tienda Online","publisher":{"@id":"https:\/\/mivoot.com\/gt\/#organization"},"alternateName":"mivoot","potentialAction":[{"@type":"SearchAction","target":{"@type":"EntryPoint","urlTemplate":"https:\/\/mivoot.com\/gt\/?s={search_term_string}"},"query-input":{"@type":"PropertyValueSpecification","valueRequired":true,"valueName":"search_term_string"}}],"inLanguage":"es"},{"@type":"Organization","@id":"https:\/\/mivoot.com\/gt\/#organization","name":"Mivoot Guatemala","alternateName":"mivoot.com","url":"https:\/\/mivoot.com\/gt\/","logo":{"@type":"ImageObject","inLanguage":"es","@id":"https:\/\/mivoot.com\/gt\/#\/schema\/logo\/image\/","url":"https:\/\/mivoot.com\/gt\/wp-content\/uploads\/2023\/03\/cropped-icon.png","contentUrl":"https:\/\/mivoot.com\/gt\/wp-content\/uploads\/2023\/03\/cropped-icon.png","width":512,"height":512,"caption":"Mivoot Guatemala"},"image":{"@id":"https:\/\/mivoot.com\/gt\/#\/schema\/logo\/image\/"},"sameAs":["https:\/\/www.facebook.com\/mivootgt","https:\/\/instagram.com\/mivoot"]}]}},"jetpack_publicize_connections":[],"jetpack_sharing_enabled":true,"brands":[{"id":188,"name":"Epson","slug":"epson"}],"_links":{"self":[{"href":"https:\/\/mivoot.com\/gt\/wp-json\/wp\/v2\/product\/30724","targetHints":{"allow":["GET"]}}],"collection":[{"href":"https:\/\/mivoot.com\/gt\/wp-json\/wp\/v2\/product"}],"about":[{"href":"https:\/\/mivoot.com\/gt\/wp-json\/wp\/v2\/types\/product"}],"replies":[{"embeddable":true,"href":"https:\/\/mivoot.com\/gt\/wp-json\/wp\/v2\/comments?post=30724"}],"version-history":[{"count":1,"href":"https:\/\/mivoot.com\/gt\/wp-json\/wp\/v2\/product\/30724\/revisions"}],"predecessor-version":[{"id":30730,"href":"https:\/\/mivoot.com\/gt\/wp-json\/wp\/v2\/product\/30724\/revisions\/30730"}],"wp:featuredmedia":[{"embeddable":true,"href":"https:\/\/mivoot.com\/gt\/wp-json\/wp\/v2\/media\/30726"}],"wp:attachment":[{"href":"https:\/\/mivoot.com\/gt\/wp-json\/wp\/v2\/media?parent=30724"}],"wp:term":[{"taxonomy":"pwb-brand","embeddable":true,"href":"https:\/\/mivoot.com\/gt\/wp-json\/wp\/v2\/pwb-brand?post=30724"},{"taxonomy":"product_brand","embeddable":true,"href":"https:\/\/mivoot.com\/gt\/wp-json\/wp\/v2\/product_brand?post=30724"},{"taxonomy":"product_cat","embeddable":true,"href":"https:\/\/mivoot.com\/gt\/wp-json\/wp\/v2\/product_cat?post=30724"},{"taxonomy":"product_tag","embeddable":true,"href":"https:\/\/mivoot.com\/gt\/wp-json\/wp\/v2\/product_tag?post=30724"}],"curies":[{"name":"wp","href":"https:\/\/api.w.org\/{rel}","templated":true}]}}