{"id":30823,"date":"2025-10-23T14:24:01","date_gmt":"2025-10-23T20:24:01","guid":{"rendered":"https:\/\/mivoot.com\/gt\/?post_type=product&#038;p=30823"},"modified":"2025-10-23T14:31:52","modified_gmt":"2025-10-23T20:31:52","slug":"barrera-talanquera-vehicular-con-servo-motor-y-barra-led-probg3045l-izquierda-zkteco","status":"publish","type":"product","link":"https:\/\/mivoot.com\/gt\/producto\/barrera-talanquera-vehicular-con-servo-motor-y-barra-led-probg3045l-izquierda-zkteco\/","title":{"rendered":"Barrera Talanquera Vehicular con Servo Motor y Barra LED ProBG3045L Izquierda ZKTeco"},"content":{"rendered":"<div class=\"description\">\n<h1 class=\"product_title entry-title\" style=\"text-align: center;\">Barrera Talanquera Vehicular con Servo Motor y Barra LED ProBG3045L Izquierda ZKTeco<\/h1>\n<p><img decoding=\"async\" src=\"https:\/\/cdn.tvc.mx\/media\/326467\/Barrera-Vehicular-Izquierda-Servo-Motor-4.5metros-2.5segundo-Descripci%C3%B3n-PROBG3045LLED-ZKTECO.png\" \/><\/p>\n<p>PROBG3000 es la serie de barreras vehiculares que reune todas y cada una de estas caracter\u00edsticas. Su dise\u00f1o es el primero en su tipo en adoptar el uso de Servo Motor de alto rendimiento en su mecanismo, el cual provee una estructura simple y confiable con un ciclo de vida amplio, que adem\u00e1s reduce la necesidad de mantenimiento al m\u00ednimo e inlcuye una base de anclaje anticolisi\u00f3n para la pluma que evita rupturas al recibir alg\u00fan impacto.<\/p>\n<\/div>\n<form class=\"cart\" enctype=\"multipart\/form-data\" method=\"post\">\n<div class=\"quantity\">\n<div class=\"row align-items-center padding-bottom-2x\">\n<div class=\"col-md-7 order-md-1 text-md-left text-center\">\n<h2>Caracter\u00edsticas<\/h2>\n<ul>\n<li class=\"ql-align-justify\">Elegante dise\u00f1o con iluminaci\u00f3n LED en el gabiente. con opciones de brazo iluminado y sin iluminar disponibles.<\/li>\n<li class=\"ql-align-justify\">Hasta 5 millones de ciclos antes de una falla severa y una Vida \u00fatil de hasta 10 millones de ciclos.<\/li>\n<li class=\"ql-align-justify\">Velocidad de apertura disponible en 0.9, 2.5 y 3 segundos, seg\u00fan la longitud del m\u00e1stil.<\/li>\n<li class=\"ql-align-justify\">Su dise\u00f1o es apto para trabajar en ambientes extremos. Soporta temperaturas de operaci\u00f3n desde -40\u00b0 C hasta 80\u00b0 C.<\/li>\n<li class=\"ql-align-justify\">Motor dise\u00f1ado para uso continuo con un m\u00ednimo de ruido, desgaste y temperatura.<\/li>\n<li class=\"ql-align-justify\">Apertura manual en caso de falla el\u00e9ctrica .<\/li>\n<li class=\"ql-align-justify\">Dise\u00f1o de alta seguridad en detecci\u00f3n de obst\u00e1culos, incluye funciones de reapertura \/ paro de emergencia y es compatible con sensores de goma para el m\u00e1stil.<\/li>\n<li class=\"ql-align-justify\">El cambio de sentido de la barrera puede ser configurado f\u00e1cilmente en campo.<\/li>\n<li class=\"ql-align-justify\">Modo flotilla incorporado para permitir el paso de m\u00faltiples veh\u00edculos sin la necesidad de cerrar la barrera entre cada uno. La barrera lleva un conteo de cu\u00e1ntos accesos autorizados recibe y espera a que pase cada uno de ellos antes de cerrar.<\/li>\n<li class=\"ql-align-justify\">Voltaje de alimentaci\u00f3n flexible, desde 110 Vac hasta 240 Vac. Adem\u00e1s su dise\u00f1o con ServoMotor de 24 Vdc permite el uso de respaldos con bater\u00eda.<\/li>\n<li class=\"ql-align-justify\">Bajo consumo energ\u00e9tico, ahorre hasta 500 Wh anualmente.<\/li>\n<\/ul>\n<\/div>\n<\/div>\n<div class=\"row align-items-center padding-bottom-2x\">\n<div class=\"col-md-7 text-md-left text-center\">\n<h2>servomotor DC 24V<\/h2>\n<ul data-checked=\"false\">\n<li class=\"ql-align-justify\">Motor reductor y el\u00e9ctrica integrados.<\/li>\n<li class=\"ql-align-justify\">Silencioso<\/li>\n<li class=\"ql-align-justify\">Libre de aceite<\/li>\n<li class=\"ql-align-justify\">Libre de mantenimiento. Largo Ciclo de vida \u00fatil.<\/li>\n<li class=\"ql-align-justify\">Transmisi\u00f3n altamente eficiente y precisa.<\/li>\n<li class=\"ql-align-justify\">Calentamiento m\u00ednimo a\u00fan en ambientes de trabajo de ciclo continuo.<\/li>\n<\/ul>\n<\/div>\n<\/div>\n<div class=\"row align-items-center padding-bottom-2x\">\n<div class=\"col-md-7 order-md-1 text-md-left text-center\">\n<h2>Estructura de la transmisi\u00f3n<\/h2>\n<ul data-checked=\"false\">\n<li class=\"ql-align-justify\">Simple y eficiente con un bajo indice de falla.<\/li>\n<li class=\"ql-align-justify\">Dise\u00f1o libre de llaves, evita desgaste y problemas futuros.<\/li>\n<li class=\"ql-align-justify\">Hierro d\u00factil en la base para una mayor durabilidad.<\/li>\n<\/ul>\n<\/div>\n<\/div>\n<div class=\"row align-items-center padding-bottom-2x\">\n<div class=\"col-md-7 text-md-left text-center\">\n<h2>Panel de control<\/h2>\n<ul data-checked=\"false\">\n<li class=\"ql-align-justify\">Tecnolog\u00eda totalmente digital.<\/li>\n<li class=\"ql-align-justify\">Soporta temperaturas de trabajo extremas de hasta 125\u00b0C.<\/li>\n<li class=\"ql-align-justify\">Funci\u00f3n de auto diagn\u00f3stico de fallas con sistema de alertas.<\/li>\n<\/ul>\n<p><span style=\"font-size: 23.04px; color: #333333;\">Balanceo por resortes<\/span><\/p>\n<\/div>\n<\/div>\n<div class=\"row align-items-center padding-bottom-2x\">\n<div class=\"col-md-7 order-md-1 text-md-left text-center\">\n<ul data-checked=\"false\">\n<li class=\"ql-align-justify\">Altamente durable y eficiente.<\/li>\n<li class=\"ql-align-justify\">Dise\u00f1o estructural amigable con el instalador, facilita el ajuste y el balanceo del mecanismo<\/li>\n<\/ul>\n<\/div>\n<\/div>\n<\/div>\n<\/form>\n","protected":false},"excerpt":{"rendered":"<p>&#8211; Tipo de Motor Servomotor<br \/>\n&#8211; M\u00e1stil recto<br \/>\n&#8211; Longitud de M\u00e1stil en 3m \/ 4.5m \/ 6m (ajustable)<br \/>\n&#8211; Nivel de Protecci\u00f3n IP 65<br \/>\n&#8211; Temperatura de Operaci\u00f3n -40 \u00b0C ~ +75 \u00b0C<br \/>\n&#8211; Voltaje de Operaci\u00f3n 120 ~ 240 Vac, Motor 24 Vdc<br \/>\n&#8211; Frecuencia 50 &#8211; 60 Hz<br \/>\n&#8211; Consumo de Potencia 100W<br \/>\n&#8211; Material del Gabinete Pintura horneada<br \/>\n&#8211; Dimensiones del Gabinete 360 x 330 x 1000mm<br \/>\n&#8211; Peso Neto 48 Kg<\/p>\n","protected":false},"featured_media":30824,"comment_status":"open","ping_status":"closed","template":"","meta":{"jetpack_publicize_message":"","jetpack_publicize_feature_enabled":true,"jetpack_social_post_already_shared":true,"jetpack_social_options":{"image_generator_settings":{"template":"highway","default_image_id":0,"font":"","enabled":false},"version":2}},"pwb-brand":[101],"product_brand":[],"product_cat":[514],"product_tag":[],"class_list":{"0":"post-30823","1":"product","2":"type-product","3":"status-publish","4":"has-post-thumbnail","6":"pwb-brand-zkteco-guatemala","7":"product_cat-control-de-acceso-y-seguridad","9":"first","10":"instock","11":"taxable","12":"shipping-taxable","13":"purchasable","14":"product-type-simple"},"yoast_head":"<!-- This site is optimized with the Yoast SEO Premium plugin v25.7.1 (Yoast SEO v26.8) - https:\/\/yoast.com\/product\/yoast-seo-premium-wordpress\/ -->\n<title>Barrera Talanquera Vehicular con Servo Motor y Barra LED ProBG3045L Izquierda ZKTeco - Mivoot<\/title>\n<meta name=\"robots\" content=\"index, follow, max-snippet:-1, max-image-preview:large, max-video-preview:-1\" \/>\n<link rel=\"canonical\" href=\"https:\/\/mivoot.com\/gt\/producto\/barrera-talanquera-vehicular-con-servo-motor-y-barra-led-probg3045l-izquierda-zkteco\/\" \/>\n<meta property=\"og:locale\" content=\"es_ES\" \/>\n<meta property=\"og:type\" content=\"article\" \/>\n<meta property=\"og:title\" content=\"Barrera Talanquera Vehicular con Servo Motor y Barra LED ProBG3045L Izquierda ZKTeco\" \/>\n<meta property=\"og:description\" content=\"- Tipo de Motor Servomotor - M\u00e1stil recto - Longitud de M\u00e1stil en 3m \/ 4.5m \/ 6m (ajustable) - Nivel de Protecci\u00f3n IP 65 - Temperatura de Operaci\u00f3n -40 \u00b0C ~ +75 \u00b0C - Voltaje de Operaci\u00f3n 120 ~ 240 Vac, Motor 24 Vdc - Frecuencia 50 - 60 Hz - Consumo de Potencia 100W - Material del Gabinete Pintura horneada - Dimensiones del Gabinete 360 x 330 x 1000mm - Peso Neto 48 Kg\" \/>\n<meta property=\"og:url\" content=\"https:\/\/mivoot.com\/gt\/producto\/barrera-talanquera-vehicular-con-servo-motor-y-barra-led-probg3045l-izquierda-zkteco\/\" \/>\n<meta property=\"og:site_name\" content=\"Mivoot\" \/>\n<meta property=\"article:publisher\" content=\"https:\/\/www.facebook.com\/mivootgt\" \/>\n<meta property=\"article:modified_time\" content=\"2025-10-23T20:31:52+00:00\" \/>\n<meta property=\"og:image\" content=\"https:\/\/mivoot.com\/gt\/wp-content\/uploads\/2025\/10\/PROBG3045LLED.jpg\" \/>\n\t<meta property=\"og:image:width\" content=\"800\" \/>\n\t<meta property=\"og:image:height\" content=\"800\" \/>\n\t<meta property=\"og:image:type\" content=\"image\/jpeg\" \/>\n<meta name=\"twitter:card\" content=\"summary_large_image\" \/>\n<meta name=\"twitter:label1\" content=\"Est. reading time\" \/>\n\t<meta name=\"twitter:data1\" content=\"3 minutos\" \/>\n<script type=\"application\/ld+json\" class=\"yoast-schema-graph\">{\"@context\":\"https:\/\/schema.org\",\"@graph\":[{\"@type\":\"WebPage\",\"@id\":\"https:\/\/mivoot.com\/gt\/producto\/barrera-talanquera-vehicular-con-servo-motor-y-barra-led-probg3045l-izquierda-zkteco\/\",\"url\":\"https:\/\/mivoot.com\/gt\/producto\/barrera-talanquera-vehicular-con-servo-motor-y-barra-led-probg3045l-izquierda-zkteco\/\",\"name\":\"Barrera Talanquera Vehicular con Servo Motor y Barra LED ProBG3045L Izquierda ZKTeco - Mivoot\",\"isPartOf\":{\"@id\":\"https:\/\/mivoot.com\/gt\/#website\"},\"primaryImageOfPage\":{\"@id\":\"https:\/\/mivoot.com\/gt\/producto\/barrera-talanquera-vehicular-con-servo-motor-y-barra-led-probg3045l-izquierda-zkteco\/#primaryimage\"},\"image\":{\"@id\":\"https:\/\/mivoot.com\/gt\/producto\/barrera-talanquera-vehicular-con-servo-motor-y-barra-led-probg3045l-izquierda-zkteco\/#primaryimage\"},\"thumbnailUrl\":\"https:\/\/mivoot.com\/gt\/wp-content\/uploads\/2025\/10\/PROBG3045LLED.jpg\",\"datePublished\":\"2025-10-23T20:24:01+00:00\",\"dateModified\":\"2025-10-23T20:31:52+00:00\",\"breadcrumb\":{\"@id\":\"https:\/\/mivoot.com\/gt\/producto\/barrera-talanquera-vehicular-con-servo-motor-y-barra-led-probg3045l-izquierda-zkteco\/#breadcrumb\"},\"inLanguage\":\"es\",\"potentialAction\":[{\"@type\":\"ReadAction\",\"target\":[\"https:\/\/mivoot.com\/gt\/producto\/barrera-talanquera-vehicular-con-servo-motor-y-barra-led-probg3045l-izquierda-zkteco\/\"]}]},{\"@type\":\"ImageObject\",\"inLanguage\":\"es\",\"@id\":\"https:\/\/mivoot.com\/gt\/producto\/barrera-talanquera-vehicular-con-servo-motor-y-barra-led-probg3045l-izquierda-zkteco\/#primaryimage\",\"url\":\"https:\/\/mivoot.com\/gt\/wp-content\/uploads\/2025\/10\/PROBG3045LLED.jpg\",\"contentUrl\":\"https:\/\/mivoot.com\/gt\/wp-content\/uploads\/2025\/10\/PROBG3045LLED.jpg\",\"width\":800,\"height\":800},{\"@type\":\"BreadcrumbList\",\"@id\":\"https:\/\/mivoot.com\/gt\/producto\/barrera-talanquera-vehicular-con-servo-motor-y-barra-led-probg3045l-izquierda-zkteco\/#breadcrumb\",\"itemListElement\":[{\"@type\":\"ListItem\",\"position\":1,\"name\":\"Inicio\",\"item\":\"https:\/\/mivoot.com\/gt\/\"},{\"@type\":\"ListItem\",\"position\":2,\"name\":\"Productos\",\"item\":\"https:\/\/mivoot.com\/gt\/producto\/\"},{\"@type\":\"ListItem\",\"position\":3,\"name\":\"ZKTeco\",\"item\":\"https:\/\/mivoot.com\/gt\/marca\/zkteco-guatemala\/\"},{\"@type\":\"ListItem\",\"position\":4,\"name\":\"Barrera Talanquera Vehicular con Servo Motor y Barra LED ProBG3045L Izquierda ZKTeco\"}]},{\"@type\":\"WebSite\",\"@id\":\"https:\/\/mivoot.com\/gt\/#website\",\"url\":\"https:\/\/mivoot.com\/gt\/\",\"name\":\"Mivoot\",\"description\":\"Mivoot Guatemala | Tienda Online\",\"publisher\":{\"@id\":\"https:\/\/mivoot.com\/gt\/#organization\"},\"alternateName\":\"mivoot\",\"potentialAction\":[{\"@type\":\"SearchAction\",\"target\":{\"@type\":\"EntryPoint\",\"urlTemplate\":\"https:\/\/mivoot.com\/gt\/?s={search_term_string}\"},\"query-input\":{\"@type\":\"PropertyValueSpecification\",\"valueRequired\":true,\"valueName\":\"search_term_string\"}}],\"inLanguage\":\"es\"},{\"@type\":\"Organization\",\"@id\":\"https:\/\/mivoot.com\/gt\/#organization\",\"name\":\"Mivoot Guatemala\",\"alternateName\":\"mivoot.com\",\"url\":\"https:\/\/mivoot.com\/gt\/\",\"logo\":{\"@type\":\"ImageObject\",\"inLanguage\":\"es\",\"@id\":\"https:\/\/mivoot.com\/gt\/#\/schema\/logo\/image\/\",\"url\":\"https:\/\/mivoot.com\/gt\/wp-content\/uploads\/2023\/03\/cropped-icon.png\",\"contentUrl\":\"https:\/\/mivoot.com\/gt\/wp-content\/uploads\/2023\/03\/cropped-icon.png\",\"width\":512,\"height\":512,\"caption\":\"Mivoot Guatemala\"},\"image\":{\"@id\":\"https:\/\/mivoot.com\/gt\/#\/schema\/logo\/image\/\"},\"sameAs\":[\"https:\/\/www.facebook.com\/mivootgt\",\"https:\/\/instagram.com\/mivoot\"]}]}<\/script>\n<!-- \/ Yoast SEO Premium plugin. -->","yoast_head_json":{"title":"Barrera Talanquera Vehicular con Servo Motor y Barra LED ProBG3045L Izquierda ZKTeco - Mivoot","robots":{"index":"index","follow":"follow","max-snippet":"max-snippet:-1","max-image-preview":"max-image-preview:large","max-video-preview":"max-video-preview:-1"},"canonical":"https:\/\/mivoot.com\/gt\/producto\/barrera-talanquera-vehicular-con-servo-motor-y-barra-led-probg3045l-izquierda-zkteco\/","og_locale":"es_ES","og_type":"article","og_title":"Barrera Talanquera Vehicular con Servo Motor y Barra LED ProBG3045L Izquierda ZKTeco","og_description":"- Tipo de Motor Servomotor - M\u00e1stil recto - Longitud de M\u00e1stil en 3m \/ 4.5m \/ 6m (ajustable) - Nivel de Protecci\u00f3n IP 65 - Temperatura de Operaci\u00f3n -40 \u00b0C ~ +75 \u00b0C - Voltaje de Operaci\u00f3n 120 ~ 240 Vac, Motor 24 Vdc - Frecuencia 50 - 60 Hz - Consumo de Potencia 100W - Material del Gabinete Pintura horneada - Dimensiones del Gabinete 360 x 330 x 1000mm - Peso Neto 48 Kg","og_url":"https:\/\/mivoot.com\/gt\/producto\/barrera-talanquera-vehicular-con-servo-motor-y-barra-led-probg3045l-izquierda-zkteco\/","og_site_name":"Mivoot","article_publisher":"https:\/\/www.facebook.com\/mivootgt","article_modified_time":"2025-10-23T20:31:52+00:00","og_image":[{"width":800,"height":800,"url":"https:\/\/mivoot.com\/gt\/wp-content\/uploads\/2025\/10\/PROBG3045LLED.jpg","type":"image\/jpeg"}],"twitter_card":"summary_large_image","twitter_misc":{"Est. reading time":"3 minutos"},"schema":{"@context":"https:\/\/schema.org","@graph":[{"@type":"WebPage","@id":"https:\/\/mivoot.com\/gt\/producto\/barrera-talanquera-vehicular-con-servo-motor-y-barra-led-probg3045l-izquierda-zkteco\/","url":"https:\/\/mivoot.com\/gt\/producto\/barrera-talanquera-vehicular-con-servo-motor-y-barra-led-probg3045l-izquierda-zkteco\/","name":"Barrera Talanquera Vehicular con Servo Motor y Barra LED ProBG3045L Izquierda ZKTeco - Mivoot","isPartOf":{"@id":"https:\/\/mivoot.com\/gt\/#website"},"primaryImageOfPage":{"@id":"https:\/\/mivoot.com\/gt\/producto\/barrera-talanquera-vehicular-con-servo-motor-y-barra-led-probg3045l-izquierda-zkteco\/#primaryimage"},"image":{"@id":"https:\/\/mivoot.com\/gt\/producto\/barrera-talanquera-vehicular-con-servo-motor-y-barra-led-probg3045l-izquierda-zkteco\/#primaryimage"},"thumbnailUrl":"https:\/\/mivoot.com\/gt\/wp-content\/uploads\/2025\/10\/PROBG3045LLED.jpg","datePublished":"2025-10-23T20:24:01+00:00","dateModified":"2025-10-23T20:31:52+00:00","breadcrumb":{"@id":"https:\/\/mivoot.com\/gt\/producto\/barrera-talanquera-vehicular-con-servo-motor-y-barra-led-probg3045l-izquierda-zkteco\/#breadcrumb"},"inLanguage":"es","potentialAction":[{"@type":"ReadAction","target":["https:\/\/mivoot.com\/gt\/producto\/barrera-talanquera-vehicular-con-servo-motor-y-barra-led-probg3045l-izquierda-zkteco\/"]}]},{"@type":"ImageObject","inLanguage":"es","@id":"https:\/\/mivoot.com\/gt\/producto\/barrera-talanquera-vehicular-con-servo-motor-y-barra-led-probg3045l-izquierda-zkteco\/#primaryimage","url":"https:\/\/mivoot.com\/gt\/wp-content\/uploads\/2025\/10\/PROBG3045LLED.jpg","contentUrl":"https:\/\/mivoot.com\/gt\/wp-content\/uploads\/2025\/10\/PROBG3045LLED.jpg","width":800,"height":800},{"@type":"BreadcrumbList","@id":"https:\/\/mivoot.com\/gt\/producto\/barrera-talanquera-vehicular-con-servo-motor-y-barra-led-probg3045l-izquierda-zkteco\/#breadcrumb","itemListElement":[{"@type":"ListItem","position":1,"name":"Inicio","item":"https:\/\/mivoot.com\/gt\/"},{"@type":"ListItem","position":2,"name":"Productos","item":"https:\/\/mivoot.com\/gt\/producto\/"},{"@type":"ListItem","position":3,"name":"ZKTeco","item":"https:\/\/mivoot.com\/gt\/marca\/zkteco-guatemala\/"},{"@type":"ListItem","position":4,"name":"Barrera Talanquera Vehicular con Servo Motor y Barra LED ProBG3045L Izquierda ZKTeco"}]},{"@type":"WebSite","@id":"https:\/\/mivoot.com\/gt\/#website","url":"https:\/\/mivoot.com\/gt\/","name":"Mivoot","description":"Mivoot Guatemala | Tienda Online","publisher":{"@id":"https:\/\/mivoot.com\/gt\/#organization"},"alternateName":"mivoot","potentialAction":[{"@type":"SearchAction","target":{"@type":"EntryPoint","urlTemplate":"https:\/\/mivoot.com\/gt\/?s={search_term_string}"},"query-input":{"@type":"PropertyValueSpecification","valueRequired":true,"valueName":"search_term_string"}}],"inLanguage":"es"},{"@type":"Organization","@id":"https:\/\/mivoot.com\/gt\/#organization","name":"Mivoot Guatemala","alternateName":"mivoot.com","url":"https:\/\/mivoot.com\/gt\/","logo":{"@type":"ImageObject","inLanguage":"es","@id":"https:\/\/mivoot.com\/gt\/#\/schema\/logo\/image\/","url":"https:\/\/mivoot.com\/gt\/wp-content\/uploads\/2023\/03\/cropped-icon.png","contentUrl":"https:\/\/mivoot.com\/gt\/wp-content\/uploads\/2023\/03\/cropped-icon.png","width":512,"height":512,"caption":"Mivoot Guatemala"},"image":{"@id":"https:\/\/mivoot.com\/gt\/#\/schema\/logo\/image\/"},"sameAs":["https:\/\/www.facebook.com\/mivootgt","https:\/\/instagram.com\/mivoot"]}]}},"jetpack_publicize_connections":[],"jetpack_sharing_enabled":true,"brands":[{"id":101,"name":"ZKTeco","slug":"zkteco-guatemala"}],"_links":{"self":[{"href":"https:\/\/mivoot.com\/gt\/wp-json\/wp\/v2\/product\/30823","targetHints":{"allow":["GET"]}}],"collection":[{"href":"https:\/\/mivoot.com\/gt\/wp-json\/wp\/v2\/product"}],"about":[{"href":"https:\/\/mivoot.com\/gt\/wp-json\/wp\/v2\/types\/product"}],"replies":[{"embeddable":true,"href":"https:\/\/mivoot.com\/gt\/wp-json\/wp\/v2\/comments?post=30823"}],"version-history":[{"count":1,"href":"https:\/\/mivoot.com\/gt\/wp-json\/wp\/v2\/product\/30823\/revisions"}],"predecessor-version":[{"id":30831,"href":"https:\/\/mivoot.com\/gt\/wp-json\/wp\/v2\/product\/30823\/revisions\/30831"}],"wp:featuredmedia":[{"embeddable":true,"href":"https:\/\/mivoot.com\/gt\/wp-json\/wp\/v2\/media\/30824"}],"wp:attachment":[{"href":"https:\/\/mivoot.com\/gt\/wp-json\/wp\/v2\/media?parent=30823"}],"wp:term":[{"taxonomy":"pwb-brand","embeddable":true,"href":"https:\/\/mivoot.com\/gt\/wp-json\/wp\/v2\/pwb-brand?post=30823"},{"taxonomy":"product_brand","embeddable":true,"href":"https:\/\/mivoot.com\/gt\/wp-json\/wp\/v2\/product_brand?post=30823"},{"taxonomy":"product_cat","embeddable":true,"href":"https:\/\/mivoot.com\/gt\/wp-json\/wp\/v2\/product_cat?post=30823"},{"taxonomy":"product_tag","embeddable":true,"href":"https:\/\/mivoot.com\/gt\/wp-json\/wp\/v2\/product_tag?post=30823"}],"curies":[{"name":"wp","href":"https:\/\/api.w.org\/{rel}","templated":true}]}}