{"id":30957,"date":"2025-11-04T13:30:59","date_gmt":"2025-11-04T19:30:59","guid":{"rendered":"https:\/\/mivoot.com\/gt\/?post_type=product&#038;p=30957"},"modified":"2025-11-04T16:00:49","modified_gmt":"2025-11-04T22:00:49","slug":"xiaomi-15t-pro-512gb-12gb-ram-rose-gold","status":"publish","type":"product","link":"https:\/\/mivoot.com\/gt\/producto\/xiaomi-15t-pro-512gb-12gb-ram-rose-gold\/","title":{"rendered":"Celular Xiaomi 15T Pro 512GB 12GB RAM Rose Gold"},"content":{"rendered":"<h1 style=\"text-align: center;\">Xiaomi 15T Pro 512GB 12GB RAM<\/h1>\n<ul>\n<li>Potente rendimiento para multitarea, gaming y creaci\u00f3n de contenido gracias al procesador MediaTek Dimensity 9400+ (3 nm) + 12 GB RAM + almacenamiento UFS 4.1.<\/li>\n<li>Pantalla AMOLED de 6,83\u2033 con resoluci\u00f3n 2772\u00d71280, tasa de refresco de 144 Hz, brillo m\u00e1ximo hasta 3200 nits y protecci\u00f3n Gorilla Glass 7i.<\/li>\n<li>C\u00e1mara trasera triple \u201cprofesional\u201d con \u00f3ptica Leica: sensor principal de 50 MP con Super Pixel 4-en-1, teleobjetivo \u00f3ptico 5\u00d7 (50 MP) + ultra gran angular de 12 MP. Ideal para fotograf\u00eda vers\u00e1til.<\/li>\n<li>Grabaci\u00f3n de video de alta gama: soporte para 8 K a 30 fps y 4 K hasta 120 fps.<\/li>\n<li>Bater\u00eda de gran capacidad (5 500 mAh) con carga r\u00e1pida por cable de hasta 90 W y carga inal\u00e1mbrica de hasta 50 W.<\/li>\n<li>Construcci\u00f3n premium y durabilidad: resistencia al agua y al polvo con certificaci\u00f3n IP68, marco de aluminio, trasera de fibra de vidrio reforzada, biseles ultradelgados.<\/li>\n<li>Conectividad de \u00faltima generaci\u00f3n 5G: doble SIM (incluye eSIM), Wi-Fi 7, Bluetooth 6.0, NFC, y sistema de navegaci\u00f3n avanzado con m\u00faltiples constelaciones GPS.<\/li>\n<\/ul>\n<p><img decoding=\"async\" src=\"https:\/\/m.media-amazon.com\/images\/S\/aplus-media-library-service-media\/a1f54a2d-0426-4bdb-8e5d-2623bc28e93f.__CR0,0,1464,600_PT0_SX1464_V1___.jpg\" alt=\"Im\u00e1genes de demostraci\u00f3n del producto que muestran los efectos de iluminaci\u00f3n, con superposiciones de texto en espa\u00f1ol que explican las caracter\u00edsticas y especificaciones de la l\u00e1mpara. Se muestran escenas de iluminaci\u00f3n atmosf\u00e9rica oscura.\" \/><img decoding=\"async\" class=\"aligncenter\" src=\"https:\/\/m.media-amazon.com\/images\/I\/611jmwZQYWL._AC_SL1000_.jpg\" \/><\/p>\n<p><img decoding=\"async\" src=\"https:\/\/m.media-amazon.com\/images\/I\/61YAUpv4hjL._AC_SL1500_.jpg\" \/><img decoding=\"async\" src=\"https:\/\/m.media-amazon.com\/images\/S\/aplus-media-library-service-media\/fdaeb310-a1cd-4a09-89c5-6db268eee9cf.__CR0,0,1464,600_PT0_SX1464_V1___.jpg\" alt=\"aplus content image\" \/><img decoding=\"async\" src=\"https:\/\/m.media-amazon.com\/images\/S\/aplus-media-library-service-media\/7b4b7b78-0994-4e7e-beee-4be8b2add953.__CR0,0,1464,600_PT0_SX1464_V1___.jpg\" alt=\"El texto dice \u00abFotografie Spotlights\u00bb. Serie de fotograf\u00edas arquitect\u00f3nicas exteriores que muestran escenas exteriores y patios de edificios de ladrillo rojo.\" \/><img decoding=\"async\" src=\"https:\/\/m.media-amazon.com\/images\/S\/aplus-media-library-service-media\/0fc3def5-aeee-4d2f-acf3-e63c4bae62b4.__CR0,0,1464,600_PT0_SX1464_V1___.jpg\" alt=\"aplus content image\" \/><img decoding=\"async\" src=\"https:\/\/m.media-amazon.com\/images\/I\/61TDonozJjL._AC_SL1500_.jpg\" \/><img decoding=\"async\" src=\"https:\/\/m.media-amazon.com\/images\/S\/aplus-media-library-service-media\/7cd43e48-e8b5-45bb-8eb8-dd2700797014.__CR0,0,1464,600_PT0_SX1464_V1___.jpg\" alt=\"aplus content image\" \/><img decoding=\"async\" src=\"https:\/\/m.media-amazon.com\/images\/S\/aplus-media-library-service-media\/4cd1a0fa-e782-48d4-9ec5-1962471b1d7d.__CR0,0,1464,600_PT0_SX1464_V1___.jpg\" alt=\"aplus content image\" \/><img decoding=\"async\" src=\"https:\/\/m.media-amazon.com\/images\/I\/61-I3BVgaOL._AC_SL1500_.jpg\" \/><img decoding=\"async\" src=\"https:\/\/m.media-amazon.com\/images\/S\/aplus-media-library-service-media\/613d5b98-3313-49ca-928b-bfcd99b98394.__CR0,0,1464,600_PT0_SX1464_V1___.jpg\" alt=\"aplus content image\" \/><img decoding=\"async\" src=\"https:\/\/m.media-amazon.com\/images\/S\/aplus-media-library-service-media\/d878bc16-7560-44e1-b26f-0c458b8b2cd1.__CR0,0,1464,600_PT0_SX1464_V1___.jpg\" alt=\"aplus content image\" \/><img decoding=\"async\" src=\"https:\/\/m.media-amazon.com\/images\/S\/aplus-media-library-service-media\/7461d3e0-2cd1-4466-9765-fc123af4c9f0.__CR0,0,1464,600_PT0_SX1464_V1___.jpg\" alt=\"aplus content image\" \/><img decoding=\"async\" src=\"https:\/\/m.media-amazon.com\/images\/S\/aplus-media-library-service-media\/58b822f1-c2da-40df-b0ab-b6bf9757d9cf.__CR0,0,1464,600_PT0_SX1464_V1___.jpg\" alt=\"aplus content image\" \/><img decoding=\"async\" src=\"https:\/\/m.media-amazon.com\/images\/I\/61AjkzSLIUL._AC_SL1500_.jpg\" \/><img decoding=\"async\" src=\"https:\/\/m.media-amazon.com\/images\/S\/aplus-media-library-service-media\/fd2e2413-3e66-464d-9ca0-551fb7aef9b2.__CR0,0,1464,600_PT0_SX1464_V1___.jpg\" alt=\"aplus content image\" \/><img decoding=\"async\" src=\"https:\/\/m.media-amazon.com\/images\/S\/aplus-media-library-service-media\/8d43b231-d4a5-43d8-94b9-a7bb2afd735f.__CR0,0,1464,600_PT0_SX1464_V1___.jpg\" alt=\"aplus content image\" \/><img decoding=\"async\" src=\"https:\/\/m.media-amazon.com\/images\/S\/aplus-media-library-service-media\/fcba50cd-2c01-4f40-b9b3-1c7096dfa72c.__CR0,0,1464,600_PT0_SX1464_V1___.jpg\" alt=\"aplus content image\" \/><img decoding=\"async\" class=\"aligncenter\" src=\"https:\/\/i02.appmifile.com\/448_operator_sg\/27\/08\/2025\/b4d6026a1c608a0546b62c25ddaf5b87.png\" \/><img decoding=\"async\" class=\"aligncenter\" src=\"https:\/\/m.media-amazon.com\/images\/I\/51k2fq1fVZL._AC_SL1000_.jpg\" \/><\/p>\n","protected":false},"excerpt":{"rendered":"<p>&#8211; RAM y almacenamiento 12+512GB<br \/>\n&#8211; Sistema operativo Xiaomi HyperOS 2<br \/>\n&#8211; Procesador MediaTek Dimensity 9400+<br \/>\n&#8211; Pantalla de 6.83&#8243; y 144Hz con cuidado ocular<br \/>\n&#8211; Brillo m\u00e1ximo: 3200nits que cubren el 25% del \u00e1rea de la pantalla<br \/>\n&#8211; Material: AMOLED<br \/>\n&#8211; Resoluci\u00f3n: 2772 x 1280, 447ppi<br \/>\n&#8211; C\u00e1mara trasera Lente \u00f3ptico Leica Summilux<br \/>\n&#8211; C\u00e1mara principal Leica de 23mm 50MP<br \/>\n&#8211; C\u00e1mara con supertelefoto Leica de 115mm 50MP<br \/>\n&#8211; C\u00e1mara ultra gran angular Leica de 15mm 12MP<br \/>\n&#8211; C\u00e1mara frontal C\u00e1mara para selfies en pantalla de 32MP<br \/>\n&#8211; Bater\u00eda Xiaomi Surge de 5500mAh (t\u00edp)<br \/>\n&#8211; HyperCharge de 90W*<br \/>\n&#8211; Xiaomi HyperAI<br \/>\n&#8211; Sistema de refrigeraci\u00f3n Xiaomi 3D IceLoop<br \/>\n&#8211; Sensor de huellas digitales en pantalla<br \/>\n&#8211; Desbloqueo facial mediante AI<br \/>\n&#8211; SIM dual (nano SIM + nano SIM o nano SIM + eSIM o eSIM + eSIM)<br \/>\n&#8211; Redes inal\u00e1mbricas Capacidad Wi-Fi 6E<br \/>\n&#8211; NFC Si Disponible para pagos<br \/>\n&#8211; Altavoces duales Dolby Atmos\u00ae<br \/>\n&#8211; Resistente a salpicaduras, agua y polvo IP68<br \/>\n&#8211; Dimensiones Altura: 162.7mmAncho: 77.9mm Grosor: 7.96mm<br \/>\n&#8211; Peso: 210g<\/p>\n","protected":false},"featured_media":30945,"comment_status":"open","ping_status":"closed","template":"","meta":{"jetpack_publicize_message":"","jetpack_publicize_feature_enabled":true,"jetpack_social_post_already_shared":true,"jetpack_social_options":{"image_generator_settings":{"template":"highway","default_image_id":0,"font":"","enabled":false},"version":2}},"pwb-brand":[94],"product_brand":[],"product_cat":[184],"product_tag":[],"class_list":{"0":"post-30957","1":"product","2":"type-product","3":"status-publish","4":"has-post-thumbnail","6":"pwb-brand-xiaomi","7":"product_cat-celulares","9":"first","10":"instock","11":"taxable","12":"shipping-taxable","13":"purchasable","14":"product-type-simple"},"yoast_head":"<!-- This site is optimized with the Yoast SEO Premium plugin v25.7.1 (Yoast SEO v26.8) - https:\/\/yoast.com\/product\/yoast-seo-premium-wordpress\/ -->\n<title>Celular Xiaomi 15T Pro 512GB 12GB RAM Rose Gold - Mivoot<\/title>\n<meta name=\"robots\" content=\"index, follow, max-snippet:-1, max-image-preview:large, max-video-preview:-1\" \/>\n<link rel=\"canonical\" href=\"https:\/\/mivoot.com\/gt\/producto\/xiaomi-15t-pro-512gb-12gb-ram-rose-gold\/\" \/>\n<meta property=\"og:locale\" content=\"es_ES\" \/>\n<meta property=\"og:type\" content=\"article\" \/>\n<meta property=\"og:title\" content=\"Celular Xiaomi 15T Pro 512GB 12GB RAM Rose Gold\" \/>\n<meta property=\"og:description\" content=\"- RAM y almacenamiento 12+512GB - Sistema operativo Xiaomi HyperOS 2 - Procesador MediaTek Dimensity 9400+ - Pantalla de 6.83&quot; y 144Hz con cuidado ocular - Brillo m\u00e1ximo: 3200nits que cubren el 25% del \u00e1rea de la pantalla - Material: AMOLED - Resoluci\u00f3n: 2772 x 1280, 447ppi - C\u00e1mara trasera Lente \u00f3ptico Leica Summilux - C\u00e1mara principal Leica de 23mm 50MP - C\u00e1mara con supertelefoto Leica de 115mm 50MP - C\u00e1mara ultra gran angular Leica de 15mm 12MP - C\u00e1mara frontal C\u00e1mara para selfies en pantalla de 32MP - Bater\u00eda Xiaomi Surge de 5500mAh (t\u00edp) - HyperCharge de 90W* - Xiaomi HyperAI - Sistema de refrigeraci\u00f3n Xiaomi 3D IceLoop - Sensor de huellas digitales en pantalla - Desbloqueo facial mediante AI - SIM dual (nano SIM + nano SIM o nano SIM + eSIM o eSIM + eSIM) - Redes inal\u00e1mbricas Capacidad Wi-Fi 6E - NFC Si Disponible para pagos - Altavoces duales Dolby Atmos\u00ae - Resistente a salpicaduras, agua y polvo IP68 - Dimensiones Altura: 162.7mmAncho: 77.9mm Grosor: 7.96mm - Peso: 210g\" \/>\n<meta property=\"og:url\" content=\"https:\/\/mivoot.com\/gt\/producto\/xiaomi-15t-pro-512gb-12gb-ram-rose-gold\/\" \/>\n<meta property=\"og:site_name\" content=\"Mivoot\" \/>\n<meta property=\"article:publisher\" content=\"https:\/\/www.facebook.com\/mivootgt\" \/>\n<meta property=\"article:modified_time\" content=\"2025-11-04T22:00:49+00:00\" \/>\n<meta property=\"og:image\" content=\"https:\/\/mivoot.com\/gt\/wp-content\/uploads\/2025\/11\/15t-pro-gold.jpg\" \/>\n\t<meta property=\"og:image:width\" content=\"700\" \/>\n\t<meta property=\"og:image:height\" content=\"700\" \/>\n\t<meta property=\"og:image:type\" content=\"image\/jpeg\" \/>\n<meta name=\"twitter:card\" content=\"summary_large_image\" \/>\n<meta name=\"twitter:label1\" content=\"Est. reading time\" \/>\n\t<meta name=\"twitter:data1\" content=\"5 minutos\" \/>\n<script type=\"application\/ld+json\" class=\"yoast-schema-graph\">{\"@context\":\"https:\/\/schema.org\",\"@graph\":[{\"@type\":\"WebPage\",\"@id\":\"https:\/\/mivoot.com\/gt\/producto\/xiaomi-15t-pro-512gb-12gb-ram-rose-gold\/\",\"url\":\"https:\/\/mivoot.com\/gt\/producto\/xiaomi-15t-pro-512gb-12gb-ram-rose-gold\/\",\"name\":\"Celular Xiaomi 15T Pro 512GB 12GB RAM Rose Gold - Mivoot\",\"isPartOf\":{\"@id\":\"https:\/\/mivoot.com\/gt\/#website\"},\"primaryImageOfPage\":{\"@id\":\"https:\/\/mivoot.com\/gt\/producto\/xiaomi-15t-pro-512gb-12gb-ram-rose-gold\/#primaryimage\"},\"image\":{\"@id\":\"https:\/\/mivoot.com\/gt\/producto\/xiaomi-15t-pro-512gb-12gb-ram-rose-gold\/#primaryimage\"},\"thumbnailUrl\":\"https:\/\/mivoot.com\/gt\/wp-content\/uploads\/2025\/11\/15t-pro-gold.jpg\",\"datePublished\":\"2025-11-04T19:30:59+00:00\",\"dateModified\":\"2025-11-04T22:00:49+00:00\",\"breadcrumb\":{\"@id\":\"https:\/\/mivoot.com\/gt\/producto\/xiaomi-15t-pro-512gb-12gb-ram-rose-gold\/#breadcrumb\"},\"inLanguage\":\"es\",\"potentialAction\":[{\"@type\":\"ReadAction\",\"target\":[\"https:\/\/mivoot.com\/gt\/producto\/xiaomi-15t-pro-512gb-12gb-ram-rose-gold\/\"]}]},{\"@type\":\"ImageObject\",\"inLanguage\":\"es\",\"@id\":\"https:\/\/mivoot.com\/gt\/producto\/xiaomi-15t-pro-512gb-12gb-ram-rose-gold\/#primaryimage\",\"url\":\"https:\/\/mivoot.com\/gt\/wp-content\/uploads\/2025\/11\/15t-pro-gold.jpg\",\"contentUrl\":\"https:\/\/mivoot.com\/gt\/wp-content\/uploads\/2025\/11\/15t-pro-gold.jpg\",\"width\":700,\"height\":700},{\"@type\":\"BreadcrumbList\",\"@id\":\"https:\/\/mivoot.com\/gt\/producto\/xiaomi-15t-pro-512gb-12gb-ram-rose-gold\/#breadcrumb\",\"itemListElement\":[{\"@type\":\"ListItem\",\"position\":1,\"name\":\"Inicio\",\"item\":\"https:\/\/mivoot.com\/gt\/\"},{\"@type\":\"ListItem\",\"position\":2,\"name\":\"Productos\",\"item\":\"https:\/\/mivoot.com\/gt\/producto\/\"},{\"@type\":\"ListItem\",\"position\":3,\"name\":\"Xiaomi\",\"item\":\"https:\/\/mivoot.com\/gt\/marca\/xiaomi\/\"},{\"@type\":\"ListItem\",\"position\":4,\"name\":\"Celular Xiaomi 15T Pro 512GB 12GB RAM Rose Gold\"}]},{\"@type\":\"WebSite\",\"@id\":\"https:\/\/mivoot.com\/gt\/#website\",\"url\":\"https:\/\/mivoot.com\/gt\/\",\"name\":\"Mivoot\",\"description\":\"Mivoot Guatemala | Tienda Online\",\"publisher\":{\"@id\":\"https:\/\/mivoot.com\/gt\/#organization\"},\"alternateName\":\"mivoot\",\"potentialAction\":[{\"@type\":\"SearchAction\",\"target\":{\"@type\":\"EntryPoint\",\"urlTemplate\":\"https:\/\/mivoot.com\/gt\/?s={search_term_string}\"},\"query-input\":{\"@type\":\"PropertyValueSpecification\",\"valueRequired\":true,\"valueName\":\"search_term_string\"}}],\"inLanguage\":\"es\"},{\"@type\":\"Organization\",\"@id\":\"https:\/\/mivoot.com\/gt\/#organization\",\"name\":\"Mivoot Guatemala\",\"alternateName\":\"mivoot.com\",\"url\":\"https:\/\/mivoot.com\/gt\/\",\"logo\":{\"@type\":\"ImageObject\",\"inLanguage\":\"es\",\"@id\":\"https:\/\/mivoot.com\/gt\/#\/schema\/logo\/image\/\",\"url\":\"https:\/\/mivoot.com\/gt\/wp-content\/uploads\/2023\/03\/cropped-icon.png\",\"contentUrl\":\"https:\/\/mivoot.com\/gt\/wp-content\/uploads\/2023\/03\/cropped-icon.png\",\"width\":512,\"height\":512,\"caption\":\"Mivoot Guatemala\"},\"image\":{\"@id\":\"https:\/\/mivoot.com\/gt\/#\/schema\/logo\/image\/\"},\"sameAs\":[\"https:\/\/www.facebook.com\/mivootgt\",\"https:\/\/instagram.com\/mivoot\"]}]}<\/script>\n<!-- \/ Yoast SEO Premium plugin. -->","yoast_head_json":{"title":"Celular Xiaomi 15T Pro 512GB 12GB RAM Rose Gold - Mivoot","robots":{"index":"index","follow":"follow","max-snippet":"max-snippet:-1","max-image-preview":"max-image-preview:large","max-video-preview":"max-video-preview:-1"},"canonical":"https:\/\/mivoot.com\/gt\/producto\/xiaomi-15t-pro-512gb-12gb-ram-rose-gold\/","og_locale":"es_ES","og_type":"article","og_title":"Celular Xiaomi 15T Pro 512GB 12GB RAM Rose Gold","og_description":"- RAM y almacenamiento 12+512GB - Sistema operativo Xiaomi HyperOS 2 - Procesador MediaTek Dimensity 9400+ - Pantalla de 6.83\" y 144Hz con cuidado ocular - Brillo m\u00e1ximo: 3200nits que cubren el 25% del \u00e1rea de la pantalla - Material: AMOLED - Resoluci\u00f3n: 2772 x 1280, 447ppi - C\u00e1mara trasera Lente \u00f3ptico Leica Summilux - C\u00e1mara principal Leica de 23mm 50MP - C\u00e1mara con supertelefoto Leica de 115mm 50MP - C\u00e1mara ultra gran angular Leica de 15mm 12MP - C\u00e1mara frontal C\u00e1mara para selfies en pantalla de 32MP - Bater\u00eda Xiaomi Surge de 5500mAh (t\u00edp) - HyperCharge de 90W* - Xiaomi HyperAI - Sistema de refrigeraci\u00f3n Xiaomi 3D IceLoop - Sensor de huellas digitales en pantalla - Desbloqueo facial mediante AI - SIM dual (nano SIM + nano SIM o nano SIM + eSIM o eSIM + eSIM) - Redes inal\u00e1mbricas Capacidad Wi-Fi 6E - NFC Si Disponible para pagos - Altavoces duales Dolby Atmos\u00ae - Resistente a salpicaduras, agua y polvo IP68 - Dimensiones Altura: 162.7mmAncho: 77.9mm Grosor: 7.96mm - Peso: 210g","og_url":"https:\/\/mivoot.com\/gt\/producto\/xiaomi-15t-pro-512gb-12gb-ram-rose-gold\/","og_site_name":"Mivoot","article_publisher":"https:\/\/www.facebook.com\/mivootgt","article_modified_time":"2025-11-04T22:00:49+00:00","og_image":[{"width":700,"height":700,"url":"https:\/\/mivoot.com\/gt\/wp-content\/uploads\/2025\/11\/15t-pro-gold.jpg","type":"image\/jpeg"}],"twitter_card":"summary_large_image","twitter_misc":{"Est. reading time":"5 minutos"},"schema":{"@context":"https:\/\/schema.org","@graph":[{"@type":"WebPage","@id":"https:\/\/mivoot.com\/gt\/producto\/xiaomi-15t-pro-512gb-12gb-ram-rose-gold\/","url":"https:\/\/mivoot.com\/gt\/producto\/xiaomi-15t-pro-512gb-12gb-ram-rose-gold\/","name":"Celular Xiaomi 15T Pro 512GB 12GB RAM Rose Gold - Mivoot","isPartOf":{"@id":"https:\/\/mivoot.com\/gt\/#website"},"primaryImageOfPage":{"@id":"https:\/\/mivoot.com\/gt\/producto\/xiaomi-15t-pro-512gb-12gb-ram-rose-gold\/#primaryimage"},"image":{"@id":"https:\/\/mivoot.com\/gt\/producto\/xiaomi-15t-pro-512gb-12gb-ram-rose-gold\/#primaryimage"},"thumbnailUrl":"https:\/\/mivoot.com\/gt\/wp-content\/uploads\/2025\/11\/15t-pro-gold.jpg","datePublished":"2025-11-04T19:30:59+00:00","dateModified":"2025-11-04T22:00:49+00:00","breadcrumb":{"@id":"https:\/\/mivoot.com\/gt\/producto\/xiaomi-15t-pro-512gb-12gb-ram-rose-gold\/#breadcrumb"},"inLanguage":"es","potentialAction":[{"@type":"ReadAction","target":["https:\/\/mivoot.com\/gt\/producto\/xiaomi-15t-pro-512gb-12gb-ram-rose-gold\/"]}]},{"@type":"ImageObject","inLanguage":"es","@id":"https:\/\/mivoot.com\/gt\/producto\/xiaomi-15t-pro-512gb-12gb-ram-rose-gold\/#primaryimage","url":"https:\/\/mivoot.com\/gt\/wp-content\/uploads\/2025\/11\/15t-pro-gold.jpg","contentUrl":"https:\/\/mivoot.com\/gt\/wp-content\/uploads\/2025\/11\/15t-pro-gold.jpg","width":700,"height":700},{"@type":"BreadcrumbList","@id":"https:\/\/mivoot.com\/gt\/producto\/xiaomi-15t-pro-512gb-12gb-ram-rose-gold\/#breadcrumb","itemListElement":[{"@type":"ListItem","position":1,"name":"Inicio","item":"https:\/\/mivoot.com\/gt\/"},{"@type":"ListItem","position":2,"name":"Productos","item":"https:\/\/mivoot.com\/gt\/producto\/"},{"@type":"ListItem","position":3,"name":"Xiaomi","item":"https:\/\/mivoot.com\/gt\/marca\/xiaomi\/"},{"@type":"ListItem","position":4,"name":"Celular Xiaomi 15T Pro 512GB 12GB RAM Rose Gold"}]},{"@type":"WebSite","@id":"https:\/\/mivoot.com\/gt\/#website","url":"https:\/\/mivoot.com\/gt\/","name":"Mivoot","description":"Mivoot Guatemala | Tienda Online","publisher":{"@id":"https:\/\/mivoot.com\/gt\/#organization"},"alternateName":"mivoot","potentialAction":[{"@type":"SearchAction","target":{"@type":"EntryPoint","urlTemplate":"https:\/\/mivoot.com\/gt\/?s={search_term_string}"},"query-input":{"@type":"PropertyValueSpecification","valueRequired":true,"valueName":"search_term_string"}}],"inLanguage":"es"},{"@type":"Organization","@id":"https:\/\/mivoot.com\/gt\/#organization","name":"Mivoot Guatemala","alternateName":"mivoot.com","url":"https:\/\/mivoot.com\/gt\/","logo":{"@type":"ImageObject","inLanguage":"es","@id":"https:\/\/mivoot.com\/gt\/#\/schema\/logo\/image\/","url":"https:\/\/mivoot.com\/gt\/wp-content\/uploads\/2023\/03\/cropped-icon.png","contentUrl":"https:\/\/mivoot.com\/gt\/wp-content\/uploads\/2023\/03\/cropped-icon.png","width":512,"height":512,"caption":"Mivoot Guatemala"},"image":{"@id":"https:\/\/mivoot.com\/gt\/#\/schema\/logo\/image\/"},"sameAs":["https:\/\/www.facebook.com\/mivootgt","https:\/\/instagram.com\/mivoot"]}]}},"jetpack_publicize_connections":[],"jetpack_sharing_enabled":true,"brands":[{"id":94,"name":"Xiaomi","slug":"xiaomi"}],"_links":{"self":[{"href":"https:\/\/mivoot.com\/gt\/wp-json\/wp\/v2\/product\/30957","targetHints":{"allow":["GET"]}}],"collection":[{"href":"https:\/\/mivoot.com\/gt\/wp-json\/wp\/v2\/product"}],"about":[{"href":"https:\/\/mivoot.com\/gt\/wp-json\/wp\/v2\/types\/product"}],"replies":[{"embeddable":true,"href":"https:\/\/mivoot.com\/gt\/wp-json\/wp\/v2\/comments?post=30957"}],"version-history":[{"count":2,"href":"https:\/\/mivoot.com\/gt\/wp-json\/wp\/v2\/product\/30957\/revisions"}],"predecessor-version":[{"id":30987,"href":"https:\/\/mivoot.com\/gt\/wp-json\/wp\/v2\/product\/30957\/revisions\/30987"}],"wp:featuredmedia":[{"embeddable":true,"href":"https:\/\/mivoot.com\/gt\/wp-json\/wp\/v2\/media\/30945"}],"wp:attachment":[{"href":"https:\/\/mivoot.com\/gt\/wp-json\/wp\/v2\/media?parent=30957"}],"wp:term":[{"taxonomy":"pwb-brand","embeddable":true,"href":"https:\/\/mivoot.com\/gt\/wp-json\/wp\/v2\/pwb-brand?post=30957"},{"taxonomy":"product_brand","embeddable":true,"href":"https:\/\/mivoot.com\/gt\/wp-json\/wp\/v2\/product_brand?post=30957"},{"taxonomy":"product_cat","embeddable":true,"href":"https:\/\/mivoot.com\/gt\/wp-json\/wp\/v2\/product_cat?post=30957"},{"taxonomy":"product_tag","embeddable":true,"href":"https:\/\/mivoot.com\/gt\/wp-json\/wp\/v2\/product_tag?post=30957"}],"curies":[{"name":"wp","href":"https:\/\/api.w.org\/{rel}","templated":true}]}}