{"id":31042,"date":"2025-11-04T18:34:40","date_gmt":"2025-11-05T00:34:40","guid":{"rendered":"https:\/\/mivoot.com\/gt\/?post_type=product&#038;p=31042"},"modified":"2025-11-04T18:35:13","modified_gmt":"2025-11-05T00:35:13","slug":"celular-honor-x7d-256gb-8gb-ram-plata-meteoro","status":"publish","type":"product","link":"https:\/\/mivoot.com\/gt\/producto\/celular-honor-x7d-256gb-8gb-ram-plata-meteoro\/","title":{"rendered":"Celular Honor X7d 256GB 8GB Ram Plata Meteoro"},"content":{"rendered":"<h1 style=\"text-align: center;\">Celular Honor X7d 256GB 8GB Ram Plata Meteoro<\/h1>\n<div class=\"row\">\n<div class=\"col-md-8 col-xs-12\">\n<p>El\u00a0<strong>Honor X7d<\/strong>\u00a0es un smartphone Android con una pantalla HD+ de 6.77 pulgadas y potenciado por un procesador Snapdragon 6s Gen 3 con 6GB de RAM y 128GB de almacenamiento. Su c\u00e1mara dual es de 50MP y se alimenta de una bater\u00eda de 6500 mAh con soporte para carga r\u00e1pida, completando sus caracter\u00edsticas con certificaci\u00f3n IP65, lector de huellas, parlantes stereo, y corre Android 15.<\/p>\n<\/div>\n<\/div>\n<div class=\"clearfix\"><\/div>\n<div class=\"row\"><\/div>\n<div class=\"clearfix\"><\/div>\n<div class=\"row\">\n<div class=\"col-xs-12\">\n<h2 class=\"ff-medium fs-56 point-title ga-title\">6 Destacados<\/h2>\n<div class=\"point-content\">\n<div class=\"text-wrapper\"><\/div>\n<\/div>\n<\/div>\n<\/div>\n<p><img decoding=\"async\" src=\"https:\/\/tiendahonorgt.com\/wp-content\/uploads\/2025\/10\/HONOR-X7d-1-scaled.png\" \/><\/p>\n","protected":false},"excerpt":{"rendered":"<p>&#8211; Pantalla 6.77&#8243;, 720 x 1610 pixels<br \/>\n&#8211; Colores 16,7 millones<br \/>\n&#8211; Procesador Snapdragon 6s Gen 3 2.3GHz<br \/>\n&#8211; Frecuencia dominante de CPU 4xCortex-A73 2,8 GHz + 4xCortex-A53 1,9 GHz<br \/>\n&#8211; GPU Adreno GPU A610<br \/>\n&#8211; Memoria RAM 6GB<br \/>\n&#8211; Almacenamiento 256GB<br \/>\n&#8211; Expansi\u00f3n sin microSD<br \/>\n&#8211; C\u00e1mara trasera principal de 108 MP<br \/>\n&#8211; C\u00e1mara frontal de 8 MP<br \/>\n&#8211; Bater\u00eda 6500 mAh<br \/>\n&#8211; V\u00eddeo Soporta grabaci\u00f3n de video hasta 1080P<br \/>\n&#8211; Resoluci\u00f3n de video 1920&#215;1080 p\u00edxeles<br \/>\n&#8211; Reconocimiento facial<br \/>\n&#8211; OS MagicOS 9.0 (Android 15)<br \/>\n&#8211; Bater\u00eda 6500 mAh (valor t\u00edpico), 6350 mAh (valor nominal)<br \/>\n&#8211; conexi\u00f3n 2,4 GHz y 5 GHz WLAN<br \/>\n&#8211; Dual Sim<br \/>\n&#8211; Perfil 8.2 mm<br \/>\n&#8211; Peso 206 g<\/p>\n","protected":false},"featured_media":31043,"comment_status":"open","ping_status":"closed","template":"","meta":{"jetpack_publicize_message":"","jetpack_publicize_feature_enabled":true,"jetpack_social_post_already_shared":true,"jetpack_social_options":{"image_generator_settings":{"template":"highway","default_image_id":0,"font":"","enabled":false},"version":2}},"pwb-brand":[271],"product_brand":[],"product_cat":[184],"product_tag":[],"class_list":{"0":"post-31042","1":"product","2":"type-product","3":"status-publish","4":"has-post-thumbnail","6":"pwb-brand-honor","7":"product_cat-celulares","9":"first","10":"instock","11":"taxable","12":"shipping-taxable","13":"product-type-simple"},"yoast_head":"<!-- This site is optimized with the Yoast SEO Premium plugin v25.7.1 (Yoast SEO v26.8) - https:\/\/yoast.com\/product\/yoast-seo-premium-wordpress\/ -->\n<title>Celular Honor X7d 256GB 8GB Ram Plata Meteoro - Mivoot<\/title>\n<meta name=\"robots\" content=\"index, follow, max-snippet:-1, max-image-preview:large, max-video-preview:-1\" \/>\n<link rel=\"canonical\" href=\"https:\/\/mivoot.com\/gt\/producto\/celular-honor-x7d-256gb-8gb-ram-plata-meteoro\/\" \/>\n<meta property=\"og:locale\" content=\"es_ES\" \/>\n<meta property=\"og:type\" content=\"article\" \/>\n<meta property=\"og:title\" content=\"Celular Honor X7d 256GB 8GB Ram Plata Meteoro\" \/>\n<meta property=\"og:description\" content=\"- Pantalla 6.77&quot;, 720 x 1610 pixels - Colores 16,7 millones - Procesador Snapdragon 6s Gen 3 2.3GHz - Frecuencia dominante de CPU 4xCortex-A73 2,8 GHz + 4xCortex-A53 1,9 GHz - GPU Adreno GPU A610 - Memoria RAM 6GB - Almacenamiento 256GB - Expansi\u00f3n sin microSD - C\u00e1mara trasera principal de 108 MP - C\u00e1mara frontal de 8 MP - Bater\u00eda 6500 mAh - V\u00eddeo Soporta grabaci\u00f3n de video hasta 1080P - Resoluci\u00f3n de video 1920x1080 p\u00edxeles - Reconocimiento facial - OS MagicOS 9.0 (Android 15) - Bater\u00eda 6500 mAh (valor t\u00edpico), 6350 mAh (valor nominal) - conexi\u00f3n 2,4 GHz y 5 GHz WLAN - Dual Sim - Perfil 8.2 mm - Peso 206 g\" \/>\n<meta property=\"og:url\" content=\"https:\/\/mivoot.com\/gt\/producto\/celular-honor-x7d-256gb-8gb-ram-plata-meteoro\/\" \/>\n<meta property=\"og:site_name\" content=\"Mivoot\" \/>\n<meta property=\"article:publisher\" content=\"https:\/\/www.facebook.com\/mivootgt\" \/>\n<meta property=\"article:modified_time\" content=\"2025-11-05T00:35:13+00:00\" \/>\n<meta property=\"og:image\" content=\"https:\/\/mivoot.com\/gt\/wp-content\/uploads\/2025\/11\/silver-1.png\" \/>\n\t<meta property=\"og:image:width\" content=\"800\" \/>\n\t<meta property=\"og:image:height\" content=\"800\" \/>\n\t<meta property=\"og:image:type\" content=\"image\/png\" \/>\n<meta name=\"twitter:card\" content=\"summary_large_image\" \/>\n<meta name=\"twitter:label1\" content=\"Est. reading time\" \/>\n\t<meta name=\"twitter:data1\" content=\"1 minuto\" \/>\n<script type=\"application\/ld+json\" class=\"yoast-schema-graph\">{\"@context\":\"https:\/\/schema.org\",\"@graph\":[{\"@type\":\"WebPage\",\"@id\":\"https:\/\/mivoot.com\/gt\/producto\/celular-honor-x7d-256gb-8gb-ram-plata-meteoro\/\",\"url\":\"https:\/\/mivoot.com\/gt\/producto\/celular-honor-x7d-256gb-8gb-ram-plata-meteoro\/\",\"name\":\"Celular Honor X7d 256GB 8GB Ram Plata Meteoro - Mivoot\",\"isPartOf\":{\"@id\":\"https:\/\/mivoot.com\/gt\/#website\"},\"primaryImageOfPage\":{\"@id\":\"https:\/\/mivoot.com\/gt\/producto\/celular-honor-x7d-256gb-8gb-ram-plata-meteoro\/#primaryimage\"},\"image\":{\"@id\":\"https:\/\/mivoot.com\/gt\/producto\/celular-honor-x7d-256gb-8gb-ram-plata-meteoro\/#primaryimage\"},\"thumbnailUrl\":\"https:\/\/mivoot.com\/gt\/wp-content\/uploads\/2025\/11\/silver-1.png\",\"datePublished\":\"2025-11-05T00:34:40+00:00\",\"dateModified\":\"2025-11-05T00:35:13+00:00\",\"breadcrumb\":{\"@id\":\"https:\/\/mivoot.com\/gt\/producto\/celular-honor-x7d-256gb-8gb-ram-plata-meteoro\/#breadcrumb\"},\"inLanguage\":\"es\",\"potentialAction\":[{\"@type\":\"ReadAction\",\"target\":[\"https:\/\/mivoot.com\/gt\/producto\/celular-honor-x7d-256gb-8gb-ram-plata-meteoro\/\"]}]},{\"@type\":\"ImageObject\",\"inLanguage\":\"es\",\"@id\":\"https:\/\/mivoot.com\/gt\/producto\/celular-honor-x7d-256gb-8gb-ram-plata-meteoro\/#primaryimage\",\"url\":\"https:\/\/mivoot.com\/gt\/wp-content\/uploads\/2025\/11\/silver-1.png\",\"contentUrl\":\"https:\/\/mivoot.com\/gt\/wp-content\/uploads\/2025\/11\/silver-1.png\",\"width\":800,\"height\":800},{\"@type\":\"BreadcrumbList\",\"@id\":\"https:\/\/mivoot.com\/gt\/producto\/celular-honor-x7d-256gb-8gb-ram-plata-meteoro\/#breadcrumb\",\"itemListElement\":[{\"@type\":\"ListItem\",\"position\":1,\"name\":\"Inicio\",\"item\":\"https:\/\/mivoot.com\/gt\/\"},{\"@type\":\"ListItem\",\"position\":2,\"name\":\"Productos\",\"item\":\"https:\/\/mivoot.com\/gt\/producto\/\"},{\"@type\":\"ListItem\",\"position\":3,\"name\":\"Honor\",\"item\":\"https:\/\/mivoot.com\/gt\/marca\/honor\/\"},{\"@type\":\"ListItem\",\"position\":4,\"name\":\"Celular Honor X7d 256GB 8GB Ram Plata Meteoro\"}]},{\"@type\":\"WebSite\",\"@id\":\"https:\/\/mivoot.com\/gt\/#website\",\"url\":\"https:\/\/mivoot.com\/gt\/\",\"name\":\"Mivoot\",\"description\":\"Mivoot Guatemala | Tienda Online\",\"publisher\":{\"@id\":\"https:\/\/mivoot.com\/gt\/#organization\"},\"alternateName\":\"mivoot\",\"potentialAction\":[{\"@type\":\"SearchAction\",\"target\":{\"@type\":\"EntryPoint\",\"urlTemplate\":\"https:\/\/mivoot.com\/gt\/?s={search_term_string}\"},\"query-input\":{\"@type\":\"PropertyValueSpecification\",\"valueRequired\":true,\"valueName\":\"search_term_string\"}}],\"inLanguage\":\"es\"},{\"@type\":\"Organization\",\"@id\":\"https:\/\/mivoot.com\/gt\/#organization\",\"name\":\"Mivoot Guatemala\",\"alternateName\":\"mivoot.com\",\"url\":\"https:\/\/mivoot.com\/gt\/\",\"logo\":{\"@type\":\"ImageObject\",\"inLanguage\":\"es\",\"@id\":\"https:\/\/mivoot.com\/gt\/#\/schema\/logo\/image\/\",\"url\":\"https:\/\/mivoot.com\/gt\/wp-content\/uploads\/2023\/03\/cropped-icon.png\",\"contentUrl\":\"https:\/\/mivoot.com\/gt\/wp-content\/uploads\/2023\/03\/cropped-icon.png\",\"width\":512,\"height\":512,\"caption\":\"Mivoot Guatemala\"},\"image\":{\"@id\":\"https:\/\/mivoot.com\/gt\/#\/schema\/logo\/image\/\"},\"sameAs\":[\"https:\/\/www.facebook.com\/mivootgt\",\"https:\/\/instagram.com\/mivoot\"]}]}<\/script>\n<!-- \/ Yoast SEO Premium plugin. -->","yoast_head_json":{"title":"Celular Honor X7d 256GB 8GB Ram Plata Meteoro - Mivoot","robots":{"index":"index","follow":"follow","max-snippet":"max-snippet:-1","max-image-preview":"max-image-preview:large","max-video-preview":"max-video-preview:-1"},"canonical":"https:\/\/mivoot.com\/gt\/producto\/celular-honor-x7d-256gb-8gb-ram-plata-meteoro\/","og_locale":"es_ES","og_type":"article","og_title":"Celular Honor X7d 256GB 8GB Ram Plata Meteoro","og_description":"- Pantalla 6.77\", 720 x 1610 pixels - Colores 16,7 millones - Procesador Snapdragon 6s Gen 3 2.3GHz - Frecuencia dominante de CPU 4xCortex-A73 2,8 GHz + 4xCortex-A53 1,9 GHz - GPU Adreno GPU A610 - Memoria RAM 6GB - Almacenamiento 256GB - Expansi\u00f3n sin microSD - C\u00e1mara trasera principal de 108 MP - C\u00e1mara frontal de 8 MP - Bater\u00eda 6500 mAh - V\u00eddeo Soporta grabaci\u00f3n de video hasta 1080P - Resoluci\u00f3n de video 1920x1080 p\u00edxeles - Reconocimiento facial - OS MagicOS 9.0 (Android 15) - Bater\u00eda 6500 mAh (valor t\u00edpico), 6350 mAh (valor nominal) - conexi\u00f3n 2,4 GHz y 5 GHz WLAN - Dual Sim - Perfil 8.2 mm - Peso 206 g","og_url":"https:\/\/mivoot.com\/gt\/producto\/celular-honor-x7d-256gb-8gb-ram-plata-meteoro\/","og_site_name":"Mivoot","article_publisher":"https:\/\/www.facebook.com\/mivootgt","article_modified_time":"2025-11-05T00:35:13+00:00","og_image":[{"width":800,"height":800,"url":"https:\/\/mivoot.com\/gt\/wp-content\/uploads\/2025\/11\/silver-1.png","type":"image\/png"}],"twitter_card":"summary_large_image","twitter_misc":{"Est. reading time":"1 minuto"},"schema":{"@context":"https:\/\/schema.org","@graph":[{"@type":"WebPage","@id":"https:\/\/mivoot.com\/gt\/producto\/celular-honor-x7d-256gb-8gb-ram-plata-meteoro\/","url":"https:\/\/mivoot.com\/gt\/producto\/celular-honor-x7d-256gb-8gb-ram-plata-meteoro\/","name":"Celular Honor X7d 256GB 8GB Ram Plata Meteoro - Mivoot","isPartOf":{"@id":"https:\/\/mivoot.com\/gt\/#website"},"primaryImageOfPage":{"@id":"https:\/\/mivoot.com\/gt\/producto\/celular-honor-x7d-256gb-8gb-ram-plata-meteoro\/#primaryimage"},"image":{"@id":"https:\/\/mivoot.com\/gt\/producto\/celular-honor-x7d-256gb-8gb-ram-plata-meteoro\/#primaryimage"},"thumbnailUrl":"https:\/\/mivoot.com\/gt\/wp-content\/uploads\/2025\/11\/silver-1.png","datePublished":"2025-11-05T00:34:40+00:00","dateModified":"2025-11-05T00:35:13+00:00","breadcrumb":{"@id":"https:\/\/mivoot.com\/gt\/producto\/celular-honor-x7d-256gb-8gb-ram-plata-meteoro\/#breadcrumb"},"inLanguage":"es","potentialAction":[{"@type":"ReadAction","target":["https:\/\/mivoot.com\/gt\/producto\/celular-honor-x7d-256gb-8gb-ram-plata-meteoro\/"]}]},{"@type":"ImageObject","inLanguage":"es","@id":"https:\/\/mivoot.com\/gt\/producto\/celular-honor-x7d-256gb-8gb-ram-plata-meteoro\/#primaryimage","url":"https:\/\/mivoot.com\/gt\/wp-content\/uploads\/2025\/11\/silver-1.png","contentUrl":"https:\/\/mivoot.com\/gt\/wp-content\/uploads\/2025\/11\/silver-1.png","width":800,"height":800},{"@type":"BreadcrumbList","@id":"https:\/\/mivoot.com\/gt\/producto\/celular-honor-x7d-256gb-8gb-ram-plata-meteoro\/#breadcrumb","itemListElement":[{"@type":"ListItem","position":1,"name":"Inicio","item":"https:\/\/mivoot.com\/gt\/"},{"@type":"ListItem","position":2,"name":"Productos","item":"https:\/\/mivoot.com\/gt\/producto\/"},{"@type":"ListItem","position":3,"name":"Honor","item":"https:\/\/mivoot.com\/gt\/marca\/honor\/"},{"@type":"ListItem","position":4,"name":"Celular Honor X7d 256GB 8GB Ram Plata Meteoro"}]},{"@type":"WebSite","@id":"https:\/\/mivoot.com\/gt\/#website","url":"https:\/\/mivoot.com\/gt\/","name":"Mivoot","description":"Mivoot Guatemala | Tienda Online","publisher":{"@id":"https:\/\/mivoot.com\/gt\/#organization"},"alternateName":"mivoot","potentialAction":[{"@type":"SearchAction","target":{"@type":"EntryPoint","urlTemplate":"https:\/\/mivoot.com\/gt\/?s={search_term_string}"},"query-input":{"@type":"PropertyValueSpecification","valueRequired":true,"valueName":"search_term_string"}}],"inLanguage":"es"},{"@type":"Organization","@id":"https:\/\/mivoot.com\/gt\/#organization","name":"Mivoot Guatemala","alternateName":"mivoot.com","url":"https:\/\/mivoot.com\/gt\/","logo":{"@type":"ImageObject","inLanguage":"es","@id":"https:\/\/mivoot.com\/gt\/#\/schema\/logo\/image\/","url":"https:\/\/mivoot.com\/gt\/wp-content\/uploads\/2023\/03\/cropped-icon.png","contentUrl":"https:\/\/mivoot.com\/gt\/wp-content\/uploads\/2023\/03\/cropped-icon.png","width":512,"height":512,"caption":"Mivoot Guatemala"},"image":{"@id":"https:\/\/mivoot.com\/gt\/#\/schema\/logo\/image\/"},"sameAs":["https:\/\/www.facebook.com\/mivootgt","https:\/\/instagram.com\/mivoot"]}]}},"jetpack_publicize_connections":[],"jetpack_sharing_enabled":true,"brands":[{"id":271,"name":"Honor","slug":"honor"}],"_links":{"self":[{"href":"https:\/\/mivoot.com\/gt\/wp-json\/wp\/v2\/product\/31042","targetHints":{"allow":["GET"]}}],"collection":[{"href":"https:\/\/mivoot.com\/gt\/wp-json\/wp\/v2\/product"}],"about":[{"href":"https:\/\/mivoot.com\/gt\/wp-json\/wp\/v2\/types\/product"}],"replies":[{"embeddable":true,"href":"https:\/\/mivoot.com\/gt\/wp-json\/wp\/v2\/comments?post=31042"}],"version-history":[{"count":1,"href":"https:\/\/mivoot.com\/gt\/wp-json\/wp\/v2\/product\/31042\/revisions"}],"predecessor-version":[{"id":31045,"href":"https:\/\/mivoot.com\/gt\/wp-json\/wp\/v2\/product\/31042\/revisions\/31045"}],"wp:featuredmedia":[{"embeddable":true,"href":"https:\/\/mivoot.com\/gt\/wp-json\/wp\/v2\/media\/31043"}],"wp:attachment":[{"href":"https:\/\/mivoot.com\/gt\/wp-json\/wp\/v2\/media?parent=31042"}],"wp:term":[{"taxonomy":"pwb-brand","embeddable":true,"href":"https:\/\/mivoot.com\/gt\/wp-json\/wp\/v2\/pwb-brand?post=31042"},{"taxonomy":"product_brand","embeddable":true,"href":"https:\/\/mivoot.com\/gt\/wp-json\/wp\/v2\/product_brand?post=31042"},{"taxonomy":"product_cat","embeddable":true,"href":"https:\/\/mivoot.com\/gt\/wp-json\/wp\/v2\/product_cat?post=31042"},{"taxonomy":"product_tag","embeddable":true,"href":"https:\/\/mivoot.com\/gt\/wp-json\/wp\/v2\/product_tag?post=31042"}],"curies":[{"name":"wp","href":"https:\/\/api.w.org\/{rel}","templated":true}]}}