{"id":3133,"date":"2021-04-06T22:04:14","date_gmt":"2021-04-07T04:04:14","guid":{"rendered":"https:\/\/mivoot.com\/gt\/?post_type=product&#038;p=3133"},"modified":"2021-04-06T22:21:33","modified_gmt":"2021-04-07T04:21:33","slug":"enfriador-aqua-120mm-rgb-cougar","status":"publish","type":"product","link":"https:\/\/mivoot.com\/gt\/producto\/enfriador-aqua-120mm-rgb-cougar\/","title":{"rendered":"Enfriador AQUA 120mm RGB Cougar"},"content":{"rendered":"\t\t<div data-elementor-type=\"product-post\" data-elementor-id=\"3133\" class=\"elementor elementor-3133\">\n\t\t\t\t\t\t<section class=\"elementor-section elementor-top-section elementor-element elementor-element-f5f0ba6 elementor-section-stretched elementor-section-boxed elementor-section-height-default elementor-section-height-default\" data-id=\"f5f0ba6\" data-element_type=\"section\" data-settings=\"{&quot;stretch_section&quot;:&quot;section-stretched&quot;}\">\n\t\t\t\t\t\t<div class=\"elementor-container elementor-column-gap-default\">\n\t\t\t\t\t<div class=\"elementor-column elementor-col-100 elementor-top-column elementor-element elementor-element-6cd4488\" data-id=\"6cd4488\" data-element_type=\"column\">\n\t\t\t<div class=\"elementor-widget-wrap elementor-element-populated\">\n\t\t\t\t\t\t<div class=\"elementor-element elementor-element-377cc75 elementor-widget elementor-widget-image\" data-id=\"377cc75\" data-element_type=\"widget\" data-widget_type=\"image.default\">\n\t\t\t\t<div class=\"elementor-widget-container\">\n\t\t\t\t\t\t\t\t\t\t\t\t\t\t\t<img fetchpriority=\"high\" decoding=\"async\" width=\"1341\" height=\"518\" src=\"https:\/\/mivoot.com\/gt\/wp-content\/uploads\/2021\/04\/120-1.png\" class=\"attachment-full size-full wp-image-3149\" alt=\"\" srcset=\"https:\/\/mivoot.com\/gt\/wp-content\/uploads\/2021\/04\/120-1.png 1341w, https:\/\/mivoot.com\/gt\/wp-content\/uploads\/2021\/04\/120-1-410x158.png 410w, https:\/\/mivoot.com\/gt\/wp-content\/uploads\/2021\/04\/120-1-64x25.png 64w, https:\/\/mivoot.com\/gt\/wp-content\/uploads\/2021\/04\/120-1-300x116.png 300w, https:\/\/mivoot.com\/gt\/wp-content\/uploads\/2021\/04\/120-1-768x297.png 768w\" sizes=\"(max-width: 1341px) 100vw, 1341px\" \/>\t\t\t\t\t\t\t\t\t\t\t\t\t\t\t<\/div>\n\t\t\t\t<\/div>\n\t\t\t\t\t<\/div>\n\t\t<\/div>\n\t\t\t\t\t<\/div>\n\t\t<\/section>\n\t\t\t\t<section class=\"elementor-section elementor-top-section elementor-element elementor-element-a92122a elementor-section-stretched elementor-section-boxed elementor-section-height-default elementor-section-height-default\" data-id=\"a92122a\" data-element_type=\"section\" data-settings=\"{&quot;stretch_section&quot;:&quot;section-stretched&quot;}\">\n\t\t\t\t\t\t<div class=\"elementor-container elementor-column-gap-default\">\n\t\t\t\t\t<div class=\"elementor-column elementor-col-100 elementor-top-column elementor-element elementor-element-61fc974\" data-id=\"61fc974\" data-element_type=\"column\">\n\t\t\t<div class=\"elementor-widget-wrap elementor-element-populated\">\n\t\t\t\t\t\t<div class=\"elementor-element elementor-element-d1106bc elementor-widget elementor-widget-image\" data-id=\"d1106bc\" data-element_type=\"widget\" data-widget_type=\"image.default\">\n\t\t\t\t<div class=\"elementor-widget-container\">\n\t\t\t\t\t\t\t\t\t\t\t\t\t\t\t<img decoding=\"async\" width=\"1342\" height=\"587\" src=\"https:\/\/mivoot.com\/gt\/wp-content\/uploads\/2021\/04\/120-2.png\" class=\"attachment-full size-full wp-image-3150\" alt=\"\" srcset=\"https:\/\/mivoot.com\/gt\/wp-content\/uploads\/2021\/04\/120-2.png 1342w, https:\/\/mivoot.com\/gt\/wp-content\/uploads\/2021\/04\/120-2-410x179.png 410w, https:\/\/mivoot.com\/gt\/wp-content\/uploads\/2021\/04\/120-2-64x28.png 64w, https:\/\/mivoot.com\/gt\/wp-content\/uploads\/2021\/04\/120-2-300x131.png 300w, https:\/\/mivoot.com\/gt\/wp-content\/uploads\/2021\/04\/120-2-768x336.png 768w\" sizes=\"(max-width: 1342px) 100vw, 1342px\" \/>\t\t\t\t\t\t\t\t\t\t\t\t\t\t\t<\/div>\n\t\t\t\t<\/div>\n\t\t\t\t\t<\/div>\n\t\t<\/div>\n\t\t\t\t\t<\/div>\n\t\t<\/section>\n\t\t\t\t<section class=\"elementor-section elementor-top-section elementor-element elementor-element-effe771 elementor-section-stretched elementor-section-boxed elementor-section-height-default elementor-section-height-default\" data-id=\"effe771\" data-element_type=\"section\" data-settings=\"{&quot;stretch_section&quot;:&quot;section-stretched&quot;}\">\n\t\t\t\t\t\t<div class=\"elementor-container elementor-column-gap-default\">\n\t\t\t\t\t<div class=\"elementor-column elementor-col-100 elementor-top-column elementor-element elementor-element-a71c381\" data-id=\"a71c381\" data-element_type=\"column\">\n\t\t\t<div class=\"elementor-widget-wrap elementor-element-populated\">\n\t\t\t\t\t\t<div class=\"elementor-element elementor-element-be221fe elementor-widget elementor-widget-image\" data-id=\"be221fe\" data-element_type=\"widget\" data-widget_type=\"image.default\">\n\t\t\t\t<div class=\"elementor-widget-container\">\n\t\t\t\t\t\t\t\t\t\t\t\t\t\t\t<img decoding=\"async\" width=\"1346\" height=\"486\" src=\"https:\/\/mivoot.com\/gt\/wp-content\/uploads\/2021\/04\/120-3.png\" class=\"attachment-full size-full wp-image-3151\" alt=\"\" srcset=\"https:\/\/mivoot.com\/gt\/wp-content\/uploads\/2021\/04\/120-3.png 1346w, https:\/\/mivoot.com\/gt\/wp-content\/uploads\/2021\/04\/120-3-410x148.png 410w, https:\/\/mivoot.com\/gt\/wp-content\/uploads\/2021\/04\/120-3-64x23.png 64w, https:\/\/mivoot.com\/gt\/wp-content\/uploads\/2021\/04\/120-3-300x108.png 300w, https:\/\/mivoot.com\/gt\/wp-content\/uploads\/2021\/04\/120-3-768x277.png 768w\" sizes=\"(max-width: 1346px) 100vw, 1346px\" \/>\t\t\t\t\t\t\t\t\t\t\t\t\t\t\t<\/div>\n\t\t\t\t<\/div>\n\t\t\t\t\t<\/div>\n\t\t<\/div>\n\t\t\t\t\t<\/div>\n\t\t<\/section>\n\t\t\t\t<section class=\"elementor-section elementor-top-section elementor-element elementor-element-d74b6fa elementor-section-boxed elementor-section-height-default elementor-section-height-default\" data-id=\"d74b6fa\" data-element_type=\"section\">\n\t\t\t\t\t\t<div class=\"elementor-container elementor-column-gap-default\">\n\t\t\t\t\t<div class=\"elementor-column elementor-col-50 elementor-top-column elementor-element elementor-element-ef36293\" data-id=\"ef36293\" data-element_type=\"column\">\n\t\t\t<div class=\"elementor-widget-wrap elementor-element-populated\">\n\t\t\t\t\t\t<div class=\"elementor-element elementor-element-2d19b4e elementor-widget elementor-widget-text-editor\" data-id=\"2d19b4e\" data-element_type=\"widget\" data-widget_type=\"text-editor.default\">\n\t\t\t\t<div class=\"elementor-widget-container\">\n\t\t\t\t\t\t\t\t\t<div class=\"elementor-element elementor-element-49b97d8 elementor-widget elementor-widget-heading\" data-id=\"49b97d8\" data-element_type=\"widget\" data-widget_type=\"heading.default\"><div class=\"elementor-widget-container\"><h1 class=\"elementor-heading-title elementor-size-default\"><span style=\"color: #282828;\">Cabezal de bomba LED RGB vibrante y deslumbrante<\/span><\/h1><\/div><\/div><div class=\"elementor-element elementor-element-100aa4b elementor-widget elementor-widget-text-editor\" data-id=\"100aa4b\" data-element_type=\"widget\" data-widget_type=\"text-editor.default\"><div class=\"elementor-widget-container\"><div class=\"elementor-text-editor elementor-clearfix\">El bloque de agua de la serie AQUA re\u00fane toda la confiabilidad y el rendimiento que espera de un enfriador de CPU de alta gama con un cabezal de bomba LED RGB vibrante y deslumbrante para iluminar sus extraordinarias construcciones de juegos.<\/div><\/div><\/div>\t\t\t\t\t\t\t\t<\/div>\n\t\t\t\t<\/div>\n\t\t\t\t\t<\/div>\n\t\t<\/div>\n\t\t\t\t<div class=\"elementor-column elementor-col-50 elementor-top-column elementor-element elementor-element-b566471\" data-id=\"b566471\" data-element_type=\"column\">\n\t\t\t<div class=\"elementor-widget-wrap elementor-element-populated\">\n\t\t\t\t\t\t<div class=\"elementor-element elementor-element-17f4531 elementor-widget elementor-widget-image\" data-id=\"17f4531\" data-element_type=\"widget\" data-widget_type=\"image.default\">\n\t\t\t\t<div class=\"elementor-widget-container\">\n\t\t\t\t\t\t\t\t\t\t\t\t\t\t\t<img loading=\"lazy\" decoding=\"async\" width=\"540\" height=\"536\" src=\"https:\/\/mivoot.com\/gt\/wp-content\/uploads\/2021\/04\/product-section-01.png\" class=\"attachment-large size-large wp-image-3145\" alt=\"\" srcset=\"https:\/\/mivoot.com\/gt\/wp-content\/uploads\/2021\/04\/product-section-01.png 540w, https:\/\/mivoot.com\/gt\/wp-content\/uploads\/2021\/04\/product-section-01-100x100.png 100w, https:\/\/mivoot.com\/gt\/wp-content\/uploads\/2021\/04\/product-section-01-410x407.png 410w, https:\/\/mivoot.com\/gt\/wp-content\/uploads\/2021\/04\/product-section-01-64x64.png 64w, https:\/\/mivoot.com\/gt\/wp-content\/uploads\/2021\/04\/product-section-01-300x298.png 300w, https:\/\/mivoot.com\/gt\/wp-content\/uploads\/2021\/04\/product-section-01-150x150.png 150w\" sizes=\"(max-width: 540px) 100vw, 540px\" \/>\t\t\t\t\t\t\t\t\t\t\t\t\t\t\t<\/div>\n\t\t\t\t<\/div>\n\t\t\t\t\t<\/div>\n\t\t<\/div>\n\t\t\t\t\t<\/div>\n\t\t<\/section>\n\t\t\t\t<section class=\"elementor-section elementor-top-section elementor-element elementor-element-6f84c3d elementor-section-boxed elementor-section-height-default elementor-section-height-default\" data-id=\"6f84c3d\" data-element_type=\"section\">\n\t\t\t\t\t\t<div class=\"elementor-container elementor-column-gap-default\">\n\t\t\t\t\t<div class=\"elementor-column elementor-col-50 elementor-top-column elementor-element elementor-element-7df1bf1\" data-id=\"7df1bf1\" data-element_type=\"column\">\n\t\t\t<div class=\"elementor-widget-wrap elementor-element-populated\">\n\t\t\t\t\t\t<div class=\"elementor-element elementor-element-41479ce elementor-widget elementor-widget-image\" data-id=\"41479ce\" data-element_type=\"widget\" data-widget_type=\"image.default\">\n\t\t\t\t<div class=\"elementor-widget-container\">\n\t\t\t\t\t\t\t\t\t\t\t\t\t\t\t<img loading=\"lazy\" decoding=\"async\" width=\"1020\" height=\"446\" src=\"https:\/\/mivoot.com\/gt\/wp-content\/uploads\/2021\/04\/120-2.png\" class=\"attachment-large size-large wp-image-3150\" alt=\"\" srcset=\"https:\/\/mivoot.com\/gt\/wp-content\/uploads\/2021\/04\/120-2.png 1342w, https:\/\/mivoot.com\/gt\/wp-content\/uploads\/2021\/04\/120-2-410x179.png 410w, https:\/\/mivoot.com\/gt\/wp-content\/uploads\/2021\/04\/120-2-64x28.png 64w, https:\/\/mivoot.com\/gt\/wp-content\/uploads\/2021\/04\/120-2-300x131.png 300w, https:\/\/mivoot.com\/gt\/wp-content\/uploads\/2021\/04\/120-2-768x336.png 768w\" sizes=\"(max-width: 1020px) 100vw, 1020px\" \/>\t\t\t\t\t\t\t\t\t\t\t\t\t\t\t<\/div>\n\t\t\t\t<\/div>\n\t\t\t\t\t<\/div>\n\t\t<\/div>\n\t\t\t\t<div class=\"elementor-column elementor-col-50 elementor-top-column elementor-element elementor-element-4e5cb6b\" data-id=\"4e5cb6b\" data-element_type=\"column\">\n\t\t\t<div class=\"elementor-widget-wrap elementor-element-populated\">\n\t\t\t\t\t\t<div class=\"elementor-element elementor-element-fdc1078 elementor-widget elementor-widget-text-editor\" data-id=\"fdc1078\" data-element_type=\"widget\" data-widget_type=\"text-editor.default\">\n\t\t\t\t<div class=\"elementor-widget-container\">\n\t\t\t\t\t\t\t\t\t<div class=\"elementor-element elementor-element-c14620d elementor-widget elementor-widget-heading\" data-id=\"c14620d\" data-element_type=\"widget\" data-widget_type=\"heading.default\"><div class=\"elementor-widget-container\"><h3 class=\"elementor-heading-title elementor-size-default\"><span style=\"color: #282828;\">M\u00e1s de 100 efectos RGB con control remoto sin controlador<\/span><\/h3><\/div><\/div><div class=\"elementor-element elementor-element-923072b elementor-widget elementor-widget-text-editor\" data-id=\"923072b\" data-element_type=\"widget\" data-widget_type=\"text-editor.default\"><div class=\"elementor-widget-container\"><div class=\"elementor-text-editor elementor-clearfix\">Personalice sus estilos de juego cambiando los efectos RGB.\u00a0Con el controlador inal\u00e1mbrico incluido, tiene acceso a m\u00e1s de 100 impresionantes efectos de iluminaci\u00f3n RGB.\u00a0Puede elegir colores, patrones de iluminaci\u00f3n, brillo y velocidades de iluminaci\u00f3n din\u00e1micas.<\/div><\/div><\/div>\t\t\t\t\t\t\t\t<\/div>\n\t\t\t\t<\/div>\n\t\t\t\t\t<\/div>\n\t\t<\/div>\n\t\t\t\t\t<\/div>\n\t\t<\/section>\n\t\t\t\t<section class=\"elementor-section elementor-top-section elementor-element elementor-element-66ed315 elementor-section-boxed elementor-section-height-default elementor-section-height-default\" data-id=\"66ed315\" data-element_type=\"section\">\n\t\t\t\t\t\t<div class=\"elementor-container elementor-column-gap-default\">\n\t\t\t\t\t<div class=\"elementor-column elementor-col-100 elementor-top-column elementor-element elementor-element-e9d84af\" data-id=\"e9d84af\" data-element_type=\"column\">\n\t\t\t<div class=\"elementor-widget-wrap elementor-element-populated\">\n\t\t\t\t\t\t<div class=\"elementor-element elementor-element-2780c70 elementor-position-left elementor-view-default elementor-mobile-position-top elementor-widget elementor-widget-icon-box\" data-id=\"2780c70\" data-element_type=\"widget\" data-widget_type=\"icon-box.default\">\n\t\t\t\t<div class=\"elementor-widget-container\">\n\t\t\t\t\t\t\t<div class=\"elementor-icon-box-wrapper\">\n\n\t\t\t\t\t\t<div class=\"elementor-icon-box-icon\">\n\t\t\t\t<a href=\"https:\/\/cougargaming.com\/fileadmin\/downloads\/USERS_MANUAL\/AQUA%20120_usermanual.pdf\" class=\"elementor-icon\" tabindex=\"-1\" aria-label=\"Manual de usuario\">\n\t\t\t\t<i aria-hidden=\"true\" class=\"far fa-file-pdf\"><\/i>\t\t\t\t<\/a>\n\t\t\t<\/div>\n\t\t\t\n\t\t\t\t\t\t<div class=\"elementor-icon-box-content\">\n\n\t\t\t\t\t\t\t\t\t<h3 class=\"elementor-icon-box-title\">\n\t\t\t\t\t\t<a href=\"https:\/\/cougargaming.com\/fileadmin\/downloads\/USERS_MANUAL\/AQUA%20120_usermanual.pdf\" >\n\t\t\t\t\t\t\tManual de usuario\t\t\t\t\t\t<\/a>\n\t\t\t\t\t<\/h3>\n\t\t\t\t\n\t\t\t\t\n\t\t\t<\/div>\n\t\t\t\n\t\t<\/div>\n\t\t\t\t\t\t<\/div>\n\t\t\t\t<\/div>\n\t\t\t\t\t<\/div>\n\t\t<\/div>\n\t\t\t\t\t<\/div>\n\t\t<\/section>\n\t\t\t\t<\/div>\n\t\t","protected":false},"excerpt":{"rendered":"<p>&#8211; Efectos RGB Din\u00e1micos: LEDs RGB Direccionables tanto en el Bloque de Agua<br \/>\n&#8211; Vortex WB 120: Rango de Velocidad Extendido para Optimizar Relaci\u00f3n<br \/>\nRendimiento\/Ruido<br \/>\n&#8211; Soporta tanto con Control Remoto como Conexi\u00f3n 5V RGB a Placas Base Compatibles<br \/>\n&#8211; Tubos con Mangas Extralargos para Mayor Fiabilidad y Durabilidad<br \/>\n&#8211; Compatible Socket Intel LGA 775\/1155\/1156\/1151<br \/>\n&#8211; 1366 2011 \/ 2066\/ 1200<br \/>\n&#8211; Compatible Socket AMD AM4 \/ FM2 \/ FM1 \/ AM3 +<br \/>\n&#8211; AM3 \/ AM2 + AM2 CPU<\/p>\n<p>&nbsp;<\/p>\n","protected":false},"featured_media":3134,"comment_status":"open","ping_status":"closed","template":"","meta":{"jetpack_publicize_message":"","jetpack_publicize_feature_enabled":true,"jetpack_social_post_already_shared":false,"jetpack_social_options":{"image_generator_settings":{"template":"highway","default_image_id":0,"font":"","enabled":false},"version":2}},"pwb-brand":[85],"product_brand":[],"product_cat":[137],"product_tag":[],"class_list":{"0":"post-3133","1":"product","2":"type-product","3":"status-publish","4":"has-post-thumbnail","6":"pwb-brand-cougar","7":"product_cat-ventiladoresenfriamento","9":"first","10":"instock","11":"sale","12":"taxable","13":"shipping-taxable","14":"purchasable","15":"product-type-simple"},"yoast_head":"<!-- This site is optimized with the Yoast SEO Premium plugin v25.7.1 (Yoast SEO v26.8) - https:\/\/yoast.com\/product\/yoast-seo-premium-wordpress\/ -->\n<title>Enfriador AQUA 120mm RGB Cougar - Mivoot<\/title>\n<meta name=\"robots\" content=\"index, follow, max-snippet:-1, max-image-preview:large, max-video-preview:-1\" \/>\n<link rel=\"canonical\" href=\"https:\/\/mivoot.com\/gt\/producto\/enfriador-aqua-120mm-rgb-cougar\/\" \/>\n<meta property=\"og:locale\" content=\"es_ES\" \/>\n<meta property=\"og:type\" content=\"article\" \/>\n<meta property=\"og:title\" content=\"Enfriador AQUA 120mm RGB Cougar\" \/>\n<meta property=\"og:description\" content=\"- Efectos RGB Din\u00e1micos: LEDs RGB Direccionables tanto en el Bloque de Agua - Vortex WB 120: Rango de Velocidad Extendido para Optimizar Relaci\u00f3n Rendimiento\/Ruido - Soporta tanto con Control Remoto como Conexi\u00f3n 5V RGB a Placas Base Compatibles - Tubos con Mangas Extralargos para Mayor Fiabilidad y Durabilidad - Compatible Socket Intel LGA 775\/1155\/1156\/1151 - 1366 2011 \/ 2066\/ 1200 - Compatible Socket AMD AM4 \/ FM2 \/ FM1 \/ AM3 + - AM3 \/ AM2 + AM2 CPU  &nbsp;\" \/>\n<meta property=\"og:url\" content=\"https:\/\/mivoot.com\/gt\/producto\/enfriador-aqua-120mm-rgb-cougar\/\" \/>\n<meta property=\"og:site_name\" content=\"Mivoot\" \/>\n<meta property=\"article:publisher\" content=\"https:\/\/www.facebook.com\/mivootgt\" \/>\n<meta property=\"article:modified_time\" content=\"2021-04-07T04:21:33+00:00\" \/>\n<meta property=\"og:image\" content=\"https:\/\/mivoot.com\/gt\/wp-content\/uploads\/2021\/04\/01-1.png\" \/>\n\t<meta property=\"og:image:width\" content=\"1200\" \/>\n\t<meta property=\"og:image:height\" content=\"960\" \/>\n\t<meta property=\"og:image:type\" content=\"image\/png\" \/>\n<meta name=\"twitter:card\" content=\"summary_large_image\" \/>\n<meta name=\"twitter:label1\" content=\"Est. reading time\" \/>\n\t<meta name=\"twitter:data1\" content=\"1 minuto\" \/>\n<script type=\"application\/ld+json\" class=\"yoast-schema-graph\">{\"@context\":\"https:\/\/schema.org\",\"@graph\":[{\"@type\":\"WebPage\",\"@id\":\"https:\/\/mivoot.com\/gt\/producto\/enfriador-aqua-120mm-rgb-cougar\/\",\"url\":\"https:\/\/mivoot.com\/gt\/producto\/enfriador-aqua-120mm-rgb-cougar\/\",\"name\":\"Enfriador AQUA 120mm RGB Cougar - Mivoot\",\"isPartOf\":{\"@id\":\"https:\/\/mivoot.com\/gt\/#website\"},\"primaryImageOfPage\":{\"@id\":\"https:\/\/mivoot.com\/gt\/producto\/enfriador-aqua-120mm-rgb-cougar\/#primaryimage\"},\"image\":{\"@id\":\"https:\/\/mivoot.com\/gt\/producto\/enfriador-aqua-120mm-rgb-cougar\/#primaryimage\"},\"thumbnailUrl\":\"https:\/\/mivoot.com\/gt\/wp-content\/uploads\/2021\/04\/01-1.png\",\"datePublished\":\"2021-04-07T04:04:14+00:00\",\"dateModified\":\"2021-04-07T04:21:33+00:00\",\"breadcrumb\":{\"@id\":\"https:\/\/mivoot.com\/gt\/producto\/enfriador-aqua-120mm-rgb-cougar\/#breadcrumb\"},\"inLanguage\":\"es\",\"potentialAction\":[{\"@type\":\"ReadAction\",\"target\":[\"https:\/\/mivoot.com\/gt\/producto\/enfriador-aqua-120mm-rgb-cougar\/\"]}]},{\"@type\":\"ImageObject\",\"inLanguage\":\"es\",\"@id\":\"https:\/\/mivoot.com\/gt\/producto\/enfriador-aqua-120mm-rgb-cougar\/#primaryimage\",\"url\":\"https:\/\/mivoot.com\/gt\/wp-content\/uploads\/2021\/04\/01-1.png\",\"contentUrl\":\"https:\/\/mivoot.com\/gt\/wp-content\/uploads\/2021\/04\/01-1.png\",\"width\":1200,\"height\":960},{\"@type\":\"BreadcrumbList\",\"@id\":\"https:\/\/mivoot.com\/gt\/producto\/enfriador-aqua-120mm-rgb-cougar\/#breadcrumb\",\"itemListElement\":[{\"@type\":\"ListItem\",\"position\":1,\"name\":\"Inicio\",\"item\":\"https:\/\/mivoot.com\/gt\/\"},{\"@type\":\"ListItem\",\"position\":2,\"name\":\"Productos\",\"item\":\"https:\/\/mivoot.com\/gt\/producto\/\"},{\"@type\":\"ListItem\",\"position\":3,\"name\":\"Cougar\",\"item\":\"https:\/\/mivoot.com\/gt\/marca\/cougar\/\"},{\"@type\":\"ListItem\",\"position\":4,\"name\":\"Enfriador AQUA 120mm RGB Cougar\"}]},{\"@type\":\"WebSite\",\"@id\":\"https:\/\/mivoot.com\/gt\/#website\",\"url\":\"https:\/\/mivoot.com\/gt\/\",\"name\":\"Mivoot\",\"description\":\"Mivoot Guatemala | Tienda Online\",\"publisher\":{\"@id\":\"https:\/\/mivoot.com\/gt\/#organization\"},\"alternateName\":\"mivoot\",\"potentialAction\":[{\"@type\":\"SearchAction\",\"target\":{\"@type\":\"EntryPoint\",\"urlTemplate\":\"https:\/\/mivoot.com\/gt\/?s={search_term_string}\"},\"query-input\":{\"@type\":\"PropertyValueSpecification\",\"valueRequired\":true,\"valueName\":\"search_term_string\"}}],\"inLanguage\":\"es\"},{\"@type\":\"Organization\",\"@id\":\"https:\/\/mivoot.com\/gt\/#organization\",\"name\":\"Mivoot Guatemala\",\"alternateName\":\"mivoot.com\",\"url\":\"https:\/\/mivoot.com\/gt\/\",\"logo\":{\"@type\":\"ImageObject\",\"inLanguage\":\"es\",\"@id\":\"https:\/\/mivoot.com\/gt\/#\/schema\/logo\/image\/\",\"url\":\"https:\/\/mivoot.com\/gt\/wp-content\/uploads\/2023\/03\/cropped-icon.png\",\"contentUrl\":\"https:\/\/mivoot.com\/gt\/wp-content\/uploads\/2023\/03\/cropped-icon.png\",\"width\":512,\"height\":512,\"caption\":\"Mivoot Guatemala\"},\"image\":{\"@id\":\"https:\/\/mivoot.com\/gt\/#\/schema\/logo\/image\/\"},\"sameAs\":[\"https:\/\/www.facebook.com\/mivootgt\",\"https:\/\/instagram.com\/mivoot\"]}]}<\/script>\n<!-- \/ Yoast SEO Premium plugin. -->","yoast_head_json":{"title":"Enfriador AQUA 120mm RGB Cougar - Mivoot","robots":{"index":"index","follow":"follow","max-snippet":"max-snippet:-1","max-image-preview":"max-image-preview:large","max-video-preview":"max-video-preview:-1"},"canonical":"https:\/\/mivoot.com\/gt\/producto\/enfriador-aqua-120mm-rgb-cougar\/","og_locale":"es_ES","og_type":"article","og_title":"Enfriador AQUA 120mm RGB Cougar","og_description":"- Efectos RGB Din\u00e1micos: LEDs RGB Direccionables tanto en el Bloque de Agua - Vortex WB 120: Rango de Velocidad Extendido para Optimizar Relaci\u00f3n Rendimiento\/Ruido - Soporta tanto con Control Remoto como Conexi\u00f3n 5V RGB a Placas Base Compatibles - Tubos con Mangas Extralargos para Mayor Fiabilidad y Durabilidad - Compatible Socket Intel LGA 775\/1155\/1156\/1151 - 1366 2011 \/ 2066\/ 1200 - Compatible Socket AMD AM4 \/ FM2 \/ FM1 \/ AM3 + - AM3 \/ AM2 + AM2 CPU  &nbsp;","og_url":"https:\/\/mivoot.com\/gt\/producto\/enfriador-aqua-120mm-rgb-cougar\/","og_site_name":"Mivoot","article_publisher":"https:\/\/www.facebook.com\/mivootgt","article_modified_time":"2021-04-07T04:21:33+00:00","og_image":[{"width":1200,"height":960,"url":"https:\/\/mivoot.com\/gt\/wp-content\/uploads\/2021\/04\/01-1.png","type":"image\/png"}],"twitter_card":"summary_large_image","twitter_misc":{"Est. reading time":"1 minuto"},"schema":{"@context":"https:\/\/schema.org","@graph":[{"@type":"WebPage","@id":"https:\/\/mivoot.com\/gt\/producto\/enfriador-aqua-120mm-rgb-cougar\/","url":"https:\/\/mivoot.com\/gt\/producto\/enfriador-aqua-120mm-rgb-cougar\/","name":"Enfriador AQUA 120mm RGB Cougar - Mivoot","isPartOf":{"@id":"https:\/\/mivoot.com\/gt\/#website"},"primaryImageOfPage":{"@id":"https:\/\/mivoot.com\/gt\/producto\/enfriador-aqua-120mm-rgb-cougar\/#primaryimage"},"image":{"@id":"https:\/\/mivoot.com\/gt\/producto\/enfriador-aqua-120mm-rgb-cougar\/#primaryimage"},"thumbnailUrl":"https:\/\/mivoot.com\/gt\/wp-content\/uploads\/2021\/04\/01-1.png","datePublished":"2021-04-07T04:04:14+00:00","dateModified":"2021-04-07T04:21:33+00:00","breadcrumb":{"@id":"https:\/\/mivoot.com\/gt\/producto\/enfriador-aqua-120mm-rgb-cougar\/#breadcrumb"},"inLanguage":"es","potentialAction":[{"@type":"ReadAction","target":["https:\/\/mivoot.com\/gt\/producto\/enfriador-aqua-120mm-rgb-cougar\/"]}]},{"@type":"ImageObject","inLanguage":"es","@id":"https:\/\/mivoot.com\/gt\/producto\/enfriador-aqua-120mm-rgb-cougar\/#primaryimage","url":"https:\/\/mivoot.com\/gt\/wp-content\/uploads\/2021\/04\/01-1.png","contentUrl":"https:\/\/mivoot.com\/gt\/wp-content\/uploads\/2021\/04\/01-1.png","width":1200,"height":960},{"@type":"BreadcrumbList","@id":"https:\/\/mivoot.com\/gt\/producto\/enfriador-aqua-120mm-rgb-cougar\/#breadcrumb","itemListElement":[{"@type":"ListItem","position":1,"name":"Inicio","item":"https:\/\/mivoot.com\/gt\/"},{"@type":"ListItem","position":2,"name":"Productos","item":"https:\/\/mivoot.com\/gt\/producto\/"},{"@type":"ListItem","position":3,"name":"Cougar","item":"https:\/\/mivoot.com\/gt\/marca\/cougar\/"},{"@type":"ListItem","position":4,"name":"Enfriador AQUA 120mm RGB Cougar"}]},{"@type":"WebSite","@id":"https:\/\/mivoot.com\/gt\/#website","url":"https:\/\/mivoot.com\/gt\/","name":"Mivoot","description":"Mivoot Guatemala | Tienda Online","publisher":{"@id":"https:\/\/mivoot.com\/gt\/#organization"},"alternateName":"mivoot","potentialAction":[{"@type":"SearchAction","target":{"@type":"EntryPoint","urlTemplate":"https:\/\/mivoot.com\/gt\/?s={search_term_string}"},"query-input":{"@type":"PropertyValueSpecification","valueRequired":true,"valueName":"search_term_string"}}],"inLanguage":"es"},{"@type":"Organization","@id":"https:\/\/mivoot.com\/gt\/#organization","name":"Mivoot Guatemala","alternateName":"mivoot.com","url":"https:\/\/mivoot.com\/gt\/","logo":{"@type":"ImageObject","inLanguage":"es","@id":"https:\/\/mivoot.com\/gt\/#\/schema\/logo\/image\/","url":"https:\/\/mivoot.com\/gt\/wp-content\/uploads\/2023\/03\/cropped-icon.png","contentUrl":"https:\/\/mivoot.com\/gt\/wp-content\/uploads\/2023\/03\/cropped-icon.png","width":512,"height":512,"caption":"Mivoot Guatemala"},"image":{"@id":"https:\/\/mivoot.com\/gt\/#\/schema\/logo\/image\/"},"sameAs":["https:\/\/www.facebook.com\/mivootgt","https:\/\/instagram.com\/mivoot"]}]}},"jetpack_publicize_connections":[],"jetpack_sharing_enabled":true,"brands":[{"id":85,"name":"Cougar","slug":"cougar"}],"_links":{"self":[{"href":"https:\/\/mivoot.com\/gt\/wp-json\/wp\/v2\/product\/3133","targetHints":{"allow":["GET"]}}],"collection":[{"href":"https:\/\/mivoot.com\/gt\/wp-json\/wp\/v2\/product"}],"about":[{"href":"https:\/\/mivoot.com\/gt\/wp-json\/wp\/v2\/types\/product"}],"replies":[{"embeddable":true,"href":"https:\/\/mivoot.com\/gt\/wp-json\/wp\/v2\/comments?post=3133"}],"version-history":[{"count":14,"href":"https:\/\/mivoot.com\/gt\/wp-json\/wp\/v2\/product\/3133\/revisions"}],"predecessor-version":[{"id":3163,"href":"https:\/\/mivoot.com\/gt\/wp-json\/wp\/v2\/product\/3133\/revisions\/3163"}],"wp:featuredmedia":[{"embeddable":true,"href":"https:\/\/mivoot.com\/gt\/wp-json\/wp\/v2\/media\/3134"}],"wp:attachment":[{"href":"https:\/\/mivoot.com\/gt\/wp-json\/wp\/v2\/media?parent=3133"}],"wp:term":[{"taxonomy":"pwb-brand","embeddable":true,"href":"https:\/\/mivoot.com\/gt\/wp-json\/wp\/v2\/pwb-brand?post=3133"},{"taxonomy":"product_brand","embeddable":true,"href":"https:\/\/mivoot.com\/gt\/wp-json\/wp\/v2\/product_brand?post=3133"},{"taxonomy":"product_cat","embeddable":true,"href":"https:\/\/mivoot.com\/gt\/wp-json\/wp\/v2\/product_cat?post=3133"},{"taxonomy":"product_tag","embeddable":true,"href":"https:\/\/mivoot.com\/gt\/wp-json\/wp\/v2\/product_tag?post=3133"}],"curies":[{"name":"wp","href":"https:\/\/api.w.org\/{rel}","templated":true}]}}