{"id":31364,"date":"2025-12-10T17:40:51","date_gmt":"2025-12-10T23:40:51","guid":{"rendered":"https:\/\/mivoot.com\/gt\/?post_type=product&#038;p=31364"},"modified":"2025-12-10T17:40:52","modified_gmt":"2025-12-10T23:40:52","slug":"timbre-inteligente-con-video-y-bateria-tapo-d230s1tp-link","status":"publish","type":"product","link":"https:\/\/mivoot.com\/gt\/producto\/timbre-inteligente-con-video-y-bateria-tapo-d230s1tp-link\/","title":{"rendered":"Timbre Inteligente con V\u00eddeo y Bater\u00eda Tapo D230S1Tp-Link"},"content":{"rendered":"<h1 style=\"text-align: center\"><span style=\"color: #000080\"><strong><span dir=\"auto\">Timbre con v\u00eddeo inteligente 2K de 5 MP <\/span>Protege tu Hogar y Familia 24 Horas al D\u00eda<\/strong><\/span><\/h1>\n<h3 class=\"desc\" style=\"text-align: center\">Con visi\u00f3n nocturna y\u00a0bater\u00eda de larga duraci\u00f3n<\/h3>\n<p><img fetchpriority=\"high\" decoding=\"async\" class=\" wp-image-31365 aligncenter\" src=\"https:\/\/mivoot.com\/gt\/wp-content\/uploads\/2025\/12\/Captura-de-pantalla-2025-12-10-173340-300x122.png\" alt=\"\" width=\"1013\" height=\"412\" srcset=\"https:\/\/mivoot.com\/gt\/wp-content\/uploads\/2025\/12\/Captura-de-pantalla-2025-12-10-173340-300x122.png 300w, https:\/\/mivoot.com\/gt\/wp-content\/uploads\/2025\/12\/Captura-de-pantalla-2025-12-10-173340-768x312.png 768w, https:\/\/mivoot.com\/gt\/wp-content\/uploads\/2025\/12\/Captura-de-pantalla-2025-12-10-173340-18x7.png 18w, https:\/\/mivoot.com\/gt\/wp-content\/uploads\/2025\/12\/Captura-de-pantalla-2025-12-10-173340-600x244.png 600w, https:\/\/mivoot.com\/gt\/wp-content\/uploads\/2025\/12\/Captura-de-pantalla-2025-12-10-173340-410x167.png 410w, https:\/\/mivoot.com\/gt\/wp-content\/uploads\/2025\/12\/Captura-de-pantalla-2025-12-10-173340-64x26.png 64w, https:\/\/mivoot.com\/gt\/wp-content\/uploads\/2025\/12\/Captura-de-pantalla-2025-12-10-173340.png 1204w\" sizes=\"(max-width: 1013px) 100vw, 1013px\" \/><\/p>\n<p>&nbsp;<\/p>\n<div class=\"w-container\">\n<div class=\"text\">\n<h2><span dir=\"auto\">V\u00eddeo 2K 5MP<\/span><\/h2>\n<p>Con el sensor starlight y la resoluci\u00f3n 2K 5MP, no te pierdas ni un detalle incluso con poca luz.<\/p>\n<\/div>\n<div class=\"desc\">\n<h2 style=\"text-align: right\">Visi\u00f3n Nocturna a todo Color<\/h2>\n<p style=\"text-align: right\">Con el foco empotrado y el sensor starlight, Tapo D230S1 revela detalles de alta fidelidad y color durante la noche.<\/p>\n<\/div>\n<h2>Visi\u00f3n de pies a cabeza<\/h2>\n<p>Con el amplio campo de visi\u00f3n de 160\u00b0 Diagonal, se puede ver a las visitas de pies a cabeza a una distancia de tan solo 1 metro<\/p>\n<\/div>\n<h2 style=\"text-align: right\">Libertad de Instalaci\u00f3n<\/h2>\n<p style=\"text-align: right\">Instala el videoportero de la manera que mejor se adapte a tu hogar para tener una visi\u00f3n total de la entrada. Incluye cu\u00f1as para adaptar la c\u00e1mara a la perfecci\u00f3n.<\/p>\n<p style=\"text-align: right\">\n<h2 style=\"text-align: center\">Bater\u00eda de Larga Duraci\u00f3n<\/h2>\n<p style=\"text-align: center\">La bater\u00eda es recargable y extra\u00edble, con un bajo consumo para que dure m\u00e1s tiempo..<\/p>\n<div class=\"capacity\">\n<h1 class=\"number\" style=\"text-align: center\"><strong><span style=\"color: #000080\"><span class=\"big\"><span dir=\"auto\">6700<\/span><\/span><span dir=\"auto\">\u00a0mAh<\/span><\/span><\/strong><\/h1>\n<p class=\"day\" style=\"text-align: center\">Funciona\u00a0durante 180 d\u00edas<\/p>\n<\/div>\n<h2>Detecci\u00f3n de Personas y Veh\u00edculos<\/h2>\n<p>La IA integrada en Tapo D230S1 detecta distingue con precisi\u00f3n a personas y veh\u00edculos.<\/p>\n<h2 style=\"text-align: right\">Sonido Bidireccional<\/h2>\n<p style=\"text-align: right\">Permite la comunicaci\u00f3n a trav\u00e9s del micr\u00f3fono y altavoz integrados.<\/p>\n<h2>Timbre Interior<\/h2>\n<p>Elige entre una variedad de sonidos para recibir alertas cuando est\u00e9s en casa.<\/p>\n<p>&nbsp;<\/p>\n<h2 style=\"text-align: right\">Almacenamiento Seguro<\/h2>\n<p style=\"text-align: right\">Guarda videos grabados en la tarjeta microSD instalada en el hub\u00a0(hasta 512 GB) o utilizando los servicios de almacenamiento en la nube Tapo Care<\/p>\n<p>&nbsp;<\/p>\n<h2>Alarma de luz y sonido<\/h2>\n<p>Elige el sonido que quieras y comb\u00ednalo con la luz integrada.<\/p>\n<div class=\"bg\">\n<div class=\"icon\"><img decoding=\"async\" src=\"https:\/\/static-product.tp-link.com\/tapo-d230s1_v1\/img\/arrrow.png\" alt=\"\" \/><\/div>\n<\/div>\n","protected":false},"excerpt":{"rendered":"<p>&#8211; Sensor de Imagen: 1\/2,7&#8243;<br \/>\n&#8211; Visi\u00f3n nocturna: LED IR de 850 nm hasta 7,5 m<br \/>\n&#8211; Compatibilidad del concentrador: Compatible con H200 (incluido)<br \/>\n&#8211; Calificaci\u00f3n resistente a la intemperie: IP64<br \/>\n&#8211; \u00c1ngulo de Visi\u00f3n: Diagonal de 160\u00b0<br \/>\n&#8211; Resoluci\u00f3n: 2K 5MP (2560 \u00d7 1920px)<br \/>\n&#8211; Compatible con sensores inteligentes Tapo, botones, interruptores Sub-1G, c\u00e1maras y videoporteros<br \/>\n&#8211; 1\u00d7 Puerto Ethernet<br \/>\n&#8211; 1\u00d7 Bot\u00f3n RESET<br \/>\n&#8211; 1\u00d7 Ranura para tarjeta MicroSD (hasta 512 GB)<br \/>\n&#8211; 1x Bot\u00f3n SYNC<br \/>\n&#8211; Resoluci\u00f3n m\u00e1xima: 2K 5MP (2560 \u00d7 1920px)<br \/>\n&#8211; Entrada y salida de audio: Micr\u00f3fono y altavoz integrados<\/p>\n","protected":false},"featured_media":31369,"comment_status":"open","ping_status":"closed","template":"","meta":{"jetpack_publicize_message":"","jetpack_publicize_feature_enabled":true,"jetpack_social_post_already_shared":true,"jetpack_social_options":{"image_generator_settings":{"template":"highway","default_image_id":0,"font":"","enabled":false},"version":2}},"pwb-brand":[320,458],"product_brand":[],"product_cat":[356],"product_tag":[],"class_list":{"0":"post-31364","1":"product","2":"type-product","3":"status-publish","4":"has-post-thumbnail","6":"pwb-brand-tp-link","7":"pwb-brand-tp-link-tapo","8":"product_cat-video-portero","10":"first","11":"instock","12":"taxable","13":"shipping-taxable","14":"product-type-simple"},"yoast_head":"<!-- This site is optimized with the Yoast SEO Premium plugin v25.7.1 (Yoast SEO v26.8) - https:\/\/yoast.com\/product\/yoast-seo-premium-wordpress\/ -->\n<title>Timbre Inteligente con V\u00eddeo y Bater\u00eda Tapo D230S1Tp-Link - Mivoot<\/title>\n<meta name=\"robots\" content=\"index, follow, max-snippet:-1, max-image-preview:large, max-video-preview:-1\" \/>\n<link rel=\"canonical\" href=\"https:\/\/mivoot.com\/gt\/producto\/timbre-inteligente-con-video-y-bateria-tapo-d230s1tp-link\/\" \/>\n<meta property=\"og:locale\" content=\"es_ES\" \/>\n<meta property=\"og:type\" content=\"article\" \/>\n<meta property=\"og:title\" content=\"Timbre Inteligente con V\u00eddeo y Bater\u00eda Tapo D230S1Tp-Link\" \/>\n<meta property=\"og:description\" content=\"- Sensor de Imagen: 1\/2,7&quot; - Visi\u00f3n nocturna: LED IR de 850 nm hasta 7,5 m - Compatibilidad del concentrador: Compatible con H200 (incluido) - Calificaci\u00f3n resistente a la intemperie: IP64 - \u00c1ngulo de Visi\u00f3n: Diagonal de 160\u00b0 - Resoluci\u00f3n: 2K 5MP (2560 \u00d7 1920px) - Compatible con sensores inteligentes Tapo, botones, interruptores Sub-1G, c\u00e1maras y videoporteros - 1\u00d7 Puerto Ethernet - 1\u00d7 Bot\u00f3n RESET - 1\u00d7 Ranura para tarjeta MicroSD (hasta 512 GB) - 1x Bot\u00f3n SYNC - Resoluci\u00f3n m\u00e1xima: 2K 5MP (2560 \u00d7 1920px) - Entrada y salida de audio: Micr\u00f3fono y altavoz integrados\" \/>\n<meta property=\"og:url\" content=\"https:\/\/mivoot.com\/gt\/producto\/timbre-inteligente-con-video-y-bateria-tapo-d230s1tp-link\/\" \/>\n<meta property=\"og:site_name\" content=\"Mivoot\" \/>\n<meta property=\"article:publisher\" content=\"https:\/\/www.facebook.com\/mivootgt\" \/>\n<meta property=\"article:modified_time\" content=\"2025-12-10T23:40:52+00:00\" \/>\n<meta property=\"og:image\" content=\"https:\/\/mivoot.com\/gt\/wp-content\/uploads\/2025\/12\/02_normal_20230403055356p.jpg\" \/>\n\t<meta property=\"og:image:width\" content=\"590\" \/>\n\t<meta property=\"og:image:height\" content=\"508\" \/>\n\t<meta property=\"og:image:type\" content=\"image\/jpeg\" \/>\n<meta name=\"twitter:card\" content=\"summary_large_image\" \/>\n<meta name=\"twitter:label1\" content=\"Est. reading time\" \/>\n\t<meta name=\"twitter:data1\" content=\"2 minutos\" \/>\n<script type=\"application\/ld+json\" class=\"yoast-schema-graph\">{\"@context\":\"https:\/\/schema.org\",\"@graph\":[{\"@type\":\"WebPage\",\"@id\":\"https:\/\/mivoot.com\/gt\/producto\/timbre-inteligente-con-video-y-bateria-tapo-d230s1tp-link\/\",\"url\":\"https:\/\/mivoot.com\/gt\/producto\/timbre-inteligente-con-video-y-bateria-tapo-d230s1tp-link\/\",\"name\":\"Timbre Inteligente con V\u00eddeo y Bater\u00eda Tapo D230S1Tp-Link - Mivoot\",\"isPartOf\":{\"@id\":\"https:\/\/mivoot.com\/gt\/#website\"},\"primaryImageOfPage\":{\"@id\":\"https:\/\/mivoot.com\/gt\/producto\/timbre-inteligente-con-video-y-bateria-tapo-d230s1tp-link\/#primaryimage\"},\"image\":{\"@id\":\"https:\/\/mivoot.com\/gt\/producto\/timbre-inteligente-con-video-y-bateria-tapo-d230s1tp-link\/#primaryimage\"},\"thumbnailUrl\":\"https:\/\/mivoot.com\/gt\/wp-content\/uploads\/2025\/12\/02_normal_20230403055356p.jpg\",\"datePublished\":\"2025-12-10T23:40:51+00:00\",\"dateModified\":\"2025-12-10T23:40:52+00:00\",\"breadcrumb\":{\"@id\":\"https:\/\/mivoot.com\/gt\/producto\/timbre-inteligente-con-video-y-bateria-tapo-d230s1tp-link\/#breadcrumb\"},\"inLanguage\":\"es\",\"potentialAction\":[{\"@type\":\"ReadAction\",\"target\":[\"https:\/\/mivoot.com\/gt\/producto\/timbre-inteligente-con-video-y-bateria-tapo-d230s1tp-link\/\"]}]},{\"@type\":\"ImageObject\",\"inLanguage\":\"es\",\"@id\":\"https:\/\/mivoot.com\/gt\/producto\/timbre-inteligente-con-video-y-bateria-tapo-d230s1tp-link\/#primaryimage\",\"url\":\"https:\/\/mivoot.com\/gt\/wp-content\/uploads\/2025\/12\/02_normal_20230403055356p.jpg\",\"contentUrl\":\"https:\/\/mivoot.com\/gt\/wp-content\/uploads\/2025\/12\/02_normal_20230403055356p.jpg\",\"width\":590,\"height\":508},{\"@type\":\"BreadcrumbList\",\"@id\":\"https:\/\/mivoot.com\/gt\/producto\/timbre-inteligente-con-video-y-bateria-tapo-d230s1tp-link\/#breadcrumb\",\"itemListElement\":[{\"@type\":\"ListItem\",\"position\":1,\"name\":\"Inicio\",\"item\":\"https:\/\/mivoot.com\/gt\/\"},{\"@type\":\"ListItem\",\"position\":2,\"name\":\"Productos\",\"item\":\"https:\/\/mivoot.com\/gt\/producto\/\"},{\"@type\":\"ListItem\",\"position\":3,\"name\":\"TP-Link\",\"item\":\"https:\/\/mivoot.com\/gt\/marca\/tp-link\/\"},{\"@type\":\"ListItem\",\"position\":4,\"name\":\"Timbre Inteligente con V\u00eddeo y Bater\u00eda Tapo D230S1Tp-Link\"}]},{\"@type\":\"WebSite\",\"@id\":\"https:\/\/mivoot.com\/gt\/#website\",\"url\":\"https:\/\/mivoot.com\/gt\/\",\"name\":\"Mivoot\",\"description\":\"Mivoot Guatemala | Tienda Online\",\"publisher\":{\"@id\":\"https:\/\/mivoot.com\/gt\/#organization\"},\"alternateName\":\"mivoot\",\"potentialAction\":[{\"@type\":\"SearchAction\",\"target\":{\"@type\":\"EntryPoint\",\"urlTemplate\":\"https:\/\/mivoot.com\/gt\/?s={search_term_string}\"},\"query-input\":{\"@type\":\"PropertyValueSpecification\",\"valueRequired\":true,\"valueName\":\"search_term_string\"}}],\"inLanguage\":\"es\"},{\"@type\":\"Organization\",\"@id\":\"https:\/\/mivoot.com\/gt\/#organization\",\"name\":\"Mivoot Guatemala\",\"alternateName\":\"mivoot.com\",\"url\":\"https:\/\/mivoot.com\/gt\/\",\"logo\":{\"@type\":\"ImageObject\",\"inLanguage\":\"es\",\"@id\":\"https:\/\/mivoot.com\/gt\/#\/schema\/logo\/image\/\",\"url\":\"https:\/\/mivoot.com\/gt\/wp-content\/uploads\/2023\/03\/cropped-icon.png\",\"contentUrl\":\"https:\/\/mivoot.com\/gt\/wp-content\/uploads\/2023\/03\/cropped-icon.png\",\"width\":512,\"height\":512,\"caption\":\"Mivoot Guatemala\"},\"image\":{\"@id\":\"https:\/\/mivoot.com\/gt\/#\/schema\/logo\/image\/\"},\"sameAs\":[\"https:\/\/www.facebook.com\/mivootgt\",\"https:\/\/instagram.com\/mivoot\"]}]}<\/script>\n<!-- \/ Yoast SEO Premium plugin. -->","yoast_head_json":{"title":"Timbre Inteligente con V\u00eddeo y Bater\u00eda Tapo D230S1Tp-Link - Mivoot","robots":{"index":"index","follow":"follow","max-snippet":"max-snippet:-1","max-image-preview":"max-image-preview:large","max-video-preview":"max-video-preview:-1"},"canonical":"https:\/\/mivoot.com\/gt\/producto\/timbre-inteligente-con-video-y-bateria-tapo-d230s1tp-link\/","og_locale":"es_ES","og_type":"article","og_title":"Timbre Inteligente con V\u00eddeo y Bater\u00eda Tapo D230S1Tp-Link","og_description":"- Sensor de Imagen: 1\/2,7\" - Visi\u00f3n nocturna: LED IR de 850 nm hasta 7,5 m - Compatibilidad del concentrador: Compatible con H200 (incluido) - Calificaci\u00f3n resistente a la intemperie: IP64 - \u00c1ngulo de Visi\u00f3n: Diagonal de 160\u00b0 - Resoluci\u00f3n: 2K 5MP (2560 \u00d7 1920px) - Compatible con sensores inteligentes Tapo, botones, interruptores Sub-1G, c\u00e1maras y videoporteros - 1\u00d7 Puerto Ethernet - 1\u00d7 Bot\u00f3n RESET - 1\u00d7 Ranura para tarjeta MicroSD (hasta 512 GB) - 1x Bot\u00f3n SYNC - Resoluci\u00f3n m\u00e1xima: 2K 5MP (2560 \u00d7 1920px) - Entrada y salida de audio: Micr\u00f3fono y altavoz integrados","og_url":"https:\/\/mivoot.com\/gt\/producto\/timbre-inteligente-con-video-y-bateria-tapo-d230s1tp-link\/","og_site_name":"Mivoot","article_publisher":"https:\/\/www.facebook.com\/mivootgt","article_modified_time":"2025-12-10T23:40:52+00:00","og_image":[{"width":590,"height":508,"url":"https:\/\/mivoot.com\/gt\/wp-content\/uploads\/2025\/12\/02_normal_20230403055356p.jpg","type":"image\/jpeg"}],"twitter_card":"summary_large_image","twitter_misc":{"Est. reading time":"2 minutos"},"schema":{"@context":"https:\/\/schema.org","@graph":[{"@type":"WebPage","@id":"https:\/\/mivoot.com\/gt\/producto\/timbre-inteligente-con-video-y-bateria-tapo-d230s1tp-link\/","url":"https:\/\/mivoot.com\/gt\/producto\/timbre-inteligente-con-video-y-bateria-tapo-d230s1tp-link\/","name":"Timbre Inteligente con V\u00eddeo y Bater\u00eda Tapo D230S1Tp-Link - Mivoot","isPartOf":{"@id":"https:\/\/mivoot.com\/gt\/#website"},"primaryImageOfPage":{"@id":"https:\/\/mivoot.com\/gt\/producto\/timbre-inteligente-con-video-y-bateria-tapo-d230s1tp-link\/#primaryimage"},"image":{"@id":"https:\/\/mivoot.com\/gt\/producto\/timbre-inteligente-con-video-y-bateria-tapo-d230s1tp-link\/#primaryimage"},"thumbnailUrl":"https:\/\/mivoot.com\/gt\/wp-content\/uploads\/2025\/12\/02_normal_20230403055356p.jpg","datePublished":"2025-12-10T23:40:51+00:00","dateModified":"2025-12-10T23:40:52+00:00","breadcrumb":{"@id":"https:\/\/mivoot.com\/gt\/producto\/timbre-inteligente-con-video-y-bateria-tapo-d230s1tp-link\/#breadcrumb"},"inLanguage":"es","potentialAction":[{"@type":"ReadAction","target":["https:\/\/mivoot.com\/gt\/producto\/timbre-inteligente-con-video-y-bateria-tapo-d230s1tp-link\/"]}]},{"@type":"ImageObject","inLanguage":"es","@id":"https:\/\/mivoot.com\/gt\/producto\/timbre-inteligente-con-video-y-bateria-tapo-d230s1tp-link\/#primaryimage","url":"https:\/\/mivoot.com\/gt\/wp-content\/uploads\/2025\/12\/02_normal_20230403055356p.jpg","contentUrl":"https:\/\/mivoot.com\/gt\/wp-content\/uploads\/2025\/12\/02_normal_20230403055356p.jpg","width":590,"height":508},{"@type":"BreadcrumbList","@id":"https:\/\/mivoot.com\/gt\/producto\/timbre-inteligente-con-video-y-bateria-tapo-d230s1tp-link\/#breadcrumb","itemListElement":[{"@type":"ListItem","position":1,"name":"Inicio","item":"https:\/\/mivoot.com\/gt\/"},{"@type":"ListItem","position":2,"name":"Productos","item":"https:\/\/mivoot.com\/gt\/producto\/"},{"@type":"ListItem","position":3,"name":"TP-Link","item":"https:\/\/mivoot.com\/gt\/marca\/tp-link\/"},{"@type":"ListItem","position":4,"name":"Timbre Inteligente con V\u00eddeo y Bater\u00eda Tapo D230S1Tp-Link"}]},{"@type":"WebSite","@id":"https:\/\/mivoot.com\/gt\/#website","url":"https:\/\/mivoot.com\/gt\/","name":"Mivoot","description":"Mivoot Guatemala | Tienda Online","publisher":{"@id":"https:\/\/mivoot.com\/gt\/#organization"},"alternateName":"mivoot","potentialAction":[{"@type":"SearchAction","target":{"@type":"EntryPoint","urlTemplate":"https:\/\/mivoot.com\/gt\/?s={search_term_string}"},"query-input":{"@type":"PropertyValueSpecification","valueRequired":true,"valueName":"search_term_string"}}],"inLanguage":"es"},{"@type":"Organization","@id":"https:\/\/mivoot.com\/gt\/#organization","name":"Mivoot Guatemala","alternateName":"mivoot.com","url":"https:\/\/mivoot.com\/gt\/","logo":{"@type":"ImageObject","inLanguage":"es","@id":"https:\/\/mivoot.com\/gt\/#\/schema\/logo\/image\/","url":"https:\/\/mivoot.com\/gt\/wp-content\/uploads\/2023\/03\/cropped-icon.png","contentUrl":"https:\/\/mivoot.com\/gt\/wp-content\/uploads\/2023\/03\/cropped-icon.png","width":512,"height":512,"caption":"Mivoot Guatemala"},"image":{"@id":"https:\/\/mivoot.com\/gt\/#\/schema\/logo\/image\/"},"sameAs":["https:\/\/www.facebook.com\/mivootgt","https:\/\/instagram.com\/mivoot"]}]}},"jetpack_publicize_connections":[],"jetpack_sharing_enabled":true,"brands":[{"id":320,"name":"TP-Link","slug":"tp-link"},{"id":458,"name":"Tp-Link Tapo","slug":"tp-link-tapo"}],"_links":{"self":[{"href":"https:\/\/mivoot.com\/gt\/wp-json\/wp\/v2\/product\/31364","targetHints":{"allow":["GET"]}}],"collection":[{"href":"https:\/\/mivoot.com\/gt\/wp-json\/wp\/v2\/product"}],"about":[{"href":"https:\/\/mivoot.com\/gt\/wp-json\/wp\/v2\/types\/product"}],"replies":[{"embeddable":true,"href":"https:\/\/mivoot.com\/gt\/wp-json\/wp\/v2\/comments?post=31364"}],"version-history":[{"count":1,"href":"https:\/\/mivoot.com\/gt\/wp-json\/wp\/v2\/product\/31364\/revisions"}],"predecessor-version":[{"id":31370,"href":"https:\/\/mivoot.com\/gt\/wp-json\/wp\/v2\/product\/31364\/revisions\/31370"}],"wp:featuredmedia":[{"embeddable":true,"href":"https:\/\/mivoot.com\/gt\/wp-json\/wp\/v2\/media\/31369"}],"wp:attachment":[{"href":"https:\/\/mivoot.com\/gt\/wp-json\/wp\/v2\/media?parent=31364"}],"wp:term":[{"taxonomy":"pwb-brand","embeddable":true,"href":"https:\/\/mivoot.com\/gt\/wp-json\/wp\/v2\/pwb-brand?post=31364"},{"taxonomy":"product_brand","embeddable":true,"href":"https:\/\/mivoot.com\/gt\/wp-json\/wp\/v2\/product_brand?post=31364"},{"taxonomy":"product_cat","embeddable":true,"href":"https:\/\/mivoot.com\/gt\/wp-json\/wp\/v2\/product_cat?post=31364"},{"taxonomy":"product_tag","embeddable":true,"href":"https:\/\/mivoot.com\/gt\/wp-json\/wp\/v2\/product_tag?post=31364"}],"curies":[{"name":"wp","href":"https:\/\/api.w.org\/{rel}","templated":true}]}}