{"id":31386,"date":"2025-12-11T17:23:17","date_gmt":"2025-12-11T23:23:17","guid":{"rendered":"https:\/\/mivoot.com\/gt\/?post_type=product&#038;p=31386"},"modified":"2025-12-11T17:23:18","modified_gmt":"2025-12-11T23:23:18","slug":"hub-inteligente-con-alarma-integrada-y-ranura-para-microsd-tapo-h200-tp-link","status":"publish","type":"product","link":"https:\/\/mivoot.com\/gt\/producto\/hub-inteligente-con-alarma-integrada-y-ranura-para-microsd-tapo-h200-tp-link\/","title":{"rendered":"Hub Inteligente con Alarma Integrada y Ranura para microSD Tapo H200 Tp-link"},"content":{"rendered":"<h1 style=\"text-align: center\"><span style=\"color: #333399\"><strong>El Hogar Inteligente Comienza Aqu\u00ed<\/strong><\/span><\/h1>\n<h3 style=\"text-align: center\">Hub Inteligente<\/h3>\n<p><img fetchpriority=\"high\" decoding=\"async\" class=\" wp-image-31387 aligncenter\" src=\"https:\/\/mivoot.com\/gt\/wp-content\/uploads\/2025\/12\/Captura-de-pantalla-2025-12-11-171418-300x128.png\" alt=\"\" width=\"1050\" height=\"448\" srcset=\"https:\/\/mivoot.com\/gt\/wp-content\/uploads\/2025\/12\/Captura-de-pantalla-2025-12-11-171418-300x128.png 300w, https:\/\/mivoot.com\/gt\/wp-content\/uploads\/2025\/12\/Captura-de-pantalla-2025-12-11-171418-768x329.png 768w, https:\/\/mivoot.com\/gt\/wp-content\/uploads\/2025\/12\/Captura-de-pantalla-2025-12-11-171418-18x8.png 18w, https:\/\/mivoot.com\/gt\/wp-content\/uploads\/2025\/12\/Captura-de-pantalla-2025-12-11-171418-600x257.png 600w, https:\/\/mivoot.com\/gt\/wp-content\/uploads\/2025\/12\/Captura-de-pantalla-2025-12-11-171418-410x175.png 410w, https:\/\/mivoot.com\/gt\/wp-content\/uploads\/2025\/12\/Captura-de-pantalla-2025-12-11-171418-64x27.png 64w, https:\/\/mivoot.com\/gt\/wp-content\/uploads\/2025\/12\/Captura-de-pantalla-2025-12-11-171418.png 1264w\" sizes=\"(max-width: 1050px) 100vw, 1050px\" \/><\/p>\n<p>&nbsp;<\/p>\n<h2 style=\"text-align: center\">Crea tu Ecosistema de Seguridad Tapo<\/h2>\n<p style=\"text-align: center\">El hogar inteligente comienza aqu\u00ed con hasta 64 sensores, botones o interruptores inteligentes + 4 c\u00e1maras o timbres de video conectados a tu ecosistema de hogar inteligente<\/p>\n<p>&nbsp;<\/p>\n<h2>Todos los Dispositivos en un Solo Hub<\/h2>\n<p>Conecta hasta 64 interruptores Sub-1G, sensores o botones + 4 c\u00e1maras o timbres de video<\/p>\n<p>&nbsp;<\/p>\n<h2 style=\"text-align: right\">Alarma y Timbre Inteligentes<\/h2>\n<p style=\"text-align: right\">Utiliza el hub como una alarma o timbre inteligente para proteger la seguridad de tu hogar coordinando con tus c\u00e1maras inteligentes Tapo, timbres de video, sensores, botones y m\u00e1s. Sensores o botones inteligentes se venden por separado.<\/p>\n<p>&nbsp;<\/p>\n<h2>Almacenamiento Local en microSD<\/h2>\n<p>Guarda videos grabados de tus c\u00e1maras inteligentes y timbres de video en una tarjeta microSD (hasta 512 GB), asegur\u00e1ndote de no perderte nada.<\/p>\n<p>&nbsp;<\/p>\n<h2 style=\"text-align: right\">Inal\u00e1mbrico de Bajo Consumo<\/h2>\n<p style=\"text-align: right\">Un protocolo inal\u00e1mbrico de ultra bajo consumo extiende significativamente su uso, asegurando que los dispositivos alimentados por bater\u00eda duren hasta 10 veces m\u00e1s.<\/p>\n<p>&nbsp;<\/p>\n<h2>Acciones Inteligentes Confiables<\/h2>\n<p>No m\u00e1s tropiezos en la oscuridad, tus luces de pasillo o habitaci\u00f3n se encender\u00e1n autom\u00e1ticamente cuando pases junto al sensor emparejado con tu hub. Crea m\u00e1s acciones inteligentes y disfruta de una automatizaci\u00f3n del hogar confiable y manos libres.<\/p>\n<p>&nbsp;<\/p>\n<p><img decoding=\"async\" class=\" wp-image-31388 aligncenter\" src=\"https:\/\/mivoot.com\/gt\/wp-content\/uploads\/2025\/12\/Captura-de-pantalla-2025-12-11-172049-300x114.png\" alt=\"\" width=\"1057\" height=\"402\" srcset=\"https:\/\/mivoot.com\/gt\/wp-content\/uploads\/2025\/12\/Captura-de-pantalla-2025-12-11-172049-300x114.png 300w, https:\/\/mivoot.com\/gt\/wp-content\/uploads\/2025\/12\/Captura-de-pantalla-2025-12-11-172049-768x292.png 768w, https:\/\/mivoot.com\/gt\/wp-content\/uploads\/2025\/12\/Captura-de-pantalla-2025-12-11-172049-18x7.png 18w, https:\/\/mivoot.com\/gt\/wp-content\/uploads\/2025\/12\/Captura-de-pantalla-2025-12-11-172049-600x228.png 600w, https:\/\/mivoot.com\/gt\/wp-content\/uploads\/2025\/12\/Captura-de-pantalla-2025-12-11-172049-410x156.png 410w, https:\/\/mivoot.com\/gt\/wp-content\/uploads\/2025\/12\/Captura-de-pantalla-2025-12-11-172049-64x24.png 64w, https:\/\/mivoot.com\/gt\/wp-content\/uploads\/2025\/12\/Captura-de-pantalla-2025-12-11-172049.png 1397w\" sizes=\"(max-width: 1057px) 100vw, 1057px\" \/><\/p>\n<p>&nbsp;<\/p>\n<p>&nbsp;<\/p>\n","protected":false},"excerpt":{"rendered":"<p>&#8211; Frecuencia: 2,4 GHz Wi-Fi y Sub-1G<br \/>\n&#8211; Entrada del adaptador: 100-240V, 50\/60Hz<br \/>\n&#8211; Salida del adaptador: 9V, 0.85A<br \/>\n&#8211; Dimensiones (An. x Pr. x Al.): 71.45*71.45*31.25 mm(2.8*2.8*1.2 inch)<br \/>\n&#8211; Almacenamiento local en microSD: hasta 512 GB<br \/>\n&#8211; Hasta 64 dispositivos, sensores o botones + 4 c\u00e1maras o timbres<br \/>\n&#8211; Funciona con Tapo C420, Tapo C400, Tapo D230 y m\u00e1s<br \/>\n&#8211; Contenido del paquete: Tapo H200, Cable Ethernet RJ45, Adaptador de corriente<\/p>\n","protected":false},"featured_media":31390,"comment_status":"open","ping_status":"closed","template":"","meta":{"jetpack_publicize_message":"","jetpack_publicize_feature_enabled":true,"jetpack_social_post_already_shared":true,"jetpack_social_options":{"image_generator_settings":{"template":"highway","default_image_id":0,"font":"","enabled":false},"version":2}},"pwb-brand":[320,458],"product_brand":[],"product_cat":[28],"product_tag":[],"class_list":{"0":"post-31386","1":"product","2":"type-product","3":"status-publish","4":"has-post-thumbnail","6":"pwb-brand-tp-link","7":"pwb-brand-tp-link-tapo","8":"product_cat-smart-home","10":"first","11":"instock","12":"taxable","13":"shipping-taxable","14":"product-type-simple"},"yoast_head":"<!-- This site is optimized with the Yoast SEO Premium plugin v25.7.1 (Yoast SEO v26.8) - https:\/\/yoast.com\/product\/yoast-seo-premium-wordpress\/ -->\n<title>Hub Inteligente con Alarma Integrada y Ranura para microSD Tapo H200 Tp-link - Mivoot<\/title>\n<meta name=\"robots\" content=\"index, follow, max-snippet:-1, max-image-preview:large, max-video-preview:-1\" \/>\n<link rel=\"canonical\" href=\"https:\/\/mivoot.com\/gt\/producto\/hub-inteligente-con-alarma-integrada-y-ranura-para-microsd-tapo-h200-tp-link\/\" \/>\n<meta property=\"og:locale\" content=\"es_ES\" \/>\n<meta property=\"og:type\" content=\"article\" \/>\n<meta property=\"og:title\" content=\"Hub Inteligente con Alarma Integrada y Ranura para microSD Tapo H200 Tp-link\" \/>\n<meta property=\"og:description\" content=\"- Frecuencia: 2,4 GHz Wi-Fi y Sub-1G - Entrada del adaptador: 100-240V, 50\/60Hz - Salida del adaptador: 9V, 0.85A - Dimensiones (An. x Pr. x Al.): 71.45*71.45*31.25 mm(2.8*2.8*1.2 inch) - Almacenamiento local en microSD: hasta 512 GB - Hasta 64 dispositivos, sensores o botones + 4 c\u00e1maras o timbres - Funciona con Tapo C420, Tapo C400, Tapo D230 y m\u00e1s - Contenido del paquete: Tapo H200, Cable Ethernet RJ45, Adaptador de corriente\" \/>\n<meta property=\"og:url\" content=\"https:\/\/mivoot.com\/gt\/producto\/hub-inteligente-con-alarma-integrada-y-ranura-para-microsd-tapo-h200-tp-link\/\" \/>\n<meta property=\"og:site_name\" content=\"Mivoot\" \/>\n<meta property=\"article:publisher\" content=\"https:\/\/www.facebook.com\/mivootgt\" \/>\n<meta property=\"article:modified_time\" content=\"2025-12-11T23:23:18+00:00\" \/>\n<meta property=\"og:image\" content=\"https:\/\/mivoot.com\/gt\/wp-content\/uploads\/2025\/12\/04_normal_20230412092045a.png\" \/>\n\t<meta property=\"og:image:width\" content=\"590\" \/>\n\t<meta property=\"og:image:height\" content=\"590\" \/>\n\t<meta property=\"og:image:type\" content=\"image\/png\" \/>\n<meta name=\"twitter:card\" content=\"summary_large_image\" \/>\n<meta name=\"twitter:label1\" content=\"Est. reading time\" \/>\n\t<meta name=\"twitter:data1\" content=\"2 minutos\" \/>\n<script type=\"application\/ld+json\" class=\"yoast-schema-graph\">{\"@context\":\"https:\/\/schema.org\",\"@graph\":[{\"@type\":\"WebPage\",\"@id\":\"https:\/\/mivoot.com\/gt\/producto\/hub-inteligente-con-alarma-integrada-y-ranura-para-microsd-tapo-h200-tp-link\/\",\"url\":\"https:\/\/mivoot.com\/gt\/producto\/hub-inteligente-con-alarma-integrada-y-ranura-para-microsd-tapo-h200-tp-link\/\",\"name\":\"Hub Inteligente con Alarma Integrada y Ranura para microSD Tapo H200 Tp-link - Mivoot\",\"isPartOf\":{\"@id\":\"https:\/\/mivoot.com\/gt\/#website\"},\"primaryImageOfPage\":{\"@id\":\"https:\/\/mivoot.com\/gt\/producto\/hub-inteligente-con-alarma-integrada-y-ranura-para-microsd-tapo-h200-tp-link\/#primaryimage\"},\"image\":{\"@id\":\"https:\/\/mivoot.com\/gt\/producto\/hub-inteligente-con-alarma-integrada-y-ranura-para-microsd-tapo-h200-tp-link\/#primaryimage\"},\"thumbnailUrl\":\"https:\/\/mivoot.com\/gt\/wp-content\/uploads\/2025\/12\/04_normal_20230412092045a.png\",\"datePublished\":\"2025-12-11T23:23:17+00:00\",\"dateModified\":\"2025-12-11T23:23:18+00:00\",\"breadcrumb\":{\"@id\":\"https:\/\/mivoot.com\/gt\/producto\/hub-inteligente-con-alarma-integrada-y-ranura-para-microsd-tapo-h200-tp-link\/#breadcrumb\"},\"inLanguage\":\"es\",\"potentialAction\":[{\"@type\":\"ReadAction\",\"target\":[\"https:\/\/mivoot.com\/gt\/producto\/hub-inteligente-con-alarma-integrada-y-ranura-para-microsd-tapo-h200-tp-link\/\"]}]},{\"@type\":\"ImageObject\",\"inLanguage\":\"es\",\"@id\":\"https:\/\/mivoot.com\/gt\/producto\/hub-inteligente-con-alarma-integrada-y-ranura-para-microsd-tapo-h200-tp-link\/#primaryimage\",\"url\":\"https:\/\/mivoot.com\/gt\/wp-content\/uploads\/2025\/12\/04_normal_20230412092045a.png\",\"contentUrl\":\"https:\/\/mivoot.com\/gt\/wp-content\/uploads\/2025\/12\/04_normal_20230412092045a.png\",\"width\":590,\"height\":590},{\"@type\":\"BreadcrumbList\",\"@id\":\"https:\/\/mivoot.com\/gt\/producto\/hub-inteligente-con-alarma-integrada-y-ranura-para-microsd-tapo-h200-tp-link\/#breadcrumb\",\"itemListElement\":[{\"@type\":\"ListItem\",\"position\":1,\"name\":\"Inicio\",\"item\":\"https:\/\/mivoot.com\/gt\/\"},{\"@type\":\"ListItem\",\"position\":2,\"name\":\"Productos\",\"item\":\"https:\/\/mivoot.com\/gt\/producto\/\"},{\"@type\":\"ListItem\",\"position\":3,\"name\":\"TP-Link\",\"item\":\"https:\/\/mivoot.com\/gt\/marca\/tp-link\/\"},{\"@type\":\"ListItem\",\"position\":4,\"name\":\"Hub Inteligente con Alarma Integrada y Ranura para microSD Tapo H200 Tp-link\"}]},{\"@type\":\"WebSite\",\"@id\":\"https:\/\/mivoot.com\/gt\/#website\",\"url\":\"https:\/\/mivoot.com\/gt\/\",\"name\":\"Mivoot\",\"description\":\"Mivoot Guatemala | Tienda Online\",\"publisher\":{\"@id\":\"https:\/\/mivoot.com\/gt\/#organization\"},\"alternateName\":\"mivoot\",\"potentialAction\":[{\"@type\":\"SearchAction\",\"target\":{\"@type\":\"EntryPoint\",\"urlTemplate\":\"https:\/\/mivoot.com\/gt\/?s={search_term_string}\"},\"query-input\":{\"@type\":\"PropertyValueSpecification\",\"valueRequired\":true,\"valueName\":\"search_term_string\"}}],\"inLanguage\":\"es\"},{\"@type\":\"Organization\",\"@id\":\"https:\/\/mivoot.com\/gt\/#organization\",\"name\":\"Mivoot Guatemala\",\"alternateName\":\"mivoot.com\",\"url\":\"https:\/\/mivoot.com\/gt\/\",\"logo\":{\"@type\":\"ImageObject\",\"inLanguage\":\"es\",\"@id\":\"https:\/\/mivoot.com\/gt\/#\/schema\/logo\/image\/\",\"url\":\"https:\/\/mivoot.com\/gt\/wp-content\/uploads\/2023\/03\/cropped-icon.png\",\"contentUrl\":\"https:\/\/mivoot.com\/gt\/wp-content\/uploads\/2023\/03\/cropped-icon.png\",\"width\":512,\"height\":512,\"caption\":\"Mivoot Guatemala\"},\"image\":{\"@id\":\"https:\/\/mivoot.com\/gt\/#\/schema\/logo\/image\/\"},\"sameAs\":[\"https:\/\/www.facebook.com\/mivootgt\",\"https:\/\/instagram.com\/mivoot\"]}]}<\/script>\n<!-- \/ Yoast SEO Premium plugin. -->","yoast_head_json":{"title":"Hub Inteligente con Alarma Integrada y Ranura para microSD Tapo H200 Tp-link - Mivoot","robots":{"index":"index","follow":"follow","max-snippet":"max-snippet:-1","max-image-preview":"max-image-preview:large","max-video-preview":"max-video-preview:-1"},"canonical":"https:\/\/mivoot.com\/gt\/producto\/hub-inteligente-con-alarma-integrada-y-ranura-para-microsd-tapo-h200-tp-link\/","og_locale":"es_ES","og_type":"article","og_title":"Hub Inteligente con Alarma Integrada y Ranura para microSD Tapo H200 Tp-link","og_description":"- Frecuencia: 2,4 GHz Wi-Fi y Sub-1G - Entrada del adaptador: 100-240V, 50\/60Hz - Salida del adaptador: 9V, 0.85A - Dimensiones (An. x Pr. x Al.): 71.45*71.45*31.25 mm(2.8*2.8*1.2 inch) - Almacenamiento local en microSD: hasta 512 GB - Hasta 64 dispositivos, sensores o botones + 4 c\u00e1maras o timbres - Funciona con Tapo C420, Tapo C400, Tapo D230 y m\u00e1s - Contenido del paquete: Tapo H200, Cable Ethernet RJ45, Adaptador de corriente","og_url":"https:\/\/mivoot.com\/gt\/producto\/hub-inteligente-con-alarma-integrada-y-ranura-para-microsd-tapo-h200-tp-link\/","og_site_name":"Mivoot","article_publisher":"https:\/\/www.facebook.com\/mivootgt","article_modified_time":"2025-12-11T23:23:18+00:00","og_image":[{"width":590,"height":590,"url":"https:\/\/mivoot.com\/gt\/wp-content\/uploads\/2025\/12\/04_normal_20230412092045a.png","type":"image\/png"}],"twitter_card":"summary_large_image","twitter_misc":{"Est. reading time":"2 minutos"},"schema":{"@context":"https:\/\/schema.org","@graph":[{"@type":"WebPage","@id":"https:\/\/mivoot.com\/gt\/producto\/hub-inteligente-con-alarma-integrada-y-ranura-para-microsd-tapo-h200-tp-link\/","url":"https:\/\/mivoot.com\/gt\/producto\/hub-inteligente-con-alarma-integrada-y-ranura-para-microsd-tapo-h200-tp-link\/","name":"Hub Inteligente con Alarma Integrada y Ranura para microSD Tapo H200 Tp-link - Mivoot","isPartOf":{"@id":"https:\/\/mivoot.com\/gt\/#website"},"primaryImageOfPage":{"@id":"https:\/\/mivoot.com\/gt\/producto\/hub-inteligente-con-alarma-integrada-y-ranura-para-microsd-tapo-h200-tp-link\/#primaryimage"},"image":{"@id":"https:\/\/mivoot.com\/gt\/producto\/hub-inteligente-con-alarma-integrada-y-ranura-para-microsd-tapo-h200-tp-link\/#primaryimage"},"thumbnailUrl":"https:\/\/mivoot.com\/gt\/wp-content\/uploads\/2025\/12\/04_normal_20230412092045a.png","datePublished":"2025-12-11T23:23:17+00:00","dateModified":"2025-12-11T23:23:18+00:00","breadcrumb":{"@id":"https:\/\/mivoot.com\/gt\/producto\/hub-inteligente-con-alarma-integrada-y-ranura-para-microsd-tapo-h200-tp-link\/#breadcrumb"},"inLanguage":"es","potentialAction":[{"@type":"ReadAction","target":["https:\/\/mivoot.com\/gt\/producto\/hub-inteligente-con-alarma-integrada-y-ranura-para-microsd-tapo-h200-tp-link\/"]}]},{"@type":"ImageObject","inLanguage":"es","@id":"https:\/\/mivoot.com\/gt\/producto\/hub-inteligente-con-alarma-integrada-y-ranura-para-microsd-tapo-h200-tp-link\/#primaryimage","url":"https:\/\/mivoot.com\/gt\/wp-content\/uploads\/2025\/12\/04_normal_20230412092045a.png","contentUrl":"https:\/\/mivoot.com\/gt\/wp-content\/uploads\/2025\/12\/04_normal_20230412092045a.png","width":590,"height":590},{"@type":"BreadcrumbList","@id":"https:\/\/mivoot.com\/gt\/producto\/hub-inteligente-con-alarma-integrada-y-ranura-para-microsd-tapo-h200-tp-link\/#breadcrumb","itemListElement":[{"@type":"ListItem","position":1,"name":"Inicio","item":"https:\/\/mivoot.com\/gt\/"},{"@type":"ListItem","position":2,"name":"Productos","item":"https:\/\/mivoot.com\/gt\/producto\/"},{"@type":"ListItem","position":3,"name":"TP-Link","item":"https:\/\/mivoot.com\/gt\/marca\/tp-link\/"},{"@type":"ListItem","position":4,"name":"Hub Inteligente con Alarma Integrada y Ranura para microSD Tapo H200 Tp-link"}]},{"@type":"WebSite","@id":"https:\/\/mivoot.com\/gt\/#website","url":"https:\/\/mivoot.com\/gt\/","name":"Mivoot","description":"Mivoot Guatemala | Tienda Online","publisher":{"@id":"https:\/\/mivoot.com\/gt\/#organization"},"alternateName":"mivoot","potentialAction":[{"@type":"SearchAction","target":{"@type":"EntryPoint","urlTemplate":"https:\/\/mivoot.com\/gt\/?s={search_term_string}"},"query-input":{"@type":"PropertyValueSpecification","valueRequired":true,"valueName":"search_term_string"}}],"inLanguage":"es"},{"@type":"Organization","@id":"https:\/\/mivoot.com\/gt\/#organization","name":"Mivoot Guatemala","alternateName":"mivoot.com","url":"https:\/\/mivoot.com\/gt\/","logo":{"@type":"ImageObject","inLanguage":"es","@id":"https:\/\/mivoot.com\/gt\/#\/schema\/logo\/image\/","url":"https:\/\/mivoot.com\/gt\/wp-content\/uploads\/2023\/03\/cropped-icon.png","contentUrl":"https:\/\/mivoot.com\/gt\/wp-content\/uploads\/2023\/03\/cropped-icon.png","width":512,"height":512,"caption":"Mivoot Guatemala"},"image":{"@id":"https:\/\/mivoot.com\/gt\/#\/schema\/logo\/image\/"},"sameAs":["https:\/\/www.facebook.com\/mivootgt","https:\/\/instagram.com\/mivoot"]}]}},"jetpack_publicize_connections":[],"jetpack_sharing_enabled":true,"brands":[{"id":320,"name":"TP-Link","slug":"tp-link"},{"id":458,"name":"Tp-Link Tapo","slug":"tp-link-tapo"}],"_links":{"self":[{"href":"https:\/\/mivoot.com\/gt\/wp-json\/wp\/v2\/product\/31386","targetHints":{"allow":["GET"]}}],"collection":[{"href":"https:\/\/mivoot.com\/gt\/wp-json\/wp\/v2\/product"}],"about":[{"href":"https:\/\/mivoot.com\/gt\/wp-json\/wp\/v2\/types\/product"}],"replies":[{"embeddable":true,"href":"https:\/\/mivoot.com\/gt\/wp-json\/wp\/v2\/comments?post=31386"}],"version-history":[{"count":1,"href":"https:\/\/mivoot.com\/gt\/wp-json\/wp\/v2\/product\/31386\/revisions"}],"predecessor-version":[{"id":31391,"href":"https:\/\/mivoot.com\/gt\/wp-json\/wp\/v2\/product\/31386\/revisions\/31391"}],"wp:featuredmedia":[{"embeddable":true,"href":"https:\/\/mivoot.com\/gt\/wp-json\/wp\/v2\/media\/31390"}],"wp:attachment":[{"href":"https:\/\/mivoot.com\/gt\/wp-json\/wp\/v2\/media?parent=31386"}],"wp:term":[{"taxonomy":"pwb-brand","embeddable":true,"href":"https:\/\/mivoot.com\/gt\/wp-json\/wp\/v2\/pwb-brand?post=31386"},{"taxonomy":"product_brand","embeddable":true,"href":"https:\/\/mivoot.com\/gt\/wp-json\/wp\/v2\/product_brand?post=31386"},{"taxonomy":"product_cat","embeddable":true,"href":"https:\/\/mivoot.com\/gt\/wp-json\/wp\/v2\/product_cat?post=31386"},{"taxonomy":"product_tag","embeddable":true,"href":"https:\/\/mivoot.com\/gt\/wp-json\/wp\/v2\/product_tag?post=31386"}],"curies":[{"name":"wp","href":"https:\/\/api.w.org\/{rel}","templated":true}]}}