{"id":31413,"date":"2025-12-12T14:10:39","date_gmt":"2025-12-12T20:10:39","guid":{"rendered":"https:\/\/mivoot.com\/gt\/?post_type=product&#038;p=31413"},"modified":"2025-12-12T14:10:39","modified_gmt":"2025-12-12T20:10:39","slug":"regleta-wi-fi-inteligente-tapo-p306-tp-link","status":"publish","type":"product","link":"https:\/\/mivoot.com\/gt\/producto\/regleta-wi-fi-inteligente-tapo-p306-tp-link\/","title":{"rendered":"Regleta Wi-Fi inteligente Tapo P306 Tp-Link"},"content":{"rendered":"<h1 style=\"text-align: center\"><span style=\"color: #000080\"><strong><span dir=\"auto\">M\u00e1s poder,\u00a0<\/span><span dir=\"auto\">m\u00e1s posibilidades.<\/span><\/strong><\/span><\/h1>\n<h3 class=\"\" style=\"text-align: center\"><span dir=\"auto\">Extensor de enchufe de pared Wi-Fi inteligente<\/span><\/h3>\n<p><img fetchpriority=\"high\" decoding=\"async\" class=\" wp-image-31414 aligncenter\" src=\"https:\/\/mivoot.com\/gt\/wp-content\/uploads\/2025\/12\/Captura-de-pantalla-2025-12-12-140044-300x126.png\" alt=\"\" width=\"1098\" height=\"461\" srcset=\"https:\/\/mivoot.com\/gt\/wp-content\/uploads\/2025\/12\/Captura-de-pantalla-2025-12-12-140044-300x126.png 300w, https:\/\/mivoot.com\/gt\/wp-content\/uploads\/2025\/12\/Captura-de-pantalla-2025-12-12-140044-768x323.png 768w, https:\/\/mivoot.com\/gt\/wp-content\/uploads\/2025\/12\/Captura-de-pantalla-2025-12-12-140044-18x8.png 18w, https:\/\/mivoot.com\/gt\/wp-content\/uploads\/2025\/12\/Captura-de-pantalla-2025-12-12-140044-600x252.png 600w, https:\/\/mivoot.com\/gt\/wp-content\/uploads\/2025\/12\/Captura-de-pantalla-2025-12-12-140044-410x172.png 410w, https:\/\/mivoot.com\/gt\/wp-content\/uploads\/2025\/12\/Captura-de-pantalla-2025-12-12-140044-64x27.png 64w, https:\/\/mivoot.com\/gt\/wp-content\/uploads\/2025\/12\/Captura-de-pantalla-2025-12-12-140044.png 1209w\" sizes=\"(max-width: 1098px) 100vw, 1098px\" \/><\/p>\n<p>&nbsp;<\/p>\n<p><img decoding=\"async\" class=\" wp-image-31415 aligncenter\" src=\"https:\/\/mivoot.com\/gt\/wp-content\/uploads\/2025\/12\/Captura-de-pantalla-2025-12-12-140237-300x191.png\" alt=\"\" width=\"1060\" height=\"675\" srcset=\"https:\/\/mivoot.com\/gt\/wp-content\/uploads\/2025\/12\/Captura-de-pantalla-2025-12-12-140237-300x191.png 300w, https:\/\/mivoot.com\/gt\/wp-content\/uploads\/2025\/12\/Captura-de-pantalla-2025-12-12-140237-768x488.png 768w, https:\/\/mivoot.com\/gt\/wp-content\/uploads\/2025\/12\/Captura-de-pantalla-2025-12-12-140237-18x12.png 18w, https:\/\/mivoot.com\/gt\/wp-content\/uploads\/2025\/12\/Captura-de-pantalla-2025-12-12-140237-600x381.png 600w, https:\/\/mivoot.com\/gt\/wp-content\/uploads\/2025\/12\/Captura-de-pantalla-2025-12-12-140237-410x261.png 410w, https:\/\/mivoot.com\/gt\/wp-content\/uploads\/2025\/12\/Captura-de-pantalla-2025-12-12-140237-64x41.png 64w, https:\/\/mivoot.com\/gt\/wp-content\/uploads\/2025\/12\/Captura-de-pantalla-2025-12-12-140237.png 1095w\" sizes=\"(max-width: 1060px) 100vw, 1060px\" \/><\/p>\n<p><img decoding=\"async\" class=\" wp-image-31416 aligncenter\" src=\"https:\/\/mivoot.com\/gt\/wp-content\/uploads\/2025\/12\/Captura-de-pantalla-2025-12-12-140322-300x149.png\" alt=\"\" width=\"1132\" height=\"562\" srcset=\"https:\/\/mivoot.com\/gt\/wp-content\/uploads\/2025\/12\/Captura-de-pantalla-2025-12-12-140322-300x149.png 300w, https:\/\/mivoot.com\/gt\/wp-content\/uploads\/2025\/12\/Captura-de-pantalla-2025-12-12-140322-768x381.png 768w, https:\/\/mivoot.com\/gt\/wp-content\/uploads\/2025\/12\/Captura-de-pantalla-2025-12-12-140322-18x9.png 18w, https:\/\/mivoot.com\/gt\/wp-content\/uploads\/2025\/12\/Captura-de-pantalla-2025-12-12-140322-600x297.png 600w, https:\/\/mivoot.com\/gt\/wp-content\/uploads\/2025\/12\/Captura-de-pantalla-2025-12-12-140322-410x203.png 410w, https:\/\/mivoot.com\/gt\/wp-content\/uploads\/2025\/12\/Captura-de-pantalla-2025-12-12-140322-64x32.png 64w, https:\/\/mivoot.com\/gt\/wp-content\/uploads\/2025\/12\/Captura-de-pantalla-2025-12-12-140322.png 1217w\" sizes=\"(max-width: 1132px) 100vw, 1132px\" \/><\/p>\n<p>&nbsp;<\/p>\n<h3><span dir=\"auto\">Instalaci\u00f3n mediante tornillo de montaje<\/span><\/h3>\n<p class=\"\"><span dir=\"auto\">Se fija de forma segura a la toma de corriente de pared con el tornillo de montaje incluido, lo que garantiza la estabilidad incluso al conectar y desconectar dispositivos.<\/span><\/p>\n<p>&nbsp;<\/p>\n<h3 class=\"tp-ada-mouseactivate\" style=\"text-align: right\"><span class=\"tp-ada-mouseactivate\" dir=\"auto\">Instalaci\u00f3n mediante poste estabilizador ajustable<\/span><\/h3>\n<p class=\"\" style=\"text-align: right\"><span dir=\"auto\">Compatible con la mayor\u00eda de los tipos de tomas de pared con poste estabilizador ajustable.<\/span><\/p>\n<p>&nbsp;<\/p>\n<h2 class=\"tp-ada-mouseactivate\" style=\"text-align: center\"><span class=\"tp-ada-mouseactivate\" dir=\"auto\">Conectividad estable y segura<\/span><\/h2>\n<p class=\"\" style=\"text-align: center\"><span class=\"\" dir=\"auto\">Su dise\u00f1o de doble antena ofrece conectividad inal\u00e1mbrica de largo alcance, lo que significa que su enchufe inteligente siempre responder\u00e1. Con el cifrado de seguridad WPA3, tenga la seguridad de que todos los dispositivos conectados tambi\u00e9n estar\u00e1n seguros.<\/span><\/p>\n<p>&nbsp;<\/p>\n<p><img loading=\"lazy\" decoding=\"async\" class=\" wp-image-31417 aligncenter\" src=\"https:\/\/mivoot.com\/gt\/wp-content\/uploads\/2025\/12\/Captura-de-pantalla-2025-12-12-140656-300x125.png\" alt=\"\" width=\"1122\" height=\"468\" srcset=\"https:\/\/mivoot.com\/gt\/wp-content\/uploads\/2025\/12\/Captura-de-pantalla-2025-12-12-140656-300x125.png 300w, https:\/\/mivoot.com\/gt\/wp-content\/uploads\/2025\/12\/Captura-de-pantalla-2025-12-12-140656-768x320.png 768w, https:\/\/mivoot.com\/gt\/wp-content\/uploads\/2025\/12\/Captura-de-pantalla-2025-12-12-140656-18x7.png 18w, https:\/\/mivoot.com\/gt\/wp-content\/uploads\/2025\/12\/Captura-de-pantalla-2025-12-12-140656-600x250.png 600w, https:\/\/mivoot.com\/gt\/wp-content\/uploads\/2025\/12\/Captura-de-pantalla-2025-12-12-140656-410x171.png 410w, https:\/\/mivoot.com\/gt\/wp-content\/uploads\/2025\/12\/Captura-de-pantalla-2025-12-12-140656-64x27.png 64w, https:\/\/mivoot.com\/gt\/wp-content\/uploads\/2025\/12\/Captura-de-pantalla-2025-12-12-140656.png 1271w\" sizes=\"(max-width: 1122px) 100vw, 1122px\" \/><\/p>\n<p><img loading=\"lazy\" decoding=\"async\" class=\" wp-image-31418 aligncenter\" src=\"https:\/\/mivoot.com\/gt\/wp-content\/uploads\/2025\/12\/Captura-de-pantalla-2025-12-12-140744-300x116.png\" alt=\"\" width=\"1052\" height=\"407\" srcset=\"https:\/\/mivoot.com\/gt\/wp-content\/uploads\/2025\/12\/Captura-de-pantalla-2025-12-12-140744-300x116.png 300w, https:\/\/mivoot.com\/gt\/wp-content\/uploads\/2025\/12\/Captura-de-pantalla-2025-12-12-140744-768x297.png 768w, https:\/\/mivoot.com\/gt\/wp-content\/uploads\/2025\/12\/Captura-de-pantalla-2025-12-12-140744-18x7.png 18w, https:\/\/mivoot.com\/gt\/wp-content\/uploads\/2025\/12\/Captura-de-pantalla-2025-12-12-140744-600x232.png 600w, https:\/\/mivoot.com\/gt\/wp-content\/uploads\/2025\/12\/Captura-de-pantalla-2025-12-12-140744-410x159.png 410w, https:\/\/mivoot.com\/gt\/wp-content\/uploads\/2025\/12\/Captura-de-pantalla-2025-12-12-140744-64x25.png 64w, https:\/\/mivoot.com\/gt\/wp-content\/uploads\/2025\/12\/Captura-de-pantalla-2025-12-12-140744.png 1312w\" sizes=\"(max-width: 1052px) 100vw, 1052px\" \/><\/p>\n","protected":false},"excerpt":{"rendered":"<p>&#8211; Protocolo: IEEE 802.11b\/g\/n, Bluetooth (solo para configuraci\u00f3n)<br \/>\n&#8211; Tipo inal\u00e1mbrico: WiFi de 2,4 GHz, Bluetooth (solo para configuraci\u00f3n)<br \/>\n&#8211; Dimensiones (alto x ancho x profundidad): 6,6 \u00d7 3,9 \u00d7 1,3 pulgadas (166,6 \u00d7 99,3 \u00d7 31,9 mm)<br \/>\n&#8211; Calificado: 100-125 V~ 50\/60 Hz<br \/>\n&#8211; Carga m\u00e1xima: 15A, 1875O<br \/>\n&#8211; Salida USB: 9 V\u23932 A \/ 12 V\u23931,5 A \/ 5 V\u23933 A (un solo puerto) 5 V\u23933 A (varios puertos)<\/p>\n","protected":false},"featured_media":31419,"comment_status":"open","ping_status":"closed","template":"","meta":{"jetpack_publicize_message":"","jetpack_publicize_feature_enabled":true,"jetpack_social_post_already_shared":true,"jetpack_social_options":{"image_generator_settings":{"template":"highway","default_image_id":0,"font":"","enabled":false},"version":2}},"pwb-brand":[320,458],"product_brand":[],"product_cat":[28],"product_tag":[],"class_list":{"0":"post-31413","1":"product","2":"type-product","3":"status-publish","4":"has-post-thumbnail","6":"pwb-brand-tp-link","7":"pwb-brand-tp-link-tapo","8":"product_cat-smart-home","10":"first","11":"instock","12":"taxable","13":"shipping-taxable","14":"product-type-simple"},"yoast_head":"<!-- This site is optimized with the Yoast SEO Premium plugin v25.7.1 (Yoast SEO v26.8) - https:\/\/yoast.com\/product\/yoast-seo-premium-wordpress\/ -->\n<title>Regleta Wi-Fi inteligente Tapo P306 Tp-Link - Mivoot<\/title>\n<meta name=\"robots\" content=\"index, follow, max-snippet:-1, max-image-preview:large, max-video-preview:-1\" \/>\n<link rel=\"canonical\" href=\"https:\/\/mivoot.com\/gt\/producto\/regleta-wi-fi-inteligente-tapo-p306-tp-link\/\" \/>\n<meta property=\"og:locale\" content=\"es_ES\" \/>\n<meta property=\"og:type\" content=\"article\" \/>\n<meta property=\"og:title\" content=\"Regleta Wi-Fi inteligente Tapo P306 Tp-Link\" \/>\n<meta property=\"og:description\" content=\"- Protocolo: IEEE 802.11b\/g\/n, Bluetooth (solo para configuraci\u00f3n) - Tipo inal\u00e1mbrico: WiFi de 2,4 GHz, Bluetooth (solo para configuraci\u00f3n) - Dimensiones (alto x ancho x profundidad): 6,6 \u00d7 3,9 \u00d7 1,3 pulgadas (166,6 \u00d7 99,3 \u00d7 31,9 mm) - Calificado: 100-125 V~ 50\/60 Hz - Carga m\u00e1xima: 15A, 1875O - Salida USB: 9 V\u23932 A \/ 12 V\u23931,5 A \/ 5 V\u23933 A (un solo puerto) 5 V\u23933 A (varios puertos)\" \/>\n<meta property=\"og:url\" content=\"https:\/\/mivoot.com\/gt\/producto\/regleta-wi-fi-inteligente-tapo-p306-tp-link\/\" \/>\n<meta property=\"og:site_name\" content=\"Mivoot\" \/>\n<meta property=\"article:publisher\" content=\"https:\/\/www.facebook.com\/mivootgt\" \/>\n<meta property=\"og:image\" content=\"https:\/\/mivoot.com\/gt\/wp-content\/uploads\/2025\/12\/Tapo_P306_US_1.0_Overview_2303_English_10_normal_20231221024521v.jpg\" \/>\n\t<meta property=\"og:image:width\" content=\"590\" \/>\n\t<meta property=\"og:image:height\" content=\"590\" \/>\n\t<meta property=\"og:image:type\" content=\"image\/jpeg\" \/>\n<meta name=\"twitter:card\" content=\"summary_large_image\" \/>\n<meta name=\"twitter:label1\" content=\"Est. reading time\" \/>\n\t<meta name=\"twitter:data1\" content=\"2 minutos\" \/>\n<script type=\"application\/ld+json\" class=\"yoast-schema-graph\">{\"@context\":\"https:\/\/schema.org\",\"@graph\":[{\"@type\":\"WebPage\",\"@id\":\"https:\/\/mivoot.com\/gt\/producto\/regleta-wi-fi-inteligente-tapo-p306-tp-link\/\",\"url\":\"https:\/\/mivoot.com\/gt\/producto\/regleta-wi-fi-inteligente-tapo-p306-tp-link\/\",\"name\":\"Regleta Wi-Fi inteligente Tapo P306 Tp-Link - Mivoot\",\"isPartOf\":{\"@id\":\"https:\/\/mivoot.com\/gt\/#website\"},\"primaryImageOfPage\":{\"@id\":\"https:\/\/mivoot.com\/gt\/producto\/regleta-wi-fi-inteligente-tapo-p306-tp-link\/#primaryimage\"},\"image\":{\"@id\":\"https:\/\/mivoot.com\/gt\/producto\/regleta-wi-fi-inteligente-tapo-p306-tp-link\/#primaryimage\"},\"thumbnailUrl\":\"https:\/\/mivoot.com\/gt\/wp-content\/uploads\/2025\/12\/Tapo_P306_US_1.0_Overview_2303_English_10_normal_20231221024521v.jpg\",\"datePublished\":\"2025-12-12T20:10:39+00:00\",\"breadcrumb\":{\"@id\":\"https:\/\/mivoot.com\/gt\/producto\/regleta-wi-fi-inteligente-tapo-p306-tp-link\/#breadcrumb\"},\"inLanguage\":\"es\",\"potentialAction\":[{\"@type\":\"ReadAction\",\"target\":[\"https:\/\/mivoot.com\/gt\/producto\/regleta-wi-fi-inteligente-tapo-p306-tp-link\/\"]}]},{\"@type\":\"ImageObject\",\"inLanguage\":\"es\",\"@id\":\"https:\/\/mivoot.com\/gt\/producto\/regleta-wi-fi-inteligente-tapo-p306-tp-link\/#primaryimage\",\"url\":\"https:\/\/mivoot.com\/gt\/wp-content\/uploads\/2025\/12\/Tapo_P306_US_1.0_Overview_2303_English_10_normal_20231221024521v.jpg\",\"contentUrl\":\"https:\/\/mivoot.com\/gt\/wp-content\/uploads\/2025\/12\/Tapo_P306_US_1.0_Overview_2303_English_10_normal_20231221024521v.jpg\",\"width\":590,\"height\":590},{\"@type\":\"BreadcrumbList\",\"@id\":\"https:\/\/mivoot.com\/gt\/producto\/regleta-wi-fi-inteligente-tapo-p306-tp-link\/#breadcrumb\",\"itemListElement\":[{\"@type\":\"ListItem\",\"position\":1,\"name\":\"Inicio\",\"item\":\"https:\/\/mivoot.com\/gt\/\"},{\"@type\":\"ListItem\",\"position\":2,\"name\":\"Productos\",\"item\":\"https:\/\/mivoot.com\/gt\/producto\/\"},{\"@type\":\"ListItem\",\"position\":3,\"name\":\"TP-Link\",\"item\":\"https:\/\/mivoot.com\/gt\/marca\/tp-link\/\"},{\"@type\":\"ListItem\",\"position\":4,\"name\":\"Regleta Wi-Fi inteligente Tapo P306 Tp-Link\"}]},{\"@type\":\"WebSite\",\"@id\":\"https:\/\/mivoot.com\/gt\/#website\",\"url\":\"https:\/\/mivoot.com\/gt\/\",\"name\":\"Mivoot\",\"description\":\"Mivoot Guatemala | Tienda Online\",\"publisher\":{\"@id\":\"https:\/\/mivoot.com\/gt\/#organization\"},\"alternateName\":\"mivoot\",\"potentialAction\":[{\"@type\":\"SearchAction\",\"target\":{\"@type\":\"EntryPoint\",\"urlTemplate\":\"https:\/\/mivoot.com\/gt\/?s={search_term_string}\"},\"query-input\":{\"@type\":\"PropertyValueSpecification\",\"valueRequired\":true,\"valueName\":\"search_term_string\"}}],\"inLanguage\":\"es\"},{\"@type\":\"Organization\",\"@id\":\"https:\/\/mivoot.com\/gt\/#organization\",\"name\":\"Mivoot Guatemala\",\"alternateName\":\"mivoot.com\",\"url\":\"https:\/\/mivoot.com\/gt\/\",\"logo\":{\"@type\":\"ImageObject\",\"inLanguage\":\"es\",\"@id\":\"https:\/\/mivoot.com\/gt\/#\/schema\/logo\/image\/\",\"url\":\"https:\/\/mivoot.com\/gt\/wp-content\/uploads\/2023\/03\/cropped-icon.png\",\"contentUrl\":\"https:\/\/mivoot.com\/gt\/wp-content\/uploads\/2023\/03\/cropped-icon.png\",\"width\":512,\"height\":512,\"caption\":\"Mivoot Guatemala\"},\"image\":{\"@id\":\"https:\/\/mivoot.com\/gt\/#\/schema\/logo\/image\/\"},\"sameAs\":[\"https:\/\/www.facebook.com\/mivootgt\",\"https:\/\/instagram.com\/mivoot\"]}]}<\/script>\n<!-- \/ Yoast SEO Premium plugin. -->","yoast_head_json":{"title":"Regleta Wi-Fi inteligente Tapo P306 Tp-Link - Mivoot","robots":{"index":"index","follow":"follow","max-snippet":"max-snippet:-1","max-image-preview":"max-image-preview:large","max-video-preview":"max-video-preview:-1"},"canonical":"https:\/\/mivoot.com\/gt\/producto\/regleta-wi-fi-inteligente-tapo-p306-tp-link\/","og_locale":"es_ES","og_type":"article","og_title":"Regleta Wi-Fi inteligente Tapo P306 Tp-Link","og_description":"- Protocolo: IEEE 802.11b\/g\/n, Bluetooth (solo para configuraci\u00f3n) - Tipo inal\u00e1mbrico: WiFi de 2,4 GHz, Bluetooth (solo para configuraci\u00f3n) - Dimensiones (alto x ancho x profundidad): 6,6 \u00d7 3,9 \u00d7 1,3 pulgadas (166,6 \u00d7 99,3 \u00d7 31,9 mm) - Calificado: 100-125 V~ 50\/60 Hz - Carga m\u00e1xima: 15A, 1875O - Salida USB: 9 V\u23932 A \/ 12 V\u23931,5 A \/ 5 V\u23933 A (un solo puerto) 5 V\u23933 A (varios puertos)","og_url":"https:\/\/mivoot.com\/gt\/producto\/regleta-wi-fi-inteligente-tapo-p306-tp-link\/","og_site_name":"Mivoot","article_publisher":"https:\/\/www.facebook.com\/mivootgt","og_image":[{"width":590,"height":590,"url":"https:\/\/mivoot.com\/gt\/wp-content\/uploads\/2025\/12\/Tapo_P306_US_1.0_Overview_2303_English_10_normal_20231221024521v.jpg","type":"image\/jpeg"}],"twitter_card":"summary_large_image","twitter_misc":{"Est. reading time":"2 minutos"},"schema":{"@context":"https:\/\/schema.org","@graph":[{"@type":"WebPage","@id":"https:\/\/mivoot.com\/gt\/producto\/regleta-wi-fi-inteligente-tapo-p306-tp-link\/","url":"https:\/\/mivoot.com\/gt\/producto\/regleta-wi-fi-inteligente-tapo-p306-tp-link\/","name":"Regleta Wi-Fi inteligente Tapo P306 Tp-Link - Mivoot","isPartOf":{"@id":"https:\/\/mivoot.com\/gt\/#website"},"primaryImageOfPage":{"@id":"https:\/\/mivoot.com\/gt\/producto\/regleta-wi-fi-inteligente-tapo-p306-tp-link\/#primaryimage"},"image":{"@id":"https:\/\/mivoot.com\/gt\/producto\/regleta-wi-fi-inteligente-tapo-p306-tp-link\/#primaryimage"},"thumbnailUrl":"https:\/\/mivoot.com\/gt\/wp-content\/uploads\/2025\/12\/Tapo_P306_US_1.0_Overview_2303_English_10_normal_20231221024521v.jpg","datePublished":"2025-12-12T20:10:39+00:00","breadcrumb":{"@id":"https:\/\/mivoot.com\/gt\/producto\/regleta-wi-fi-inteligente-tapo-p306-tp-link\/#breadcrumb"},"inLanguage":"es","potentialAction":[{"@type":"ReadAction","target":["https:\/\/mivoot.com\/gt\/producto\/regleta-wi-fi-inteligente-tapo-p306-tp-link\/"]}]},{"@type":"ImageObject","inLanguage":"es","@id":"https:\/\/mivoot.com\/gt\/producto\/regleta-wi-fi-inteligente-tapo-p306-tp-link\/#primaryimage","url":"https:\/\/mivoot.com\/gt\/wp-content\/uploads\/2025\/12\/Tapo_P306_US_1.0_Overview_2303_English_10_normal_20231221024521v.jpg","contentUrl":"https:\/\/mivoot.com\/gt\/wp-content\/uploads\/2025\/12\/Tapo_P306_US_1.0_Overview_2303_English_10_normal_20231221024521v.jpg","width":590,"height":590},{"@type":"BreadcrumbList","@id":"https:\/\/mivoot.com\/gt\/producto\/regleta-wi-fi-inteligente-tapo-p306-tp-link\/#breadcrumb","itemListElement":[{"@type":"ListItem","position":1,"name":"Inicio","item":"https:\/\/mivoot.com\/gt\/"},{"@type":"ListItem","position":2,"name":"Productos","item":"https:\/\/mivoot.com\/gt\/producto\/"},{"@type":"ListItem","position":3,"name":"TP-Link","item":"https:\/\/mivoot.com\/gt\/marca\/tp-link\/"},{"@type":"ListItem","position":4,"name":"Regleta Wi-Fi inteligente Tapo P306 Tp-Link"}]},{"@type":"WebSite","@id":"https:\/\/mivoot.com\/gt\/#website","url":"https:\/\/mivoot.com\/gt\/","name":"Mivoot","description":"Mivoot Guatemala | Tienda Online","publisher":{"@id":"https:\/\/mivoot.com\/gt\/#organization"},"alternateName":"mivoot","potentialAction":[{"@type":"SearchAction","target":{"@type":"EntryPoint","urlTemplate":"https:\/\/mivoot.com\/gt\/?s={search_term_string}"},"query-input":{"@type":"PropertyValueSpecification","valueRequired":true,"valueName":"search_term_string"}}],"inLanguage":"es"},{"@type":"Organization","@id":"https:\/\/mivoot.com\/gt\/#organization","name":"Mivoot Guatemala","alternateName":"mivoot.com","url":"https:\/\/mivoot.com\/gt\/","logo":{"@type":"ImageObject","inLanguage":"es","@id":"https:\/\/mivoot.com\/gt\/#\/schema\/logo\/image\/","url":"https:\/\/mivoot.com\/gt\/wp-content\/uploads\/2023\/03\/cropped-icon.png","contentUrl":"https:\/\/mivoot.com\/gt\/wp-content\/uploads\/2023\/03\/cropped-icon.png","width":512,"height":512,"caption":"Mivoot Guatemala"},"image":{"@id":"https:\/\/mivoot.com\/gt\/#\/schema\/logo\/image\/"},"sameAs":["https:\/\/www.facebook.com\/mivootgt","https:\/\/instagram.com\/mivoot"]}]}},"jetpack_publicize_connections":[],"jetpack_sharing_enabled":true,"brands":[{"id":320,"name":"TP-Link","slug":"tp-link"},{"id":458,"name":"Tp-Link Tapo","slug":"tp-link-tapo"}],"_links":{"self":[{"href":"https:\/\/mivoot.com\/gt\/wp-json\/wp\/v2\/product\/31413","targetHints":{"allow":["GET"]}}],"collection":[{"href":"https:\/\/mivoot.com\/gt\/wp-json\/wp\/v2\/product"}],"about":[{"href":"https:\/\/mivoot.com\/gt\/wp-json\/wp\/v2\/types\/product"}],"replies":[{"embeddable":true,"href":"https:\/\/mivoot.com\/gt\/wp-json\/wp\/v2\/comments?post=31413"}],"version-history":[{"count":1,"href":"https:\/\/mivoot.com\/gt\/wp-json\/wp\/v2\/product\/31413\/revisions"}],"predecessor-version":[{"id":31421,"href":"https:\/\/mivoot.com\/gt\/wp-json\/wp\/v2\/product\/31413\/revisions\/31421"}],"wp:featuredmedia":[{"embeddable":true,"href":"https:\/\/mivoot.com\/gt\/wp-json\/wp\/v2\/media\/31419"}],"wp:attachment":[{"href":"https:\/\/mivoot.com\/gt\/wp-json\/wp\/v2\/media?parent=31413"}],"wp:term":[{"taxonomy":"pwb-brand","embeddable":true,"href":"https:\/\/mivoot.com\/gt\/wp-json\/wp\/v2\/pwb-brand?post=31413"},{"taxonomy":"product_brand","embeddable":true,"href":"https:\/\/mivoot.com\/gt\/wp-json\/wp\/v2\/product_brand?post=31413"},{"taxonomy":"product_cat","embeddable":true,"href":"https:\/\/mivoot.com\/gt\/wp-json\/wp\/v2\/product_cat?post=31413"},{"taxonomy":"product_tag","embeddable":true,"href":"https:\/\/mivoot.com\/gt\/wp-json\/wp\/v2\/product_tag?post=31413"}],"curies":[{"name":"wp","href":"https:\/\/api.w.org\/{rel}","templated":true}]}}