{"id":31426,"date":"2025-12-12T14:37:25","date_gmt":"2025-12-12T20:37:25","guid":{"rendered":"https:\/\/mivoot.com\/gt\/?post_type=product&#038;p=31426"},"modified":"2025-12-12T14:37:26","modified_gmt":"2025-12-12T20:37:26","slug":"robot-aspirador-y-friegasuelos-5300pa-con-doble-sistema-de-navegacion-base-de-autovaciado-tapo-rv30-max-plus-tp-link","status":"publish","type":"product","link":"https:\/\/mivoot.com\/gt\/producto\/robot-aspirador-y-friegasuelos-5300pa-con-doble-sistema-de-navegacion-base-de-autovaciado-tapo-rv30-max-plus-tp-link\/","title":{"rendered":"Robot Aspirador y Friegasuelos 5300Pa con Doble Sistema de Navegaci\u00f3n + Base de Autovaciado Tapo RV30 Max Plus Tp-Link"},"content":{"rendered":"<h1 style=\"text-align: center\"><span style=\"color: #000080\"><strong>Limpieza Inteligente para tu Hogar Conectado<\/strong><\/span><\/h1>\n<h3 style=\"text-align: center\">Robot Aspirador y Fregasuelos\u00a0con 5300Pa + Base de Autovaciado Inteligente<\/h3>\n<p>&nbsp;<\/p>\n<p><img fetchpriority=\"high\" decoding=\"async\" class=\" wp-image-31427 aligncenter\" src=\"https:\/\/mivoot.com\/gt\/wp-content\/uploads\/2025\/12\/Captura-de-pantalla-2025-12-12-143000-300x230.png\" alt=\"\" width=\"924\" height=\"709\" srcset=\"https:\/\/mivoot.com\/gt\/wp-content\/uploads\/2025\/12\/Captura-de-pantalla-2025-12-12-143000-300x230.png 300w, https:\/\/mivoot.com\/gt\/wp-content\/uploads\/2025\/12\/Captura-de-pantalla-2025-12-12-143000-768x588.png 768w, https:\/\/mivoot.com\/gt\/wp-content\/uploads\/2025\/12\/Captura-de-pantalla-2025-12-12-143000-16x12.png 16w, https:\/\/mivoot.com\/gt\/wp-content\/uploads\/2025\/12\/Captura-de-pantalla-2025-12-12-143000-600x459.png 600w, https:\/\/mivoot.com\/gt\/wp-content\/uploads\/2025\/12\/Captura-de-pantalla-2025-12-12-143000-410x314.png 410w, https:\/\/mivoot.com\/gt\/wp-content\/uploads\/2025\/12\/Captura-de-pantalla-2025-12-12-143000-64x49.png 64w, https:\/\/mivoot.com\/gt\/wp-content\/uploads\/2025\/12\/Captura-de-pantalla-2025-12-12-143000.png 952w\" sizes=\"(max-width: 924px) 100vw, 924px\" \/><\/p>\n<p>&nbsp;<\/p>\n<h2>Potente Succi\u00f3n de hasta 5300 Pa<\/h2>\n<p>La potencia de succi\u00f3n mejorada de 5300Pa garantiza que el robot aspire el polvo, el pelo de las mascotas, las migas y otros residuos sin complicaciones.<\/p>\n<p>&nbsp;<\/p>\n<h2 style=\"text-align: center\">Limpia Todos los Rincones de tu Casa<\/h2>\n<p style=\"text-align: center\">Utiliza la tecnolog\u00eda Mesh Grid\u2122 para una limpieza m\u00e1s completa, evitando pasar por alto cualquier tipo de suciedad.<\/p>\n<p><img decoding=\"async\" class=\" wp-image-31428 aligncenter\" src=\"https:\/\/mivoot.com\/gt\/wp-content\/uploads\/2025\/12\/Captura-de-pantalla-2025-12-12-143150-300x151.png\" alt=\"\" width=\"1033\" height=\"520\" srcset=\"https:\/\/mivoot.com\/gt\/wp-content\/uploads\/2025\/12\/Captura-de-pantalla-2025-12-12-143150-300x151.png 300w, https:\/\/mivoot.com\/gt\/wp-content\/uploads\/2025\/12\/Captura-de-pantalla-2025-12-12-143150-768x386.png 768w, https:\/\/mivoot.com\/gt\/wp-content\/uploads\/2025\/12\/Captura-de-pantalla-2025-12-12-143150-18x9.png 18w, https:\/\/mivoot.com\/gt\/wp-content\/uploads\/2025\/12\/Captura-de-pantalla-2025-12-12-143150-600x302.png 600w, https:\/\/mivoot.com\/gt\/wp-content\/uploads\/2025\/12\/Captura-de-pantalla-2025-12-12-143150-410x206.png 410w, https:\/\/mivoot.com\/gt\/wp-content\/uploads\/2025\/12\/Captura-de-pantalla-2025-12-12-143150-64x32.png 64w, https:\/\/mivoot.com\/gt\/wp-content\/uploads\/2025\/12\/Captura-de-pantalla-2025-12-12-143150.png 1030w\" sizes=\"(max-width: 1033px) 100vw, 1033px\" \/><\/p>\n<p>&nbsp;<\/p>\n<h2 style=\"text-align: right\">Dep\u00f3sito de Vaciado Autom\u00e1tico Inteligente<\/h2>\n<p style=\"text-align: right\">RV30 Max Plus vac\u00eda su dep\u00f3sito\u00a0 autom\u00e1ticamente despu\u00e9s de la limpieza. La bolsa desechable de 3 L del deposito dura hasta 2 meses..<\/p>\n<p>&nbsp;<\/p>\n<h2 style=\"text-align: center\">Doble Sistema de Navegaci\u00f3n LiDAR+IMU<\/h2>\n<p style=\"text-align: center\">La visi\u00f3n de radar de 360\u00b0 mapea con precisi\u00f3n cada cent\u00edmetro de tu casa, detectando incluso peque\u00f1os obst\u00e1culos con gran precisi\u00f3n.<\/p>\n<p>&nbsp;<\/p>\n<h2>Sensor\u00a0Anti Bloqueo<\/h2>\n<p>El robot retrocede autom\u00e1ticamente cuando entra en un espacio con altura insuficiente, evitando quedar atrapado.<\/p>\n<p>&nbsp;<\/p>\n<h2 style=\"text-align: center\">Capacidad de Escalada<br \/>\nHasta 22mm<\/h2>\n<p style=\"text-align: center\">Se mueve por la casa sin esfuerzo para asegurarse de que todo el suelo queda perfecto.<\/p>\n<p>&nbsp;<\/p>\n<h2 style=\"text-align: right\"><span dir=\"auto\">Mapa 3D\u00a0\u00a0<\/span><\/h2>\n<p style=\"text-align: right\">Crea y visualiza un esquema en 3D de las habitaciones y los muebles de tu casa de un vistazo. Los algoritmos inteligentes permiten controlar los productos Tapo en toda la casa con un solo toque.<\/p>\n<p>&nbsp;<\/p>\n<h2 style=\"text-align: center\">Control por Voz<\/h2>\n<p style=\"text-align: center\">Vinc\u00falalo a Amazon Alexa o Asistente de Google para controlar el robot por comandos de voz. Dispone de skills personalizadas de Alexa para controlar f\u00e1cilmente c\u00f3mo y cu\u00e1ndo empezar a limpiar.<\/p>\n<p>&nbsp;<\/p>\n<p><img decoding=\"async\" class=\" wp-image-31429 aligncenter\" src=\"https:\/\/mivoot.com\/gt\/wp-content\/uploads\/2025\/12\/Captura-de-pantalla-2025-12-12-143457-300x190.png\" alt=\"\" width=\"1021\" height=\"647\" srcset=\"https:\/\/mivoot.com\/gt\/wp-content\/uploads\/2025\/12\/Captura-de-pantalla-2025-12-12-143457-300x190.png 300w, https:\/\/mivoot.com\/gt\/wp-content\/uploads\/2025\/12\/Captura-de-pantalla-2025-12-12-143457-768x487.png 768w, https:\/\/mivoot.com\/gt\/wp-content\/uploads\/2025\/12\/Captura-de-pantalla-2025-12-12-143457-18x12.png 18w, https:\/\/mivoot.com\/gt\/wp-content\/uploads\/2025\/12\/Captura-de-pantalla-2025-12-12-143457-600x380.png 600w, https:\/\/mivoot.com\/gt\/wp-content\/uploads\/2025\/12\/Captura-de-pantalla-2025-12-12-143457-410x260.png 410w, https:\/\/mivoot.com\/gt\/wp-content\/uploads\/2025\/12\/Captura-de-pantalla-2025-12-12-143457-64x41.png 64w, https:\/\/mivoot.com\/gt\/wp-content\/uploads\/2025\/12\/Captura-de-pantalla-2025-12-12-143457.png 1013w\" sizes=\"(max-width: 1021px) 100vw, 1021px\" \/><\/p>\n","protected":false},"excerpt":{"rendered":"<p>&#8211; Capacidad de la bater\u00eda: 2600 mAh<br \/>\n&#8211; Tiempo de carga: 4 horas<br \/>\n&#8211; Recargar y reanudar: S\u00ed<br \/>\n&#8211; Mapeo\/Planificaci\u00f3n de rutas: LiDAR + IMU<br \/>\n&#8211; Mapa de alta precisi\u00f3n: S\u00ed<br \/>\n&#8211; Altura del cruce de barrera: 22 mil\u00edmetros<br \/>\n&#8211; Protecci\u00f3n antica\u00eddas: S\u00ed<br \/>\n&#8211; Potencia de succi\u00f3n del muelle de vaciado autom\u00e1tico: 17000 Pa<br \/>\n&#8211; Capacidad de la bolsa para polvo: 3 litros<br \/>\n&#8211; M\u00e1xima potencia de succi\u00f3n: 5300 Pa<br \/>\n&#8211; Ajuste del nivel de succi\u00f3n: 5 niveles<br \/>\n&#8211; Capacidad del cubo de basura: 300 ml<br \/>\n&#8211; Detecci\u00f3n de cubos de basura: S\u00ed<br \/>\n&#8211; Ajuste del nivel del agua: 3 niveles<br \/>\n&#8211; Capacidad del tanque de agua: 300 ml<\/p>\n","protected":false},"featured_media":31432,"comment_status":"open","ping_status":"closed","template":"","meta":{"jetpack_publicize_message":"","jetpack_publicize_feature_enabled":true,"jetpack_social_post_already_shared":true,"jetpack_social_options":{"image_generator_settings":{"template":"highway","default_image_id":0,"font":"","enabled":false},"version":2}},"pwb-brand":[320,458],"product_brand":[],"product_cat":[28],"product_tag":[],"class_list":{"0":"post-31426","1":"product","2":"type-product","3":"status-publish","4":"has-post-thumbnail","6":"pwb-brand-tp-link","7":"pwb-brand-tp-link-tapo","8":"product_cat-smart-home","10":"first","11":"instock","12":"taxable","13":"shipping-taxable","14":"product-type-simple"},"yoast_head":"<!-- This site is optimized with the Yoast SEO Premium plugin v25.7.1 (Yoast SEO v26.8) - https:\/\/yoast.com\/product\/yoast-seo-premium-wordpress\/ -->\n<title>Robot Aspirador y Friegasuelos 5300Pa con Doble Sistema de Navegaci\u00f3n + Base de Autovaciado Tapo RV30 Max Plus Tp-Link - Mivoot<\/title>\n<meta name=\"robots\" content=\"index, follow, max-snippet:-1, max-image-preview:large, max-video-preview:-1\" \/>\n<link rel=\"canonical\" href=\"https:\/\/mivoot.com\/gt\/producto\/robot-aspirador-y-friegasuelos-5300pa-con-doble-sistema-de-navegacion-base-de-autovaciado-tapo-rv30-max-plus-tp-link\/\" \/>\n<meta property=\"og:locale\" content=\"es_ES\" \/>\n<meta property=\"og:type\" content=\"article\" \/>\n<meta property=\"og:title\" content=\"Robot Aspirador y Friegasuelos 5300Pa con Doble Sistema de Navegaci\u00f3n + Base de Autovaciado Tapo RV30 Max Plus Tp-Link\" \/>\n<meta property=\"og:description\" content=\"- Capacidad de la bater\u00eda: 2600 mAh - Tiempo de carga: 4 horas - Recargar y reanudar: S\u00ed - Mapeo\/Planificaci\u00f3n de rutas: LiDAR + IMU - Mapa de alta precisi\u00f3n: S\u00ed - Altura del cruce de barrera: 22 mil\u00edmetros - Protecci\u00f3n antica\u00eddas: S\u00ed - Potencia de succi\u00f3n del muelle de vaciado autom\u00e1tico: 17000 Pa - Capacidad de la bolsa para polvo: 3 litros - M\u00e1xima potencia de succi\u00f3n: 5300 Pa - Ajuste del nivel de succi\u00f3n: 5 niveles - Capacidad del cubo de basura: 300 ml - Detecci\u00f3n de cubos de basura: S\u00ed - Ajuste del nivel del agua: 3 niveles - Capacidad del tanque de agua: 300 ml\" \/>\n<meta property=\"og:url\" content=\"https:\/\/mivoot.com\/gt\/producto\/robot-aspirador-y-friegasuelos-5300pa-con-doble-sistema-de-navegacion-base-de-autovaciado-tapo-rv30-max-plus-tp-link\/\" \/>\n<meta property=\"og:site_name\" content=\"Mivoot\" \/>\n<meta property=\"article:publisher\" content=\"https:\/\/www.facebook.com\/mivootgt\" \/>\n<meta property=\"article:modified_time\" content=\"2025-12-12T20:37:26+00:00\" \/>\n<meta property=\"og:image\" content=\"https:\/\/mivoot.com\/gt\/wp-content\/uploads\/2025\/12\/01_normal_20240808023803t.jpg\" \/>\n\t<meta property=\"og:image:width\" content=\"590\" \/>\n\t<meta property=\"og:image:height\" content=\"590\" \/>\n\t<meta property=\"og:image:type\" content=\"image\/jpeg\" \/>\n<meta name=\"twitter:card\" content=\"summary_large_image\" \/>\n<meta name=\"twitter:label1\" content=\"Est. reading time\" \/>\n\t<meta name=\"twitter:data1\" content=\"2 minutos\" \/>\n<script type=\"application\/ld+json\" class=\"yoast-schema-graph\">{\"@context\":\"https:\/\/schema.org\",\"@graph\":[{\"@type\":\"WebPage\",\"@id\":\"https:\/\/mivoot.com\/gt\/producto\/robot-aspirador-y-friegasuelos-5300pa-con-doble-sistema-de-navegacion-base-de-autovaciado-tapo-rv30-max-plus-tp-link\/\",\"url\":\"https:\/\/mivoot.com\/gt\/producto\/robot-aspirador-y-friegasuelos-5300pa-con-doble-sistema-de-navegacion-base-de-autovaciado-tapo-rv30-max-plus-tp-link\/\",\"name\":\"Robot Aspirador y Friegasuelos 5300Pa con Doble Sistema de Navegaci\u00f3n + Base de Autovaciado Tapo RV30 Max Plus Tp-Link - Mivoot\",\"isPartOf\":{\"@id\":\"https:\/\/mivoot.com\/gt\/#website\"},\"primaryImageOfPage\":{\"@id\":\"https:\/\/mivoot.com\/gt\/producto\/robot-aspirador-y-friegasuelos-5300pa-con-doble-sistema-de-navegacion-base-de-autovaciado-tapo-rv30-max-plus-tp-link\/#primaryimage\"},\"image\":{\"@id\":\"https:\/\/mivoot.com\/gt\/producto\/robot-aspirador-y-friegasuelos-5300pa-con-doble-sistema-de-navegacion-base-de-autovaciado-tapo-rv30-max-plus-tp-link\/#primaryimage\"},\"thumbnailUrl\":\"https:\/\/mivoot.com\/gt\/wp-content\/uploads\/2025\/12\/01_normal_20240808023803t.jpg\",\"datePublished\":\"2025-12-12T20:37:25+00:00\",\"dateModified\":\"2025-12-12T20:37:26+00:00\",\"breadcrumb\":{\"@id\":\"https:\/\/mivoot.com\/gt\/producto\/robot-aspirador-y-friegasuelos-5300pa-con-doble-sistema-de-navegacion-base-de-autovaciado-tapo-rv30-max-plus-tp-link\/#breadcrumb\"},\"inLanguage\":\"es\",\"potentialAction\":[{\"@type\":\"ReadAction\",\"target\":[\"https:\/\/mivoot.com\/gt\/producto\/robot-aspirador-y-friegasuelos-5300pa-con-doble-sistema-de-navegacion-base-de-autovaciado-tapo-rv30-max-plus-tp-link\/\"]}]},{\"@type\":\"ImageObject\",\"inLanguage\":\"es\",\"@id\":\"https:\/\/mivoot.com\/gt\/producto\/robot-aspirador-y-friegasuelos-5300pa-con-doble-sistema-de-navegacion-base-de-autovaciado-tapo-rv30-max-plus-tp-link\/#primaryimage\",\"url\":\"https:\/\/mivoot.com\/gt\/wp-content\/uploads\/2025\/12\/01_normal_20240808023803t.jpg\",\"contentUrl\":\"https:\/\/mivoot.com\/gt\/wp-content\/uploads\/2025\/12\/01_normal_20240808023803t.jpg\",\"width\":590,\"height\":590},{\"@type\":\"BreadcrumbList\",\"@id\":\"https:\/\/mivoot.com\/gt\/producto\/robot-aspirador-y-friegasuelos-5300pa-con-doble-sistema-de-navegacion-base-de-autovaciado-tapo-rv30-max-plus-tp-link\/#breadcrumb\",\"itemListElement\":[{\"@type\":\"ListItem\",\"position\":1,\"name\":\"Inicio\",\"item\":\"https:\/\/mivoot.com\/gt\/\"},{\"@type\":\"ListItem\",\"position\":2,\"name\":\"Productos\",\"item\":\"https:\/\/mivoot.com\/gt\/producto\/\"},{\"@type\":\"ListItem\",\"position\":3,\"name\":\"TP-Link\",\"item\":\"https:\/\/mivoot.com\/gt\/marca\/tp-link\/\"},{\"@type\":\"ListItem\",\"position\":4,\"name\":\"Robot Aspirador y Friegasuelos 5300Pa con Doble Sistema de Navegaci\u00f3n + Base de Autovaciado Tapo RV30 Max Plus Tp-Link\"}]},{\"@type\":\"WebSite\",\"@id\":\"https:\/\/mivoot.com\/gt\/#website\",\"url\":\"https:\/\/mivoot.com\/gt\/\",\"name\":\"Mivoot\",\"description\":\"Mivoot Guatemala | Tienda Online\",\"publisher\":{\"@id\":\"https:\/\/mivoot.com\/gt\/#organization\"},\"alternateName\":\"mivoot\",\"potentialAction\":[{\"@type\":\"SearchAction\",\"target\":{\"@type\":\"EntryPoint\",\"urlTemplate\":\"https:\/\/mivoot.com\/gt\/?s={search_term_string}\"},\"query-input\":{\"@type\":\"PropertyValueSpecification\",\"valueRequired\":true,\"valueName\":\"search_term_string\"}}],\"inLanguage\":\"es\"},{\"@type\":\"Organization\",\"@id\":\"https:\/\/mivoot.com\/gt\/#organization\",\"name\":\"Mivoot Guatemala\",\"alternateName\":\"mivoot.com\",\"url\":\"https:\/\/mivoot.com\/gt\/\",\"logo\":{\"@type\":\"ImageObject\",\"inLanguage\":\"es\",\"@id\":\"https:\/\/mivoot.com\/gt\/#\/schema\/logo\/image\/\",\"url\":\"https:\/\/mivoot.com\/gt\/wp-content\/uploads\/2023\/03\/cropped-icon.png\",\"contentUrl\":\"https:\/\/mivoot.com\/gt\/wp-content\/uploads\/2023\/03\/cropped-icon.png\",\"width\":512,\"height\":512,\"caption\":\"Mivoot Guatemala\"},\"image\":{\"@id\":\"https:\/\/mivoot.com\/gt\/#\/schema\/logo\/image\/\"},\"sameAs\":[\"https:\/\/www.facebook.com\/mivootgt\",\"https:\/\/instagram.com\/mivoot\"]}]}<\/script>\n<!-- \/ Yoast SEO Premium plugin. -->","yoast_head_json":{"title":"Robot Aspirador y Friegasuelos 5300Pa con Doble Sistema de Navegaci\u00f3n + Base de Autovaciado Tapo RV30 Max Plus Tp-Link - Mivoot","robots":{"index":"index","follow":"follow","max-snippet":"max-snippet:-1","max-image-preview":"max-image-preview:large","max-video-preview":"max-video-preview:-1"},"canonical":"https:\/\/mivoot.com\/gt\/producto\/robot-aspirador-y-friegasuelos-5300pa-con-doble-sistema-de-navegacion-base-de-autovaciado-tapo-rv30-max-plus-tp-link\/","og_locale":"es_ES","og_type":"article","og_title":"Robot Aspirador y Friegasuelos 5300Pa con Doble Sistema de Navegaci\u00f3n + Base de Autovaciado Tapo RV30 Max Plus Tp-Link","og_description":"- Capacidad de la bater\u00eda: 2600 mAh - Tiempo de carga: 4 horas - Recargar y reanudar: S\u00ed - Mapeo\/Planificaci\u00f3n de rutas: LiDAR + IMU - Mapa de alta precisi\u00f3n: S\u00ed - Altura del cruce de barrera: 22 mil\u00edmetros - Protecci\u00f3n antica\u00eddas: S\u00ed - Potencia de succi\u00f3n del muelle de vaciado autom\u00e1tico: 17000 Pa - Capacidad de la bolsa para polvo: 3 litros - M\u00e1xima potencia de succi\u00f3n: 5300 Pa - Ajuste del nivel de succi\u00f3n: 5 niveles - Capacidad del cubo de basura: 300 ml - Detecci\u00f3n de cubos de basura: S\u00ed - Ajuste del nivel del agua: 3 niveles - Capacidad del tanque de agua: 300 ml","og_url":"https:\/\/mivoot.com\/gt\/producto\/robot-aspirador-y-friegasuelos-5300pa-con-doble-sistema-de-navegacion-base-de-autovaciado-tapo-rv30-max-plus-tp-link\/","og_site_name":"Mivoot","article_publisher":"https:\/\/www.facebook.com\/mivootgt","article_modified_time":"2025-12-12T20:37:26+00:00","og_image":[{"width":590,"height":590,"url":"https:\/\/mivoot.com\/gt\/wp-content\/uploads\/2025\/12\/01_normal_20240808023803t.jpg","type":"image\/jpeg"}],"twitter_card":"summary_large_image","twitter_misc":{"Est. reading time":"2 minutos"},"schema":{"@context":"https:\/\/schema.org","@graph":[{"@type":"WebPage","@id":"https:\/\/mivoot.com\/gt\/producto\/robot-aspirador-y-friegasuelos-5300pa-con-doble-sistema-de-navegacion-base-de-autovaciado-tapo-rv30-max-plus-tp-link\/","url":"https:\/\/mivoot.com\/gt\/producto\/robot-aspirador-y-friegasuelos-5300pa-con-doble-sistema-de-navegacion-base-de-autovaciado-tapo-rv30-max-plus-tp-link\/","name":"Robot Aspirador y Friegasuelos 5300Pa con Doble Sistema de Navegaci\u00f3n + Base de Autovaciado Tapo RV30 Max Plus Tp-Link - Mivoot","isPartOf":{"@id":"https:\/\/mivoot.com\/gt\/#website"},"primaryImageOfPage":{"@id":"https:\/\/mivoot.com\/gt\/producto\/robot-aspirador-y-friegasuelos-5300pa-con-doble-sistema-de-navegacion-base-de-autovaciado-tapo-rv30-max-plus-tp-link\/#primaryimage"},"image":{"@id":"https:\/\/mivoot.com\/gt\/producto\/robot-aspirador-y-friegasuelos-5300pa-con-doble-sistema-de-navegacion-base-de-autovaciado-tapo-rv30-max-plus-tp-link\/#primaryimage"},"thumbnailUrl":"https:\/\/mivoot.com\/gt\/wp-content\/uploads\/2025\/12\/01_normal_20240808023803t.jpg","datePublished":"2025-12-12T20:37:25+00:00","dateModified":"2025-12-12T20:37:26+00:00","breadcrumb":{"@id":"https:\/\/mivoot.com\/gt\/producto\/robot-aspirador-y-friegasuelos-5300pa-con-doble-sistema-de-navegacion-base-de-autovaciado-tapo-rv30-max-plus-tp-link\/#breadcrumb"},"inLanguage":"es","potentialAction":[{"@type":"ReadAction","target":["https:\/\/mivoot.com\/gt\/producto\/robot-aspirador-y-friegasuelos-5300pa-con-doble-sistema-de-navegacion-base-de-autovaciado-tapo-rv30-max-plus-tp-link\/"]}]},{"@type":"ImageObject","inLanguage":"es","@id":"https:\/\/mivoot.com\/gt\/producto\/robot-aspirador-y-friegasuelos-5300pa-con-doble-sistema-de-navegacion-base-de-autovaciado-tapo-rv30-max-plus-tp-link\/#primaryimage","url":"https:\/\/mivoot.com\/gt\/wp-content\/uploads\/2025\/12\/01_normal_20240808023803t.jpg","contentUrl":"https:\/\/mivoot.com\/gt\/wp-content\/uploads\/2025\/12\/01_normal_20240808023803t.jpg","width":590,"height":590},{"@type":"BreadcrumbList","@id":"https:\/\/mivoot.com\/gt\/producto\/robot-aspirador-y-friegasuelos-5300pa-con-doble-sistema-de-navegacion-base-de-autovaciado-tapo-rv30-max-plus-tp-link\/#breadcrumb","itemListElement":[{"@type":"ListItem","position":1,"name":"Inicio","item":"https:\/\/mivoot.com\/gt\/"},{"@type":"ListItem","position":2,"name":"Productos","item":"https:\/\/mivoot.com\/gt\/producto\/"},{"@type":"ListItem","position":3,"name":"TP-Link","item":"https:\/\/mivoot.com\/gt\/marca\/tp-link\/"},{"@type":"ListItem","position":4,"name":"Robot Aspirador y Friegasuelos 5300Pa con Doble Sistema de Navegaci\u00f3n + Base de Autovaciado Tapo RV30 Max Plus Tp-Link"}]},{"@type":"WebSite","@id":"https:\/\/mivoot.com\/gt\/#website","url":"https:\/\/mivoot.com\/gt\/","name":"Mivoot","description":"Mivoot Guatemala | Tienda Online","publisher":{"@id":"https:\/\/mivoot.com\/gt\/#organization"},"alternateName":"mivoot","potentialAction":[{"@type":"SearchAction","target":{"@type":"EntryPoint","urlTemplate":"https:\/\/mivoot.com\/gt\/?s={search_term_string}"},"query-input":{"@type":"PropertyValueSpecification","valueRequired":true,"valueName":"search_term_string"}}],"inLanguage":"es"},{"@type":"Organization","@id":"https:\/\/mivoot.com\/gt\/#organization","name":"Mivoot Guatemala","alternateName":"mivoot.com","url":"https:\/\/mivoot.com\/gt\/","logo":{"@type":"ImageObject","inLanguage":"es","@id":"https:\/\/mivoot.com\/gt\/#\/schema\/logo\/image\/","url":"https:\/\/mivoot.com\/gt\/wp-content\/uploads\/2023\/03\/cropped-icon.png","contentUrl":"https:\/\/mivoot.com\/gt\/wp-content\/uploads\/2023\/03\/cropped-icon.png","width":512,"height":512,"caption":"Mivoot Guatemala"},"image":{"@id":"https:\/\/mivoot.com\/gt\/#\/schema\/logo\/image\/"},"sameAs":["https:\/\/www.facebook.com\/mivootgt","https:\/\/instagram.com\/mivoot"]}]}},"jetpack_publicize_connections":[],"jetpack_sharing_enabled":true,"brands":[{"id":320,"name":"TP-Link","slug":"tp-link"},{"id":458,"name":"Tp-Link Tapo","slug":"tp-link-tapo"}],"_links":{"self":[{"href":"https:\/\/mivoot.com\/gt\/wp-json\/wp\/v2\/product\/31426","targetHints":{"allow":["GET"]}}],"collection":[{"href":"https:\/\/mivoot.com\/gt\/wp-json\/wp\/v2\/product"}],"about":[{"href":"https:\/\/mivoot.com\/gt\/wp-json\/wp\/v2\/types\/product"}],"replies":[{"embeddable":true,"href":"https:\/\/mivoot.com\/gt\/wp-json\/wp\/v2\/comments?post=31426"}],"version-history":[{"count":1,"href":"https:\/\/mivoot.com\/gt\/wp-json\/wp\/v2\/product\/31426\/revisions"}],"predecessor-version":[{"id":31433,"href":"https:\/\/mivoot.com\/gt\/wp-json\/wp\/v2\/product\/31426\/revisions\/31433"}],"wp:featuredmedia":[{"embeddable":true,"href":"https:\/\/mivoot.com\/gt\/wp-json\/wp\/v2\/media\/31432"}],"wp:attachment":[{"href":"https:\/\/mivoot.com\/gt\/wp-json\/wp\/v2\/media?parent=31426"}],"wp:term":[{"taxonomy":"pwb-brand","embeddable":true,"href":"https:\/\/mivoot.com\/gt\/wp-json\/wp\/v2\/pwb-brand?post=31426"},{"taxonomy":"product_brand","embeddable":true,"href":"https:\/\/mivoot.com\/gt\/wp-json\/wp\/v2\/product_brand?post=31426"},{"taxonomy":"product_cat","embeddable":true,"href":"https:\/\/mivoot.com\/gt\/wp-json\/wp\/v2\/product_cat?post=31426"},{"taxonomy":"product_tag","embeddable":true,"href":"https:\/\/mivoot.com\/gt\/wp-json\/wp\/v2\/product_tag?post=31426"}],"curies":[{"name":"wp","href":"https:\/\/api.w.org\/{rel}","templated":true}]}}