{"id":31435,"date":"2025-12-12T15:23:43","date_gmt":"2025-12-12T21:23:43","guid":{"rendered":"https:\/\/mivoot.com\/gt\/?post_type=product&#038;p=31435"},"modified":"2025-12-12T15:23:44","modified_gmt":"2025-12-12T21:23:44","slug":"boton-regulador-de-intensidad-inteligente-tapo-s200b-tp-link","status":"publish","type":"product","link":"https:\/\/mivoot.com\/gt\/producto\/boton-regulador-de-intensidad-inteligente-tapo-s200b-tp-link\/","title":{"rendered":"Bot\u00f3n \/ Regulador de Intensidad Inteligente Tapo S200B Tp-Link"},"content":{"rendered":"<h1 style=\"text-align: center\"><span style=\"color: #000080\"><strong>Control Inteligente al Alcance de tus Dedos<\/strong><\/span><\/h1>\n<h3 style=\"text-align: center\">Bot\u00f3n Inteligente<\/h3>\n<p><img fetchpriority=\"high\" decoding=\"async\" class=\" wp-image-31436 aligncenter\" src=\"https:\/\/mivoot.com\/gt\/wp-content\/uploads\/2025\/12\/Captura-de-pantalla-2025-12-12-150314-300x125.png\" alt=\"\" width=\"1019\" height=\"425\" srcset=\"https:\/\/mivoot.com\/gt\/wp-content\/uploads\/2025\/12\/Captura-de-pantalla-2025-12-12-150314-300x125.png 300w, https:\/\/mivoot.com\/gt\/wp-content\/uploads\/2025\/12\/Captura-de-pantalla-2025-12-12-150314-768x321.png 768w, https:\/\/mivoot.com\/gt\/wp-content\/uploads\/2025\/12\/Captura-de-pantalla-2025-12-12-150314-18x8.png 18w, https:\/\/mivoot.com\/gt\/wp-content\/uploads\/2025\/12\/Captura-de-pantalla-2025-12-12-150314-600x251.png 600w, https:\/\/mivoot.com\/gt\/wp-content\/uploads\/2025\/12\/Captura-de-pantalla-2025-12-12-150314-410x171.png 410w, https:\/\/mivoot.com\/gt\/wp-content\/uploads\/2025\/12\/Captura-de-pantalla-2025-12-12-150314-64x27.png 64w, https:\/\/mivoot.com\/gt\/wp-content\/uploads\/2025\/12\/Captura-de-pantalla-2025-12-12-150314.png 1228w\" sizes=\"(max-width: 1019px) 100vw, 1019px\" \/><\/p>\n<p>&nbsp;<\/p>\n<h2>Control Inteligente con un Solo Clic<\/h2>\n<p>No se moleste abriendo una aplicaci\u00f3n o pidi\u00e9ndole ayuda a tu asistente de voz. Simplemente haz clic en el bot\u00f3n y disfruta de una forma m\u00e1s r\u00e1pida y sencilla de controlar tus luces inteligentes. Coloca dos o m\u00e1s botones en diferentes lugares para que siempre tengas el control de la iluminaci\u00f3n al alcance.<\/p>\n<p>&nbsp;<\/p>\n<h2 style=\"text-align: center\">Controla Toda la Casa con un Solo Bot\u00f3n<\/h2>\n<p style=\"text-align: center\">Empareja todas tus luces y dispositivos Tapo con un solo bot\u00f3n para un control simple y pr\u00e1ctico. Cuando est\u00e9s fuera de casa, activa el Modo Ausente con un solo clic para apagar todos tus dispositivos conectados.<\/p>\n<p>&nbsp;<\/p>\n<h2 style=\"text-align: right\">Un Toque de Seguridad<\/h2>\n<p style=\"text-align: right\">La ayuda en caso de emergencia est\u00e1 a solo un clic de distancia. Instala el Bot\u00f3n Inteligente Tapo cerca de la ba\u00f1era, el inodoro o la cama para tener acceso siempre al alcance.<\/p>\n<p>&nbsp;<\/p>\n<p><img decoding=\"async\" class=\" wp-image-31437 aligncenter\" src=\"https:\/\/mivoot.com\/gt\/wp-content\/uploads\/2025\/12\/Captura-de-pantalla-2025-12-12-151409-300x165.png\" alt=\"\" width=\"1051\" height=\"578\" srcset=\"https:\/\/mivoot.com\/gt\/wp-content\/uploads\/2025\/12\/Captura-de-pantalla-2025-12-12-151409-300x165.png 300w, https:\/\/mivoot.com\/gt\/wp-content\/uploads\/2025\/12\/Captura-de-pantalla-2025-12-12-151409-768x421.png 768w, https:\/\/mivoot.com\/gt\/wp-content\/uploads\/2025\/12\/Captura-de-pantalla-2025-12-12-151409-18x10.png 18w, https:\/\/mivoot.com\/gt\/wp-content\/uploads\/2025\/12\/Captura-de-pantalla-2025-12-12-151409-600x329.png 600w, https:\/\/mivoot.com\/gt\/wp-content\/uploads\/2025\/12\/Captura-de-pantalla-2025-12-12-151409-410x225.png 410w, https:\/\/mivoot.com\/gt\/wp-content\/uploads\/2025\/12\/Captura-de-pantalla-2025-12-12-151409-64x35.png 64w, https:\/\/mivoot.com\/gt\/wp-content\/uploads\/2025\/12\/Captura-de-pantalla-2025-12-12-151409.png 990w\" sizes=\"(max-width: 1051px) 100vw, 1051px\" \/><\/p>\n<p>&nbsp;<\/p>\n<h2>Montaje Flexible<\/h2>\n<p>Inst\u00e1lalo en cualquier lugar de tu hogar de manera r\u00e1pida y sencilla. Col\u00f3calo en una mesa, en la mesita de noche, m\u00f3ntalo en la pared con los adhesivos proporcionados o aj\u00fastalo a cualquier superficie magn\u00e9tica.<\/p>\n<p>&nbsp;<\/p>\n<h2 style=\"text-align: center\"><span class=\"no-wrap\">Rendimiento<\/span>\u00a0Duradero<\/h2>\n<p style=\"text-align: center\">El Bot\u00f3n Inteligente Tapo utiliza un protocolo inal\u00e1mbrico de ultra bajo consumo de energ\u00eda y una bater\u00eda de celda de moneda CR2032 reemplazable para ofrecerte a\u00f1os de control inteligente.<\/p>\n<p>&nbsp;<\/p>\n<h2 style=\"text-align: right\">Todo en una Aplicaci\u00f3n<\/h2>\n<p style=\"text-align: right\">Experimenta tu hogar inteligente de siguiente nivel con la l\u00ednea Tapo, todo en una \u00fanica aplicaci\u00f3n. Crea un espacio de vida m\u00e1s seguro, conveniente y c\u00f3modo para ti y tus seres queridos.<\/p>\n<p>&nbsp;<\/p>\n<p>&nbsp;<\/p>\n","protected":false},"excerpt":{"rendered":"<p>&#8211; Requisitos del Sistema: iOS 10+, Android 5.0+.<br \/>\n&#8211; Est\u00e1ndares y Protocolos: 868Mhz \/ 922MHz<br \/>\n&#8211; Concentrador (hub) requerido: S\u00ed<br \/>\n&#8211; Temperatura de funcionamiento: 0~40\u00b0C<br \/>\n&#8211; Dimensiones: \u03a643.5 x 16.9 mm<br \/>\n&#8211; Requerimientos de energ\u00eda: Bater\u00eda CR2032<\/p>\n","protected":false},"featured_media":31441,"comment_status":"open","ping_status":"closed","template":"","meta":{"jetpack_publicize_message":"","jetpack_publicize_feature_enabled":true,"jetpack_social_post_already_shared":true,"jetpack_social_options":{"image_generator_settings":{"template":"highway","default_image_id":0,"font":"","enabled":false},"version":2}},"pwb-brand":[320,458],"product_brand":[],"product_cat":[28],"product_tag":[],"class_list":{"0":"post-31435","1":"product","2":"type-product","3":"status-publish","4":"has-post-thumbnail","6":"pwb-brand-tp-link","7":"pwb-brand-tp-link-tapo","8":"product_cat-smart-home","10":"first","11":"instock","12":"taxable","13":"shipping-taxable","14":"product-type-simple"},"yoast_head":"<!-- This site is optimized with the Yoast SEO Premium plugin v25.7.1 (Yoast SEO v26.8) - https:\/\/yoast.com\/product\/yoast-seo-premium-wordpress\/ -->\n<title>Bot\u00f3n \/ Regulador de Intensidad Inteligente Tapo S200B Tp-Link - Mivoot<\/title>\n<meta name=\"robots\" content=\"index, follow, max-snippet:-1, max-image-preview:large, max-video-preview:-1\" \/>\n<link rel=\"canonical\" href=\"https:\/\/mivoot.com\/gt\/producto\/boton-regulador-de-intensidad-inteligente-tapo-s200b-tp-link\/\" \/>\n<meta property=\"og:locale\" content=\"es_ES\" \/>\n<meta property=\"og:type\" content=\"article\" \/>\n<meta property=\"og:title\" content=\"Bot\u00f3n \/ Regulador de Intensidad Inteligente Tapo S200B Tp-Link\" \/>\n<meta property=\"og:description\" content=\"- Requisitos del Sistema: iOS 10+, Android 5.0+. - Est\u00e1ndares y Protocolos: 868Mhz \/ 922MHz - Concentrador (hub) requerido: S\u00ed - Temperatura de funcionamiento: 0~40\u00b0C - Dimensiones: \u03a643.5 x 16.9 mm - Requerimientos de energ\u00eda: Bater\u00eda CR2032\" \/>\n<meta property=\"og:url\" content=\"https:\/\/mivoot.com\/gt\/producto\/boton-regulador-de-intensidad-inteligente-tapo-s200b-tp-link\/\" \/>\n<meta property=\"og:site_name\" content=\"Mivoot\" \/>\n<meta property=\"article:publisher\" content=\"https:\/\/www.facebook.com\/mivootgt\" \/>\n<meta property=\"article:modified_time\" content=\"2025-12-12T21:23:44+00:00\" \/>\n<meta property=\"og:image\" content=\"https:\/\/mivoot.com\/gt\/wp-content\/uploads\/2025\/12\/S200B_normal_20250115024043o.png\" \/>\n\t<meta property=\"og:image:width\" content=\"590\" \/>\n\t<meta property=\"og:image:height\" content=\"590\" \/>\n\t<meta property=\"og:image:type\" content=\"image\/png\" \/>\n<meta name=\"twitter:card\" content=\"summary_large_image\" \/>\n<meta name=\"twitter:label1\" content=\"Est. reading time\" \/>\n\t<meta name=\"twitter:data1\" content=\"2 minutos\" \/>\n<script type=\"application\/ld+json\" class=\"yoast-schema-graph\">{\"@context\":\"https:\/\/schema.org\",\"@graph\":[{\"@type\":\"WebPage\",\"@id\":\"https:\/\/mivoot.com\/gt\/producto\/boton-regulador-de-intensidad-inteligente-tapo-s200b-tp-link\/\",\"url\":\"https:\/\/mivoot.com\/gt\/producto\/boton-regulador-de-intensidad-inteligente-tapo-s200b-tp-link\/\",\"name\":\"Bot\u00f3n \/ Regulador de Intensidad Inteligente Tapo S200B Tp-Link - Mivoot\",\"isPartOf\":{\"@id\":\"https:\/\/mivoot.com\/gt\/#website\"},\"primaryImageOfPage\":{\"@id\":\"https:\/\/mivoot.com\/gt\/producto\/boton-regulador-de-intensidad-inteligente-tapo-s200b-tp-link\/#primaryimage\"},\"image\":{\"@id\":\"https:\/\/mivoot.com\/gt\/producto\/boton-regulador-de-intensidad-inteligente-tapo-s200b-tp-link\/#primaryimage\"},\"thumbnailUrl\":\"https:\/\/mivoot.com\/gt\/wp-content\/uploads\/2025\/12\/S200B_normal_20250115024043o.png\",\"datePublished\":\"2025-12-12T21:23:43+00:00\",\"dateModified\":\"2025-12-12T21:23:44+00:00\",\"breadcrumb\":{\"@id\":\"https:\/\/mivoot.com\/gt\/producto\/boton-regulador-de-intensidad-inteligente-tapo-s200b-tp-link\/#breadcrumb\"},\"inLanguage\":\"es\",\"potentialAction\":[{\"@type\":\"ReadAction\",\"target\":[\"https:\/\/mivoot.com\/gt\/producto\/boton-regulador-de-intensidad-inteligente-tapo-s200b-tp-link\/\"]}]},{\"@type\":\"ImageObject\",\"inLanguage\":\"es\",\"@id\":\"https:\/\/mivoot.com\/gt\/producto\/boton-regulador-de-intensidad-inteligente-tapo-s200b-tp-link\/#primaryimage\",\"url\":\"https:\/\/mivoot.com\/gt\/wp-content\/uploads\/2025\/12\/S200B_normal_20250115024043o.png\",\"contentUrl\":\"https:\/\/mivoot.com\/gt\/wp-content\/uploads\/2025\/12\/S200B_normal_20250115024043o.png\",\"width\":590,\"height\":590},{\"@type\":\"BreadcrumbList\",\"@id\":\"https:\/\/mivoot.com\/gt\/producto\/boton-regulador-de-intensidad-inteligente-tapo-s200b-tp-link\/#breadcrumb\",\"itemListElement\":[{\"@type\":\"ListItem\",\"position\":1,\"name\":\"Inicio\",\"item\":\"https:\/\/mivoot.com\/gt\/\"},{\"@type\":\"ListItem\",\"position\":2,\"name\":\"Productos\",\"item\":\"https:\/\/mivoot.com\/gt\/producto\/\"},{\"@type\":\"ListItem\",\"position\":3,\"name\":\"TP-Link\",\"item\":\"https:\/\/mivoot.com\/gt\/marca\/tp-link\/\"},{\"@type\":\"ListItem\",\"position\":4,\"name\":\"Bot\u00f3n \/ Regulador de Intensidad Inteligente Tapo S200B Tp-Link\"}]},{\"@type\":\"WebSite\",\"@id\":\"https:\/\/mivoot.com\/gt\/#website\",\"url\":\"https:\/\/mivoot.com\/gt\/\",\"name\":\"Mivoot\",\"description\":\"Mivoot Guatemala | Tienda Online\",\"publisher\":{\"@id\":\"https:\/\/mivoot.com\/gt\/#organization\"},\"alternateName\":\"mivoot\",\"potentialAction\":[{\"@type\":\"SearchAction\",\"target\":{\"@type\":\"EntryPoint\",\"urlTemplate\":\"https:\/\/mivoot.com\/gt\/?s={search_term_string}\"},\"query-input\":{\"@type\":\"PropertyValueSpecification\",\"valueRequired\":true,\"valueName\":\"search_term_string\"}}],\"inLanguage\":\"es\"},{\"@type\":\"Organization\",\"@id\":\"https:\/\/mivoot.com\/gt\/#organization\",\"name\":\"Mivoot Guatemala\",\"alternateName\":\"mivoot.com\",\"url\":\"https:\/\/mivoot.com\/gt\/\",\"logo\":{\"@type\":\"ImageObject\",\"inLanguage\":\"es\",\"@id\":\"https:\/\/mivoot.com\/gt\/#\/schema\/logo\/image\/\",\"url\":\"https:\/\/mivoot.com\/gt\/wp-content\/uploads\/2023\/03\/cropped-icon.png\",\"contentUrl\":\"https:\/\/mivoot.com\/gt\/wp-content\/uploads\/2023\/03\/cropped-icon.png\",\"width\":512,\"height\":512,\"caption\":\"Mivoot Guatemala\"},\"image\":{\"@id\":\"https:\/\/mivoot.com\/gt\/#\/schema\/logo\/image\/\"},\"sameAs\":[\"https:\/\/www.facebook.com\/mivootgt\",\"https:\/\/instagram.com\/mivoot\"]}]}<\/script>\n<!-- \/ Yoast SEO Premium plugin. -->","yoast_head_json":{"title":"Bot\u00f3n \/ Regulador de Intensidad Inteligente Tapo S200B Tp-Link - Mivoot","robots":{"index":"index","follow":"follow","max-snippet":"max-snippet:-1","max-image-preview":"max-image-preview:large","max-video-preview":"max-video-preview:-1"},"canonical":"https:\/\/mivoot.com\/gt\/producto\/boton-regulador-de-intensidad-inteligente-tapo-s200b-tp-link\/","og_locale":"es_ES","og_type":"article","og_title":"Bot\u00f3n \/ Regulador de Intensidad Inteligente Tapo S200B Tp-Link","og_description":"- Requisitos del Sistema: iOS 10+, Android 5.0+. - Est\u00e1ndares y Protocolos: 868Mhz \/ 922MHz - Concentrador (hub) requerido: S\u00ed - Temperatura de funcionamiento: 0~40\u00b0C - Dimensiones: \u03a643.5 x 16.9 mm - Requerimientos de energ\u00eda: Bater\u00eda CR2032","og_url":"https:\/\/mivoot.com\/gt\/producto\/boton-regulador-de-intensidad-inteligente-tapo-s200b-tp-link\/","og_site_name":"Mivoot","article_publisher":"https:\/\/www.facebook.com\/mivootgt","article_modified_time":"2025-12-12T21:23:44+00:00","og_image":[{"width":590,"height":590,"url":"https:\/\/mivoot.com\/gt\/wp-content\/uploads\/2025\/12\/S200B_normal_20250115024043o.png","type":"image\/png"}],"twitter_card":"summary_large_image","twitter_misc":{"Est. reading time":"2 minutos"},"schema":{"@context":"https:\/\/schema.org","@graph":[{"@type":"WebPage","@id":"https:\/\/mivoot.com\/gt\/producto\/boton-regulador-de-intensidad-inteligente-tapo-s200b-tp-link\/","url":"https:\/\/mivoot.com\/gt\/producto\/boton-regulador-de-intensidad-inteligente-tapo-s200b-tp-link\/","name":"Bot\u00f3n \/ Regulador de Intensidad Inteligente Tapo S200B Tp-Link - Mivoot","isPartOf":{"@id":"https:\/\/mivoot.com\/gt\/#website"},"primaryImageOfPage":{"@id":"https:\/\/mivoot.com\/gt\/producto\/boton-regulador-de-intensidad-inteligente-tapo-s200b-tp-link\/#primaryimage"},"image":{"@id":"https:\/\/mivoot.com\/gt\/producto\/boton-regulador-de-intensidad-inteligente-tapo-s200b-tp-link\/#primaryimage"},"thumbnailUrl":"https:\/\/mivoot.com\/gt\/wp-content\/uploads\/2025\/12\/S200B_normal_20250115024043o.png","datePublished":"2025-12-12T21:23:43+00:00","dateModified":"2025-12-12T21:23:44+00:00","breadcrumb":{"@id":"https:\/\/mivoot.com\/gt\/producto\/boton-regulador-de-intensidad-inteligente-tapo-s200b-tp-link\/#breadcrumb"},"inLanguage":"es","potentialAction":[{"@type":"ReadAction","target":["https:\/\/mivoot.com\/gt\/producto\/boton-regulador-de-intensidad-inteligente-tapo-s200b-tp-link\/"]}]},{"@type":"ImageObject","inLanguage":"es","@id":"https:\/\/mivoot.com\/gt\/producto\/boton-regulador-de-intensidad-inteligente-tapo-s200b-tp-link\/#primaryimage","url":"https:\/\/mivoot.com\/gt\/wp-content\/uploads\/2025\/12\/S200B_normal_20250115024043o.png","contentUrl":"https:\/\/mivoot.com\/gt\/wp-content\/uploads\/2025\/12\/S200B_normal_20250115024043o.png","width":590,"height":590},{"@type":"BreadcrumbList","@id":"https:\/\/mivoot.com\/gt\/producto\/boton-regulador-de-intensidad-inteligente-tapo-s200b-tp-link\/#breadcrumb","itemListElement":[{"@type":"ListItem","position":1,"name":"Inicio","item":"https:\/\/mivoot.com\/gt\/"},{"@type":"ListItem","position":2,"name":"Productos","item":"https:\/\/mivoot.com\/gt\/producto\/"},{"@type":"ListItem","position":3,"name":"TP-Link","item":"https:\/\/mivoot.com\/gt\/marca\/tp-link\/"},{"@type":"ListItem","position":4,"name":"Bot\u00f3n \/ Regulador de Intensidad Inteligente Tapo S200B Tp-Link"}]},{"@type":"WebSite","@id":"https:\/\/mivoot.com\/gt\/#website","url":"https:\/\/mivoot.com\/gt\/","name":"Mivoot","description":"Mivoot Guatemala | Tienda Online","publisher":{"@id":"https:\/\/mivoot.com\/gt\/#organization"},"alternateName":"mivoot","potentialAction":[{"@type":"SearchAction","target":{"@type":"EntryPoint","urlTemplate":"https:\/\/mivoot.com\/gt\/?s={search_term_string}"},"query-input":{"@type":"PropertyValueSpecification","valueRequired":true,"valueName":"search_term_string"}}],"inLanguage":"es"},{"@type":"Organization","@id":"https:\/\/mivoot.com\/gt\/#organization","name":"Mivoot Guatemala","alternateName":"mivoot.com","url":"https:\/\/mivoot.com\/gt\/","logo":{"@type":"ImageObject","inLanguage":"es","@id":"https:\/\/mivoot.com\/gt\/#\/schema\/logo\/image\/","url":"https:\/\/mivoot.com\/gt\/wp-content\/uploads\/2023\/03\/cropped-icon.png","contentUrl":"https:\/\/mivoot.com\/gt\/wp-content\/uploads\/2023\/03\/cropped-icon.png","width":512,"height":512,"caption":"Mivoot Guatemala"},"image":{"@id":"https:\/\/mivoot.com\/gt\/#\/schema\/logo\/image\/"},"sameAs":["https:\/\/www.facebook.com\/mivootgt","https:\/\/instagram.com\/mivoot"]}]}},"jetpack_publicize_connections":[],"jetpack_sharing_enabled":true,"brands":[{"id":320,"name":"TP-Link","slug":"tp-link"},{"id":458,"name":"Tp-Link Tapo","slug":"tp-link-tapo"}],"_links":{"self":[{"href":"https:\/\/mivoot.com\/gt\/wp-json\/wp\/v2\/product\/31435","targetHints":{"allow":["GET"]}}],"collection":[{"href":"https:\/\/mivoot.com\/gt\/wp-json\/wp\/v2\/product"}],"about":[{"href":"https:\/\/mivoot.com\/gt\/wp-json\/wp\/v2\/types\/product"}],"replies":[{"embeddable":true,"href":"https:\/\/mivoot.com\/gt\/wp-json\/wp\/v2\/comments?post=31435"}],"version-history":[{"count":1,"href":"https:\/\/mivoot.com\/gt\/wp-json\/wp\/v2\/product\/31435\/revisions"}],"predecessor-version":[{"id":31442,"href":"https:\/\/mivoot.com\/gt\/wp-json\/wp\/v2\/product\/31435\/revisions\/31442"}],"wp:featuredmedia":[{"embeddable":true,"href":"https:\/\/mivoot.com\/gt\/wp-json\/wp\/v2\/media\/31441"}],"wp:attachment":[{"href":"https:\/\/mivoot.com\/gt\/wp-json\/wp\/v2\/media?parent=31435"}],"wp:term":[{"taxonomy":"pwb-brand","embeddable":true,"href":"https:\/\/mivoot.com\/gt\/wp-json\/wp\/v2\/pwb-brand?post=31435"},{"taxonomy":"product_brand","embeddable":true,"href":"https:\/\/mivoot.com\/gt\/wp-json\/wp\/v2\/product_brand?post=31435"},{"taxonomy":"product_cat","embeddable":true,"href":"https:\/\/mivoot.com\/gt\/wp-json\/wp\/v2\/product_cat?post=31435"},{"taxonomy":"product_tag","embeddable":true,"href":"https:\/\/mivoot.com\/gt\/wp-json\/wp\/v2\/product_tag?post=31435"}],"curies":[{"name":"wp","href":"https:\/\/api.w.org\/{rel}","templated":true}]}}