{"id":31459,"date":"2025-12-16T13:37:47","date_gmt":"2025-12-16T19:37:47","guid":{"rendered":"https:\/\/mivoot.com\/gt\/?post_type=product&#038;p=31459"},"modified":"2025-12-16T13:37:48","modified_gmt":"2025-12-16T19:37:48","slug":"sensor-de-movimiento-inteligente-tapo-t100-tp-link","status":"publish","type":"product","link":"https:\/\/mivoot.com\/gt\/producto\/sensor-de-movimiento-inteligente-tapo-t100-tp-link\/","title":{"rendered":"Sensor de Movimiento Inteligente Tapo T100 Tp-Link"},"content":{"rendered":"<h1 style=\"text-align: center\"><span style=\"color: #000080\"><strong>Sensor de Movimiento Inteligente<\/strong><\/span><\/h1>\n<h3 style=\"text-align: center\">Automatiza tu Hogar a Cada Paso<\/h3>\n<p><img fetchpriority=\"high\" decoding=\"async\" class=\" wp-image-31460 aligncenter\" src=\"https:\/\/mivoot.com\/gt\/wp-content\/uploads\/2025\/12\/Captura-de-pantalla-2025-12-16-125756-300x113.png\" alt=\"\" width=\"1051\" height=\"396\" srcset=\"https:\/\/mivoot.com\/gt\/wp-content\/uploads\/2025\/12\/Captura-de-pantalla-2025-12-16-125756-300x113.png 300w, https:\/\/mivoot.com\/gt\/wp-content\/uploads\/2025\/12\/Captura-de-pantalla-2025-12-16-125756-768x290.png 768w, https:\/\/mivoot.com\/gt\/wp-content\/uploads\/2025\/12\/Captura-de-pantalla-2025-12-16-125756-18x7.png 18w, https:\/\/mivoot.com\/gt\/wp-content\/uploads\/2025\/12\/Captura-de-pantalla-2025-12-16-125756-600x227.png 600w, https:\/\/mivoot.com\/gt\/wp-content\/uploads\/2025\/12\/Captura-de-pantalla-2025-12-16-125756-410x155.png 410w, https:\/\/mivoot.com\/gt\/wp-content\/uploads\/2025\/12\/Captura-de-pantalla-2025-12-16-125756-64x24.png 64w, https:\/\/mivoot.com\/gt\/wp-content\/uploads\/2025\/12\/Captura-de-pantalla-2025-12-16-125756.png 1197w\" sizes=\"(max-width: 1051px) 100vw, 1051px\" \/><\/p>\n<p>&nbsp;<\/p>\n<h2>Sensibilidad Ajustable<\/h2>\n<p>El sensor detecta el movimiento a una distancia de hasta 7 metros con un campo de visi\u00f3n de 120\u00b0. La sensibilidad se puede ajustar a 3 niveles diferentes para adaptarse a tu hogar.<\/p>\n<p>&nbsp;<\/p>\n<h2 style=\"text-align: right\">Rotaci\u00f3n de 120\u00ba<\/h2>\n<p style=\"text-align: right\">Gira el sensor hasta encontrar el \u00e1ngulo ideal y ajusta la zona de detecci\u00f3n para evitar activaciones accidentales.<br \/>\nConfigura el intervalo de detecci\u00f3n de 4 a 60 segundos para detectar movimiento con una frecuencia adecuada.<\/p>\n<p>&nbsp;<\/p>\n<h2 style=\"text-align: center\">Protege tu Hogar con Alarma y Notificaciones<\/h2>\n<p style=\"text-align: center\">El sensor de movimiento puede activar la alarma del hub y te notifica tan pronto como se detecta movimiento.<br \/>\nConsulta la hora espec\u00edfica de detecci\u00f3n en el registro de eventos desde la app Tapo, est\u00e9s donde est\u00e9s.<\/p>\n<p>&nbsp;<\/p>\n<h2>Controla tus Luces con Movimiento<\/h2>\n<p>Tus luces se encienden autom\u00e1ticamente cuando pasas, sin tener que pulsar un interruptor ni decir una palabra.<br \/>\nLas luces tambi\u00e9n se apagan cuando no se detecta movimiento durante un tiempo determinado.<\/p>\n<p>&nbsp;<\/p>\n<h2 style=\"text-align: right\">Mejora la Seguridad con C\u00e1maras de Vigilancia Tapo<\/h2>\n<p style=\"text-align: right\">Cuando el sensor detecta movimiento, la c\u00e1mara de vigilancia 360\u00ba de Tapo activa el Modo Patrulla y recorre el \u00e1rea para identificar lo que est\u00e1 ocurriendo.<\/p>\n<p>&nbsp;<\/p>\n<h2 style=\"text-align: center\">Control por Movimiento con Dispositivos Agrupados<\/h2>\n<p style=\"text-align: center\">Crea una escena personalizada que te permita controlar varios dispositivos a la vez y activarlos autom\u00e1ticamente con solo detectar movimiento.<\/p>\n<p>&nbsp;<\/p>\n<h2>M\u00faltiples Opciones de Montaje<\/h2>\n<p>El sensor puede ser instalado de varias formas distintas. Directamente en una estanter\u00eda, con el adhesivo 3M incluido en paredes y techos, o con el soporte magn\u00e9tico directamente en una superficie met\u00e1lica.<\/p>\n","protected":false},"excerpt":{"rendered":"<p>&#8211; Concentrador (hub) requerido: S\u00ed<br \/>\n&#8211; Inal\u00e1mbrico: 868 MHz \/ 922 MHz<br \/>\n&#8211; \u00c1ngulo de detecci\u00f3n: 120\u00b0<br \/>\n&#8211; Distancia de detecci\u00f3n: Max 7 m<br \/>\n&#8211; Dimensiones: 42.3 x 42.3 x 34 mm<br \/>\n&#8211; Requerimientos de energ\u00eda: Bater\u00eda CR2450<\/p>\n","protected":false},"featured_media":31463,"comment_status":"open","ping_status":"closed","template":"","meta":{"jetpack_publicize_message":"","jetpack_publicize_feature_enabled":true,"jetpack_social_post_already_shared":true,"jetpack_social_options":{"image_generator_settings":{"template":"highway","default_image_id":0,"font":"","enabled":false},"version":2}},"pwb-brand":[320,458],"product_brand":[],"product_cat":[28],"product_tag":[],"class_list":{"0":"post-31459","1":"product","2":"type-product","3":"status-publish","4":"has-post-thumbnail","6":"pwb-brand-tp-link","7":"pwb-brand-tp-link-tapo","8":"product_cat-smart-home","10":"first","11":"instock","12":"taxable","13":"shipping-taxable","14":"product-type-simple"},"yoast_head":"<!-- This site is optimized with the Yoast SEO Premium plugin v25.7.1 (Yoast SEO v26.8) - https:\/\/yoast.com\/product\/yoast-seo-premium-wordpress\/ -->\n<title>Sensor de Movimiento Inteligente Tapo T100 Tp-Link - Mivoot<\/title>\n<meta name=\"robots\" content=\"index, follow, max-snippet:-1, max-image-preview:large, max-video-preview:-1\" \/>\n<link rel=\"canonical\" href=\"https:\/\/mivoot.com\/gt\/producto\/sensor-de-movimiento-inteligente-tapo-t100-tp-link\/\" \/>\n<meta property=\"og:locale\" content=\"es_ES\" \/>\n<meta property=\"og:type\" content=\"article\" \/>\n<meta property=\"og:title\" content=\"Sensor de Movimiento Inteligente Tapo T100 Tp-Link\" \/>\n<meta property=\"og:description\" content=\"- Concentrador (hub) requerido: S\u00ed - Inal\u00e1mbrico: 868 MHz \/ 922 MHz - \u00c1ngulo de detecci\u00f3n: 120\u00b0 - Distancia de detecci\u00f3n: Max 7 m - Dimensiones: 42.3 x 42.3 x 34 mm - Requerimientos de energ\u00eda: Bater\u00eda CR2450\" \/>\n<meta property=\"og:url\" content=\"https:\/\/mivoot.com\/gt\/producto\/sensor-de-movimiento-inteligente-tapo-t100-tp-link\/\" \/>\n<meta property=\"og:site_name\" content=\"Mivoot\" \/>\n<meta property=\"article:publisher\" content=\"https:\/\/www.facebook.com\/mivootgt\" \/>\n<meta property=\"article:modified_time\" content=\"2025-12-16T19:37:48+00:00\" \/>\n<meta property=\"og:image\" content=\"https:\/\/mivoot.com\/gt\/wp-content\/uploads\/2025\/12\/Tapo_T100_EU_1.2_overview_1_normal_20250115023545v.png\" \/>\n\t<meta property=\"og:image:width\" content=\"590\" \/>\n\t<meta property=\"og:image:height\" content=\"590\" \/>\n\t<meta property=\"og:image:type\" content=\"image\/png\" \/>\n<meta name=\"twitter:card\" content=\"summary_large_image\" \/>\n<meta name=\"twitter:label1\" content=\"Est. reading time\" \/>\n\t<meta name=\"twitter:data1\" content=\"2 minutos\" \/>\n<script type=\"application\/ld+json\" class=\"yoast-schema-graph\">{\"@context\":\"https:\/\/schema.org\",\"@graph\":[{\"@type\":\"WebPage\",\"@id\":\"https:\/\/mivoot.com\/gt\/producto\/sensor-de-movimiento-inteligente-tapo-t100-tp-link\/\",\"url\":\"https:\/\/mivoot.com\/gt\/producto\/sensor-de-movimiento-inteligente-tapo-t100-tp-link\/\",\"name\":\"Sensor de Movimiento Inteligente Tapo T100 Tp-Link - Mivoot\",\"isPartOf\":{\"@id\":\"https:\/\/mivoot.com\/gt\/#website\"},\"primaryImageOfPage\":{\"@id\":\"https:\/\/mivoot.com\/gt\/producto\/sensor-de-movimiento-inteligente-tapo-t100-tp-link\/#primaryimage\"},\"image\":{\"@id\":\"https:\/\/mivoot.com\/gt\/producto\/sensor-de-movimiento-inteligente-tapo-t100-tp-link\/#primaryimage\"},\"thumbnailUrl\":\"https:\/\/mivoot.com\/gt\/wp-content\/uploads\/2025\/12\/Tapo_T100_EU_1.2_overview_1_normal_20250115023545v.png\",\"datePublished\":\"2025-12-16T19:37:47+00:00\",\"dateModified\":\"2025-12-16T19:37:48+00:00\",\"breadcrumb\":{\"@id\":\"https:\/\/mivoot.com\/gt\/producto\/sensor-de-movimiento-inteligente-tapo-t100-tp-link\/#breadcrumb\"},\"inLanguage\":\"es\",\"potentialAction\":[{\"@type\":\"ReadAction\",\"target\":[\"https:\/\/mivoot.com\/gt\/producto\/sensor-de-movimiento-inteligente-tapo-t100-tp-link\/\"]}]},{\"@type\":\"ImageObject\",\"inLanguage\":\"es\",\"@id\":\"https:\/\/mivoot.com\/gt\/producto\/sensor-de-movimiento-inteligente-tapo-t100-tp-link\/#primaryimage\",\"url\":\"https:\/\/mivoot.com\/gt\/wp-content\/uploads\/2025\/12\/Tapo_T100_EU_1.2_overview_1_normal_20250115023545v.png\",\"contentUrl\":\"https:\/\/mivoot.com\/gt\/wp-content\/uploads\/2025\/12\/Tapo_T100_EU_1.2_overview_1_normal_20250115023545v.png\",\"width\":590,\"height\":590},{\"@type\":\"BreadcrumbList\",\"@id\":\"https:\/\/mivoot.com\/gt\/producto\/sensor-de-movimiento-inteligente-tapo-t100-tp-link\/#breadcrumb\",\"itemListElement\":[{\"@type\":\"ListItem\",\"position\":1,\"name\":\"Inicio\",\"item\":\"https:\/\/mivoot.com\/gt\/\"},{\"@type\":\"ListItem\",\"position\":2,\"name\":\"Productos\",\"item\":\"https:\/\/mivoot.com\/gt\/producto\/\"},{\"@type\":\"ListItem\",\"position\":3,\"name\":\"TP-Link\",\"item\":\"https:\/\/mivoot.com\/gt\/marca\/tp-link\/\"},{\"@type\":\"ListItem\",\"position\":4,\"name\":\"Sensor de Movimiento Inteligente Tapo T100 Tp-Link\"}]},{\"@type\":\"WebSite\",\"@id\":\"https:\/\/mivoot.com\/gt\/#website\",\"url\":\"https:\/\/mivoot.com\/gt\/\",\"name\":\"Mivoot\",\"description\":\"Mivoot Guatemala | Tienda Online\",\"publisher\":{\"@id\":\"https:\/\/mivoot.com\/gt\/#organization\"},\"alternateName\":\"mivoot\",\"potentialAction\":[{\"@type\":\"SearchAction\",\"target\":{\"@type\":\"EntryPoint\",\"urlTemplate\":\"https:\/\/mivoot.com\/gt\/?s={search_term_string}\"},\"query-input\":{\"@type\":\"PropertyValueSpecification\",\"valueRequired\":true,\"valueName\":\"search_term_string\"}}],\"inLanguage\":\"es\"},{\"@type\":\"Organization\",\"@id\":\"https:\/\/mivoot.com\/gt\/#organization\",\"name\":\"Mivoot Guatemala\",\"alternateName\":\"mivoot.com\",\"url\":\"https:\/\/mivoot.com\/gt\/\",\"logo\":{\"@type\":\"ImageObject\",\"inLanguage\":\"es\",\"@id\":\"https:\/\/mivoot.com\/gt\/#\/schema\/logo\/image\/\",\"url\":\"https:\/\/mivoot.com\/gt\/wp-content\/uploads\/2023\/03\/cropped-icon.png\",\"contentUrl\":\"https:\/\/mivoot.com\/gt\/wp-content\/uploads\/2023\/03\/cropped-icon.png\",\"width\":512,\"height\":512,\"caption\":\"Mivoot Guatemala\"},\"image\":{\"@id\":\"https:\/\/mivoot.com\/gt\/#\/schema\/logo\/image\/\"},\"sameAs\":[\"https:\/\/www.facebook.com\/mivootgt\",\"https:\/\/instagram.com\/mivoot\"]}]}<\/script>\n<!-- \/ Yoast SEO Premium plugin. -->","yoast_head_json":{"title":"Sensor de Movimiento Inteligente Tapo T100 Tp-Link - Mivoot","robots":{"index":"index","follow":"follow","max-snippet":"max-snippet:-1","max-image-preview":"max-image-preview:large","max-video-preview":"max-video-preview:-1"},"canonical":"https:\/\/mivoot.com\/gt\/producto\/sensor-de-movimiento-inteligente-tapo-t100-tp-link\/","og_locale":"es_ES","og_type":"article","og_title":"Sensor de Movimiento Inteligente Tapo T100 Tp-Link","og_description":"- Concentrador (hub) requerido: S\u00ed - Inal\u00e1mbrico: 868 MHz \/ 922 MHz - \u00c1ngulo de detecci\u00f3n: 120\u00b0 - Distancia de detecci\u00f3n: Max 7 m - Dimensiones: 42.3 x 42.3 x 34 mm - Requerimientos de energ\u00eda: Bater\u00eda CR2450","og_url":"https:\/\/mivoot.com\/gt\/producto\/sensor-de-movimiento-inteligente-tapo-t100-tp-link\/","og_site_name":"Mivoot","article_publisher":"https:\/\/www.facebook.com\/mivootgt","article_modified_time":"2025-12-16T19:37:48+00:00","og_image":[{"width":590,"height":590,"url":"https:\/\/mivoot.com\/gt\/wp-content\/uploads\/2025\/12\/Tapo_T100_EU_1.2_overview_1_normal_20250115023545v.png","type":"image\/png"}],"twitter_card":"summary_large_image","twitter_misc":{"Est. reading time":"2 minutos"},"schema":{"@context":"https:\/\/schema.org","@graph":[{"@type":"WebPage","@id":"https:\/\/mivoot.com\/gt\/producto\/sensor-de-movimiento-inteligente-tapo-t100-tp-link\/","url":"https:\/\/mivoot.com\/gt\/producto\/sensor-de-movimiento-inteligente-tapo-t100-tp-link\/","name":"Sensor de Movimiento Inteligente Tapo T100 Tp-Link - Mivoot","isPartOf":{"@id":"https:\/\/mivoot.com\/gt\/#website"},"primaryImageOfPage":{"@id":"https:\/\/mivoot.com\/gt\/producto\/sensor-de-movimiento-inteligente-tapo-t100-tp-link\/#primaryimage"},"image":{"@id":"https:\/\/mivoot.com\/gt\/producto\/sensor-de-movimiento-inteligente-tapo-t100-tp-link\/#primaryimage"},"thumbnailUrl":"https:\/\/mivoot.com\/gt\/wp-content\/uploads\/2025\/12\/Tapo_T100_EU_1.2_overview_1_normal_20250115023545v.png","datePublished":"2025-12-16T19:37:47+00:00","dateModified":"2025-12-16T19:37:48+00:00","breadcrumb":{"@id":"https:\/\/mivoot.com\/gt\/producto\/sensor-de-movimiento-inteligente-tapo-t100-tp-link\/#breadcrumb"},"inLanguage":"es","potentialAction":[{"@type":"ReadAction","target":["https:\/\/mivoot.com\/gt\/producto\/sensor-de-movimiento-inteligente-tapo-t100-tp-link\/"]}]},{"@type":"ImageObject","inLanguage":"es","@id":"https:\/\/mivoot.com\/gt\/producto\/sensor-de-movimiento-inteligente-tapo-t100-tp-link\/#primaryimage","url":"https:\/\/mivoot.com\/gt\/wp-content\/uploads\/2025\/12\/Tapo_T100_EU_1.2_overview_1_normal_20250115023545v.png","contentUrl":"https:\/\/mivoot.com\/gt\/wp-content\/uploads\/2025\/12\/Tapo_T100_EU_1.2_overview_1_normal_20250115023545v.png","width":590,"height":590},{"@type":"BreadcrumbList","@id":"https:\/\/mivoot.com\/gt\/producto\/sensor-de-movimiento-inteligente-tapo-t100-tp-link\/#breadcrumb","itemListElement":[{"@type":"ListItem","position":1,"name":"Inicio","item":"https:\/\/mivoot.com\/gt\/"},{"@type":"ListItem","position":2,"name":"Productos","item":"https:\/\/mivoot.com\/gt\/producto\/"},{"@type":"ListItem","position":3,"name":"TP-Link","item":"https:\/\/mivoot.com\/gt\/marca\/tp-link\/"},{"@type":"ListItem","position":4,"name":"Sensor de Movimiento Inteligente Tapo T100 Tp-Link"}]},{"@type":"WebSite","@id":"https:\/\/mivoot.com\/gt\/#website","url":"https:\/\/mivoot.com\/gt\/","name":"Mivoot","description":"Mivoot Guatemala | Tienda Online","publisher":{"@id":"https:\/\/mivoot.com\/gt\/#organization"},"alternateName":"mivoot","potentialAction":[{"@type":"SearchAction","target":{"@type":"EntryPoint","urlTemplate":"https:\/\/mivoot.com\/gt\/?s={search_term_string}"},"query-input":{"@type":"PropertyValueSpecification","valueRequired":true,"valueName":"search_term_string"}}],"inLanguage":"es"},{"@type":"Organization","@id":"https:\/\/mivoot.com\/gt\/#organization","name":"Mivoot Guatemala","alternateName":"mivoot.com","url":"https:\/\/mivoot.com\/gt\/","logo":{"@type":"ImageObject","inLanguage":"es","@id":"https:\/\/mivoot.com\/gt\/#\/schema\/logo\/image\/","url":"https:\/\/mivoot.com\/gt\/wp-content\/uploads\/2023\/03\/cropped-icon.png","contentUrl":"https:\/\/mivoot.com\/gt\/wp-content\/uploads\/2023\/03\/cropped-icon.png","width":512,"height":512,"caption":"Mivoot Guatemala"},"image":{"@id":"https:\/\/mivoot.com\/gt\/#\/schema\/logo\/image\/"},"sameAs":["https:\/\/www.facebook.com\/mivootgt","https:\/\/instagram.com\/mivoot"]}]}},"jetpack_publicize_connections":[],"jetpack_sharing_enabled":true,"brands":[{"id":320,"name":"TP-Link","slug":"tp-link"},{"id":458,"name":"Tp-Link Tapo","slug":"tp-link-tapo"}],"_links":{"self":[{"href":"https:\/\/mivoot.com\/gt\/wp-json\/wp\/v2\/product\/31459","targetHints":{"allow":["GET"]}}],"collection":[{"href":"https:\/\/mivoot.com\/gt\/wp-json\/wp\/v2\/product"}],"about":[{"href":"https:\/\/mivoot.com\/gt\/wp-json\/wp\/v2\/types\/product"}],"replies":[{"embeddable":true,"href":"https:\/\/mivoot.com\/gt\/wp-json\/wp\/v2\/comments?post=31459"}],"version-history":[{"count":1,"href":"https:\/\/mivoot.com\/gt\/wp-json\/wp\/v2\/product\/31459\/revisions"}],"predecessor-version":[{"id":31464,"href":"https:\/\/mivoot.com\/gt\/wp-json\/wp\/v2\/product\/31459\/revisions\/31464"}],"wp:featuredmedia":[{"embeddable":true,"href":"https:\/\/mivoot.com\/gt\/wp-json\/wp\/v2\/media\/31463"}],"wp:attachment":[{"href":"https:\/\/mivoot.com\/gt\/wp-json\/wp\/v2\/media?parent=31459"}],"wp:term":[{"taxonomy":"pwb-brand","embeddable":true,"href":"https:\/\/mivoot.com\/gt\/wp-json\/wp\/v2\/pwb-brand?post=31459"},{"taxonomy":"product_brand","embeddable":true,"href":"https:\/\/mivoot.com\/gt\/wp-json\/wp\/v2\/product_brand?post=31459"},{"taxonomy":"product_cat","embeddable":true,"href":"https:\/\/mivoot.com\/gt\/wp-json\/wp\/v2\/product_cat?post=31459"},{"taxonomy":"product_tag","embeddable":true,"href":"https:\/\/mivoot.com\/gt\/wp-json\/wp\/v2\/product_tag?post=31459"}],"curies":[{"name":"wp","href":"https:\/\/api.w.org\/{rel}","templated":true}]}}