{"id":31493,"date":"2025-12-17T12:12:57","date_gmt":"2025-12-17T18:12:57","guid":{"rendered":"https:\/\/mivoot.com\/gt\/?post_type=product&#038;p=31493"},"modified":"2025-12-17T12:12:58","modified_gmt":"2025-12-17T18:12:58","slug":"conmutador-inteligente-jetstream-gigabit-de-8-puertos-con-4-puertos-poe-tl-sg2008p-tp-link","status":"publish","type":"product","link":"https:\/\/mivoot.com\/gt\/producto\/conmutador-inteligente-jetstream-gigabit-de-8-puertos-con-4-puertos-poe-tl-sg2008p-tp-link\/","title":{"rendered":"Conmutador inteligente JetStream Gigabit de 8 puertos con 4 puertos PoE+ TL-SG2008P Tp-Link"},"content":{"rendered":"<h1 style=\"text-align: center\"><span style=\"color: #00ccff\"><strong>Conmutaci\u00f3n m\u00e1s inteligente para resultados m\u00e1s inteligentes<\/strong><\/span><\/h1>\n<p style=\"text-align: center\">Conmutador inteligente Gigabit de 8 puertos JetStream con PoE+ de 4 puerto<\/p>\n<p>&nbsp;<\/p>\n<p><img fetchpriority=\"high\" decoding=\"async\" class=\" wp-image-31494 aligncenter\" src=\"https:\/\/mivoot.com\/gt\/wp-content\/uploads\/2025\/12\/Captura-de-pantalla-2025-12-17-120522-300x44.png\" alt=\"\" width=\"1125\" height=\"165\" srcset=\"https:\/\/mivoot.com\/gt\/wp-content\/uploads\/2025\/12\/Captura-de-pantalla-2025-12-17-120522-300x44.png 300w, https:\/\/mivoot.com\/gt\/wp-content\/uploads\/2025\/12\/Captura-de-pantalla-2025-12-17-120522-768x112.png 768w, https:\/\/mivoot.com\/gt\/wp-content\/uploads\/2025\/12\/Captura-de-pantalla-2025-12-17-120522-18x3.png 18w, https:\/\/mivoot.com\/gt\/wp-content\/uploads\/2025\/12\/Captura-de-pantalla-2025-12-17-120522-600x88.png 600w, https:\/\/mivoot.com\/gt\/wp-content\/uploads\/2025\/12\/Captura-de-pantalla-2025-12-17-120522-410x60.png 410w, https:\/\/mivoot.com\/gt\/wp-content\/uploads\/2025\/12\/Captura-de-pantalla-2025-12-17-120522-64x9.png 64w, https:\/\/mivoot.com\/gt\/wp-content\/uploads\/2025\/12\/Captura-de-pantalla-2025-12-17-120522.png 1421w\" sizes=\"(max-width: 1125px) 100vw, 1125px\" \/><\/p>\n<p>&nbsp;<\/p>\n<h2 style=\"text-align: center\">M\u00faltiples escenarios de aplicaci\u00f3n<\/h2>\n<p style=\"text-align: center\">El TL-SG2008P es totalmente compatible con dispositivos PoE, como c\u00e1maras IP, puntos de acceso y tel\u00e9fonos IP. Tambi\u00e9n funciona con dispositivos cableados sin PoE para proporcionar conexiones gigabit, como PC, impresoras e IPTV.<\/p>\n<p>&nbsp;<\/p>\n<p><img decoding=\"async\" class=\" wp-image-31495 aligncenter\" src=\"https:\/\/mivoot.com\/gt\/wp-content\/uploads\/2025\/12\/Captura-de-pantalla-2025-12-17-120707-300x38.png\" alt=\"\" width=\"1051\" height=\"133\" srcset=\"https:\/\/mivoot.com\/gt\/wp-content\/uploads\/2025\/12\/Captura-de-pantalla-2025-12-17-120707-300x38.png 300w, https:\/\/mivoot.com\/gt\/wp-content\/uploads\/2025\/12\/Captura-de-pantalla-2025-12-17-120707-768x98.png 768w, https:\/\/mivoot.com\/gt\/wp-content\/uploads\/2025\/12\/Captura-de-pantalla-2025-12-17-120707-18x2.png 18w, https:\/\/mivoot.com\/gt\/wp-content\/uploads\/2025\/12\/Captura-de-pantalla-2025-12-17-120707-600x77.png 600w, https:\/\/mivoot.com\/gt\/wp-content\/uploads\/2025\/12\/Captura-de-pantalla-2025-12-17-120707-410x53.png 410w, https:\/\/mivoot.com\/gt\/wp-content\/uploads\/2025\/12\/Captura-de-pantalla-2025-12-17-120707-64x8.png 64w\" sizes=\"(max-width: 1051px) 100vw, 1051px\" \/><\/p>\n<p>&nbsp;<\/p>\n<h2>Alimentaci\u00f3n a trav\u00e9s de Ethernet para una implementaci\u00f3n de red simplificada<\/h2>\n<p>Cuenta con cuatro puertos PoE+ compatibles con 802.3af\/at, el conmutador admite una potencia\u00a0de energ\u00eda PoE total de hasta 62 W.<a class=\"tp-ada-note-link\" href=\"https:\/\/www.tp-link.com\/es\/business-networking\/unmanaged-switch\/tl-sg2008p\/#footnote-1\" aria-label=\"Footnote 1\">*<\/a>\u00a0Dise\u00f1ado para usar un solo cable Ethernet para transmisi\u00f3n de datos y energ\u00eda, ofrece una implementaci\u00f3n flexible para dispositivos compatibles con PoE, como acceso inal\u00e1mbrico puntos, c\u00e1maras IP y tel\u00e9fonos IP, lo que reduce los costos de infraestructura para las peque\u00f1as empresas.<\/p>\n<p>&nbsp;<\/p>\n<h3 style=\"text-align: center\">Lista de control de acceso (ACL)<\/h3>\n<p style=\"text-align: center\">ACL sirve como administrador virtual, lo que permite que todos los dispositivos conectados obtengan datos de acuerdo con las reglas de red definidas por el usuario y lo ayuda a crear las regulaciones de red que necesita.<\/p>\n<p>&nbsp;<\/p>\n<h3 style=\"text-align: right\">QoS para una experiencia sin retrasos<\/h3>\n<p style=\"text-align: right\">Designe la prioridad del tr\u00e1fico en funci\u00f3n de QoS, asegurando que las aplicaciones sensibles a la latencia, como voz y video, permanezcan claras y sin retrasos.<\/p>\n<p>&nbsp;<\/p>\n<h3 style=\"text-align: center\">VLAN para seguridad<\/h3>\n<p style=\"text-align: center\">Utilice VLAN para lograr la gesti\u00f3n de agrupaci\u00f3n l\u00f3gica de dispositivos en diferentes LAN f\u00edsicas, mejorar la seguridad de la informaci\u00f3n y reducir la congesti\u00f3n de datos.<\/p>\n<p>&nbsp;<\/p>\n<h2 class=\"regular\">Omada SDN: soluci\u00f3n en la nube m\u00e1s inteligente para redes empresariales<\/h2>\n<p>La plataforma de redes definidas por software (SDN) de Omada integra dispositivos de red, incluidos puntos de acceso, conmutadores y puertas de enlace, lo que garantiza una red comercial poderosa con mayor eficiencia, mayor seguridad y mayor confiabilidad.<\/p>\n<p style=\"text-align: center\">\n<h2 class=\"m-regular\" style=\"text-align: center\">F\u00e1cil gesti\u00f3n con la aplicaci\u00f3n Omada<\/h2>\n<p class=\"desc\" style=\"text-align: center\">Siga las instrucciones de configuraci\u00f3n en la aplicaci\u00f3n gratuita Omada para configurarlo en minutos. Omada le permite configurar ajustes, monitorear el estado de la red y administrar clientes, todo desde la comodidad de un tel\u00e9fono inteligente o tableta.<\/p>\n<p>&nbsp;<\/p>\n<p style=\"text-align: center\">\n","protected":false},"excerpt":{"rendered":"<p>&#8211; 4 puertos PoE+ compatibles con 802.3at \/ af con una fuente de alimentaci\u00f3n total de 62 W.<br \/>\n&#8211; 4 puertos Gigabit PoE+ y 4 puertos Gigabit no PoE proporcionan conexiones de alta velocidad.<br \/>\n&#8211; Administraci\u00f3n centralizada en la nube y monitoreo inteligente.<br \/>\n&#8211; Acceso a la nube y aplicaci\u00f3n Omada para una m\u00e1xima comodidad y una gesti\u00f3n sencilla.<br \/>\n&#8211; Enlace de puerto IP-MAC, ACL, seguridad de puerto, defensa DoS, control de tormentas, indagaci\u00f3n DHCP, 802.1X, autenticaci\u00f3n Radius y m\u00e1s.<br \/>\n&#8211; QoS L2 \/ L3 \/ L4 e IGMP snooping.<\/p>\n","protected":false},"featured_media":31498,"comment_status":"open","ping_status":"closed","template":"","meta":{"jetpack_publicize_message":"","jetpack_publicize_feature_enabled":true,"jetpack_social_post_already_shared":true,"jetpack_social_options":{"image_generator_settings":{"template":"highway","default_image_id":0,"font":"","enabled":false},"version":2}},"pwb-brand":[320],"product_brand":[],"product_cat":[331,515],"product_tag":[],"class_list":{"0":"post-31493","1":"product","2":"type-product","3":"status-publish","4":"has-post-thumbnail","6":"pwb-brand-tp-link","7":"product_cat-redes-y-conexiones","8":"product_cat-redes-y-switch","10":"first","11":"instock","12":"taxable","13":"shipping-taxable","14":"product-type-simple"},"yoast_head":"<!-- This site is optimized with the Yoast SEO Premium plugin v25.7.1 (Yoast SEO v26.8) - https:\/\/yoast.com\/product\/yoast-seo-premium-wordpress\/ -->\n<title>Conmutador inteligente JetStream Gigabit de 8 puertos con 4 puertos PoE+ TL-SG2008P Tp-Link - Mivoot<\/title>\n<meta name=\"robots\" content=\"index, follow, max-snippet:-1, max-image-preview:large, max-video-preview:-1\" \/>\n<link rel=\"canonical\" href=\"https:\/\/mivoot.com\/gt\/producto\/conmutador-inteligente-jetstream-gigabit-de-8-puertos-con-4-puertos-poe-tl-sg2008p-tp-link\/\" \/>\n<meta property=\"og:locale\" content=\"es_ES\" \/>\n<meta property=\"og:type\" content=\"article\" \/>\n<meta property=\"og:title\" content=\"Conmutador inteligente JetStream Gigabit de 8 puertos con 4 puertos PoE+ TL-SG2008P Tp-Link\" \/>\n<meta property=\"og:description\" content=\"- 4 puertos PoE+ compatibles con 802.3at \/ af con una fuente de alimentaci\u00f3n total de 62 W. - 4 puertos Gigabit PoE+ y 4 puertos Gigabit no PoE proporcionan conexiones de alta velocidad. - Administraci\u00f3n centralizada en la nube y monitoreo inteligente. - Acceso a la nube y aplicaci\u00f3n Omada para una m\u00e1xima comodidad y una gesti\u00f3n sencilla. - Enlace de puerto IP-MAC, ACL, seguridad de puerto, defensa DoS, control de tormentas, indagaci\u00f3n DHCP, 802.1X, autenticaci\u00f3n Radius y m\u00e1s. - QoS L2 \/ L3 \/ L4 e IGMP snooping.\" \/>\n<meta property=\"og:url\" content=\"https:\/\/mivoot.com\/gt\/producto\/conmutador-inteligente-jetstream-gigabit-de-8-puertos-con-4-puertos-poe-tl-sg2008p-tp-link\/\" \/>\n<meta property=\"og:site_name\" content=\"Mivoot\" \/>\n<meta property=\"article:publisher\" content=\"https:\/\/www.facebook.com\/mivootgt\" \/>\n<meta property=\"article:modified_time\" content=\"2025-12-17T18:12:58+00:00\" \/>\n<meta property=\"og:image\" content=\"https:\/\/mivoot.com\/gt\/wp-content\/uploads\/2025\/12\/TL-SG2008PUN1.0_01_normal_1594869482015x.jpg\" \/>\n\t<meta property=\"og:image:width\" content=\"590\" \/>\n\t<meta property=\"og:image:height\" content=\"590\" \/>\n\t<meta property=\"og:image:type\" content=\"image\/jpeg\" \/>\n<meta name=\"twitter:card\" content=\"summary_large_image\" \/>\n<meta name=\"twitter:label1\" content=\"Est. reading time\" \/>\n\t<meta name=\"twitter:data1\" content=\"3 minutos\" \/>\n<script type=\"application\/ld+json\" class=\"yoast-schema-graph\">{\"@context\":\"https:\/\/schema.org\",\"@graph\":[{\"@type\":\"WebPage\",\"@id\":\"https:\/\/mivoot.com\/gt\/producto\/conmutador-inteligente-jetstream-gigabit-de-8-puertos-con-4-puertos-poe-tl-sg2008p-tp-link\/\",\"url\":\"https:\/\/mivoot.com\/gt\/producto\/conmutador-inteligente-jetstream-gigabit-de-8-puertos-con-4-puertos-poe-tl-sg2008p-tp-link\/\",\"name\":\"Conmutador inteligente JetStream Gigabit de 8 puertos con 4 puertos PoE+ TL-SG2008P Tp-Link - Mivoot\",\"isPartOf\":{\"@id\":\"https:\/\/mivoot.com\/gt\/#website\"},\"primaryImageOfPage\":{\"@id\":\"https:\/\/mivoot.com\/gt\/producto\/conmutador-inteligente-jetstream-gigabit-de-8-puertos-con-4-puertos-poe-tl-sg2008p-tp-link\/#primaryimage\"},\"image\":{\"@id\":\"https:\/\/mivoot.com\/gt\/producto\/conmutador-inteligente-jetstream-gigabit-de-8-puertos-con-4-puertos-poe-tl-sg2008p-tp-link\/#primaryimage\"},\"thumbnailUrl\":\"https:\/\/mivoot.com\/gt\/wp-content\/uploads\/2025\/12\/TL-SG2008PUN1.0_01_normal_1594869482015x.jpg\",\"datePublished\":\"2025-12-17T18:12:57+00:00\",\"dateModified\":\"2025-12-17T18:12:58+00:00\",\"breadcrumb\":{\"@id\":\"https:\/\/mivoot.com\/gt\/producto\/conmutador-inteligente-jetstream-gigabit-de-8-puertos-con-4-puertos-poe-tl-sg2008p-tp-link\/#breadcrumb\"},\"inLanguage\":\"es\",\"potentialAction\":[{\"@type\":\"ReadAction\",\"target\":[\"https:\/\/mivoot.com\/gt\/producto\/conmutador-inteligente-jetstream-gigabit-de-8-puertos-con-4-puertos-poe-tl-sg2008p-tp-link\/\"]}]},{\"@type\":\"ImageObject\",\"inLanguage\":\"es\",\"@id\":\"https:\/\/mivoot.com\/gt\/producto\/conmutador-inteligente-jetstream-gigabit-de-8-puertos-con-4-puertos-poe-tl-sg2008p-tp-link\/#primaryimage\",\"url\":\"https:\/\/mivoot.com\/gt\/wp-content\/uploads\/2025\/12\/TL-SG2008PUN1.0_01_normal_1594869482015x.jpg\",\"contentUrl\":\"https:\/\/mivoot.com\/gt\/wp-content\/uploads\/2025\/12\/TL-SG2008PUN1.0_01_normal_1594869482015x.jpg\",\"width\":590,\"height\":590},{\"@type\":\"BreadcrumbList\",\"@id\":\"https:\/\/mivoot.com\/gt\/producto\/conmutador-inteligente-jetstream-gigabit-de-8-puertos-con-4-puertos-poe-tl-sg2008p-tp-link\/#breadcrumb\",\"itemListElement\":[{\"@type\":\"ListItem\",\"position\":1,\"name\":\"Inicio\",\"item\":\"https:\/\/mivoot.com\/gt\/\"},{\"@type\":\"ListItem\",\"position\":2,\"name\":\"Productos\",\"item\":\"https:\/\/mivoot.com\/gt\/producto\/\"},{\"@type\":\"ListItem\",\"position\":3,\"name\":\"TP-Link\",\"item\":\"https:\/\/mivoot.com\/gt\/marca\/tp-link\/\"},{\"@type\":\"ListItem\",\"position\":4,\"name\":\"Conmutador inteligente JetStream Gigabit de 8 puertos con 4 puertos PoE+ TL-SG2008P Tp-Link\"}]},{\"@type\":\"WebSite\",\"@id\":\"https:\/\/mivoot.com\/gt\/#website\",\"url\":\"https:\/\/mivoot.com\/gt\/\",\"name\":\"Mivoot\",\"description\":\"Mivoot Guatemala | Tienda Online\",\"publisher\":{\"@id\":\"https:\/\/mivoot.com\/gt\/#organization\"},\"alternateName\":\"mivoot\",\"potentialAction\":[{\"@type\":\"SearchAction\",\"target\":{\"@type\":\"EntryPoint\",\"urlTemplate\":\"https:\/\/mivoot.com\/gt\/?s={search_term_string}\"},\"query-input\":{\"@type\":\"PropertyValueSpecification\",\"valueRequired\":true,\"valueName\":\"search_term_string\"}}],\"inLanguage\":\"es\"},{\"@type\":\"Organization\",\"@id\":\"https:\/\/mivoot.com\/gt\/#organization\",\"name\":\"Mivoot Guatemala\",\"alternateName\":\"mivoot.com\",\"url\":\"https:\/\/mivoot.com\/gt\/\",\"logo\":{\"@type\":\"ImageObject\",\"inLanguage\":\"es\",\"@id\":\"https:\/\/mivoot.com\/gt\/#\/schema\/logo\/image\/\",\"url\":\"https:\/\/mivoot.com\/gt\/wp-content\/uploads\/2023\/03\/cropped-icon.png\",\"contentUrl\":\"https:\/\/mivoot.com\/gt\/wp-content\/uploads\/2023\/03\/cropped-icon.png\",\"width\":512,\"height\":512,\"caption\":\"Mivoot Guatemala\"},\"image\":{\"@id\":\"https:\/\/mivoot.com\/gt\/#\/schema\/logo\/image\/\"},\"sameAs\":[\"https:\/\/www.facebook.com\/mivootgt\",\"https:\/\/instagram.com\/mivoot\"]}]}<\/script>\n<!-- \/ Yoast SEO Premium plugin. -->","yoast_head_json":{"title":"Conmutador inteligente JetStream Gigabit de 8 puertos con 4 puertos PoE+ TL-SG2008P Tp-Link - Mivoot","robots":{"index":"index","follow":"follow","max-snippet":"max-snippet:-1","max-image-preview":"max-image-preview:large","max-video-preview":"max-video-preview:-1"},"canonical":"https:\/\/mivoot.com\/gt\/producto\/conmutador-inteligente-jetstream-gigabit-de-8-puertos-con-4-puertos-poe-tl-sg2008p-tp-link\/","og_locale":"es_ES","og_type":"article","og_title":"Conmutador inteligente JetStream Gigabit de 8 puertos con 4 puertos PoE+ TL-SG2008P Tp-Link","og_description":"- 4 puertos PoE+ compatibles con 802.3at \/ af con una fuente de alimentaci\u00f3n total de 62 W. - 4 puertos Gigabit PoE+ y 4 puertos Gigabit no PoE proporcionan conexiones de alta velocidad. - Administraci\u00f3n centralizada en la nube y monitoreo inteligente. - Acceso a la nube y aplicaci\u00f3n Omada para una m\u00e1xima comodidad y una gesti\u00f3n sencilla. - Enlace de puerto IP-MAC, ACL, seguridad de puerto, defensa DoS, control de tormentas, indagaci\u00f3n DHCP, 802.1X, autenticaci\u00f3n Radius y m\u00e1s. - QoS L2 \/ L3 \/ L4 e IGMP snooping.","og_url":"https:\/\/mivoot.com\/gt\/producto\/conmutador-inteligente-jetstream-gigabit-de-8-puertos-con-4-puertos-poe-tl-sg2008p-tp-link\/","og_site_name":"Mivoot","article_publisher":"https:\/\/www.facebook.com\/mivootgt","article_modified_time":"2025-12-17T18:12:58+00:00","og_image":[{"width":590,"height":590,"url":"https:\/\/mivoot.com\/gt\/wp-content\/uploads\/2025\/12\/TL-SG2008PUN1.0_01_normal_1594869482015x.jpg","type":"image\/jpeg"}],"twitter_card":"summary_large_image","twitter_misc":{"Est. reading time":"3 minutos"},"schema":{"@context":"https:\/\/schema.org","@graph":[{"@type":"WebPage","@id":"https:\/\/mivoot.com\/gt\/producto\/conmutador-inteligente-jetstream-gigabit-de-8-puertos-con-4-puertos-poe-tl-sg2008p-tp-link\/","url":"https:\/\/mivoot.com\/gt\/producto\/conmutador-inteligente-jetstream-gigabit-de-8-puertos-con-4-puertos-poe-tl-sg2008p-tp-link\/","name":"Conmutador inteligente JetStream Gigabit de 8 puertos con 4 puertos PoE+ TL-SG2008P Tp-Link - Mivoot","isPartOf":{"@id":"https:\/\/mivoot.com\/gt\/#website"},"primaryImageOfPage":{"@id":"https:\/\/mivoot.com\/gt\/producto\/conmutador-inteligente-jetstream-gigabit-de-8-puertos-con-4-puertos-poe-tl-sg2008p-tp-link\/#primaryimage"},"image":{"@id":"https:\/\/mivoot.com\/gt\/producto\/conmutador-inteligente-jetstream-gigabit-de-8-puertos-con-4-puertos-poe-tl-sg2008p-tp-link\/#primaryimage"},"thumbnailUrl":"https:\/\/mivoot.com\/gt\/wp-content\/uploads\/2025\/12\/TL-SG2008PUN1.0_01_normal_1594869482015x.jpg","datePublished":"2025-12-17T18:12:57+00:00","dateModified":"2025-12-17T18:12:58+00:00","breadcrumb":{"@id":"https:\/\/mivoot.com\/gt\/producto\/conmutador-inteligente-jetstream-gigabit-de-8-puertos-con-4-puertos-poe-tl-sg2008p-tp-link\/#breadcrumb"},"inLanguage":"es","potentialAction":[{"@type":"ReadAction","target":["https:\/\/mivoot.com\/gt\/producto\/conmutador-inteligente-jetstream-gigabit-de-8-puertos-con-4-puertos-poe-tl-sg2008p-tp-link\/"]}]},{"@type":"ImageObject","inLanguage":"es","@id":"https:\/\/mivoot.com\/gt\/producto\/conmutador-inteligente-jetstream-gigabit-de-8-puertos-con-4-puertos-poe-tl-sg2008p-tp-link\/#primaryimage","url":"https:\/\/mivoot.com\/gt\/wp-content\/uploads\/2025\/12\/TL-SG2008PUN1.0_01_normal_1594869482015x.jpg","contentUrl":"https:\/\/mivoot.com\/gt\/wp-content\/uploads\/2025\/12\/TL-SG2008PUN1.0_01_normal_1594869482015x.jpg","width":590,"height":590},{"@type":"BreadcrumbList","@id":"https:\/\/mivoot.com\/gt\/producto\/conmutador-inteligente-jetstream-gigabit-de-8-puertos-con-4-puertos-poe-tl-sg2008p-tp-link\/#breadcrumb","itemListElement":[{"@type":"ListItem","position":1,"name":"Inicio","item":"https:\/\/mivoot.com\/gt\/"},{"@type":"ListItem","position":2,"name":"Productos","item":"https:\/\/mivoot.com\/gt\/producto\/"},{"@type":"ListItem","position":3,"name":"TP-Link","item":"https:\/\/mivoot.com\/gt\/marca\/tp-link\/"},{"@type":"ListItem","position":4,"name":"Conmutador inteligente JetStream Gigabit de 8 puertos con 4 puertos PoE+ TL-SG2008P Tp-Link"}]},{"@type":"WebSite","@id":"https:\/\/mivoot.com\/gt\/#website","url":"https:\/\/mivoot.com\/gt\/","name":"Mivoot","description":"Mivoot Guatemala | Tienda Online","publisher":{"@id":"https:\/\/mivoot.com\/gt\/#organization"},"alternateName":"mivoot","potentialAction":[{"@type":"SearchAction","target":{"@type":"EntryPoint","urlTemplate":"https:\/\/mivoot.com\/gt\/?s={search_term_string}"},"query-input":{"@type":"PropertyValueSpecification","valueRequired":true,"valueName":"search_term_string"}}],"inLanguage":"es"},{"@type":"Organization","@id":"https:\/\/mivoot.com\/gt\/#organization","name":"Mivoot Guatemala","alternateName":"mivoot.com","url":"https:\/\/mivoot.com\/gt\/","logo":{"@type":"ImageObject","inLanguage":"es","@id":"https:\/\/mivoot.com\/gt\/#\/schema\/logo\/image\/","url":"https:\/\/mivoot.com\/gt\/wp-content\/uploads\/2023\/03\/cropped-icon.png","contentUrl":"https:\/\/mivoot.com\/gt\/wp-content\/uploads\/2023\/03\/cropped-icon.png","width":512,"height":512,"caption":"Mivoot Guatemala"},"image":{"@id":"https:\/\/mivoot.com\/gt\/#\/schema\/logo\/image\/"},"sameAs":["https:\/\/www.facebook.com\/mivootgt","https:\/\/instagram.com\/mivoot"]}]}},"jetpack_publicize_connections":[],"jetpack_sharing_enabled":true,"brands":[{"id":320,"name":"TP-Link","slug":"tp-link"}],"_links":{"self":[{"href":"https:\/\/mivoot.com\/gt\/wp-json\/wp\/v2\/product\/31493","targetHints":{"allow":["GET"]}}],"collection":[{"href":"https:\/\/mivoot.com\/gt\/wp-json\/wp\/v2\/product"}],"about":[{"href":"https:\/\/mivoot.com\/gt\/wp-json\/wp\/v2\/types\/product"}],"replies":[{"embeddable":true,"href":"https:\/\/mivoot.com\/gt\/wp-json\/wp\/v2\/comments?post=31493"}],"version-history":[{"count":1,"href":"https:\/\/mivoot.com\/gt\/wp-json\/wp\/v2\/product\/31493\/revisions"}],"predecessor-version":[{"id":31499,"href":"https:\/\/mivoot.com\/gt\/wp-json\/wp\/v2\/product\/31493\/revisions\/31499"}],"wp:featuredmedia":[{"embeddable":true,"href":"https:\/\/mivoot.com\/gt\/wp-json\/wp\/v2\/media\/31498"}],"wp:attachment":[{"href":"https:\/\/mivoot.com\/gt\/wp-json\/wp\/v2\/media?parent=31493"}],"wp:term":[{"taxonomy":"pwb-brand","embeddable":true,"href":"https:\/\/mivoot.com\/gt\/wp-json\/wp\/v2\/pwb-brand?post=31493"},{"taxonomy":"product_brand","embeddable":true,"href":"https:\/\/mivoot.com\/gt\/wp-json\/wp\/v2\/product_brand?post=31493"},{"taxonomy":"product_cat","embeddable":true,"href":"https:\/\/mivoot.com\/gt\/wp-json\/wp\/v2\/product_cat?post=31493"},{"taxonomy":"product_tag","embeddable":true,"href":"https:\/\/mivoot.com\/gt\/wp-json\/wp\/v2\/product_tag?post=31493"}],"curies":[{"name":"wp","href":"https:\/\/api.w.org\/{rel}","templated":true}]}}