{"id":31500,"date":"2025-12-17T12:27:32","date_gmt":"2025-12-17T18:27:32","guid":{"rendered":"https:\/\/mivoot.com\/gt\/?post_type=product&#038;p=31500"},"modified":"2025-12-17T12:27:33","modified_gmt":"2025-12-17T18:27:33","slug":"conmutador-administrado-jetstream-de-48-puertos-gigabit-l2-con-4-ranuras-10ge-sfp-tl-sg3452x-tp-link","status":"publish","type":"product","link":"https:\/\/mivoot.com\/gt\/producto\/conmutador-administrado-jetstream-de-48-puertos-gigabit-l2-con-4-ranuras-10ge-sfp-tl-sg3452x-tp-link\/","title":{"rendered":"Conmutador administrado JetStream de 48 puertos Gigabit L2+ con 4 ranuras 10GE SFP+ TL-SG3452X Tp-Link"},"content":{"rendered":"<h1 style=\"text-align: center\"><span style=\"color: #33cccc\"><strong>Conmutador administrado con\u00a0enlace ascendente 10G para una red Omada completa<\/strong><\/span><\/h1>\n<p><img fetchpriority=\"high\" decoding=\"async\" class=\"wp-image-31502 aligncenter\" src=\"https:\/\/mivoot.com\/gt\/wp-content\/uploads\/2025\/12\/Captura-de-pantalla-2025-12-17-122314-300x74.png\" alt=\"\" width=\"1083\" height=\"267\" srcset=\"https:\/\/mivoot.com\/gt\/wp-content\/uploads\/2025\/12\/Captura-de-pantalla-2025-12-17-122314-300x74.png 300w, https:\/\/mivoot.com\/gt\/wp-content\/uploads\/2025\/12\/Captura-de-pantalla-2025-12-17-122314-768x189.png 768w, https:\/\/mivoot.com\/gt\/wp-content\/uploads\/2025\/12\/Captura-de-pantalla-2025-12-17-122314-18x4.png 18w, https:\/\/mivoot.com\/gt\/wp-content\/uploads\/2025\/12\/Captura-de-pantalla-2025-12-17-122314-600x148.png 600w, https:\/\/mivoot.com\/gt\/wp-content\/uploads\/2025\/12\/Captura-de-pantalla-2025-12-17-122314-410x101.png 410w, https:\/\/mivoot.com\/gt\/wp-content\/uploads\/2025\/12\/Captura-de-pantalla-2025-12-17-122314-64x16.png 64w, https:\/\/mivoot.com\/gt\/wp-content\/uploads\/2025\/12\/Captura-de-pantalla-2025-12-17-122314.png 1307w\" sizes=\"(max-width: 1083px) 100vw, 1083px\" \/><\/p>\n<p>&nbsp;<\/p>\n<h2>Conmutador empresarial<br \/>\ncon enlace ascendente 10G<\/h2>\n<p>Las 4 ranuras SFP+ de 10 Gbps brindan un<br \/>\nrendimiento de conmutaci\u00f3n sin bloqueo y una latencia ultrabaja, por lo que las conexiones confiables y<br \/>\nultrarr\u00e1pidas al servidor y otros conmutadores se<br \/>\nconstruyen f\u00e1cilmente.<\/p>\n<p>&nbsp;<\/p>\n<h2 style=\"text-align: center\">Redes definidas por software (SDN) con acceso a la nube<\/h2>\n<p style=\"text-align: center\">La plataforma de redes definidas por software (SDN) de Omada integra dispositivos de red, incluidos puntos de acceso, conmutadores y puertas de enlace, lo que proporciona una gesti\u00f3n de la nube 100 % centralizada. Omada crea una red altamente escalable, todo controlado desde una sola interfaz. Se proporcionan conexiones inal\u00e1mbricas y por cable perfectas, ideales para su uso en hosteler\u00eda, educaci\u00f3n, comercio minorista, oficinas y m\u00e1s.<\/p>\n<p>&nbsp;<\/p>\n<h2 style=\"text-align: right\">Funciones avanzadas de L3<\/h2>\n<p style=\"text-align: right\">Se admite una gran cantidad de funciones L2+ y L3 para ayudar a construir una red robusta y altamente escalable, proporcionando una soluci\u00f3n confiable y eficiente para empresas, campus e ISP.<\/p>\n<p>&nbsp;<\/p>\n<ul class=\"lists\">\n<li class=\"li-1\">\n<h2>Redes seguras<\/h2>\n<p>Las caracter\u00edsticas de seguridad incluyen IP-MAC-Port-VID Binding, Port Security, Storm Control y DHCP Snooping para defenderse contra una variedad de amenazas de red. Hay disponible una lista integrada de ataques DoS comunes, lo que hace que sea m\u00e1s f\u00e1cil que nunca prevenirlos. Adem\u00e1s, la funci\u00f3n Listas de control de acceso (ACL, L2 a L4) restringe el acceso a recursos de red confidenciales al denegar paquetes en funci\u00f3n de la direcci\u00f3n MAC de origen y destino, la direcci\u00f3n IP, los puertos TCP\/UDP o la ID de VLAN. El acceso a la red de los usuarios se puede controlar a trav\u00e9s de la autenticaci\u00f3n 802.1X, que funciona con un servidor RADIUS\/Tacacs+ para otorgar acceso solo cuando se proporcionan credenciales de usuario v\u00e1lidas.<\/li>\n<li class=\"li-2\">\n<h2>Funciones de nivel empresarial<\/h2>\n<p>Se admite una l\u00ednea completa de funciones L2+, que incluyen VLAN 802.1Q, Duplicaci\u00f3n de puertos, STP\/RSTP\/MSTP, Protocolo de control de agregaci\u00f3n de enlaces y Control de flujo 802.3x. La indagaci\u00f3n avanzada de IGMP garantiza que el conmutador reenv\u00ede transmisiones de multidifusi\u00f3n de manera inteligente a los suscriptores apropiados, lo que reduce el tr\u00e1fico innecesario. La limitaci\u00f3n y el filtrado de IGMP restringen a cada suscriptor en un nivel de puerto para evitar el acceso de multidifusi\u00f3n no autorizado. El enrutamiento est\u00e1tico es una forma sencilla de segmentar la red y enruta internamente el tr\u00e1fico a trav\u00e9s del conmutador para mejorar la eficiencia.<\/li>\n<li class=\"li-3\">\n<h2>Calidad de servicio avanzada<\/h2>\n<p>El tr\u00e1fico de voz y video se puede priorizar seg\u00fan la direcci\u00f3n IP, la direcci\u00f3n MAC, el n\u00famero de puerto TCP, el n\u00famero de puerto UDP y m\u00e1s. Con QoS (Calidad de servicio), los servicios de voz y video se mantienen fluidos, incluso cuando el ancho de banda es escaso.<\/li>\n<li class=\"li-4\">\n<h2>Caracter\u00edsticas del ISP<\/h2>\n<p>Se proporcionan funciones de autenticaci\u00f3n sFlow, QinQ, L2PT PPPoE ID Insertion y IGMP, desarrolladas pensando en los proveedores de servicios. 802.3ah OAM y el Protocolo de detecci\u00f3n de enlaces de dispositivos (DLDP) ofrecen una f\u00e1cil supervisi\u00f3n y soluci\u00f3n de problemas de los enlaces Ethernet.<\/li>\n<li class=\"li-5\">\n<h2>Compatibilidad con IPv6<\/h2>\n<p>Las funciones de IPv6 como Dual IPv4\/IPv6 Stack, MLD Snooping, IPv6 ACL, DHCPv6 Snooping, IPv6 Interface, Path Maximum Transmission Unit (PMTU) Discovery y IPv6 Neighbor Discover garantizan que su red est\u00e1 lista para la red de pr\u00f3xima generaci\u00f3n (NGN) sin necesidad de actualizaciones tu equipo<\/li>\n<\/ul>\n","protected":false},"excerpt":{"rendered":"<p>&#8211; Fuente de Alimentaci\u00f3n: 100-240 V AC~50\/60 Hz<br \/>\n&#8211; Dimensiones: 17.3 \u00d7 8.7 \u00d7 1.7 in (440 \u00d7 220 \u00d7 44 mm)<br \/>\n&#8211; Montaje: Montaje en rack<br \/>\n&#8211; Consumo de Potencia M\u00e1ximo: 32.72 W (110V\/60Hz)<br \/>\n&#8211; Disipaci\u00f3n m\u00e1xima de calor: 111.65 BTU\/h (110 V\/60 Hz)<br \/>\n&#8211; Capacidad de Conmutaci\u00f3n: 176 Gbps<br \/>\n&#8211; Tasa de Reenv\u00edo de Paquetes: 130.9 Mpps<br \/>\n&#8211; Tabla de Direcciones MAC: 16 K<br \/>\n&#8211; Memoria del Buffer de Paquete: 12 Mbit<br \/>\n&#8211; Jumbo Frame: 9 KB<\/p>\n","protected":false},"featured_media":31506,"comment_status":"open","ping_status":"closed","template":"","meta":{"jetpack_publicize_message":"","jetpack_publicize_feature_enabled":true,"jetpack_social_post_already_shared":true,"jetpack_social_options":{"image_generator_settings":{"template":"highway","default_image_id":0,"font":"","enabled":false},"version":2}},"pwb-brand":[320],"product_brand":[],"product_cat":[331,515],"product_tag":[],"class_list":{"0":"post-31500","1":"product","2":"type-product","3":"status-publish","4":"has-post-thumbnail","6":"pwb-brand-tp-link","7":"product_cat-redes-y-conexiones","8":"product_cat-redes-y-switch","10":"first","11":"instock","12":"taxable","13":"shipping-taxable","14":"product-type-simple"},"yoast_head":"<!-- This site is optimized with the Yoast SEO Premium plugin v25.7.1 (Yoast SEO v26.8) - https:\/\/yoast.com\/product\/yoast-seo-premium-wordpress\/ -->\n<title>Conmutador administrado JetStream de 48 puertos Gigabit L2+ con 4 ranuras 10GE SFP+ TL-SG3452X Tp-Link - Mivoot<\/title>\n<meta name=\"robots\" content=\"index, follow, max-snippet:-1, max-image-preview:large, max-video-preview:-1\" \/>\n<link rel=\"canonical\" href=\"https:\/\/mivoot.com\/gt\/producto\/conmutador-administrado-jetstream-de-48-puertos-gigabit-l2-con-4-ranuras-10ge-sfp-tl-sg3452x-tp-link\/\" \/>\n<meta property=\"og:locale\" content=\"es_ES\" \/>\n<meta property=\"og:type\" content=\"article\" \/>\n<meta property=\"og:title\" content=\"Conmutador administrado JetStream de 48 puertos Gigabit L2+ con 4 ranuras 10GE SFP+ TL-SG3452X Tp-Link\" \/>\n<meta property=\"og:description\" content=\"- Fuente de Alimentaci\u00f3n: 100-240 V AC~50\/60 Hz - Dimensiones: 17.3 \u00d7 8.7 \u00d7 1.7 in (440 \u00d7 220 \u00d7 44 mm) - Montaje: Montaje en rack - Consumo de Potencia M\u00e1ximo: 32.72 W (110V\/60Hz) - Disipaci\u00f3n m\u00e1xima de calor: 111.65 BTU\/h (110 V\/60 Hz) - Capacidad de Conmutaci\u00f3n: 176 Gbps - Tasa de Reenv\u00edo de Paquetes: 130.9 Mpps - Tabla de Direcciones MAC: 16 K - Memoria del Buffer de Paquete: 12 Mbit - Jumbo Frame: 9 KB\" \/>\n<meta property=\"og:url\" content=\"https:\/\/mivoot.com\/gt\/producto\/conmutador-administrado-jetstream-de-48-puertos-gigabit-l2-con-4-ranuras-10ge-sfp-tl-sg3452x-tp-link\/\" \/>\n<meta property=\"og:site_name\" content=\"Mivoot\" \/>\n<meta property=\"article:publisher\" content=\"https:\/\/www.facebook.com\/mivootgt\" \/>\n<meta property=\"article:modified_time\" content=\"2025-12-17T18:27:33+00:00\" \/>\n<meta property=\"og:image\" content=\"https:\/\/mivoot.com\/gt\/wp-content\/uploads\/2025\/12\/TL-SG3452X_10G_Switch_1_normal_20220222090407x.jpg\" \/>\n\t<meta property=\"og:image:width\" content=\"590\" \/>\n\t<meta property=\"og:image:height\" content=\"590\" \/>\n\t<meta property=\"og:image:type\" content=\"image\/jpeg\" \/>\n<meta name=\"twitter:card\" content=\"summary_large_image\" \/>\n<meta name=\"twitter:label1\" content=\"Est. reading time\" \/>\n\t<meta name=\"twitter:data1\" content=\"3 minutos\" \/>\n<script type=\"application\/ld+json\" class=\"yoast-schema-graph\">{\"@context\":\"https:\/\/schema.org\",\"@graph\":[{\"@type\":\"WebPage\",\"@id\":\"https:\/\/mivoot.com\/gt\/producto\/conmutador-administrado-jetstream-de-48-puertos-gigabit-l2-con-4-ranuras-10ge-sfp-tl-sg3452x-tp-link\/\",\"url\":\"https:\/\/mivoot.com\/gt\/producto\/conmutador-administrado-jetstream-de-48-puertos-gigabit-l2-con-4-ranuras-10ge-sfp-tl-sg3452x-tp-link\/\",\"name\":\"Conmutador administrado JetStream de 48 puertos Gigabit L2+ con 4 ranuras 10GE SFP+ TL-SG3452X Tp-Link - Mivoot\",\"isPartOf\":{\"@id\":\"https:\/\/mivoot.com\/gt\/#website\"},\"primaryImageOfPage\":{\"@id\":\"https:\/\/mivoot.com\/gt\/producto\/conmutador-administrado-jetstream-de-48-puertos-gigabit-l2-con-4-ranuras-10ge-sfp-tl-sg3452x-tp-link\/#primaryimage\"},\"image\":{\"@id\":\"https:\/\/mivoot.com\/gt\/producto\/conmutador-administrado-jetstream-de-48-puertos-gigabit-l2-con-4-ranuras-10ge-sfp-tl-sg3452x-tp-link\/#primaryimage\"},\"thumbnailUrl\":\"https:\/\/mivoot.com\/gt\/wp-content\/uploads\/2025\/12\/TL-SG3452X_10G_Switch_1_normal_20220222090407x.jpg\",\"datePublished\":\"2025-12-17T18:27:32+00:00\",\"dateModified\":\"2025-12-17T18:27:33+00:00\",\"breadcrumb\":{\"@id\":\"https:\/\/mivoot.com\/gt\/producto\/conmutador-administrado-jetstream-de-48-puertos-gigabit-l2-con-4-ranuras-10ge-sfp-tl-sg3452x-tp-link\/#breadcrumb\"},\"inLanguage\":\"es\",\"potentialAction\":[{\"@type\":\"ReadAction\",\"target\":[\"https:\/\/mivoot.com\/gt\/producto\/conmutador-administrado-jetstream-de-48-puertos-gigabit-l2-con-4-ranuras-10ge-sfp-tl-sg3452x-tp-link\/\"]}]},{\"@type\":\"ImageObject\",\"inLanguage\":\"es\",\"@id\":\"https:\/\/mivoot.com\/gt\/producto\/conmutador-administrado-jetstream-de-48-puertos-gigabit-l2-con-4-ranuras-10ge-sfp-tl-sg3452x-tp-link\/#primaryimage\",\"url\":\"https:\/\/mivoot.com\/gt\/wp-content\/uploads\/2025\/12\/TL-SG3452X_10G_Switch_1_normal_20220222090407x.jpg\",\"contentUrl\":\"https:\/\/mivoot.com\/gt\/wp-content\/uploads\/2025\/12\/TL-SG3452X_10G_Switch_1_normal_20220222090407x.jpg\",\"width\":590,\"height\":590},{\"@type\":\"BreadcrumbList\",\"@id\":\"https:\/\/mivoot.com\/gt\/producto\/conmutador-administrado-jetstream-de-48-puertos-gigabit-l2-con-4-ranuras-10ge-sfp-tl-sg3452x-tp-link\/#breadcrumb\",\"itemListElement\":[{\"@type\":\"ListItem\",\"position\":1,\"name\":\"Inicio\",\"item\":\"https:\/\/mivoot.com\/gt\/\"},{\"@type\":\"ListItem\",\"position\":2,\"name\":\"Productos\",\"item\":\"https:\/\/mivoot.com\/gt\/producto\/\"},{\"@type\":\"ListItem\",\"position\":3,\"name\":\"TP-Link\",\"item\":\"https:\/\/mivoot.com\/gt\/marca\/tp-link\/\"},{\"@type\":\"ListItem\",\"position\":4,\"name\":\"Conmutador administrado JetStream de 48 puertos Gigabit L2+ con 4 ranuras 10GE SFP+ TL-SG3452X Tp-Link\"}]},{\"@type\":\"WebSite\",\"@id\":\"https:\/\/mivoot.com\/gt\/#website\",\"url\":\"https:\/\/mivoot.com\/gt\/\",\"name\":\"Mivoot\",\"description\":\"Mivoot Guatemala | Tienda Online\",\"publisher\":{\"@id\":\"https:\/\/mivoot.com\/gt\/#organization\"},\"alternateName\":\"mivoot\",\"potentialAction\":[{\"@type\":\"SearchAction\",\"target\":{\"@type\":\"EntryPoint\",\"urlTemplate\":\"https:\/\/mivoot.com\/gt\/?s={search_term_string}\"},\"query-input\":{\"@type\":\"PropertyValueSpecification\",\"valueRequired\":true,\"valueName\":\"search_term_string\"}}],\"inLanguage\":\"es\"},{\"@type\":\"Organization\",\"@id\":\"https:\/\/mivoot.com\/gt\/#organization\",\"name\":\"Mivoot Guatemala\",\"alternateName\":\"mivoot.com\",\"url\":\"https:\/\/mivoot.com\/gt\/\",\"logo\":{\"@type\":\"ImageObject\",\"inLanguage\":\"es\",\"@id\":\"https:\/\/mivoot.com\/gt\/#\/schema\/logo\/image\/\",\"url\":\"https:\/\/mivoot.com\/gt\/wp-content\/uploads\/2023\/03\/cropped-icon.png\",\"contentUrl\":\"https:\/\/mivoot.com\/gt\/wp-content\/uploads\/2023\/03\/cropped-icon.png\",\"width\":512,\"height\":512,\"caption\":\"Mivoot Guatemala\"},\"image\":{\"@id\":\"https:\/\/mivoot.com\/gt\/#\/schema\/logo\/image\/\"},\"sameAs\":[\"https:\/\/www.facebook.com\/mivootgt\",\"https:\/\/instagram.com\/mivoot\"]}]}<\/script>\n<!-- \/ Yoast SEO Premium plugin. -->","yoast_head_json":{"title":"Conmutador administrado JetStream de 48 puertos Gigabit L2+ con 4 ranuras 10GE SFP+ TL-SG3452X Tp-Link - Mivoot","robots":{"index":"index","follow":"follow","max-snippet":"max-snippet:-1","max-image-preview":"max-image-preview:large","max-video-preview":"max-video-preview:-1"},"canonical":"https:\/\/mivoot.com\/gt\/producto\/conmutador-administrado-jetstream-de-48-puertos-gigabit-l2-con-4-ranuras-10ge-sfp-tl-sg3452x-tp-link\/","og_locale":"es_ES","og_type":"article","og_title":"Conmutador administrado JetStream de 48 puertos Gigabit L2+ con 4 ranuras 10GE SFP+ TL-SG3452X Tp-Link","og_description":"- Fuente de Alimentaci\u00f3n: 100-240 V AC~50\/60 Hz - Dimensiones: 17.3 \u00d7 8.7 \u00d7 1.7 in (440 \u00d7 220 \u00d7 44 mm) - Montaje: Montaje en rack - Consumo de Potencia M\u00e1ximo: 32.72 W (110V\/60Hz) - Disipaci\u00f3n m\u00e1xima de calor: 111.65 BTU\/h (110 V\/60 Hz) - Capacidad de Conmutaci\u00f3n: 176 Gbps - Tasa de Reenv\u00edo de Paquetes: 130.9 Mpps - Tabla de Direcciones MAC: 16 K - Memoria del Buffer de Paquete: 12 Mbit - Jumbo Frame: 9 KB","og_url":"https:\/\/mivoot.com\/gt\/producto\/conmutador-administrado-jetstream-de-48-puertos-gigabit-l2-con-4-ranuras-10ge-sfp-tl-sg3452x-tp-link\/","og_site_name":"Mivoot","article_publisher":"https:\/\/www.facebook.com\/mivootgt","article_modified_time":"2025-12-17T18:27:33+00:00","og_image":[{"width":590,"height":590,"url":"https:\/\/mivoot.com\/gt\/wp-content\/uploads\/2025\/12\/TL-SG3452X_10G_Switch_1_normal_20220222090407x.jpg","type":"image\/jpeg"}],"twitter_card":"summary_large_image","twitter_misc":{"Est. reading time":"3 minutos"},"schema":{"@context":"https:\/\/schema.org","@graph":[{"@type":"WebPage","@id":"https:\/\/mivoot.com\/gt\/producto\/conmutador-administrado-jetstream-de-48-puertos-gigabit-l2-con-4-ranuras-10ge-sfp-tl-sg3452x-tp-link\/","url":"https:\/\/mivoot.com\/gt\/producto\/conmutador-administrado-jetstream-de-48-puertos-gigabit-l2-con-4-ranuras-10ge-sfp-tl-sg3452x-tp-link\/","name":"Conmutador administrado JetStream de 48 puertos Gigabit L2+ con 4 ranuras 10GE SFP+ TL-SG3452X Tp-Link - Mivoot","isPartOf":{"@id":"https:\/\/mivoot.com\/gt\/#website"},"primaryImageOfPage":{"@id":"https:\/\/mivoot.com\/gt\/producto\/conmutador-administrado-jetstream-de-48-puertos-gigabit-l2-con-4-ranuras-10ge-sfp-tl-sg3452x-tp-link\/#primaryimage"},"image":{"@id":"https:\/\/mivoot.com\/gt\/producto\/conmutador-administrado-jetstream-de-48-puertos-gigabit-l2-con-4-ranuras-10ge-sfp-tl-sg3452x-tp-link\/#primaryimage"},"thumbnailUrl":"https:\/\/mivoot.com\/gt\/wp-content\/uploads\/2025\/12\/TL-SG3452X_10G_Switch_1_normal_20220222090407x.jpg","datePublished":"2025-12-17T18:27:32+00:00","dateModified":"2025-12-17T18:27:33+00:00","breadcrumb":{"@id":"https:\/\/mivoot.com\/gt\/producto\/conmutador-administrado-jetstream-de-48-puertos-gigabit-l2-con-4-ranuras-10ge-sfp-tl-sg3452x-tp-link\/#breadcrumb"},"inLanguage":"es","potentialAction":[{"@type":"ReadAction","target":["https:\/\/mivoot.com\/gt\/producto\/conmutador-administrado-jetstream-de-48-puertos-gigabit-l2-con-4-ranuras-10ge-sfp-tl-sg3452x-tp-link\/"]}]},{"@type":"ImageObject","inLanguage":"es","@id":"https:\/\/mivoot.com\/gt\/producto\/conmutador-administrado-jetstream-de-48-puertos-gigabit-l2-con-4-ranuras-10ge-sfp-tl-sg3452x-tp-link\/#primaryimage","url":"https:\/\/mivoot.com\/gt\/wp-content\/uploads\/2025\/12\/TL-SG3452X_10G_Switch_1_normal_20220222090407x.jpg","contentUrl":"https:\/\/mivoot.com\/gt\/wp-content\/uploads\/2025\/12\/TL-SG3452X_10G_Switch_1_normal_20220222090407x.jpg","width":590,"height":590},{"@type":"BreadcrumbList","@id":"https:\/\/mivoot.com\/gt\/producto\/conmutador-administrado-jetstream-de-48-puertos-gigabit-l2-con-4-ranuras-10ge-sfp-tl-sg3452x-tp-link\/#breadcrumb","itemListElement":[{"@type":"ListItem","position":1,"name":"Inicio","item":"https:\/\/mivoot.com\/gt\/"},{"@type":"ListItem","position":2,"name":"Productos","item":"https:\/\/mivoot.com\/gt\/producto\/"},{"@type":"ListItem","position":3,"name":"TP-Link","item":"https:\/\/mivoot.com\/gt\/marca\/tp-link\/"},{"@type":"ListItem","position":4,"name":"Conmutador administrado JetStream de 48 puertos Gigabit L2+ con 4 ranuras 10GE SFP+ TL-SG3452X Tp-Link"}]},{"@type":"WebSite","@id":"https:\/\/mivoot.com\/gt\/#website","url":"https:\/\/mivoot.com\/gt\/","name":"Mivoot","description":"Mivoot Guatemala | Tienda Online","publisher":{"@id":"https:\/\/mivoot.com\/gt\/#organization"},"alternateName":"mivoot","potentialAction":[{"@type":"SearchAction","target":{"@type":"EntryPoint","urlTemplate":"https:\/\/mivoot.com\/gt\/?s={search_term_string}"},"query-input":{"@type":"PropertyValueSpecification","valueRequired":true,"valueName":"search_term_string"}}],"inLanguage":"es"},{"@type":"Organization","@id":"https:\/\/mivoot.com\/gt\/#organization","name":"Mivoot Guatemala","alternateName":"mivoot.com","url":"https:\/\/mivoot.com\/gt\/","logo":{"@type":"ImageObject","inLanguage":"es","@id":"https:\/\/mivoot.com\/gt\/#\/schema\/logo\/image\/","url":"https:\/\/mivoot.com\/gt\/wp-content\/uploads\/2023\/03\/cropped-icon.png","contentUrl":"https:\/\/mivoot.com\/gt\/wp-content\/uploads\/2023\/03\/cropped-icon.png","width":512,"height":512,"caption":"Mivoot Guatemala"},"image":{"@id":"https:\/\/mivoot.com\/gt\/#\/schema\/logo\/image\/"},"sameAs":["https:\/\/www.facebook.com\/mivootgt","https:\/\/instagram.com\/mivoot"]}]}},"jetpack_publicize_connections":[],"jetpack_sharing_enabled":true,"brands":[{"id":320,"name":"TP-Link","slug":"tp-link"}],"_links":{"self":[{"href":"https:\/\/mivoot.com\/gt\/wp-json\/wp\/v2\/product\/31500","targetHints":{"allow":["GET"]}}],"collection":[{"href":"https:\/\/mivoot.com\/gt\/wp-json\/wp\/v2\/product"}],"about":[{"href":"https:\/\/mivoot.com\/gt\/wp-json\/wp\/v2\/types\/product"}],"replies":[{"embeddable":true,"href":"https:\/\/mivoot.com\/gt\/wp-json\/wp\/v2\/comments?post=31500"}],"version-history":[{"count":1,"href":"https:\/\/mivoot.com\/gt\/wp-json\/wp\/v2\/product\/31500\/revisions"}],"predecessor-version":[{"id":31507,"href":"https:\/\/mivoot.com\/gt\/wp-json\/wp\/v2\/product\/31500\/revisions\/31507"}],"wp:featuredmedia":[{"embeddable":true,"href":"https:\/\/mivoot.com\/gt\/wp-json\/wp\/v2\/media\/31506"}],"wp:attachment":[{"href":"https:\/\/mivoot.com\/gt\/wp-json\/wp\/v2\/media?parent=31500"}],"wp:term":[{"taxonomy":"pwb-brand","embeddable":true,"href":"https:\/\/mivoot.com\/gt\/wp-json\/wp\/v2\/pwb-brand?post=31500"},{"taxonomy":"product_brand","embeddable":true,"href":"https:\/\/mivoot.com\/gt\/wp-json\/wp\/v2\/product_brand?post=31500"},{"taxonomy":"product_cat","embeddable":true,"href":"https:\/\/mivoot.com\/gt\/wp-json\/wp\/v2\/product_cat?post=31500"},{"taxonomy":"product_tag","embeddable":true,"href":"https:\/\/mivoot.com\/gt\/wp-json\/wp\/v2\/product_tag?post=31500"}],"curies":[{"name":"wp","href":"https:\/\/api.w.org\/{rel}","templated":true}]}}