{"id":31509,"date":"2025-12-17T13:02:54","date_gmt":"2025-12-17T19:02:54","guid":{"rendered":"https:\/\/mivoot.com\/gt\/?post_type=product&#038;p=31509"},"modified":"2025-12-17T13:02:55","modified_gmt":"2025-12-17T19:02:55","slug":"adaptador-usb-inalambrico-de-alta-potencia-a-300mbps-tl-wn8200nd-tp-link","status":"publish","type":"product","link":"https:\/\/mivoot.com\/gt\/producto\/adaptador-usb-inalambrico-de-alta-potencia-a-300mbps-tl-wn8200nd-tp-link\/","title":{"rendered":"Adaptador USB Inal\u00e1mbrico de Alta Potencia a 300Mbps TL-WN8200ND Tp-Link"},"content":{"rendered":"<h3>Para qu\u00e9 sirve este producto<\/h3>\n<p>El TL-WN8200ND de TP-LINK es un adaptador inal\u00e1mbrico de alta potencia a 300Mbps que permite a los usuarios disponer en sus equipos port\u00e1tiles o de sobremesa de unas capacidades inal\u00e1mbricas extremadamente potentes para proporcionar un rendimiento mejorado. El adaptador ofrece un elevado nivel de potencia para multiplicar por 10 el alcance de los adaptadores convencionales. Una de las caracter\u00edsticas m\u00e1s interesantes del TL-WN8200ND es gran capacidad de penetraci\u00f3n, que permite asegurar que la se\u00f1al seguir\u00e1 siendo estable aunque traspase m\u00faltiples paredes o plantas del edificio.<\/p>\n<p>&nbsp;<\/p>\n<h3 style=\"text-align: center\">Alta Potencia para una mayor penetrabilidad<\/h3>\n<p style=\"text-align: center\">Gracias a su elevada potencia de transmisi\u00f3n, el TL-WN8200ND proporciona un alcance hasta 10 veces mayor que un adaptador USB est\u00e1ndar. Adem\u00e1s, el TL-WN8200ND posee una incre\u00edble y potente penetrabilidad, que le permite liberarse de las limitaciones impuestas por las paredes o suelos del edificio a la hora de acceder a Internet.<\/p>\n<h3 style=\"text-align: right\">\u00d3ptimo nivel de sensibilidad para la estabilidad de se\u00f1al<\/h3>\n<p style=\"text-align: right\">El TL-WN8200ND dispone de un \u00f3ptimo nivel de sensibilidad que le permite alejarse del punto de acceso manteniendo la misma intensidad de se\u00f1al inal\u00e1mbrica. De este modo, cuando utilice el TL-WN8200ND, no tendr\u00e1 que estar buscando continuamente la mejor ubicaci\u00f3n para su port\u00e1til ya que podr\u00e1 captar la se\u00f1al f\u00e1cilmente gracias a su excelente sensibilidad.<\/p>\n<h3 style=\"text-align: center\">Doble Antena externa desmontable de 5 dBi<\/h3>\n<p style=\"text-align: center\">Las dos antenas externas de alta ganancia aseguran una mejor capacidad de transmisi\u00f3n y recepci\u00f3n. Pueden ser rotadas y ajustadas en distintas direcciones seg\u00fan los diferentes entornos. Si es necesario un mejor rendimiento, las antenas pueden ser sustituidas por distintos modelos para interior o exterior (mediante el conector RP-SMA est\u00e1ndar) y obtener una mayor flexibilidad y una cobertura m\u00e1s amplia.<\/p>\n<p>&nbsp;<\/p>\n<h3>Elegante dise\u00f1o de sobremesa y cable de extensi\u00f3n USB de 1,5 m<\/h3>\n<p>Adem\u00e1s de su apariencia elegante y moderna, el dise\u00f1o de sobremesa del TL-WN8200ND facilita la recepci\u00f3n de la se\u00f1al en algunos entornos, lo que permite disfrutar de una se\u00f1al robusta y estable. El TL-WN8200ND incluye tambi\u00e9n un cable de extensi\u00f3n USB de 1,5 metros que permite una instalaci\u00f3n m\u00e1s flexible, incluso cuando se utiliza para un equipo de sobremesa.<\/p>\n<p style=\"text-align: right\">\n<p>&nbsp;<\/p>\n","protected":false},"excerpt":{"rendered":"<p>&#8211; Interfaz: Mini USB<br \/>\n&#8211; Botones: WPS<br \/>\n&#8211; Est\u00e1ndares Inal\u00e1mbricos: IEEE 802.11n, IEEE 802.11g, IEEE 802.11b<br \/>\n&#8211; Dimensiones: 90.8*60.7*24mm<br \/>\n&#8211; Tipo de Antena: 2*Omnidireccionales Desmontables (RP-SMA)<br \/>\n&#8211; Ganancia de Antena: 5dBi<br \/>\n&#8211; Frecuencia: 2.4-2.4835GHz<br \/>\n&#8211; Soporta WEP 64\/128 bit, WPA\/WPA2, WPA-PSK\/WPA2-PSK<br \/>\n&#8211; Alta potencia de transmisi\u00f3n y excelente sensibilidad de recepci\u00f3n para lograr distancias ultra-largas.<br \/>\n&#8211; Tasas de transferencia a 300Mbps, ideales para tareas intensivas en ancho de banda<br \/>\n&#8211; Encriptaci\u00f3n sencilla de seguridad inal\u00e1mbrica con solo pulsar el bot\u00f3n WPS<br \/>\n&#8211; Incluye un cable de extensi\u00f3n USB de 1,5 metros para facilitar su instalaci\u00f3n<br \/>\n&#8211; Soporta Windows XP \/ Vista \/ 7<\/p>\n","protected":false},"featured_media":31510,"comment_status":"open","ping_status":"closed","template":"","meta":{"jetpack_publicize_message":"","jetpack_publicize_feature_enabled":true,"jetpack_social_post_already_shared":true,"jetpack_social_options":{"image_generator_settings":{"template":"highway","default_image_id":0,"font":"","enabled":false},"version":2}},"pwb-brand":[320],"product_brand":[],"product_cat":[331],"product_tag":[],"class_list":{"0":"post-31509","1":"product","2":"type-product","3":"status-publish","4":"has-post-thumbnail","6":"pwb-brand-tp-link","7":"product_cat-redes-y-conexiones","9":"first","10":"instock","11":"taxable","12":"shipping-taxable","13":"product-type-simple"},"yoast_head":"<!-- This site is optimized with the Yoast SEO Premium plugin v25.7.1 (Yoast SEO v26.8) - https:\/\/yoast.com\/product\/yoast-seo-premium-wordpress\/ -->\n<title>Adaptador USB Inal\u00e1mbrico de Alta Potencia a 300Mbps TL-WN8200ND Tp-Link - Mivoot<\/title>\n<meta name=\"robots\" content=\"index, follow, max-snippet:-1, max-image-preview:large, max-video-preview:-1\" \/>\n<link rel=\"canonical\" href=\"https:\/\/mivoot.com\/gt\/producto\/adaptador-usb-inalambrico-de-alta-potencia-a-300mbps-tl-wn8200nd-tp-link\/\" \/>\n<meta property=\"og:locale\" content=\"es_ES\" \/>\n<meta property=\"og:type\" content=\"article\" \/>\n<meta property=\"og:title\" content=\"Adaptador USB Inal\u00e1mbrico de Alta Potencia a 300Mbps TL-WN8200ND Tp-Link\" \/>\n<meta property=\"og:description\" content=\"- Interfaz: Mini USB - Botones: WPS - Est\u00e1ndares Inal\u00e1mbricos: IEEE 802.11n, IEEE 802.11g, IEEE 802.11b - Dimensiones: 90.8*60.7*24mm - Tipo de Antena: 2*Omnidireccionales Desmontables (RP-SMA) - Ganancia de Antena: 5dBi - Frecuencia: 2.4-2.4835GHz - Soporta WEP 64\/128 bit, WPA\/WPA2, WPA-PSK\/WPA2-PSK - Alta potencia de transmisi\u00f3n y excelente sensibilidad de recepci\u00f3n para lograr distancias ultra-largas. - Tasas de transferencia a 300Mbps, ideales para tareas intensivas en ancho de banda - Encriptaci\u00f3n sencilla de seguridad inal\u00e1mbrica con solo pulsar el bot\u00f3n WPS - Incluye un cable de extensi\u00f3n USB de 1,5 metros para facilitar su instalaci\u00f3n - Soporta Windows XP \/ Vista \/ 7\" \/>\n<meta property=\"og:url\" content=\"https:\/\/mivoot.com\/gt\/producto\/adaptador-usb-inalambrico-de-alta-potencia-a-300mbps-tl-wn8200nd-tp-link\/\" \/>\n<meta property=\"og:site_name\" content=\"Mivoot\" \/>\n<meta property=\"article:publisher\" content=\"https:\/\/www.facebook.com\/mivootgt\" \/>\n<meta property=\"article:modified_time\" content=\"2025-12-17T19:02:55+00:00\" \/>\n<meta property=\"og:image\" content=\"https:\/\/mivoot.com\/gt\/wp-content\/uploads\/2025\/12\/TL-WN8200ND-01.jpg\" \/>\n\t<meta property=\"og:image:width\" content=\"590\" \/>\n\t<meta property=\"og:image:height\" content=\"443\" \/>\n\t<meta property=\"og:image:type\" content=\"image\/jpeg\" \/>\n<meta name=\"twitter:card\" content=\"summary_large_image\" \/>\n<meta name=\"twitter:label1\" content=\"Est. reading time\" \/>\n\t<meta name=\"twitter:data1\" content=\"2 minutos\" \/>\n<script type=\"application\/ld+json\" class=\"yoast-schema-graph\">{\"@context\":\"https:\/\/schema.org\",\"@graph\":[{\"@type\":\"WebPage\",\"@id\":\"https:\/\/mivoot.com\/gt\/producto\/adaptador-usb-inalambrico-de-alta-potencia-a-300mbps-tl-wn8200nd-tp-link\/\",\"url\":\"https:\/\/mivoot.com\/gt\/producto\/adaptador-usb-inalambrico-de-alta-potencia-a-300mbps-tl-wn8200nd-tp-link\/\",\"name\":\"Adaptador USB Inal\u00e1mbrico de Alta Potencia a 300Mbps TL-WN8200ND Tp-Link - Mivoot\",\"isPartOf\":{\"@id\":\"https:\/\/mivoot.com\/gt\/#website\"},\"primaryImageOfPage\":{\"@id\":\"https:\/\/mivoot.com\/gt\/producto\/adaptador-usb-inalambrico-de-alta-potencia-a-300mbps-tl-wn8200nd-tp-link\/#primaryimage\"},\"image\":{\"@id\":\"https:\/\/mivoot.com\/gt\/producto\/adaptador-usb-inalambrico-de-alta-potencia-a-300mbps-tl-wn8200nd-tp-link\/#primaryimage\"},\"thumbnailUrl\":\"https:\/\/mivoot.com\/gt\/wp-content\/uploads\/2025\/12\/TL-WN8200ND-01.jpg\",\"datePublished\":\"2025-12-17T19:02:54+00:00\",\"dateModified\":\"2025-12-17T19:02:55+00:00\",\"breadcrumb\":{\"@id\":\"https:\/\/mivoot.com\/gt\/producto\/adaptador-usb-inalambrico-de-alta-potencia-a-300mbps-tl-wn8200nd-tp-link\/#breadcrumb\"},\"inLanguage\":\"es\",\"potentialAction\":[{\"@type\":\"ReadAction\",\"target\":[\"https:\/\/mivoot.com\/gt\/producto\/adaptador-usb-inalambrico-de-alta-potencia-a-300mbps-tl-wn8200nd-tp-link\/\"]}]},{\"@type\":\"ImageObject\",\"inLanguage\":\"es\",\"@id\":\"https:\/\/mivoot.com\/gt\/producto\/adaptador-usb-inalambrico-de-alta-potencia-a-300mbps-tl-wn8200nd-tp-link\/#primaryimage\",\"url\":\"https:\/\/mivoot.com\/gt\/wp-content\/uploads\/2025\/12\/TL-WN8200ND-01.jpg\",\"contentUrl\":\"https:\/\/mivoot.com\/gt\/wp-content\/uploads\/2025\/12\/TL-WN8200ND-01.jpg\",\"width\":590,\"height\":443},{\"@type\":\"BreadcrumbList\",\"@id\":\"https:\/\/mivoot.com\/gt\/producto\/adaptador-usb-inalambrico-de-alta-potencia-a-300mbps-tl-wn8200nd-tp-link\/#breadcrumb\",\"itemListElement\":[{\"@type\":\"ListItem\",\"position\":1,\"name\":\"Inicio\",\"item\":\"https:\/\/mivoot.com\/gt\/\"},{\"@type\":\"ListItem\",\"position\":2,\"name\":\"Productos\",\"item\":\"https:\/\/mivoot.com\/gt\/producto\/\"},{\"@type\":\"ListItem\",\"position\":3,\"name\":\"TP-Link\",\"item\":\"https:\/\/mivoot.com\/gt\/marca\/tp-link\/\"},{\"@type\":\"ListItem\",\"position\":4,\"name\":\"Adaptador USB Inal\u00e1mbrico de Alta Potencia a 300Mbps TL-WN8200ND Tp-Link\"}]},{\"@type\":\"WebSite\",\"@id\":\"https:\/\/mivoot.com\/gt\/#website\",\"url\":\"https:\/\/mivoot.com\/gt\/\",\"name\":\"Mivoot\",\"description\":\"Mivoot Guatemala | Tienda Online\",\"publisher\":{\"@id\":\"https:\/\/mivoot.com\/gt\/#organization\"},\"alternateName\":\"mivoot\",\"potentialAction\":[{\"@type\":\"SearchAction\",\"target\":{\"@type\":\"EntryPoint\",\"urlTemplate\":\"https:\/\/mivoot.com\/gt\/?s={search_term_string}\"},\"query-input\":{\"@type\":\"PropertyValueSpecification\",\"valueRequired\":true,\"valueName\":\"search_term_string\"}}],\"inLanguage\":\"es\"},{\"@type\":\"Organization\",\"@id\":\"https:\/\/mivoot.com\/gt\/#organization\",\"name\":\"Mivoot Guatemala\",\"alternateName\":\"mivoot.com\",\"url\":\"https:\/\/mivoot.com\/gt\/\",\"logo\":{\"@type\":\"ImageObject\",\"inLanguage\":\"es\",\"@id\":\"https:\/\/mivoot.com\/gt\/#\/schema\/logo\/image\/\",\"url\":\"https:\/\/mivoot.com\/gt\/wp-content\/uploads\/2023\/03\/cropped-icon.png\",\"contentUrl\":\"https:\/\/mivoot.com\/gt\/wp-content\/uploads\/2023\/03\/cropped-icon.png\",\"width\":512,\"height\":512,\"caption\":\"Mivoot Guatemala\"},\"image\":{\"@id\":\"https:\/\/mivoot.com\/gt\/#\/schema\/logo\/image\/\"},\"sameAs\":[\"https:\/\/www.facebook.com\/mivootgt\",\"https:\/\/instagram.com\/mivoot\"]}]}<\/script>\n<!-- \/ Yoast SEO Premium plugin. -->","yoast_head_json":{"title":"Adaptador USB Inal\u00e1mbrico de Alta Potencia a 300Mbps TL-WN8200ND Tp-Link - Mivoot","robots":{"index":"index","follow":"follow","max-snippet":"max-snippet:-1","max-image-preview":"max-image-preview:large","max-video-preview":"max-video-preview:-1"},"canonical":"https:\/\/mivoot.com\/gt\/producto\/adaptador-usb-inalambrico-de-alta-potencia-a-300mbps-tl-wn8200nd-tp-link\/","og_locale":"es_ES","og_type":"article","og_title":"Adaptador USB Inal\u00e1mbrico de Alta Potencia a 300Mbps TL-WN8200ND Tp-Link","og_description":"- Interfaz: Mini USB - Botones: WPS - Est\u00e1ndares Inal\u00e1mbricos: IEEE 802.11n, IEEE 802.11g, IEEE 802.11b - Dimensiones: 90.8*60.7*24mm - Tipo de Antena: 2*Omnidireccionales Desmontables (RP-SMA) - Ganancia de Antena: 5dBi - Frecuencia: 2.4-2.4835GHz - Soporta WEP 64\/128 bit, WPA\/WPA2, WPA-PSK\/WPA2-PSK - Alta potencia de transmisi\u00f3n y excelente sensibilidad de recepci\u00f3n para lograr distancias ultra-largas. - Tasas de transferencia a 300Mbps, ideales para tareas intensivas en ancho de banda - Encriptaci\u00f3n sencilla de seguridad inal\u00e1mbrica con solo pulsar el bot\u00f3n WPS - Incluye un cable de extensi\u00f3n USB de 1,5 metros para facilitar su instalaci\u00f3n - Soporta Windows XP \/ Vista \/ 7","og_url":"https:\/\/mivoot.com\/gt\/producto\/adaptador-usb-inalambrico-de-alta-potencia-a-300mbps-tl-wn8200nd-tp-link\/","og_site_name":"Mivoot","article_publisher":"https:\/\/www.facebook.com\/mivootgt","article_modified_time":"2025-12-17T19:02:55+00:00","og_image":[{"width":590,"height":443,"url":"https:\/\/mivoot.com\/gt\/wp-content\/uploads\/2025\/12\/TL-WN8200ND-01.jpg","type":"image\/jpeg"}],"twitter_card":"summary_large_image","twitter_misc":{"Est. reading time":"2 minutos"},"schema":{"@context":"https:\/\/schema.org","@graph":[{"@type":"WebPage","@id":"https:\/\/mivoot.com\/gt\/producto\/adaptador-usb-inalambrico-de-alta-potencia-a-300mbps-tl-wn8200nd-tp-link\/","url":"https:\/\/mivoot.com\/gt\/producto\/adaptador-usb-inalambrico-de-alta-potencia-a-300mbps-tl-wn8200nd-tp-link\/","name":"Adaptador USB Inal\u00e1mbrico de Alta Potencia a 300Mbps TL-WN8200ND Tp-Link - Mivoot","isPartOf":{"@id":"https:\/\/mivoot.com\/gt\/#website"},"primaryImageOfPage":{"@id":"https:\/\/mivoot.com\/gt\/producto\/adaptador-usb-inalambrico-de-alta-potencia-a-300mbps-tl-wn8200nd-tp-link\/#primaryimage"},"image":{"@id":"https:\/\/mivoot.com\/gt\/producto\/adaptador-usb-inalambrico-de-alta-potencia-a-300mbps-tl-wn8200nd-tp-link\/#primaryimage"},"thumbnailUrl":"https:\/\/mivoot.com\/gt\/wp-content\/uploads\/2025\/12\/TL-WN8200ND-01.jpg","datePublished":"2025-12-17T19:02:54+00:00","dateModified":"2025-12-17T19:02:55+00:00","breadcrumb":{"@id":"https:\/\/mivoot.com\/gt\/producto\/adaptador-usb-inalambrico-de-alta-potencia-a-300mbps-tl-wn8200nd-tp-link\/#breadcrumb"},"inLanguage":"es","potentialAction":[{"@type":"ReadAction","target":["https:\/\/mivoot.com\/gt\/producto\/adaptador-usb-inalambrico-de-alta-potencia-a-300mbps-tl-wn8200nd-tp-link\/"]}]},{"@type":"ImageObject","inLanguage":"es","@id":"https:\/\/mivoot.com\/gt\/producto\/adaptador-usb-inalambrico-de-alta-potencia-a-300mbps-tl-wn8200nd-tp-link\/#primaryimage","url":"https:\/\/mivoot.com\/gt\/wp-content\/uploads\/2025\/12\/TL-WN8200ND-01.jpg","contentUrl":"https:\/\/mivoot.com\/gt\/wp-content\/uploads\/2025\/12\/TL-WN8200ND-01.jpg","width":590,"height":443},{"@type":"BreadcrumbList","@id":"https:\/\/mivoot.com\/gt\/producto\/adaptador-usb-inalambrico-de-alta-potencia-a-300mbps-tl-wn8200nd-tp-link\/#breadcrumb","itemListElement":[{"@type":"ListItem","position":1,"name":"Inicio","item":"https:\/\/mivoot.com\/gt\/"},{"@type":"ListItem","position":2,"name":"Productos","item":"https:\/\/mivoot.com\/gt\/producto\/"},{"@type":"ListItem","position":3,"name":"TP-Link","item":"https:\/\/mivoot.com\/gt\/marca\/tp-link\/"},{"@type":"ListItem","position":4,"name":"Adaptador USB Inal\u00e1mbrico de Alta Potencia a 300Mbps TL-WN8200ND Tp-Link"}]},{"@type":"WebSite","@id":"https:\/\/mivoot.com\/gt\/#website","url":"https:\/\/mivoot.com\/gt\/","name":"Mivoot","description":"Mivoot Guatemala | Tienda Online","publisher":{"@id":"https:\/\/mivoot.com\/gt\/#organization"},"alternateName":"mivoot","potentialAction":[{"@type":"SearchAction","target":{"@type":"EntryPoint","urlTemplate":"https:\/\/mivoot.com\/gt\/?s={search_term_string}"},"query-input":{"@type":"PropertyValueSpecification","valueRequired":true,"valueName":"search_term_string"}}],"inLanguage":"es"},{"@type":"Organization","@id":"https:\/\/mivoot.com\/gt\/#organization","name":"Mivoot Guatemala","alternateName":"mivoot.com","url":"https:\/\/mivoot.com\/gt\/","logo":{"@type":"ImageObject","inLanguage":"es","@id":"https:\/\/mivoot.com\/gt\/#\/schema\/logo\/image\/","url":"https:\/\/mivoot.com\/gt\/wp-content\/uploads\/2023\/03\/cropped-icon.png","contentUrl":"https:\/\/mivoot.com\/gt\/wp-content\/uploads\/2023\/03\/cropped-icon.png","width":512,"height":512,"caption":"Mivoot Guatemala"},"image":{"@id":"https:\/\/mivoot.com\/gt\/#\/schema\/logo\/image\/"},"sameAs":["https:\/\/www.facebook.com\/mivootgt","https:\/\/instagram.com\/mivoot"]}]}},"jetpack_publicize_connections":[],"jetpack_sharing_enabled":true,"brands":[{"id":320,"name":"TP-Link","slug":"tp-link"}],"_links":{"self":[{"href":"https:\/\/mivoot.com\/gt\/wp-json\/wp\/v2\/product\/31509","targetHints":{"allow":["GET"]}}],"collection":[{"href":"https:\/\/mivoot.com\/gt\/wp-json\/wp\/v2\/product"}],"about":[{"href":"https:\/\/mivoot.com\/gt\/wp-json\/wp\/v2\/types\/product"}],"replies":[{"embeddable":true,"href":"https:\/\/mivoot.com\/gt\/wp-json\/wp\/v2\/comments?post=31509"}],"version-history":[{"count":1,"href":"https:\/\/mivoot.com\/gt\/wp-json\/wp\/v2\/product\/31509\/revisions"}],"predecessor-version":[{"id":31514,"href":"https:\/\/mivoot.com\/gt\/wp-json\/wp\/v2\/product\/31509\/revisions\/31514"}],"wp:featuredmedia":[{"embeddable":true,"href":"https:\/\/mivoot.com\/gt\/wp-json\/wp\/v2\/media\/31510"}],"wp:attachment":[{"href":"https:\/\/mivoot.com\/gt\/wp-json\/wp\/v2\/media?parent=31509"}],"wp:term":[{"taxonomy":"pwb-brand","embeddable":true,"href":"https:\/\/mivoot.com\/gt\/wp-json\/wp\/v2\/pwb-brand?post=31509"},{"taxonomy":"product_brand","embeddable":true,"href":"https:\/\/mivoot.com\/gt\/wp-json\/wp\/v2\/product_brand?post=31509"},{"taxonomy":"product_cat","embeddable":true,"href":"https:\/\/mivoot.com\/gt\/wp-json\/wp\/v2\/product_cat?post=31509"},{"taxonomy":"product_tag","embeddable":true,"href":"https:\/\/mivoot.com\/gt\/wp-json\/wp\/v2\/product_tag?post=31509"}],"curies":[{"name":"wp","href":"https:\/\/api.w.org\/{rel}","templated":true}]}}