{"id":31738,"date":"2026-01-20T13:02:23","date_gmt":"2026-01-20T19:02:23","guid":{"rendered":"https:\/\/mivoot.com\/gt\/?post_type=product&#038;p=31738"},"modified":"2026-01-20T13:04:15","modified_gmt":"2026-01-20T19:04:15","slug":"camara-smart-ptz-wi-fi-edicion-r2d2-nexxt","status":"publish","type":"product","link":"https:\/\/mivoot.com\/gt\/producto\/camara-smart-ptz-wi-fi-edicion-r2d2-nexxt\/","title":{"rendered":"C\u00e1mara Smart PTZ Wi-Fi Edici\u00f3n R2D2 Nexxt"},"content":{"rendered":"<div class=\"container-fluid\">\n<div class=\"row no-gutters align-items-center justify-content-start align-content-center\">\n<div class=\"col\">\n<h1 class=\"mb-4\" style=\"text-align: center;\"><span style=\"font-size: 20.16px; color: #333333;\">C\u00e1mara Smart PTZ Wi-Fi Edici\u00f3n R2D2 Nexxt Tecnolog\u00eda que protege con el ingenio de un droide<\/span><\/h1>\n<\/div>\n<\/div>\n<\/div>\n<div id=\"tabs-container\" class=\"tabs\">\n<div id=\"tabs-container__BV_tab_container_\" class=\"tab-content mt-0\">\n<div id=\"__BVID__95\" class=\"tab-pane active\" role=\"tabpanel\" aria-hidden=\"false\" aria-labelledby=\"__BVID__95___BV_tab_button__\">\n<div class=\"container-fluid\">\n<div class=\"row no-gutters align-items-center justify-content-start align-content-center\">\n<div class=\"overview-content col\">\n<p class=\"text-justify\">Como R2-D2\u2122, esta c\u00e1mara inteligente combina poder visual, conectividad avanzada y funciones de seguridad para mantener tu hogar seguro, incluso en la oscuridad gal\u00e1ctica. Inst\u00e1lala en minutos y que la fuerza de la vigilancia est\u00e9 contigo.<\/p>\n<ul>\n<li>Resoluci\u00f3n 2K QHD (3MP) para capturar im\u00e1genes con total claridad.<\/li>\n<li>Panor\u00e1mica motorizada (355\u00b0) y \u00e1ngulo de inclinaci\u00f3n (55\u00b0) \u2014 ve m\u00e1s que un escuadr\u00f3n de stormtroopers.<\/li>\n<li>Wi-Fi<sup>\u00ae<\/sup>\u00a0de doble banda (2,4\/5GHz) para una transmisi\u00f3n m\u00e1s r\u00e1pida y fluida.<\/li>\n<li>Detecci\u00f3n de movimiento que te alerta al instante sobre cualquier actividad.<\/li>\n<li>Visi\u00f3n nocturna avanzada \u2014 ve claramente en la oscuridad, como un verdadero explorador droid.<\/li>\n<li>Audio bidireccional para hablar o escuchar a trav\u00e9s de a\u00f1os luz de distancia (o simplemente desde la habitaci\u00f3n del lado).<\/li>\n<li>Soporta almacenamiento local a trav\u00e9s de microSD\u2122 (hasta 256GB) y Nexxt Cloud.<\/li>\n<li>El clima se queda afuera \u2014 dise\u00f1ada para uso en interiores y f\u00e1cil montaje en pared.<\/li>\n<li>Configuraci\u00f3n r\u00e1pida en 3 pasos con la app Nexxt Home.<\/li>\n<\/ul>\n<h3 class=\"info-static-title\">Vista panor\u00e1mica sin puntos ciegos<\/h3>\n<div><\/div>\n<div class=\"info-static-text\">La lente fija ofrece una cobertura de gran angular, mientras que la funci\u00f3n PTZ (355\u00b0\/50\u00b0) permite un zoom digital de 6\u00d7 y gira para seguir cada movimiento.<\/div>\n<\/div>\n<\/div>\n<\/div>\n<\/div>\n<\/div>\n<\/div>\n<div><\/div>\n<div>\n<h3 class=\"info-static-title\">Alerta instant\u00e1nea, reacci\u00f3n inmediata<\/h3>\n<div class=\"info-static-text\">Recibe notificaciones en tiempo real cuando se detecte cualquier actividad sospechosa.<\/div>\n<\/div>\n<div><\/div>\n<div>\n<h3 class=\"info-static-title\">Estilo y seguridad en cualquier espacio<\/h3>\n<div class=\"info-static-text\">Ideal para interiores y montaje en techo, con un dise\u00f1o que combina estilo y m\u00e1xima protecci\u00f3n.<\/div>\n<\/div>\n<div><\/div>\n<div><img decoding=\"async\" src=\"http:\/\/nexxt-connectivity-frontend.s3.amazonaws.com\/media\/img\/NHC-IP15R2_Infografia_DK.jpg\" \/><\/div>\n","protected":false},"excerpt":{"rendered":"<p>&#8211; Resoluci\u00f3n 2K QHD (3MP) para capturar im\u00e1genes con total claridad.<br \/>\n&#8211; Panor\u00e1mica motorizada (355\u00b0) y \u00e1ngulo de inclinaci\u00f3n (55\u00b0) \u2014 ve m\u00e1s que un escuadr\u00f3n de stormtroopers.<br \/>\n&#8211; Wi-Fi\u00ae de doble banda (2,4\/5GHz) para una transmisi\u00f3n m\u00e1s r\u00e1pida y fluida.<br \/>\n&#8211; Detecci\u00f3n de movimiento que te alerta al instante sobre cualquier actividad.<br \/>\n&#8211; Visi\u00f3n nocturna avanzada \u2014 ve claramente en la oscuridad, como un verdadero explorador droid.<br \/>\n&#8211; Audio bidireccional para hablar o escuchar a trav\u00e9s de a\u00f1os luz de distancia (o simplemente desde la habitaci\u00f3n del lado).<br \/>\n&#8211; Soporta almacenamiento local a trav\u00e9s de microSD\u2122 (hasta 256GB) y Nexxt Cloud.<br \/>\n&#8211; El clima se queda afuera \u2014 dise\u00f1ada para uso en interiores y f\u00e1cil montaje en pared.<br \/>\n&#8211; Configuraci\u00f3n r\u00e1pida en 3 pasos con la app Nexxt Home.<\/p>\n","protected":false},"featured_media":31740,"comment_status":"open","ping_status":"closed","template":"","meta":{"jetpack_publicize_message":"","jetpack_publicize_feature_enabled":true,"jetpack_social_post_already_shared":true,"jetpack_social_options":{"image_generator_settings":{"template":"highway","default_image_id":0,"font":"","enabled":false},"version":2}},"pwb-brand":[72],"product_brand":[],"product_cat":[401],"product_tag":[],"class_list":{"0":"post-31738","1":"product","2":"type-product","3":"status-publish","4":"has-post-thumbnail","6":"pwb-brand-nexxt","7":"product_cat-camaras-wi-fi-inalambricas","9":"first","10":"instock","11":"taxable","12":"shipping-taxable","13":"purchasable","14":"product-type-simple"},"yoast_head":"<!-- This site is optimized with the Yoast SEO Premium plugin v25.7.1 (Yoast SEO v26.8) - https:\/\/yoast.com\/product\/yoast-seo-premium-wordpress\/ -->\n<title>C\u00e1mara Smart PTZ Wi-Fi Edici\u00f3n R2D2 Nexxt - Mivoot<\/title>\n<meta name=\"robots\" content=\"index, follow, max-snippet:-1, max-image-preview:large, max-video-preview:-1\" \/>\n<link rel=\"canonical\" href=\"https:\/\/mivoot.com\/gt\/producto\/camara-smart-ptz-wi-fi-edicion-r2d2-nexxt\/\" \/>\n<meta property=\"og:locale\" content=\"es_ES\" \/>\n<meta property=\"og:type\" content=\"article\" \/>\n<meta property=\"og:title\" content=\"C\u00e1mara Smart PTZ Wi-Fi Edici\u00f3n R2D2 Nexxt\" \/>\n<meta property=\"og:description\" content=\"- Resoluci\u00f3n 2K QHD (3MP) para capturar im\u00e1genes con total claridad. - Panor\u00e1mica motorizada (355\u00b0) y \u00e1ngulo de inclinaci\u00f3n (55\u00b0) \u2014 ve m\u00e1s que un escuadr\u00f3n de stormtroopers. - Wi-Fi\u00ae de doble banda (2,4\/5GHz) para una transmisi\u00f3n m\u00e1s r\u00e1pida y fluida. - Detecci\u00f3n de movimiento que te alerta al instante sobre cualquier actividad. - Visi\u00f3n nocturna avanzada \u2014 ve claramente en la oscuridad, como un verdadero explorador droid. - Audio bidireccional para hablar o escuchar a trav\u00e9s de a\u00f1os luz de distancia (o simplemente desde la habitaci\u00f3n del lado). - Soporta almacenamiento local a trav\u00e9s de microSD\u2122 (hasta 256GB) y Nexxt Cloud. - El clima se queda afuera \u2014 dise\u00f1ada para uso en interiores y f\u00e1cil montaje en pared. - Configuraci\u00f3n r\u00e1pida en 3 pasos con la app Nexxt Home.\" \/>\n<meta property=\"og:url\" content=\"https:\/\/mivoot.com\/gt\/producto\/camara-smart-ptz-wi-fi-edicion-r2d2-nexxt\/\" \/>\n<meta property=\"og:site_name\" content=\"Mivoot\" \/>\n<meta property=\"article:publisher\" content=\"https:\/\/www.facebook.com\/mivootgt\" \/>\n<meta property=\"article:modified_time\" content=\"2026-01-20T19:04:15+00:00\" \/>\n<meta property=\"og:image\" content=\"https:\/\/mivoot.com\/gt\/wp-content\/uploads\/2026\/01\/NHC-IP15-R2.jpg\" \/>\n\t<meta property=\"og:image:width\" content=\"1000\" \/>\n\t<meta property=\"og:image:height\" content=\"1000\" \/>\n\t<meta property=\"og:image:type\" content=\"image\/jpeg\" \/>\n<meta name=\"twitter:card\" content=\"summary_large_image\" \/>\n<meta name=\"twitter:label1\" content=\"Est. reading time\" \/>\n\t<meta name=\"twitter:data1\" content=\"2 minutos\" \/>\n<script type=\"application\/ld+json\" class=\"yoast-schema-graph\">{\"@context\":\"https:\/\/schema.org\",\"@graph\":[{\"@type\":\"WebPage\",\"@id\":\"https:\/\/mivoot.com\/gt\/producto\/camara-smart-ptz-wi-fi-edicion-r2d2-nexxt\/\",\"url\":\"https:\/\/mivoot.com\/gt\/producto\/camara-smart-ptz-wi-fi-edicion-r2d2-nexxt\/\",\"name\":\"C\u00e1mara Smart PTZ Wi-Fi Edici\u00f3n R2D2 Nexxt - Mivoot\",\"isPartOf\":{\"@id\":\"https:\/\/mivoot.com\/gt\/#website\"},\"primaryImageOfPage\":{\"@id\":\"https:\/\/mivoot.com\/gt\/producto\/camara-smart-ptz-wi-fi-edicion-r2d2-nexxt\/#primaryimage\"},\"image\":{\"@id\":\"https:\/\/mivoot.com\/gt\/producto\/camara-smart-ptz-wi-fi-edicion-r2d2-nexxt\/#primaryimage\"},\"thumbnailUrl\":\"https:\/\/mivoot.com\/gt\/wp-content\/uploads\/2026\/01\/NHC-IP15-R2.jpg\",\"datePublished\":\"2026-01-20T19:02:23+00:00\",\"dateModified\":\"2026-01-20T19:04:15+00:00\",\"breadcrumb\":{\"@id\":\"https:\/\/mivoot.com\/gt\/producto\/camara-smart-ptz-wi-fi-edicion-r2d2-nexxt\/#breadcrumb\"},\"inLanguage\":\"es\",\"potentialAction\":[{\"@type\":\"ReadAction\",\"target\":[\"https:\/\/mivoot.com\/gt\/producto\/camara-smart-ptz-wi-fi-edicion-r2d2-nexxt\/\"]}]},{\"@type\":\"ImageObject\",\"inLanguage\":\"es\",\"@id\":\"https:\/\/mivoot.com\/gt\/producto\/camara-smart-ptz-wi-fi-edicion-r2d2-nexxt\/#primaryimage\",\"url\":\"https:\/\/mivoot.com\/gt\/wp-content\/uploads\/2026\/01\/NHC-IP15-R2.jpg\",\"contentUrl\":\"https:\/\/mivoot.com\/gt\/wp-content\/uploads\/2026\/01\/NHC-IP15-R2.jpg\",\"width\":1000,\"height\":1000},{\"@type\":\"BreadcrumbList\",\"@id\":\"https:\/\/mivoot.com\/gt\/producto\/camara-smart-ptz-wi-fi-edicion-r2d2-nexxt\/#breadcrumb\",\"itemListElement\":[{\"@type\":\"ListItem\",\"position\":1,\"name\":\"Inicio\",\"item\":\"https:\/\/mivoot.com\/gt\/\"},{\"@type\":\"ListItem\",\"position\":2,\"name\":\"Productos\",\"item\":\"https:\/\/mivoot.com\/gt\/producto\/\"},{\"@type\":\"ListItem\",\"position\":3,\"name\":\"Nexxt\",\"item\":\"https:\/\/mivoot.com\/gt\/marca\/nexxt\/\"},{\"@type\":\"ListItem\",\"position\":4,\"name\":\"C\u00e1mara Smart PTZ Wi-Fi Edici\u00f3n R2D2 Nexxt\"}]},{\"@type\":\"WebSite\",\"@id\":\"https:\/\/mivoot.com\/gt\/#website\",\"url\":\"https:\/\/mivoot.com\/gt\/\",\"name\":\"Mivoot\",\"description\":\"Mivoot Guatemala | Tienda Online\",\"publisher\":{\"@id\":\"https:\/\/mivoot.com\/gt\/#organization\"},\"alternateName\":\"mivoot\",\"potentialAction\":[{\"@type\":\"SearchAction\",\"target\":{\"@type\":\"EntryPoint\",\"urlTemplate\":\"https:\/\/mivoot.com\/gt\/?s={search_term_string}\"},\"query-input\":{\"@type\":\"PropertyValueSpecification\",\"valueRequired\":true,\"valueName\":\"search_term_string\"}}],\"inLanguage\":\"es\"},{\"@type\":\"Organization\",\"@id\":\"https:\/\/mivoot.com\/gt\/#organization\",\"name\":\"Mivoot Guatemala\",\"alternateName\":\"mivoot.com\",\"url\":\"https:\/\/mivoot.com\/gt\/\",\"logo\":{\"@type\":\"ImageObject\",\"inLanguage\":\"es\",\"@id\":\"https:\/\/mivoot.com\/gt\/#\/schema\/logo\/image\/\",\"url\":\"https:\/\/mivoot.com\/gt\/wp-content\/uploads\/2023\/03\/cropped-icon.png\",\"contentUrl\":\"https:\/\/mivoot.com\/gt\/wp-content\/uploads\/2023\/03\/cropped-icon.png\",\"width\":512,\"height\":512,\"caption\":\"Mivoot Guatemala\"},\"image\":{\"@id\":\"https:\/\/mivoot.com\/gt\/#\/schema\/logo\/image\/\"},\"sameAs\":[\"https:\/\/www.facebook.com\/mivootgt\",\"https:\/\/instagram.com\/mivoot\"]}]}<\/script>\n<!-- \/ Yoast SEO Premium plugin. -->","yoast_head_json":{"title":"C\u00e1mara Smart PTZ Wi-Fi Edici\u00f3n R2D2 Nexxt - Mivoot","robots":{"index":"index","follow":"follow","max-snippet":"max-snippet:-1","max-image-preview":"max-image-preview:large","max-video-preview":"max-video-preview:-1"},"canonical":"https:\/\/mivoot.com\/gt\/producto\/camara-smart-ptz-wi-fi-edicion-r2d2-nexxt\/","og_locale":"es_ES","og_type":"article","og_title":"C\u00e1mara Smart PTZ Wi-Fi Edici\u00f3n R2D2 Nexxt","og_description":"- Resoluci\u00f3n 2K QHD (3MP) para capturar im\u00e1genes con total claridad. - Panor\u00e1mica motorizada (355\u00b0) y \u00e1ngulo de inclinaci\u00f3n (55\u00b0) \u2014 ve m\u00e1s que un escuadr\u00f3n de stormtroopers. - Wi-Fi\u00ae de doble banda (2,4\/5GHz) para una transmisi\u00f3n m\u00e1s r\u00e1pida y fluida. - Detecci\u00f3n de movimiento que te alerta al instante sobre cualquier actividad. - Visi\u00f3n nocturna avanzada \u2014 ve claramente en la oscuridad, como un verdadero explorador droid. - Audio bidireccional para hablar o escuchar a trav\u00e9s de a\u00f1os luz de distancia (o simplemente desde la habitaci\u00f3n del lado). - Soporta almacenamiento local a trav\u00e9s de microSD\u2122 (hasta 256GB) y Nexxt Cloud. - El clima se queda afuera \u2014 dise\u00f1ada para uso en interiores y f\u00e1cil montaje en pared. - Configuraci\u00f3n r\u00e1pida en 3 pasos con la app Nexxt Home.","og_url":"https:\/\/mivoot.com\/gt\/producto\/camara-smart-ptz-wi-fi-edicion-r2d2-nexxt\/","og_site_name":"Mivoot","article_publisher":"https:\/\/www.facebook.com\/mivootgt","article_modified_time":"2026-01-20T19:04:15+00:00","og_image":[{"width":1000,"height":1000,"url":"https:\/\/mivoot.com\/gt\/wp-content\/uploads\/2026\/01\/NHC-IP15-R2.jpg","type":"image\/jpeg"}],"twitter_card":"summary_large_image","twitter_misc":{"Est. reading time":"2 minutos"},"schema":{"@context":"https:\/\/schema.org","@graph":[{"@type":"WebPage","@id":"https:\/\/mivoot.com\/gt\/producto\/camara-smart-ptz-wi-fi-edicion-r2d2-nexxt\/","url":"https:\/\/mivoot.com\/gt\/producto\/camara-smart-ptz-wi-fi-edicion-r2d2-nexxt\/","name":"C\u00e1mara Smart PTZ Wi-Fi Edici\u00f3n R2D2 Nexxt - Mivoot","isPartOf":{"@id":"https:\/\/mivoot.com\/gt\/#website"},"primaryImageOfPage":{"@id":"https:\/\/mivoot.com\/gt\/producto\/camara-smart-ptz-wi-fi-edicion-r2d2-nexxt\/#primaryimage"},"image":{"@id":"https:\/\/mivoot.com\/gt\/producto\/camara-smart-ptz-wi-fi-edicion-r2d2-nexxt\/#primaryimage"},"thumbnailUrl":"https:\/\/mivoot.com\/gt\/wp-content\/uploads\/2026\/01\/NHC-IP15-R2.jpg","datePublished":"2026-01-20T19:02:23+00:00","dateModified":"2026-01-20T19:04:15+00:00","breadcrumb":{"@id":"https:\/\/mivoot.com\/gt\/producto\/camara-smart-ptz-wi-fi-edicion-r2d2-nexxt\/#breadcrumb"},"inLanguage":"es","potentialAction":[{"@type":"ReadAction","target":["https:\/\/mivoot.com\/gt\/producto\/camara-smart-ptz-wi-fi-edicion-r2d2-nexxt\/"]}]},{"@type":"ImageObject","inLanguage":"es","@id":"https:\/\/mivoot.com\/gt\/producto\/camara-smart-ptz-wi-fi-edicion-r2d2-nexxt\/#primaryimage","url":"https:\/\/mivoot.com\/gt\/wp-content\/uploads\/2026\/01\/NHC-IP15-R2.jpg","contentUrl":"https:\/\/mivoot.com\/gt\/wp-content\/uploads\/2026\/01\/NHC-IP15-R2.jpg","width":1000,"height":1000},{"@type":"BreadcrumbList","@id":"https:\/\/mivoot.com\/gt\/producto\/camara-smart-ptz-wi-fi-edicion-r2d2-nexxt\/#breadcrumb","itemListElement":[{"@type":"ListItem","position":1,"name":"Inicio","item":"https:\/\/mivoot.com\/gt\/"},{"@type":"ListItem","position":2,"name":"Productos","item":"https:\/\/mivoot.com\/gt\/producto\/"},{"@type":"ListItem","position":3,"name":"Nexxt","item":"https:\/\/mivoot.com\/gt\/marca\/nexxt\/"},{"@type":"ListItem","position":4,"name":"C\u00e1mara Smart PTZ Wi-Fi Edici\u00f3n R2D2 Nexxt"}]},{"@type":"WebSite","@id":"https:\/\/mivoot.com\/gt\/#website","url":"https:\/\/mivoot.com\/gt\/","name":"Mivoot","description":"Mivoot Guatemala | Tienda Online","publisher":{"@id":"https:\/\/mivoot.com\/gt\/#organization"},"alternateName":"mivoot","potentialAction":[{"@type":"SearchAction","target":{"@type":"EntryPoint","urlTemplate":"https:\/\/mivoot.com\/gt\/?s={search_term_string}"},"query-input":{"@type":"PropertyValueSpecification","valueRequired":true,"valueName":"search_term_string"}}],"inLanguage":"es"},{"@type":"Organization","@id":"https:\/\/mivoot.com\/gt\/#organization","name":"Mivoot Guatemala","alternateName":"mivoot.com","url":"https:\/\/mivoot.com\/gt\/","logo":{"@type":"ImageObject","inLanguage":"es","@id":"https:\/\/mivoot.com\/gt\/#\/schema\/logo\/image\/","url":"https:\/\/mivoot.com\/gt\/wp-content\/uploads\/2023\/03\/cropped-icon.png","contentUrl":"https:\/\/mivoot.com\/gt\/wp-content\/uploads\/2023\/03\/cropped-icon.png","width":512,"height":512,"caption":"Mivoot Guatemala"},"image":{"@id":"https:\/\/mivoot.com\/gt\/#\/schema\/logo\/image\/"},"sameAs":["https:\/\/www.facebook.com\/mivootgt","https:\/\/instagram.com\/mivoot"]}]}},"jetpack_publicize_connections":[],"jetpack_sharing_enabled":true,"brands":[{"id":72,"name":"Nexxt","slug":"nexxt"}],"_links":{"self":[{"href":"https:\/\/mivoot.com\/gt\/wp-json\/wp\/v2\/product\/31738","targetHints":{"allow":["GET"]}}],"collection":[{"href":"https:\/\/mivoot.com\/gt\/wp-json\/wp\/v2\/product"}],"about":[{"href":"https:\/\/mivoot.com\/gt\/wp-json\/wp\/v2\/types\/product"}],"replies":[{"embeddable":true,"href":"https:\/\/mivoot.com\/gt\/wp-json\/wp\/v2\/comments?post=31738"}],"version-history":[{"count":1,"href":"https:\/\/mivoot.com\/gt\/wp-json\/wp\/v2\/product\/31738\/revisions"}],"predecessor-version":[{"id":31745,"href":"https:\/\/mivoot.com\/gt\/wp-json\/wp\/v2\/product\/31738\/revisions\/31745"}],"wp:featuredmedia":[{"embeddable":true,"href":"https:\/\/mivoot.com\/gt\/wp-json\/wp\/v2\/media\/31740"}],"wp:attachment":[{"href":"https:\/\/mivoot.com\/gt\/wp-json\/wp\/v2\/media?parent=31738"}],"wp:term":[{"taxonomy":"pwb-brand","embeddable":true,"href":"https:\/\/mivoot.com\/gt\/wp-json\/wp\/v2\/pwb-brand?post=31738"},{"taxonomy":"product_brand","embeddable":true,"href":"https:\/\/mivoot.com\/gt\/wp-json\/wp\/v2\/product_brand?post=31738"},{"taxonomy":"product_cat","embeddable":true,"href":"https:\/\/mivoot.com\/gt\/wp-json\/wp\/v2\/product_cat?post=31738"},{"taxonomy":"product_tag","embeddable":true,"href":"https:\/\/mivoot.com\/gt\/wp-json\/wp\/v2\/product_tag?post=31738"}],"curies":[{"name":"wp","href":"https:\/\/api.w.org\/{rel}","templated":true}]}}