{"id":31978,"date":"2026-02-04T17:11:52","date_gmt":"2026-02-04T23:11:52","guid":{"rendered":"https:\/\/mivoot.com\/gt\/?post_type=product&#038;p=31978"},"modified":"2026-02-05T19:30:30","modified_gmt":"2026-02-06T01:30:30","slug":"bocina-bluetooth-5w-ip67-blanco-select-4-go-soundcore","status":"publish","type":"product","link":"https:\/\/mivoot.com\/gt\/producto\/bocina-bluetooth-5w-ip67-blanco-select-4-go-soundcore\/","title":{"rendered":"Bocina Bluetooth 5W IP67 Blanco Select 4 Go Soundcore"},"content":{"rendered":"<h1 style=\"text-align: center;\">Bocina Bluetooth 5W IP67 Blanco Select 4 Go Soundcore<\/h1>\n<h2 class=\"text-balance tracking-[-0.04em] text-[32px] font-bold x:text-[20px] [&amp;_b]:font-bold\" style=\"text-align: center;\">Altavoz Bluetooth para ducha<\/h2>\n<ul>\n<li>Reproducci\u00f3n ultralarga de 20 h \uff1aDisfruta de hasta 20 horas de m\u00fasica ininterrumpida con una sola carga, perfecto para aventuras prolongadas al aire libre y reuniones de todo un d\u00eda.<\/li>\n<li>Sonido sorprendentemente potente de 5 W \uff1aPuede que sea peque\u00f1o, pero este altavoz Bluetooth compacto ofrece un sonido claro y din\u00e1mico de 5 W.<\/li>\n<li>Preparado para exteriores con protecci\u00f3n IP67\uff1aEste altavoz para exteriores tiene la clasificaci\u00f3n IP67 para una protecci\u00f3n total contra el polvo y el agua, e incluso puede flotar, por lo que es ideal para viajes al r\u00edo y fiestas en la playa.<\/li>\n<li>Ligero y port\u00e1til\uff1aEl dise\u00f1o ligero y la correa incorporada facilitan el transporte de este altavoz para exteriores a cualquier parte, ya sea de excursi\u00f3n, en bicicleta o simplemente para dar un paseo.<\/li>\n<li>Emparejamiento est\u00e9reo True Wireless\uff1aActiva el emparejamiento True Wireless Stereo (TWS) para conectar dos altavoces de forma inal\u00e1mbrica y disfrutar de una experiencia est\u00e9reo envolvente.<\/li>\n<\/ul>\n<ul class=\"chedrauimx-frontend-applications-5-x-descriptionList\">\n<li class=\"chedrauimx-frontend-applications-5-x-listElement\">Soporta condiciones en exteriores.<\/li>\n<li class=\"chedrauimx-frontend-applications-5-x-listElement\">Resistente al agua y polvo.<\/li>\n<li class=\"chedrauimx-frontend-applications-5-x-listElement\">Hasta 20 hrs de reproducci\u00f3n.<\/li>\n<li class=\"chedrauimx-frontend-applications-5-x-listElement\">Audio claro y din\u00e1mico.<\/li>\n<li class=\"chedrauimx-frontend-applications-5-x-listElement\">Ligero y con correa integrada.<\/li>\n<\/ul>\n<p><img decoding=\"async\" src=\"https:\/\/m.media-amazon.com\/images\/S\/aplus-media-library-service-media\/b36cac80-bb93-41d0-8c7d-de1d207bb055.__CR0,0,2196,900_PT0_SX1464_V1___.jpeg\" \/><img decoding=\"async\" src=\"https:\/\/m.media-amazon.com\/images\/S\/aplus-media-library-service-media\/99c949a2-c38c-45e3-b21f-ee5d21d4c73b.__CR0,0,2196,900_PT0_SX1464_V1___.jpeg\" \/><img decoding=\"async\" src=\"https:\/\/m.media-amazon.com\/images\/S\/aplus-media\/sc\/943b0256-fb67-4ff9-a32f-ce6289d822f7.__CR0,0,2196,900_PT0_SX1464_V1___.jpg\" alt=\"cover_image\" \/><img decoding=\"async\" src=\"https:\/\/m.media-amazon.com\/images\/S\/aplus-media-library-service-media\/f77a9d8a-16f0-4d63-a2e6-ec1bfc5ea536.__CR0,0,2196,900_PT0_SX1464_V1___.jpg\" \/><img decoding=\"async\" src=\"https:\/\/m.media-amazon.com\/images\/S\/aplus-media-library-service-media\/73df814c-3f04-4b79-95c8-7c187d401218.__CR0,0,2196,900_PT0_SX1464_V1___.jpg\" \/><img decoding=\"async\" src=\"https:\/\/m.media-amazon.com\/images\/S\/aplus-media-library-service-media\/d496901a-8fbc-4542-b08f-e56354f20f39.__CR0,0,2196,900_PT0_SX1464_V1___.jpg\" \/><img decoding=\"async\" src=\"https:\/\/m.media-amazon.com\/images\/S\/aplus-media-library-service-media\/68f70f43-7c09-4b5b-ad10-dc2d25fec9c5.__CR0,0,2196,900_PT0_SX1464_V1___.jpg\" \/><\/p>\n","protected":false},"excerpt":{"rendered":"<p>\u2013 Potencia de salida: 5 W<br \/>\n\u2013 Versi\u00f3n de Bluetooth: 5.4<br \/>\n\u2013 Alcance Bluetoot: Hasta 30 metros (puede variar seg\u00fan el entorno)<br \/>\n\u2013 Conectividad simult\u00e1nea: Hasta 2 dispositivos al mismo tiempo<br \/>\n\u2013 tiempo de carga: Aproximadamente 4 horas (con cargador 5 V \/ 1.5 A certificado)<br \/>\n\u2013 Indicadores LED: \u2013 Rojo: Cargando \/ Blanco: Carga completa (apagado) \/ Azul: Reproducci\u00f3n<br \/>\n\u2013 Indicador de bater\u00eda baja: LED parpadea en rojo cuando la bater\u00eda est\u00e1 por debajo del 10 %<br \/>\n\u2013 Resistencia al agua: IPX67 (asegurar cubierta impermeable bien sellada)<br \/>\n\u2013 Micr\u00f3fono incorporado: No<br \/>\n\u2013 Soporte para llamadas: No<br \/>\n\u2013 Compatibilidad con App: Compatible con la aplicaci\u00f3n Soundcore (iOS y Android).<\/p>\n","protected":false},"featured_media":31981,"comment_status":"open","ping_status":"closed","template":"","meta":{"jetpack_publicize_message":"","jetpack_publicize_feature_enabled":true,"jetpack_social_post_already_shared":true,"jetpack_social_options":{"image_generator_settings":{"template":"highway","default_image_id":0,"font":"","enabled":false},"version":2}},"pwb-brand":[646],"product_brand":[],"product_cat":[26],"product_tag":[],"class_list":{"0":"post-31978","1":"product","2":"type-product","3":"status-publish","4":"has-post-thumbnail","6":"pwb-brand-soundcore","7":"product_cat-bocinas","9":"first","10":"instock","11":"taxable","12":"shipping-taxable","13":"purchasable","14":"product-type-simple"},"yoast_head":"<!-- This site is optimized with the Yoast SEO Premium plugin v25.7.1 (Yoast SEO v26.8) - https:\/\/yoast.com\/product\/yoast-seo-premium-wordpress\/ -->\n<title>Bocina Bluetooth 5W IP67 Blanco Select 4 Go Soundcore - Mivoot<\/title>\n<meta name=\"robots\" content=\"index, follow, max-snippet:-1, max-image-preview:large, max-video-preview:-1\" \/>\n<link rel=\"canonical\" href=\"https:\/\/mivoot.com\/gt\/producto\/bocina-bluetooth-5w-ip67-blanco-select-4-go-soundcore\/\" \/>\n<meta property=\"og:locale\" content=\"es_ES\" \/>\n<meta property=\"og:type\" content=\"article\" \/>\n<meta property=\"og:title\" content=\"Bocina Bluetooth 5W IP67 Blanco Select 4 Go Soundcore\" \/>\n<meta property=\"og:description\" content=\"\u2013 Potencia de salida: 5 W \u2013 Versi\u00f3n de Bluetooth: 5.4 \u2013 Alcance Bluetoot: Hasta 30 metros (puede variar seg\u00fan el entorno) \u2013 Conectividad simult\u00e1nea: Hasta 2 dispositivos al mismo tiempo \u2013 tiempo de carga: Aproximadamente 4 horas (con cargador 5 V \/ 1.5 A certificado) \u2013 Indicadores LED: \u2013 Rojo: Cargando \/ Blanco: Carga completa (apagado) \/ Azul: Reproducci\u00f3n \u2013 Indicador de bater\u00eda baja: LED parpadea en rojo cuando la bater\u00eda est\u00e1 por debajo del 10 % \u2013 Resistencia al agua: IPX67 (asegurar cubierta impermeable bien sellada) \u2013 Micr\u00f3fono incorporado: No \u2013 Soporte para llamadas: No \u2013 Compatibilidad con App: Compatible con la aplicaci\u00f3n Soundcore (iOS y Android).\" \/>\n<meta property=\"og:url\" content=\"https:\/\/mivoot.com\/gt\/producto\/bocina-bluetooth-5w-ip67-blanco-select-4-go-soundcore\/\" \/>\n<meta property=\"og:site_name\" content=\"Mivoot\" \/>\n<meta property=\"article:publisher\" content=\"https:\/\/www.facebook.com\/mivootgt\" \/>\n<meta property=\"article:modified_time\" content=\"2026-02-06T01:30:30+00:00\" \/>\n<meta property=\"og:image\" content=\"https:\/\/mivoot.com\/gt\/wp-content\/uploads\/2026\/02\/go-4-blanco-03.jpg\" \/>\n\t<meta property=\"og:image:width\" content=\"250\" \/>\n\t<meta property=\"og:image:height\" content=\"250\" \/>\n\t<meta property=\"og:image:type\" content=\"image\/jpeg\" \/>\n<meta name=\"twitter:card\" content=\"summary_large_image\" \/>\n<meta name=\"twitter:label1\" content=\"Est. reading time\" \/>\n\t<meta name=\"twitter:data1\" content=\"3 minutos\" \/>\n<script type=\"application\/ld+json\" class=\"yoast-schema-graph\">{\"@context\":\"https:\/\/schema.org\",\"@graph\":[{\"@type\":\"WebPage\",\"@id\":\"https:\/\/mivoot.com\/gt\/producto\/bocina-bluetooth-5w-ip67-blanco-select-4-go-soundcore\/\",\"url\":\"https:\/\/mivoot.com\/gt\/producto\/bocina-bluetooth-5w-ip67-blanco-select-4-go-soundcore\/\",\"name\":\"Bocina Bluetooth 5W IP67 Blanco Select 4 Go Soundcore - Mivoot\",\"isPartOf\":{\"@id\":\"https:\/\/mivoot.com\/gt\/#website\"},\"primaryImageOfPage\":{\"@id\":\"https:\/\/mivoot.com\/gt\/producto\/bocina-bluetooth-5w-ip67-blanco-select-4-go-soundcore\/#primaryimage\"},\"image\":{\"@id\":\"https:\/\/mivoot.com\/gt\/producto\/bocina-bluetooth-5w-ip67-blanco-select-4-go-soundcore\/#primaryimage\"},\"thumbnailUrl\":\"https:\/\/mivoot.com\/gt\/wp-content\/uploads\/2026\/02\/go-4-blanco-03.jpg\",\"datePublished\":\"2026-02-04T23:11:52+00:00\",\"dateModified\":\"2026-02-06T01:30:30+00:00\",\"breadcrumb\":{\"@id\":\"https:\/\/mivoot.com\/gt\/producto\/bocina-bluetooth-5w-ip67-blanco-select-4-go-soundcore\/#breadcrumb\"},\"inLanguage\":\"es\",\"potentialAction\":[{\"@type\":\"ReadAction\",\"target\":[\"https:\/\/mivoot.com\/gt\/producto\/bocina-bluetooth-5w-ip67-blanco-select-4-go-soundcore\/\"]}]},{\"@type\":\"ImageObject\",\"inLanguage\":\"es\",\"@id\":\"https:\/\/mivoot.com\/gt\/producto\/bocina-bluetooth-5w-ip67-blanco-select-4-go-soundcore\/#primaryimage\",\"url\":\"https:\/\/mivoot.com\/gt\/wp-content\/uploads\/2026\/02\/go-4-blanco-03.jpg\",\"contentUrl\":\"https:\/\/mivoot.com\/gt\/wp-content\/uploads\/2026\/02\/go-4-blanco-03.jpg\",\"width\":250,\"height\":250},{\"@type\":\"BreadcrumbList\",\"@id\":\"https:\/\/mivoot.com\/gt\/producto\/bocina-bluetooth-5w-ip67-blanco-select-4-go-soundcore\/#breadcrumb\",\"itemListElement\":[{\"@type\":\"ListItem\",\"position\":1,\"name\":\"Inicio\",\"item\":\"https:\/\/mivoot.com\/gt\/\"},{\"@type\":\"ListItem\",\"position\":2,\"name\":\"Productos\",\"item\":\"https:\/\/mivoot.com\/gt\/producto\/\"},{\"@type\":\"ListItem\",\"position\":3,\"name\":\"Soundcore\",\"item\":\"https:\/\/mivoot.com\/gt\/marca\/soundcore\/\"},{\"@type\":\"ListItem\",\"position\":4,\"name\":\"Bocina Bluetooth 5W IP67 Blanco Select 4 Go Soundcore\"}]},{\"@type\":\"WebSite\",\"@id\":\"https:\/\/mivoot.com\/gt\/#website\",\"url\":\"https:\/\/mivoot.com\/gt\/\",\"name\":\"Mivoot\",\"description\":\"Mivoot Guatemala | Tienda Online\",\"publisher\":{\"@id\":\"https:\/\/mivoot.com\/gt\/#organization\"},\"alternateName\":\"mivoot\",\"potentialAction\":[{\"@type\":\"SearchAction\",\"target\":{\"@type\":\"EntryPoint\",\"urlTemplate\":\"https:\/\/mivoot.com\/gt\/?s={search_term_string}\"},\"query-input\":{\"@type\":\"PropertyValueSpecification\",\"valueRequired\":true,\"valueName\":\"search_term_string\"}}],\"inLanguage\":\"es\"},{\"@type\":\"Organization\",\"@id\":\"https:\/\/mivoot.com\/gt\/#organization\",\"name\":\"Mivoot Guatemala\",\"alternateName\":\"mivoot.com\",\"url\":\"https:\/\/mivoot.com\/gt\/\",\"logo\":{\"@type\":\"ImageObject\",\"inLanguage\":\"es\",\"@id\":\"https:\/\/mivoot.com\/gt\/#\/schema\/logo\/image\/\",\"url\":\"https:\/\/mivoot.com\/gt\/wp-content\/uploads\/2023\/03\/cropped-icon.png\",\"contentUrl\":\"https:\/\/mivoot.com\/gt\/wp-content\/uploads\/2023\/03\/cropped-icon.png\",\"width\":512,\"height\":512,\"caption\":\"Mivoot Guatemala\"},\"image\":{\"@id\":\"https:\/\/mivoot.com\/gt\/#\/schema\/logo\/image\/\"},\"sameAs\":[\"https:\/\/www.facebook.com\/mivootgt\",\"https:\/\/instagram.com\/mivoot\"]}]}<\/script>\n<!-- \/ Yoast SEO Premium plugin. -->","yoast_head_json":{"title":"Bocina Bluetooth 5W IP67 Blanco Select 4 Go Soundcore - Mivoot","robots":{"index":"index","follow":"follow","max-snippet":"max-snippet:-1","max-image-preview":"max-image-preview:large","max-video-preview":"max-video-preview:-1"},"canonical":"https:\/\/mivoot.com\/gt\/producto\/bocina-bluetooth-5w-ip67-blanco-select-4-go-soundcore\/","og_locale":"es_ES","og_type":"article","og_title":"Bocina Bluetooth 5W IP67 Blanco Select 4 Go Soundcore","og_description":"\u2013 Potencia de salida: 5 W \u2013 Versi\u00f3n de Bluetooth: 5.4 \u2013 Alcance Bluetoot: Hasta 30 metros (puede variar seg\u00fan el entorno) \u2013 Conectividad simult\u00e1nea: Hasta 2 dispositivos al mismo tiempo \u2013 tiempo de carga: Aproximadamente 4 horas (con cargador 5 V \/ 1.5 A certificado) \u2013 Indicadores LED: \u2013 Rojo: Cargando \/ Blanco: Carga completa (apagado) \/ Azul: Reproducci\u00f3n \u2013 Indicador de bater\u00eda baja: LED parpadea en rojo cuando la bater\u00eda est\u00e1 por debajo del 10 % \u2013 Resistencia al agua: IPX67 (asegurar cubierta impermeable bien sellada) \u2013 Micr\u00f3fono incorporado: No \u2013 Soporte para llamadas: No \u2013 Compatibilidad con App: Compatible con la aplicaci\u00f3n Soundcore (iOS y Android).","og_url":"https:\/\/mivoot.com\/gt\/producto\/bocina-bluetooth-5w-ip67-blanco-select-4-go-soundcore\/","og_site_name":"Mivoot","article_publisher":"https:\/\/www.facebook.com\/mivootgt","article_modified_time":"2026-02-06T01:30:30+00:00","og_image":[{"width":250,"height":250,"url":"https:\/\/mivoot.com\/gt\/wp-content\/uploads\/2026\/02\/go-4-blanco-03.jpg","type":"image\/jpeg"}],"twitter_card":"summary_large_image","twitter_misc":{"Est. reading time":"3 minutos"},"schema":{"@context":"https:\/\/schema.org","@graph":[{"@type":"WebPage","@id":"https:\/\/mivoot.com\/gt\/producto\/bocina-bluetooth-5w-ip67-blanco-select-4-go-soundcore\/","url":"https:\/\/mivoot.com\/gt\/producto\/bocina-bluetooth-5w-ip67-blanco-select-4-go-soundcore\/","name":"Bocina Bluetooth 5W IP67 Blanco Select 4 Go Soundcore - Mivoot","isPartOf":{"@id":"https:\/\/mivoot.com\/gt\/#website"},"primaryImageOfPage":{"@id":"https:\/\/mivoot.com\/gt\/producto\/bocina-bluetooth-5w-ip67-blanco-select-4-go-soundcore\/#primaryimage"},"image":{"@id":"https:\/\/mivoot.com\/gt\/producto\/bocina-bluetooth-5w-ip67-blanco-select-4-go-soundcore\/#primaryimage"},"thumbnailUrl":"https:\/\/mivoot.com\/gt\/wp-content\/uploads\/2026\/02\/go-4-blanco-03.jpg","datePublished":"2026-02-04T23:11:52+00:00","dateModified":"2026-02-06T01:30:30+00:00","breadcrumb":{"@id":"https:\/\/mivoot.com\/gt\/producto\/bocina-bluetooth-5w-ip67-blanco-select-4-go-soundcore\/#breadcrumb"},"inLanguage":"es","potentialAction":[{"@type":"ReadAction","target":["https:\/\/mivoot.com\/gt\/producto\/bocina-bluetooth-5w-ip67-blanco-select-4-go-soundcore\/"]}]},{"@type":"ImageObject","inLanguage":"es","@id":"https:\/\/mivoot.com\/gt\/producto\/bocina-bluetooth-5w-ip67-blanco-select-4-go-soundcore\/#primaryimage","url":"https:\/\/mivoot.com\/gt\/wp-content\/uploads\/2026\/02\/go-4-blanco-03.jpg","contentUrl":"https:\/\/mivoot.com\/gt\/wp-content\/uploads\/2026\/02\/go-4-blanco-03.jpg","width":250,"height":250},{"@type":"BreadcrumbList","@id":"https:\/\/mivoot.com\/gt\/producto\/bocina-bluetooth-5w-ip67-blanco-select-4-go-soundcore\/#breadcrumb","itemListElement":[{"@type":"ListItem","position":1,"name":"Inicio","item":"https:\/\/mivoot.com\/gt\/"},{"@type":"ListItem","position":2,"name":"Productos","item":"https:\/\/mivoot.com\/gt\/producto\/"},{"@type":"ListItem","position":3,"name":"Soundcore","item":"https:\/\/mivoot.com\/gt\/marca\/soundcore\/"},{"@type":"ListItem","position":4,"name":"Bocina Bluetooth 5W IP67 Blanco Select 4 Go Soundcore"}]},{"@type":"WebSite","@id":"https:\/\/mivoot.com\/gt\/#website","url":"https:\/\/mivoot.com\/gt\/","name":"Mivoot","description":"Mivoot Guatemala | Tienda Online","publisher":{"@id":"https:\/\/mivoot.com\/gt\/#organization"},"alternateName":"mivoot","potentialAction":[{"@type":"SearchAction","target":{"@type":"EntryPoint","urlTemplate":"https:\/\/mivoot.com\/gt\/?s={search_term_string}"},"query-input":{"@type":"PropertyValueSpecification","valueRequired":true,"valueName":"search_term_string"}}],"inLanguage":"es"},{"@type":"Organization","@id":"https:\/\/mivoot.com\/gt\/#organization","name":"Mivoot Guatemala","alternateName":"mivoot.com","url":"https:\/\/mivoot.com\/gt\/","logo":{"@type":"ImageObject","inLanguage":"es","@id":"https:\/\/mivoot.com\/gt\/#\/schema\/logo\/image\/","url":"https:\/\/mivoot.com\/gt\/wp-content\/uploads\/2023\/03\/cropped-icon.png","contentUrl":"https:\/\/mivoot.com\/gt\/wp-content\/uploads\/2023\/03\/cropped-icon.png","width":512,"height":512,"caption":"Mivoot Guatemala"},"image":{"@id":"https:\/\/mivoot.com\/gt\/#\/schema\/logo\/image\/"},"sameAs":["https:\/\/www.facebook.com\/mivootgt","https:\/\/instagram.com\/mivoot"]}]}},"jetpack_publicize_connections":[],"jetpack_sharing_enabled":true,"brands":[{"id":646,"name":"Soundcore","slug":"soundcore"}],"_links":{"self":[{"href":"https:\/\/mivoot.com\/gt\/wp-json\/wp\/v2\/product\/31978","targetHints":{"allow":["GET"]}}],"collection":[{"href":"https:\/\/mivoot.com\/gt\/wp-json\/wp\/v2\/product"}],"about":[{"href":"https:\/\/mivoot.com\/gt\/wp-json\/wp\/v2\/types\/product"}],"replies":[{"embeddable":true,"href":"https:\/\/mivoot.com\/gt\/wp-json\/wp\/v2\/comments?post=31978"}],"version-history":[{"count":1,"href":"https:\/\/mivoot.com\/gt\/wp-json\/wp\/v2\/product\/31978\/revisions"}],"predecessor-version":[{"id":31983,"href":"https:\/\/mivoot.com\/gt\/wp-json\/wp\/v2\/product\/31978\/revisions\/31983"}],"wp:featuredmedia":[{"embeddable":true,"href":"https:\/\/mivoot.com\/gt\/wp-json\/wp\/v2\/media\/31981"}],"wp:attachment":[{"href":"https:\/\/mivoot.com\/gt\/wp-json\/wp\/v2\/media?parent=31978"}],"wp:term":[{"taxonomy":"pwb-brand","embeddable":true,"href":"https:\/\/mivoot.com\/gt\/wp-json\/wp\/v2\/pwb-brand?post=31978"},{"taxonomy":"product_brand","embeddable":true,"href":"https:\/\/mivoot.com\/gt\/wp-json\/wp\/v2\/product_brand?post=31978"},{"taxonomy":"product_cat","embeddable":true,"href":"https:\/\/mivoot.com\/gt\/wp-json\/wp\/v2\/product_cat?post=31978"},{"taxonomy":"product_tag","embeddable":true,"href":"https:\/\/mivoot.com\/gt\/wp-json\/wp\/v2\/product_tag?post=31978"}],"curies":[{"name":"wp","href":"https:\/\/api.w.org\/{rel}","templated":true}]}}