{"id":32221,"date":"2026-02-16T21:07:38","date_gmt":"2026-02-17T03:07:38","guid":{"rendered":"https:\/\/mivoot.com\/gt\/?post_type=product&#038;p=32221"},"modified":"2026-02-16T21:07:39","modified_gmt":"2026-02-17T03:07:39","slug":"barra-de-sonido-960w-bar-1000mk2-jbl","status":"publish","type":"product","link":"https:\/\/mivoot.com\/gt\/producto\/barra-de-sonido-960w-bar-1000mk2-jbl\/","title":{"rendered":"Barra de Sonido 960W Bar 1000MK2 JBL"},"content":{"rendered":"<h1 style=\"text-align: center;\">Barra de Sonido 960W Bar 1000MK2 JBL<\/h1>\n<p>Disfruta de un sonido espacial aut\u00e9ntico con aut\u00e9nticos efectos de altura Dolby Atmos\u00ae y DTS:X en segundos con la barra de sonido JBL BAR 1000MK2. Lleva contigo uno de los altavoces inal\u00e1mbricos siempre que salgas de la habitaci\u00f3n y no te perder\u00e1s nada.<\/p>\n<p><img decoding=\"async\" src=\"https:\/\/m.media-amazon.com\/images\/S\/aplus-media-library-service-media\/5cc66789-745b-4f15-bd6a-7596557ad9fc.__CR0,488,3800,1557_PT0_SX1464_V1___.jpg\" alt=\"Bar 1000MK2 streaming\" \/><\/p>\n<h3><span dir=\"auto\">Sonido envolvente panor\u00e1mico real con altavoces inal\u00e1mbricos desmontables<\/span><\/h3>\n<p><span dir=\"auto\">Mejora tu experiencia de sonido envolvente 3D con una altura din\u00e1mica e inmersiva. Cuatro altavoces de proyecci\u00f3n superior en la barra de sonido y altavoces traseros inal\u00e1mbricos ofrecen aut\u00e9ntico sonido Dolby Atmos\u00ae. Sin cables adicionales. Sin conexiones de alimentaci\u00f3n. Simplemente levanta los altavoces envolventes desmontables de la barra de sonido (con una sola mano) y col\u00f3calos detr\u00e1s de donde quieras sentarte, transform\u00e1ndolos al instante en un aut\u00e9ntico sistema de sonido envolvente. As\u00ed de sencillo. Ya sea que est\u00e9s viendo tu nuevo programa favorito o organizando una noche de cine, las bater\u00edas recargables de larga duraci\u00f3n de los altavoces te permitir\u00e1n disfrutar de un sonido envolvente cinematogr\u00e1fico durante horas. Cuando termines, simplemente vuelve a colocarlos en la barra de sonido para que se carguen durante la noche.<\/span><\/p>\n<h3><span dir=\"auto\">Potencia de salida m\u00e1xima de 960 W y un subwoofer inal\u00e1mbrico de 10&#8243;<\/span><\/h3>\n<p><span dir=\"auto\">Transforma tu forma de ver, escuchar y jugar. Experimenta un sonido cinematogr\u00e1fico de primer nivel. 480 vatios de potencia m\u00e1xima hacen que tu experiencia de audio espacial sea mucho m\u00e1s potente. Las pel\u00edculas de acci\u00f3n se vuelven a\u00fan m\u00e1s emocionantes con los graves potentes y potentes del subwoofer inal\u00e1mbrico de 10&#8243;.<\/span><\/p>\n<h3><span dir=\"auto\">Dolby Atmos\u00ae y DTS:X reales<\/span><\/h3>\n<p><span dir=\"auto\">Sum\u00e9rgete en un sonido espacial 3D con calidad cinematogr\u00e1fica con aut\u00e9ntico Dolby Atmos\u00ae y DTS:X. Estremece al sentir naves espaciales surcar el cielo. Siente explosiones que retumban en tu cuerpo. Experimenta la m\u00fasica como si estuvieras en un estudio de grabaci\u00f3n.<\/span><\/p>\n<p>&nbsp;<\/p>\n<p><label class=\"ds-accordion-label\" tabindex=\"0\" role=\"button\" for=\"pdp-specs--specifications\" aria-controls=\"pdp-specs--specifications-content\"><span dir=\"auto\">Especificaciones<\/span><\/label><\/p>\n<div id=\"pdp-specs--specifications-content\" class=\"ds-accordion-content\">\n<h3><span dir=\"auto\">Especificaciones generales<\/span><\/h3>\n<dl class=\"ds-specs\">\n<dt><span dir=\"auto\">Sistema de sonido<\/span><\/dt>\n<dd><span dir=\"auto\">Canal 7.1.4<\/span><\/dd>\n<dt><span dir=\"auto\">Fuente de alimentaci\u00f3n<\/span><\/dt>\n<dd><span dir=\"auto\">100-240 V CA, ~50\/60 Hz<\/span><\/dd>\n<dt><span dir=\"auto\">Potencia total de salida del altavoz* (m\u00e1x. a THD 1 %)<\/span><\/dt>\n<dd><span dir=\"auto\">960 W RMS<\/span><\/dd>\n<dt><span dir=\"auto\">Potencia de salida de la barra de sonido** (m\u00e1x. a THD 1 %)<\/span><\/dt>\n<dd><span dir=\"auto\">500 vatios<\/span><\/dd>\n<dt><span dir=\"auto\">Potencia de salida del altavoz envolvente*** (m\u00e1x. a THD 1%)<\/span><\/dt>\n<dd><span dir=\"auto\">2 x 80 W<\/span><\/dd>\n<dt><span dir=\"auto\">Potencia de salida del subwoofer**** (M\u00e1x. @THD 1%)<\/span><\/dt>\n<dd><span dir=\"auto\">300 vatios<\/span><\/dd>\n<dt><span dir=\"auto\">Transductor de barra de sonido<\/span><\/dt>\n<dd><span dir=\"auto\">6 controladores de pista de carreras (44&#215;80) mm, 2 tweeters de 1&#8243; (25 mm), 2 controladores de rango completo de disparo ascendente de 2,75&#8243; (70 mm)<\/span><\/dd>\n<dt><span dir=\"auto\">Transductor de altavoz envolvente<\/span><\/dt>\n<dd><span dir=\"auto\">2 controladores de pista de carreras (44 x 90) mm, 2 controladores de rango completo de disparo ascendente de 2,75&#8243; (70 mm)<\/span><\/dd>\n<dt><span dir=\"auto\">Transductor de subwoofer<\/span><\/dt>\n<dd><span dir=\"auto\">10\u201d (260 mm)<\/span><\/dd>\n<dt><span dir=\"auto\">Energ\u00eda de reserva en red<\/span><\/dt>\n<dd><span dir=\"auto\">&lt; 2,0 W<\/span><\/dd>\n<dt><span dir=\"auto\">Temperatura de funcionamiento<\/span><\/dt>\n<dd><span dir=\"auto\">0\u00b0C &#8211; 45\u00b0C<\/span><\/dd>\n<dt><span dir=\"auto\">Bater\u00eda de litio<\/span><\/dt>\n<dd><span dir=\"auto\">3.635 V, 6600 mAh<\/span><\/dd>\n<dt><span dir=\"auto\">Tiempo de reproducci\u00f3n del altavoz envolvente desmontable<\/span><\/dt>\n<dd><span dir=\"auto\">hasta 10 horas (puede variar seg\u00fan el tipo de contenido y el nivel de volumen)<\/span><\/dd>\n<\/dl>\n<h3><span dir=\"auto\">Especificaciones de audio<\/span><\/h3>\n<dl class=\"ds-specs\">\n<dt><span dir=\"auto\">Respuesta de frecuencia<\/span><\/dt>\n<dd><span dir=\"auto\">33 Hz &#8211; 20 kHz (-6 dB)<\/span><\/dd>\n<dt><span dir=\"auto\">Entradas de audio<\/span><\/dt>\n<dd><span dir=\"auto\">\u00d3ptico, Bluetooth, USB (la reproducci\u00f3n USB est\u00e1 disponible en la versi\u00f3n de EE. UU. Para otras versiones, USB es solo para servicio).<\/span><\/dd>\n<\/dl>\n<h3><span dir=\"auto\">Dimensiones<\/span><\/h3>\n<dl class=\"ds-specs\">\n<dt><span dir=\"auto\">Dimensiones totales de la barra de sonido (An. x Al. x Pr.)<\/span><\/dt>\n<dd><span dir=\"auto\">1203 x 52 x 128 mm \/ 47,4&#8243; x 2,0&#8243; x 5,0&#8243;<\/span><\/dd>\n<dt><span dir=\"auto\">Dimensiones de la barra de sonido (An. x Al. x Pr.)<\/span><\/dt>\n<dd><span dir=\"auto\">854 x 52 x 128 mm \/ 33,6&#8243; x 2,0&#8243; x 5,0&#8243;<\/span><\/dd>\n<dt><span dir=\"auto\">Dimensiones de los altavoces envolventes desmontables (cada uno) (An. x Al. x Pr.)<\/span><\/dt>\n<dd><span dir=\"auto\">189 x 52 x 128 mm \/ 7,4&#8243; x 2,0&#8243; x 5,0&#8243;<\/span><\/dd>\n<dt><span dir=\"auto\">Dimensiones del subwoofer (An x Al x Pr):<\/span><\/dt>\n<dt><span dir=\"auto\">325 x 400 x 325 mm \/ 12,8&#8243; x 15,7&#8243; x 12,8&#8243;<\/span><\/dt>\n<dt><span dir=\"auto\">Peso de la barra de sonido<\/span><\/dt>\n<dd><span dir=\"auto\">5,5 kg \/ 12,1 libras<\/span><\/dd>\n<dt><span dir=\"auto\">Peso de altavoz envolvente desmontable (cada uno)<\/span><\/dt>\n<dd><span dir=\"auto\">0,9 kg \/ 2 libras<\/span><\/dd>\n<dt><span dir=\"auto\">Peso del subwoofer<\/span><\/dt>\n<dd><span dir=\"auto\">9,1 kg \/ 20 libras<\/span><\/dd>\n<dt><span dir=\"auto\">Dimensiones del embalaje (An x Al x Pr)<\/span><\/dt>\n<dd><span dir=\"auto\">980 x 398 x 495 mm \/ 38,58&#8243; x 15,67&#8243; x 19,49&#8243;<\/span><\/dd>\n<dt><span dir=\"auto\">Peso del embalaje<\/span><\/dt>\n<dd><span dir=\"auto\">22,6 kg\/49,8 lb (EMEA\/RU\/AU\/NZ); 19,9 kg\/44,4 lb (Otros)<\/span><\/dd>\n<\/dl>\n<h3><span dir=\"auto\">Especificaciones de control y conexi\u00f3n<\/span><\/h3>\n<dl class=\"ds-specs\">\n<dt><span dir=\"auto\">Puerto USB<\/span><\/dt>\n<dd><span dir=\"auto\">Tipo A<\/span><\/dd>\n<dt><span dir=\"auto\">Clasificaci\u00f3n USB<\/span><\/dt>\n<dd><span dir=\"auto\">5 V CC, 0,5 A<\/span><\/dd>\n<dt><span dir=\"auto\">Formatos de archivo compatibles<\/span><\/dt>\n<dd><span dir=\"auto\">mp3<\/span><\/dd>\n<dt><span dir=\"auto\">C\u00f3dec MP3<\/span><\/dt>\n<dd><span dir=\"auto\">MPEG 1 Capa 2\/3, MPEG 2 Capa 3, MPEG 2.5 Capa 3<\/span><\/dd>\n<dt><span dir=\"auto\">Frecuencia de muestreo de MP3<\/span><\/dt>\n<dd><span dir=\"auto\">16 &#8211; 48 kHz<\/span><\/dd>\n<dt><span dir=\"auto\">tasa de bits de MP3<\/span><\/dt>\n<dd><span dir=\"auto\">80 &#8211; 320 kbps<\/span><\/dd>\n<dt><span dir=\"auto\">Versi\u00f3n de Bluetooth<\/span><\/dt>\n<dd><span dir=\"auto\">versi\u00f3n 5.3<\/span><\/dd>\n<dt><span dir=\"auto\">Perfil de Bluetooth<\/span><\/dt>\n<dd><span dir=\"auto\">A2DP versi\u00f3n 1.3, AVRCP versi\u00f3n 1.5<\/span><\/dd>\n<dt><span dir=\"auto\">Rango de frecuencia del transmisor Bluetooth<\/span><\/dt>\n<dd><span dir=\"auto\">2400 MHz \u2013 2483,5 MHz<\/span><\/dd>\n<dt><span dir=\"auto\">Potencia del transmisor Bluetooth<\/span><\/dt>\n<dd><span dir=\"auto\">&lt;15 dBm (PIRE)<\/span><\/dd>\n<dt><span dir=\"auto\">Red wifi<\/span><\/dt>\n<dd><span dir=\"auto\">IEEE 802.11 a\/b\/g\/n\/ac\/ax (2,4 GHz\/5 GHz)<\/span><\/dd>\n<dt><span dir=\"auto\">Rango de frecuencia del transmisor Wi-Fi 2.4G<\/span><\/dt>\n<dd><span dir=\"auto\">2412 &#8211; 2472 MHz (Banda ISM de 2,4 GHz, EE. UU. 11 canales, Europa y otros 13 canales)<\/span><\/dd>\n<dt><span dir=\"auto\">Potencia del transmisor Wi-Fi 2.4G<\/span><\/dt>\n<dd><span dir=\"auto\">&lt; 20 dBm (PIRE)<\/span><\/dd>\n<dt><span dir=\"auto\">Rango de frecuencia del transmisor Wi-Fi 5G<\/span><\/dt>\n<dd><span dir=\"auto\">5,15 &#8211; 5,35 GHz, 5,470 &#8211; 5,725 GHz, 5,725 &#8211; 5,825 GHz<\/span><\/dd>\n<dt><span dir=\"auto\">Potencia del transmisor Wi-Fi 5G<\/span><\/dt>\n<dd><span dir=\"auto\">5,15 &#8211; 5,25 GHz &lt;23 dBm,<\/span><\/dd>\n<dt><span dir=\"auto\">5,25 &#8211; 5,35 GHz y 5,470 &#8211; 5,725 GHz &lt;20 dBm, 5,725 &#8211; 5,825 GHz &lt;14 dBm (PIRE)<\/span><\/dt>\n<dt><span dir=\"auto\">Rango de frecuencia del transmisor inal\u00e1mbrico 2.4G<\/span><\/dt>\n<dd><span dir=\"auto\">2406 &#8211; 2474 MHz<\/span><\/dd>\n<dt><span dir=\"auto\">Potencia del transmisor inal\u00e1mbrico 2.4G<\/span><\/dt>\n<dd><span dir=\"auto\">&lt;10 dBm (PIRE)<\/span><\/dd>\n<dt><span dir=\"auto\">Nota<\/span><\/dt>\n<dd><span dir=\"auto\">La banda 5,6 &#8211; 5,64 GHz se desactivar\u00e1 cuando se env\u00ede a Australia \/ Nueva Zelanda.<\/span><\/dd>\n<\/dl>\n<h3><span dir=\"auto\">Especificaciones de v\u00eddeo<\/span><\/h3>\n<dl class=\"ds-specs\">\n<dt><span dir=\"auto\">Entrada de v\u00eddeo HDMI<\/span><\/dt>\n<dd><span dir=\"auto\">3<\/span><\/dd>\n<dt><span dir=\"auto\">Salida de video HDMI (con canal de retorno de audio mejorado, eARC)<\/span><\/dt>\n<dd><span dir=\"auto\">1<\/span><\/dd>\n<dt><span dir=\"auto\">Versi\u00f3n HDMI HDCP<\/span><\/dt>\n<dd><span dir=\"auto\">2.3<\/span><\/dd>\n<dt><span dir=\"auto\">Paso a trav\u00e9s de HDR<\/span><\/dt>\n<dd><span dir=\"auto\">HDR10+, Dolby Vision<\/span><\/dd>\n<\/dl>\n<\/div>\n","protected":false},"excerpt":{"rendered":"<p>&#8211; Sistema de sonido Canal 7.1.4<br \/>\n&#8211; Fuente de alimentaci\u00f3n 100-240 V CA, ~50\/60 Hz<br \/>\n&#8211; Potencia total de salida del altavoz* (m\u00e1x. a THD 1 %) 960 W RMS<br \/>\n&#8211; Potencia de salida de la barra de sonido** (m\u00e1x. a THD 1 %) 500 vatios<br \/>\n&#8211; Potencia de salida del altavoz envolvente*** (m\u00e1x. a THD 1%) 2 x 80 W<br \/>\n&#8211; Potencia de salida del subwoofer**** (M\u00e1x. @THD 1%) 300 vatios<\/p>\n","protected":false},"featured_media":32235,"comment_status":"open","ping_status":"closed","template":"","meta":{"jetpack_publicize_message":"","jetpack_publicize_feature_enabled":true,"jetpack_social_post_already_shared":true,"jetpack_social_options":{"image_generator_settings":{"template":"highway","default_image_id":0,"font":"","enabled":false},"version":2}},"pwb-brand":[75],"product_brand":[],"product_cat":[338],"product_tag":[],"class_list":{"0":"post-32221","1":"product","2":"type-product","3":"status-publish","4":"has-post-thumbnail","6":"pwb-brand-jbl","7":"product_cat-barras-de-sonido","9":"first","10":"instock","11":"taxable","12":"shipping-taxable","13":"product-type-simple"},"yoast_head":"<!-- This site is optimized with the Yoast SEO Premium plugin v25.7.1 (Yoast SEO v26.8) - https:\/\/yoast.com\/product\/yoast-seo-premium-wordpress\/ -->\n<title>Barra de Sonido 960W Bar 1000MK2 JBL - Mivoot<\/title>\n<meta name=\"robots\" content=\"index, follow, max-snippet:-1, max-image-preview:large, max-video-preview:-1\" \/>\n<link rel=\"canonical\" href=\"https:\/\/mivoot.com\/gt\/producto\/barra-de-sonido-960w-bar-1000mk2-jbl\/\" \/>\n<meta property=\"og:locale\" content=\"es_ES\" \/>\n<meta property=\"og:type\" content=\"article\" \/>\n<meta property=\"og:title\" content=\"Barra de Sonido 960W Bar 1000MK2 JBL\" \/>\n<meta property=\"og:description\" content=\"- Sistema de sonido Canal 7.1.4 - Fuente de alimentaci\u00f3n 100-240 V CA, ~50\/60 Hz - Potencia total de salida del altavoz* (m\u00e1x. a THD 1 %) 960 W RMS - Potencia de salida de la barra de sonido** (m\u00e1x. a THD 1 %) 500 vatios - Potencia de salida del altavoz envolvente*** (m\u00e1x. a THD 1%) 2 x 80 W - Potencia de salida del subwoofer**** (M\u00e1x. @THD 1%) 300 vatios\" \/>\n<meta property=\"og:url\" content=\"https:\/\/mivoot.com\/gt\/producto\/barra-de-sonido-960w-bar-1000mk2-jbl\/\" \/>\n<meta property=\"og:site_name\" content=\"Mivoot\" \/>\n<meta property=\"article:publisher\" content=\"https:\/\/www.facebook.com\/mivootgt\" \/>\n<meta property=\"article:modified_time\" content=\"2026-02-17T03:07:39+00:00\" \/>\n<meta property=\"og:image\" content=\"https:\/\/mivoot.com\/gt\/wp-content\/uploads\/2026\/02\/JBL-QUANTUM-100MK2-0.webp\" \/>\n\t<meta property=\"og:image:width\" content=\"1605\" \/>\n\t<meta property=\"og:image:height\" content=\"1605\" \/>\n\t<meta property=\"og:image:type\" content=\"image\/webp\" \/>\n<meta name=\"twitter:card\" content=\"summary_large_image\" \/>\n<meta name=\"twitter:label1\" content=\"Est. reading time\" \/>\n\t<meta name=\"twitter:data1\" content=\"5 minutos\" \/>\n<script type=\"application\/ld+json\" class=\"yoast-schema-graph\">{\"@context\":\"https:\/\/schema.org\",\"@graph\":[{\"@type\":\"WebPage\",\"@id\":\"https:\/\/mivoot.com\/gt\/producto\/barra-de-sonido-960w-bar-1000mk2-jbl\/\",\"url\":\"https:\/\/mivoot.com\/gt\/producto\/barra-de-sonido-960w-bar-1000mk2-jbl\/\",\"name\":\"Barra de Sonido 960W Bar 1000MK2 JBL - Mivoot\",\"isPartOf\":{\"@id\":\"https:\/\/mivoot.com\/gt\/#website\"},\"primaryImageOfPage\":{\"@id\":\"https:\/\/mivoot.com\/gt\/producto\/barra-de-sonido-960w-bar-1000mk2-jbl\/#primaryimage\"},\"image\":{\"@id\":\"https:\/\/mivoot.com\/gt\/producto\/barra-de-sonido-960w-bar-1000mk2-jbl\/#primaryimage\"},\"thumbnailUrl\":\"https:\/\/mivoot.com\/gt\/wp-content\/uploads\/2026\/02\/JBL-QUANTUM-100MK2-0.webp\",\"datePublished\":\"2026-02-17T03:07:38+00:00\",\"dateModified\":\"2026-02-17T03:07:39+00:00\",\"breadcrumb\":{\"@id\":\"https:\/\/mivoot.com\/gt\/producto\/barra-de-sonido-960w-bar-1000mk2-jbl\/#breadcrumb\"},\"inLanguage\":\"es\",\"potentialAction\":[{\"@type\":\"ReadAction\",\"target\":[\"https:\/\/mivoot.com\/gt\/producto\/barra-de-sonido-960w-bar-1000mk2-jbl\/\"]}]},{\"@type\":\"ImageObject\",\"inLanguage\":\"es\",\"@id\":\"https:\/\/mivoot.com\/gt\/producto\/barra-de-sonido-960w-bar-1000mk2-jbl\/#primaryimage\",\"url\":\"https:\/\/mivoot.com\/gt\/wp-content\/uploads\/2026\/02\/JBL-QUANTUM-100MK2-0.webp\",\"contentUrl\":\"https:\/\/mivoot.com\/gt\/wp-content\/uploads\/2026\/02\/JBL-QUANTUM-100MK2-0.webp\",\"width\":1605,\"height\":1605},{\"@type\":\"BreadcrumbList\",\"@id\":\"https:\/\/mivoot.com\/gt\/producto\/barra-de-sonido-960w-bar-1000mk2-jbl\/#breadcrumb\",\"itemListElement\":[{\"@type\":\"ListItem\",\"position\":1,\"name\":\"Inicio\",\"item\":\"https:\/\/mivoot.com\/gt\/\"},{\"@type\":\"ListItem\",\"position\":2,\"name\":\"Productos\",\"item\":\"https:\/\/mivoot.com\/gt\/producto\/\"},{\"@type\":\"ListItem\",\"position\":3,\"name\":\"JBL\",\"item\":\"https:\/\/mivoot.com\/gt\/marca\/jbl\/\"},{\"@type\":\"ListItem\",\"position\":4,\"name\":\"Barra de Sonido 960W Bar 1000MK2 JBL\"}]},{\"@type\":\"WebSite\",\"@id\":\"https:\/\/mivoot.com\/gt\/#website\",\"url\":\"https:\/\/mivoot.com\/gt\/\",\"name\":\"Mivoot\",\"description\":\"Mivoot Guatemala | Tienda Online\",\"publisher\":{\"@id\":\"https:\/\/mivoot.com\/gt\/#organization\"},\"alternateName\":\"mivoot\",\"potentialAction\":[{\"@type\":\"SearchAction\",\"target\":{\"@type\":\"EntryPoint\",\"urlTemplate\":\"https:\/\/mivoot.com\/gt\/?s={search_term_string}\"},\"query-input\":{\"@type\":\"PropertyValueSpecification\",\"valueRequired\":true,\"valueName\":\"search_term_string\"}}],\"inLanguage\":\"es\"},{\"@type\":\"Organization\",\"@id\":\"https:\/\/mivoot.com\/gt\/#organization\",\"name\":\"Mivoot Guatemala\",\"alternateName\":\"mivoot.com\",\"url\":\"https:\/\/mivoot.com\/gt\/\",\"logo\":{\"@type\":\"ImageObject\",\"inLanguage\":\"es\",\"@id\":\"https:\/\/mivoot.com\/gt\/#\/schema\/logo\/image\/\",\"url\":\"https:\/\/mivoot.com\/gt\/wp-content\/uploads\/2023\/03\/cropped-icon.png\",\"contentUrl\":\"https:\/\/mivoot.com\/gt\/wp-content\/uploads\/2023\/03\/cropped-icon.png\",\"width\":512,\"height\":512,\"caption\":\"Mivoot Guatemala\"},\"image\":{\"@id\":\"https:\/\/mivoot.com\/gt\/#\/schema\/logo\/image\/\"},\"sameAs\":[\"https:\/\/www.facebook.com\/mivootgt\",\"https:\/\/instagram.com\/mivoot\"]}]}<\/script>\n<!-- \/ Yoast SEO Premium plugin. -->","yoast_head_json":{"title":"Barra de Sonido 960W Bar 1000MK2 JBL - Mivoot","robots":{"index":"index","follow":"follow","max-snippet":"max-snippet:-1","max-image-preview":"max-image-preview:large","max-video-preview":"max-video-preview:-1"},"canonical":"https:\/\/mivoot.com\/gt\/producto\/barra-de-sonido-960w-bar-1000mk2-jbl\/","og_locale":"es_ES","og_type":"article","og_title":"Barra de Sonido 960W Bar 1000MK2 JBL","og_description":"- Sistema de sonido Canal 7.1.4 - Fuente de alimentaci\u00f3n 100-240 V CA, ~50\/60 Hz - Potencia total de salida del altavoz* (m\u00e1x. a THD 1 %) 960 W RMS - Potencia de salida de la barra de sonido** (m\u00e1x. a THD 1 %) 500 vatios - Potencia de salida del altavoz envolvente*** (m\u00e1x. a THD 1%) 2 x 80 W - Potencia de salida del subwoofer**** (M\u00e1x. @THD 1%) 300 vatios","og_url":"https:\/\/mivoot.com\/gt\/producto\/barra-de-sonido-960w-bar-1000mk2-jbl\/","og_site_name":"Mivoot","article_publisher":"https:\/\/www.facebook.com\/mivootgt","article_modified_time":"2026-02-17T03:07:39+00:00","og_image":[{"width":1605,"height":1605,"url":"https:\/\/mivoot.com\/gt\/wp-content\/uploads\/2026\/02\/JBL-QUANTUM-100MK2-0.webp","type":"image\/webp"}],"twitter_card":"summary_large_image","twitter_misc":{"Est. reading time":"5 minutos"},"schema":{"@context":"https:\/\/schema.org","@graph":[{"@type":"WebPage","@id":"https:\/\/mivoot.com\/gt\/producto\/barra-de-sonido-960w-bar-1000mk2-jbl\/","url":"https:\/\/mivoot.com\/gt\/producto\/barra-de-sonido-960w-bar-1000mk2-jbl\/","name":"Barra de Sonido 960W Bar 1000MK2 JBL - Mivoot","isPartOf":{"@id":"https:\/\/mivoot.com\/gt\/#website"},"primaryImageOfPage":{"@id":"https:\/\/mivoot.com\/gt\/producto\/barra-de-sonido-960w-bar-1000mk2-jbl\/#primaryimage"},"image":{"@id":"https:\/\/mivoot.com\/gt\/producto\/barra-de-sonido-960w-bar-1000mk2-jbl\/#primaryimage"},"thumbnailUrl":"https:\/\/mivoot.com\/gt\/wp-content\/uploads\/2026\/02\/JBL-QUANTUM-100MK2-0.webp","datePublished":"2026-02-17T03:07:38+00:00","dateModified":"2026-02-17T03:07:39+00:00","breadcrumb":{"@id":"https:\/\/mivoot.com\/gt\/producto\/barra-de-sonido-960w-bar-1000mk2-jbl\/#breadcrumb"},"inLanguage":"es","potentialAction":[{"@type":"ReadAction","target":["https:\/\/mivoot.com\/gt\/producto\/barra-de-sonido-960w-bar-1000mk2-jbl\/"]}]},{"@type":"ImageObject","inLanguage":"es","@id":"https:\/\/mivoot.com\/gt\/producto\/barra-de-sonido-960w-bar-1000mk2-jbl\/#primaryimage","url":"https:\/\/mivoot.com\/gt\/wp-content\/uploads\/2026\/02\/JBL-QUANTUM-100MK2-0.webp","contentUrl":"https:\/\/mivoot.com\/gt\/wp-content\/uploads\/2026\/02\/JBL-QUANTUM-100MK2-0.webp","width":1605,"height":1605},{"@type":"BreadcrumbList","@id":"https:\/\/mivoot.com\/gt\/producto\/barra-de-sonido-960w-bar-1000mk2-jbl\/#breadcrumb","itemListElement":[{"@type":"ListItem","position":1,"name":"Inicio","item":"https:\/\/mivoot.com\/gt\/"},{"@type":"ListItem","position":2,"name":"Productos","item":"https:\/\/mivoot.com\/gt\/producto\/"},{"@type":"ListItem","position":3,"name":"JBL","item":"https:\/\/mivoot.com\/gt\/marca\/jbl\/"},{"@type":"ListItem","position":4,"name":"Barra de Sonido 960W Bar 1000MK2 JBL"}]},{"@type":"WebSite","@id":"https:\/\/mivoot.com\/gt\/#website","url":"https:\/\/mivoot.com\/gt\/","name":"Mivoot","description":"Mivoot Guatemala | Tienda Online","publisher":{"@id":"https:\/\/mivoot.com\/gt\/#organization"},"alternateName":"mivoot","potentialAction":[{"@type":"SearchAction","target":{"@type":"EntryPoint","urlTemplate":"https:\/\/mivoot.com\/gt\/?s={search_term_string}"},"query-input":{"@type":"PropertyValueSpecification","valueRequired":true,"valueName":"search_term_string"}}],"inLanguage":"es"},{"@type":"Organization","@id":"https:\/\/mivoot.com\/gt\/#organization","name":"Mivoot Guatemala","alternateName":"mivoot.com","url":"https:\/\/mivoot.com\/gt\/","logo":{"@type":"ImageObject","inLanguage":"es","@id":"https:\/\/mivoot.com\/gt\/#\/schema\/logo\/image\/","url":"https:\/\/mivoot.com\/gt\/wp-content\/uploads\/2023\/03\/cropped-icon.png","contentUrl":"https:\/\/mivoot.com\/gt\/wp-content\/uploads\/2023\/03\/cropped-icon.png","width":512,"height":512,"caption":"Mivoot Guatemala"},"image":{"@id":"https:\/\/mivoot.com\/gt\/#\/schema\/logo\/image\/"},"sameAs":["https:\/\/www.facebook.com\/mivootgt","https:\/\/instagram.com\/mivoot"]}]}},"jetpack_publicize_connections":[],"jetpack_sharing_enabled":true,"brands":[{"id":75,"name":"JBL","slug":"jbl"}],"_links":{"self":[{"href":"https:\/\/mivoot.com\/gt\/wp-json\/wp\/v2\/product\/32221","targetHints":{"allow":["GET"]}}],"collection":[{"href":"https:\/\/mivoot.com\/gt\/wp-json\/wp\/v2\/product"}],"about":[{"href":"https:\/\/mivoot.com\/gt\/wp-json\/wp\/v2\/types\/product"}],"replies":[{"embeddable":true,"href":"https:\/\/mivoot.com\/gt\/wp-json\/wp\/v2\/comments?post=32221"}],"version-history":[{"count":1,"href":"https:\/\/mivoot.com\/gt\/wp-json\/wp\/v2\/product\/32221\/revisions"}],"predecessor-version":[{"id":32239,"href":"https:\/\/mivoot.com\/gt\/wp-json\/wp\/v2\/product\/32221\/revisions\/32239"}],"wp:featuredmedia":[{"embeddable":true,"href":"https:\/\/mivoot.com\/gt\/wp-json\/wp\/v2\/media\/32235"}],"wp:attachment":[{"href":"https:\/\/mivoot.com\/gt\/wp-json\/wp\/v2\/media?parent=32221"}],"wp:term":[{"taxonomy":"pwb-brand","embeddable":true,"href":"https:\/\/mivoot.com\/gt\/wp-json\/wp\/v2\/pwb-brand?post=32221"},{"taxonomy":"product_brand","embeddable":true,"href":"https:\/\/mivoot.com\/gt\/wp-json\/wp\/v2\/product_brand?post=32221"},{"taxonomy":"product_cat","embeddable":true,"href":"https:\/\/mivoot.com\/gt\/wp-json\/wp\/v2\/product_cat?post=32221"},{"taxonomy":"product_tag","embeddable":true,"href":"https:\/\/mivoot.com\/gt\/wp-json\/wp\/v2\/product_tag?post=32221"}],"curies":[{"name":"wp","href":"https:\/\/api.w.org\/{rel}","templated":true}]}}