{"id":32388,"date":"2026-02-26T17:02:46","date_gmt":"2026-02-26T23:02:46","guid":{"rendered":"https:\/\/mivoot.com\/gt\/?post_type=product&#038;p=32388"},"modified":"2026-03-04T19:13:18","modified_gmt":"2026-03-05T01:13:18","slug":"ups-inteligente-regulador-voltaje-1000va-500w-r-smart1010-cdp","status":"publish","type":"product","link":"https:\/\/mivoot.com\/gt\/producto\/ups-inteligente-regulador-voltaje-1000va-500w-r-smart1010-cdp\/","title":{"rendered":"UPS Regulador Voltaje 1000VA 500W R-SMART1010 CDP"},"content":{"rendered":"<h1 style=\"text-align: center\"><span style=\"color: #003366\"><strong>UPS Inteligente Regulador Voltaje \u2013 R-SMART1010 CDP<\/strong><\/span><\/h1>\n<p>&nbsp;<\/p>\n<div align=\"justify\">UPS interactivo de l\u00ednea de 1000VA para hogar \/ oficina. Bater\u00edas de plomo-acido selladas internas, regulador de voltaje, supresor de sobre tensi\u00f3n y salidas de derivaci\u00f3n para cargas m\u00e1s grandes. Proporciona energ\u00eda continua a enrutadores WIFI, sistemas de alarma y equipos inform\u00e1ticos.<\/div>\n<div align=\"justify\"><\/div>\n<div align=\"justify\">Los modelos de mayor capacidad en torre ofrecen una pantalla LCD avanzada que es interactiva e ilustra funciones como niveles de bater\u00eda, % de carga, % de bater\u00eda, voltaje de entrada, voltaje de salida, Hz. Las interfaces web permiten el monitoreo local y remoto.<\/div>\n<div align=\"justify\"><\/div>\n<div align=\"justify\">Las alarmas audibles indican el funcionamiento y los niveles de bater\u00eda. Certificado por las agencias reguladoras NOM, ISO9001-2015, ISO14001, RETIE.<\/div>\n","protected":false},"excerpt":{"rendered":"<p>&#8211; Capacidad: 1000VA\/500W<br \/>\n&#8211; Dimensiones: 230x112x205mm<br \/>\n&#8211; Display LCD: Voltaje entrada\/salida y Frecuencia, Carga %, Bater\u00eda %<br \/>\n&#8211; Protecci\u00f3n de Picos de Voltaje: 99 Joules (110\/115\/120Vca)<br \/>\n&#8211; Puerto de Comunicaci\u00f3n: Puerto USB<br \/>\n&#8211; Rango de Tiempos: 5hr a 90% despu\u00e9s de la descarga completa<br \/>\n&#8211; Rango de Voltaje: -30% + 25% Sist:120V 80 Vca \u2013 145Vca (Tolerancia: 85Vac-150Vca)<br \/>\n&#8211; Software: Soporta Windows 98\/NT\/2000\/Me\/XP\/2003\/Vista\/7\/8<br \/>\n&#8211; Tiempo de Respaldo: (Carga 1 PC)\t30 Minutos<br \/>\n&#8211; Tiempo de Transferencia: &lt;6ms (T\u00edpico)<br \/>\n&#8211; Tipo de Salidas Nema 5-15R: 5 con regulaci\u00f3n AVR + 5 con supresi\u00f3n de picos<br \/>\n&#8211; Voltaje: 110\/115\/120Vca +\/- 10%<\/p>\n","protected":false},"featured_media":32391,"comment_status":"open","ping_status":"closed","template":"","meta":{"jetpack_publicize_message":"","jetpack_publicize_feature_enabled":true,"jetpack_social_post_already_shared":true,"jetpack_social_options":{"image_generator_settings":{"template":"highway","default_image_id":0,"font":"","enabled":false},"version":2}},"pwb-brand":[570],"product_brand":[],"product_cat":[20,178],"product_tag":[],"class_list":{"0":"post-32388","1":"product","2":"type-product","3":"status-publish","4":"has-post-thumbnail","6":"pwb-brand-cdp","7":"product_cat-reguladores-y-ups","8":"product_cat-ups","10":"first","11":"instock","12":"taxable","13":"shipping-taxable","14":"purchasable","15":"product-type-simple"},"yoast_head":"<!-- This site is optimized with the Yoast SEO Premium plugin v25.7.1 (Yoast SEO v26.8) - https:\/\/yoast.com\/product\/yoast-seo-premium-wordpress\/ -->\n<title>UPS Regulador Voltaje 1000VA 500W R-SMART1010 CDP - Mivoot<\/title>\n<meta name=\"robots\" content=\"index, follow, max-snippet:-1, max-image-preview:large, max-video-preview:-1\" \/>\n<link rel=\"canonical\" href=\"https:\/\/mivoot.com\/gt\/producto\/ups-inteligente-regulador-voltaje-1000va-500w-r-smart1010-cdp\/\" \/>\n<meta property=\"og:locale\" content=\"es_ES\" \/>\n<meta property=\"og:type\" content=\"article\" \/>\n<meta property=\"og:title\" content=\"UPS Regulador Voltaje 1000VA 500W R-SMART1010 CDP\" \/>\n<meta property=\"og:description\" content=\"- Capacidad: 1000VA\/500W - Dimensiones: 230x112x205mm - Display LCD: Voltaje entrada\/salida y Frecuencia, Carga %, Bater\u00eda % - Protecci\u00f3n de Picos de Voltaje: 99 Joules (110\/115\/120Vca) - Puerto de Comunicaci\u00f3n: Puerto USB - Rango de Tiempos: 5hr a 90% despu\u00e9s de la descarga completa - Rango de Voltaje: -30% + 25% Sist:120V 80 Vca \u2013 145Vca (Tolerancia: 85Vac-150Vca) - Software: Soporta Windows 98\/NT\/2000\/Me\/XP\/2003\/Vista\/7\/8 - Tiempo de Respaldo: (Carga 1 PC) 30 Minutos - Tiempo de Transferencia: &lt;6ms (T\u00edpico) - Tipo de Salidas Nema 5-15R: 5 con regulaci\u00f3n AVR + 5 con supresi\u00f3n de picos - Voltaje: 110\/115\/120Vca +\/- 10%\" \/>\n<meta property=\"og:url\" content=\"https:\/\/mivoot.com\/gt\/producto\/ups-inteligente-regulador-voltaje-1000va-500w-r-smart1010-cdp\/\" \/>\n<meta property=\"og:site_name\" content=\"Mivoot\" \/>\n<meta property=\"article:publisher\" content=\"https:\/\/www.facebook.com\/mivootgt\" \/>\n<meta property=\"article:modified_time\" content=\"2026-03-05T01:13:18+00:00\" \/>\n<meta property=\"og:image\" content=\"https:\/\/mivoot.com\/gt\/wp-content\/uploads\/2026\/02\/PRID-99-Main-47.jpg\" \/>\n\t<meta property=\"og:image:width\" content=\"780\" \/>\n\t<meta property=\"og:image:height\" content=\"607\" \/>\n\t<meta property=\"og:image:type\" content=\"image\/jpeg\" \/>\n<meta name=\"twitter:card\" content=\"summary_large_image\" \/>\n<meta name=\"twitter:label1\" content=\"Est. reading time\" \/>\n\t<meta name=\"twitter:data1\" content=\"1 minuto\" \/>\n<script type=\"application\/ld+json\" class=\"yoast-schema-graph\">{\"@context\":\"https:\/\/schema.org\",\"@graph\":[{\"@type\":\"WebPage\",\"@id\":\"https:\/\/mivoot.com\/gt\/producto\/ups-inteligente-regulador-voltaje-1000va-500w-r-smart1010-cdp\/\",\"url\":\"https:\/\/mivoot.com\/gt\/producto\/ups-inteligente-regulador-voltaje-1000va-500w-r-smart1010-cdp\/\",\"name\":\"UPS Regulador Voltaje 1000VA 500W R-SMART1010 CDP - Mivoot\",\"isPartOf\":{\"@id\":\"https:\/\/mivoot.com\/gt\/#website\"},\"primaryImageOfPage\":{\"@id\":\"https:\/\/mivoot.com\/gt\/producto\/ups-inteligente-regulador-voltaje-1000va-500w-r-smart1010-cdp\/#primaryimage\"},\"image\":{\"@id\":\"https:\/\/mivoot.com\/gt\/producto\/ups-inteligente-regulador-voltaje-1000va-500w-r-smart1010-cdp\/#primaryimage\"},\"thumbnailUrl\":\"https:\/\/mivoot.com\/gt\/wp-content\/uploads\/2026\/02\/PRID-99-Main-47.jpg\",\"datePublished\":\"2026-02-26T23:02:46+00:00\",\"dateModified\":\"2026-03-05T01:13:18+00:00\",\"breadcrumb\":{\"@id\":\"https:\/\/mivoot.com\/gt\/producto\/ups-inteligente-regulador-voltaje-1000va-500w-r-smart1010-cdp\/#breadcrumb\"},\"inLanguage\":\"es\",\"potentialAction\":[{\"@type\":\"ReadAction\",\"target\":[\"https:\/\/mivoot.com\/gt\/producto\/ups-inteligente-regulador-voltaje-1000va-500w-r-smart1010-cdp\/\"]}]},{\"@type\":\"ImageObject\",\"inLanguage\":\"es\",\"@id\":\"https:\/\/mivoot.com\/gt\/producto\/ups-inteligente-regulador-voltaje-1000va-500w-r-smart1010-cdp\/#primaryimage\",\"url\":\"https:\/\/mivoot.com\/gt\/wp-content\/uploads\/2026\/02\/PRID-99-Main-47.jpg\",\"contentUrl\":\"https:\/\/mivoot.com\/gt\/wp-content\/uploads\/2026\/02\/PRID-99-Main-47.jpg\",\"width\":780,\"height\":607},{\"@type\":\"BreadcrumbList\",\"@id\":\"https:\/\/mivoot.com\/gt\/producto\/ups-inteligente-regulador-voltaje-1000va-500w-r-smart1010-cdp\/#breadcrumb\",\"itemListElement\":[{\"@type\":\"ListItem\",\"position\":1,\"name\":\"Inicio\",\"item\":\"https:\/\/mivoot.com\/gt\/\"},{\"@type\":\"ListItem\",\"position\":2,\"name\":\"Productos\",\"item\":\"https:\/\/mivoot.com\/gt\/producto\/\"},{\"@type\":\"ListItem\",\"position\":3,\"name\":\"CDP\",\"item\":\"https:\/\/mivoot.com\/gt\/marca\/cdp\/\"},{\"@type\":\"ListItem\",\"position\":4,\"name\":\"UPS Regulador Voltaje 1000VA 500W R-SMART1010 CDP\"}]},{\"@type\":\"WebSite\",\"@id\":\"https:\/\/mivoot.com\/gt\/#website\",\"url\":\"https:\/\/mivoot.com\/gt\/\",\"name\":\"Mivoot\",\"description\":\"Mivoot Guatemala | Tienda Online\",\"publisher\":{\"@id\":\"https:\/\/mivoot.com\/gt\/#organization\"},\"alternateName\":\"mivoot\",\"potentialAction\":[{\"@type\":\"SearchAction\",\"target\":{\"@type\":\"EntryPoint\",\"urlTemplate\":\"https:\/\/mivoot.com\/gt\/?s={search_term_string}\"},\"query-input\":{\"@type\":\"PropertyValueSpecification\",\"valueRequired\":true,\"valueName\":\"search_term_string\"}}],\"inLanguage\":\"es\"},{\"@type\":\"Organization\",\"@id\":\"https:\/\/mivoot.com\/gt\/#organization\",\"name\":\"Mivoot Guatemala\",\"alternateName\":\"mivoot.com\",\"url\":\"https:\/\/mivoot.com\/gt\/\",\"logo\":{\"@type\":\"ImageObject\",\"inLanguage\":\"es\",\"@id\":\"https:\/\/mivoot.com\/gt\/#\/schema\/logo\/image\/\",\"url\":\"https:\/\/mivoot.com\/gt\/wp-content\/uploads\/2023\/03\/cropped-icon.png\",\"contentUrl\":\"https:\/\/mivoot.com\/gt\/wp-content\/uploads\/2023\/03\/cropped-icon.png\",\"width\":512,\"height\":512,\"caption\":\"Mivoot Guatemala\"},\"image\":{\"@id\":\"https:\/\/mivoot.com\/gt\/#\/schema\/logo\/image\/\"},\"sameAs\":[\"https:\/\/www.facebook.com\/mivootgt\",\"https:\/\/instagram.com\/mivoot\"]}]}<\/script>\n<!-- \/ Yoast SEO Premium plugin. -->","yoast_head_json":{"title":"UPS Regulador Voltaje 1000VA 500W R-SMART1010 CDP - Mivoot","robots":{"index":"index","follow":"follow","max-snippet":"max-snippet:-1","max-image-preview":"max-image-preview:large","max-video-preview":"max-video-preview:-1"},"canonical":"https:\/\/mivoot.com\/gt\/producto\/ups-inteligente-regulador-voltaje-1000va-500w-r-smart1010-cdp\/","og_locale":"es_ES","og_type":"article","og_title":"UPS Regulador Voltaje 1000VA 500W R-SMART1010 CDP","og_description":"- Capacidad: 1000VA\/500W - Dimensiones: 230x112x205mm - Display LCD: Voltaje entrada\/salida y Frecuencia, Carga %, Bater\u00eda % - Protecci\u00f3n de Picos de Voltaje: 99 Joules (110\/115\/120Vca) - Puerto de Comunicaci\u00f3n: Puerto USB - Rango de Tiempos: 5hr a 90% despu\u00e9s de la descarga completa - Rango de Voltaje: -30% + 25% Sist:120V 80 Vca \u2013 145Vca (Tolerancia: 85Vac-150Vca) - Software: Soporta Windows 98\/NT\/2000\/Me\/XP\/2003\/Vista\/7\/8 - Tiempo de Respaldo: (Carga 1 PC) 30 Minutos - Tiempo de Transferencia: &lt;6ms (T\u00edpico) - Tipo de Salidas Nema 5-15R: 5 con regulaci\u00f3n AVR + 5 con supresi\u00f3n de picos - Voltaje: 110\/115\/120Vca +\/- 10%","og_url":"https:\/\/mivoot.com\/gt\/producto\/ups-inteligente-regulador-voltaje-1000va-500w-r-smart1010-cdp\/","og_site_name":"Mivoot","article_publisher":"https:\/\/www.facebook.com\/mivootgt","article_modified_time":"2026-03-05T01:13:18+00:00","og_image":[{"width":780,"height":607,"url":"https:\/\/mivoot.com\/gt\/wp-content\/uploads\/2026\/02\/PRID-99-Main-47.jpg","type":"image\/jpeg"}],"twitter_card":"summary_large_image","twitter_misc":{"Est. reading time":"1 minuto"},"schema":{"@context":"https:\/\/schema.org","@graph":[{"@type":"WebPage","@id":"https:\/\/mivoot.com\/gt\/producto\/ups-inteligente-regulador-voltaje-1000va-500w-r-smart1010-cdp\/","url":"https:\/\/mivoot.com\/gt\/producto\/ups-inteligente-regulador-voltaje-1000va-500w-r-smart1010-cdp\/","name":"UPS Regulador Voltaje 1000VA 500W R-SMART1010 CDP - Mivoot","isPartOf":{"@id":"https:\/\/mivoot.com\/gt\/#website"},"primaryImageOfPage":{"@id":"https:\/\/mivoot.com\/gt\/producto\/ups-inteligente-regulador-voltaje-1000va-500w-r-smart1010-cdp\/#primaryimage"},"image":{"@id":"https:\/\/mivoot.com\/gt\/producto\/ups-inteligente-regulador-voltaje-1000va-500w-r-smart1010-cdp\/#primaryimage"},"thumbnailUrl":"https:\/\/mivoot.com\/gt\/wp-content\/uploads\/2026\/02\/PRID-99-Main-47.jpg","datePublished":"2026-02-26T23:02:46+00:00","dateModified":"2026-03-05T01:13:18+00:00","breadcrumb":{"@id":"https:\/\/mivoot.com\/gt\/producto\/ups-inteligente-regulador-voltaje-1000va-500w-r-smart1010-cdp\/#breadcrumb"},"inLanguage":"es","potentialAction":[{"@type":"ReadAction","target":["https:\/\/mivoot.com\/gt\/producto\/ups-inteligente-regulador-voltaje-1000va-500w-r-smart1010-cdp\/"]}]},{"@type":"ImageObject","inLanguage":"es","@id":"https:\/\/mivoot.com\/gt\/producto\/ups-inteligente-regulador-voltaje-1000va-500w-r-smart1010-cdp\/#primaryimage","url":"https:\/\/mivoot.com\/gt\/wp-content\/uploads\/2026\/02\/PRID-99-Main-47.jpg","contentUrl":"https:\/\/mivoot.com\/gt\/wp-content\/uploads\/2026\/02\/PRID-99-Main-47.jpg","width":780,"height":607},{"@type":"BreadcrumbList","@id":"https:\/\/mivoot.com\/gt\/producto\/ups-inteligente-regulador-voltaje-1000va-500w-r-smart1010-cdp\/#breadcrumb","itemListElement":[{"@type":"ListItem","position":1,"name":"Inicio","item":"https:\/\/mivoot.com\/gt\/"},{"@type":"ListItem","position":2,"name":"Productos","item":"https:\/\/mivoot.com\/gt\/producto\/"},{"@type":"ListItem","position":3,"name":"CDP","item":"https:\/\/mivoot.com\/gt\/marca\/cdp\/"},{"@type":"ListItem","position":4,"name":"UPS Regulador Voltaje 1000VA 500W R-SMART1010 CDP"}]},{"@type":"WebSite","@id":"https:\/\/mivoot.com\/gt\/#website","url":"https:\/\/mivoot.com\/gt\/","name":"Mivoot","description":"Mivoot Guatemala | Tienda Online","publisher":{"@id":"https:\/\/mivoot.com\/gt\/#organization"},"alternateName":"mivoot","potentialAction":[{"@type":"SearchAction","target":{"@type":"EntryPoint","urlTemplate":"https:\/\/mivoot.com\/gt\/?s={search_term_string}"},"query-input":{"@type":"PropertyValueSpecification","valueRequired":true,"valueName":"search_term_string"}}],"inLanguage":"es"},{"@type":"Organization","@id":"https:\/\/mivoot.com\/gt\/#organization","name":"Mivoot Guatemala","alternateName":"mivoot.com","url":"https:\/\/mivoot.com\/gt\/","logo":{"@type":"ImageObject","inLanguage":"es","@id":"https:\/\/mivoot.com\/gt\/#\/schema\/logo\/image\/","url":"https:\/\/mivoot.com\/gt\/wp-content\/uploads\/2023\/03\/cropped-icon.png","contentUrl":"https:\/\/mivoot.com\/gt\/wp-content\/uploads\/2023\/03\/cropped-icon.png","width":512,"height":512,"caption":"Mivoot Guatemala"},"image":{"@id":"https:\/\/mivoot.com\/gt\/#\/schema\/logo\/image\/"},"sameAs":["https:\/\/www.facebook.com\/mivootgt","https:\/\/instagram.com\/mivoot"]}]}},"jetpack_publicize_connections":[],"jetpack_sharing_enabled":true,"brands":[{"id":570,"name":"CDP","slug":"cdp"}],"_links":{"self":[{"href":"https:\/\/mivoot.com\/gt\/wp-json\/wp\/v2\/product\/32388","targetHints":{"allow":["GET"]}}],"collection":[{"href":"https:\/\/mivoot.com\/gt\/wp-json\/wp\/v2\/product"}],"about":[{"href":"https:\/\/mivoot.com\/gt\/wp-json\/wp\/v2\/types\/product"}],"replies":[{"embeddable":true,"href":"https:\/\/mivoot.com\/gt\/wp-json\/wp\/v2\/comments?post=32388"}],"version-history":[{"count":2,"href":"https:\/\/mivoot.com\/gt\/wp-json\/wp\/v2\/product\/32388\/revisions"}],"predecessor-version":[{"id":32474,"href":"https:\/\/mivoot.com\/gt\/wp-json\/wp\/v2\/product\/32388\/revisions\/32474"}],"wp:featuredmedia":[{"embeddable":true,"href":"https:\/\/mivoot.com\/gt\/wp-json\/wp\/v2\/media\/32391"}],"wp:attachment":[{"href":"https:\/\/mivoot.com\/gt\/wp-json\/wp\/v2\/media?parent=32388"}],"wp:term":[{"taxonomy":"pwb-brand","embeddable":true,"href":"https:\/\/mivoot.com\/gt\/wp-json\/wp\/v2\/pwb-brand?post=32388"},{"taxonomy":"product_brand","embeddable":true,"href":"https:\/\/mivoot.com\/gt\/wp-json\/wp\/v2\/product_brand?post=32388"},{"taxonomy":"product_cat","embeddable":true,"href":"https:\/\/mivoot.com\/gt\/wp-json\/wp\/v2\/product_cat?post=32388"},{"taxonomy":"product_tag","embeddable":true,"href":"https:\/\/mivoot.com\/gt\/wp-json\/wp\/v2\/product_tag?post=32388"}],"curies":[{"name":"wp","href":"https:\/\/api.w.org\/{rel}","templated":true}]}}