{"id":32442,"date":"2026-03-04T09:37:38","date_gmt":"2026-03-04T15:37:38","guid":{"rendered":"https:\/\/mivoot.com\/gt\/?post_type=product&#038;p=32442"},"modified":"2026-03-04T19:11:34","modified_gmt":"2026-03-05T01:11:34","slug":"inversor-hibrido-solar-400w-600va-sol-uprs612wm-cdp","status":"publish","type":"product","link":"https:\/\/mivoot.com\/gt\/producto\/inversor-hibrido-solar-400w-600va-sol-uprs612wm-cdp\/","title":{"rendered":"Inversor H\u00edbrido Solar 400W 600VA CDP"},"content":{"rendered":"<h1 style=\"text-align: center\"><span style=\"color: #003366\"><strong>Inversor h\u00edbrido solar 400W\/600VA CDP<\/strong><\/span><\/h1>\n<p>&nbsp;<\/p>\n<p>La marca CDP es l\u00edder en la comercializaci\u00f3n de sistemas de protecci\u00f3n el\u00e9ctrica y soluciones de reserva de energ\u00eda, su trayectoria y reconocimiento mundial es un sello de garant\u00eda para todos sus equipos.<\/p>\n<p>Su l\u00ednea SOL-UPRS de inversores inteligentes ofrece una transferencia m\u00ednima cuando ocurren apagones y cero transferencias del modo AC, al modo bater\u00eda y viceversa, asegurando energ\u00eda de calidad en todos tus equipos el\u00e9ctricos en todo momento.<\/p>\n","protected":false},"excerpt":{"rendered":"<p>&#8211; Capacidad 6000VA \/ 400W<br \/>\n&#8211; Dimensiones 327 * 276 * 79 mm<br \/>\n&#8211; Frecuencia 50Hz \/ 60Hz \/ Peso 6.7Kg<br \/>\n&#8211; Rango de voltaje 72 VAC &#8211; 137 VAC 200Vac-277Vac<br \/>\n&#8211; Onda Sinusoidal<br \/>\n&#8211; Corriente de carga 30A<br \/>\n&#8211; Soporte Bater\u00eda 12VDC<br \/>\n&#8211; 4 Salida 120vac<br \/>\n&#8211; 2 Cargadores USB<br \/>\n&#8211; Conexi\u00f3n: L, N+G<br \/>\n&#8211; Dimensiones del equipo: 327*276*79mm<br \/>\n&#8211; Peso N.W. \/ G.W. (kg): 6.7kg \/ 7.2kg<\/p>\n","protected":false},"featured_media":32443,"comment_status":"open","ping_status":"closed","template":"","meta":{"jetpack_publicize_message":"","jetpack_publicize_feature_enabled":true,"jetpack_social_post_already_shared":true,"jetpack_social_options":{"image_generator_settings":{"template":"highway","default_image_id":0,"font":"","enabled":false},"version":2}},"pwb-brand":[570],"product_brand":[],"product_cat":[20,178],"product_tag":[],"class_list":{"0":"post-32442","1":"product","2":"type-product","3":"status-publish","4":"has-post-thumbnail","6":"pwb-brand-cdp","7":"product_cat-reguladores-y-ups","8":"product_cat-ups","10":"first","11":"instock","12":"taxable","13":"shipping-taxable","14":"purchasable","15":"product-type-simple"},"yoast_head":"<!-- This site is optimized with the Yoast SEO Premium plugin v25.7.1 (Yoast SEO v26.8) - https:\/\/yoast.com\/product\/yoast-seo-premium-wordpress\/ -->\n<title>Inversor H\u00edbrido Solar 400W 600VA CDP - Mivoot<\/title>\n<meta name=\"robots\" content=\"index, follow, max-snippet:-1, max-image-preview:large, max-video-preview:-1\" \/>\n<link rel=\"canonical\" href=\"https:\/\/mivoot.com\/gt\/producto\/inversor-hibrido-solar-400w-600va-sol-uprs612wm-cdp\/\" \/>\n<meta property=\"og:locale\" content=\"es_ES\" \/>\n<meta property=\"og:type\" content=\"article\" \/>\n<meta property=\"og:title\" content=\"Inversor H\u00edbrido Solar 400W 600VA CDP\" \/>\n<meta property=\"og:description\" content=\"- Capacidad 6000VA \/ 400W - Dimensiones 327 * 276 * 79 mm - Frecuencia 50Hz \/ 60Hz \/ Peso 6.7Kg - Rango de voltaje 72 VAC - 137 VAC 200Vac-277Vac - Onda Sinusoidal - Corriente de carga 30A - Soporte Bater\u00eda 12VDC - 4 Salida 120vac - 2 Cargadores USB - Conexi\u00f3n: L, N+G - Dimensiones del equipo: 327*276*79mm - Peso N.W. \/ G.W. (kg): 6.7kg \/ 7.2kg\" \/>\n<meta property=\"og:url\" content=\"https:\/\/mivoot.com\/gt\/producto\/inversor-hibrido-solar-400w-600va-sol-uprs612wm-cdp\/\" \/>\n<meta property=\"og:site_name\" content=\"Mivoot\" \/>\n<meta property=\"article:publisher\" content=\"https:\/\/www.facebook.com\/mivootgt\" \/>\n<meta property=\"article:modified_time\" content=\"2026-03-05T01:11:34+00:00\" \/>\n<meta property=\"og:image\" content=\"https:\/\/mivoot.com\/gt\/wp-content\/uploads\/2026\/03\/C1P3R7V411SOL-UPRS612WM.jpg\" \/>\n\t<meta property=\"og:image:width\" content=\"440\" \/>\n\t<meta property=\"og:image:height\" content=\"276\" \/>\n\t<meta property=\"og:image:type\" content=\"image\/jpeg\" \/>\n<meta name=\"twitter:card\" content=\"summary_large_image\" \/>\n<meta name=\"twitter:label1\" content=\"Est. reading time\" \/>\n\t<meta name=\"twitter:data1\" content=\"1 minuto\" \/>\n<script type=\"application\/ld+json\" class=\"yoast-schema-graph\">{\"@context\":\"https:\/\/schema.org\",\"@graph\":[{\"@type\":\"WebPage\",\"@id\":\"https:\/\/mivoot.com\/gt\/producto\/inversor-hibrido-solar-400w-600va-sol-uprs612wm-cdp\/\",\"url\":\"https:\/\/mivoot.com\/gt\/producto\/inversor-hibrido-solar-400w-600va-sol-uprs612wm-cdp\/\",\"name\":\"Inversor H\u00edbrido Solar 400W 600VA CDP - Mivoot\",\"isPartOf\":{\"@id\":\"https:\/\/mivoot.com\/gt\/#website\"},\"primaryImageOfPage\":{\"@id\":\"https:\/\/mivoot.com\/gt\/producto\/inversor-hibrido-solar-400w-600va-sol-uprs612wm-cdp\/#primaryimage\"},\"image\":{\"@id\":\"https:\/\/mivoot.com\/gt\/producto\/inversor-hibrido-solar-400w-600va-sol-uprs612wm-cdp\/#primaryimage\"},\"thumbnailUrl\":\"https:\/\/mivoot.com\/gt\/wp-content\/uploads\/2026\/03\/C1P3R7V411SOL-UPRS612WM.jpg\",\"datePublished\":\"2026-03-04T15:37:38+00:00\",\"dateModified\":\"2026-03-05T01:11:34+00:00\",\"breadcrumb\":{\"@id\":\"https:\/\/mivoot.com\/gt\/producto\/inversor-hibrido-solar-400w-600va-sol-uprs612wm-cdp\/#breadcrumb\"},\"inLanguage\":\"es\",\"potentialAction\":[{\"@type\":\"ReadAction\",\"target\":[\"https:\/\/mivoot.com\/gt\/producto\/inversor-hibrido-solar-400w-600va-sol-uprs612wm-cdp\/\"]}]},{\"@type\":\"ImageObject\",\"inLanguage\":\"es\",\"@id\":\"https:\/\/mivoot.com\/gt\/producto\/inversor-hibrido-solar-400w-600va-sol-uprs612wm-cdp\/#primaryimage\",\"url\":\"https:\/\/mivoot.com\/gt\/wp-content\/uploads\/2026\/03\/C1P3R7V411SOL-UPRS612WM.jpg\",\"contentUrl\":\"https:\/\/mivoot.com\/gt\/wp-content\/uploads\/2026\/03\/C1P3R7V411SOL-UPRS612WM.jpg\",\"width\":440,\"height\":276},{\"@type\":\"BreadcrumbList\",\"@id\":\"https:\/\/mivoot.com\/gt\/producto\/inversor-hibrido-solar-400w-600va-sol-uprs612wm-cdp\/#breadcrumb\",\"itemListElement\":[{\"@type\":\"ListItem\",\"position\":1,\"name\":\"Inicio\",\"item\":\"https:\/\/mivoot.com\/gt\/\"},{\"@type\":\"ListItem\",\"position\":2,\"name\":\"Productos\",\"item\":\"https:\/\/mivoot.com\/gt\/producto\/\"},{\"@type\":\"ListItem\",\"position\":3,\"name\":\"CDP\",\"item\":\"https:\/\/mivoot.com\/gt\/marca\/cdp\/\"},{\"@type\":\"ListItem\",\"position\":4,\"name\":\"Inversor H\u00edbrido Solar 400W 600VA CDP\"}]},{\"@type\":\"WebSite\",\"@id\":\"https:\/\/mivoot.com\/gt\/#website\",\"url\":\"https:\/\/mivoot.com\/gt\/\",\"name\":\"Mivoot\",\"description\":\"Mivoot Guatemala | Tienda Online\",\"publisher\":{\"@id\":\"https:\/\/mivoot.com\/gt\/#organization\"},\"alternateName\":\"mivoot\",\"potentialAction\":[{\"@type\":\"SearchAction\",\"target\":{\"@type\":\"EntryPoint\",\"urlTemplate\":\"https:\/\/mivoot.com\/gt\/?s={search_term_string}\"},\"query-input\":{\"@type\":\"PropertyValueSpecification\",\"valueRequired\":true,\"valueName\":\"search_term_string\"}}],\"inLanguage\":\"es\"},{\"@type\":\"Organization\",\"@id\":\"https:\/\/mivoot.com\/gt\/#organization\",\"name\":\"Mivoot Guatemala\",\"alternateName\":\"mivoot.com\",\"url\":\"https:\/\/mivoot.com\/gt\/\",\"logo\":{\"@type\":\"ImageObject\",\"inLanguage\":\"es\",\"@id\":\"https:\/\/mivoot.com\/gt\/#\/schema\/logo\/image\/\",\"url\":\"https:\/\/mivoot.com\/gt\/wp-content\/uploads\/2023\/03\/cropped-icon.png\",\"contentUrl\":\"https:\/\/mivoot.com\/gt\/wp-content\/uploads\/2023\/03\/cropped-icon.png\",\"width\":512,\"height\":512,\"caption\":\"Mivoot Guatemala\"},\"image\":{\"@id\":\"https:\/\/mivoot.com\/gt\/#\/schema\/logo\/image\/\"},\"sameAs\":[\"https:\/\/www.facebook.com\/mivootgt\",\"https:\/\/instagram.com\/mivoot\"]}]}<\/script>\n<!-- \/ Yoast SEO Premium plugin. -->","yoast_head_json":{"title":"Inversor H\u00edbrido Solar 400W 600VA CDP - Mivoot","robots":{"index":"index","follow":"follow","max-snippet":"max-snippet:-1","max-image-preview":"max-image-preview:large","max-video-preview":"max-video-preview:-1"},"canonical":"https:\/\/mivoot.com\/gt\/producto\/inversor-hibrido-solar-400w-600va-sol-uprs612wm-cdp\/","og_locale":"es_ES","og_type":"article","og_title":"Inversor H\u00edbrido Solar 400W 600VA CDP","og_description":"- Capacidad 6000VA \/ 400W - Dimensiones 327 * 276 * 79 mm - Frecuencia 50Hz \/ 60Hz \/ Peso 6.7Kg - Rango de voltaje 72 VAC - 137 VAC 200Vac-277Vac - Onda Sinusoidal - Corriente de carga 30A - Soporte Bater\u00eda 12VDC - 4 Salida 120vac - 2 Cargadores USB - Conexi\u00f3n: L, N+G - Dimensiones del equipo: 327*276*79mm - Peso N.W. \/ G.W. (kg): 6.7kg \/ 7.2kg","og_url":"https:\/\/mivoot.com\/gt\/producto\/inversor-hibrido-solar-400w-600va-sol-uprs612wm-cdp\/","og_site_name":"Mivoot","article_publisher":"https:\/\/www.facebook.com\/mivootgt","article_modified_time":"2026-03-05T01:11:34+00:00","og_image":[{"width":440,"height":276,"url":"https:\/\/mivoot.com\/gt\/wp-content\/uploads\/2026\/03\/C1P3R7V411SOL-UPRS612WM.jpg","type":"image\/jpeg"}],"twitter_card":"summary_large_image","twitter_misc":{"Est. reading time":"1 minuto"},"schema":{"@context":"https:\/\/schema.org","@graph":[{"@type":"WebPage","@id":"https:\/\/mivoot.com\/gt\/producto\/inversor-hibrido-solar-400w-600va-sol-uprs612wm-cdp\/","url":"https:\/\/mivoot.com\/gt\/producto\/inversor-hibrido-solar-400w-600va-sol-uprs612wm-cdp\/","name":"Inversor H\u00edbrido Solar 400W 600VA CDP - Mivoot","isPartOf":{"@id":"https:\/\/mivoot.com\/gt\/#website"},"primaryImageOfPage":{"@id":"https:\/\/mivoot.com\/gt\/producto\/inversor-hibrido-solar-400w-600va-sol-uprs612wm-cdp\/#primaryimage"},"image":{"@id":"https:\/\/mivoot.com\/gt\/producto\/inversor-hibrido-solar-400w-600va-sol-uprs612wm-cdp\/#primaryimage"},"thumbnailUrl":"https:\/\/mivoot.com\/gt\/wp-content\/uploads\/2026\/03\/C1P3R7V411SOL-UPRS612WM.jpg","datePublished":"2026-03-04T15:37:38+00:00","dateModified":"2026-03-05T01:11:34+00:00","breadcrumb":{"@id":"https:\/\/mivoot.com\/gt\/producto\/inversor-hibrido-solar-400w-600va-sol-uprs612wm-cdp\/#breadcrumb"},"inLanguage":"es","potentialAction":[{"@type":"ReadAction","target":["https:\/\/mivoot.com\/gt\/producto\/inversor-hibrido-solar-400w-600va-sol-uprs612wm-cdp\/"]}]},{"@type":"ImageObject","inLanguage":"es","@id":"https:\/\/mivoot.com\/gt\/producto\/inversor-hibrido-solar-400w-600va-sol-uprs612wm-cdp\/#primaryimage","url":"https:\/\/mivoot.com\/gt\/wp-content\/uploads\/2026\/03\/C1P3R7V411SOL-UPRS612WM.jpg","contentUrl":"https:\/\/mivoot.com\/gt\/wp-content\/uploads\/2026\/03\/C1P3R7V411SOL-UPRS612WM.jpg","width":440,"height":276},{"@type":"BreadcrumbList","@id":"https:\/\/mivoot.com\/gt\/producto\/inversor-hibrido-solar-400w-600va-sol-uprs612wm-cdp\/#breadcrumb","itemListElement":[{"@type":"ListItem","position":1,"name":"Inicio","item":"https:\/\/mivoot.com\/gt\/"},{"@type":"ListItem","position":2,"name":"Productos","item":"https:\/\/mivoot.com\/gt\/producto\/"},{"@type":"ListItem","position":3,"name":"CDP","item":"https:\/\/mivoot.com\/gt\/marca\/cdp\/"},{"@type":"ListItem","position":4,"name":"Inversor H\u00edbrido Solar 400W 600VA CDP"}]},{"@type":"WebSite","@id":"https:\/\/mivoot.com\/gt\/#website","url":"https:\/\/mivoot.com\/gt\/","name":"Mivoot","description":"Mivoot Guatemala | Tienda Online","publisher":{"@id":"https:\/\/mivoot.com\/gt\/#organization"},"alternateName":"mivoot","potentialAction":[{"@type":"SearchAction","target":{"@type":"EntryPoint","urlTemplate":"https:\/\/mivoot.com\/gt\/?s={search_term_string}"},"query-input":{"@type":"PropertyValueSpecification","valueRequired":true,"valueName":"search_term_string"}}],"inLanguage":"es"},{"@type":"Organization","@id":"https:\/\/mivoot.com\/gt\/#organization","name":"Mivoot Guatemala","alternateName":"mivoot.com","url":"https:\/\/mivoot.com\/gt\/","logo":{"@type":"ImageObject","inLanguage":"es","@id":"https:\/\/mivoot.com\/gt\/#\/schema\/logo\/image\/","url":"https:\/\/mivoot.com\/gt\/wp-content\/uploads\/2023\/03\/cropped-icon.png","contentUrl":"https:\/\/mivoot.com\/gt\/wp-content\/uploads\/2023\/03\/cropped-icon.png","width":512,"height":512,"caption":"Mivoot Guatemala"},"image":{"@id":"https:\/\/mivoot.com\/gt\/#\/schema\/logo\/image\/"},"sameAs":["https:\/\/www.facebook.com\/mivootgt","https:\/\/instagram.com\/mivoot"]}]}},"jetpack_publicize_connections":[],"jetpack_sharing_enabled":true,"brands":[{"id":570,"name":"CDP","slug":"cdp"}],"_links":{"self":[{"href":"https:\/\/mivoot.com\/gt\/wp-json\/wp\/v2\/product\/32442","targetHints":{"allow":["GET"]}}],"collection":[{"href":"https:\/\/mivoot.com\/gt\/wp-json\/wp\/v2\/product"}],"about":[{"href":"https:\/\/mivoot.com\/gt\/wp-json\/wp\/v2\/types\/product"}],"replies":[{"embeddable":true,"href":"https:\/\/mivoot.com\/gt\/wp-json\/wp\/v2\/comments?post=32442"}],"version-history":[{"count":2,"href":"https:\/\/mivoot.com\/gt\/wp-json\/wp\/v2\/product\/32442\/revisions"}],"predecessor-version":[{"id":32469,"href":"https:\/\/mivoot.com\/gt\/wp-json\/wp\/v2\/product\/32442\/revisions\/32469"}],"wp:featuredmedia":[{"embeddable":true,"href":"https:\/\/mivoot.com\/gt\/wp-json\/wp\/v2\/media\/32443"}],"wp:attachment":[{"href":"https:\/\/mivoot.com\/gt\/wp-json\/wp\/v2\/media?parent=32442"}],"wp:term":[{"taxonomy":"pwb-brand","embeddable":true,"href":"https:\/\/mivoot.com\/gt\/wp-json\/wp\/v2\/pwb-brand?post=32442"},{"taxonomy":"product_brand","embeddable":true,"href":"https:\/\/mivoot.com\/gt\/wp-json\/wp\/v2\/product_brand?post=32442"},{"taxonomy":"product_cat","embeddable":true,"href":"https:\/\/mivoot.com\/gt\/wp-json\/wp\/v2\/product_cat?post=32442"},{"taxonomy":"product_tag","embeddable":true,"href":"https:\/\/mivoot.com\/gt\/wp-json\/wp\/v2\/product_tag?post=32442"}],"curies":[{"name":"wp","href":"https:\/\/api.w.org\/{rel}","templated":true}]}}