{"id":32606,"date":"2026-03-13T17:29:41","date_gmt":"2026-03-13T23:29:41","guid":{"rendered":"https:\/\/mivoot.com\/gt\/?post_type=product&#038;p=32606"},"modified":"2026-03-13T17:29:42","modified_gmt":"2026-03-13T23:29:42","slug":"bocina-activa-de-1300-watts-15-con-bluetooth-y-procesos-dbx-eon715-jbl","status":"publish","type":"product","link":"https:\/\/mivoot.com\/gt\/producto\/bocina-activa-de-1300-watts-15-con-bluetooth-y-procesos-dbx-eon715-jbl\/","title":{"rendered":"Bocina Activa de 1300 Watts 15&#8243; con Bluetooth y Procesos DBX EON715 JBL"},"content":{"rendered":"<h1 style=\"text-align: center;\">Bocina Activa de 1300 Watts 15&#8243; con Bluetooth y Procesos DBX EON715 JBL<\/h1>\n<p>El altavoz JBL EON715 de 15 pulgadas es parte de la nueva serie EON700 de PA autoamplificados de JBL, que representa un gran paso adelante en innovaci\u00f3n y tecnolog\u00eda: los ingenieros de JBL utilizaron t\u00e9cnicas de medici\u00f3n y dise\u00f1o exclusivas y de \u00faltima generaci\u00f3n para ofrecer lo mejor.<\/p>\n<p>Altavoces de alto rendimiento en su categor\u00eda, independientemente de su aplicaci\u00f3n.<\/p>\n<p>La serie EON700 aprovecha lo \u00faltimo en ciencia ac\u00fastica, dise\u00f1os de transductores, materiales de gabinete y tecnolog\u00edas DSP y de control avanzadas para ofrecer un rendimiento extraordinario en un sistema port\u00e1til totalmente profesional, altamente flexible y f\u00e1cil de usar.<\/p>\n<div class=\"copy\">\n<h3>Woofer, controlador y bocina JBL personalizados actualizados<\/h3>\n<p>Ofrece una cobertura superior y una fidelidad impresionante lista para usar.<\/p>\n<p><img decoding=\"async\" class=\"aligncenter\" src=\"https:\/\/www.jbl.com\/dw\/image\/v2\/BFND_PRD\/on\/demandware.static\/-\/Sites-masterCatalog_Harman\/default\/dwfb4c7f7f\/pdp\/JBL_EON700_Lifestyle_Photo_904x560.png?sw=904&amp;sh=560\" alt=\"JBL EON715 Built-in 3-channel digital mixer - Image\" \/><\/p>\n<\/div>\n<h3>Mixer incorporado de 3 canales<\/h3>\n<p>Le ayuda a marcar el sonido perfecto del sistema en un instante.<\/p>\n<p><img decoding=\"async\" class=\"aligncenter\" src=\"https:\/\/www.jbl.com\/dw\/image\/v2\/BFND_PRD\/on\/demandware.static\/-\/Sites-masterCatalog_Harman\/default\/dwf7dff2e1\/pdp\/JBL_EON700_Lifestyle_Photo_Band_Rehearsal_904x560.png?sw=904&amp;sh=560\" alt=\"JBL EON715 JBL Pro Connect app - Image\" \/><\/p>\n","protected":false},"excerpt":{"rendered":"<p>&#8211; Bocina amplificada de 2 v\u00edas<br \/>\n&#8211; 1 Woofer de 15\u2033<br \/>\n&#8211; 1 Driver de 1\u2033<br \/>\n&#8211; Dispersi\u00f3n de 90\u00b0H x 60\u00b0V<br \/>\n&#8211; SPL m\u00e1ximo de 128db<br \/>\n&#8211; LCD a color retroiluminada<br \/>\n&#8211; Tecnolog\u00eda dbx DriveRack<br \/>\n&#8211; Equalizador de 8 bandas<br \/>\n&#8211; Audio bluetooth streaming 5.0<br \/>\n&#8211; Equalizador de 8 bandas incorporado<br \/>\n&#8211; Rango de Frecuencia de 55Hz a 20kHz<br \/>\n&#8211; Potencia m\u00e1ximo de 1,300 watts<br \/>\n&#8211; Potencia RMS 650 watts<br \/>\n&#8211; Peso 37.3 libras<\/p>\n","protected":false},"featured_media":32607,"comment_status":"open","ping_status":"closed","template":"","meta":{"jetpack_publicize_message":"","jetpack_publicize_feature_enabled":true,"jetpack_social_post_already_shared":true,"jetpack_social_options":{"image_generator_settings":{"template":"highway","default_image_id":0,"font":"","enabled":false},"version":2}},"pwb-brand":[75],"product_brand":[],"product_cat":[512],"product_tag":[],"class_list":{"0":"post-32606","1":"product","2":"type-product","3":"status-publish","4":"has-post-thumbnail","6":"pwb-brand-jbl","7":"product_cat-bocinas-de-instalacion","9":"first","10":"instock","11":"taxable","12":"shipping-taxable","13":"product-type-simple"},"yoast_head":"<!-- This site is optimized with the Yoast SEO Premium plugin v25.7.1 (Yoast SEO v26.8) - https:\/\/yoast.com\/product\/yoast-seo-premium-wordpress\/ -->\n<title>Bocina Activa de 1300 Watts 15&quot; con Bluetooth y Procesos DBX EON715 JBL - Mivoot<\/title>\n<meta name=\"robots\" content=\"index, follow, max-snippet:-1, max-image-preview:large, max-video-preview:-1\" \/>\n<link rel=\"canonical\" href=\"https:\/\/mivoot.com\/gt\/producto\/bocina-activa-de-1300-watts-15-con-bluetooth-y-procesos-dbx-eon715-jbl\/\" \/>\n<meta property=\"og:locale\" content=\"es_ES\" \/>\n<meta property=\"og:type\" content=\"article\" \/>\n<meta property=\"og:title\" content=\"Bocina Activa de 1300 Watts 15&quot; con Bluetooth y Procesos DBX EON715 JBL\" \/>\n<meta property=\"og:description\" content=\"- Bocina amplificada de 2 v\u00edas - 1 Woofer de 15\u2033 - 1 Driver de 1\u2033 - Dispersi\u00f3n de 90\u00b0H x 60\u00b0V - SPL m\u00e1ximo de 128db - LCD a color retroiluminada - Tecnolog\u00eda dbx DriveRack - Equalizador de 8 bandas - Audio bluetooth streaming 5.0 - Equalizador de 8 bandas incorporado - Rango de Frecuencia de 55Hz a 20kHz - Potencia m\u00e1ximo de 1,300 watts - Potencia RMS 650 watts - Peso 37.3 libras\" \/>\n<meta property=\"og:url\" content=\"https:\/\/mivoot.com\/gt\/producto\/bocina-activa-de-1300-watts-15-con-bluetooth-y-procesos-dbx-eon715-jbl\/\" \/>\n<meta property=\"og:site_name\" content=\"Mivoot\" \/>\n<meta property=\"article:publisher\" content=\"https:\/\/www.facebook.com\/mivootgt\" \/>\n<meta property=\"article:modified_time\" content=\"2026-03-13T23:29:42+00:00\" \/>\n<meta property=\"og:image\" content=\"https:\/\/mivoot.com\/gt\/wp-content\/uploads\/2026\/03\/JBL_EON715-0.webp\" \/>\n\t<meta property=\"og:image:width\" content=\"1605\" \/>\n\t<meta property=\"og:image:height\" content=\"1605\" \/>\n\t<meta property=\"og:image:type\" content=\"image\/webp\" \/>\n<meta name=\"twitter:card\" content=\"summary_large_image\" \/>\n<meta name=\"twitter:label1\" content=\"Est. reading time\" \/>\n\t<meta name=\"twitter:data1\" content=\"2 minutos\" \/>\n<script type=\"application\/ld+json\" class=\"yoast-schema-graph\">{\"@context\":\"https:\/\/schema.org\",\"@graph\":[{\"@type\":\"WebPage\",\"@id\":\"https:\/\/mivoot.com\/gt\/producto\/bocina-activa-de-1300-watts-15-con-bluetooth-y-procesos-dbx-eon715-jbl\/\",\"url\":\"https:\/\/mivoot.com\/gt\/producto\/bocina-activa-de-1300-watts-15-con-bluetooth-y-procesos-dbx-eon715-jbl\/\",\"name\":\"Bocina Activa de 1300 Watts 15\\\" con Bluetooth y Procesos DBX EON715 JBL - Mivoot\",\"isPartOf\":{\"@id\":\"https:\/\/mivoot.com\/gt\/#website\"},\"primaryImageOfPage\":{\"@id\":\"https:\/\/mivoot.com\/gt\/producto\/bocina-activa-de-1300-watts-15-con-bluetooth-y-procesos-dbx-eon715-jbl\/#primaryimage\"},\"image\":{\"@id\":\"https:\/\/mivoot.com\/gt\/producto\/bocina-activa-de-1300-watts-15-con-bluetooth-y-procesos-dbx-eon715-jbl\/#primaryimage\"},\"thumbnailUrl\":\"https:\/\/mivoot.com\/gt\/wp-content\/uploads\/2026\/03\/JBL_EON715-0.webp\",\"datePublished\":\"2026-03-13T23:29:41+00:00\",\"dateModified\":\"2026-03-13T23:29:42+00:00\",\"breadcrumb\":{\"@id\":\"https:\/\/mivoot.com\/gt\/producto\/bocina-activa-de-1300-watts-15-con-bluetooth-y-procesos-dbx-eon715-jbl\/#breadcrumb\"},\"inLanguage\":\"es\",\"potentialAction\":[{\"@type\":\"ReadAction\",\"target\":[\"https:\/\/mivoot.com\/gt\/producto\/bocina-activa-de-1300-watts-15-con-bluetooth-y-procesos-dbx-eon715-jbl\/\"]}]},{\"@type\":\"ImageObject\",\"inLanguage\":\"es\",\"@id\":\"https:\/\/mivoot.com\/gt\/producto\/bocina-activa-de-1300-watts-15-con-bluetooth-y-procesos-dbx-eon715-jbl\/#primaryimage\",\"url\":\"https:\/\/mivoot.com\/gt\/wp-content\/uploads\/2026\/03\/JBL_EON715-0.webp\",\"contentUrl\":\"https:\/\/mivoot.com\/gt\/wp-content\/uploads\/2026\/03\/JBL_EON715-0.webp\",\"width\":1605,\"height\":1605},{\"@type\":\"BreadcrumbList\",\"@id\":\"https:\/\/mivoot.com\/gt\/producto\/bocina-activa-de-1300-watts-15-con-bluetooth-y-procesos-dbx-eon715-jbl\/#breadcrumb\",\"itemListElement\":[{\"@type\":\"ListItem\",\"position\":1,\"name\":\"Inicio\",\"item\":\"https:\/\/mivoot.com\/gt\/\"},{\"@type\":\"ListItem\",\"position\":2,\"name\":\"Productos\",\"item\":\"https:\/\/mivoot.com\/gt\/producto\/\"},{\"@type\":\"ListItem\",\"position\":3,\"name\":\"JBL\",\"item\":\"https:\/\/mivoot.com\/gt\/marca\/jbl\/\"},{\"@type\":\"ListItem\",\"position\":4,\"name\":\"Bocina Activa de 1300 Watts 15&#8243; con Bluetooth y Procesos DBX EON715 JBL\"}]},{\"@type\":\"WebSite\",\"@id\":\"https:\/\/mivoot.com\/gt\/#website\",\"url\":\"https:\/\/mivoot.com\/gt\/\",\"name\":\"Mivoot\",\"description\":\"Mivoot Guatemala | Tienda Online\",\"publisher\":{\"@id\":\"https:\/\/mivoot.com\/gt\/#organization\"},\"alternateName\":\"mivoot\",\"potentialAction\":[{\"@type\":\"SearchAction\",\"target\":{\"@type\":\"EntryPoint\",\"urlTemplate\":\"https:\/\/mivoot.com\/gt\/?s={search_term_string}\"},\"query-input\":{\"@type\":\"PropertyValueSpecification\",\"valueRequired\":true,\"valueName\":\"search_term_string\"}}],\"inLanguage\":\"es\"},{\"@type\":\"Organization\",\"@id\":\"https:\/\/mivoot.com\/gt\/#organization\",\"name\":\"Mivoot Guatemala\",\"alternateName\":\"mivoot.com\",\"url\":\"https:\/\/mivoot.com\/gt\/\",\"logo\":{\"@type\":\"ImageObject\",\"inLanguage\":\"es\",\"@id\":\"https:\/\/mivoot.com\/gt\/#\/schema\/logo\/image\/\",\"url\":\"https:\/\/mivoot.com\/gt\/wp-content\/uploads\/2023\/03\/cropped-icon.png\",\"contentUrl\":\"https:\/\/mivoot.com\/gt\/wp-content\/uploads\/2023\/03\/cropped-icon.png\",\"width\":512,\"height\":512,\"caption\":\"Mivoot Guatemala\"},\"image\":{\"@id\":\"https:\/\/mivoot.com\/gt\/#\/schema\/logo\/image\/\"},\"sameAs\":[\"https:\/\/www.facebook.com\/mivootgt\",\"https:\/\/instagram.com\/mivoot\"]}]}<\/script>\n<!-- \/ Yoast SEO Premium plugin. -->","yoast_head_json":{"title":"Bocina Activa de 1300 Watts 15\" con Bluetooth y Procesos DBX EON715 JBL - Mivoot","robots":{"index":"index","follow":"follow","max-snippet":"max-snippet:-1","max-image-preview":"max-image-preview:large","max-video-preview":"max-video-preview:-1"},"canonical":"https:\/\/mivoot.com\/gt\/producto\/bocina-activa-de-1300-watts-15-con-bluetooth-y-procesos-dbx-eon715-jbl\/","og_locale":"es_ES","og_type":"article","og_title":"Bocina Activa de 1300 Watts 15\" con Bluetooth y Procesos DBX EON715 JBL","og_description":"- Bocina amplificada de 2 v\u00edas - 1 Woofer de 15\u2033 - 1 Driver de 1\u2033 - Dispersi\u00f3n de 90\u00b0H x 60\u00b0V - SPL m\u00e1ximo de 128db - LCD a color retroiluminada - Tecnolog\u00eda dbx DriveRack - Equalizador de 8 bandas - Audio bluetooth streaming 5.0 - Equalizador de 8 bandas incorporado - Rango de Frecuencia de 55Hz a 20kHz - Potencia m\u00e1ximo de 1,300 watts - Potencia RMS 650 watts - Peso 37.3 libras","og_url":"https:\/\/mivoot.com\/gt\/producto\/bocina-activa-de-1300-watts-15-con-bluetooth-y-procesos-dbx-eon715-jbl\/","og_site_name":"Mivoot","article_publisher":"https:\/\/www.facebook.com\/mivootgt","article_modified_time":"2026-03-13T23:29:42+00:00","og_image":[{"width":1605,"height":1605,"url":"https:\/\/mivoot.com\/gt\/wp-content\/uploads\/2026\/03\/JBL_EON715-0.webp","type":"image\/webp"}],"twitter_card":"summary_large_image","twitter_misc":{"Est. reading time":"2 minutos"},"schema":{"@context":"https:\/\/schema.org","@graph":[{"@type":"WebPage","@id":"https:\/\/mivoot.com\/gt\/producto\/bocina-activa-de-1300-watts-15-con-bluetooth-y-procesos-dbx-eon715-jbl\/","url":"https:\/\/mivoot.com\/gt\/producto\/bocina-activa-de-1300-watts-15-con-bluetooth-y-procesos-dbx-eon715-jbl\/","name":"Bocina Activa de 1300 Watts 15\" con Bluetooth y Procesos DBX EON715 JBL - Mivoot","isPartOf":{"@id":"https:\/\/mivoot.com\/gt\/#website"},"primaryImageOfPage":{"@id":"https:\/\/mivoot.com\/gt\/producto\/bocina-activa-de-1300-watts-15-con-bluetooth-y-procesos-dbx-eon715-jbl\/#primaryimage"},"image":{"@id":"https:\/\/mivoot.com\/gt\/producto\/bocina-activa-de-1300-watts-15-con-bluetooth-y-procesos-dbx-eon715-jbl\/#primaryimage"},"thumbnailUrl":"https:\/\/mivoot.com\/gt\/wp-content\/uploads\/2026\/03\/JBL_EON715-0.webp","datePublished":"2026-03-13T23:29:41+00:00","dateModified":"2026-03-13T23:29:42+00:00","breadcrumb":{"@id":"https:\/\/mivoot.com\/gt\/producto\/bocina-activa-de-1300-watts-15-con-bluetooth-y-procesos-dbx-eon715-jbl\/#breadcrumb"},"inLanguage":"es","potentialAction":[{"@type":"ReadAction","target":["https:\/\/mivoot.com\/gt\/producto\/bocina-activa-de-1300-watts-15-con-bluetooth-y-procesos-dbx-eon715-jbl\/"]}]},{"@type":"ImageObject","inLanguage":"es","@id":"https:\/\/mivoot.com\/gt\/producto\/bocina-activa-de-1300-watts-15-con-bluetooth-y-procesos-dbx-eon715-jbl\/#primaryimage","url":"https:\/\/mivoot.com\/gt\/wp-content\/uploads\/2026\/03\/JBL_EON715-0.webp","contentUrl":"https:\/\/mivoot.com\/gt\/wp-content\/uploads\/2026\/03\/JBL_EON715-0.webp","width":1605,"height":1605},{"@type":"BreadcrumbList","@id":"https:\/\/mivoot.com\/gt\/producto\/bocina-activa-de-1300-watts-15-con-bluetooth-y-procesos-dbx-eon715-jbl\/#breadcrumb","itemListElement":[{"@type":"ListItem","position":1,"name":"Inicio","item":"https:\/\/mivoot.com\/gt\/"},{"@type":"ListItem","position":2,"name":"Productos","item":"https:\/\/mivoot.com\/gt\/producto\/"},{"@type":"ListItem","position":3,"name":"JBL","item":"https:\/\/mivoot.com\/gt\/marca\/jbl\/"},{"@type":"ListItem","position":4,"name":"Bocina Activa de 1300 Watts 15&#8243; con Bluetooth y Procesos DBX EON715 JBL"}]},{"@type":"WebSite","@id":"https:\/\/mivoot.com\/gt\/#website","url":"https:\/\/mivoot.com\/gt\/","name":"Mivoot","description":"Mivoot Guatemala | Tienda Online","publisher":{"@id":"https:\/\/mivoot.com\/gt\/#organization"},"alternateName":"mivoot","potentialAction":[{"@type":"SearchAction","target":{"@type":"EntryPoint","urlTemplate":"https:\/\/mivoot.com\/gt\/?s={search_term_string}"},"query-input":{"@type":"PropertyValueSpecification","valueRequired":true,"valueName":"search_term_string"}}],"inLanguage":"es"},{"@type":"Organization","@id":"https:\/\/mivoot.com\/gt\/#organization","name":"Mivoot Guatemala","alternateName":"mivoot.com","url":"https:\/\/mivoot.com\/gt\/","logo":{"@type":"ImageObject","inLanguage":"es","@id":"https:\/\/mivoot.com\/gt\/#\/schema\/logo\/image\/","url":"https:\/\/mivoot.com\/gt\/wp-content\/uploads\/2023\/03\/cropped-icon.png","contentUrl":"https:\/\/mivoot.com\/gt\/wp-content\/uploads\/2023\/03\/cropped-icon.png","width":512,"height":512,"caption":"Mivoot Guatemala"},"image":{"@id":"https:\/\/mivoot.com\/gt\/#\/schema\/logo\/image\/"},"sameAs":["https:\/\/www.facebook.com\/mivootgt","https:\/\/instagram.com\/mivoot"]}]}},"jetpack_publicize_connections":[],"jetpack_sharing_enabled":true,"brands":[{"id":75,"name":"JBL","slug":"jbl"}],"_links":{"self":[{"href":"https:\/\/mivoot.com\/gt\/wp-json\/wp\/v2\/product\/32606","targetHints":{"allow":["GET"]}}],"collection":[{"href":"https:\/\/mivoot.com\/gt\/wp-json\/wp\/v2\/product"}],"about":[{"href":"https:\/\/mivoot.com\/gt\/wp-json\/wp\/v2\/types\/product"}],"replies":[{"embeddable":true,"href":"https:\/\/mivoot.com\/gt\/wp-json\/wp\/v2\/comments?post=32606"}],"version-history":[{"count":1,"href":"https:\/\/mivoot.com\/gt\/wp-json\/wp\/v2\/product\/32606\/revisions"}],"predecessor-version":[{"id":32616,"href":"https:\/\/mivoot.com\/gt\/wp-json\/wp\/v2\/product\/32606\/revisions\/32616"}],"wp:featuredmedia":[{"embeddable":true,"href":"https:\/\/mivoot.com\/gt\/wp-json\/wp\/v2\/media\/32607"}],"wp:attachment":[{"href":"https:\/\/mivoot.com\/gt\/wp-json\/wp\/v2\/media?parent=32606"}],"wp:term":[{"taxonomy":"pwb-brand","embeddable":true,"href":"https:\/\/mivoot.com\/gt\/wp-json\/wp\/v2\/pwb-brand?post=32606"},{"taxonomy":"product_brand","embeddable":true,"href":"https:\/\/mivoot.com\/gt\/wp-json\/wp\/v2\/product_brand?post=32606"},{"taxonomy":"product_cat","embeddable":true,"href":"https:\/\/mivoot.com\/gt\/wp-json\/wp\/v2\/product_cat?post=32606"},{"taxonomy":"product_tag","embeddable":true,"href":"https:\/\/mivoot.com\/gt\/wp-json\/wp\/v2\/product_tag?post=32606"}],"curies":[{"name":"wp","href":"https:\/\/api.w.org\/{rel}","templated":true}]}}