{"id":32724,"date":"2026-03-24T13:25:33","date_gmt":"2026-03-24T19:25:33","guid":{"rendered":"https:\/\/mivoot.com\/gt\/?post_type=product&#038;p=32724"},"modified":"2026-03-24T17:10:30","modified_gmt":"2026-03-24T23:10:30","slug":"impresora-multifuncional-duplex-wi-fi-usb-maxify-gx3010-canon","status":"publish","type":"product","link":"https:\/\/mivoot.com\/gt\/producto\/impresora-multifuncional-duplex-wi-fi-usb-maxify-gx3010-canon\/","title":{"rendered":"Impresora Multifuncional Duplex Wi-Fi USB Maxify GX3010 Canon"},"content":{"rendered":"<h1 style=\"text-align: center;\">Impresora Multifuncional Duplex Wi-Fi USB Maxify GX3010 Canon &#8211; Versi\u00f3n 2026<\/h1>\n<p>La impresora MAXIFY GX3010 inal\u00e1mbrica 3 en 1 (impresi\u00f3n, copiado y escaneo) ampl\u00eda la l\u00ednea de impresoras de tanque recargable de Canon a un precio cada vez m\u00e1s asequible. Esta impresora utiliza un sistema de suministro de tinta continuo, que puede reducir significativamente los costos de tinta mediante el uso de botellas de tinta de alto volumen<\/p>\n<p>La afirmaci\u00f3n se basa en el rendimiento de p\u00e1gina de 6,000 p\u00e1ginas en negro\/14,000 p\u00e1ginas en color por cada juego de botellas de tinta y MSRP (USD) de $126.96 para el juego completo de botellas de tinta GI-26 (1 botella de cian, magenta, amarillo y negro) a partir de abril de 2022. El rendimiento de p\u00e1gina de las tintas de color es un rendimiento promedio de las tintas cian, magenta y amarilla combinadas.<\/p>\n<p><img decoding=\"async\" class=\"aligncenter\" src=\"https:\/\/tecnobodega.com.gt\/wp-content\/uploads\/2025\/02\/4kGh9C3i1bFtGMlhoc3Rf1N2cAc3rJR73ypUiIeD.png\" \/><\/p>\n<table class=\"table\">\n<thead>\n<tr>\n<th colspan=\"2\">Especificaciones Generales<\/th>\n<\/tr>\n<\/thead>\n<tbody>\n<tr>\n<td>Marca<\/td>\n<td>Canon<\/td>\n<\/tr>\n<tr>\n<td>Modelo<\/td>\n<td>GX3010<\/td>\n<\/tr>\n<tr>\n<td>Serie<\/td>\n<td>MAXIFY<\/td>\n<\/tr>\n<\/tbody>\n<\/table>\n<table class=\"table\">\n<thead>\n<tr>\n<th colspan=\"2\">Impresora<\/th>\n<\/tr>\n<\/thead>\n<tbody>\n<tr>\n<td>Tipo<\/td>\n<td>Tanque de Tinta<\/td>\n<\/tr>\n<tr>\n<td>Resoluci\u00f3n<\/td>\n<td>600 x 1,200 dpi<\/td>\n<\/tr>\n<tr>\n<td>Velocidad de Impresi\u00f3n<\/td>\n<td>Negro: 30 ppm, Color: 18 ppm, D\u00faplex: Negro 6.4 ppm, Color 5.3 ppm<\/td>\n<\/tr>\n<tr>\n<td>Tama\u00f1o de Papel<\/td>\n<td>4\u201dx6\u201d, 5\u201dx5\u201d, 5\u201dx7\u201d, 7\u201dx10\u201d, 8\u201dx10\u201d, Carta, Oficio, A5, B5, A4, Sobre #10, Tama\u00f1o personalizado: 3.5\u201d a 8.5\u201d por 5\u201d a 47\u201d<\/td>\n<\/tr>\n<tr>\n<td>Tipos de Papel<\/td>\n<td>Papel normal, Papel de Alta Resoluci\u00f3n, Papel Fotogr\u00e1fico Brilloso, Mate, Semi-Brilloso, Papel Fotogr\u00e1fico Pro Luster, Papel Mate de doble cara<\/td>\n<\/tr>\n<tr>\n<td>Entrada de Papel<\/td>\n<td>Bandeja principal: 250 hojas, Bandeja trasera: 100 hojas, Bandeja manual: 1 hoja<\/td>\n<\/tr>\n<tr>\n<td>Visor<\/td>\n<td>LCD Monocrom\u00e1tica de 3.4 cm<\/td>\n<\/tr>\n<tr>\n<td>Ciclo Mensual de Trabajo<\/td>\n<td>Hasta 33,000 p\u00e1ginas por mes<\/td>\n<\/tr>\n<\/tbody>\n<\/table>\n<table class=\"table\">\n<thead>\n<tr>\n<th colspan=\"2\">Esc\u00e1ner<\/th>\n<\/tr>\n<\/thead>\n<tbody>\n<tr>\n<td>Tipo de Esc\u00e1ner<\/td>\n<td>Contact Image Sensor (CIS)<\/td>\n<\/tr>\n<tr>\n<td>Resoluci\u00f3n de Esc\u00e1ner<\/td>\n<td>1200 x 2400 dpi (\u00d3ptico)<\/td>\n<\/tr>\n<tr>\n<td>Tama\u00f1o de escaneo (cama plana), m\u00e1xi<\/td>\n<td>Carta<\/td>\n<\/tr>\n<\/tbody>\n<\/table>\n<table class=\"table\">\n<thead>\n<tr>\n<th colspan=\"2\">Copiadora<\/th>\n<\/tr>\n<\/thead>\n<tbody>\n<tr>\n<td>Velocidad de Copiado<\/td>\n<td>Aprox. 11.1 segundos (Color\/Simplex)<\/td>\n<\/tr>\n<\/tbody>\n<\/table>\n","protected":false},"excerpt":{"rendered":"<p>&#8211; Versi\u00f3n 2026<br \/>\n&#8211; Bandeja principal 250 hojas de papel com\u00fan<br \/>\n&#8211; Bandeja Trasera: 100 hojas o 20 hojas de 10&#215;15 cm<br \/>\n&#8211; Caracter\u00edsticas del copiado:<br \/>\n&#8211; Copia Est\u00e1ndar<br \/>\n&#8211; Copia a doble cara<br \/>\n&#8211; Copia Manual a doble cara Manual<br \/>\n&#8211; Copia 4 en 1\/2 en 1 Copa de Documento<br \/>\n&#8211; Copia Cotejada<br \/>\n&#8211; Copia sin Marco solo en Bandeja Plana<br \/>\n&#8211; Identificaci\u00f3n, Auto Revelado, Proporciones Pre-Establecidas de Reducci\u00f3n o Aumento<br \/>\n&#8211; Velocidad de impresi\u00f3n: Un solo lado, negro: 30 ppm, Color: 18 ppm y d\u00faplex, negro: 6.4 ppm| Color: 5.3 ppm<br \/>\n&#8211; Pantalla LCD Monocrom\u00e1tica de 3.4 cm<br \/>\n&#8211; Ciclo de trabajo: Hasta 33,000 p\u00e1ginas por mes<br \/>\n&#8211; Resoluci\u00f3n de la impresi\u00f3n: 600 x 1,200 dpi<\/p>\n","protected":false},"featured_media":32726,"comment_status":"open","ping_status":"closed","template":"","meta":{"jetpack_publicize_message":"","jetpack_publicize_feature_enabled":true,"jetpack_social_post_already_shared":true,"jetpack_social_options":{"image_generator_settings":{"template":"highway","default_image_id":0,"font":"","enabled":false},"version":2}},"pwb-brand":[177],"product_brand":[],"product_cat":[176],"product_tag":[],"class_list":{"0":"post-32724","1":"product","2":"type-product","3":"status-publish","4":"has-post-thumbnail","6":"pwb-brand-canon","7":"product_cat-impresora-multifuncional","9":"first","10":"instock","11":"taxable","12":"shipping-taxable","13":"purchasable","14":"product-type-simple"},"yoast_head":"<!-- This site is optimized with the Yoast SEO Premium plugin v25.7.1 (Yoast SEO v26.8) - https:\/\/yoast.com\/product\/yoast-seo-premium-wordpress\/ -->\n<title>Impresora Multifuncional Duplex Wi-Fi USB Maxify GX3010 Canon - Mivoot<\/title>\n<meta name=\"robots\" content=\"index, follow, max-snippet:-1, max-image-preview:large, max-video-preview:-1\" \/>\n<link rel=\"canonical\" href=\"https:\/\/mivoot.com\/gt\/producto\/impresora-multifuncional-duplex-wi-fi-usb-maxify-gx3010-canon\/\" \/>\n<meta property=\"og:locale\" content=\"es_ES\" \/>\n<meta property=\"og:type\" content=\"article\" \/>\n<meta property=\"og:title\" content=\"Impresora Multifuncional Duplex Wi-Fi USB Maxify GX3010 Canon\" \/>\n<meta property=\"og:description\" content=\"- Versi\u00f3n 2026 - Bandeja principal 250 hojas de papel com\u00fan - Bandeja Trasera: 100 hojas o 20 hojas de 10x15 cm - Caracter\u00edsticas del copiado: - Copia Est\u00e1ndar - Copia a doble cara - Copia Manual a doble cara Manual - Copia 4 en 1\/2 en 1 Copa de Documento - Copia Cotejada - Copia sin Marco solo en Bandeja Plana - Identificaci\u00f3n, Auto Revelado, Proporciones Pre-Establecidas de Reducci\u00f3n o Aumento - Velocidad de impresi\u00f3n: Un solo lado, negro: 30 ppm, Color: 18 ppm y d\u00faplex, negro: 6.4 ppm| Color: 5.3 ppm - Pantalla LCD Monocrom\u00e1tica de 3.4 cm - Ciclo de trabajo: Hasta 33,000 p\u00e1ginas por mes - Resoluci\u00f3n de la impresi\u00f3n: 600 x 1,200 dpi\" \/>\n<meta property=\"og:url\" content=\"https:\/\/mivoot.com\/gt\/producto\/impresora-multifuncional-duplex-wi-fi-usb-maxify-gx3010-canon\/\" \/>\n<meta property=\"og:site_name\" content=\"Mivoot\" \/>\n<meta property=\"article:publisher\" content=\"https:\/\/www.facebook.com\/mivootgt\" \/>\n<meta property=\"article:modified_time\" content=\"2026-03-24T23:10:30+00:00\" \/>\n<meta property=\"og:image\" content=\"https:\/\/mivoot.com\/gt\/wp-content\/uploads\/2026\/03\/GX3010-07.jpg\" \/>\n\t<meta property=\"og:image:width\" content=\"600\" \/>\n\t<meta property=\"og:image:height\" content=\"450\" \/>\n\t<meta property=\"og:image:type\" content=\"image\/jpeg\" \/>\n<meta name=\"twitter:card\" content=\"summary_large_image\" \/>\n<meta name=\"twitter:label1\" content=\"Est. reading time\" \/>\n\t<meta name=\"twitter:data1\" content=\"2 minutos\" \/>\n<script type=\"application\/ld+json\" class=\"yoast-schema-graph\">{\"@context\":\"https:\/\/schema.org\",\"@graph\":[{\"@type\":\"WebPage\",\"@id\":\"https:\/\/mivoot.com\/gt\/producto\/impresora-multifuncional-duplex-wi-fi-usb-maxify-gx3010-canon\/\",\"url\":\"https:\/\/mivoot.com\/gt\/producto\/impresora-multifuncional-duplex-wi-fi-usb-maxify-gx3010-canon\/\",\"name\":\"Impresora Multifuncional Duplex Wi-Fi USB Maxify GX3010 Canon - Mivoot\",\"isPartOf\":{\"@id\":\"https:\/\/mivoot.com\/gt\/#website\"},\"primaryImageOfPage\":{\"@id\":\"https:\/\/mivoot.com\/gt\/producto\/impresora-multifuncional-duplex-wi-fi-usb-maxify-gx3010-canon\/#primaryimage\"},\"image\":{\"@id\":\"https:\/\/mivoot.com\/gt\/producto\/impresora-multifuncional-duplex-wi-fi-usb-maxify-gx3010-canon\/#primaryimage\"},\"thumbnailUrl\":\"https:\/\/mivoot.com\/gt\/wp-content\/uploads\/2026\/03\/GX3010-07.jpg\",\"datePublished\":\"2026-03-24T19:25:33+00:00\",\"dateModified\":\"2026-03-24T23:10:30+00:00\",\"breadcrumb\":{\"@id\":\"https:\/\/mivoot.com\/gt\/producto\/impresora-multifuncional-duplex-wi-fi-usb-maxify-gx3010-canon\/#breadcrumb\"},\"inLanguage\":\"es\",\"potentialAction\":[{\"@type\":\"ReadAction\",\"target\":[\"https:\/\/mivoot.com\/gt\/producto\/impresora-multifuncional-duplex-wi-fi-usb-maxify-gx3010-canon\/\"]}]},{\"@type\":\"ImageObject\",\"inLanguage\":\"es\",\"@id\":\"https:\/\/mivoot.com\/gt\/producto\/impresora-multifuncional-duplex-wi-fi-usb-maxify-gx3010-canon\/#primaryimage\",\"url\":\"https:\/\/mivoot.com\/gt\/wp-content\/uploads\/2026\/03\/GX3010-07.jpg\",\"contentUrl\":\"https:\/\/mivoot.com\/gt\/wp-content\/uploads\/2026\/03\/GX3010-07.jpg\",\"width\":600,\"height\":450},{\"@type\":\"BreadcrumbList\",\"@id\":\"https:\/\/mivoot.com\/gt\/producto\/impresora-multifuncional-duplex-wi-fi-usb-maxify-gx3010-canon\/#breadcrumb\",\"itemListElement\":[{\"@type\":\"ListItem\",\"position\":1,\"name\":\"Inicio\",\"item\":\"https:\/\/mivoot.com\/gt\/\"},{\"@type\":\"ListItem\",\"position\":2,\"name\":\"Productos\",\"item\":\"https:\/\/mivoot.com\/gt\/producto\/\"},{\"@type\":\"ListItem\",\"position\":3,\"name\":\"Canon\",\"item\":\"https:\/\/mivoot.com\/gt\/marca\/canon\/\"},{\"@type\":\"ListItem\",\"position\":4,\"name\":\"Impresora Multifuncional Duplex Wi-Fi USB Maxify GX3010 Canon\"}]},{\"@type\":\"WebSite\",\"@id\":\"https:\/\/mivoot.com\/gt\/#website\",\"url\":\"https:\/\/mivoot.com\/gt\/\",\"name\":\"Mivoot\",\"description\":\"Mivoot Guatemala | Tienda Online\",\"publisher\":{\"@id\":\"https:\/\/mivoot.com\/gt\/#organization\"},\"alternateName\":\"mivoot\",\"potentialAction\":[{\"@type\":\"SearchAction\",\"target\":{\"@type\":\"EntryPoint\",\"urlTemplate\":\"https:\/\/mivoot.com\/gt\/?s={search_term_string}\"},\"query-input\":{\"@type\":\"PropertyValueSpecification\",\"valueRequired\":true,\"valueName\":\"search_term_string\"}}],\"inLanguage\":\"es\"},{\"@type\":\"Organization\",\"@id\":\"https:\/\/mivoot.com\/gt\/#organization\",\"name\":\"Mivoot Guatemala\",\"alternateName\":\"mivoot.com\",\"url\":\"https:\/\/mivoot.com\/gt\/\",\"logo\":{\"@type\":\"ImageObject\",\"inLanguage\":\"es\",\"@id\":\"https:\/\/mivoot.com\/gt\/#\/schema\/logo\/image\/\",\"url\":\"https:\/\/mivoot.com\/gt\/wp-content\/uploads\/2023\/03\/cropped-icon.png\",\"contentUrl\":\"https:\/\/mivoot.com\/gt\/wp-content\/uploads\/2023\/03\/cropped-icon.png\",\"width\":512,\"height\":512,\"caption\":\"Mivoot Guatemala\"},\"image\":{\"@id\":\"https:\/\/mivoot.com\/gt\/#\/schema\/logo\/image\/\"},\"sameAs\":[\"https:\/\/www.facebook.com\/mivootgt\",\"https:\/\/instagram.com\/mivoot\"]}]}<\/script>\n<!-- \/ Yoast SEO Premium plugin. -->","yoast_head_json":{"title":"Impresora Multifuncional Duplex Wi-Fi USB Maxify GX3010 Canon - Mivoot","robots":{"index":"index","follow":"follow","max-snippet":"max-snippet:-1","max-image-preview":"max-image-preview:large","max-video-preview":"max-video-preview:-1"},"canonical":"https:\/\/mivoot.com\/gt\/producto\/impresora-multifuncional-duplex-wi-fi-usb-maxify-gx3010-canon\/","og_locale":"es_ES","og_type":"article","og_title":"Impresora Multifuncional Duplex Wi-Fi USB Maxify GX3010 Canon","og_description":"- Versi\u00f3n 2026 - Bandeja principal 250 hojas de papel com\u00fan - Bandeja Trasera: 100 hojas o 20 hojas de 10x15 cm - Caracter\u00edsticas del copiado: - Copia Est\u00e1ndar - Copia a doble cara - Copia Manual a doble cara Manual - Copia 4 en 1\/2 en 1 Copa de Documento - Copia Cotejada - Copia sin Marco solo en Bandeja Plana - Identificaci\u00f3n, Auto Revelado, Proporciones Pre-Establecidas de Reducci\u00f3n o Aumento - Velocidad de impresi\u00f3n: Un solo lado, negro: 30 ppm, Color: 18 ppm y d\u00faplex, negro: 6.4 ppm| Color: 5.3 ppm - Pantalla LCD Monocrom\u00e1tica de 3.4 cm - Ciclo de trabajo: Hasta 33,000 p\u00e1ginas por mes - Resoluci\u00f3n de la impresi\u00f3n: 600 x 1,200 dpi","og_url":"https:\/\/mivoot.com\/gt\/producto\/impresora-multifuncional-duplex-wi-fi-usb-maxify-gx3010-canon\/","og_site_name":"Mivoot","article_publisher":"https:\/\/www.facebook.com\/mivootgt","article_modified_time":"2026-03-24T23:10:30+00:00","og_image":[{"width":600,"height":450,"url":"https:\/\/mivoot.com\/gt\/wp-content\/uploads\/2026\/03\/GX3010-07.jpg","type":"image\/jpeg"}],"twitter_card":"summary_large_image","twitter_misc":{"Est. reading time":"2 minutos"},"schema":{"@context":"https:\/\/schema.org","@graph":[{"@type":"WebPage","@id":"https:\/\/mivoot.com\/gt\/producto\/impresora-multifuncional-duplex-wi-fi-usb-maxify-gx3010-canon\/","url":"https:\/\/mivoot.com\/gt\/producto\/impresora-multifuncional-duplex-wi-fi-usb-maxify-gx3010-canon\/","name":"Impresora Multifuncional Duplex Wi-Fi USB Maxify GX3010 Canon - Mivoot","isPartOf":{"@id":"https:\/\/mivoot.com\/gt\/#website"},"primaryImageOfPage":{"@id":"https:\/\/mivoot.com\/gt\/producto\/impresora-multifuncional-duplex-wi-fi-usb-maxify-gx3010-canon\/#primaryimage"},"image":{"@id":"https:\/\/mivoot.com\/gt\/producto\/impresora-multifuncional-duplex-wi-fi-usb-maxify-gx3010-canon\/#primaryimage"},"thumbnailUrl":"https:\/\/mivoot.com\/gt\/wp-content\/uploads\/2026\/03\/GX3010-07.jpg","datePublished":"2026-03-24T19:25:33+00:00","dateModified":"2026-03-24T23:10:30+00:00","breadcrumb":{"@id":"https:\/\/mivoot.com\/gt\/producto\/impresora-multifuncional-duplex-wi-fi-usb-maxify-gx3010-canon\/#breadcrumb"},"inLanguage":"es","potentialAction":[{"@type":"ReadAction","target":["https:\/\/mivoot.com\/gt\/producto\/impresora-multifuncional-duplex-wi-fi-usb-maxify-gx3010-canon\/"]}]},{"@type":"ImageObject","inLanguage":"es","@id":"https:\/\/mivoot.com\/gt\/producto\/impresora-multifuncional-duplex-wi-fi-usb-maxify-gx3010-canon\/#primaryimage","url":"https:\/\/mivoot.com\/gt\/wp-content\/uploads\/2026\/03\/GX3010-07.jpg","contentUrl":"https:\/\/mivoot.com\/gt\/wp-content\/uploads\/2026\/03\/GX3010-07.jpg","width":600,"height":450},{"@type":"BreadcrumbList","@id":"https:\/\/mivoot.com\/gt\/producto\/impresora-multifuncional-duplex-wi-fi-usb-maxify-gx3010-canon\/#breadcrumb","itemListElement":[{"@type":"ListItem","position":1,"name":"Inicio","item":"https:\/\/mivoot.com\/gt\/"},{"@type":"ListItem","position":2,"name":"Productos","item":"https:\/\/mivoot.com\/gt\/producto\/"},{"@type":"ListItem","position":3,"name":"Canon","item":"https:\/\/mivoot.com\/gt\/marca\/canon\/"},{"@type":"ListItem","position":4,"name":"Impresora Multifuncional Duplex Wi-Fi USB Maxify GX3010 Canon"}]},{"@type":"WebSite","@id":"https:\/\/mivoot.com\/gt\/#website","url":"https:\/\/mivoot.com\/gt\/","name":"Mivoot","description":"Mivoot Guatemala | Tienda Online","publisher":{"@id":"https:\/\/mivoot.com\/gt\/#organization"},"alternateName":"mivoot","potentialAction":[{"@type":"SearchAction","target":{"@type":"EntryPoint","urlTemplate":"https:\/\/mivoot.com\/gt\/?s={search_term_string}"},"query-input":{"@type":"PropertyValueSpecification","valueRequired":true,"valueName":"search_term_string"}}],"inLanguage":"es"},{"@type":"Organization","@id":"https:\/\/mivoot.com\/gt\/#organization","name":"Mivoot Guatemala","alternateName":"mivoot.com","url":"https:\/\/mivoot.com\/gt\/","logo":{"@type":"ImageObject","inLanguage":"es","@id":"https:\/\/mivoot.com\/gt\/#\/schema\/logo\/image\/","url":"https:\/\/mivoot.com\/gt\/wp-content\/uploads\/2023\/03\/cropped-icon.png","contentUrl":"https:\/\/mivoot.com\/gt\/wp-content\/uploads\/2023\/03\/cropped-icon.png","width":512,"height":512,"caption":"Mivoot Guatemala"},"image":{"@id":"https:\/\/mivoot.com\/gt\/#\/schema\/logo\/image\/"},"sameAs":["https:\/\/www.facebook.com\/mivootgt","https:\/\/instagram.com\/mivoot"]}]}},"jetpack_publicize_connections":[],"jetpack_sharing_enabled":true,"brands":[{"id":177,"name":"Canon","slug":"canon"}],"_links":{"self":[{"href":"https:\/\/mivoot.com\/gt\/wp-json\/wp\/v2\/product\/32724","targetHints":{"allow":["GET"]}}],"collection":[{"href":"https:\/\/mivoot.com\/gt\/wp-json\/wp\/v2\/product"}],"about":[{"href":"https:\/\/mivoot.com\/gt\/wp-json\/wp\/v2\/types\/product"}],"replies":[{"embeddable":true,"href":"https:\/\/mivoot.com\/gt\/wp-json\/wp\/v2\/comments?post=32724"}],"version-history":[{"count":1,"href":"https:\/\/mivoot.com\/gt\/wp-json\/wp\/v2\/product\/32724\/revisions"}],"predecessor-version":[{"id":32729,"href":"https:\/\/mivoot.com\/gt\/wp-json\/wp\/v2\/product\/32724\/revisions\/32729"}],"wp:featuredmedia":[{"embeddable":true,"href":"https:\/\/mivoot.com\/gt\/wp-json\/wp\/v2\/media\/32726"}],"wp:attachment":[{"href":"https:\/\/mivoot.com\/gt\/wp-json\/wp\/v2\/media?parent=32724"}],"wp:term":[{"taxonomy":"pwb-brand","embeddable":true,"href":"https:\/\/mivoot.com\/gt\/wp-json\/wp\/v2\/pwb-brand?post=32724"},{"taxonomy":"product_brand","embeddable":true,"href":"https:\/\/mivoot.com\/gt\/wp-json\/wp\/v2\/product_brand?post=32724"},{"taxonomy":"product_cat","embeddable":true,"href":"https:\/\/mivoot.com\/gt\/wp-json\/wp\/v2\/product_cat?post=32724"},{"taxonomy":"product_tag","embeddable":true,"href":"https:\/\/mivoot.com\/gt\/wp-json\/wp\/v2\/product_tag?post=32724"}],"curies":[{"name":"wp","href":"https:\/\/api.w.org\/{rel}","templated":true}]}}