{"id":32731,"date":"2026-03-24T13:46:47","date_gmt":"2026-03-24T19:46:47","guid":{"rendered":"https:\/\/mivoot.com\/gt\/?post_type=product&#038;p=32731"},"modified":"2026-03-24T17:10:18","modified_gmt":"2026-03-24T23:10:18","slug":"impresora-multifuncional-duplex-adf-wi-fi-usb-ethernet-maxify-gx2010-canon","status":"publish","type":"product","link":"https:\/\/mivoot.com\/gt\/producto\/impresora-multifuncional-duplex-adf-wi-fi-usb-ethernet-maxify-gx2010-canon\/","title":{"rendered":"Impresora Multifuncional Duplex ADF Wi-Fi USB Ethernet Maxify GX2010 Canon"},"content":{"rendered":"<h1 style=\"text-align: center;\">Impresora Multifuncional Duplex ADF Wi-Fi USB Ethernet Maxify GX2010 Canon<\/h1>\n<div><\/div>\n<div class=\"overview--description description \">Las impresoras MegaTank de Canon son una excelente opci\u00f3n para una impresi\u00f3n de alta calidad, valor y rendimiento que le ayudar\u00e1n a realizar el trabajo. Ideal para entornos de trabajo h\u00edbridos, la GX2010 cuenta con numerosas caracter\u00edsticas para mantener su productividad desde casa u oficina, con una calidad de impresi\u00f3n similar a la de la oficina.<\/div>\n<div><\/div>\n<div><img decoding=\"async\" class=\"aligncenter\" src=\"https:\/\/www.cla.canon.com\/content\/dam\/cla-assets\/product-assets\/printers\/office-printers\/maxify-gx2010\/feature-images\/es\/maxify-gx2010-feature-1.png\" \/><\/div>\n<div>\n<p>La GX2010 es f\u00e1cil de configurar y mantener y ofrece una gran versatilidad de materiales para imprimir en una variedad de tipos y tama\u00f1os de materiales, incluidos papel fotogr\u00e1fico, sobres, pancartas, entre otros. Cree carteles, pancartas y letreros hermosos y profesionales con Poster Artist Online.<sup>2<\/sup>\u00a0Imprima tanto documentos como fotograf\u00edas en una variedad de tipos de papel utilizando un sistema de tintas a base de pigmentos de cuatro colores para obtener texto negro n\u00edtido y colores a base de tintes para obtener fotograf\u00edas v\u00edvidas de hasta 8.5\u201d x 14\u201d.<\/p>\n<p>La configuraci\u00f3n de la GX2010 es sencilla. Puede conectarse a trav\u00e9s de USB de alta velocidad o de forma inal\u00e1mbrica<sup>1<\/sup>\u00a0desde computadoras o dispositivos m\u00f3viles. La GX2010 tambi\u00e9n es compatible con Chromebook.<\/p>\n<ul class=\"grey_bullet\">\n<li>Pantalla t\u00e1ctil LCD en color de 2.7 pulgadas<\/li>\n<li>Cartucho de mantenimiento y tanque de tinta f\u00e1cil de rellenar<\/li>\n<li>Casete de papel de 250 hojas<\/li>\n<li>Alimentador autom\u00e1tico de documentos (ADF) de 35 hojas<\/li>\n<\/ul>\n<p><img decoding=\"async\" class=\"aligncenter\" src=\"https:\/\/www.cla.canon.com\/content\/dam\/cla-assets\/product-assets\/printers\/office-printers\/maxify-gx2010\/feature-images\/es\/maxify-gx2010-feature-6.png\" alt=\"\" border=\"0\" \/><\/p>\n<p>Con un \u00fanico juego de botellas de tinta, imprima hasta 3,000 p\u00e1ginas en negro o 3,000 en color.<\/p>\n<p><img decoding=\"async\" class=\"aligncenter\" src=\"https:\/\/www.cla.canon.com\/content\/dam\/cla-assets\/product-assets\/printers\/office-printers\/maxify-gx2010\/feature-images\/es\/maxify-gx2010-feature-7.png\" alt=\"\" border=\"0\" \/><\/p>\n<p>Conexi\u00f3n estable y fiable con Wi-Fi de doble banda (2.4 GHz o 5 GHz).<\/p>\n<p><img decoding=\"async\" class=\"aligncenter\" src=\"https:\/\/www.cla.canon.com\/content\/dam\/cla-assets\/product-assets\/printers\/office-printers\/maxify-gx2010\/feature-images\/es\/maxify-gx2010-feature-4.png\" alt=\"\" border=\"0\" \/><\/p>\n<p>La MAXIFY GX2010 no solo cuenta con muchas caracter\u00edsticas, sino que tambi\u00e9n ha sido dise\u00f1ada en un tama\u00f1o compacto para adaptarse a su espacio de trabajo y a su forma de trabajar.<\/p>\n<p><img decoding=\"async\" class=\"aligncenter\" src=\"https:\/\/www.cla.canon.com\/content\/dam\/cla-assets\/product-assets\/printers\/office-printers\/maxify-gx2010\/feature-images\/es\/maxify-gx2010-feature-9.png\" alt=\"\" border=\"0\" \/><\/p>\n<p>La MAXIFY GX2010 tiene un cabezal de impresi\u00f3n y un cartucho de mantenimiento que se pueden reemplazar f\u00e1cilmente si es necesario.<\/p>\n<p><img decoding=\"async\" class=\"aligncenter\" src=\"https:\/\/www.cla.canon.com\/content\/dam\/cla-assets\/product-assets\/printers\/office-printers\/maxify-gx2010\/feature-images\/es\/maxify-gx2010-feature-13.png\" alt=\"\" border=\"0\" \/><\/p>\n<p>Coloque hasta 250 hojas (papel com\u00fan, tama\u00f1o carta) en el casete inferior.<\/p>\n<p><img decoding=\"async\" class=\"aligncenter\" src=\"https:\/\/www.cla.canon.com\/content\/dam\/cla-assets\/product-assets\/printers\/office-printers\/maxify-gx2010\/feature-images\/es\/maxify-gx2010-feature-11.png\" alt=\"\" border=\"0\" \/><\/p>\n<p>\u00a1Imprima en sobres, tarjetas de presentaci\u00f3n, papel de alta resoluci\u00f3n y mucho m\u00e1s!<\/p>\n<p><img decoding=\"async\" class=\"aligncenter\" src=\"https:\/\/www.cla.canon.com\/content\/dam\/cla-assets\/product-assets\/printers\/office-printers\/maxify-gx2010\/feature-images\/es\/maxify-gx2010-feature-12.png\" alt=\"\" border=\"0\" \/><\/p>\n<p>Imprima desde sus dispositivos m\u00f3viles favoritos con la aplicaci\u00f3n Canon PRINT, Apple AirPrint y Mopria\u00ae Print Service.<\/p>\n<p><img decoding=\"async\" class=\"aligncenter\" src=\"https:\/\/www.cla.canon.com\/content\/dam\/cla-assets\/product-assets\/printers\/office-printers\/maxify-gx2010\/feature-images\/es\/maxify-gx2010-feature-15.png\" alt=\"\" border=\"0\" \/><\/p>\n<\/div>\n<div class=\"overview--button-container\">\n<div class=\"overview--button overview-button_WTB\">\n<div class=\"cta-btn-container cta-center half-standard-component-spacing\">\n<div class=\"cta-btn-noauth\">\n<div class=\"contained-btn-wrapper \"><\/div>\n<\/div>\n<\/div>\n<\/div>\n<div class=\"overview--button overview-button_SL\">\n<div class=\"cta-btn-container cta-center half-standard-component-spacing\">\n<div class=\"cta-btn-noauth\">\n<div class=\"contained-btn-wrapper \"><\/div>\n<\/div>\n<\/div>\n<\/div>\n<\/div>\n<div class=\"accordion\">\n<div id=\"accordion-overview-inthebox\" class=\"canon-accordion-container accordion-container no-component-spacing\">\n<div class=\"accordionItems section\">\n<div class=\"accordion-card no-component-spacing\"><\/div>\n<\/div>\n<\/div>\n<\/div>\n","protected":false},"excerpt":{"rendered":"<p>&#8211; Tipo Multifuncional 4 en 1 (impresi\u00f3n, copia, escaneo, fax)<br \/>\n&#8211; Tecnolog\u00eda de impresi\u00f3n Tinta continua<br \/>\n&#8211; Velocidad de impresi\u00f3n Hasta 15 ppm en negro \/ 10 ppm en color<br \/>\n&#8211; Impresi\u00f3n d\u00faplex Autom\u00e1tica<br \/>\n&#8211; Resoluci\u00f3n de impresi\u00f3n Hasta 600 \u00d7 1200 dpi<br \/>\n&#8211; Ciclo mensual\t25,000 p\u00e1ginas<br \/>\n&#8211; Rendimiento de impresi\u00f3n Hasta 3,000 p\u00e1ginas<br \/>\n&#8211; Escaneo y copia Cama plana + ADF<br \/>\n&#8211; Capacidad del ADF 35 hojas<br \/>\n&#8211; Bandeja de papel 250 hojas<br \/>\n&#8211; Conectividad\tWi-Fi, USB, Ethernet<br \/>\n&#8211; Pantalla LCD t\u00e1ctil a color de 2.7\u201d<br \/>\n&#8211; Dimensiones 37.5 \u00d7 38 \u00d7 22.6 cm<br \/>\n&#8211; Peso 8 kg<\/p>\n","protected":false},"featured_media":32735,"comment_status":"open","ping_status":"closed","template":"","meta":{"jetpack_publicize_message":"","jetpack_publicize_feature_enabled":true,"jetpack_social_post_already_shared":true,"jetpack_social_options":{"image_generator_settings":{"template":"highway","default_image_id":0,"font":"","enabled":false},"version":2}},"pwb-brand":[177],"product_brand":[],"product_cat":[176],"product_tag":[],"class_list":{"0":"post-32731","1":"product","2":"type-product","3":"status-publish","4":"has-post-thumbnail","6":"pwb-brand-canon","7":"product_cat-impresora-multifuncional","9":"first","10":"instock","11":"taxable","12":"shipping-taxable","13":"purchasable","14":"product-type-simple"},"yoast_head":"<!-- This site is optimized with the Yoast SEO Premium plugin v25.7.1 (Yoast SEO v26.8) - https:\/\/yoast.com\/product\/yoast-seo-premium-wordpress\/ -->\n<title>Impresora Multifuncional Duplex ADF Wi-Fi USB Ethernet Maxify GX2010 Canon - Mivoot<\/title>\n<meta name=\"robots\" content=\"index, follow, max-snippet:-1, max-image-preview:large, max-video-preview:-1\" \/>\n<link rel=\"canonical\" href=\"https:\/\/mivoot.com\/gt\/producto\/impresora-multifuncional-duplex-adf-wi-fi-usb-ethernet-maxify-gx2010-canon\/\" \/>\n<meta property=\"og:locale\" content=\"es_ES\" \/>\n<meta property=\"og:type\" content=\"article\" \/>\n<meta property=\"og:title\" content=\"Impresora Multifuncional Duplex ADF Wi-Fi USB Ethernet Maxify GX2010 Canon\" \/>\n<meta property=\"og:description\" content=\"- Tipo Multifuncional 4 en 1 (impresi\u00f3n, copia, escaneo, fax) - Tecnolog\u00eda de impresi\u00f3n Tinta continua - Velocidad de impresi\u00f3n Hasta 15 ppm en negro \/ 10 ppm en color - Impresi\u00f3n d\u00faplex Autom\u00e1tica - Resoluci\u00f3n de impresi\u00f3n Hasta 600 \u00d7 1200 dpi - Ciclo mensual 25,000 p\u00e1ginas - Rendimiento de impresi\u00f3n Hasta 3,000 p\u00e1ginas - Escaneo y copia Cama plana + ADF - Capacidad del ADF 35 hojas - Bandeja de papel 250 hojas - Conectividad Wi-Fi, USB, Ethernet - Pantalla LCD t\u00e1ctil a color de 2.7\u201d - Dimensiones 37.5 \u00d7 38 \u00d7 22.6 cm - Peso 8 kg\" \/>\n<meta property=\"og:url\" content=\"https:\/\/mivoot.com\/gt\/producto\/impresora-multifuncional-duplex-adf-wi-fi-usb-ethernet-maxify-gx2010-canon\/\" \/>\n<meta property=\"og:site_name\" content=\"Mivoot\" \/>\n<meta property=\"article:publisher\" content=\"https:\/\/www.facebook.com\/mivootgt\" \/>\n<meta property=\"article:modified_time\" content=\"2026-03-24T23:10:18+00:00\" \/>\n<meta property=\"og:image\" content=\"https:\/\/mivoot.com\/gt\/wp-content\/uploads\/2026\/03\/gx2010-1.jpg\" \/>\n\t<meta property=\"og:image:width\" content=\"570\" \/>\n\t<meta property=\"og:image:height\" content=\"430\" \/>\n\t<meta property=\"og:image:type\" content=\"image\/jpeg\" \/>\n<meta name=\"twitter:card\" content=\"summary_large_image\" \/>\n<meta name=\"twitter:label1\" content=\"Est. reading time\" \/>\n\t<meta name=\"twitter:data1\" content=\"4 minutos\" \/>\n<script type=\"application\/ld+json\" class=\"yoast-schema-graph\">{\"@context\":\"https:\/\/schema.org\",\"@graph\":[{\"@type\":\"WebPage\",\"@id\":\"https:\/\/mivoot.com\/gt\/producto\/impresora-multifuncional-duplex-adf-wi-fi-usb-ethernet-maxify-gx2010-canon\/\",\"url\":\"https:\/\/mivoot.com\/gt\/producto\/impresora-multifuncional-duplex-adf-wi-fi-usb-ethernet-maxify-gx2010-canon\/\",\"name\":\"Impresora Multifuncional Duplex ADF Wi-Fi USB Ethernet Maxify GX2010 Canon - Mivoot\",\"isPartOf\":{\"@id\":\"https:\/\/mivoot.com\/gt\/#website\"},\"primaryImageOfPage\":{\"@id\":\"https:\/\/mivoot.com\/gt\/producto\/impresora-multifuncional-duplex-adf-wi-fi-usb-ethernet-maxify-gx2010-canon\/#primaryimage\"},\"image\":{\"@id\":\"https:\/\/mivoot.com\/gt\/producto\/impresora-multifuncional-duplex-adf-wi-fi-usb-ethernet-maxify-gx2010-canon\/#primaryimage\"},\"thumbnailUrl\":\"https:\/\/mivoot.com\/gt\/wp-content\/uploads\/2026\/03\/gx2010-1.jpg\",\"datePublished\":\"2026-03-24T19:46:47+00:00\",\"dateModified\":\"2026-03-24T23:10:18+00:00\",\"breadcrumb\":{\"@id\":\"https:\/\/mivoot.com\/gt\/producto\/impresora-multifuncional-duplex-adf-wi-fi-usb-ethernet-maxify-gx2010-canon\/#breadcrumb\"},\"inLanguage\":\"es\",\"potentialAction\":[{\"@type\":\"ReadAction\",\"target\":[\"https:\/\/mivoot.com\/gt\/producto\/impresora-multifuncional-duplex-adf-wi-fi-usb-ethernet-maxify-gx2010-canon\/\"]}]},{\"@type\":\"ImageObject\",\"inLanguage\":\"es\",\"@id\":\"https:\/\/mivoot.com\/gt\/producto\/impresora-multifuncional-duplex-adf-wi-fi-usb-ethernet-maxify-gx2010-canon\/#primaryimage\",\"url\":\"https:\/\/mivoot.com\/gt\/wp-content\/uploads\/2026\/03\/gx2010-1.jpg\",\"contentUrl\":\"https:\/\/mivoot.com\/gt\/wp-content\/uploads\/2026\/03\/gx2010-1.jpg\",\"width\":570,\"height\":430},{\"@type\":\"BreadcrumbList\",\"@id\":\"https:\/\/mivoot.com\/gt\/producto\/impresora-multifuncional-duplex-adf-wi-fi-usb-ethernet-maxify-gx2010-canon\/#breadcrumb\",\"itemListElement\":[{\"@type\":\"ListItem\",\"position\":1,\"name\":\"Inicio\",\"item\":\"https:\/\/mivoot.com\/gt\/\"},{\"@type\":\"ListItem\",\"position\":2,\"name\":\"Productos\",\"item\":\"https:\/\/mivoot.com\/gt\/producto\/\"},{\"@type\":\"ListItem\",\"position\":3,\"name\":\"Canon\",\"item\":\"https:\/\/mivoot.com\/gt\/marca\/canon\/\"},{\"@type\":\"ListItem\",\"position\":4,\"name\":\"Impresora Multifuncional Duplex ADF Wi-Fi USB Ethernet Maxify GX2010 Canon\"}]},{\"@type\":\"WebSite\",\"@id\":\"https:\/\/mivoot.com\/gt\/#website\",\"url\":\"https:\/\/mivoot.com\/gt\/\",\"name\":\"Mivoot\",\"description\":\"Mivoot Guatemala | Tienda Online\",\"publisher\":{\"@id\":\"https:\/\/mivoot.com\/gt\/#organization\"},\"alternateName\":\"mivoot\",\"potentialAction\":[{\"@type\":\"SearchAction\",\"target\":{\"@type\":\"EntryPoint\",\"urlTemplate\":\"https:\/\/mivoot.com\/gt\/?s={search_term_string}\"},\"query-input\":{\"@type\":\"PropertyValueSpecification\",\"valueRequired\":true,\"valueName\":\"search_term_string\"}}],\"inLanguage\":\"es\"},{\"@type\":\"Organization\",\"@id\":\"https:\/\/mivoot.com\/gt\/#organization\",\"name\":\"Mivoot Guatemala\",\"alternateName\":\"mivoot.com\",\"url\":\"https:\/\/mivoot.com\/gt\/\",\"logo\":{\"@type\":\"ImageObject\",\"inLanguage\":\"es\",\"@id\":\"https:\/\/mivoot.com\/gt\/#\/schema\/logo\/image\/\",\"url\":\"https:\/\/mivoot.com\/gt\/wp-content\/uploads\/2023\/03\/cropped-icon.png\",\"contentUrl\":\"https:\/\/mivoot.com\/gt\/wp-content\/uploads\/2023\/03\/cropped-icon.png\",\"width\":512,\"height\":512,\"caption\":\"Mivoot Guatemala\"},\"image\":{\"@id\":\"https:\/\/mivoot.com\/gt\/#\/schema\/logo\/image\/\"},\"sameAs\":[\"https:\/\/www.facebook.com\/mivootgt\",\"https:\/\/instagram.com\/mivoot\"]}]}<\/script>\n<!-- \/ Yoast SEO Premium plugin. -->","yoast_head_json":{"title":"Impresora Multifuncional Duplex ADF Wi-Fi USB Ethernet Maxify GX2010 Canon - Mivoot","robots":{"index":"index","follow":"follow","max-snippet":"max-snippet:-1","max-image-preview":"max-image-preview:large","max-video-preview":"max-video-preview:-1"},"canonical":"https:\/\/mivoot.com\/gt\/producto\/impresora-multifuncional-duplex-adf-wi-fi-usb-ethernet-maxify-gx2010-canon\/","og_locale":"es_ES","og_type":"article","og_title":"Impresora Multifuncional Duplex ADF Wi-Fi USB Ethernet Maxify GX2010 Canon","og_description":"- Tipo Multifuncional 4 en 1 (impresi\u00f3n, copia, escaneo, fax) - Tecnolog\u00eda de impresi\u00f3n Tinta continua - Velocidad de impresi\u00f3n Hasta 15 ppm en negro \/ 10 ppm en color - Impresi\u00f3n d\u00faplex Autom\u00e1tica - Resoluci\u00f3n de impresi\u00f3n Hasta 600 \u00d7 1200 dpi - Ciclo mensual 25,000 p\u00e1ginas - Rendimiento de impresi\u00f3n Hasta 3,000 p\u00e1ginas - Escaneo y copia Cama plana + ADF - Capacidad del ADF 35 hojas - Bandeja de papel 250 hojas - Conectividad Wi-Fi, USB, Ethernet - Pantalla LCD t\u00e1ctil a color de 2.7\u201d - Dimensiones 37.5 \u00d7 38 \u00d7 22.6 cm - Peso 8 kg","og_url":"https:\/\/mivoot.com\/gt\/producto\/impresora-multifuncional-duplex-adf-wi-fi-usb-ethernet-maxify-gx2010-canon\/","og_site_name":"Mivoot","article_publisher":"https:\/\/www.facebook.com\/mivootgt","article_modified_time":"2026-03-24T23:10:18+00:00","og_image":[{"width":570,"height":430,"url":"https:\/\/mivoot.com\/gt\/wp-content\/uploads\/2026\/03\/gx2010-1.jpg","type":"image\/jpeg"}],"twitter_card":"summary_large_image","twitter_misc":{"Est. reading time":"4 minutos"},"schema":{"@context":"https:\/\/schema.org","@graph":[{"@type":"WebPage","@id":"https:\/\/mivoot.com\/gt\/producto\/impresora-multifuncional-duplex-adf-wi-fi-usb-ethernet-maxify-gx2010-canon\/","url":"https:\/\/mivoot.com\/gt\/producto\/impresora-multifuncional-duplex-adf-wi-fi-usb-ethernet-maxify-gx2010-canon\/","name":"Impresora Multifuncional Duplex ADF Wi-Fi USB Ethernet Maxify GX2010 Canon - Mivoot","isPartOf":{"@id":"https:\/\/mivoot.com\/gt\/#website"},"primaryImageOfPage":{"@id":"https:\/\/mivoot.com\/gt\/producto\/impresora-multifuncional-duplex-adf-wi-fi-usb-ethernet-maxify-gx2010-canon\/#primaryimage"},"image":{"@id":"https:\/\/mivoot.com\/gt\/producto\/impresora-multifuncional-duplex-adf-wi-fi-usb-ethernet-maxify-gx2010-canon\/#primaryimage"},"thumbnailUrl":"https:\/\/mivoot.com\/gt\/wp-content\/uploads\/2026\/03\/gx2010-1.jpg","datePublished":"2026-03-24T19:46:47+00:00","dateModified":"2026-03-24T23:10:18+00:00","breadcrumb":{"@id":"https:\/\/mivoot.com\/gt\/producto\/impresora-multifuncional-duplex-adf-wi-fi-usb-ethernet-maxify-gx2010-canon\/#breadcrumb"},"inLanguage":"es","potentialAction":[{"@type":"ReadAction","target":["https:\/\/mivoot.com\/gt\/producto\/impresora-multifuncional-duplex-adf-wi-fi-usb-ethernet-maxify-gx2010-canon\/"]}]},{"@type":"ImageObject","inLanguage":"es","@id":"https:\/\/mivoot.com\/gt\/producto\/impresora-multifuncional-duplex-adf-wi-fi-usb-ethernet-maxify-gx2010-canon\/#primaryimage","url":"https:\/\/mivoot.com\/gt\/wp-content\/uploads\/2026\/03\/gx2010-1.jpg","contentUrl":"https:\/\/mivoot.com\/gt\/wp-content\/uploads\/2026\/03\/gx2010-1.jpg","width":570,"height":430},{"@type":"BreadcrumbList","@id":"https:\/\/mivoot.com\/gt\/producto\/impresora-multifuncional-duplex-adf-wi-fi-usb-ethernet-maxify-gx2010-canon\/#breadcrumb","itemListElement":[{"@type":"ListItem","position":1,"name":"Inicio","item":"https:\/\/mivoot.com\/gt\/"},{"@type":"ListItem","position":2,"name":"Productos","item":"https:\/\/mivoot.com\/gt\/producto\/"},{"@type":"ListItem","position":3,"name":"Canon","item":"https:\/\/mivoot.com\/gt\/marca\/canon\/"},{"@type":"ListItem","position":4,"name":"Impresora Multifuncional Duplex ADF Wi-Fi USB Ethernet Maxify GX2010 Canon"}]},{"@type":"WebSite","@id":"https:\/\/mivoot.com\/gt\/#website","url":"https:\/\/mivoot.com\/gt\/","name":"Mivoot","description":"Mivoot Guatemala | Tienda Online","publisher":{"@id":"https:\/\/mivoot.com\/gt\/#organization"},"alternateName":"mivoot","potentialAction":[{"@type":"SearchAction","target":{"@type":"EntryPoint","urlTemplate":"https:\/\/mivoot.com\/gt\/?s={search_term_string}"},"query-input":{"@type":"PropertyValueSpecification","valueRequired":true,"valueName":"search_term_string"}}],"inLanguage":"es"},{"@type":"Organization","@id":"https:\/\/mivoot.com\/gt\/#organization","name":"Mivoot Guatemala","alternateName":"mivoot.com","url":"https:\/\/mivoot.com\/gt\/","logo":{"@type":"ImageObject","inLanguage":"es","@id":"https:\/\/mivoot.com\/gt\/#\/schema\/logo\/image\/","url":"https:\/\/mivoot.com\/gt\/wp-content\/uploads\/2023\/03\/cropped-icon.png","contentUrl":"https:\/\/mivoot.com\/gt\/wp-content\/uploads\/2023\/03\/cropped-icon.png","width":512,"height":512,"caption":"Mivoot Guatemala"},"image":{"@id":"https:\/\/mivoot.com\/gt\/#\/schema\/logo\/image\/"},"sameAs":["https:\/\/www.facebook.com\/mivootgt","https:\/\/instagram.com\/mivoot"]}]}},"jetpack_publicize_connections":[],"jetpack_sharing_enabled":true,"brands":[{"id":177,"name":"Canon","slug":"canon"}],"_links":{"self":[{"href":"https:\/\/mivoot.com\/gt\/wp-json\/wp\/v2\/product\/32731","targetHints":{"allow":["GET"]}}],"collection":[{"href":"https:\/\/mivoot.com\/gt\/wp-json\/wp\/v2\/product"}],"about":[{"href":"https:\/\/mivoot.com\/gt\/wp-json\/wp\/v2\/types\/product"}],"replies":[{"embeddable":true,"href":"https:\/\/mivoot.com\/gt\/wp-json\/wp\/v2\/comments?post=32731"}],"version-history":[{"count":1,"href":"https:\/\/mivoot.com\/gt\/wp-json\/wp\/v2\/product\/32731\/revisions"}],"predecessor-version":[{"id":32739,"href":"https:\/\/mivoot.com\/gt\/wp-json\/wp\/v2\/product\/32731\/revisions\/32739"}],"wp:featuredmedia":[{"embeddable":true,"href":"https:\/\/mivoot.com\/gt\/wp-json\/wp\/v2\/media\/32735"}],"wp:attachment":[{"href":"https:\/\/mivoot.com\/gt\/wp-json\/wp\/v2\/media?parent=32731"}],"wp:term":[{"taxonomy":"pwb-brand","embeddable":true,"href":"https:\/\/mivoot.com\/gt\/wp-json\/wp\/v2\/pwb-brand?post=32731"},{"taxonomy":"product_brand","embeddable":true,"href":"https:\/\/mivoot.com\/gt\/wp-json\/wp\/v2\/product_brand?post=32731"},{"taxonomy":"product_cat","embeddable":true,"href":"https:\/\/mivoot.com\/gt\/wp-json\/wp\/v2\/product_cat?post=32731"},{"taxonomy":"product_tag","embeddable":true,"href":"https:\/\/mivoot.com\/gt\/wp-json\/wp\/v2\/product_tag?post=32731"}],"curies":[{"name":"wp","href":"https:\/\/api.w.org\/{rel}","templated":true}]}}