{"id":32802,"date":"2026-03-25T16:25:08","date_gmt":"2026-03-25T22:25:08","guid":{"rendered":"https:\/\/mivoot.com\/gt\/?post_type=product&#038;p=32802"},"modified":"2026-03-25T18:08:29","modified_gmt":"2026-03-26T00:08:29","slug":"impre1sora-termica-de-recibos-80mm-usb-serial-lan-sewoo","status":"publish","type":"product","link":"https:\/\/mivoot.com\/gt\/producto\/impre1sora-termica-de-recibos-80mm-usb-serial-lan-sewoo\/","title":{"rendered":"Impresora T\u00e9rmica de Recibos 80mm USB SERIAL LAN SEWOO"},"content":{"rendered":"<h1 style=\"text-align: center;\">Impresora T\u00e9rmica de Recibos 80mm USB SERIAL LAN SEWOO<\/h1>\n<p><span dir=\"auto\">La Sewoo SLK-TS100 es una excelente impresora de recibos para restaurantes y cafeter\u00edas. Al igual que todos los equipos de la empresa coreana Sewoo, el modelo SLK-TS100 se distingue por su fiabilidad y funcionalidad, y adem\u00e1s cuenta con caracter\u00edsticas muy demandadas en restaurantes y cafeter\u00edas.<\/span><\/p>\n<h3><span dir=\"auto\">Ventajas del SLK-TS100<\/span><\/h3>\n<ul>\n<li><span dir=\"auto\">Compatibilidad con cintas de recibo de 80 mm de ancho. La impresora no admite el uso de cintas de recibo de 58 mm. Un recibo con los nombres de los platos se ver\u00e1 bien y ser\u00e1 legible solo si se imprime en una cinta t\u00e9rmica ancha. Por eso, los recibos de 80 mm de ancho se han convertido en el est\u00e1ndar en el sector de la restauraci\u00f3n.<\/span><\/li>\n<li><span dir=\"auto\">Altavoz potente. Si utiliza una impresora en la cocina de un restaurante o cafeter\u00eda para imprimir los pedidos del sal\u00f3n, es importante que la impresi\u00f3n de cada pedido vaya acompa\u00f1ada de una se\u00f1al sonora potente, ya que la cocina puede ser bastante ruidosa. Por eso, la SLK-TS100 est\u00e1 equipada con un altavoz potente. Si busca una impresora para cocina, \u00a1la SLK-TS100 es lo que necesita!<\/span><\/li>\n<\/ul>\n<h4><strong>Impresora<\/strong><\/h4>\n<ul>\n<li><strong>M\u00e9todo de impresi\u00f3n:\u00a0<\/strong>T\u00e9rmica directa<\/li>\n<li><strong>Velocidad de impresi\u00f3n:\u00a0<\/strong>220 mm\/s<\/li>\n<li><strong>Ancho de impresi\u00f3n:\u00a0<\/strong>2.83&#8243; (72mm, ajustable por comandos)<\/li>\n<li><strong>Resoluci\u00f3n:\u00a0<\/strong>203 ppp<\/li>\n<li><strong>Sensor:<\/strong>\u00a0Fin del papel, cubierta abierta<\/li>\n<li><strong>Vida \u00fatil del cortador:<\/strong>\u00a01,5 millones de cortes<\/li>\n<\/ul>\n<h4><strong>Papel<\/strong><\/h4>\n<ul>\n<li><strong>Tipo de medio:\u00a0<\/strong>Papel t\u00e9rmico para recibos<\/li>\n<li><strong>Ancho de medios:\u00a0<\/strong>79,5\u00b10,5 mm<\/li>\n<li><strong>Di\u00e1metro del n\u00facleo del medio:\u00a0<\/strong>0,68 ~ 0,7\u201d (17,5 ~ 18 mm)<\/li>\n<li><strong>Di\u00e1metro del rollo de papel:\u00a0<\/strong>3,1\u201d(\u00f8 80 mm)<\/li>\n<li><strong>Espesor:<\/strong>0,06~0,08 mm<\/li>\n<\/ul>\n<h4><strong>General<\/strong><\/h4>\n<ul>\n<li><strong>Interfaces:<\/strong>\u00a0USB-B + Serial RS-232C 9 PIN + Ethernet<\/li>\n<li><strong>Tipo de alimentaci\u00f3n:\u00a0<\/strong>SMPS externo<\/li>\n<li><strong>AC:<\/strong>\u00a0110~220Vac 50\/60H<\/li>\n<li><strong>DC:<\/strong>\u00a024Vdc \/ 2.5A<\/li>\n<li><strong>Drives:<\/strong>\u00a0Windows 9X, 2000, 2003, XP, 7, 8, 10)<\/li>\n<li><strong>SDK:<\/strong>\u00a0Win, iOS, Android<\/li>\n<li><strong>Dimensiones (ancho x profundidad x alto):<\/strong>\u00a0142 X 185 x 136 mm<\/li>\n<li><strong>Peso:<\/strong>\u00a02.25 libras<\/li>\n<\/ul>\n","protected":false},"excerpt":{"rendered":"<p>&#8211; M\u00c9TODO: T\u00e9rmica directa<br \/>\n&#8211; VELOCIDAD : 220mm\/sec<br \/>\n&#8211; ANCHO: 72 mm (576 puntos\/l\u00ednea)<br \/>\n&#8211; RESOLUCI\u00d3N : 203DPI<br \/>\n&#8211; DIRECCI\u00d3N : Unidirectional with Friction Feed<br \/>\n&#8211; TIPO: Papel t\u00e9rmico para recibos<br \/>\n&#8211; ANCHO: 80 mm<br \/>\n&#8211; GROSOR : 0.05 ~ 0.08 mm<br \/>\n&#8211; DI\u00c1METRO DEL ROLLO: M\u00e1x. \u00d8 80,0 mm<br \/>\n&#8211; DI\u00c1METRO CENTRAL INTERNO: 12,5 mm \u00b1 0,5 mm<br \/>\n&#8211; USB (tipo B)<br \/>\n&#8211; Serie (RS-232C_9pin)<br \/>\n&#8211; Ethernet Integrado<\/p>\n","protected":false},"featured_media":32805,"comment_status":"open","ping_status":"closed","template":"","meta":{"jetpack_publicize_message":"","jetpack_publicize_feature_enabled":true,"jetpack_social_post_already_shared":true,"jetpack_social_options":{"image_generator_settings":{"template":"highway","default_image_id":0,"font":"","enabled":false},"version":2}},"pwb-brand":[662],"product_brand":[],"product_cat":[174,305],"product_tag":[],"class_list":{"0":"post-32802","1":"product","2":"type-product","3":"status-publish","4":"has-post-thumbnail","6":"pwb-brand-sewoo","7":"product_cat-imptermica","8":"product_cat-impresoratermicarecibos","10":"first","11":"instock","12":"sale","13":"taxable","14":"shipping-taxable","15":"purchasable","16":"product-type-simple"},"yoast_head":"<!-- This site is optimized with the Yoast SEO Premium plugin v25.7.1 (Yoast SEO v26.8) - https:\/\/yoast.com\/product\/yoast-seo-premium-wordpress\/ -->\n<title>Impresora T\u00e9rmica de Recibos 80mm USB SERIAL LAN SEWOO - Mivoot<\/title>\n<meta name=\"robots\" content=\"index, follow, max-snippet:-1, max-image-preview:large, max-video-preview:-1\" \/>\n<link rel=\"canonical\" href=\"https:\/\/mivoot.com\/gt\/producto\/impre1sora-termica-de-recibos-80mm-usb-serial-lan-sewoo\/\" \/>\n<meta property=\"og:locale\" content=\"es_ES\" \/>\n<meta property=\"og:type\" content=\"article\" \/>\n<meta property=\"og:title\" content=\"Impresora T\u00e9rmica de Recibos 80mm USB SERIAL LAN SEWOO\" \/>\n<meta property=\"og:description\" content=\"- M\u00c9TODO: T\u00e9rmica directa - VELOCIDAD : 220mm\/sec - ANCHO: 72 mm (576 puntos\/l\u00ednea) - RESOLUCI\u00d3N : 203DPI - DIRECCI\u00d3N : Unidirectional with Friction Feed - TIPO: Papel t\u00e9rmico para recibos - ANCHO: 80 mm - GROSOR : 0.05 ~ 0.08 mm - DI\u00c1METRO DEL ROLLO: M\u00e1x. \u00d8 80,0 mm - DI\u00c1METRO CENTRAL INTERNO: 12,5 mm \u00b1 0,5 mm - USB (tipo B) - Serie (RS-232C_9pin) - Ethernet Integrado\" \/>\n<meta property=\"og:url\" content=\"https:\/\/mivoot.com\/gt\/producto\/impre1sora-termica-de-recibos-80mm-usb-serial-lan-sewoo\/\" \/>\n<meta property=\"og:site_name\" content=\"Mivoot\" \/>\n<meta property=\"article:publisher\" content=\"https:\/\/www.facebook.com\/mivootgt\" \/>\n<meta property=\"article:modified_time\" content=\"2026-03-26T00:08:29+00:00\" \/>\n<meta property=\"og:image\" content=\"https:\/\/mivoot.com\/gt\/wp-content\/uploads\/2026\/03\/SLK-TS100-01.png\" \/>\n\t<meta property=\"og:image:width\" content=\"800\" \/>\n\t<meta property=\"og:image:height\" content=\"800\" \/>\n\t<meta property=\"og:image:type\" content=\"image\/png\" \/>\n<meta name=\"twitter:card\" content=\"summary_large_image\" \/>\n<meta name=\"twitter:label1\" content=\"Est. reading time\" \/>\n\t<meta name=\"twitter:data1\" content=\"2 minutos\" \/>\n<script type=\"application\/ld+json\" class=\"yoast-schema-graph\">{\"@context\":\"https:\/\/schema.org\",\"@graph\":[{\"@type\":\"WebPage\",\"@id\":\"https:\/\/mivoot.com\/gt\/producto\/impre1sora-termica-de-recibos-80mm-usb-serial-lan-sewoo\/\",\"url\":\"https:\/\/mivoot.com\/gt\/producto\/impre1sora-termica-de-recibos-80mm-usb-serial-lan-sewoo\/\",\"name\":\"Impresora T\u00e9rmica de Recibos 80mm USB SERIAL LAN SEWOO - Mivoot\",\"isPartOf\":{\"@id\":\"https:\/\/mivoot.com\/gt\/#website\"},\"primaryImageOfPage\":{\"@id\":\"https:\/\/mivoot.com\/gt\/producto\/impre1sora-termica-de-recibos-80mm-usb-serial-lan-sewoo\/#primaryimage\"},\"image\":{\"@id\":\"https:\/\/mivoot.com\/gt\/producto\/impre1sora-termica-de-recibos-80mm-usb-serial-lan-sewoo\/#primaryimage\"},\"thumbnailUrl\":\"https:\/\/mivoot.com\/gt\/wp-content\/uploads\/2026\/03\/SLK-TS100-01.png\",\"datePublished\":\"2026-03-25T22:25:08+00:00\",\"dateModified\":\"2026-03-26T00:08:29+00:00\",\"breadcrumb\":{\"@id\":\"https:\/\/mivoot.com\/gt\/producto\/impre1sora-termica-de-recibos-80mm-usb-serial-lan-sewoo\/#breadcrumb\"},\"inLanguage\":\"es\",\"potentialAction\":[{\"@type\":\"ReadAction\",\"target\":[\"https:\/\/mivoot.com\/gt\/producto\/impre1sora-termica-de-recibos-80mm-usb-serial-lan-sewoo\/\"]}]},{\"@type\":\"ImageObject\",\"inLanguage\":\"es\",\"@id\":\"https:\/\/mivoot.com\/gt\/producto\/impre1sora-termica-de-recibos-80mm-usb-serial-lan-sewoo\/#primaryimage\",\"url\":\"https:\/\/mivoot.com\/gt\/wp-content\/uploads\/2026\/03\/SLK-TS100-01.png\",\"contentUrl\":\"https:\/\/mivoot.com\/gt\/wp-content\/uploads\/2026\/03\/SLK-TS100-01.png\",\"width\":800,\"height\":800},{\"@type\":\"BreadcrumbList\",\"@id\":\"https:\/\/mivoot.com\/gt\/producto\/impre1sora-termica-de-recibos-80mm-usb-serial-lan-sewoo\/#breadcrumb\",\"itemListElement\":[{\"@type\":\"ListItem\",\"position\":1,\"name\":\"Inicio\",\"item\":\"https:\/\/mivoot.com\/gt\/\"},{\"@type\":\"ListItem\",\"position\":2,\"name\":\"Productos\",\"item\":\"https:\/\/mivoot.com\/gt\/producto\/\"},{\"@type\":\"ListItem\",\"position\":3,\"name\":\"Sewoo\",\"item\":\"https:\/\/mivoot.com\/gt\/marca\/sewoo\/\"},{\"@type\":\"ListItem\",\"position\":4,\"name\":\"Impresora T\u00e9rmica de Recibos 80mm USB SERIAL LAN SEWOO\"}]},{\"@type\":\"WebSite\",\"@id\":\"https:\/\/mivoot.com\/gt\/#website\",\"url\":\"https:\/\/mivoot.com\/gt\/\",\"name\":\"Mivoot\",\"description\":\"Mivoot Guatemala | Tienda Online\",\"publisher\":{\"@id\":\"https:\/\/mivoot.com\/gt\/#organization\"},\"alternateName\":\"mivoot\",\"potentialAction\":[{\"@type\":\"SearchAction\",\"target\":{\"@type\":\"EntryPoint\",\"urlTemplate\":\"https:\/\/mivoot.com\/gt\/?s={search_term_string}\"},\"query-input\":{\"@type\":\"PropertyValueSpecification\",\"valueRequired\":true,\"valueName\":\"search_term_string\"}}],\"inLanguage\":\"es\"},{\"@type\":\"Organization\",\"@id\":\"https:\/\/mivoot.com\/gt\/#organization\",\"name\":\"Mivoot Guatemala\",\"alternateName\":\"mivoot.com\",\"url\":\"https:\/\/mivoot.com\/gt\/\",\"logo\":{\"@type\":\"ImageObject\",\"inLanguage\":\"es\",\"@id\":\"https:\/\/mivoot.com\/gt\/#\/schema\/logo\/image\/\",\"url\":\"https:\/\/mivoot.com\/gt\/wp-content\/uploads\/2023\/03\/cropped-icon.png\",\"contentUrl\":\"https:\/\/mivoot.com\/gt\/wp-content\/uploads\/2023\/03\/cropped-icon.png\",\"width\":512,\"height\":512,\"caption\":\"Mivoot Guatemala\"},\"image\":{\"@id\":\"https:\/\/mivoot.com\/gt\/#\/schema\/logo\/image\/\"},\"sameAs\":[\"https:\/\/www.facebook.com\/mivootgt\",\"https:\/\/instagram.com\/mivoot\"]}]}<\/script>\n<!-- \/ Yoast SEO Premium plugin. -->","yoast_head_json":{"title":"Impresora T\u00e9rmica de Recibos 80mm USB SERIAL LAN SEWOO - Mivoot","robots":{"index":"index","follow":"follow","max-snippet":"max-snippet:-1","max-image-preview":"max-image-preview:large","max-video-preview":"max-video-preview:-1"},"canonical":"https:\/\/mivoot.com\/gt\/producto\/impre1sora-termica-de-recibos-80mm-usb-serial-lan-sewoo\/","og_locale":"es_ES","og_type":"article","og_title":"Impresora T\u00e9rmica de Recibos 80mm USB SERIAL LAN SEWOO","og_description":"- M\u00c9TODO: T\u00e9rmica directa - VELOCIDAD : 220mm\/sec - ANCHO: 72 mm (576 puntos\/l\u00ednea) - RESOLUCI\u00d3N : 203DPI - DIRECCI\u00d3N : Unidirectional with Friction Feed - TIPO: Papel t\u00e9rmico para recibos - ANCHO: 80 mm - GROSOR : 0.05 ~ 0.08 mm - DI\u00c1METRO DEL ROLLO: M\u00e1x. \u00d8 80,0 mm - DI\u00c1METRO CENTRAL INTERNO: 12,5 mm \u00b1 0,5 mm - USB (tipo B) - Serie (RS-232C_9pin) - Ethernet Integrado","og_url":"https:\/\/mivoot.com\/gt\/producto\/impre1sora-termica-de-recibos-80mm-usb-serial-lan-sewoo\/","og_site_name":"Mivoot","article_publisher":"https:\/\/www.facebook.com\/mivootgt","article_modified_time":"2026-03-26T00:08:29+00:00","og_image":[{"width":800,"height":800,"url":"https:\/\/mivoot.com\/gt\/wp-content\/uploads\/2026\/03\/SLK-TS100-01.png","type":"image\/png"}],"twitter_card":"summary_large_image","twitter_misc":{"Est. reading time":"2 minutos"},"schema":{"@context":"https:\/\/schema.org","@graph":[{"@type":"WebPage","@id":"https:\/\/mivoot.com\/gt\/producto\/impre1sora-termica-de-recibos-80mm-usb-serial-lan-sewoo\/","url":"https:\/\/mivoot.com\/gt\/producto\/impre1sora-termica-de-recibos-80mm-usb-serial-lan-sewoo\/","name":"Impresora T\u00e9rmica de Recibos 80mm USB SERIAL LAN SEWOO - Mivoot","isPartOf":{"@id":"https:\/\/mivoot.com\/gt\/#website"},"primaryImageOfPage":{"@id":"https:\/\/mivoot.com\/gt\/producto\/impre1sora-termica-de-recibos-80mm-usb-serial-lan-sewoo\/#primaryimage"},"image":{"@id":"https:\/\/mivoot.com\/gt\/producto\/impre1sora-termica-de-recibos-80mm-usb-serial-lan-sewoo\/#primaryimage"},"thumbnailUrl":"https:\/\/mivoot.com\/gt\/wp-content\/uploads\/2026\/03\/SLK-TS100-01.png","datePublished":"2026-03-25T22:25:08+00:00","dateModified":"2026-03-26T00:08:29+00:00","breadcrumb":{"@id":"https:\/\/mivoot.com\/gt\/producto\/impre1sora-termica-de-recibos-80mm-usb-serial-lan-sewoo\/#breadcrumb"},"inLanguage":"es","potentialAction":[{"@type":"ReadAction","target":["https:\/\/mivoot.com\/gt\/producto\/impre1sora-termica-de-recibos-80mm-usb-serial-lan-sewoo\/"]}]},{"@type":"ImageObject","inLanguage":"es","@id":"https:\/\/mivoot.com\/gt\/producto\/impre1sora-termica-de-recibos-80mm-usb-serial-lan-sewoo\/#primaryimage","url":"https:\/\/mivoot.com\/gt\/wp-content\/uploads\/2026\/03\/SLK-TS100-01.png","contentUrl":"https:\/\/mivoot.com\/gt\/wp-content\/uploads\/2026\/03\/SLK-TS100-01.png","width":800,"height":800},{"@type":"BreadcrumbList","@id":"https:\/\/mivoot.com\/gt\/producto\/impre1sora-termica-de-recibos-80mm-usb-serial-lan-sewoo\/#breadcrumb","itemListElement":[{"@type":"ListItem","position":1,"name":"Inicio","item":"https:\/\/mivoot.com\/gt\/"},{"@type":"ListItem","position":2,"name":"Productos","item":"https:\/\/mivoot.com\/gt\/producto\/"},{"@type":"ListItem","position":3,"name":"Sewoo","item":"https:\/\/mivoot.com\/gt\/marca\/sewoo\/"},{"@type":"ListItem","position":4,"name":"Impresora T\u00e9rmica de Recibos 80mm USB SERIAL LAN SEWOO"}]},{"@type":"WebSite","@id":"https:\/\/mivoot.com\/gt\/#website","url":"https:\/\/mivoot.com\/gt\/","name":"Mivoot","description":"Mivoot Guatemala | Tienda Online","publisher":{"@id":"https:\/\/mivoot.com\/gt\/#organization"},"alternateName":"mivoot","potentialAction":[{"@type":"SearchAction","target":{"@type":"EntryPoint","urlTemplate":"https:\/\/mivoot.com\/gt\/?s={search_term_string}"},"query-input":{"@type":"PropertyValueSpecification","valueRequired":true,"valueName":"search_term_string"}}],"inLanguage":"es"},{"@type":"Organization","@id":"https:\/\/mivoot.com\/gt\/#organization","name":"Mivoot Guatemala","alternateName":"mivoot.com","url":"https:\/\/mivoot.com\/gt\/","logo":{"@type":"ImageObject","inLanguage":"es","@id":"https:\/\/mivoot.com\/gt\/#\/schema\/logo\/image\/","url":"https:\/\/mivoot.com\/gt\/wp-content\/uploads\/2023\/03\/cropped-icon.png","contentUrl":"https:\/\/mivoot.com\/gt\/wp-content\/uploads\/2023\/03\/cropped-icon.png","width":512,"height":512,"caption":"Mivoot Guatemala"},"image":{"@id":"https:\/\/mivoot.com\/gt\/#\/schema\/logo\/image\/"},"sameAs":["https:\/\/www.facebook.com\/mivootgt","https:\/\/instagram.com\/mivoot"]}]}},"jetpack_publicize_connections":[],"jetpack_sharing_enabled":true,"brands":[{"id":662,"name":"Sewoo","slug":"sewoo"}],"_links":{"self":[{"href":"https:\/\/mivoot.com\/gt\/wp-json\/wp\/v2\/product\/32802","targetHints":{"allow":["GET"]}}],"collection":[{"href":"https:\/\/mivoot.com\/gt\/wp-json\/wp\/v2\/product"}],"about":[{"href":"https:\/\/mivoot.com\/gt\/wp-json\/wp\/v2\/types\/product"}],"replies":[{"embeddable":true,"href":"https:\/\/mivoot.com\/gt\/wp-json\/wp\/v2\/comments?post=32802"}],"version-history":[{"count":2,"href":"https:\/\/mivoot.com\/gt\/wp-json\/wp\/v2\/product\/32802\/revisions"}],"predecessor-version":[{"id":32811,"href":"https:\/\/mivoot.com\/gt\/wp-json\/wp\/v2\/product\/32802\/revisions\/32811"}],"wp:featuredmedia":[{"embeddable":true,"href":"https:\/\/mivoot.com\/gt\/wp-json\/wp\/v2\/media\/32805"}],"wp:attachment":[{"href":"https:\/\/mivoot.com\/gt\/wp-json\/wp\/v2\/media?parent=32802"}],"wp:term":[{"taxonomy":"pwb-brand","embeddable":true,"href":"https:\/\/mivoot.com\/gt\/wp-json\/wp\/v2\/pwb-brand?post=32802"},{"taxonomy":"product_brand","embeddable":true,"href":"https:\/\/mivoot.com\/gt\/wp-json\/wp\/v2\/product_brand?post=32802"},{"taxonomy":"product_cat","embeddable":true,"href":"https:\/\/mivoot.com\/gt\/wp-json\/wp\/v2\/product_cat?post=32802"},{"taxonomy":"product_tag","embeddable":true,"href":"https:\/\/mivoot.com\/gt\/wp-json\/wp\/v2\/product_tag?post=32802"}],"curies":[{"name":"wp","href":"https:\/\/api.w.org\/{rel}","templated":true}]}}