{"id":32990,"date":"2026-04-07T15:12:41","date_gmt":"2026-04-07T21:12:41","guid":{"rendered":"https:\/\/mivoot.com\/gt\/?post_type=product&#038;p=32990"},"modified":"2026-04-07T15:19:08","modified_gmt":"2026-04-07T21:19:08","slug":"kit-de-volante-y-pedales-para-xbox-y-pc-g920-logitech","status":"publish","type":"product","link":"https:\/\/mivoot.com\/gt\/producto\/kit-de-volante-y-pedales-para-xbox-y-pc-g920-logitech\/","title":{"rendered":"Kit de Volante de Carreras y Pedales Para Xbox y PC G920 Logitech"},"content":{"rendered":"<h1 style=\"text-align: center;\">Kit de Volante de Carreras y Pedales Para Xbox y PC G920 Logitech<\/h1>\n<p>Dise\u00f1ado para ofrecer la experiencia de conducci\u00f3n perfecta, con Force Feedback con dos motores, palancas de cambio de acero inoxidable y volante de cuero cosido a mano. Los pedales ajustables permiten acelerar, frenar y cambiar de marcha con la misma sensaci\u00f3n que un auto de verdad.<\/p>\n<h3>A todo gas, control total<\/h3>\n<p>Con un dise\u00f1o impecable para ofrecer la experiencia de manejo perfecta, Driving Force de Logitech G lleva los juegos de carreras m\u00e1s recientes al m\u00e1s alto nivel. Si no manejaste tu superauto con un volante, jam\u00e1s disfrutaste de la simulaci\u00f3n de carreras. Aseg\u00farate de seleccionar el volante adecuada para ti: El G29 es para PS5, PS4, PS3 y PC. El G920 es para Xbox Series X|S, Xbox One y PC.<\/p>\n<p>&nbsp;<\/p>\n<h3 class=\"pb-3 text-18 text-black font-bold\">Especificaciones t\u00e9cnicas<\/h3>\n<div><strong>Materiales:<\/strong><\/div>\n<div class=\"max-w-[708px] rich-text me-auto\">\n<ul class=\"!mt-1 svelte-1cft40b\">\n<li class=\"!my-0 items svelte-1cft40b\"><span class=\"svelte-1cft40b\">Radios del volante: aluminio anodizado<\/span><\/li>\n<li class=\"!my-0 items svelte-1cft40b\"><span class=\"svelte-1cft40b\">Recubrimiento del volante: cuero cosido a mano<\/span><\/li>\n<li class=\"!my-0 items svelte-1cft40b\"><span class=\"svelte-1cft40b\">Eje de manejo: acero<\/span><\/li>\n<li class=\"!my-0 items svelte-1cft40b\"><span class=\"svelte-1cft40b\">Mordazas de montaje: nylon relleno de cristal<\/span><\/li>\n<li class=\"!my-0 items svelte-1cft40b\"><span class=\"svelte-1cft40b\">Palancas de cambio: acero inoxidable bru\u00f1ido<\/span><\/li>\n<li class=\"!my-0 items svelte-1cft40b\"><span class=\"svelte-1cft40b\">Brazos y estructuras de pedales: acero laminado en fr\u00edo<\/span><\/li>\n<li class=\"!my-0 items svelte-1cft40b\"><span class=\"svelte-1cft40b\">Superficies de los pedales: acero inoxidable bru\u00f1ido<\/span><\/li>\n<li class=\"!my-0 items svelte-1cft40b\"><span class=\"svelte-1cft40b\">Fundas de pistones de pedales: termopl\u00e1stico polioximetileno (POM)<\/span><\/li>\n<\/ul>\n<p class=\"pb-3 text-18 text-black font-bold\">Requisitos del sistema<\/p>\n<ul class=\"pt-2.5 text-16 text-gray-360 svelte-1093ibo\">\n<li>\n<div class=\"py-3\"><strong>PlayStation\u00a05,\u00a04,\u00a03\u00a0o posteriores<\/strong><\/div>\n<\/li>\n<li>\n<div class=\"py-3\"><strong>Puerto USB con alimentaci\u00f3n<\/strong><\/div>\n<\/li>\n<li>\n<div class=\"py-3\"><strong>Windows\u00ae\u00a011,\u00a0Windows 10,\u00a0Windows 8.1,\u00a0Windows 8,\u00a0Windows 7\u00a0o posteriores<\/strong><\/div>\n<\/li>\n<\/ul>\n<p><img decoding=\"async\" src=\"https:\/\/resource.logitechg.com\/w_544,h_544,ar_1,c_fill,q_auto,f_auto,dpr_1.0\/d_transparent.gif\/content\/dam\/gaming\/en\/products\/drivingforce\/2025\/gallery\/g29-playstation-ifestyle-gallery-3.png\" \/><img decoding=\"async\" src=\"https:\/\/resource.logitechg.com\/w_544,h_544,ar_1,c_fill,q_auto,f_auto,dpr_1.0\/d_transparent.gif\/content\/dam\/gaming\/en\/products\/drivingforce\/2025\/gallery\/g29-playstation-lifestyle-gallery-2.png\" \/><\/p>\n<\/div>\n","protected":false},"excerpt":{"rendered":"<p>BOT\u00d3N RUEDA<br \/>\n&#8211; Giro: 900 grados de giro de bloqueo a bloqueo<br \/>\n&#8211; Sensor de manejo tipo sala de juegos<br \/>\n&#8211; Force Feedback con dos motores<br \/>\n&#8211; Protecci\u00f3n contra sobrecalentamiento<br \/>\nPedales<br \/>\n&#8211; Pedal del freno no lineal<br \/>\n&#8211; Sistema de alfombrilla antideslizante patentado<br \/>\n&#8211; Recubrimiento antideslizante<br \/>\n&#8211; Calibraci\u00f3n autom\u00e1tica<br \/>\nESPECIFICACIONES F\u00cdSICAS<br \/>\n&#8211; BOT\u00d3N RUEDA<br \/>\n&#8211; Altura: 270 mm<br \/>\n&#8211; Ancho: 260 mm<br \/>\n&#8211; Profundidad: 278 mm<br \/>\n&#8211; Peso sin cables: 2,25 kg<br \/>\n&#8211; Pedales<br \/>\n&#8211; Altura: 167 mm<br \/>\n&#8211; Ancho: 428,5 mm<br \/>\n&#8211; Profundidad: 311 mm<br \/>\n&#8211; Peso sin cables: 3,1 kg<\/p>\n","protected":false},"featured_media":32992,"comment_status":"open","ping_status":"closed","template":"","meta":{"jetpack_publicize_message":"","jetpack_publicize_feature_enabled":true,"jetpack_social_post_already_shared":true,"jetpack_social_options":{"image_generator_settings":{"template":"highway","default_image_id":0,"font":"","enabled":false},"version":2}},"pwb-brand":[193],"product_brand":[],"product_cat":[670],"product_tag":[],"class_list":{"0":"post-32990","1":"product","2":"type-product","3":"status-publish","4":"has-post-thumbnail","6":"pwb-brand-logitech","7":"product_cat-videojuegos","9":"first","10":"instock","11":"sale","12":"taxable","13":"shipping-taxable","14":"purchasable","15":"product-type-simple"},"yoast_head":"<!-- This site is optimized with the Yoast SEO Premium plugin v25.7.1 (Yoast SEO v26.8) - https:\/\/yoast.com\/product\/yoast-seo-premium-wordpress\/ -->\n<title>Kit de Volante de Carreras y Pedales Para Xbox y PC G920 Logitech - Mivoot<\/title>\n<meta name=\"robots\" content=\"index, follow, max-snippet:-1, max-image-preview:large, max-video-preview:-1\" \/>\n<link rel=\"canonical\" href=\"https:\/\/mivoot.com\/gt\/producto\/kit-de-volante-y-pedales-para-xbox-y-pc-g920-logitech\/\" \/>\n<meta property=\"og:locale\" content=\"es_ES\" \/>\n<meta property=\"og:type\" content=\"article\" \/>\n<meta property=\"og:title\" content=\"Kit de Volante de Carreras y Pedales Para Xbox y PC G920 Logitech\" \/>\n<meta property=\"og:description\" content=\"BOT\u00d3N RUEDA - Giro: 900 grados de giro de bloqueo a bloqueo - Sensor de manejo tipo sala de juegos - Force Feedback con dos motores - Protecci\u00f3n contra sobrecalentamiento Pedales - Pedal del freno no lineal - Sistema de alfombrilla antideslizante patentado - Recubrimiento antideslizante - Calibraci\u00f3n autom\u00e1tica ESPECIFICACIONES F\u00cdSICAS - BOT\u00d3N RUEDA - Altura: 270 mm - Ancho: 260 mm - Profundidad: 278 mm - Peso sin cables: 2,25 kg - Pedales - Altura: 167 mm - Ancho: 428,5 mm - Profundidad: 311 mm - Peso sin cables: 3,1 kg\" \/>\n<meta property=\"og:url\" content=\"https:\/\/mivoot.com\/gt\/producto\/kit-de-volante-y-pedales-para-xbox-y-pc-g920-logitech\/\" \/>\n<meta property=\"og:site_name\" content=\"Mivoot\" \/>\n<meta property=\"article:publisher\" content=\"https:\/\/www.facebook.com\/mivootgt\" \/>\n<meta property=\"article:modified_time\" content=\"2026-04-07T21:19:08+00:00\" \/>\n<meta property=\"og:image\" content=\"https:\/\/mivoot.com\/gt\/wp-content\/uploads\/2026\/04\/g290.webp\" \/>\n\t<meta property=\"og:image:width\" content=\"544\" \/>\n\t<meta property=\"og:image:height\" content=\"466\" \/>\n\t<meta property=\"og:image:type\" content=\"image\/webp\" \/>\n<meta name=\"twitter:card\" content=\"summary_large_image\" \/>\n<meta name=\"twitter:label1\" content=\"Est. reading time\" \/>\n\t<meta name=\"twitter:data1\" content=\"2 minutos\" \/>\n<script type=\"application\/ld+json\" class=\"yoast-schema-graph\">{\"@context\":\"https:\/\/schema.org\",\"@graph\":[{\"@type\":\"WebPage\",\"@id\":\"https:\/\/mivoot.com\/gt\/producto\/kit-de-volante-y-pedales-para-xbox-y-pc-g920-logitech\/\",\"url\":\"https:\/\/mivoot.com\/gt\/producto\/kit-de-volante-y-pedales-para-xbox-y-pc-g920-logitech\/\",\"name\":\"Kit de Volante de Carreras y Pedales Para Xbox y PC G920 Logitech - Mivoot\",\"isPartOf\":{\"@id\":\"https:\/\/mivoot.com\/gt\/#website\"},\"primaryImageOfPage\":{\"@id\":\"https:\/\/mivoot.com\/gt\/producto\/kit-de-volante-y-pedales-para-xbox-y-pc-g920-logitech\/#primaryimage\"},\"image\":{\"@id\":\"https:\/\/mivoot.com\/gt\/producto\/kit-de-volante-y-pedales-para-xbox-y-pc-g920-logitech\/#primaryimage\"},\"thumbnailUrl\":\"https:\/\/mivoot.com\/gt\/wp-content\/uploads\/2026\/04\/g290.webp\",\"datePublished\":\"2026-04-07T21:12:41+00:00\",\"dateModified\":\"2026-04-07T21:19:08+00:00\",\"breadcrumb\":{\"@id\":\"https:\/\/mivoot.com\/gt\/producto\/kit-de-volante-y-pedales-para-xbox-y-pc-g920-logitech\/#breadcrumb\"},\"inLanguage\":\"es\",\"potentialAction\":[{\"@type\":\"ReadAction\",\"target\":[\"https:\/\/mivoot.com\/gt\/producto\/kit-de-volante-y-pedales-para-xbox-y-pc-g920-logitech\/\"]}]},{\"@type\":\"ImageObject\",\"inLanguage\":\"es\",\"@id\":\"https:\/\/mivoot.com\/gt\/producto\/kit-de-volante-y-pedales-para-xbox-y-pc-g920-logitech\/#primaryimage\",\"url\":\"https:\/\/mivoot.com\/gt\/wp-content\/uploads\/2026\/04\/g290.webp\",\"contentUrl\":\"https:\/\/mivoot.com\/gt\/wp-content\/uploads\/2026\/04\/g290.webp\",\"width\":544,\"height\":466},{\"@type\":\"BreadcrumbList\",\"@id\":\"https:\/\/mivoot.com\/gt\/producto\/kit-de-volante-y-pedales-para-xbox-y-pc-g920-logitech\/#breadcrumb\",\"itemListElement\":[{\"@type\":\"ListItem\",\"position\":1,\"name\":\"Inicio\",\"item\":\"https:\/\/mivoot.com\/gt\/\"},{\"@type\":\"ListItem\",\"position\":2,\"name\":\"Productos\",\"item\":\"https:\/\/mivoot.com\/gt\/producto\/\"},{\"@type\":\"ListItem\",\"position\":3,\"name\":\"Logitech\",\"item\":\"https:\/\/mivoot.com\/gt\/marca\/logitech\/\"},{\"@type\":\"ListItem\",\"position\":4,\"name\":\"Kit de Volante de Carreras y Pedales Para Xbox y PC G920 Logitech\"}]},{\"@type\":\"WebSite\",\"@id\":\"https:\/\/mivoot.com\/gt\/#website\",\"url\":\"https:\/\/mivoot.com\/gt\/\",\"name\":\"Mivoot\",\"description\":\"Mivoot Guatemala | Tienda Online\",\"publisher\":{\"@id\":\"https:\/\/mivoot.com\/gt\/#organization\"},\"alternateName\":\"mivoot\",\"potentialAction\":[{\"@type\":\"SearchAction\",\"target\":{\"@type\":\"EntryPoint\",\"urlTemplate\":\"https:\/\/mivoot.com\/gt\/?s={search_term_string}\"},\"query-input\":{\"@type\":\"PropertyValueSpecification\",\"valueRequired\":true,\"valueName\":\"search_term_string\"}}],\"inLanguage\":\"es\"},{\"@type\":\"Organization\",\"@id\":\"https:\/\/mivoot.com\/gt\/#organization\",\"name\":\"Mivoot Guatemala\",\"alternateName\":\"mivoot.com\",\"url\":\"https:\/\/mivoot.com\/gt\/\",\"logo\":{\"@type\":\"ImageObject\",\"inLanguage\":\"es\",\"@id\":\"https:\/\/mivoot.com\/gt\/#\/schema\/logo\/image\/\",\"url\":\"https:\/\/mivoot.com\/gt\/wp-content\/uploads\/2023\/03\/cropped-icon.png\",\"contentUrl\":\"https:\/\/mivoot.com\/gt\/wp-content\/uploads\/2023\/03\/cropped-icon.png\",\"width\":512,\"height\":512,\"caption\":\"Mivoot Guatemala\"},\"image\":{\"@id\":\"https:\/\/mivoot.com\/gt\/#\/schema\/logo\/image\/\"},\"sameAs\":[\"https:\/\/www.facebook.com\/mivootgt\",\"https:\/\/instagram.com\/mivoot\"]}]}<\/script>\n<!-- \/ Yoast SEO Premium plugin. -->","yoast_head_json":{"title":"Kit de Volante de Carreras y Pedales Para Xbox y PC G920 Logitech - Mivoot","robots":{"index":"index","follow":"follow","max-snippet":"max-snippet:-1","max-image-preview":"max-image-preview:large","max-video-preview":"max-video-preview:-1"},"canonical":"https:\/\/mivoot.com\/gt\/producto\/kit-de-volante-y-pedales-para-xbox-y-pc-g920-logitech\/","og_locale":"es_ES","og_type":"article","og_title":"Kit de Volante de Carreras y Pedales Para Xbox y PC G920 Logitech","og_description":"BOT\u00d3N RUEDA - Giro: 900 grados de giro de bloqueo a bloqueo - Sensor de manejo tipo sala de juegos - Force Feedback con dos motores - Protecci\u00f3n contra sobrecalentamiento Pedales - Pedal del freno no lineal - Sistema de alfombrilla antideslizante patentado - Recubrimiento antideslizante - Calibraci\u00f3n autom\u00e1tica ESPECIFICACIONES F\u00cdSICAS - BOT\u00d3N RUEDA - Altura: 270 mm - Ancho: 260 mm - Profundidad: 278 mm - Peso sin cables: 2,25 kg - Pedales - Altura: 167 mm - Ancho: 428,5 mm - Profundidad: 311 mm - Peso sin cables: 3,1 kg","og_url":"https:\/\/mivoot.com\/gt\/producto\/kit-de-volante-y-pedales-para-xbox-y-pc-g920-logitech\/","og_site_name":"Mivoot","article_publisher":"https:\/\/www.facebook.com\/mivootgt","article_modified_time":"2026-04-07T21:19:08+00:00","og_image":[{"width":544,"height":466,"url":"https:\/\/mivoot.com\/gt\/wp-content\/uploads\/2026\/04\/g290.webp","type":"image\/webp"}],"twitter_card":"summary_large_image","twitter_misc":{"Est. reading time":"2 minutos"},"schema":{"@context":"https:\/\/schema.org","@graph":[{"@type":"WebPage","@id":"https:\/\/mivoot.com\/gt\/producto\/kit-de-volante-y-pedales-para-xbox-y-pc-g920-logitech\/","url":"https:\/\/mivoot.com\/gt\/producto\/kit-de-volante-y-pedales-para-xbox-y-pc-g920-logitech\/","name":"Kit de Volante de Carreras y Pedales Para Xbox y PC G920 Logitech - Mivoot","isPartOf":{"@id":"https:\/\/mivoot.com\/gt\/#website"},"primaryImageOfPage":{"@id":"https:\/\/mivoot.com\/gt\/producto\/kit-de-volante-y-pedales-para-xbox-y-pc-g920-logitech\/#primaryimage"},"image":{"@id":"https:\/\/mivoot.com\/gt\/producto\/kit-de-volante-y-pedales-para-xbox-y-pc-g920-logitech\/#primaryimage"},"thumbnailUrl":"https:\/\/mivoot.com\/gt\/wp-content\/uploads\/2026\/04\/g290.webp","datePublished":"2026-04-07T21:12:41+00:00","dateModified":"2026-04-07T21:19:08+00:00","breadcrumb":{"@id":"https:\/\/mivoot.com\/gt\/producto\/kit-de-volante-y-pedales-para-xbox-y-pc-g920-logitech\/#breadcrumb"},"inLanguage":"es","potentialAction":[{"@type":"ReadAction","target":["https:\/\/mivoot.com\/gt\/producto\/kit-de-volante-y-pedales-para-xbox-y-pc-g920-logitech\/"]}]},{"@type":"ImageObject","inLanguage":"es","@id":"https:\/\/mivoot.com\/gt\/producto\/kit-de-volante-y-pedales-para-xbox-y-pc-g920-logitech\/#primaryimage","url":"https:\/\/mivoot.com\/gt\/wp-content\/uploads\/2026\/04\/g290.webp","contentUrl":"https:\/\/mivoot.com\/gt\/wp-content\/uploads\/2026\/04\/g290.webp","width":544,"height":466},{"@type":"BreadcrumbList","@id":"https:\/\/mivoot.com\/gt\/producto\/kit-de-volante-y-pedales-para-xbox-y-pc-g920-logitech\/#breadcrumb","itemListElement":[{"@type":"ListItem","position":1,"name":"Inicio","item":"https:\/\/mivoot.com\/gt\/"},{"@type":"ListItem","position":2,"name":"Productos","item":"https:\/\/mivoot.com\/gt\/producto\/"},{"@type":"ListItem","position":3,"name":"Logitech","item":"https:\/\/mivoot.com\/gt\/marca\/logitech\/"},{"@type":"ListItem","position":4,"name":"Kit de Volante de Carreras y Pedales Para Xbox y PC G920 Logitech"}]},{"@type":"WebSite","@id":"https:\/\/mivoot.com\/gt\/#website","url":"https:\/\/mivoot.com\/gt\/","name":"Mivoot","description":"Mivoot Guatemala | Tienda Online","publisher":{"@id":"https:\/\/mivoot.com\/gt\/#organization"},"alternateName":"mivoot","potentialAction":[{"@type":"SearchAction","target":{"@type":"EntryPoint","urlTemplate":"https:\/\/mivoot.com\/gt\/?s={search_term_string}"},"query-input":{"@type":"PropertyValueSpecification","valueRequired":true,"valueName":"search_term_string"}}],"inLanguage":"es"},{"@type":"Organization","@id":"https:\/\/mivoot.com\/gt\/#organization","name":"Mivoot Guatemala","alternateName":"mivoot.com","url":"https:\/\/mivoot.com\/gt\/","logo":{"@type":"ImageObject","inLanguage":"es","@id":"https:\/\/mivoot.com\/gt\/#\/schema\/logo\/image\/","url":"https:\/\/mivoot.com\/gt\/wp-content\/uploads\/2023\/03\/cropped-icon.png","contentUrl":"https:\/\/mivoot.com\/gt\/wp-content\/uploads\/2023\/03\/cropped-icon.png","width":512,"height":512,"caption":"Mivoot Guatemala"},"image":{"@id":"https:\/\/mivoot.com\/gt\/#\/schema\/logo\/image\/"},"sameAs":["https:\/\/www.facebook.com\/mivootgt","https:\/\/instagram.com\/mivoot"]}]}},"jetpack_publicize_connections":[],"jetpack_sharing_enabled":true,"brands":[{"id":193,"name":"Logitech","slug":"logitech"}],"_links":{"self":[{"href":"https:\/\/mivoot.com\/gt\/wp-json\/wp\/v2\/product\/32990","targetHints":{"allow":["GET"]}}],"collection":[{"href":"https:\/\/mivoot.com\/gt\/wp-json\/wp\/v2\/product"}],"about":[{"href":"https:\/\/mivoot.com\/gt\/wp-json\/wp\/v2\/types\/product"}],"replies":[{"embeddable":true,"href":"https:\/\/mivoot.com\/gt\/wp-json\/wp\/v2\/comments?post=32990"}],"version-history":[{"count":3,"href":"https:\/\/mivoot.com\/gt\/wp-json\/wp\/v2\/product\/32990\/revisions"}],"predecessor-version":[{"id":32997,"href":"https:\/\/mivoot.com\/gt\/wp-json\/wp\/v2\/product\/32990\/revisions\/32997"}],"wp:featuredmedia":[{"embeddable":true,"href":"https:\/\/mivoot.com\/gt\/wp-json\/wp\/v2\/media\/32992"}],"wp:attachment":[{"href":"https:\/\/mivoot.com\/gt\/wp-json\/wp\/v2\/media?parent=32990"}],"wp:term":[{"taxonomy":"pwb-brand","embeddable":true,"href":"https:\/\/mivoot.com\/gt\/wp-json\/wp\/v2\/pwb-brand?post=32990"},{"taxonomy":"product_brand","embeddable":true,"href":"https:\/\/mivoot.com\/gt\/wp-json\/wp\/v2\/product_brand?post=32990"},{"taxonomy":"product_cat","embeddable":true,"href":"https:\/\/mivoot.com\/gt\/wp-json\/wp\/v2\/product_cat?post=32990"},{"taxonomy":"product_tag","embeddable":true,"href":"https:\/\/mivoot.com\/gt\/wp-json\/wp\/v2\/product_tag?post=32990"}],"curies":[{"name":"wp","href":"https:\/\/api.w.org\/{rel}","templated":true}]}}