{"id":33059,"date":"2026-04-10T18:02:19","date_gmt":"2026-04-11T00:02:19","guid":{"rendered":"https:\/\/mivoot.com\/gt\/?post_type=product&#038;p=33059"},"modified":"2026-04-10T18:03:42","modified_gmt":"2026-04-11T00:03:42","slug":"repuesto-semaforo-luz-led-amarillo-30cm-fama","status":"publish","type":"product","link":"https:\/\/mivoot.com\/gt\/producto\/repuesto-semaforo-luz-led-amarillo-30cm-fama\/","title":{"rendered":"Repuesto Sem\u00e1foro Luz LED Amarillo 30cm FAMA"},"content":{"rendered":"<h1 style=\"text-align: center;\">Repuesto Sem\u00e1foro Luz LED Amarillo 30cm FAMA<\/h1>\n<div class=\"top_subtitle \" data-expand-mobile=\"42\">\n<p>El m\u00f3dulo de sem\u00e1foro de bola completa de bajo consumo consta de un panel de luz, una lente, una fuente de alimentaci\u00f3n, una carcasa de l\u00e1mpara y otros componentes estructurales. Es aplicable a una amplia gama de intersecciones de control de sem\u00e1foros.<\/p>\n<\/div>\n<div class=\"attribute_mode_new_page\">\n<h3>1. El dise\u00f1o del circuito de malla garantiza un funcionamiento estable del producto:<\/h3>\n<p>La placa de luz adopta un dise\u00f1o de circuito de malla. Cuando falla una l\u00e1mpara LED, a\u00edsla autom\u00e1ticamente el punto de falla para garantizar que las dem\u00e1s funcionen con normalidad, manteniendo un efecto de visualizaci\u00f3n general estable.<\/p>\n<h3>2. Fuente de alimentaci\u00f3n est\u00e1ndar europea, m\u00e1s eficiente energ\u00e9ticamente y respetuosa con el medio ambiente:<\/h3>\n<p>Utiliza una fuente de alimentaci\u00f3n est\u00e1ndar europea dise\u00f1ada independientemente con una excelente eficiencia de conversi\u00f3n de energ\u00eda y un factor de potencia de hasta 0,98, lo que reduce significativamente el consumo de energ\u00eda y es altamente eficiente energ\u00e9ticamente y respetuoso con el medio ambiente.<\/p>\n<h3>3. Dise\u00f1o de accionamiento de corriente constante, con larga vida \u00fatil y bajo mantenimiento:<\/h3>\n<p>Adopta tecnolog\u00eda de accionamiento de corriente constante para garantizar una corriente de trabajo estable, extender la vida \u00fatil de la l\u00e1mpara y reducir efectivamente los costos de mantenimiento en la etapa posterior.<\/p>\n<h3>4. Excelente compatibilidad electromagn\u00e9tica, mejorando la estabilidad del dispositivo:<\/h3>\n<p>Cumple estrictamente con las normas europeas de compatibilidad electromagn\u00e9tica y cumple con los estrictos requisitos de los pa\u00edses desarrollados. La distorsi\u00f3n arm\u00f3nica total es inferior al 10 %. Reduce eficazmente las interferencias con la red el\u00e9ctrica y otros equipos en la intersecci\u00f3n, mejorando significativamente la estabilidad y la vida \u00fatil de los equipos.<\/p>\n<\/div>\n<p>&nbsp;<\/p>\n<p><img decoding=\"async\" class=\"aligncenter\" src=\"https:\/\/img001.video2b.com\/1904\/file_01681888393572.jpg?x-oss-process=image\/resize,m_lfit,w_1944\/format,webp\/quality,90\" \/><\/p>\n","protected":false},"excerpt":{"rendered":"<p>&#8211; Lente \u00f3ptica exclusiva y buena uniformidad de color.<br \/>\n&#8211; Larga distancia de visualizaci\u00f3n<br \/>\n&#8211; Carcasa de policarbonato<br \/>\n&#8211; \u25a1Rojo \u25a1Amarillo \u25a1Verde<br \/>\n&#8211; Color de la m\u00e1scara Transparente<br \/>\n&#8211; Forma de la m\u00e1scara Redondo<br \/>\n&#8211; Cantidad de LED R\/Y\/G: 31 piezas<br \/>\n&#8211; Longitud de onda del LED<br \/>\n&#8211; Rojo: 625 \u00b1 5 nm<br \/>\n&#8211; Amarillo: 590 \u00b1 5 nm<br \/>\n&#8211; Verde: 505 \u00b1 5 nm<\/p>\n","protected":false},"featured_media":33053,"comment_status":"open","ping_status":"closed","template":"","meta":{"jetpack_publicize_message":"","jetpack_publicize_feature_enabled":true,"jetpack_social_post_already_shared":true,"jetpack_social_options":{"image_generator_settings":{"template":"highway","default_image_id":0,"font":"","enabled":false},"version":2}},"pwb-brand":[671],"product_brand":[],"product_cat":[672],"product_tag":[],"class_list":{"0":"post-33059","1":"product","2":"type-product","3":"status-publish","4":"has-post-thumbnail","6":"pwb-brand-fama","7":"product_cat-control-de-senales-de-transito","9":"first","10":"instock","11":"taxable","12":"shipping-taxable","13":"product-type-simple"},"yoast_head":"<!-- This site is optimized with the Yoast SEO Premium plugin v25.7.1 (Yoast SEO v26.8) - https:\/\/yoast.com\/product\/yoast-seo-premium-wordpress\/ -->\n<title>Repuesto Sem\u00e1foro Luz LED Amarillo 30cm FAMA - Mivoot<\/title>\n<meta name=\"robots\" content=\"index, follow, max-snippet:-1, max-image-preview:large, max-video-preview:-1\" \/>\n<link rel=\"canonical\" href=\"https:\/\/mivoot.com\/gt\/producto\/repuesto-semaforo-luz-led-amarillo-30cm-fama\/\" \/>\n<meta property=\"og:locale\" content=\"es_ES\" \/>\n<meta property=\"og:type\" content=\"article\" \/>\n<meta property=\"og:title\" content=\"Repuesto Sem\u00e1foro Luz LED Amarillo 30cm FAMA\" \/>\n<meta property=\"og:description\" content=\"- Lente \u00f3ptica exclusiva y buena uniformidad de color. - Larga distancia de visualizaci\u00f3n - Carcasa de policarbonato - \u25a1Rojo \u25a1Amarillo \u25a1Verde - Color de la m\u00e1scara Transparente - Forma de la m\u00e1scara Redondo - Cantidad de LED R\/Y\/G: 31 piezas - Longitud de onda del LED - Rojo: 625 \u00b1 5 nm - Amarillo: 590 \u00b1 5 nm - Verde: 505 \u00b1 5 nm\" \/>\n<meta property=\"og:url\" content=\"https:\/\/mivoot.com\/gt\/producto\/repuesto-semaforo-luz-led-amarillo-30cm-fama\/\" \/>\n<meta property=\"og:site_name\" content=\"Mivoot\" \/>\n<meta property=\"article:publisher\" content=\"https:\/\/www.facebook.com\/mivootgt\" \/>\n<meta property=\"article:modified_time\" content=\"2026-04-11T00:03:42+00:00\" \/>\n<meta property=\"og:image\" content=\"https:\/\/mivoot.com\/gt\/wp-content\/uploads\/2026\/04\/DXJD300-02.webp\" \/>\n\t<meta property=\"og:image:width\" content=\"1000\" \/>\n\t<meta property=\"og:image:height\" content=\"1000\" \/>\n\t<meta property=\"og:image:type\" content=\"image\/webp\" \/>\n<meta name=\"twitter:card\" content=\"summary_large_image\" \/>\n<meta name=\"twitter:label1\" content=\"Est. reading time\" \/>\n\t<meta name=\"twitter:data1\" content=\"2 minutos\" \/>\n<script type=\"application\/ld+json\" class=\"yoast-schema-graph\">{\"@context\":\"https:\/\/schema.org\",\"@graph\":[{\"@type\":\"WebPage\",\"@id\":\"https:\/\/mivoot.com\/gt\/producto\/repuesto-semaforo-luz-led-amarillo-30cm-fama\/\",\"url\":\"https:\/\/mivoot.com\/gt\/producto\/repuesto-semaforo-luz-led-amarillo-30cm-fama\/\",\"name\":\"Repuesto Sem\u00e1foro Luz LED Amarillo 30cm FAMA - Mivoot\",\"isPartOf\":{\"@id\":\"https:\/\/mivoot.com\/gt\/#website\"},\"primaryImageOfPage\":{\"@id\":\"https:\/\/mivoot.com\/gt\/producto\/repuesto-semaforo-luz-led-amarillo-30cm-fama\/#primaryimage\"},\"image\":{\"@id\":\"https:\/\/mivoot.com\/gt\/producto\/repuesto-semaforo-luz-led-amarillo-30cm-fama\/#primaryimage\"},\"thumbnailUrl\":\"https:\/\/mivoot.com\/gt\/wp-content\/uploads\/2026\/04\/DXJD300-02.webp\",\"datePublished\":\"2026-04-11T00:02:19+00:00\",\"dateModified\":\"2026-04-11T00:03:42+00:00\",\"breadcrumb\":{\"@id\":\"https:\/\/mivoot.com\/gt\/producto\/repuesto-semaforo-luz-led-amarillo-30cm-fama\/#breadcrumb\"},\"inLanguage\":\"es\",\"potentialAction\":[{\"@type\":\"ReadAction\",\"target\":[\"https:\/\/mivoot.com\/gt\/producto\/repuesto-semaforo-luz-led-amarillo-30cm-fama\/\"]}]},{\"@type\":\"ImageObject\",\"inLanguage\":\"es\",\"@id\":\"https:\/\/mivoot.com\/gt\/producto\/repuesto-semaforo-luz-led-amarillo-30cm-fama\/#primaryimage\",\"url\":\"https:\/\/mivoot.com\/gt\/wp-content\/uploads\/2026\/04\/DXJD300-02.webp\",\"contentUrl\":\"https:\/\/mivoot.com\/gt\/wp-content\/uploads\/2026\/04\/DXJD300-02.webp\",\"width\":1000,\"height\":1000},{\"@type\":\"BreadcrumbList\",\"@id\":\"https:\/\/mivoot.com\/gt\/producto\/repuesto-semaforo-luz-led-amarillo-30cm-fama\/#breadcrumb\",\"itemListElement\":[{\"@type\":\"ListItem\",\"position\":1,\"name\":\"Inicio\",\"item\":\"https:\/\/mivoot.com\/gt\/\"},{\"@type\":\"ListItem\",\"position\":2,\"name\":\"Productos\",\"item\":\"https:\/\/mivoot.com\/gt\/producto\/\"},{\"@type\":\"ListItem\",\"position\":3,\"name\":\"FAMA\",\"item\":\"https:\/\/mivoot.com\/gt\/marca\/fama\/\"},{\"@type\":\"ListItem\",\"position\":4,\"name\":\"Repuesto Sem\u00e1foro Luz LED Amarillo 30cm FAMA\"}]},{\"@type\":\"WebSite\",\"@id\":\"https:\/\/mivoot.com\/gt\/#website\",\"url\":\"https:\/\/mivoot.com\/gt\/\",\"name\":\"Mivoot\",\"description\":\"Mivoot Guatemala | Tienda Online\",\"publisher\":{\"@id\":\"https:\/\/mivoot.com\/gt\/#organization\"},\"alternateName\":\"mivoot\",\"potentialAction\":[{\"@type\":\"SearchAction\",\"target\":{\"@type\":\"EntryPoint\",\"urlTemplate\":\"https:\/\/mivoot.com\/gt\/?s={search_term_string}\"},\"query-input\":{\"@type\":\"PropertyValueSpecification\",\"valueRequired\":true,\"valueName\":\"search_term_string\"}}],\"inLanguage\":\"es\"},{\"@type\":\"Organization\",\"@id\":\"https:\/\/mivoot.com\/gt\/#organization\",\"name\":\"Mivoot Guatemala\",\"alternateName\":\"mivoot.com\",\"url\":\"https:\/\/mivoot.com\/gt\/\",\"logo\":{\"@type\":\"ImageObject\",\"inLanguage\":\"es\",\"@id\":\"https:\/\/mivoot.com\/gt\/#\/schema\/logo\/image\/\",\"url\":\"https:\/\/mivoot.com\/gt\/wp-content\/uploads\/2023\/03\/cropped-icon.png\",\"contentUrl\":\"https:\/\/mivoot.com\/gt\/wp-content\/uploads\/2023\/03\/cropped-icon.png\",\"width\":512,\"height\":512,\"caption\":\"Mivoot Guatemala\"},\"image\":{\"@id\":\"https:\/\/mivoot.com\/gt\/#\/schema\/logo\/image\/\"},\"sameAs\":[\"https:\/\/www.facebook.com\/mivootgt\",\"https:\/\/instagram.com\/mivoot\"]}]}<\/script>\n<!-- \/ Yoast SEO Premium plugin. -->","yoast_head_json":{"title":"Repuesto Sem\u00e1foro Luz LED Amarillo 30cm FAMA - Mivoot","robots":{"index":"index","follow":"follow","max-snippet":"max-snippet:-1","max-image-preview":"max-image-preview:large","max-video-preview":"max-video-preview:-1"},"canonical":"https:\/\/mivoot.com\/gt\/producto\/repuesto-semaforo-luz-led-amarillo-30cm-fama\/","og_locale":"es_ES","og_type":"article","og_title":"Repuesto Sem\u00e1foro Luz LED Amarillo 30cm FAMA","og_description":"- Lente \u00f3ptica exclusiva y buena uniformidad de color. - Larga distancia de visualizaci\u00f3n - Carcasa de policarbonato - \u25a1Rojo \u25a1Amarillo \u25a1Verde - Color de la m\u00e1scara Transparente - Forma de la m\u00e1scara Redondo - Cantidad de LED R\/Y\/G: 31 piezas - Longitud de onda del LED - Rojo: 625 \u00b1 5 nm - Amarillo: 590 \u00b1 5 nm - Verde: 505 \u00b1 5 nm","og_url":"https:\/\/mivoot.com\/gt\/producto\/repuesto-semaforo-luz-led-amarillo-30cm-fama\/","og_site_name":"Mivoot","article_publisher":"https:\/\/www.facebook.com\/mivootgt","article_modified_time":"2026-04-11T00:03:42+00:00","og_image":[{"width":1000,"height":1000,"url":"https:\/\/mivoot.com\/gt\/wp-content\/uploads\/2026\/04\/DXJD300-02.webp","type":"image\/webp"}],"twitter_card":"summary_large_image","twitter_misc":{"Est. reading time":"2 minutos"},"schema":{"@context":"https:\/\/schema.org","@graph":[{"@type":"WebPage","@id":"https:\/\/mivoot.com\/gt\/producto\/repuesto-semaforo-luz-led-amarillo-30cm-fama\/","url":"https:\/\/mivoot.com\/gt\/producto\/repuesto-semaforo-luz-led-amarillo-30cm-fama\/","name":"Repuesto Sem\u00e1foro Luz LED Amarillo 30cm FAMA - Mivoot","isPartOf":{"@id":"https:\/\/mivoot.com\/gt\/#website"},"primaryImageOfPage":{"@id":"https:\/\/mivoot.com\/gt\/producto\/repuesto-semaforo-luz-led-amarillo-30cm-fama\/#primaryimage"},"image":{"@id":"https:\/\/mivoot.com\/gt\/producto\/repuesto-semaforo-luz-led-amarillo-30cm-fama\/#primaryimage"},"thumbnailUrl":"https:\/\/mivoot.com\/gt\/wp-content\/uploads\/2026\/04\/DXJD300-02.webp","datePublished":"2026-04-11T00:02:19+00:00","dateModified":"2026-04-11T00:03:42+00:00","breadcrumb":{"@id":"https:\/\/mivoot.com\/gt\/producto\/repuesto-semaforo-luz-led-amarillo-30cm-fama\/#breadcrumb"},"inLanguage":"es","potentialAction":[{"@type":"ReadAction","target":["https:\/\/mivoot.com\/gt\/producto\/repuesto-semaforo-luz-led-amarillo-30cm-fama\/"]}]},{"@type":"ImageObject","inLanguage":"es","@id":"https:\/\/mivoot.com\/gt\/producto\/repuesto-semaforo-luz-led-amarillo-30cm-fama\/#primaryimage","url":"https:\/\/mivoot.com\/gt\/wp-content\/uploads\/2026\/04\/DXJD300-02.webp","contentUrl":"https:\/\/mivoot.com\/gt\/wp-content\/uploads\/2026\/04\/DXJD300-02.webp","width":1000,"height":1000},{"@type":"BreadcrumbList","@id":"https:\/\/mivoot.com\/gt\/producto\/repuesto-semaforo-luz-led-amarillo-30cm-fama\/#breadcrumb","itemListElement":[{"@type":"ListItem","position":1,"name":"Inicio","item":"https:\/\/mivoot.com\/gt\/"},{"@type":"ListItem","position":2,"name":"Productos","item":"https:\/\/mivoot.com\/gt\/producto\/"},{"@type":"ListItem","position":3,"name":"FAMA","item":"https:\/\/mivoot.com\/gt\/marca\/fama\/"},{"@type":"ListItem","position":4,"name":"Repuesto Sem\u00e1foro Luz LED Amarillo 30cm FAMA"}]},{"@type":"WebSite","@id":"https:\/\/mivoot.com\/gt\/#website","url":"https:\/\/mivoot.com\/gt\/","name":"Mivoot","description":"Mivoot Guatemala | Tienda Online","publisher":{"@id":"https:\/\/mivoot.com\/gt\/#organization"},"alternateName":"mivoot","potentialAction":[{"@type":"SearchAction","target":{"@type":"EntryPoint","urlTemplate":"https:\/\/mivoot.com\/gt\/?s={search_term_string}"},"query-input":{"@type":"PropertyValueSpecification","valueRequired":true,"valueName":"search_term_string"}}],"inLanguage":"es"},{"@type":"Organization","@id":"https:\/\/mivoot.com\/gt\/#organization","name":"Mivoot Guatemala","alternateName":"mivoot.com","url":"https:\/\/mivoot.com\/gt\/","logo":{"@type":"ImageObject","inLanguage":"es","@id":"https:\/\/mivoot.com\/gt\/#\/schema\/logo\/image\/","url":"https:\/\/mivoot.com\/gt\/wp-content\/uploads\/2023\/03\/cropped-icon.png","contentUrl":"https:\/\/mivoot.com\/gt\/wp-content\/uploads\/2023\/03\/cropped-icon.png","width":512,"height":512,"caption":"Mivoot Guatemala"},"image":{"@id":"https:\/\/mivoot.com\/gt\/#\/schema\/logo\/image\/"},"sameAs":["https:\/\/www.facebook.com\/mivootgt","https:\/\/instagram.com\/mivoot"]}]}},"jetpack_publicize_connections":[],"jetpack_sharing_enabled":true,"brands":[{"id":671,"name":"FAMA","slug":"fama"}],"_links":{"self":[{"href":"https:\/\/mivoot.com\/gt\/wp-json\/wp\/v2\/product\/33059","targetHints":{"allow":["GET"]}}],"collection":[{"href":"https:\/\/mivoot.com\/gt\/wp-json\/wp\/v2\/product"}],"about":[{"href":"https:\/\/mivoot.com\/gt\/wp-json\/wp\/v2\/types\/product"}],"replies":[{"embeddable":true,"href":"https:\/\/mivoot.com\/gt\/wp-json\/wp\/v2\/comments?post=33059"}],"version-history":[{"count":1,"href":"https:\/\/mivoot.com\/gt\/wp-json\/wp\/v2\/product\/33059\/revisions"}],"predecessor-version":[{"id":33060,"href":"https:\/\/mivoot.com\/gt\/wp-json\/wp\/v2\/product\/33059\/revisions\/33060"}],"wp:featuredmedia":[{"embeddable":true,"href":"https:\/\/mivoot.com\/gt\/wp-json\/wp\/v2\/media\/33053"}],"wp:attachment":[{"href":"https:\/\/mivoot.com\/gt\/wp-json\/wp\/v2\/media?parent=33059"}],"wp:term":[{"taxonomy":"pwb-brand","embeddable":true,"href":"https:\/\/mivoot.com\/gt\/wp-json\/wp\/v2\/pwb-brand?post=33059"},{"taxonomy":"product_brand","embeddable":true,"href":"https:\/\/mivoot.com\/gt\/wp-json\/wp\/v2\/product_brand?post=33059"},{"taxonomy":"product_cat","embeddable":true,"href":"https:\/\/mivoot.com\/gt\/wp-json\/wp\/v2\/product_cat?post=33059"},{"taxonomy":"product_tag","embeddable":true,"href":"https:\/\/mivoot.com\/gt\/wp-json\/wp\/v2\/product_tag?post=33059"}],"curies":[{"name":"wp","href":"https:\/\/api.w.org\/{rel}","templated":true}]}}