{"id":33061,"date":"2026-04-10T18:12:20","date_gmt":"2026-04-11T00:12:20","guid":{"rendered":"https:\/\/mivoot.com\/gt\/?post_type=product&#038;p=33061"},"modified":"2026-04-10T18:12:21","modified_gmt":"2026-04-11T00:12:21","slug":"repuesto-semaforo-luz-led-conteo-regresivo-rojo-y-verde-30cms-fama","status":"publish","type":"product","link":"https:\/\/mivoot.com\/gt\/producto\/repuesto-semaforo-luz-led-conteo-regresivo-rojo-y-verde-30cms-fama\/","title":{"rendered":"Repuesto Sem\u00e1foro Luz LED Conteo Regresivo Rojo y Verde 30cms FAMA"},"content":{"rendered":"<h1 style=\"text-align: center;\">Repuesto Sem\u00e1foro Luz LED Conteo Regresivo Rojo y Verde 30cms FAMA<\/h1>\n<p>Carcasa de PC, carcasa de aluminio y carcasa de acero laminado en fr\u00edo para la opci\u00f3n.<\/p>\n<p>Sellos multicapa, a prueba de agua, a prueba de polvo, protecci\u00f3n contra rayos y sobretensiones, antivibraci\u00f3n y larga vida \u00fatil<\/p>\n<p>El circuito central adopta SCM, el temporizador de cuenta regresiva puede funcionar de manera estable mediante la adopci\u00f3n del software &#8220;Independent Clock Watchdog&#8221; y medidas anti-perturbaci\u00f3n del hardware.<\/p>\n<p><img decoding=\"async\" src=\"https:\/\/img001.video2b.com\/1904\/file_01679041888428.jpg?x-oss-process=image\/resize,m_lfit,w_1944\/format,webp\/quality,90\" \/><\/p>\n<table class=\"table table-bordered\" align=\"center\" data-sort=\"sortDisabled\">\n<thead>\n<tr class=\"firstRow\">\n<th align=\"center\" valign=\"middle\">Art\u00edculo<\/th>\n<th align=\"center\" valign=\"middle\">Par\u00e1metro t\u00e9cnico<\/th>\n<\/tr>\n<\/thead>\n<tbody>\n<tr>\n<td align=\"center\" valign=\"middle\">Luminoso<\/td>\n<td align=\"center\" valign=\"middle\">&gt;5000<\/td>\n<\/tr>\n<tr>\n<td align=\"center\" valign=\"middle\">Piezas de montaje<\/td>\n<td align=\"center\" valign=\"middle\">Temporizador rojo \/ Temporizador verde<\/td>\n<\/tr>\n<tr>\n<td align=\"center\" valign=\"middle\">Color<\/td>\n<td align=\"center\" valign=\"middle\">Rojo \/\u00a0Verde<\/td>\n<\/tr>\n<tr>\n<td colspan=\"1\" rowspan=\"1\" align=\"center\" valign=\"middle\">Cantidad de LED<\/td>\n<td colspan=\"1\" rowspan=\"1\" align=\"center\" valign=\"middle\">90 piezas<\/td>\n<\/tr>\n<tr>\n<td colspan=\"1\" rowspan=\"1\" align=\"center\" valign=\"middle\">Longitud de onda (nm)<\/td>\n<td colspan=\"1\" rowspan=\"1\" align=\"center\" valign=\"middle\">Rojo: 625\u00b15 \/\u00a0Verde: 505 \u00b1 5<\/td>\n<\/tr>\n<tr>\n<td colspan=\"1\" rowspan=\"1\" align=\"center\" valign=\"middle\">\u00c1ngulo visual<\/td>\n<td colspan=\"1\" rowspan=\"1\" align=\"center\" valign=\"middle\">30<\/td>\n<\/tr>\n<tr>\n<td colspan=\"1\" rowspan=\"1\" align=\"center\" valign=\"middle\">El consumo de energ\u00eda<\/td>\n<td colspan=\"1\" rowspan=\"1\" align=\"center\" valign=\"middle\">\u226420W<\/td>\n<\/tr>\n<tr>\n<td colspan=\"1\" rowspan=\"1\" align=\"center\" valign=\"middle\">Tama\u00f1o de embalaje<\/td>\n<td colspan=\"1\" rowspan=\"1\" align=\"center\" valign=\"middle\">0,52*0,40*0,19 m<\/td>\n<\/tr>\n<tr>\n<td colspan=\"1\" rowspan=\"1\" align=\"center\" valign=\"middle\">Cantidad<\/td>\n<td colspan=\"1\" rowspan=\"1\" align=\"center\" valign=\"middle\">1 unidad\/caja de cart\u00f3n<\/td>\n<\/tr>\n<tr>\n<td colspan=\"1\" rowspan=\"1\" align=\"center\" valign=\"middle\">Peso neto<\/td>\n<td colspan=\"1\" rowspan=\"1\" align=\"center\" valign=\"middle\">4kg<\/td>\n<\/tr>\n<tr>\n<td colspan=\"1\" rowspan=\"1\" align=\"center\" valign=\"middle\">Peso bruto<\/td>\n<td colspan=\"1\" rowspan=\"1\" align=\"center\" valign=\"middle\">5kg<\/td>\n<\/tr>\n<tr>\n<td colspan=\"1\" rowspan=\"1\" align=\"center\" valign=\"middle\">Envoltura<\/td>\n<td colspan=\"1\" rowspan=\"1\" align=\"center\" valign=\"middle\">Caja de cart\u00f3n K=K<\/td>\n<\/tr>\n<tr>\n<td colspan=\"1\" rowspan=\"1\" align=\"center\" valign=\"middle\">Volumen (m\u00b3)<\/td>\n<td colspan=\"1\" rowspan=\"1\" align=\"center\" valign=\"middle\">0.04<\/td>\n<\/tr>\n<\/tbody>\n<\/table>\n<p>&nbsp;<\/p>\n<p>&nbsp;<\/p>\n<p>&nbsp;<\/p>\n","protected":false},"excerpt":{"rendered":"<p>&#8211; Material de la carcasa: PC<br \/>\n&#8211; Voltaje de funcionamiento: DC12\/24V; AC85-265V 50HZ\/60HZ<br \/>\n&#8211; Temperatura: -40 \u2103~+80 \u2103<br \/>\n&#8211; CANTIDAD DE LED: Rojo 90 (piezas); Verde 90 (piezas)<br \/>\n&#8211; Certificaciones: CE (EN12368, LVD, EMC), GB14887-2011,<br \/>\n&#8211; IP65<\/p>\n","protected":false},"featured_media":33064,"comment_status":"open","ping_status":"closed","template":"","meta":{"jetpack_publicize_message":"","jetpack_publicize_feature_enabled":true,"jetpack_social_post_already_shared":true,"jetpack_social_options":{"image_generator_settings":{"template":"highway","default_image_id":0,"font":"","enabled":false},"version":2}},"pwb-brand":[671],"product_brand":[],"product_cat":[672],"product_tag":[],"class_list":{"0":"post-33061","1":"product","2":"type-product","3":"status-publish","4":"has-post-thumbnail","6":"pwb-brand-fama","7":"product_cat-control-de-senales-de-transito","9":"first","10":"instock","11":"taxable","12":"shipping-taxable","13":"product-type-simple"},"yoast_head":"<!-- This site is optimized with the Yoast SEO Premium plugin v25.7.1 (Yoast SEO v26.8) - https:\/\/yoast.com\/product\/yoast-seo-premium-wordpress\/ -->\n<title>Repuesto Sem\u00e1foro Luz LED Conteo Regresivo Rojo y Verde 30cms FAMA - Mivoot<\/title>\n<meta name=\"robots\" content=\"index, follow, max-snippet:-1, max-image-preview:large, max-video-preview:-1\" \/>\n<link rel=\"canonical\" href=\"https:\/\/mivoot.com\/gt\/producto\/repuesto-semaforo-luz-led-conteo-regresivo-rojo-y-verde-30cms-fama\/\" \/>\n<meta property=\"og:locale\" content=\"es_ES\" \/>\n<meta property=\"og:type\" content=\"article\" \/>\n<meta property=\"og:title\" content=\"Repuesto Sem\u00e1foro Luz LED Conteo Regresivo Rojo y Verde 30cms FAMA\" \/>\n<meta property=\"og:description\" content=\"- Material de la carcasa: PC - Voltaje de funcionamiento: DC12\/24V; AC85-265V 50HZ\/60HZ - Temperatura: -40 \u2103~+80 \u2103 - CANTIDAD DE LED: Rojo 90 (piezas); Verde 90 (piezas) - Certificaciones: CE (EN12368, LVD, EMC), GB14887-2011,  - IP65\" \/>\n<meta property=\"og:url\" content=\"https:\/\/mivoot.com\/gt\/producto\/repuesto-semaforo-luz-led-conteo-regresivo-rojo-y-verde-30cms-fama\/\" \/>\n<meta property=\"og:site_name\" content=\"Mivoot\" \/>\n<meta property=\"article:publisher\" content=\"https:\/\/www.facebook.com\/mivootgt\" \/>\n<meta property=\"article:modified_time\" content=\"2026-04-11T00:12:21+00:00\" \/>\n<meta property=\"og:image\" content=\"https:\/\/mivoot.com\/gt\/wp-content\/uploads\/2026\/04\/DX-S-X-1-300B2-02.webp\" \/>\n\t<meta property=\"og:image:width\" content=\"500\" \/>\n\t<meta property=\"og:image:height\" content=\"500\" \/>\n\t<meta property=\"og:image:type\" content=\"image\/webp\" \/>\n<meta name=\"twitter:card\" content=\"summary_large_image\" \/>\n<meta name=\"twitter:label1\" content=\"Est. reading time\" \/>\n\t<meta name=\"twitter:data1\" content=\"2 minutos\" \/>\n<script type=\"application\/ld+json\" class=\"yoast-schema-graph\">{\"@context\":\"https:\/\/schema.org\",\"@graph\":[{\"@type\":\"WebPage\",\"@id\":\"https:\/\/mivoot.com\/gt\/producto\/repuesto-semaforo-luz-led-conteo-regresivo-rojo-y-verde-30cms-fama\/\",\"url\":\"https:\/\/mivoot.com\/gt\/producto\/repuesto-semaforo-luz-led-conteo-regresivo-rojo-y-verde-30cms-fama\/\",\"name\":\"Repuesto Sem\u00e1foro Luz LED Conteo Regresivo Rojo y Verde 30cms FAMA - Mivoot\",\"isPartOf\":{\"@id\":\"https:\/\/mivoot.com\/gt\/#website\"},\"primaryImageOfPage\":{\"@id\":\"https:\/\/mivoot.com\/gt\/producto\/repuesto-semaforo-luz-led-conteo-regresivo-rojo-y-verde-30cms-fama\/#primaryimage\"},\"image\":{\"@id\":\"https:\/\/mivoot.com\/gt\/producto\/repuesto-semaforo-luz-led-conteo-regresivo-rojo-y-verde-30cms-fama\/#primaryimage\"},\"thumbnailUrl\":\"https:\/\/mivoot.com\/gt\/wp-content\/uploads\/2026\/04\/DX-S-X-1-300B2-02.webp\",\"datePublished\":\"2026-04-11T00:12:20+00:00\",\"dateModified\":\"2026-04-11T00:12:21+00:00\",\"breadcrumb\":{\"@id\":\"https:\/\/mivoot.com\/gt\/producto\/repuesto-semaforo-luz-led-conteo-regresivo-rojo-y-verde-30cms-fama\/#breadcrumb\"},\"inLanguage\":\"es\",\"potentialAction\":[{\"@type\":\"ReadAction\",\"target\":[\"https:\/\/mivoot.com\/gt\/producto\/repuesto-semaforo-luz-led-conteo-regresivo-rojo-y-verde-30cms-fama\/\"]}]},{\"@type\":\"ImageObject\",\"inLanguage\":\"es\",\"@id\":\"https:\/\/mivoot.com\/gt\/producto\/repuesto-semaforo-luz-led-conteo-regresivo-rojo-y-verde-30cms-fama\/#primaryimage\",\"url\":\"https:\/\/mivoot.com\/gt\/wp-content\/uploads\/2026\/04\/DX-S-X-1-300B2-02.webp\",\"contentUrl\":\"https:\/\/mivoot.com\/gt\/wp-content\/uploads\/2026\/04\/DX-S-X-1-300B2-02.webp\",\"width\":500,\"height\":500},{\"@type\":\"BreadcrumbList\",\"@id\":\"https:\/\/mivoot.com\/gt\/producto\/repuesto-semaforo-luz-led-conteo-regresivo-rojo-y-verde-30cms-fama\/#breadcrumb\",\"itemListElement\":[{\"@type\":\"ListItem\",\"position\":1,\"name\":\"Inicio\",\"item\":\"https:\/\/mivoot.com\/gt\/\"},{\"@type\":\"ListItem\",\"position\":2,\"name\":\"Productos\",\"item\":\"https:\/\/mivoot.com\/gt\/producto\/\"},{\"@type\":\"ListItem\",\"position\":3,\"name\":\"FAMA\",\"item\":\"https:\/\/mivoot.com\/gt\/marca\/fama\/\"},{\"@type\":\"ListItem\",\"position\":4,\"name\":\"Repuesto Sem\u00e1foro Luz LED Conteo Regresivo Rojo y Verde 30cms FAMA\"}]},{\"@type\":\"WebSite\",\"@id\":\"https:\/\/mivoot.com\/gt\/#website\",\"url\":\"https:\/\/mivoot.com\/gt\/\",\"name\":\"Mivoot\",\"description\":\"Mivoot Guatemala | Tienda Online\",\"publisher\":{\"@id\":\"https:\/\/mivoot.com\/gt\/#organization\"},\"alternateName\":\"mivoot\",\"potentialAction\":[{\"@type\":\"SearchAction\",\"target\":{\"@type\":\"EntryPoint\",\"urlTemplate\":\"https:\/\/mivoot.com\/gt\/?s={search_term_string}\"},\"query-input\":{\"@type\":\"PropertyValueSpecification\",\"valueRequired\":true,\"valueName\":\"search_term_string\"}}],\"inLanguage\":\"es\"},{\"@type\":\"Organization\",\"@id\":\"https:\/\/mivoot.com\/gt\/#organization\",\"name\":\"Mivoot Guatemala\",\"alternateName\":\"mivoot.com\",\"url\":\"https:\/\/mivoot.com\/gt\/\",\"logo\":{\"@type\":\"ImageObject\",\"inLanguage\":\"es\",\"@id\":\"https:\/\/mivoot.com\/gt\/#\/schema\/logo\/image\/\",\"url\":\"https:\/\/mivoot.com\/gt\/wp-content\/uploads\/2023\/03\/cropped-icon.png\",\"contentUrl\":\"https:\/\/mivoot.com\/gt\/wp-content\/uploads\/2023\/03\/cropped-icon.png\",\"width\":512,\"height\":512,\"caption\":\"Mivoot Guatemala\"},\"image\":{\"@id\":\"https:\/\/mivoot.com\/gt\/#\/schema\/logo\/image\/\"},\"sameAs\":[\"https:\/\/www.facebook.com\/mivootgt\",\"https:\/\/instagram.com\/mivoot\"]}]}<\/script>\n<!-- \/ Yoast SEO Premium plugin. -->","yoast_head_json":{"title":"Repuesto Sem\u00e1foro Luz LED Conteo Regresivo Rojo y Verde 30cms FAMA - Mivoot","robots":{"index":"index","follow":"follow","max-snippet":"max-snippet:-1","max-image-preview":"max-image-preview:large","max-video-preview":"max-video-preview:-1"},"canonical":"https:\/\/mivoot.com\/gt\/producto\/repuesto-semaforo-luz-led-conteo-regresivo-rojo-y-verde-30cms-fama\/","og_locale":"es_ES","og_type":"article","og_title":"Repuesto Sem\u00e1foro Luz LED Conteo Regresivo Rojo y Verde 30cms FAMA","og_description":"- Material de la carcasa: PC - Voltaje de funcionamiento: DC12\/24V; AC85-265V 50HZ\/60HZ - Temperatura: -40 \u2103~+80 \u2103 - CANTIDAD DE LED: Rojo 90 (piezas); Verde 90 (piezas) - Certificaciones: CE (EN12368, LVD, EMC), GB14887-2011,  - IP65","og_url":"https:\/\/mivoot.com\/gt\/producto\/repuesto-semaforo-luz-led-conteo-regresivo-rojo-y-verde-30cms-fama\/","og_site_name":"Mivoot","article_publisher":"https:\/\/www.facebook.com\/mivootgt","article_modified_time":"2026-04-11T00:12:21+00:00","og_image":[{"width":500,"height":500,"url":"https:\/\/mivoot.com\/gt\/wp-content\/uploads\/2026\/04\/DX-S-X-1-300B2-02.webp","type":"image\/webp"}],"twitter_card":"summary_large_image","twitter_misc":{"Est. reading time":"2 minutos"},"schema":{"@context":"https:\/\/schema.org","@graph":[{"@type":"WebPage","@id":"https:\/\/mivoot.com\/gt\/producto\/repuesto-semaforo-luz-led-conteo-regresivo-rojo-y-verde-30cms-fama\/","url":"https:\/\/mivoot.com\/gt\/producto\/repuesto-semaforo-luz-led-conteo-regresivo-rojo-y-verde-30cms-fama\/","name":"Repuesto Sem\u00e1foro Luz LED Conteo Regresivo Rojo y Verde 30cms FAMA - Mivoot","isPartOf":{"@id":"https:\/\/mivoot.com\/gt\/#website"},"primaryImageOfPage":{"@id":"https:\/\/mivoot.com\/gt\/producto\/repuesto-semaforo-luz-led-conteo-regresivo-rojo-y-verde-30cms-fama\/#primaryimage"},"image":{"@id":"https:\/\/mivoot.com\/gt\/producto\/repuesto-semaforo-luz-led-conteo-regresivo-rojo-y-verde-30cms-fama\/#primaryimage"},"thumbnailUrl":"https:\/\/mivoot.com\/gt\/wp-content\/uploads\/2026\/04\/DX-S-X-1-300B2-02.webp","datePublished":"2026-04-11T00:12:20+00:00","dateModified":"2026-04-11T00:12:21+00:00","breadcrumb":{"@id":"https:\/\/mivoot.com\/gt\/producto\/repuesto-semaforo-luz-led-conteo-regresivo-rojo-y-verde-30cms-fama\/#breadcrumb"},"inLanguage":"es","potentialAction":[{"@type":"ReadAction","target":["https:\/\/mivoot.com\/gt\/producto\/repuesto-semaforo-luz-led-conteo-regresivo-rojo-y-verde-30cms-fama\/"]}]},{"@type":"ImageObject","inLanguage":"es","@id":"https:\/\/mivoot.com\/gt\/producto\/repuesto-semaforo-luz-led-conteo-regresivo-rojo-y-verde-30cms-fama\/#primaryimage","url":"https:\/\/mivoot.com\/gt\/wp-content\/uploads\/2026\/04\/DX-S-X-1-300B2-02.webp","contentUrl":"https:\/\/mivoot.com\/gt\/wp-content\/uploads\/2026\/04\/DX-S-X-1-300B2-02.webp","width":500,"height":500},{"@type":"BreadcrumbList","@id":"https:\/\/mivoot.com\/gt\/producto\/repuesto-semaforo-luz-led-conteo-regresivo-rojo-y-verde-30cms-fama\/#breadcrumb","itemListElement":[{"@type":"ListItem","position":1,"name":"Inicio","item":"https:\/\/mivoot.com\/gt\/"},{"@type":"ListItem","position":2,"name":"Productos","item":"https:\/\/mivoot.com\/gt\/producto\/"},{"@type":"ListItem","position":3,"name":"FAMA","item":"https:\/\/mivoot.com\/gt\/marca\/fama\/"},{"@type":"ListItem","position":4,"name":"Repuesto Sem\u00e1foro Luz LED Conteo Regresivo Rojo y Verde 30cms FAMA"}]},{"@type":"WebSite","@id":"https:\/\/mivoot.com\/gt\/#website","url":"https:\/\/mivoot.com\/gt\/","name":"Mivoot","description":"Mivoot Guatemala | Tienda Online","publisher":{"@id":"https:\/\/mivoot.com\/gt\/#organization"},"alternateName":"mivoot","potentialAction":[{"@type":"SearchAction","target":{"@type":"EntryPoint","urlTemplate":"https:\/\/mivoot.com\/gt\/?s={search_term_string}"},"query-input":{"@type":"PropertyValueSpecification","valueRequired":true,"valueName":"search_term_string"}}],"inLanguage":"es"},{"@type":"Organization","@id":"https:\/\/mivoot.com\/gt\/#organization","name":"Mivoot Guatemala","alternateName":"mivoot.com","url":"https:\/\/mivoot.com\/gt\/","logo":{"@type":"ImageObject","inLanguage":"es","@id":"https:\/\/mivoot.com\/gt\/#\/schema\/logo\/image\/","url":"https:\/\/mivoot.com\/gt\/wp-content\/uploads\/2023\/03\/cropped-icon.png","contentUrl":"https:\/\/mivoot.com\/gt\/wp-content\/uploads\/2023\/03\/cropped-icon.png","width":512,"height":512,"caption":"Mivoot Guatemala"},"image":{"@id":"https:\/\/mivoot.com\/gt\/#\/schema\/logo\/image\/"},"sameAs":["https:\/\/www.facebook.com\/mivootgt","https:\/\/instagram.com\/mivoot"]}]}},"jetpack_publicize_connections":[],"jetpack_sharing_enabled":true,"brands":[{"id":671,"name":"FAMA","slug":"fama"}],"_links":{"self":[{"href":"https:\/\/mivoot.com\/gt\/wp-json\/wp\/v2\/product\/33061","targetHints":{"allow":["GET"]}}],"collection":[{"href":"https:\/\/mivoot.com\/gt\/wp-json\/wp\/v2\/product"}],"about":[{"href":"https:\/\/mivoot.com\/gt\/wp-json\/wp\/v2\/types\/product"}],"replies":[{"embeddable":true,"href":"https:\/\/mivoot.com\/gt\/wp-json\/wp\/v2\/comments?post=33061"}],"version-history":[{"count":1,"href":"https:\/\/mivoot.com\/gt\/wp-json\/wp\/v2\/product\/33061\/revisions"}],"predecessor-version":[{"id":33067,"href":"https:\/\/mivoot.com\/gt\/wp-json\/wp\/v2\/product\/33061\/revisions\/33067"}],"wp:featuredmedia":[{"embeddable":true,"href":"https:\/\/mivoot.com\/gt\/wp-json\/wp\/v2\/media\/33064"}],"wp:attachment":[{"href":"https:\/\/mivoot.com\/gt\/wp-json\/wp\/v2\/media?parent=33061"}],"wp:term":[{"taxonomy":"pwb-brand","embeddable":true,"href":"https:\/\/mivoot.com\/gt\/wp-json\/wp\/v2\/pwb-brand?post=33061"},{"taxonomy":"product_brand","embeddable":true,"href":"https:\/\/mivoot.com\/gt\/wp-json\/wp\/v2\/product_brand?post=33061"},{"taxonomy":"product_cat","embeddable":true,"href":"https:\/\/mivoot.com\/gt\/wp-json\/wp\/v2\/product_cat?post=33061"},{"taxonomy":"product_tag","embeddable":true,"href":"https:\/\/mivoot.com\/gt\/wp-json\/wp\/v2\/product_tag?post=33061"}],"curies":[{"name":"wp","href":"https:\/\/api.w.org\/{rel}","templated":true}]}}