{"id":33068,"date":"2026-04-10T18:23:46","date_gmt":"2026-04-11T00:23:46","guid":{"rendered":"https:\/\/mivoot.com\/gt\/?post_type=product&#038;p=33068"},"modified":"2026-04-13T17:28:22","modified_gmt":"2026-04-13T23:28:22","slug":"freidora-profesional-doble-canasta-12l-electrica-acero-inoxidable-mivoot-marigold","status":"publish","type":"product","link":"https:\/\/mivoot.com\/gt\/producto\/freidora-profesional-doble-canasta-12l-electrica-acero-inoxidable-mivoot-marigold\/","title":{"rendered":"Freidora Profesional Doble Canasta 12L El\u00e9ctrica Acero Inoxidable mivoot Marigold"},"content":{"rendered":"<h1 style=\"text-align: center;\">Freidora Profesional Doble Cesta Electrica 12L Acero Inoxidable Marigold<\/h1>\n<div class=\"\">\n<div class=\"br-button-wrapper\">\n<div>\n<div>\n<div id=\"brxsaas:productAttributes-n6Wc0\" class=\"content-block\" data-v-6c8416b5=\"\">\n<div class=\"product-description__container\" data-v-6c8416b5=\"\">\n<div data-v-9f4b94be=\"\" data-v-6c8416b5=\"\">\n<div data-v-9f4b94be=\"\">\n<p class=\"items-data\" data-v-9f4b94be=\"\">Esta freidora es ideal para la preparaci\u00f3n de alimentos fritos, en uso dom\u00e9stico intensivo o en entornos gastron\u00f3micos como restaurantes, cafeter\u00edas y negocios de comida r\u00e1pida. Su dise\u00f1o incorpora dos cestas independientes que permiten fre\u00edr diferentes alimentos al mismo tiempo, como papas fritas, pollo, mariscos o snacks, optimizando el tiempo de cocci\u00f3n y aumentando la productividad en la cocina. Est\u00e1 fabricada con una estructura de acero inoxidable resistente a la corrosi\u00f3n, lo que facilita la limpieza y garantiza una mayor durabilidad incluso en ambientes de alta temperatura.<\/p>\n<\/div>\n<\/div>\n<\/div>\n<\/div>\n<\/div>\n<\/div>\n<\/div>\n<\/div>\n<p><span class=\"a-list-item\">Cabezales el\u00e9ctricos dobles y enchufes de alimentaci\u00f3n para una sola aplicaci\u00f3n de tanque de gran capacidad, <\/span><span class=\"a-list-item\">Construcci\u00f3n de acero inoxidable resistente. Termostatos para un ajuste preciso de la temperatura<\/span><\/p>\n<ul>\n<li>&#8211; Potencia m\u00e1xima: 5000W (2500W para cada cabeza)<\/li>\n<li>Capacidad del tanque: 12.7QT\/12L<\/li>\n<li>Voltaje: 110V<\/li>\n<li>Frecuencia: 60Hz<\/li>\n<li>Rango de temperatura: 60? &#8211; \u00bf200? (55.1 in) &#8211; 392?)<\/li>\n<li>Dimensiones totales: 21.7 x 17.3 x 12.2 pulgadas (largo x ancho x alto).<\/li>\n<li>Dimensiones del tanque: (11.8 x 9.5 x 5.9)&#8221; \/ (30 x 24 x 15) cm (largo x ancho x alto).<\/li>\n<li>Dimensiones de la cesta: (8.3 x 7.3 x 4.1)&#8221; \/ (21 x 18.5 x 10.5) cm (largo x ancho x alto).<\/li>\n<li>Longitud del mango: 8.5 in.<\/li>\n<li>Longitud del cable de alimentaci\u00f3n: 4.6 ft<\/li>\n<li>Peso: 15.43 lbs \/ 7kg<\/li>\n<\/ul>\n<p><img decoding=\"async\" src=\"https:\/\/m.media-amazon.com\/images\/I\/71Be6c7gL7L._AC_SL1500_.jpg\" \/><img decoding=\"async\" src=\"https:\/\/m.media-amazon.com\/images\/I\/71-jXHHX37L._AC_SL1500_.jpg\" \/><\/p>\n","protected":false},"excerpt":{"rendered":"<p>&#8211; Potencia m\u00e1xima: 5000W (2500W para cada cabeza)<br \/>\n&#8211; Capacidad del tanque: 12.7QT\/12L<br \/>\n&#8211; Voltaje: 110V<br \/>\n&#8211; Frecuencia: 60Hz<br \/>\n&#8211; Rango de temperatura: 60? &#8211; \u00bf200? (55.1 in) &#8211; 392?)<br \/>\n&#8211; Dimensiones totales: 21.7 x 17.3 x 12.2 pulgadas (largo x ancho x alto).<br \/>\n&#8211; Dimensiones del tanque: (11.8 x 9.5 x 5.9)&#8221; \/ (30 x 24 x 15) cm (largo x ancho x alto).<br \/>\n&#8211; Dimensiones de la cesta: (8.3 x 7.3 x 4.1)&#8221; \/ (21 x 18.5 x 10.5) cm (largo x ancho x alto).<br \/>\n&#8211; Longitud del mango: 8.5 in.<br \/>\n&#8211; Longitud del cable de alimentaci\u00f3n: 4.6 ft<br \/>\n&#8211; Peso: 15.43 lbs \/ 7kg<\/p>\n","protected":false},"featured_media":33073,"comment_status":"open","ping_status":"closed","template":"","meta":{"jetpack_publicize_message":"","jetpack_publicize_feature_enabled":true,"jetpack_social_post_already_shared":true,"jetpack_social_options":{"image_generator_settings":{"template":"highway","default_image_id":0,"font":"","enabled":false},"version":2}},"pwb-brand":[343],"product_brand":[],"product_cat":[586],"product_tag":[],"class_list":{"0":"post-33068","1":"product","2":"type-product","3":"status-publish","4":"has-post-thumbnail","6":"pwb-brand-mivoot","7":"product_cat-freidoras-de-aire","9":"first","10":"instock","11":"taxable","12":"shipping-taxable","13":"purchasable","14":"product-type-simple"},"yoast_head":"<!-- This site is optimized with the Yoast SEO Premium plugin v25.7.1 (Yoast SEO v26.8) - https:\/\/yoast.com\/product\/yoast-seo-premium-wordpress\/ -->\n<title>Freidora Profesional Doble Canasta 12L El\u00e9ctrica Acero Inoxidable mivoot Marigold - Mivoot<\/title>\n<meta name=\"robots\" content=\"index, follow, max-snippet:-1, max-image-preview:large, max-video-preview:-1\" \/>\n<link rel=\"canonical\" href=\"https:\/\/mivoot.com\/gt\/producto\/freidora-profesional-doble-canasta-12l-electrica-acero-inoxidable-mivoot-marigold\/\" \/>\n<meta property=\"og:locale\" content=\"es_ES\" \/>\n<meta property=\"og:type\" content=\"article\" \/>\n<meta property=\"og:title\" content=\"Freidora Profesional Doble Canasta 12L El\u00e9ctrica Acero Inoxidable mivoot Marigold\" \/>\n<meta property=\"og:description\" content=\"- Potencia m\u00e1xima: 5000W (2500W para cada cabeza) - Capacidad del tanque: 12.7QT\/12L - Voltaje: 110V - Frecuencia: 60Hz - Rango de temperatura: 60? - \u00bf200? (55.1 in) - 392?) - Dimensiones totales: 21.7 x 17.3 x 12.2 pulgadas (largo x ancho x alto). - Dimensiones del tanque: (11.8 x 9.5 x 5.9)&quot; \/ (30 x 24 x 15) cm (largo x ancho x alto). - Dimensiones de la cesta: (8.3 x 7.3 x 4.1)&quot; \/ (21 x 18.5 x 10.5) cm (largo x ancho x alto). - Longitud del mango: 8.5 in. - Longitud del cable de alimentaci\u00f3n: 4.6 ft - Peso: 15.43 lbs \/ 7kg\" \/>\n<meta property=\"og:url\" content=\"https:\/\/mivoot.com\/gt\/producto\/freidora-profesional-doble-canasta-12l-electrica-acero-inoxidable-mivoot-marigold\/\" \/>\n<meta property=\"og:site_name\" content=\"Mivoot\" \/>\n<meta property=\"article:publisher\" content=\"https:\/\/www.facebook.com\/mivootgt\" \/>\n<meta property=\"article:modified_time\" content=\"2026-04-13T23:28:22+00:00\" \/>\n<meta property=\"og:image\" content=\"https:\/\/mivoot.com\/gt\/wp-content\/uploads\/2026\/04\/marigol-freidora-03.jpg\" \/>\n\t<meta property=\"og:image:width\" content=\"1024\" \/>\n\t<meta property=\"og:image:height\" content=\"1024\" \/>\n\t<meta property=\"og:image:type\" content=\"image\/jpeg\" \/>\n<meta name=\"twitter:card\" content=\"summary_large_image\" \/>\n<meta name=\"twitter:label1\" content=\"Est. reading time\" \/>\n\t<meta name=\"twitter:data1\" content=\"2 minutos\" \/>\n<script type=\"application\/ld+json\" class=\"yoast-schema-graph\">{\"@context\":\"https:\/\/schema.org\",\"@graph\":[{\"@type\":\"WebPage\",\"@id\":\"https:\/\/mivoot.com\/gt\/producto\/freidora-profesional-doble-canasta-12l-electrica-acero-inoxidable-mivoot-marigold\/\",\"url\":\"https:\/\/mivoot.com\/gt\/producto\/freidora-profesional-doble-canasta-12l-electrica-acero-inoxidable-mivoot-marigold\/\",\"name\":\"Freidora Profesional Doble Canasta 12L El\u00e9ctrica Acero Inoxidable mivoot Marigold - Mivoot\",\"isPartOf\":{\"@id\":\"https:\/\/mivoot.com\/gt\/#website\"},\"primaryImageOfPage\":{\"@id\":\"https:\/\/mivoot.com\/gt\/producto\/freidora-profesional-doble-canasta-12l-electrica-acero-inoxidable-mivoot-marigold\/#primaryimage\"},\"image\":{\"@id\":\"https:\/\/mivoot.com\/gt\/producto\/freidora-profesional-doble-canasta-12l-electrica-acero-inoxidable-mivoot-marigold\/#primaryimage\"},\"thumbnailUrl\":\"https:\/\/mivoot.com\/gt\/wp-content\/uploads\/2026\/04\/marigol-freidora-03.jpg\",\"datePublished\":\"2026-04-11T00:23:46+00:00\",\"dateModified\":\"2026-04-13T23:28:22+00:00\",\"breadcrumb\":{\"@id\":\"https:\/\/mivoot.com\/gt\/producto\/freidora-profesional-doble-canasta-12l-electrica-acero-inoxidable-mivoot-marigold\/#breadcrumb\"},\"inLanguage\":\"es\",\"potentialAction\":[{\"@type\":\"ReadAction\",\"target\":[\"https:\/\/mivoot.com\/gt\/producto\/freidora-profesional-doble-canasta-12l-electrica-acero-inoxidable-mivoot-marigold\/\"]}]},{\"@type\":\"ImageObject\",\"inLanguage\":\"es\",\"@id\":\"https:\/\/mivoot.com\/gt\/producto\/freidora-profesional-doble-canasta-12l-electrica-acero-inoxidable-mivoot-marigold\/#primaryimage\",\"url\":\"https:\/\/mivoot.com\/gt\/wp-content\/uploads\/2026\/04\/marigol-freidora-03.jpg\",\"contentUrl\":\"https:\/\/mivoot.com\/gt\/wp-content\/uploads\/2026\/04\/marigol-freidora-03.jpg\",\"width\":1024,\"height\":1024},{\"@type\":\"BreadcrumbList\",\"@id\":\"https:\/\/mivoot.com\/gt\/producto\/freidora-profesional-doble-canasta-12l-electrica-acero-inoxidable-mivoot-marigold\/#breadcrumb\",\"itemListElement\":[{\"@type\":\"ListItem\",\"position\":1,\"name\":\"Inicio\",\"item\":\"https:\/\/mivoot.com\/gt\/\"},{\"@type\":\"ListItem\",\"position\":2,\"name\":\"Productos\",\"item\":\"https:\/\/mivoot.com\/gt\/producto\/\"},{\"@type\":\"ListItem\",\"position\":3,\"name\":\"Mivoot\",\"item\":\"https:\/\/mivoot.com\/gt\/marca\/mivoot\/\"},{\"@type\":\"ListItem\",\"position\":4,\"name\":\"Freidora Profesional Doble Canasta 12L El\u00e9ctrica Acero Inoxidable mivoot Marigold\"}]},{\"@type\":\"WebSite\",\"@id\":\"https:\/\/mivoot.com\/gt\/#website\",\"url\":\"https:\/\/mivoot.com\/gt\/\",\"name\":\"Mivoot\",\"description\":\"Mivoot Guatemala | Tienda Online\",\"publisher\":{\"@id\":\"https:\/\/mivoot.com\/gt\/#organization\"},\"alternateName\":\"mivoot\",\"potentialAction\":[{\"@type\":\"SearchAction\",\"target\":{\"@type\":\"EntryPoint\",\"urlTemplate\":\"https:\/\/mivoot.com\/gt\/?s={search_term_string}\"},\"query-input\":{\"@type\":\"PropertyValueSpecification\",\"valueRequired\":true,\"valueName\":\"search_term_string\"}}],\"inLanguage\":\"es\"},{\"@type\":\"Organization\",\"@id\":\"https:\/\/mivoot.com\/gt\/#organization\",\"name\":\"Mivoot Guatemala\",\"alternateName\":\"mivoot.com\",\"url\":\"https:\/\/mivoot.com\/gt\/\",\"logo\":{\"@type\":\"ImageObject\",\"inLanguage\":\"es\",\"@id\":\"https:\/\/mivoot.com\/gt\/#\/schema\/logo\/image\/\",\"url\":\"https:\/\/mivoot.com\/gt\/wp-content\/uploads\/2023\/03\/cropped-icon.png\",\"contentUrl\":\"https:\/\/mivoot.com\/gt\/wp-content\/uploads\/2023\/03\/cropped-icon.png\",\"width\":512,\"height\":512,\"caption\":\"Mivoot Guatemala\"},\"image\":{\"@id\":\"https:\/\/mivoot.com\/gt\/#\/schema\/logo\/image\/\"},\"sameAs\":[\"https:\/\/www.facebook.com\/mivootgt\",\"https:\/\/instagram.com\/mivoot\"]}]}<\/script>\n<!-- \/ Yoast SEO Premium plugin. -->","yoast_head_json":{"title":"Freidora Profesional Doble Canasta 12L El\u00e9ctrica Acero Inoxidable mivoot Marigold - Mivoot","robots":{"index":"index","follow":"follow","max-snippet":"max-snippet:-1","max-image-preview":"max-image-preview:large","max-video-preview":"max-video-preview:-1"},"canonical":"https:\/\/mivoot.com\/gt\/producto\/freidora-profesional-doble-canasta-12l-electrica-acero-inoxidable-mivoot-marigold\/","og_locale":"es_ES","og_type":"article","og_title":"Freidora Profesional Doble Canasta 12L El\u00e9ctrica Acero Inoxidable mivoot Marigold","og_description":"- Potencia m\u00e1xima: 5000W (2500W para cada cabeza) - Capacidad del tanque: 12.7QT\/12L - Voltaje: 110V - Frecuencia: 60Hz - Rango de temperatura: 60? - \u00bf200? (55.1 in) - 392?) - Dimensiones totales: 21.7 x 17.3 x 12.2 pulgadas (largo x ancho x alto). - Dimensiones del tanque: (11.8 x 9.5 x 5.9)\" \/ (30 x 24 x 15) cm (largo x ancho x alto). - Dimensiones de la cesta: (8.3 x 7.3 x 4.1)\" \/ (21 x 18.5 x 10.5) cm (largo x ancho x alto). - Longitud del mango: 8.5 in. - Longitud del cable de alimentaci\u00f3n: 4.6 ft - Peso: 15.43 lbs \/ 7kg","og_url":"https:\/\/mivoot.com\/gt\/producto\/freidora-profesional-doble-canasta-12l-electrica-acero-inoxidable-mivoot-marigold\/","og_site_name":"Mivoot","article_publisher":"https:\/\/www.facebook.com\/mivootgt","article_modified_time":"2026-04-13T23:28:22+00:00","og_image":[{"width":1024,"height":1024,"url":"https:\/\/mivoot.com\/gt\/wp-content\/uploads\/2026\/04\/marigol-freidora-03.jpg","type":"image\/jpeg"}],"twitter_card":"summary_large_image","twitter_misc":{"Est. reading time":"2 minutos"},"schema":{"@context":"https:\/\/schema.org","@graph":[{"@type":"WebPage","@id":"https:\/\/mivoot.com\/gt\/producto\/freidora-profesional-doble-canasta-12l-electrica-acero-inoxidable-mivoot-marigold\/","url":"https:\/\/mivoot.com\/gt\/producto\/freidora-profesional-doble-canasta-12l-electrica-acero-inoxidable-mivoot-marigold\/","name":"Freidora Profesional Doble Canasta 12L El\u00e9ctrica Acero Inoxidable mivoot Marigold - Mivoot","isPartOf":{"@id":"https:\/\/mivoot.com\/gt\/#website"},"primaryImageOfPage":{"@id":"https:\/\/mivoot.com\/gt\/producto\/freidora-profesional-doble-canasta-12l-electrica-acero-inoxidable-mivoot-marigold\/#primaryimage"},"image":{"@id":"https:\/\/mivoot.com\/gt\/producto\/freidora-profesional-doble-canasta-12l-electrica-acero-inoxidable-mivoot-marigold\/#primaryimage"},"thumbnailUrl":"https:\/\/mivoot.com\/gt\/wp-content\/uploads\/2026\/04\/marigol-freidora-03.jpg","datePublished":"2026-04-11T00:23:46+00:00","dateModified":"2026-04-13T23:28:22+00:00","breadcrumb":{"@id":"https:\/\/mivoot.com\/gt\/producto\/freidora-profesional-doble-canasta-12l-electrica-acero-inoxidable-mivoot-marigold\/#breadcrumb"},"inLanguage":"es","potentialAction":[{"@type":"ReadAction","target":["https:\/\/mivoot.com\/gt\/producto\/freidora-profesional-doble-canasta-12l-electrica-acero-inoxidable-mivoot-marigold\/"]}]},{"@type":"ImageObject","inLanguage":"es","@id":"https:\/\/mivoot.com\/gt\/producto\/freidora-profesional-doble-canasta-12l-electrica-acero-inoxidable-mivoot-marigold\/#primaryimage","url":"https:\/\/mivoot.com\/gt\/wp-content\/uploads\/2026\/04\/marigol-freidora-03.jpg","contentUrl":"https:\/\/mivoot.com\/gt\/wp-content\/uploads\/2026\/04\/marigol-freidora-03.jpg","width":1024,"height":1024},{"@type":"BreadcrumbList","@id":"https:\/\/mivoot.com\/gt\/producto\/freidora-profesional-doble-canasta-12l-electrica-acero-inoxidable-mivoot-marigold\/#breadcrumb","itemListElement":[{"@type":"ListItem","position":1,"name":"Inicio","item":"https:\/\/mivoot.com\/gt\/"},{"@type":"ListItem","position":2,"name":"Productos","item":"https:\/\/mivoot.com\/gt\/producto\/"},{"@type":"ListItem","position":3,"name":"Mivoot","item":"https:\/\/mivoot.com\/gt\/marca\/mivoot\/"},{"@type":"ListItem","position":4,"name":"Freidora Profesional Doble Canasta 12L El\u00e9ctrica Acero Inoxidable mivoot Marigold"}]},{"@type":"WebSite","@id":"https:\/\/mivoot.com\/gt\/#website","url":"https:\/\/mivoot.com\/gt\/","name":"Mivoot","description":"Mivoot Guatemala | Tienda Online","publisher":{"@id":"https:\/\/mivoot.com\/gt\/#organization"},"alternateName":"mivoot","potentialAction":[{"@type":"SearchAction","target":{"@type":"EntryPoint","urlTemplate":"https:\/\/mivoot.com\/gt\/?s={search_term_string}"},"query-input":{"@type":"PropertyValueSpecification","valueRequired":true,"valueName":"search_term_string"}}],"inLanguage":"es"},{"@type":"Organization","@id":"https:\/\/mivoot.com\/gt\/#organization","name":"Mivoot Guatemala","alternateName":"mivoot.com","url":"https:\/\/mivoot.com\/gt\/","logo":{"@type":"ImageObject","inLanguage":"es","@id":"https:\/\/mivoot.com\/gt\/#\/schema\/logo\/image\/","url":"https:\/\/mivoot.com\/gt\/wp-content\/uploads\/2023\/03\/cropped-icon.png","contentUrl":"https:\/\/mivoot.com\/gt\/wp-content\/uploads\/2023\/03\/cropped-icon.png","width":512,"height":512,"caption":"Mivoot Guatemala"},"image":{"@id":"https:\/\/mivoot.com\/gt\/#\/schema\/logo\/image\/"},"sameAs":["https:\/\/www.facebook.com\/mivootgt","https:\/\/instagram.com\/mivoot"]}]}},"jetpack_publicize_connections":[],"jetpack_sharing_enabled":true,"brands":[{"id":343,"name":"Mivoot","slug":"mivoot"}],"_links":{"self":[{"href":"https:\/\/mivoot.com\/gt\/wp-json\/wp\/v2\/product\/33068","targetHints":{"allow":["GET"]}}],"collection":[{"href":"https:\/\/mivoot.com\/gt\/wp-json\/wp\/v2\/product"}],"about":[{"href":"https:\/\/mivoot.com\/gt\/wp-json\/wp\/v2\/types\/product"}],"replies":[{"embeddable":true,"href":"https:\/\/mivoot.com\/gt\/wp-json\/wp\/v2\/comments?post=33068"}],"version-history":[{"count":1,"href":"https:\/\/mivoot.com\/gt\/wp-json\/wp\/v2\/product\/33068\/revisions"}],"predecessor-version":[{"id":33075,"href":"https:\/\/mivoot.com\/gt\/wp-json\/wp\/v2\/product\/33068\/revisions\/33075"}],"wp:featuredmedia":[{"embeddable":true,"href":"https:\/\/mivoot.com\/gt\/wp-json\/wp\/v2\/media\/33073"}],"wp:attachment":[{"href":"https:\/\/mivoot.com\/gt\/wp-json\/wp\/v2\/media?parent=33068"}],"wp:term":[{"taxonomy":"pwb-brand","embeddable":true,"href":"https:\/\/mivoot.com\/gt\/wp-json\/wp\/v2\/pwb-brand?post=33068"},{"taxonomy":"product_brand","embeddable":true,"href":"https:\/\/mivoot.com\/gt\/wp-json\/wp\/v2\/product_brand?post=33068"},{"taxonomy":"product_cat","embeddable":true,"href":"https:\/\/mivoot.com\/gt\/wp-json\/wp\/v2\/product_cat?post=33068"},{"taxonomy":"product_tag","embeddable":true,"href":"https:\/\/mivoot.com\/gt\/wp-json\/wp\/v2\/product_tag?post=33068"}],"curies":[{"name":"wp","href":"https:\/\/api.w.org\/{rel}","templated":true}]}}