{"id":33076,"date":"2026-04-10T18:44:39","date_gmt":"2026-04-11T00:44:39","guid":{"rendered":"https:\/\/mivoot.com\/gt\/?post_type=product&#038;p=33076"},"modified":"2026-04-10T18:44:40","modified_gmt":"2026-04-11T00:44:40","slug":"semaforo-led-para-ciclovia-verde-y-rojo-30cms-fama","status":"publish","type":"product","link":"https:\/\/mivoot.com\/gt\/producto\/semaforo-led-para-ciclovia-verde-y-rojo-30cms-fama\/","title":{"rendered":"Sem\u00e1foro LED para Ciclov\u00eda Verde y Rojo 30cms FAMA"},"content":{"rendered":"<h1 style=\"text-align: center;\">Sem\u00e1foro LED para Ciclov\u00eda Verde y Rojo 30cms FAMA<\/h1>\n<p>El n\u00facleo de la l\u00e1mpara consta de la placa, la lente, la fuente de alimentaci\u00f3n y el casquillo. Est\u00e1 dise\u00f1ado para el control de sem\u00e1foros en intersecciones designadas para carriles bici.<\/p>\n<p>1. El dise\u00f1o del circuito de malla garantiza un funcionamiento estable del producto:<\/p>\n<p>La placa de luz adopta un dise\u00f1o de circuito de malla. Cuando falla una l\u00e1mpara LED, a\u00edsla autom\u00e1ticamente el punto de falla para garantizar que las dem\u00e1s funcionen con normalidad, manteniendo un efecto de visualizaci\u00f3n general estable.<\/p>\n<p>2. Fuente de alimentaci\u00f3n est\u00e1ndar europea, m\u00e1s eficiente energ\u00e9ticamente y respetuosa con el medio ambiente:<\/p>\n<p>Utiliza una fuente de alimentaci\u00f3n est\u00e1ndar europea dise\u00f1ada independientemente con una excelente eficiencia de conversi\u00f3n de energ\u00eda y un factor de potencia de hasta 0,98, lo que reduce significativamente el consumo de energ\u00eda y es altamente eficiente energ\u00e9ticamente y respetuoso con el medio ambiente.<\/p>\n<p>3. Dise\u00f1o de accionamiento de corriente constante, con larga vida \u00fatil y bajo mantenimiento:<\/p>\n<p>Adopta tecnolog\u00eda de accionamiento de corriente constante para garantizar una corriente de trabajo estable, extender la vida \u00fatil de la l\u00e1mpara y reducir efectivamente los costos de mantenimiento en la etapa posterior.<\/p>\n<p>4. Excelente compatibilidad electromagn\u00e9tica, mejorando la estabilidad del dispositivo:<\/p>\n<p>Cumple estrictamente con las normas europeas de compatibilidad electromagn\u00e9tica y cumple con los estrictos requisitos de los pa\u00edses desarrollados. La distorsi\u00f3n arm\u00f3nica total es inferior al 10 %. Reduce eficazmente las interferencias con la red el\u00e9ctrica y otros equipos en la intersecci\u00f3n, mejorando significativamente la estabilidad y la vida \u00fatil de los equipos.<\/p>\n","protected":false},"excerpt":{"rendered":"<p>&#8211; Material de la carcasa Carcasa de policarbonato<br \/>\n&#8211; Color de la m\u00e1scara Transparente<br \/>\n&#8211; Viseras 780 x 361 x 0,6 mm<br \/>\n&#8211; Forma de la m\u00e1scara Redondo<br \/>\n&#8211; Cantidad de LED R\/Y\/G: 66 piezas<br \/>\n&#8211; Vida \u00fatil del LED \u2265100.000 horas<br \/>\n&#8211; Grado de protecci\u00f3n IP55<\/p>\n","protected":false},"featured_media":33082,"comment_status":"open","ping_status":"closed","template":"","meta":{"jetpack_publicize_message":"","jetpack_publicize_feature_enabled":true,"jetpack_social_post_already_shared":true,"jetpack_social_options":{"image_generator_settings":{"template":"highway","default_image_id":0,"font":"","enabled":false},"version":2}},"pwb-brand":[671],"product_brand":[],"product_cat":[672],"product_tag":[],"class_list":{"0":"post-33076","1":"product","2":"type-product","3":"status-publish","4":"has-post-thumbnail","6":"pwb-brand-fama","7":"product_cat-control-de-senales-de-transito","9":"first","10":"instock","11":"taxable","12":"shipping-taxable","13":"product-type-simple"},"yoast_head":"<!-- This site is optimized with the Yoast SEO Premium plugin v25.7.1 (Yoast SEO v26.8) - https:\/\/yoast.com\/product\/yoast-seo-premium-wordpress\/ -->\n<title>Sem\u00e1foro LED para Ciclov\u00eda Verde y Rojo 30cms FAMA - Mivoot<\/title>\n<meta name=\"robots\" content=\"index, follow, max-snippet:-1, max-image-preview:large, max-video-preview:-1\" \/>\n<link rel=\"canonical\" href=\"https:\/\/mivoot.com\/gt\/producto\/semaforo-led-para-ciclovia-verde-y-rojo-30cms-fama\/\" \/>\n<meta property=\"og:locale\" content=\"es_ES\" \/>\n<meta property=\"og:type\" content=\"article\" \/>\n<meta property=\"og:title\" content=\"Sem\u00e1foro LED para Ciclov\u00eda Verde y Rojo 30cms FAMA\" \/>\n<meta property=\"og:description\" content=\"- Material de la carcasa Carcasa de policarbonato - Color de la m\u00e1scara Transparente - Viseras 780 x 361 x 0,6 mm - Forma de la m\u00e1scara Redondo - Cantidad de LED R\/Y\/G: 66 piezas - Vida \u00fatil del LED \u2265100.000 horas - Grado de protecci\u00f3n IP55\" \/>\n<meta property=\"og:url\" content=\"https:\/\/mivoot.com\/gt\/producto\/semaforo-led-para-ciclovia-verde-y-rojo-30cms-fama\/\" \/>\n<meta property=\"og:site_name\" content=\"Mivoot\" \/>\n<meta property=\"article:publisher\" content=\"https:\/\/www.facebook.com\/mivootgt\" \/>\n<meta property=\"article:modified_time\" content=\"2026-04-11T00:44:40+00:00\" \/>\n<meta property=\"og:image\" content=\"https:\/\/mivoot.com\/gt\/wp-content\/uploads\/2026\/04\/FJ300-3-25-2B-01-1.webp\" \/>\n\t<meta property=\"og:image:width\" content=\"768\" \/>\n\t<meta property=\"og:image:height\" content=\"768\" \/>\n\t<meta property=\"og:image:type\" content=\"image\/webp\" \/>\n<meta name=\"twitter:card\" content=\"summary_large_image\" \/>\n<meta name=\"twitter:label1\" content=\"Est. reading time\" \/>\n\t<meta name=\"twitter:data1\" content=\"2 minutos\" \/>\n<script type=\"application\/ld+json\" class=\"yoast-schema-graph\">{\"@context\":\"https:\/\/schema.org\",\"@graph\":[{\"@type\":\"WebPage\",\"@id\":\"https:\/\/mivoot.com\/gt\/producto\/semaforo-led-para-ciclovia-verde-y-rojo-30cms-fama\/\",\"url\":\"https:\/\/mivoot.com\/gt\/producto\/semaforo-led-para-ciclovia-verde-y-rojo-30cms-fama\/\",\"name\":\"Sem\u00e1foro LED para Ciclov\u00eda Verde y Rojo 30cms FAMA - Mivoot\",\"isPartOf\":{\"@id\":\"https:\/\/mivoot.com\/gt\/#website\"},\"primaryImageOfPage\":{\"@id\":\"https:\/\/mivoot.com\/gt\/producto\/semaforo-led-para-ciclovia-verde-y-rojo-30cms-fama\/#primaryimage\"},\"image\":{\"@id\":\"https:\/\/mivoot.com\/gt\/producto\/semaforo-led-para-ciclovia-verde-y-rojo-30cms-fama\/#primaryimage\"},\"thumbnailUrl\":\"https:\/\/mivoot.com\/gt\/wp-content\/uploads\/2026\/04\/FJ300-3-25-2B-01-1.webp\",\"datePublished\":\"2026-04-11T00:44:39+00:00\",\"dateModified\":\"2026-04-11T00:44:40+00:00\",\"breadcrumb\":{\"@id\":\"https:\/\/mivoot.com\/gt\/producto\/semaforo-led-para-ciclovia-verde-y-rojo-30cms-fama\/#breadcrumb\"},\"inLanguage\":\"es\",\"potentialAction\":[{\"@type\":\"ReadAction\",\"target\":[\"https:\/\/mivoot.com\/gt\/producto\/semaforo-led-para-ciclovia-verde-y-rojo-30cms-fama\/\"]}]},{\"@type\":\"ImageObject\",\"inLanguage\":\"es\",\"@id\":\"https:\/\/mivoot.com\/gt\/producto\/semaforo-led-para-ciclovia-verde-y-rojo-30cms-fama\/#primaryimage\",\"url\":\"https:\/\/mivoot.com\/gt\/wp-content\/uploads\/2026\/04\/FJ300-3-25-2B-01-1.webp\",\"contentUrl\":\"https:\/\/mivoot.com\/gt\/wp-content\/uploads\/2026\/04\/FJ300-3-25-2B-01-1.webp\",\"width\":768,\"height\":768},{\"@type\":\"BreadcrumbList\",\"@id\":\"https:\/\/mivoot.com\/gt\/producto\/semaforo-led-para-ciclovia-verde-y-rojo-30cms-fama\/#breadcrumb\",\"itemListElement\":[{\"@type\":\"ListItem\",\"position\":1,\"name\":\"Inicio\",\"item\":\"https:\/\/mivoot.com\/gt\/\"},{\"@type\":\"ListItem\",\"position\":2,\"name\":\"Productos\",\"item\":\"https:\/\/mivoot.com\/gt\/producto\/\"},{\"@type\":\"ListItem\",\"position\":3,\"name\":\"FAMA\",\"item\":\"https:\/\/mivoot.com\/gt\/marca\/fama\/\"},{\"@type\":\"ListItem\",\"position\":4,\"name\":\"Sem\u00e1foro LED para Ciclov\u00eda Verde y Rojo 30cms FAMA\"}]},{\"@type\":\"WebSite\",\"@id\":\"https:\/\/mivoot.com\/gt\/#website\",\"url\":\"https:\/\/mivoot.com\/gt\/\",\"name\":\"Mivoot\",\"description\":\"Mivoot Guatemala | Tienda Online\",\"publisher\":{\"@id\":\"https:\/\/mivoot.com\/gt\/#organization\"},\"alternateName\":\"mivoot\",\"potentialAction\":[{\"@type\":\"SearchAction\",\"target\":{\"@type\":\"EntryPoint\",\"urlTemplate\":\"https:\/\/mivoot.com\/gt\/?s={search_term_string}\"},\"query-input\":{\"@type\":\"PropertyValueSpecification\",\"valueRequired\":true,\"valueName\":\"search_term_string\"}}],\"inLanguage\":\"es\"},{\"@type\":\"Organization\",\"@id\":\"https:\/\/mivoot.com\/gt\/#organization\",\"name\":\"Mivoot Guatemala\",\"alternateName\":\"mivoot.com\",\"url\":\"https:\/\/mivoot.com\/gt\/\",\"logo\":{\"@type\":\"ImageObject\",\"inLanguage\":\"es\",\"@id\":\"https:\/\/mivoot.com\/gt\/#\/schema\/logo\/image\/\",\"url\":\"https:\/\/mivoot.com\/gt\/wp-content\/uploads\/2023\/03\/cropped-icon.png\",\"contentUrl\":\"https:\/\/mivoot.com\/gt\/wp-content\/uploads\/2023\/03\/cropped-icon.png\",\"width\":512,\"height\":512,\"caption\":\"Mivoot Guatemala\"},\"image\":{\"@id\":\"https:\/\/mivoot.com\/gt\/#\/schema\/logo\/image\/\"},\"sameAs\":[\"https:\/\/www.facebook.com\/mivootgt\",\"https:\/\/instagram.com\/mivoot\"]}]}<\/script>\n<!-- \/ Yoast SEO Premium plugin. -->","yoast_head_json":{"title":"Sem\u00e1foro LED para Ciclov\u00eda Verde y Rojo 30cms FAMA - Mivoot","robots":{"index":"index","follow":"follow","max-snippet":"max-snippet:-1","max-image-preview":"max-image-preview:large","max-video-preview":"max-video-preview:-1"},"canonical":"https:\/\/mivoot.com\/gt\/producto\/semaforo-led-para-ciclovia-verde-y-rojo-30cms-fama\/","og_locale":"es_ES","og_type":"article","og_title":"Sem\u00e1foro LED para Ciclov\u00eda Verde y Rojo 30cms FAMA","og_description":"- Material de la carcasa Carcasa de policarbonato - Color de la m\u00e1scara Transparente - Viseras 780 x 361 x 0,6 mm - Forma de la m\u00e1scara Redondo - Cantidad de LED R\/Y\/G: 66 piezas - Vida \u00fatil del LED \u2265100.000 horas - Grado de protecci\u00f3n IP55","og_url":"https:\/\/mivoot.com\/gt\/producto\/semaforo-led-para-ciclovia-verde-y-rojo-30cms-fama\/","og_site_name":"Mivoot","article_publisher":"https:\/\/www.facebook.com\/mivootgt","article_modified_time":"2026-04-11T00:44:40+00:00","og_image":[{"width":768,"height":768,"url":"https:\/\/mivoot.com\/gt\/wp-content\/uploads\/2026\/04\/FJ300-3-25-2B-01-1.webp","type":"image\/webp"}],"twitter_card":"summary_large_image","twitter_misc":{"Est. reading time":"2 minutos"},"schema":{"@context":"https:\/\/schema.org","@graph":[{"@type":"WebPage","@id":"https:\/\/mivoot.com\/gt\/producto\/semaforo-led-para-ciclovia-verde-y-rojo-30cms-fama\/","url":"https:\/\/mivoot.com\/gt\/producto\/semaforo-led-para-ciclovia-verde-y-rojo-30cms-fama\/","name":"Sem\u00e1foro LED para Ciclov\u00eda Verde y Rojo 30cms FAMA - Mivoot","isPartOf":{"@id":"https:\/\/mivoot.com\/gt\/#website"},"primaryImageOfPage":{"@id":"https:\/\/mivoot.com\/gt\/producto\/semaforo-led-para-ciclovia-verde-y-rojo-30cms-fama\/#primaryimage"},"image":{"@id":"https:\/\/mivoot.com\/gt\/producto\/semaforo-led-para-ciclovia-verde-y-rojo-30cms-fama\/#primaryimage"},"thumbnailUrl":"https:\/\/mivoot.com\/gt\/wp-content\/uploads\/2026\/04\/FJ300-3-25-2B-01-1.webp","datePublished":"2026-04-11T00:44:39+00:00","dateModified":"2026-04-11T00:44:40+00:00","breadcrumb":{"@id":"https:\/\/mivoot.com\/gt\/producto\/semaforo-led-para-ciclovia-verde-y-rojo-30cms-fama\/#breadcrumb"},"inLanguage":"es","potentialAction":[{"@type":"ReadAction","target":["https:\/\/mivoot.com\/gt\/producto\/semaforo-led-para-ciclovia-verde-y-rojo-30cms-fama\/"]}]},{"@type":"ImageObject","inLanguage":"es","@id":"https:\/\/mivoot.com\/gt\/producto\/semaforo-led-para-ciclovia-verde-y-rojo-30cms-fama\/#primaryimage","url":"https:\/\/mivoot.com\/gt\/wp-content\/uploads\/2026\/04\/FJ300-3-25-2B-01-1.webp","contentUrl":"https:\/\/mivoot.com\/gt\/wp-content\/uploads\/2026\/04\/FJ300-3-25-2B-01-1.webp","width":768,"height":768},{"@type":"BreadcrumbList","@id":"https:\/\/mivoot.com\/gt\/producto\/semaforo-led-para-ciclovia-verde-y-rojo-30cms-fama\/#breadcrumb","itemListElement":[{"@type":"ListItem","position":1,"name":"Inicio","item":"https:\/\/mivoot.com\/gt\/"},{"@type":"ListItem","position":2,"name":"Productos","item":"https:\/\/mivoot.com\/gt\/producto\/"},{"@type":"ListItem","position":3,"name":"FAMA","item":"https:\/\/mivoot.com\/gt\/marca\/fama\/"},{"@type":"ListItem","position":4,"name":"Sem\u00e1foro LED para Ciclov\u00eda Verde y Rojo 30cms FAMA"}]},{"@type":"WebSite","@id":"https:\/\/mivoot.com\/gt\/#website","url":"https:\/\/mivoot.com\/gt\/","name":"Mivoot","description":"Mivoot Guatemala | Tienda Online","publisher":{"@id":"https:\/\/mivoot.com\/gt\/#organization"},"alternateName":"mivoot","potentialAction":[{"@type":"SearchAction","target":{"@type":"EntryPoint","urlTemplate":"https:\/\/mivoot.com\/gt\/?s={search_term_string}"},"query-input":{"@type":"PropertyValueSpecification","valueRequired":true,"valueName":"search_term_string"}}],"inLanguage":"es"},{"@type":"Organization","@id":"https:\/\/mivoot.com\/gt\/#organization","name":"Mivoot Guatemala","alternateName":"mivoot.com","url":"https:\/\/mivoot.com\/gt\/","logo":{"@type":"ImageObject","inLanguage":"es","@id":"https:\/\/mivoot.com\/gt\/#\/schema\/logo\/image\/","url":"https:\/\/mivoot.com\/gt\/wp-content\/uploads\/2023\/03\/cropped-icon.png","contentUrl":"https:\/\/mivoot.com\/gt\/wp-content\/uploads\/2023\/03\/cropped-icon.png","width":512,"height":512,"caption":"Mivoot Guatemala"},"image":{"@id":"https:\/\/mivoot.com\/gt\/#\/schema\/logo\/image\/"},"sameAs":["https:\/\/www.facebook.com\/mivootgt","https:\/\/instagram.com\/mivoot"]}]}},"jetpack_publicize_connections":[],"jetpack_sharing_enabled":true,"brands":[{"id":671,"name":"FAMA","slug":"fama"}],"_links":{"self":[{"href":"https:\/\/mivoot.com\/gt\/wp-json\/wp\/v2\/product\/33076","targetHints":{"allow":["GET"]}}],"collection":[{"href":"https:\/\/mivoot.com\/gt\/wp-json\/wp\/v2\/product"}],"about":[{"href":"https:\/\/mivoot.com\/gt\/wp-json\/wp\/v2\/types\/product"}],"replies":[{"embeddable":true,"href":"https:\/\/mivoot.com\/gt\/wp-json\/wp\/v2\/comments?post=33076"}],"version-history":[{"count":1,"href":"https:\/\/mivoot.com\/gt\/wp-json\/wp\/v2\/product\/33076\/revisions"}],"predecessor-version":[{"id":33083,"href":"https:\/\/mivoot.com\/gt\/wp-json\/wp\/v2\/product\/33076\/revisions\/33083"}],"wp:featuredmedia":[{"embeddable":true,"href":"https:\/\/mivoot.com\/gt\/wp-json\/wp\/v2\/media\/33082"}],"wp:attachment":[{"href":"https:\/\/mivoot.com\/gt\/wp-json\/wp\/v2\/media?parent=33076"}],"wp:term":[{"taxonomy":"pwb-brand","embeddable":true,"href":"https:\/\/mivoot.com\/gt\/wp-json\/wp\/v2\/pwb-brand?post=33076"},{"taxonomy":"product_brand","embeddable":true,"href":"https:\/\/mivoot.com\/gt\/wp-json\/wp\/v2\/product_brand?post=33076"},{"taxonomy":"product_cat","embeddable":true,"href":"https:\/\/mivoot.com\/gt\/wp-json\/wp\/v2\/product_cat?post=33076"},{"taxonomy":"product_tag","embeddable":true,"href":"https:\/\/mivoot.com\/gt\/wp-json\/wp\/v2\/product_tag?post=33076"}],"curies":[{"name":"wp","href":"https:\/\/api.w.org\/{rel}","templated":true}]}}