{"id":33084,"date":"2026-04-10T19:00:17","date_gmt":"2026-04-11T01:00:17","guid":{"rendered":"https:\/\/mivoot.com\/gt\/?post_type=product&#038;p=33084"},"modified":"2026-04-10T19:00:18","modified_gmt":"2026-04-11T01:00:18","slug":"controlador-de-semaforos-vehicular-y-peatonal-16-salidas-4-fases-fama","status":"publish","type":"product","link":"https:\/\/mivoot.com\/gt\/producto\/controlador-de-semaforos-vehicular-y-peatonal-16-salidas-4-fases-fama\/","title":{"rendered":"Controlador de Sem\u00e1foros Vehicular y Peatonal 16 Salidas 4 Fases FAMA"},"content":{"rendered":"<h1 style=\"text-align: center;\">Controlador de Sem\u00e1foros Vehicular y Peatonal 16 Salidas 4 Fases FAMA<\/h1>\n<ul>\n<li>Sistema de contro centralizado que asegura su funcionalidad y estabilidad.<\/li>\n<li>Gabinete blindado, resistentes a condiciones ambientales extremas.<\/li>\n<li>Incluye protecci\u00f3n contra descargas el\u00e9ctricas y filtraciones en el suministro de corriente.<\/li>\n<li>Cada men\u00fa puede incluir 24 pasos, y el tiempo de cada paso se puede colocar 1-255s.<\/li>\n<li>El tiempo de amarillo intermitente se puede manipular como quiera el cliente.<\/li>\n<\/ul>\n<h3>Funciones y caracter\u00edsticas t\u00e9cnicas:<\/h3>\n<ul>\n<li>Entrada de voltaje CA 85-265 V (CC 12\/24 V personalizada);<\/li>\n<li>Sistema de control central integrado, el funcionamiento es m\u00e1s estable y confiable;<\/li>\n<li>Toda la m\u00e1quina adopta un dise\u00f1o modular para facilitar el mantenimiento;<\/li>\n<li>En estado de funcionamiento, la funci\u00f3n de ajuste r\u00e1pido del tiempo de funcionamiento del pasoactual sepuedemodificar inmediatamente;<\/li>\n<li>Panel de operaci\u00f3n simple<\/li>\n<li>Interfaz de comunicaci\u00f3n RS-485 extensible (para el contador);<\/li>\n<li>Cada salida tiene un circuito de protecci\u00f3n contra rayos independiente.<\/li>\n<\/ul>\n<p>Par\u00e1metros t\u00e9cnicos:<br \/>\nMen\u00fa para el controlador Technical Parameter<br \/>\nEst\u00e1ndar ejecutivo GB25280-2010<br \/>\nVoltaje AC 85-264V(o DC12V\/24V)Frecuencia 47Hz~63Hz<br \/>\nPotencia de carga para cada salida 500WResistencia a sobretensiones transitorias \u2265100AValor de aislamiento \u2265100M\u03a9Temperatura -40\u2103~+80\u2103Humedad &lt;95%Guardar despu\u00e9s de apagar 10 a\u00f1os<br \/>\nError de tiempo por un a\u00f1o&lt;2.5 min(under 25\u00b11\u2103)Gabinete integrado 500*350*90mmCaja del controlador 225*170*80mm<\/p>\n","protected":false},"excerpt":{"rendered":"<p>Controlador de Sem\u00e1foros Vehicular y Peatonal 16 Salidas 4 Fases FAMA Sistema de contro centralizado que asegura su funcionalidad y estabilidad. Gabinete blindado, resistentes a condiciones ambientales extremas. Incluye protecci\u00f3n contra descargas el\u00e9ctricas y filtraciones en el suministro de corriente. Cada men\u00fa puede incluir 24 pasos, y el tiempo de cada paso se puede colocar [&#8230;]\n","protected":false},"featured_media":33086,"comment_status":"open","ping_status":"closed","template":"","meta":{"jetpack_publicize_message":"","jetpack_publicize_feature_enabled":true,"jetpack_social_post_already_shared":true,"jetpack_social_options":{"image_generator_settings":{"template":"highway","default_image_id":0,"font":"","enabled":false},"version":2}},"pwb-brand":[671],"product_brand":[],"product_cat":[672],"product_tag":[],"class_list":{"0":"post-33084","1":"product","2":"type-product","3":"status-publish","4":"has-post-thumbnail","6":"pwb-brand-fama","7":"product_cat-control-de-senales-de-transito","9":"first","10":"instock","11":"taxable","12":"shipping-taxable","13":"product-type-simple"},"yoast_head":"<!-- This site is optimized with the Yoast SEO Premium plugin v25.7.1 (Yoast SEO v26.8) - https:\/\/yoast.com\/product\/yoast-seo-premium-wordpress\/ -->\n<title>Controlador de Sem\u00e1foros Vehicular y Peatonal 16 Salidas 4 Fases FAMA - Mivoot<\/title>\n<meta name=\"robots\" content=\"index, follow, max-snippet:-1, max-image-preview:large, max-video-preview:-1\" \/>\n<link rel=\"canonical\" href=\"https:\/\/mivoot.com\/gt\/producto\/controlador-de-semaforos-vehicular-y-peatonal-16-salidas-4-fases-fama\/\" \/>\n<meta property=\"og:locale\" content=\"es_ES\" \/>\n<meta property=\"og:type\" content=\"article\" \/>\n<meta property=\"og:title\" content=\"Controlador de Sem\u00e1foros Vehicular y Peatonal 16 Salidas 4 Fases FAMA\" \/>\n<meta property=\"og:description\" content=\"Controlador de Sem\u00e1foros Vehicular y Peatonal 16 Salidas 4 Fases FAMA Sistema de contro centralizado que asegura su funcionalidad y estabilidad. Gabinete blindado, resistentes a condiciones ambientales extremas. Incluye protecci\u00f3n contra descargas el\u00e9ctricas y filtraciones en el suministro de corriente. Cada men\u00fa puede incluir 24 pasos, y el tiempo de cada paso se puede colocar [...]\" \/>\n<meta property=\"og:url\" content=\"https:\/\/mivoot.com\/gt\/producto\/controlador-de-semaforos-vehicular-y-peatonal-16-salidas-4-fases-fama\/\" \/>\n<meta property=\"og:site_name\" content=\"Mivoot\" \/>\n<meta property=\"article:publisher\" content=\"https:\/\/www.facebook.com\/mivootgt\" \/>\n<meta property=\"article:modified_time\" content=\"2026-04-11T01:00:18+00:00\" \/>\n<meta property=\"og:image\" content=\"https:\/\/mivoot.com\/gt\/wp-content\/uploads\/2026\/04\/controlador.jpg\" \/>\n\t<meta property=\"og:image:width\" content=\"1024\" \/>\n\t<meta property=\"og:image:height\" content=\"1024\" \/>\n\t<meta property=\"og:image:type\" content=\"image\/jpeg\" \/>\n<meta name=\"twitter:card\" content=\"summary_large_image\" \/>\n<meta name=\"twitter:label1\" content=\"Est. reading time\" \/>\n\t<meta name=\"twitter:data1\" content=\"2 minutos\" \/>\n<script type=\"application\/ld+json\" class=\"yoast-schema-graph\">{\"@context\":\"https:\/\/schema.org\",\"@graph\":[{\"@type\":\"WebPage\",\"@id\":\"https:\/\/mivoot.com\/gt\/producto\/controlador-de-semaforos-vehicular-y-peatonal-16-salidas-4-fases-fama\/\",\"url\":\"https:\/\/mivoot.com\/gt\/producto\/controlador-de-semaforos-vehicular-y-peatonal-16-salidas-4-fases-fama\/\",\"name\":\"Controlador de Sem\u00e1foros Vehicular y Peatonal 16 Salidas 4 Fases FAMA - Mivoot\",\"isPartOf\":{\"@id\":\"https:\/\/mivoot.com\/gt\/#website\"},\"primaryImageOfPage\":{\"@id\":\"https:\/\/mivoot.com\/gt\/producto\/controlador-de-semaforos-vehicular-y-peatonal-16-salidas-4-fases-fama\/#primaryimage\"},\"image\":{\"@id\":\"https:\/\/mivoot.com\/gt\/producto\/controlador-de-semaforos-vehicular-y-peatonal-16-salidas-4-fases-fama\/#primaryimage\"},\"thumbnailUrl\":\"https:\/\/mivoot.com\/gt\/wp-content\/uploads\/2026\/04\/controlador.jpg\",\"datePublished\":\"2026-04-11T01:00:17+00:00\",\"dateModified\":\"2026-04-11T01:00:18+00:00\",\"breadcrumb\":{\"@id\":\"https:\/\/mivoot.com\/gt\/producto\/controlador-de-semaforos-vehicular-y-peatonal-16-salidas-4-fases-fama\/#breadcrumb\"},\"inLanguage\":\"es\",\"potentialAction\":[{\"@type\":\"ReadAction\",\"target\":[\"https:\/\/mivoot.com\/gt\/producto\/controlador-de-semaforos-vehicular-y-peatonal-16-salidas-4-fases-fama\/\"]}]},{\"@type\":\"ImageObject\",\"inLanguage\":\"es\",\"@id\":\"https:\/\/mivoot.com\/gt\/producto\/controlador-de-semaforos-vehicular-y-peatonal-16-salidas-4-fases-fama\/#primaryimage\",\"url\":\"https:\/\/mivoot.com\/gt\/wp-content\/uploads\/2026\/04\/controlador.jpg\",\"contentUrl\":\"https:\/\/mivoot.com\/gt\/wp-content\/uploads\/2026\/04\/controlador.jpg\",\"width\":1024,\"height\":1024},{\"@type\":\"BreadcrumbList\",\"@id\":\"https:\/\/mivoot.com\/gt\/producto\/controlador-de-semaforos-vehicular-y-peatonal-16-salidas-4-fases-fama\/#breadcrumb\",\"itemListElement\":[{\"@type\":\"ListItem\",\"position\":1,\"name\":\"Inicio\",\"item\":\"https:\/\/mivoot.com\/gt\/\"},{\"@type\":\"ListItem\",\"position\":2,\"name\":\"Productos\",\"item\":\"https:\/\/mivoot.com\/gt\/producto\/\"},{\"@type\":\"ListItem\",\"position\":3,\"name\":\"FAMA\",\"item\":\"https:\/\/mivoot.com\/gt\/marca\/fama\/\"},{\"@type\":\"ListItem\",\"position\":4,\"name\":\"Controlador de Sem\u00e1foros Vehicular y Peatonal 16 Salidas 4 Fases FAMA\"}]},{\"@type\":\"WebSite\",\"@id\":\"https:\/\/mivoot.com\/gt\/#website\",\"url\":\"https:\/\/mivoot.com\/gt\/\",\"name\":\"Mivoot\",\"description\":\"Mivoot Guatemala | Tienda Online\",\"publisher\":{\"@id\":\"https:\/\/mivoot.com\/gt\/#organization\"},\"alternateName\":\"mivoot\",\"potentialAction\":[{\"@type\":\"SearchAction\",\"target\":{\"@type\":\"EntryPoint\",\"urlTemplate\":\"https:\/\/mivoot.com\/gt\/?s={search_term_string}\"},\"query-input\":{\"@type\":\"PropertyValueSpecification\",\"valueRequired\":true,\"valueName\":\"search_term_string\"}}],\"inLanguage\":\"es\"},{\"@type\":\"Organization\",\"@id\":\"https:\/\/mivoot.com\/gt\/#organization\",\"name\":\"Mivoot Guatemala\",\"alternateName\":\"mivoot.com\",\"url\":\"https:\/\/mivoot.com\/gt\/\",\"logo\":{\"@type\":\"ImageObject\",\"inLanguage\":\"es\",\"@id\":\"https:\/\/mivoot.com\/gt\/#\/schema\/logo\/image\/\",\"url\":\"https:\/\/mivoot.com\/gt\/wp-content\/uploads\/2023\/03\/cropped-icon.png\",\"contentUrl\":\"https:\/\/mivoot.com\/gt\/wp-content\/uploads\/2023\/03\/cropped-icon.png\",\"width\":512,\"height\":512,\"caption\":\"Mivoot Guatemala\"},\"image\":{\"@id\":\"https:\/\/mivoot.com\/gt\/#\/schema\/logo\/image\/\"},\"sameAs\":[\"https:\/\/www.facebook.com\/mivootgt\",\"https:\/\/instagram.com\/mivoot\"]}]}<\/script>\n<!-- \/ Yoast SEO Premium plugin. -->","yoast_head_json":{"title":"Controlador de Sem\u00e1foros Vehicular y Peatonal 16 Salidas 4 Fases FAMA - Mivoot","robots":{"index":"index","follow":"follow","max-snippet":"max-snippet:-1","max-image-preview":"max-image-preview:large","max-video-preview":"max-video-preview:-1"},"canonical":"https:\/\/mivoot.com\/gt\/producto\/controlador-de-semaforos-vehicular-y-peatonal-16-salidas-4-fases-fama\/","og_locale":"es_ES","og_type":"article","og_title":"Controlador de Sem\u00e1foros Vehicular y Peatonal 16 Salidas 4 Fases FAMA","og_description":"Controlador de Sem\u00e1foros Vehicular y Peatonal 16 Salidas 4 Fases FAMA Sistema de contro centralizado que asegura su funcionalidad y estabilidad. Gabinete blindado, resistentes a condiciones ambientales extremas. Incluye protecci\u00f3n contra descargas el\u00e9ctricas y filtraciones en el suministro de corriente. Cada men\u00fa puede incluir 24 pasos, y el tiempo de cada paso se puede colocar [...]","og_url":"https:\/\/mivoot.com\/gt\/producto\/controlador-de-semaforos-vehicular-y-peatonal-16-salidas-4-fases-fama\/","og_site_name":"Mivoot","article_publisher":"https:\/\/www.facebook.com\/mivootgt","article_modified_time":"2026-04-11T01:00:18+00:00","og_image":[{"width":1024,"height":1024,"url":"https:\/\/mivoot.com\/gt\/wp-content\/uploads\/2026\/04\/controlador.jpg","type":"image\/jpeg"}],"twitter_card":"summary_large_image","twitter_misc":{"Est. reading time":"2 minutos"},"schema":{"@context":"https:\/\/schema.org","@graph":[{"@type":"WebPage","@id":"https:\/\/mivoot.com\/gt\/producto\/controlador-de-semaforos-vehicular-y-peatonal-16-salidas-4-fases-fama\/","url":"https:\/\/mivoot.com\/gt\/producto\/controlador-de-semaforos-vehicular-y-peatonal-16-salidas-4-fases-fama\/","name":"Controlador de Sem\u00e1foros Vehicular y Peatonal 16 Salidas 4 Fases FAMA - Mivoot","isPartOf":{"@id":"https:\/\/mivoot.com\/gt\/#website"},"primaryImageOfPage":{"@id":"https:\/\/mivoot.com\/gt\/producto\/controlador-de-semaforos-vehicular-y-peatonal-16-salidas-4-fases-fama\/#primaryimage"},"image":{"@id":"https:\/\/mivoot.com\/gt\/producto\/controlador-de-semaforos-vehicular-y-peatonal-16-salidas-4-fases-fama\/#primaryimage"},"thumbnailUrl":"https:\/\/mivoot.com\/gt\/wp-content\/uploads\/2026\/04\/controlador.jpg","datePublished":"2026-04-11T01:00:17+00:00","dateModified":"2026-04-11T01:00:18+00:00","breadcrumb":{"@id":"https:\/\/mivoot.com\/gt\/producto\/controlador-de-semaforos-vehicular-y-peatonal-16-salidas-4-fases-fama\/#breadcrumb"},"inLanguage":"es","potentialAction":[{"@type":"ReadAction","target":["https:\/\/mivoot.com\/gt\/producto\/controlador-de-semaforos-vehicular-y-peatonal-16-salidas-4-fases-fama\/"]}]},{"@type":"ImageObject","inLanguage":"es","@id":"https:\/\/mivoot.com\/gt\/producto\/controlador-de-semaforos-vehicular-y-peatonal-16-salidas-4-fases-fama\/#primaryimage","url":"https:\/\/mivoot.com\/gt\/wp-content\/uploads\/2026\/04\/controlador.jpg","contentUrl":"https:\/\/mivoot.com\/gt\/wp-content\/uploads\/2026\/04\/controlador.jpg","width":1024,"height":1024},{"@type":"BreadcrumbList","@id":"https:\/\/mivoot.com\/gt\/producto\/controlador-de-semaforos-vehicular-y-peatonal-16-salidas-4-fases-fama\/#breadcrumb","itemListElement":[{"@type":"ListItem","position":1,"name":"Inicio","item":"https:\/\/mivoot.com\/gt\/"},{"@type":"ListItem","position":2,"name":"Productos","item":"https:\/\/mivoot.com\/gt\/producto\/"},{"@type":"ListItem","position":3,"name":"FAMA","item":"https:\/\/mivoot.com\/gt\/marca\/fama\/"},{"@type":"ListItem","position":4,"name":"Controlador de Sem\u00e1foros Vehicular y Peatonal 16 Salidas 4 Fases FAMA"}]},{"@type":"WebSite","@id":"https:\/\/mivoot.com\/gt\/#website","url":"https:\/\/mivoot.com\/gt\/","name":"Mivoot","description":"Mivoot Guatemala | Tienda Online","publisher":{"@id":"https:\/\/mivoot.com\/gt\/#organization"},"alternateName":"mivoot","potentialAction":[{"@type":"SearchAction","target":{"@type":"EntryPoint","urlTemplate":"https:\/\/mivoot.com\/gt\/?s={search_term_string}"},"query-input":{"@type":"PropertyValueSpecification","valueRequired":true,"valueName":"search_term_string"}}],"inLanguage":"es"},{"@type":"Organization","@id":"https:\/\/mivoot.com\/gt\/#organization","name":"Mivoot Guatemala","alternateName":"mivoot.com","url":"https:\/\/mivoot.com\/gt\/","logo":{"@type":"ImageObject","inLanguage":"es","@id":"https:\/\/mivoot.com\/gt\/#\/schema\/logo\/image\/","url":"https:\/\/mivoot.com\/gt\/wp-content\/uploads\/2023\/03\/cropped-icon.png","contentUrl":"https:\/\/mivoot.com\/gt\/wp-content\/uploads\/2023\/03\/cropped-icon.png","width":512,"height":512,"caption":"Mivoot Guatemala"},"image":{"@id":"https:\/\/mivoot.com\/gt\/#\/schema\/logo\/image\/"},"sameAs":["https:\/\/www.facebook.com\/mivootgt","https:\/\/instagram.com\/mivoot"]}]}},"jetpack_publicize_connections":[],"jetpack_sharing_enabled":true,"brands":[{"id":671,"name":"FAMA","slug":"fama"}],"_links":{"self":[{"href":"https:\/\/mivoot.com\/gt\/wp-json\/wp\/v2\/product\/33084","targetHints":{"allow":["GET"]}}],"collection":[{"href":"https:\/\/mivoot.com\/gt\/wp-json\/wp\/v2\/product"}],"about":[{"href":"https:\/\/mivoot.com\/gt\/wp-json\/wp\/v2\/types\/product"}],"replies":[{"embeddable":true,"href":"https:\/\/mivoot.com\/gt\/wp-json\/wp\/v2\/comments?post=33084"}],"version-history":[{"count":1,"href":"https:\/\/mivoot.com\/gt\/wp-json\/wp\/v2\/product\/33084\/revisions"}],"predecessor-version":[{"id":33087,"href":"https:\/\/mivoot.com\/gt\/wp-json\/wp\/v2\/product\/33084\/revisions\/33087"}],"wp:featuredmedia":[{"embeddable":true,"href":"https:\/\/mivoot.com\/gt\/wp-json\/wp\/v2\/media\/33086"}],"wp:attachment":[{"href":"https:\/\/mivoot.com\/gt\/wp-json\/wp\/v2\/media?parent=33084"}],"wp:term":[{"taxonomy":"pwb-brand","embeddable":true,"href":"https:\/\/mivoot.com\/gt\/wp-json\/wp\/v2\/pwb-brand?post=33084"},{"taxonomy":"product_brand","embeddable":true,"href":"https:\/\/mivoot.com\/gt\/wp-json\/wp\/v2\/product_brand?post=33084"},{"taxonomy":"product_cat","embeddable":true,"href":"https:\/\/mivoot.com\/gt\/wp-json\/wp\/v2\/product_cat?post=33084"},{"taxonomy":"product_tag","embeddable":true,"href":"https:\/\/mivoot.com\/gt\/wp-json\/wp\/v2\/product_tag?post=33084"}],"curies":[{"name":"wp","href":"https:\/\/api.w.org\/{rel}","templated":true}]}}