{"id":33172,"date":"2026-04-15T10:30:33","date_gmt":"2026-04-15T16:30:33","guid":{"rendered":"https:\/\/mivoot.com\/gt\/?post_type=product&#038;p=33172"},"modified":"2026-04-15T10:42:44","modified_gmt":"2026-04-15T16:42:44","slug":"control-de-acceso-y-asistencia-facial-642mf-hikvision","status":"publish","type":"product","link":"https:\/\/mivoot.com\/gt\/producto\/control-de-acceso-y-asistencia-facial-642mf-hikvision\/","title":{"rendered":"Control de Acceso y Asistencia Facial 642MF Hikvision"},"content":{"rendered":"<h1 style=\"text-align: center;\">Control de Acceso y Asistencia Facial 642MF Hikvision<\/h1>\n<ul class=\"product_description_item-list\">\n<li class=\"product_description_item\"><span dir=\"auto\">Distancia de reconocimiento facial: de 0,3 m a 3 m<\/span><\/li>\n<li class=\"product_description_item\"><span dir=\"auto\">Capacidad para 6000 rostros, 10 000 tarjetas, 5000 huellas dactilares para dispositivos compatibles con funciones relacionadas con huellas dactilares y 150 000 eventos.<\/span><\/li>\n<li class=\"product_description_item\"><span dir=\"auto\">Duraci\u00f3n del reconocimiento facial &lt; 0,2 s\/usuario; tasa de precisi\u00f3n del reconocimiento facial \u2265 99 %.<\/span><\/li>\n<li class=\"product_description_item\"><span dir=\"auto\">Audio bidireccional con estaci\u00f3n interior y estaci\u00f3n maestra.<\/span><\/li>\n<li class=\"product_description_item\"><span dir=\"auto\">Admite 6 estados de asistencia, incluyendo entrada, salida, entrada de descanso, salida de descanso, entrada de horas extras, salida de horas extras.<\/span><\/li>\n<li class=\"product_description_item\"><span dir=\"auto\">Abre la puerta de forma remota e inicia la visualizaci\u00f3n en directo a trav\u00e9s de Hik-Connect.<\/span><\/li>\n<li class=\"product_description_item\"><span dir=\"auto\">Configuraci\u00f3n a trav\u00e9s del cliente web<\/span><\/li>\n<li class=\"product_description_item\"><span dir=\"auto\">Admite los protocolos ISAPI y EHome 5.0.<\/span><\/li>\n<\/ul>\n<p><img decoding=\"async\" class=\"aligncenter\" src=\"https:\/\/cdn1.npcdn.net\/userfiles\/20085\/image\/b694a5486a5f973144d6157f2191d696.png\" \/><\/p>\n<h4><span class=\"tech-specs-items-description__title--heading\"><span dir=\"auto\">pantalla<\/span><\/span><\/h4>\n<ul class=\"tech-specs-items-description\" data-target=\"Display\">\n<li class=\"tech-specs-items-description-list\"><span class=\"tech-specs-items-description__title\">Dimensiones<\/span><span class=\"tech-specs-items-description__title-details\"><span dir=\"auto\">4,3 pulgadas<\/span><\/span><\/li>\n<li class=\"tech-specs-items-description-list\"><span class=\"tech-specs-items-description__title\"><span dir=\"auto\">Tipo<\/span><\/span><span class=\"tech-specs-items-description__title-details\"><span dir=\"auto\">Pantalla completa IPS<\/span><\/span><\/li>\n<li class=\"tech-specs-items-description-list\"><span class=\"tech-specs-items-description__title\">M\u00e9todo de operaci\u00f3n<\/span><span class=\"tech-specs-items-description__title-details\"><span dir=\"auto\">Pantalla t\u00e1ctil capacitiva<\/span><\/span><\/li>\n<\/ul>\n<h4><span class=\"tech-specs-items-description__title--heading\"><span dir=\"auto\">Video<\/span><\/span><\/h4>\n<ul class=\"tech-specs-items-description\" data-target=\"Video\">\n<li class=\"tech-specs-items-description-list\"><span class=\"tech-specs-items-description__title\"><span dir=\"auto\">P\u00edxel <\/span><\/span><span class=\"tech-specs-items-description__title-details\"><span dir=\"auto\">2 MP<\/span><\/span><\/li>\n<li class=\"tech-specs-items-description-list\"><span class=\"tech-specs-items-description__title\"><span dir=\"auto\">Primavera<\/span><\/span><span class=\"tech-specs-items-description__title-details\"><span dir=\"auto\">\u00d7 2<\/span><\/span><\/li>\n<\/ul>\n<h4><span class=\"tech-specs-items-description__title--heading\"><span dir=\"auto\">Audio<\/span><\/span><\/h4>\n<ul class=\"tech-specs-items-description\" data-target=\"Audio\">\n<li class=\"tech-specs-items-description-list\"><span class=\"tech-specs-items-description__title\">Calidad del tono<\/span><span class=\"tech-specs-items-description__title-details\"><span dir=\"auto\">Supresi\u00f3n de ruido y cancelaci\u00f3n de eco<\/span><\/span><\/li>\n<\/ul>\n<ul class=\"tech-specs-items-description\" data-target=\"Network\">\n<li class=\"tech-specs-items-description-list\"><span class=\"tech-specs-items-description__title--heading\"><span dir=\"auto\">Rojo<\/span><\/span><\/li>\n<li class=\"tech-specs-items-description-list\"><span class=\"tech-specs-items-description__title\">Red cableada<\/span><span class=\"tech-specs-items-description__title-details\"><span dir=\"auto\">10 M\/100 M\/1000 M auto-adaptativo<\/span><\/span><\/li>\n<\/ul>\n<h4><span class=\"tech-specs-items-description__title--heading\"><span dir=\"auto\">Interfaz<\/span><\/span><\/h4>\n<ul class=\"tech-specs-items-description\" data-target=\"Interface\">\n<li class=\"tech-specs-items-description-list\"><span class=\"tech-specs-items-description__title\">Interfaz de red<\/span><span class=\"tech-specs-items-description__title-details\"><span dir=\"auto\">1<\/span><\/span><\/li>\n<li class=\"tech-specs-items-description-list\"><span class=\"tech-specs-items-description__title\">Salida de cerradura<\/span><span class=\"tech-specs-items-description__title-details\"><span dir=\"auto\">1<\/span><\/span><\/li>\n<li class=\"tech-specs-items-description-list\"><span class=\"tech-specs-items-description__title\">Bot\u00f3n de salida<\/span><span class=\"tech-specs-items-description__title-details\"><span dir=\"auto\">1<\/span><\/span><\/li>\n<li class=\"tech-specs-items-description-list\"><span class=\"tech-specs-items-description__title\">Entrada de contacto de puerta<\/span><span class=\"tech-specs-items-description__title-details\"><span dir=\"auto\">1<\/span><\/span><\/li>\n<li class=\"tech-specs-items-description-list\"><span class=\"tech-specs-items-description__title\">Interfaz de energ\u00eda<\/span><span class=\"tech-specs-items-description__title-details\"><span dir=\"auto\">2 pines<\/span><\/span><\/li>\n<\/ul>\n<h4><span class=\"tech-specs-items-description__title--heading\"><span dir=\"auto\">Autenticaci\u00f3n<\/span><\/span><\/h4>\n<ul class=\"tech-specs-items-description\" data-target=\"Authentication\">\n<li class=\"tech-specs-items-description-list\"><span class=\"tech-specs-items-description__title\">Tipo de tarjeta<\/span><span class=\"tech-specs-items-description__title-details\"><span dir=\"auto\">Tarjeta EM; tarjeta M1<\/span><\/span><\/li>\n<li class=\"tech-specs-items-description-list\"><span class=\"tech-specs-items-description__title\">Frecuencia de lectura de tarjeta<\/span><span class=\"tech-specs-items-description__title-details\"><span dir=\"auto\">125 kHz o 13,56 MHz<\/span><\/span><\/li>\n<\/ul>\n<h4><span class=\"tech-specs-items-description__title--heading\"><span dir=\"auto\">General<\/span><\/span><\/h4>\n<ul class=\"tech-specs-items-description\" data-target=\"General\">\n<li class=\"tech-specs-items-description-list\"><span class=\"tech-specs-items-description__title\"><span dir=\"auto\">bot\u00f3n<\/span><\/span><span class=\"tech-specs-items-description__title-details\"><span dir=\"auto\">&#8211;<\/span><\/span><\/li>\n<li class=\"tech-specs-items-description-list\"><span class=\"tech-specs-items-description__title\">M\u00e9todo de fuente de alimentaci\u00f3n<\/span><span class=\"tech-specs-items-description__title-details\"><span dir=\"auto\">12V\/2A (adaptador de corriente no incluido)<\/span><\/span><\/li>\n<li class=\"tech-specs-items-description-list\"><span class=\"tech-specs-items-description__title\">Temperatura de trabajo<\/span><span class=\"tech-specs-items-description__title-details\"><span dir=\"auto\">-10 \u00b0C a 50 \u00b0C (-58 \u00b0F a 122 \u00b0F)<\/span><\/span><\/li>\n<li class=\"tech-specs-items-description-list\"><span class=\"tech-specs-items-description__title\">Humedad de trabajo<\/span><span class=\"tech-specs-items-description__title-details\"><span dir=\"auto\">0 a 90% (sin condensaci\u00f3n)<\/span><\/span><\/li>\n<li class=\"tech-specs-items-description-list\"><span class=\"tech-specs-items-description__title\"><span dir=\"auto\">Dimensiones<\/span><\/span><span class=\"tech-specs-items-description__title-details\"><span dir=\"auto\">118 \u00d7 118 \u00d7 20 mm (4,6&#8221; \u00d7 4,6&#8221; \u00d7 0,7&#8221;)<\/span><\/span><\/li>\n<li class=\"tech-specs-items-description-list\"><span class=\"tech-specs-items-description__title\">Entorno de aplicaci\u00f3n<\/span><span class=\"tech-specs-items-description__title-details\"><span dir=\"auto\">Interior<\/span><\/span><\/li>\n<li class=\"tech-specs-items-description-list\"><span class=\"tech-specs-items-description__title\"><span dir=\"auto\">Instalaci\u00f3n<\/span><\/span><span class=\"tech-specs-items-description__title-details\"><span dir=\"auto\">Superficie, soporte de base opcional<\/span><\/span><\/li>\n<\/ul>\n<h4><span class=\"tech-specs-items-description__title--heading\"><span dir=\"auto\">Funci\u00f3n<\/span><\/span><\/h4>\n<ul class=\"tech-specs-items-description\" data-target=\"Function\">\n<li class=\"tech-specs-items-description-list\"><span class=\"tech-specs-items-description__title\">Reconocimiento de c\u00f3digo QR<\/span><span class=\"tech-specs-items-description__title-details\"><span dir=\"auto\">Apoyo<\/span><\/span><\/li>\n<li class=\"tech-specs-items-description-list\"><span class=\"tech-specs-items-description__title\"><span dir=\"auto\">Protecci\u00f3n facial contra la suplantaci\u00f3n de identidad<\/span><\/span><span class=\"tech-specs-items-description__title-details\"><span dir=\"auto\">Apoyo<\/span><\/span><\/li>\n<li class=\"tech-specs-items-description-list\"><span class=\"tech-specs-items-description__title\">Mensaje de audio<\/span><span class=\"tech-specs-items-description__title-details\"><span dir=\"auto\">Apoyo<\/span><\/span><\/li>\n<li class=\"tech-specs-items-description-list\"><span class=\"tech-specs-items-description__title\">Sincronizaci\u00f3n de tiempo<\/span><span class=\"tech-specs-items-description__title-details\"><span dir=\"auto\">Apoyo<\/span><\/span><\/li>\n<\/ul>\n","protected":false},"excerpt":{"rendered":"<p>&#8211; Distancia de reconocimiento facial: de 0,3 m a 3 m.<br \/>\n&#8211; Capacidad para 6000 rostros<br \/>\n&#8211; 10 000 tarjetas<br \/>\n&#8211; 5000 huellas dactilares para dispositivos compatibles con funciones relacionadas con huellas dactilares y<br \/>\n&#8211; 150 000 eventos.<br \/>\n&#8211; Duraci\u00f3n del reconocimiento facial < 0,2 s\/usuario \n- precisi\u00f3n del reconocimiento facial \u2265 99 %. \n- Audio bidireccional con estaci\u00f3n interior y estaci\u00f3n maestra.\n- Admite 6 estados de asistencia, incluyendo entrada, salida, descanso, salida, horas extras y horas extras. \n- Abre la puerta de forma remota e inicia la visualizaci\u00f3n en directo mediante Hik-Connect. \n- Configuraci\u00f3n a trav\u00e9s del cliente web. Compatible con los protocolos ISAPI y EHome 5.0.\n<\/p>\n","protected":false},"featured_media":33174,"comment_status":"open","ping_status":"closed","template":"","meta":{"jetpack_publicize_message":"","jetpack_publicize_feature_enabled":true,"jetpack_social_post_already_shared":true,"jetpack_social_options":{"image_generator_settings":{"template":"highway","default_image_id":0,"font":"","enabled":false},"version":2}},"pwb-brand":[113],"product_brand":[],"product_cat":[19],"product_tag":[],"class_list":{"0":"post-33172","1":"product","2":"type-product","3":"status-publish","4":"has-post-thumbnail","6":"pwb-brand-hikvision","7":"product_cat-control-de-acceso","9":"first","10":"instock","11":"taxable","12":"shipping-taxable","13":"purchasable","14":"product-type-simple"},"yoast_head":"<!-- This site is optimized with the Yoast SEO Premium plugin v25.7.1 (Yoast SEO v26.8) - https:\/\/yoast.com\/product\/yoast-seo-premium-wordpress\/ -->\n<title>Control de Acceso y Asistencia Facial 642MF Hikvision - Mivoot<\/title>\n<meta name=\"robots\" content=\"index, follow, max-snippet:-1, max-image-preview:large, max-video-preview:-1\" \/>\n<link rel=\"canonical\" href=\"https:\/\/mivoot.com\/gt\/producto\/control-de-acceso-y-asistencia-facial-642mf-hikvision\/\" \/>\n<meta property=\"og:locale\" content=\"es_ES\" \/>\n<meta property=\"og:type\" content=\"article\" \/>\n<meta property=\"og:title\" content=\"Control de Acceso y Asistencia Facial 642MF Hikvision\" \/>\n<meta property=\"og:description\" content=\"- Distancia de reconocimiento facial: de 0,3 m a 3 m.  - Capacidad para 6000 rostros - 10 000 tarjetas - 5000 huellas dactilares para dispositivos compatibles con funciones relacionadas con huellas dactilares y  - 150 000 eventos.  - Duraci\u00f3n del reconocimiento facial &lt; 0,2 s\/usuario  - precisi\u00f3n del reconocimiento facial \u2265 99 %.  - Audio bidireccional con estaci\u00f3n interior y estaci\u00f3n maestra. - Admite 6 estados de asistencia, incluyendo entrada, salida, descanso, salida, horas extras y horas extras.  - Abre la puerta de forma remota e inicia la visualizaci\u00f3n en directo mediante Hik-Connect.  - Configuraci\u00f3n a trav\u00e9s del cliente web. Compatible con los protocolos ISAPI y EHome 5.0.\" \/>\n<meta property=\"og:url\" content=\"https:\/\/mivoot.com\/gt\/producto\/control-de-acceso-y-asistencia-facial-642mf-hikvision\/\" \/>\n<meta property=\"og:site_name\" content=\"Mivoot\" \/>\n<meta property=\"article:publisher\" content=\"https:\/\/www.facebook.com\/mivootgt\" \/>\n<meta property=\"article:modified_time\" content=\"2026-04-15T16:42:44+00:00\" \/>\n<meta property=\"og:image\" content=\"https:\/\/mivoot.com\/gt\/wp-content\/uploads\/2026\/04\/DS-K1T642-0.jpg\" \/>\n\t<meta property=\"og:image:width\" content=\"800\" \/>\n\t<meta property=\"og:image:height\" content=\"447\" \/>\n\t<meta property=\"og:image:type\" content=\"image\/jpeg\" \/>\n<meta name=\"twitter:card\" content=\"summary_large_image\" \/>\n<meta name=\"twitter:label1\" content=\"Est. reading time\" \/>\n\t<meta name=\"twitter:data1\" content=\"2 minutos\" \/>\n<script type=\"application\/ld+json\" class=\"yoast-schema-graph\">{\"@context\":\"https:\/\/schema.org\",\"@graph\":[{\"@type\":\"WebPage\",\"@id\":\"https:\/\/mivoot.com\/gt\/producto\/control-de-acceso-y-asistencia-facial-642mf-hikvision\/\",\"url\":\"https:\/\/mivoot.com\/gt\/producto\/control-de-acceso-y-asistencia-facial-642mf-hikvision\/\",\"name\":\"Control de Acceso y Asistencia Facial 642MF Hikvision - Mivoot\",\"isPartOf\":{\"@id\":\"https:\/\/mivoot.com\/gt\/#website\"},\"primaryImageOfPage\":{\"@id\":\"https:\/\/mivoot.com\/gt\/producto\/control-de-acceso-y-asistencia-facial-642mf-hikvision\/#primaryimage\"},\"image\":{\"@id\":\"https:\/\/mivoot.com\/gt\/producto\/control-de-acceso-y-asistencia-facial-642mf-hikvision\/#primaryimage\"},\"thumbnailUrl\":\"https:\/\/mivoot.com\/gt\/wp-content\/uploads\/2026\/04\/DS-K1T642-0.jpg\",\"datePublished\":\"2026-04-15T16:30:33+00:00\",\"dateModified\":\"2026-04-15T16:42:44+00:00\",\"breadcrumb\":{\"@id\":\"https:\/\/mivoot.com\/gt\/producto\/control-de-acceso-y-asistencia-facial-642mf-hikvision\/#breadcrumb\"},\"inLanguage\":\"es\",\"potentialAction\":[{\"@type\":\"ReadAction\",\"target\":[\"https:\/\/mivoot.com\/gt\/producto\/control-de-acceso-y-asistencia-facial-642mf-hikvision\/\"]}]},{\"@type\":\"ImageObject\",\"inLanguage\":\"es\",\"@id\":\"https:\/\/mivoot.com\/gt\/producto\/control-de-acceso-y-asistencia-facial-642mf-hikvision\/#primaryimage\",\"url\":\"https:\/\/mivoot.com\/gt\/wp-content\/uploads\/2026\/04\/DS-K1T642-0.jpg\",\"contentUrl\":\"https:\/\/mivoot.com\/gt\/wp-content\/uploads\/2026\/04\/DS-K1T642-0.jpg\",\"width\":800,\"height\":447},{\"@type\":\"BreadcrumbList\",\"@id\":\"https:\/\/mivoot.com\/gt\/producto\/control-de-acceso-y-asistencia-facial-642mf-hikvision\/#breadcrumb\",\"itemListElement\":[{\"@type\":\"ListItem\",\"position\":1,\"name\":\"Inicio\",\"item\":\"https:\/\/mivoot.com\/gt\/\"},{\"@type\":\"ListItem\",\"position\":2,\"name\":\"Productos\",\"item\":\"https:\/\/mivoot.com\/gt\/producto\/\"},{\"@type\":\"ListItem\",\"position\":3,\"name\":\"Hikvision\",\"item\":\"https:\/\/mivoot.com\/gt\/marca\/hikvision\/\"},{\"@type\":\"ListItem\",\"position\":4,\"name\":\"Control de Acceso y Asistencia Facial 642MF Hikvision\"}]},{\"@type\":\"WebSite\",\"@id\":\"https:\/\/mivoot.com\/gt\/#website\",\"url\":\"https:\/\/mivoot.com\/gt\/\",\"name\":\"Mivoot\",\"description\":\"Mivoot Guatemala | Tienda Online\",\"publisher\":{\"@id\":\"https:\/\/mivoot.com\/gt\/#organization\"},\"alternateName\":\"mivoot\",\"potentialAction\":[{\"@type\":\"SearchAction\",\"target\":{\"@type\":\"EntryPoint\",\"urlTemplate\":\"https:\/\/mivoot.com\/gt\/?s={search_term_string}\"},\"query-input\":{\"@type\":\"PropertyValueSpecification\",\"valueRequired\":true,\"valueName\":\"search_term_string\"}}],\"inLanguage\":\"es\"},{\"@type\":\"Organization\",\"@id\":\"https:\/\/mivoot.com\/gt\/#organization\",\"name\":\"Mivoot Guatemala\",\"alternateName\":\"mivoot.com\",\"url\":\"https:\/\/mivoot.com\/gt\/\",\"logo\":{\"@type\":\"ImageObject\",\"inLanguage\":\"es\",\"@id\":\"https:\/\/mivoot.com\/gt\/#\/schema\/logo\/image\/\",\"url\":\"https:\/\/mivoot.com\/gt\/wp-content\/uploads\/2023\/03\/cropped-icon.png\",\"contentUrl\":\"https:\/\/mivoot.com\/gt\/wp-content\/uploads\/2023\/03\/cropped-icon.png\",\"width\":512,\"height\":512,\"caption\":\"Mivoot Guatemala\"},\"image\":{\"@id\":\"https:\/\/mivoot.com\/gt\/#\/schema\/logo\/image\/\"},\"sameAs\":[\"https:\/\/www.facebook.com\/mivootgt\",\"https:\/\/instagram.com\/mivoot\"]}]}<\/script>\n<!-- \/ Yoast SEO Premium plugin. -->","yoast_head_json":{"title":"Control de Acceso y Asistencia Facial 642MF Hikvision - Mivoot","robots":{"index":"index","follow":"follow","max-snippet":"max-snippet:-1","max-image-preview":"max-image-preview:large","max-video-preview":"max-video-preview:-1"},"canonical":"https:\/\/mivoot.com\/gt\/producto\/control-de-acceso-y-asistencia-facial-642mf-hikvision\/","og_locale":"es_ES","og_type":"article","og_title":"Control de Acceso y Asistencia Facial 642MF Hikvision","og_description":"- Distancia de reconocimiento facial: de 0,3 m a 3 m.  - Capacidad para 6000 rostros - 10 000 tarjetas - 5000 huellas dactilares para dispositivos compatibles con funciones relacionadas con huellas dactilares y  - 150 000 eventos.  - Duraci\u00f3n del reconocimiento facial < 0,2 s\/usuario  - precisi\u00f3n del reconocimiento facial \u2265 99 %.  - Audio bidireccional con estaci\u00f3n interior y estaci\u00f3n maestra. - Admite 6 estados de asistencia, incluyendo entrada, salida, descanso, salida, horas extras y horas extras.  - Abre la puerta de forma remota e inicia la visualizaci\u00f3n en directo mediante Hik-Connect.  - Configuraci\u00f3n a trav\u00e9s del cliente web. Compatible con los protocolos ISAPI y EHome 5.0.","og_url":"https:\/\/mivoot.com\/gt\/producto\/control-de-acceso-y-asistencia-facial-642mf-hikvision\/","og_site_name":"Mivoot","article_publisher":"https:\/\/www.facebook.com\/mivootgt","article_modified_time":"2026-04-15T16:42:44+00:00","og_image":[{"width":800,"height":447,"url":"https:\/\/mivoot.com\/gt\/wp-content\/uploads\/2026\/04\/DS-K1T642-0.jpg","type":"image\/jpeg"}],"twitter_card":"summary_large_image","twitter_misc":{"Est. reading time":"2 minutos"},"schema":{"@context":"https:\/\/schema.org","@graph":[{"@type":"WebPage","@id":"https:\/\/mivoot.com\/gt\/producto\/control-de-acceso-y-asistencia-facial-642mf-hikvision\/","url":"https:\/\/mivoot.com\/gt\/producto\/control-de-acceso-y-asistencia-facial-642mf-hikvision\/","name":"Control de Acceso y Asistencia Facial 642MF Hikvision - Mivoot","isPartOf":{"@id":"https:\/\/mivoot.com\/gt\/#website"},"primaryImageOfPage":{"@id":"https:\/\/mivoot.com\/gt\/producto\/control-de-acceso-y-asistencia-facial-642mf-hikvision\/#primaryimage"},"image":{"@id":"https:\/\/mivoot.com\/gt\/producto\/control-de-acceso-y-asistencia-facial-642mf-hikvision\/#primaryimage"},"thumbnailUrl":"https:\/\/mivoot.com\/gt\/wp-content\/uploads\/2026\/04\/DS-K1T642-0.jpg","datePublished":"2026-04-15T16:30:33+00:00","dateModified":"2026-04-15T16:42:44+00:00","breadcrumb":{"@id":"https:\/\/mivoot.com\/gt\/producto\/control-de-acceso-y-asistencia-facial-642mf-hikvision\/#breadcrumb"},"inLanguage":"es","potentialAction":[{"@type":"ReadAction","target":["https:\/\/mivoot.com\/gt\/producto\/control-de-acceso-y-asistencia-facial-642mf-hikvision\/"]}]},{"@type":"ImageObject","inLanguage":"es","@id":"https:\/\/mivoot.com\/gt\/producto\/control-de-acceso-y-asistencia-facial-642mf-hikvision\/#primaryimage","url":"https:\/\/mivoot.com\/gt\/wp-content\/uploads\/2026\/04\/DS-K1T642-0.jpg","contentUrl":"https:\/\/mivoot.com\/gt\/wp-content\/uploads\/2026\/04\/DS-K1T642-0.jpg","width":800,"height":447},{"@type":"BreadcrumbList","@id":"https:\/\/mivoot.com\/gt\/producto\/control-de-acceso-y-asistencia-facial-642mf-hikvision\/#breadcrumb","itemListElement":[{"@type":"ListItem","position":1,"name":"Inicio","item":"https:\/\/mivoot.com\/gt\/"},{"@type":"ListItem","position":2,"name":"Productos","item":"https:\/\/mivoot.com\/gt\/producto\/"},{"@type":"ListItem","position":3,"name":"Hikvision","item":"https:\/\/mivoot.com\/gt\/marca\/hikvision\/"},{"@type":"ListItem","position":4,"name":"Control de Acceso y Asistencia Facial 642MF Hikvision"}]},{"@type":"WebSite","@id":"https:\/\/mivoot.com\/gt\/#website","url":"https:\/\/mivoot.com\/gt\/","name":"Mivoot","description":"Mivoot Guatemala | Tienda Online","publisher":{"@id":"https:\/\/mivoot.com\/gt\/#organization"},"alternateName":"mivoot","potentialAction":[{"@type":"SearchAction","target":{"@type":"EntryPoint","urlTemplate":"https:\/\/mivoot.com\/gt\/?s={search_term_string}"},"query-input":{"@type":"PropertyValueSpecification","valueRequired":true,"valueName":"search_term_string"}}],"inLanguage":"es"},{"@type":"Organization","@id":"https:\/\/mivoot.com\/gt\/#organization","name":"Mivoot Guatemala","alternateName":"mivoot.com","url":"https:\/\/mivoot.com\/gt\/","logo":{"@type":"ImageObject","inLanguage":"es","@id":"https:\/\/mivoot.com\/gt\/#\/schema\/logo\/image\/","url":"https:\/\/mivoot.com\/gt\/wp-content\/uploads\/2023\/03\/cropped-icon.png","contentUrl":"https:\/\/mivoot.com\/gt\/wp-content\/uploads\/2023\/03\/cropped-icon.png","width":512,"height":512,"caption":"Mivoot Guatemala"},"image":{"@id":"https:\/\/mivoot.com\/gt\/#\/schema\/logo\/image\/"},"sameAs":["https:\/\/www.facebook.com\/mivootgt","https:\/\/instagram.com\/mivoot"]}]}},"jetpack_publicize_connections":[],"jetpack_sharing_enabled":true,"brands":[{"id":113,"name":"Hikvision","slug":"hikvision"}],"_links":{"self":[{"href":"https:\/\/mivoot.com\/gt\/wp-json\/wp\/v2\/product\/33172","targetHints":{"allow":["GET"]}}],"collection":[{"href":"https:\/\/mivoot.com\/gt\/wp-json\/wp\/v2\/product"}],"about":[{"href":"https:\/\/mivoot.com\/gt\/wp-json\/wp\/v2\/types\/product"}],"replies":[{"embeddable":true,"href":"https:\/\/mivoot.com\/gt\/wp-json\/wp\/v2\/comments?post=33172"}],"version-history":[{"count":1,"href":"https:\/\/mivoot.com\/gt\/wp-json\/wp\/v2\/product\/33172\/revisions"}],"predecessor-version":[{"id":33176,"href":"https:\/\/mivoot.com\/gt\/wp-json\/wp\/v2\/product\/33172\/revisions\/33176"}],"wp:featuredmedia":[{"embeddable":true,"href":"https:\/\/mivoot.com\/gt\/wp-json\/wp\/v2\/media\/33174"}],"wp:attachment":[{"href":"https:\/\/mivoot.com\/gt\/wp-json\/wp\/v2\/media?parent=33172"}],"wp:term":[{"taxonomy":"pwb-brand","embeddable":true,"href":"https:\/\/mivoot.com\/gt\/wp-json\/wp\/v2\/pwb-brand?post=33172"},{"taxonomy":"product_brand","embeddable":true,"href":"https:\/\/mivoot.com\/gt\/wp-json\/wp\/v2\/product_brand?post=33172"},{"taxonomy":"product_cat","embeddable":true,"href":"https:\/\/mivoot.com\/gt\/wp-json\/wp\/v2\/product_cat?post=33172"},{"taxonomy":"product_tag","embeddable":true,"href":"https:\/\/mivoot.com\/gt\/wp-json\/wp\/v2\/product_tag?post=33172"}],"curies":[{"name":"wp","href":"https:\/\/api.w.org\/{rel}","templated":true}]}}