{"id":33183,"date":"2026-04-15T14:19:47","date_gmt":"2026-04-15T20:19:47","guid":{"rendered":"https:\/\/mivoot.com\/gt\/?post_type=product&#038;p=33183"},"modified":"2026-04-15T14:19:48","modified_gmt":"2026-04-15T20:19:48","slug":"disco-duro-2tb-de-vigilancia-3-5-sata-hikvision","status":"publish","type":"product","link":"https:\/\/mivoot.com\/gt\/producto\/disco-duro-2tb-de-vigilancia-3-5-sata-hikvision\/","title":{"rendered":"Disco Duro 2TB de Vigilancia 3.5&#8243; SATA Hikvision"},"content":{"rendered":"<h1 style=\"text-align: center;\">Disco Duro 2TB de Vigilancia 3.5&#8243; SATA 5400 RPM Hikvision<\/h1>\n<p>El disco duro Hikvision DS-20HKVS-VX1 es una unidad de almacenamiento SATA III de 2TB y 3.5 pulgadas, dise\u00f1ada espec\u00edficamente para entornos de videovigilancia con operaci\u00f3n 24\/7. Su arquitectura est\u00e1 optimizada para manejar cargas de trabajo intensivas de escritura de datos, garantizando una alta fiabilidad y durabilidad en sistemas DVR y NVR. Incorpora tecnolog\u00edas avanzadas para la gesti\u00f3n de errores y la estabilidad de la grabaci\u00f3n continua, minimizando la p\u00e9rdida de fotogramas y asegurando la integridad de los datos cr\u00edticos. Compatible con una amplia gama de grabadores de video digital y en red, este HDD es esencial para infraestructuras de seguridad que requieren un almacenamiento robusto y un rendimiento sostenido bajo demanda constante, ofreciendo compatibilidad con est\u00e1ndares de la industria para integraci\u00f3n fluida en sistemas existentes.<\/p>\n<h1 style=\"font-weight: 700 !important;\">Especificaci\u00f3n del producto<\/h1>\n<table>\n<tbody>\n<tr>\n<td><b><strong>Marca<\/strong><\/b><\/td>\n<td>Hikvision<\/td>\n<\/tr>\n<tr>\n<td><b><strong>Modelo<\/strong><\/b><\/td>\n<td>Hikvision 2TB<\/td>\n<\/tr>\n<tr>\n<td><b><strong>Tipo<\/strong><\/b><\/td>\n<td>Vigilancia HDD<\/td>\n<\/tr>\n<tr>\n<td><b><strong>N\u00famero de pieza<\/strong><\/b><\/td>\n<td>DS20HKVS-VX1<\/td>\n<\/tr>\n<tr>\n<td><b><strong>Almacenamiento<\/strong><\/b><\/td>\n<td>2 TB<\/td>\n<\/tr>\n<tr>\n<td><b><strong>Factor de forma<\/strong><\/b><\/td>\n<td>3,5 pulgadas<\/td>\n<\/tr>\n<tr>\n<td><b><strong>Interfaz(es)<\/strong><\/b><\/td>\n<td>SATA 6,0 Gb\/s<\/td>\n<\/tr>\n<tr>\n<td><b><strong>RPM<\/strong><\/b><\/td>\n<td>5400 RPM<\/td>\n<\/tr>\n<tr>\n<td><b><strong>Buffer<\/strong><\/b><\/td>\n<td>128 MB<\/td>\n<\/tr>\n<tr>\n<td><b><strong>MTBF<\/strong><\/b><\/td>\n<td>1.000.000 de horas<\/td>\n<\/tr>\n<tr>\n<td><b><strong>Sensor de impacto<\/strong><\/b><\/td>\n<td>S\u00ed<\/td>\n<\/tr>\n<tr>\n<td><b><strong>Resistencia a los golpes<\/strong><\/b><\/td>\n<td>3430 m\/s2 { 350 G } (duraci\u00f3n de 2 ms)<\/td>\n<\/tr>\n<tr>\n<td><b><strong>Tasas de transferencia de datos<\/strong><\/b><\/td>\n<td>176,4 MB\/s<\/td>\n<\/tr>\n<tr>\n<td><b><strong>Consumo de energ\u00eda<\/strong><\/b><\/td>\n<td>15W<\/td>\n<\/tr>\n<\/tbody>\n<\/table>\n","protected":false},"excerpt":{"rendered":"<p>&#8211; Almacenamiento: 2 TB<br \/>\n&#8211; Factor de forma (pulgadas): 3,5 pulgadas<br \/>\n&#8211; Interfaz(es) &#8211; SATA 6,0 Gb\/s<br \/>\n&#8211; RPM &#8211; 5400 RPM<br \/>\n&#8211; Velocidad de transferencia de datos: 176,4 MB\/s<br \/>\n&#8211; Admite hasta 32 transmisiones de c\u00e1mara HD.<br \/>\n&#8211; El b\u00fafer de cach\u00e9 de 128 MB ayuda a grabar videos de forma fluida y evita la p\u00e9rdida de fotogramas.<br \/>\n&#8211; Dise\u00f1ado para funcionar 24\/7.<br \/>\n&#8211; Carga anual de 180 TB\/a\u00f1o.<br \/>\n&#8211; MTBF de 1 mill\u00f3n de horas.<br \/>\n&#8211; Factor de forma est\u00e1ndar de la industria de 3,5&#8243; e interfaz SATA.<br \/>\n&#8211; Tecnolog\u00eda avanzada de sector 512e.<\/p>\n","protected":false},"featured_media":33198,"comment_status":"open","ping_status":"closed","template":"","meta":{"jetpack_publicize_message":"","jetpack_publicize_feature_enabled":true,"jetpack_social_post_already_shared":true,"jetpack_social_options":{"image_generator_settings":{"template":"highway","default_image_id":0,"font":"","enabled":false},"version":2}},"pwb-brand":[113],"product_brand":[],"product_cat":[157],"product_tag":[],"class_list":{"0":"post-33183","1":"product","2":"type-product","3":"status-publish","4":"has-post-thumbnail","6":"pwb-brand-hikvision","7":"product_cat-disco-duro-vigilancia","9":"first","10":"instock","11":"taxable","12":"shipping-taxable","13":"product-type-simple"},"yoast_head":"<!-- This site is optimized with the Yoast SEO Premium plugin v25.7.1 (Yoast SEO v26.8) - https:\/\/yoast.com\/product\/yoast-seo-premium-wordpress\/ -->\n<title>Disco Duro 2TB de Vigilancia 3.5&quot; SATA Hikvision - Mivoot<\/title>\n<meta name=\"robots\" content=\"index, follow, max-snippet:-1, max-image-preview:large, max-video-preview:-1\" \/>\n<link rel=\"canonical\" href=\"https:\/\/mivoot.com\/gt\/producto\/disco-duro-2tb-de-vigilancia-3-5-sata-hikvision\/\" \/>\n<meta property=\"og:locale\" content=\"es_ES\" \/>\n<meta property=\"og:type\" content=\"article\" \/>\n<meta property=\"og:title\" content=\"Disco Duro 2TB de Vigilancia 3.5&quot; SATA Hikvision\" \/>\n<meta property=\"og:description\" content=\"- Almacenamiento: 2 TB     - Factor de forma (pulgadas): 3,5 pulgadas     - Interfaz(es) - SATA 6,0 Gb\/s     - RPM - 5400 RPM     - Velocidad de transferencia de datos: 176,4 MB\/s  - Admite hasta 32 transmisiones de c\u00e1mara HD. - El b\u00fafer de cach\u00e9 de 128 MB ayuda a grabar videos de forma fluida y evita la p\u00e9rdida de fotogramas. - Dise\u00f1ado para funcionar 24\/7. - Carga anual de 180 TB\/a\u00f1o. - MTBF de 1 mill\u00f3n de horas. - Factor de forma est\u00e1ndar de la industria de 3,5&quot; e interfaz SATA. - Tecnolog\u00eda avanzada de sector 512e.\" \/>\n<meta property=\"og:url\" content=\"https:\/\/mivoot.com\/gt\/producto\/disco-duro-2tb-de-vigilancia-3-5-sata-hikvision\/\" \/>\n<meta property=\"og:site_name\" content=\"Mivoot\" \/>\n<meta property=\"article:publisher\" content=\"https:\/\/www.facebook.com\/mivootgt\" \/>\n<meta property=\"article:modified_time\" content=\"2026-04-15T20:19:48+00:00\" \/>\n<meta property=\"og:image\" content=\"https:\/\/mivoot.com\/gt\/wp-content\/uploads\/2026\/04\/DS20HKVS-VX1.png\" \/>\n\t<meta property=\"og:image:width\" content=\"600\" \/>\n\t<meta property=\"og:image:height\" content=\"600\" \/>\n\t<meta property=\"og:image:type\" content=\"image\/png\" \/>\n<meta name=\"twitter:card\" content=\"summary_large_image\" \/>\n<meta name=\"twitter:label1\" content=\"Est. reading time\" \/>\n\t<meta name=\"twitter:data1\" content=\"2 minutos\" \/>\n<script type=\"application\/ld+json\" class=\"yoast-schema-graph\">{\"@context\":\"https:\/\/schema.org\",\"@graph\":[{\"@type\":\"WebPage\",\"@id\":\"https:\/\/mivoot.com\/gt\/producto\/disco-duro-2tb-de-vigilancia-3-5-sata-hikvision\/\",\"url\":\"https:\/\/mivoot.com\/gt\/producto\/disco-duro-2tb-de-vigilancia-3-5-sata-hikvision\/\",\"name\":\"Disco Duro 2TB de Vigilancia 3.5\\\" SATA Hikvision - Mivoot\",\"isPartOf\":{\"@id\":\"https:\/\/mivoot.com\/gt\/#website\"},\"primaryImageOfPage\":{\"@id\":\"https:\/\/mivoot.com\/gt\/producto\/disco-duro-2tb-de-vigilancia-3-5-sata-hikvision\/#primaryimage\"},\"image\":{\"@id\":\"https:\/\/mivoot.com\/gt\/producto\/disco-duro-2tb-de-vigilancia-3-5-sata-hikvision\/#primaryimage\"},\"thumbnailUrl\":\"https:\/\/mivoot.com\/gt\/wp-content\/uploads\/2026\/04\/DS20HKVS-VX1.png\",\"datePublished\":\"2026-04-15T20:19:47+00:00\",\"dateModified\":\"2026-04-15T20:19:48+00:00\",\"breadcrumb\":{\"@id\":\"https:\/\/mivoot.com\/gt\/producto\/disco-duro-2tb-de-vigilancia-3-5-sata-hikvision\/#breadcrumb\"},\"inLanguage\":\"es\",\"potentialAction\":[{\"@type\":\"ReadAction\",\"target\":[\"https:\/\/mivoot.com\/gt\/producto\/disco-duro-2tb-de-vigilancia-3-5-sata-hikvision\/\"]}]},{\"@type\":\"ImageObject\",\"inLanguage\":\"es\",\"@id\":\"https:\/\/mivoot.com\/gt\/producto\/disco-duro-2tb-de-vigilancia-3-5-sata-hikvision\/#primaryimage\",\"url\":\"https:\/\/mivoot.com\/gt\/wp-content\/uploads\/2026\/04\/DS20HKVS-VX1.png\",\"contentUrl\":\"https:\/\/mivoot.com\/gt\/wp-content\/uploads\/2026\/04\/DS20HKVS-VX1.png\",\"width\":600,\"height\":600},{\"@type\":\"BreadcrumbList\",\"@id\":\"https:\/\/mivoot.com\/gt\/producto\/disco-duro-2tb-de-vigilancia-3-5-sata-hikvision\/#breadcrumb\",\"itemListElement\":[{\"@type\":\"ListItem\",\"position\":1,\"name\":\"Inicio\",\"item\":\"https:\/\/mivoot.com\/gt\/\"},{\"@type\":\"ListItem\",\"position\":2,\"name\":\"Productos\",\"item\":\"https:\/\/mivoot.com\/gt\/producto\/\"},{\"@type\":\"ListItem\",\"position\":3,\"name\":\"Hikvision\",\"item\":\"https:\/\/mivoot.com\/gt\/marca\/hikvision\/\"},{\"@type\":\"ListItem\",\"position\":4,\"name\":\"Disco Duro 2TB de Vigilancia 3.5&#8243; SATA Hikvision\"}]},{\"@type\":\"WebSite\",\"@id\":\"https:\/\/mivoot.com\/gt\/#website\",\"url\":\"https:\/\/mivoot.com\/gt\/\",\"name\":\"Mivoot\",\"description\":\"Mivoot Guatemala | Tienda Online\",\"publisher\":{\"@id\":\"https:\/\/mivoot.com\/gt\/#organization\"},\"alternateName\":\"mivoot\",\"potentialAction\":[{\"@type\":\"SearchAction\",\"target\":{\"@type\":\"EntryPoint\",\"urlTemplate\":\"https:\/\/mivoot.com\/gt\/?s={search_term_string}\"},\"query-input\":{\"@type\":\"PropertyValueSpecification\",\"valueRequired\":true,\"valueName\":\"search_term_string\"}}],\"inLanguage\":\"es\"},{\"@type\":\"Organization\",\"@id\":\"https:\/\/mivoot.com\/gt\/#organization\",\"name\":\"Mivoot Guatemala\",\"alternateName\":\"mivoot.com\",\"url\":\"https:\/\/mivoot.com\/gt\/\",\"logo\":{\"@type\":\"ImageObject\",\"inLanguage\":\"es\",\"@id\":\"https:\/\/mivoot.com\/gt\/#\/schema\/logo\/image\/\",\"url\":\"https:\/\/mivoot.com\/gt\/wp-content\/uploads\/2023\/03\/cropped-icon.png\",\"contentUrl\":\"https:\/\/mivoot.com\/gt\/wp-content\/uploads\/2023\/03\/cropped-icon.png\",\"width\":512,\"height\":512,\"caption\":\"Mivoot Guatemala\"},\"image\":{\"@id\":\"https:\/\/mivoot.com\/gt\/#\/schema\/logo\/image\/\"},\"sameAs\":[\"https:\/\/www.facebook.com\/mivootgt\",\"https:\/\/instagram.com\/mivoot\"]}]}<\/script>\n<!-- \/ Yoast SEO Premium plugin. -->","yoast_head_json":{"title":"Disco Duro 2TB de Vigilancia 3.5\" SATA Hikvision - Mivoot","robots":{"index":"index","follow":"follow","max-snippet":"max-snippet:-1","max-image-preview":"max-image-preview:large","max-video-preview":"max-video-preview:-1"},"canonical":"https:\/\/mivoot.com\/gt\/producto\/disco-duro-2tb-de-vigilancia-3-5-sata-hikvision\/","og_locale":"es_ES","og_type":"article","og_title":"Disco Duro 2TB de Vigilancia 3.5\" SATA Hikvision","og_description":"- Almacenamiento: 2 TB     - Factor de forma (pulgadas): 3,5 pulgadas     - Interfaz(es) - SATA 6,0 Gb\/s     - RPM - 5400 RPM     - Velocidad de transferencia de datos: 176,4 MB\/s  - Admite hasta 32 transmisiones de c\u00e1mara HD. - El b\u00fafer de cach\u00e9 de 128 MB ayuda a grabar videos de forma fluida y evita la p\u00e9rdida de fotogramas. - Dise\u00f1ado para funcionar 24\/7. - Carga anual de 180 TB\/a\u00f1o. - MTBF de 1 mill\u00f3n de horas. - Factor de forma est\u00e1ndar de la industria de 3,5\" e interfaz SATA. - Tecnolog\u00eda avanzada de sector 512e.","og_url":"https:\/\/mivoot.com\/gt\/producto\/disco-duro-2tb-de-vigilancia-3-5-sata-hikvision\/","og_site_name":"Mivoot","article_publisher":"https:\/\/www.facebook.com\/mivootgt","article_modified_time":"2026-04-15T20:19:48+00:00","og_image":[{"width":600,"height":600,"url":"https:\/\/mivoot.com\/gt\/wp-content\/uploads\/2026\/04\/DS20HKVS-VX1.png","type":"image\/png"}],"twitter_card":"summary_large_image","twitter_misc":{"Est. reading time":"2 minutos"},"schema":{"@context":"https:\/\/schema.org","@graph":[{"@type":"WebPage","@id":"https:\/\/mivoot.com\/gt\/producto\/disco-duro-2tb-de-vigilancia-3-5-sata-hikvision\/","url":"https:\/\/mivoot.com\/gt\/producto\/disco-duro-2tb-de-vigilancia-3-5-sata-hikvision\/","name":"Disco Duro 2TB de Vigilancia 3.5\" SATA Hikvision - Mivoot","isPartOf":{"@id":"https:\/\/mivoot.com\/gt\/#website"},"primaryImageOfPage":{"@id":"https:\/\/mivoot.com\/gt\/producto\/disco-duro-2tb-de-vigilancia-3-5-sata-hikvision\/#primaryimage"},"image":{"@id":"https:\/\/mivoot.com\/gt\/producto\/disco-duro-2tb-de-vigilancia-3-5-sata-hikvision\/#primaryimage"},"thumbnailUrl":"https:\/\/mivoot.com\/gt\/wp-content\/uploads\/2026\/04\/DS20HKVS-VX1.png","datePublished":"2026-04-15T20:19:47+00:00","dateModified":"2026-04-15T20:19:48+00:00","breadcrumb":{"@id":"https:\/\/mivoot.com\/gt\/producto\/disco-duro-2tb-de-vigilancia-3-5-sata-hikvision\/#breadcrumb"},"inLanguage":"es","potentialAction":[{"@type":"ReadAction","target":["https:\/\/mivoot.com\/gt\/producto\/disco-duro-2tb-de-vigilancia-3-5-sata-hikvision\/"]}]},{"@type":"ImageObject","inLanguage":"es","@id":"https:\/\/mivoot.com\/gt\/producto\/disco-duro-2tb-de-vigilancia-3-5-sata-hikvision\/#primaryimage","url":"https:\/\/mivoot.com\/gt\/wp-content\/uploads\/2026\/04\/DS20HKVS-VX1.png","contentUrl":"https:\/\/mivoot.com\/gt\/wp-content\/uploads\/2026\/04\/DS20HKVS-VX1.png","width":600,"height":600},{"@type":"BreadcrumbList","@id":"https:\/\/mivoot.com\/gt\/producto\/disco-duro-2tb-de-vigilancia-3-5-sata-hikvision\/#breadcrumb","itemListElement":[{"@type":"ListItem","position":1,"name":"Inicio","item":"https:\/\/mivoot.com\/gt\/"},{"@type":"ListItem","position":2,"name":"Productos","item":"https:\/\/mivoot.com\/gt\/producto\/"},{"@type":"ListItem","position":3,"name":"Hikvision","item":"https:\/\/mivoot.com\/gt\/marca\/hikvision\/"},{"@type":"ListItem","position":4,"name":"Disco Duro 2TB de Vigilancia 3.5&#8243; SATA Hikvision"}]},{"@type":"WebSite","@id":"https:\/\/mivoot.com\/gt\/#website","url":"https:\/\/mivoot.com\/gt\/","name":"Mivoot","description":"Mivoot Guatemala | Tienda Online","publisher":{"@id":"https:\/\/mivoot.com\/gt\/#organization"},"alternateName":"mivoot","potentialAction":[{"@type":"SearchAction","target":{"@type":"EntryPoint","urlTemplate":"https:\/\/mivoot.com\/gt\/?s={search_term_string}"},"query-input":{"@type":"PropertyValueSpecification","valueRequired":true,"valueName":"search_term_string"}}],"inLanguage":"es"},{"@type":"Organization","@id":"https:\/\/mivoot.com\/gt\/#organization","name":"Mivoot Guatemala","alternateName":"mivoot.com","url":"https:\/\/mivoot.com\/gt\/","logo":{"@type":"ImageObject","inLanguage":"es","@id":"https:\/\/mivoot.com\/gt\/#\/schema\/logo\/image\/","url":"https:\/\/mivoot.com\/gt\/wp-content\/uploads\/2023\/03\/cropped-icon.png","contentUrl":"https:\/\/mivoot.com\/gt\/wp-content\/uploads\/2023\/03\/cropped-icon.png","width":512,"height":512,"caption":"Mivoot Guatemala"},"image":{"@id":"https:\/\/mivoot.com\/gt\/#\/schema\/logo\/image\/"},"sameAs":["https:\/\/www.facebook.com\/mivootgt","https:\/\/instagram.com\/mivoot"]}]}},"jetpack_publicize_connections":[],"jetpack_sharing_enabled":true,"brands":[{"id":113,"name":"Hikvision","slug":"hikvision"}],"_links":{"self":[{"href":"https:\/\/mivoot.com\/gt\/wp-json\/wp\/v2\/product\/33183","targetHints":{"allow":["GET"]}}],"collection":[{"href":"https:\/\/mivoot.com\/gt\/wp-json\/wp\/v2\/product"}],"about":[{"href":"https:\/\/mivoot.com\/gt\/wp-json\/wp\/v2\/types\/product"}],"replies":[{"embeddable":true,"href":"https:\/\/mivoot.com\/gt\/wp-json\/wp\/v2\/comments?post=33183"}],"version-history":[{"count":1,"href":"https:\/\/mivoot.com\/gt\/wp-json\/wp\/v2\/product\/33183\/revisions"}],"predecessor-version":[{"id":33200,"href":"https:\/\/mivoot.com\/gt\/wp-json\/wp\/v2\/product\/33183\/revisions\/33200"}],"wp:featuredmedia":[{"embeddable":true,"href":"https:\/\/mivoot.com\/gt\/wp-json\/wp\/v2\/media\/33198"}],"wp:attachment":[{"href":"https:\/\/mivoot.com\/gt\/wp-json\/wp\/v2\/media?parent=33183"}],"wp:term":[{"taxonomy":"pwb-brand","embeddable":true,"href":"https:\/\/mivoot.com\/gt\/wp-json\/wp\/v2\/pwb-brand?post=33183"},{"taxonomy":"product_brand","embeddable":true,"href":"https:\/\/mivoot.com\/gt\/wp-json\/wp\/v2\/product_brand?post=33183"},{"taxonomy":"product_cat","embeddable":true,"href":"https:\/\/mivoot.com\/gt\/wp-json\/wp\/v2\/product_cat?post=33183"},{"taxonomy":"product_tag","embeddable":true,"href":"https:\/\/mivoot.com\/gt\/wp-json\/wp\/v2\/product_tag?post=33183"}],"curies":[{"name":"wp","href":"https:\/\/api.w.org\/{rel}","templated":true}]}}