{"id":33187,"date":"2026-04-15T14:08:43","date_gmt":"2026-04-15T20:08:43","guid":{"rendered":"https:\/\/mivoot.com\/gt\/?post_type=product&#038;p=33187"},"modified":"2026-04-15T14:08:44","modified_gmt":"2026-04-15T20:08:44","slug":"disco-duro-empresarial-20-tb-para-servidores-7200-rpm-sata-hikvision","status":"publish","type":"product","link":"https:\/\/mivoot.com\/gt\/producto\/disco-duro-empresarial-20-tb-para-servidores-7200-rpm-sata-hikvision\/","title":{"rendered":"Disco Duro Empresarial 20 TB para Servidores 7200 RPM SATA Hikvision"},"content":{"rendered":"<h1 style=\"text-align: center;\">Disco Duro Empresarial 20 TB 7200 RPM SATA Hikvision<\/h1>\n<p><span dir=\"auto\">\u25cf Factor de forma est\u00e1ndar de 3,5 pulgadas con una altura de 26,1 mm;<\/span><br \/>\n<span dir=\"auto\">\u25cf Rendimiento de 7200 RPM, interfaz SATA de 6 Gb\/s;<\/span><br \/>\n<span dir=\"auto\">\u25cf Factor de forma est\u00e1ndar de 3,5 pulgadas;<\/span><br \/>\n<span dir=\"auto\">\u25cf Dise\u00f1ado para funcionamiento 24\/7;<\/span><br \/>\n<span dir=\"auto\">\u25cf El b\u00fafer de cach\u00e9 de 512 MB garantiza una grabaci\u00f3n de v\u00eddeo fluida y evita la p\u00e9rdida de fotogramas;<\/span><\/p>\n","protected":false},"excerpt":{"rendered":"<p>&#8211; Capacidad de 20 TB para almacenamiento masivo<br \/>\n&#8211; Velocidad de rotaci\u00f3n de 7200 RPM<br \/>\n&#8211; B\u00fafer de 512 MB para mayor eficiencia<br \/>\n&#8211; Interfaz SATA 6 Gb\/s para transferencia r\u00e1pida<br \/>\n&#8211; Transferencia anual de 550 TB<br \/>\n&#8211; Dise\u00f1ado para operaci\u00f3n continua 24\/7<\/p>\n","protected":false},"featured_media":33189,"comment_status":"open","ping_status":"closed","template":"","meta":{"jetpack_publicize_message":"","jetpack_publicize_feature_enabled":true,"jetpack_social_post_already_shared":true,"jetpack_social_options":{"image_generator_settings":{"template":"highway","default_image_id":0,"font":"","enabled":false},"version":2}},"pwb-brand":[113],"product_brand":[],"product_cat":[157],"product_tag":[],"class_list":{"0":"post-33187","1":"product","2":"type-product","3":"status-publish","4":"has-post-thumbnail","6":"pwb-brand-hikvision","7":"product_cat-disco-duro-vigilancia","9":"first","10":"instock","11":"taxable","12":"shipping-taxable","13":"product-type-simple"},"yoast_head":"<!-- This site is optimized with the Yoast SEO Premium plugin v25.7.1 (Yoast SEO v26.8) - https:\/\/yoast.com\/product\/yoast-seo-premium-wordpress\/ -->\n<title>Disco Duro Empresarial 20 TB para Servidores 7200 RPM SATA Hikvision - Mivoot<\/title>\n<meta name=\"robots\" content=\"index, follow, max-snippet:-1, max-image-preview:large, max-video-preview:-1\" \/>\n<link rel=\"canonical\" href=\"https:\/\/mivoot.com\/gt\/producto\/disco-duro-empresarial-20-tb-para-servidores-7200-rpm-sata-hikvision\/\" \/>\n<meta property=\"og:locale\" content=\"es_ES\" \/>\n<meta property=\"og:type\" content=\"article\" \/>\n<meta property=\"og:title\" content=\"Disco Duro Empresarial 20 TB para Servidores 7200 RPM SATA Hikvision\" \/>\n<meta property=\"og:description\" content=\"- Capacidad de 20 TB para almacenamiento masivo - Velocidad de rotaci\u00f3n de 7200 RPM - B\u00fafer de 512 MB para mayor eficiencia - Interfaz SATA 6 Gb\/s para transferencia r\u00e1pida - Transferencia anual de 550 TB - Dise\u00f1ado para operaci\u00f3n continua 24\/7\" \/>\n<meta property=\"og:url\" content=\"https:\/\/mivoot.com\/gt\/producto\/disco-duro-empresarial-20-tb-para-servidores-7200-rpm-sata-hikvision\/\" \/>\n<meta property=\"og:site_name\" content=\"Mivoot\" \/>\n<meta property=\"article:publisher\" content=\"https:\/\/www.facebook.com\/mivootgt\" \/>\n<meta property=\"article:modified_time\" content=\"2026-04-15T20:08:44+00:00\" \/>\n<meta property=\"og:image\" content=\"https:\/\/mivoot.com\/gt\/wp-content\/uploads\/2026\/04\/disco-hik.png\" \/>\n\t<meta property=\"og:image:width\" content=\"1000\" \/>\n\t<meta property=\"og:image:height\" content=\"727\" \/>\n\t<meta property=\"og:image:type\" content=\"image\/png\" \/>\n<meta name=\"twitter:card\" content=\"summary_large_image\" \/>\n<meta name=\"twitter:label1\" content=\"Est. reading time\" \/>\n\t<meta name=\"twitter:data1\" content=\"1 minuto\" \/>\n<script type=\"application\/ld+json\" class=\"yoast-schema-graph\">{\"@context\":\"https:\/\/schema.org\",\"@graph\":[{\"@type\":\"WebPage\",\"@id\":\"https:\/\/mivoot.com\/gt\/producto\/disco-duro-empresarial-20-tb-para-servidores-7200-rpm-sata-hikvision\/\",\"url\":\"https:\/\/mivoot.com\/gt\/producto\/disco-duro-empresarial-20-tb-para-servidores-7200-rpm-sata-hikvision\/\",\"name\":\"Disco Duro Empresarial 20 TB para Servidores 7200 RPM SATA Hikvision - Mivoot\",\"isPartOf\":{\"@id\":\"https:\/\/mivoot.com\/gt\/#website\"},\"primaryImageOfPage\":{\"@id\":\"https:\/\/mivoot.com\/gt\/producto\/disco-duro-empresarial-20-tb-para-servidores-7200-rpm-sata-hikvision\/#primaryimage\"},\"image\":{\"@id\":\"https:\/\/mivoot.com\/gt\/producto\/disco-duro-empresarial-20-tb-para-servidores-7200-rpm-sata-hikvision\/#primaryimage\"},\"thumbnailUrl\":\"https:\/\/mivoot.com\/gt\/wp-content\/uploads\/2026\/04\/disco-hik.png\",\"datePublished\":\"2026-04-15T20:08:43+00:00\",\"dateModified\":\"2026-04-15T20:08:44+00:00\",\"breadcrumb\":{\"@id\":\"https:\/\/mivoot.com\/gt\/producto\/disco-duro-empresarial-20-tb-para-servidores-7200-rpm-sata-hikvision\/#breadcrumb\"},\"inLanguage\":\"es\",\"potentialAction\":[{\"@type\":\"ReadAction\",\"target\":[\"https:\/\/mivoot.com\/gt\/producto\/disco-duro-empresarial-20-tb-para-servidores-7200-rpm-sata-hikvision\/\"]}]},{\"@type\":\"ImageObject\",\"inLanguage\":\"es\",\"@id\":\"https:\/\/mivoot.com\/gt\/producto\/disco-duro-empresarial-20-tb-para-servidores-7200-rpm-sata-hikvision\/#primaryimage\",\"url\":\"https:\/\/mivoot.com\/gt\/wp-content\/uploads\/2026\/04\/disco-hik.png\",\"contentUrl\":\"https:\/\/mivoot.com\/gt\/wp-content\/uploads\/2026\/04\/disco-hik.png\",\"width\":1000,\"height\":727},{\"@type\":\"BreadcrumbList\",\"@id\":\"https:\/\/mivoot.com\/gt\/producto\/disco-duro-empresarial-20-tb-para-servidores-7200-rpm-sata-hikvision\/#breadcrumb\",\"itemListElement\":[{\"@type\":\"ListItem\",\"position\":1,\"name\":\"Inicio\",\"item\":\"https:\/\/mivoot.com\/gt\/\"},{\"@type\":\"ListItem\",\"position\":2,\"name\":\"Productos\",\"item\":\"https:\/\/mivoot.com\/gt\/producto\/\"},{\"@type\":\"ListItem\",\"position\":3,\"name\":\"Hikvision\",\"item\":\"https:\/\/mivoot.com\/gt\/marca\/hikvision\/\"},{\"@type\":\"ListItem\",\"position\":4,\"name\":\"Disco Duro Empresarial 20 TB para Servidores 7200 RPM SATA Hikvision\"}]},{\"@type\":\"WebSite\",\"@id\":\"https:\/\/mivoot.com\/gt\/#website\",\"url\":\"https:\/\/mivoot.com\/gt\/\",\"name\":\"Mivoot\",\"description\":\"Mivoot Guatemala | Tienda Online\",\"publisher\":{\"@id\":\"https:\/\/mivoot.com\/gt\/#organization\"},\"alternateName\":\"mivoot\",\"potentialAction\":[{\"@type\":\"SearchAction\",\"target\":{\"@type\":\"EntryPoint\",\"urlTemplate\":\"https:\/\/mivoot.com\/gt\/?s={search_term_string}\"},\"query-input\":{\"@type\":\"PropertyValueSpecification\",\"valueRequired\":true,\"valueName\":\"search_term_string\"}}],\"inLanguage\":\"es\"},{\"@type\":\"Organization\",\"@id\":\"https:\/\/mivoot.com\/gt\/#organization\",\"name\":\"Mivoot Guatemala\",\"alternateName\":\"mivoot.com\",\"url\":\"https:\/\/mivoot.com\/gt\/\",\"logo\":{\"@type\":\"ImageObject\",\"inLanguage\":\"es\",\"@id\":\"https:\/\/mivoot.com\/gt\/#\/schema\/logo\/image\/\",\"url\":\"https:\/\/mivoot.com\/gt\/wp-content\/uploads\/2023\/03\/cropped-icon.png\",\"contentUrl\":\"https:\/\/mivoot.com\/gt\/wp-content\/uploads\/2023\/03\/cropped-icon.png\",\"width\":512,\"height\":512,\"caption\":\"Mivoot Guatemala\"},\"image\":{\"@id\":\"https:\/\/mivoot.com\/gt\/#\/schema\/logo\/image\/\"},\"sameAs\":[\"https:\/\/www.facebook.com\/mivootgt\",\"https:\/\/instagram.com\/mivoot\"]}]}<\/script>\n<!-- \/ Yoast SEO Premium plugin. -->","yoast_head_json":{"title":"Disco Duro Empresarial 20 TB para Servidores 7200 RPM SATA Hikvision - Mivoot","robots":{"index":"index","follow":"follow","max-snippet":"max-snippet:-1","max-image-preview":"max-image-preview:large","max-video-preview":"max-video-preview:-1"},"canonical":"https:\/\/mivoot.com\/gt\/producto\/disco-duro-empresarial-20-tb-para-servidores-7200-rpm-sata-hikvision\/","og_locale":"es_ES","og_type":"article","og_title":"Disco Duro Empresarial 20 TB para Servidores 7200 RPM SATA Hikvision","og_description":"- Capacidad de 20 TB para almacenamiento masivo - Velocidad de rotaci\u00f3n de 7200 RPM - B\u00fafer de 512 MB para mayor eficiencia - Interfaz SATA 6 Gb\/s para transferencia r\u00e1pida - Transferencia anual de 550 TB - Dise\u00f1ado para operaci\u00f3n continua 24\/7","og_url":"https:\/\/mivoot.com\/gt\/producto\/disco-duro-empresarial-20-tb-para-servidores-7200-rpm-sata-hikvision\/","og_site_name":"Mivoot","article_publisher":"https:\/\/www.facebook.com\/mivootgt","article_modified_time":"2026-04-15T20:08:44+00:00","og_image":[{"width":1000,"height":727,"url":"https:\/\/mivoot.com\/gt\/wp-content\/uploads\/2026\/04\/disco-hik.png","type":"image\/png"}],"twitter_card":"summary_large_image","twitter_misc":{"Est. reading time":"1 minuto"},"schema":{"@context":"https:\/\/schema.org","@graph":[{"@type":"WebPage","@id":"https:\/\/mivoot.com\/gt\/producto\/disco-duro-empresarial-20-tb-para-servidores-7200-rpm-sata-hikvision\/","url":"https:\/\/mivoot.com\/gt\/producto\/disco-duro-empresarial-20-tb-para-servidores-7200-rpm-sata-hikvision\/","name":"Disco Duro Empresarial 20 TB para Servidores 7200 RPM SATA Hikvision - Mivoot","isPartOf":{"@id":"https:\/\/mivoot.com\/gt\/#website"},"primaryImageOfPage":{"@id":"https:\/\/mivoot.com\/gt\/producto\/disco-duro-empresarial-20-tb-para-servidores-7200-rpm-sata-hikvision\/#primaryimage"},"image":{"@id":"https:\/\/mivoot.com\/gt\/producto\/disco-duro-empresarial-20-tb-para-servidores-7200-rpm-sata-hikvision\/#primaryimage"},"thumbnailUrl":"https:\/\/mivoot.com\/gt\/wp-content\/uploads\/2026\/04\/disco-hik.png","datePublished":"2026-04-15T20:08:43+00:00","dateModified":"2026-04-15T20:08:44+00:00","breadcrumb":{"@id":"https:\/\/mivoot.com\/gt\/producto\/disco-duro-empresarial-20-tb-para-servidores-7200-rpm-sata-hikvision\/#breadcrumb"},"inLanguage":"es","potentialAction":[{"@type":"ReadAction","target":["https:\/\/mivoot.com\/gt\/producto\/disco-duro-empresarial-20-tb-para-servidores-7200-rpm-sata-hikvision\/"]}]},{"@type":"ImageObject","inLanguage":"es","@id":"https:\/\/mivoot.com\/gt\/producto\/disco-duro-empresarial-20-tb-para-servidores-7200-rpm-sata-hikvision\/#primaryimage","url":"https:\/\/mivoot.com\/gt\/wp-content\/uploads\/2026\/04\/disco-hik.png","contentUrl":"https:\/\/mivoot.com\/gt\/wp-content\/uploads\/2026\/04\/disco-hik.png","width":1000,"height":727},{"@type":"BreadcrumbList","@id":"https:\/\/mivoot.com\/gt\/producto\/disco-duro-empresarial-20-tb-para-servidores-7200-rpm-sata-hikvision\/#breadcrumb","itemListElement":[{"@type":"ListItem","position":1,"name":"Inicio","item":"https:\/\/mivoot.com\/gt\/"},{"@type":"ListItem","position":2,"name":"Productos","item":"https:\/\/mivoot.com\/gt\/producto\/"},{"@type":"ListItem","position":3,"name":"Hikvision","item":"https:\/\/mivoot.com\/gt\/marca\/hikvision\/"},{"@type":"ListItem","position":4,"name":"Disco Duro Empresarial 20 TB para Servidores 7200 RPM SATA Hikvision"}]},{"@type":"WebSite","@id":"https:\/\/mivoot.com\/gt\/#website","url":"https:\/\/mivoot.com\/gt\/","name":"Mivoot","description":"Mivoot Guatemala | Tienda Online","publisher":{"@id":"https:\/\/mivoot.com\/gt\/#organization"},"alternateName":"mivoot","potentialAction":[{"@type":"SearchAction","target":{"@type":"EntryPoint","urlTemplate":"https:\/\/mivoot.com\/gt\/?s={search_term_string}"},"query-input":{"@type":"PropertyValueSpecification","valueRequired":true,"valueName":"search_term_string"}}],"inLanguage":"es"},{"@type":"Organization","@id":"https:\/\/mivoot.com\/gt\/#organization","name":"Mivoot Guatemala","alternateName":"mivoot.com","url":"https:\/\/mivoot.com\/gt\/","logo":{"@type":"ImageObject","inLanguage":"es","@id":"https:\/\/mivoot.com\/gt\/#\/schema\/logo\/image\/","url":"https:\/\/mivoot.com\/gt\/wp-content\/uploads\/2023\/03\/cropped-icon.png","contentUrl":"https:\/\/mivoot.com\/gt\/wp-content\/uploads\/2023\/03\/cropped-icon.png","width":512,"height":512,"caption":"Mivoot Guatemala"},"image":{"@id":"https:\/\/mivoot.com\/gt\/#\/schema\/logo\/image\/"},"sameAs":["https:\/\/www.facebook.com\/mivootgt","https:\/\/instagram.com\/mivoot"]}]}},"jetpack_publicize_connections":[],"jetpack_sharing_enabled":true,"brands":[{"id":113,"name":"Hikvision","slug":"hikvision"}],"_links":{"self":[{"href":"https:\/\/mivoot.com\/gt\/wp-json\/wp\/v2\/product\/33187","targetHints":{"allow":["GET"]}}],"collection":[{"href":"https:\/\/mivoot.com\/gt\/wp-json\/wp\/v2\/product"}],"about":[{"href":"https:\/\/mivoot.com\/gt\/wp-json\/wp\/v2\/types\/product"}],"replies":[{"embeddable":true,"href":"https:\/\/mivoot.com\/gt\/wp-json\/wp\/v2\/comments?post=33187"}],"version-history":[{"count":1,"href":"https:\/\/mivoot.com\/gt\/wp-json\/wp\/v2\/product\/33187\/revisions"}],"predecessor-version":[{"id":33190,"href":"https:\/\/mivoot.com\/gt\/wp-json\/wp\/v2\/product\/33187\/revisions\/33190"}],"wp:featuredmedia":[{"embeddable":true,"href":"https:\/\/mivoot.com\/gt\/wp-json\/wp\/v2\/media\/33189"}],"wp:attachment":[{"href":"https:\/\/mivoot.com\/gt\/wp-json\/wp\/v2\/media?parent=33187"}],"wp:term":[{"taxonomy":"pwb-brand","embeddable":true,"href":"https:\/\/mivoot.com\/gt\/wp-json\/wp\/v2\/pwb-brand?post=33187"},{"taxonomy":"product_brand","embeddable":true,"href":"https:\/\/mivoot.com\/gt\/wp-json\/wp\/v2\/product_brand?post=33187"},{"taxonomy":"product_cat","embeddable":true,"href":"https:\/\/mivoot.com\/gt\/wp-json\/wp\/v2\/product_cat?post=33187"},{"taxonomy":"product_tag","embeddable":true,"href":"https:\/\/mivoot.com\/gt\/wp-json\/wp\/v2\/product_tag?post=33187"}],"curies":[{"name":"wp","href":"https:\/\/api.w.org\/{rel}","templated":true}]}}