{"id":33191,"date":"2026-04-15T14:14:17","date_gmt":"2026-04-15T20:14:17","guid":{"rendered":"https:\/\/mivoot.com\/gt\/?post_type=product&#038;p=33191"},"modified":"2026-04-15T14:14:18","modified_gmt":"2026-04-15T20:14:18","slug":"bobina-cable-coaxial-200mtrs-rg59-hikvision","status":"publish","type":"product","link":"https:\/\/mivoot.com\/gt\/producto\/bobina-cable-coaxial-200mtrs-rg59-hikvision\/","title":{"rendered":"Bobina Cable Coaxial 200mtrs RG59 Hikvision"},"content":{"rendered":"<h1 style=\"text-align: center;\">Bobina Cable Coaxial 200mtrs RG59 Hikvision<\/h1>\n<p>El cable coaxial RG59 Hikvision es una soluci\u00f3n de alta calidad dise\u00f1ada espec\u00edficamente para aplicaciones de video y seguridad. Con una longitud de 200 metros, este cable es ideal para instalaciones que requieren un extenso recorrido, permitiendo la conexi\u00f3n entre c\u00e1maras de seguridad y dispositivos de grabaci\u00f3n sin p\u00e9rdida significativa de se\u00f1al. Su construcci\u00f3n robusta y materiales de primera aseguran un rendimiento confiable en diversas condiciones.<\/p>\n<h2>Usos Sugeridos<\/h2>\n<p>El cable coaxial RG59 es ideal para una amplia gama de aplicaciones de videovigilancia, incluyendo la instalaci\u00f3n de c\u00e1maras de seguridad anal\u00f3gicas y sistemas de transmisi\u00f3n de video. Se recomienda su uso en entornos residenciales, comerciales e industriales, donde se requiere una conexi\u00f3n de largo alcance entre las c\u00e1maras y los grabadores de video (DVR). Su capacidad para soportar largas distancias sin p\u00e9rdida de calidad hace que sea una opci\u00f3n preferida para instalaciones que abarcan grandes \u00e1reas, como estacionamientos, instalaciones deportivas o edificios corporativos.<\/p>\n<h4><span class=\"tech-specs-items-description__title--heading\"><span dir=\"auto\">General<\/span><\/span><\/h4>\n<ul class=\"tech-specs-items-description\" data-target=\"General\">\n<li class=\"tech-specs-items-description-list\"><span class=\"tech-specs-items-description__title\"><span dir=\"auto\">Longitud\u00a0<\/span><\/span><span class=\"tech-specs-items-description__title-details\"><span dir=\"auto\">200 metros<\/span><\/span><\/li>\n<li class=\"tech-specs-items-description-list\"><span class=\"tech-specs-items-description__title\">Temperatura de funcionamiento<\/span><span class=\"tech-specs-items-description__title-details\"><span dir=\"auto\">-40-80\u00baC<\/span><\/span><\/li>\n<li class=\"tech-specs-items-description-list\"><span class=\"tech-specs-items-description__title\">Temperatura de almacenamiento<\/span><span class=\"tech-specs-items-description__title-details\"><span dir=\"auto\">-20-70\u00baC<\/span><\/span><\/li>\n<li class=\"tech-specs-items-description-list\"><span class=\"tech-specs-items-description__title\">Impedancia<\/span><span class=\"tech-specs-items-description__title-details\"><span dir=\"auto\">75 ohmios<\/span><\/span><\/li>\n<li class=\"tech-specs-items-description-list\"><span class=\"tech-specs-items-description__title\"><span dir=\"auto\">Impedancia\u00a0<\/span><\/span><span class=\"tech-specs-items-description__title-details\"><span dir=\"auto\">75 ohmios<\/span><\/span><\/li>\n<\/ul>\n<h4><span class=\"tech-specs-items-description__title--heading\"><span dir=\"auto\">Conductor<\/span><\/span><\/h4>\n<ul class=\"tech-specs-items-description\" data-target=\"Conductor\">\n<li class=\"tech-specs-items-description-list\"><span class=\"tech-specs-items-description__title\"><span dir=\"auto\">Material<\/span><\/span><span class=\"tech-specs-items-description__title-details\"><span dir=\"auto\">OFC (Cobre libre de ox\u00edgeno)<\/span><\/span><\/li>\n<li class=\"tech-specs-items-description-list\"><span class=\"tech-specs-items-description__title\"><span dir=\"auto\">Di\u00e1metro<\/span><\/span><span class=\"tech-specs-items-description__title-details\"><span dir=\"auto\">0,81\u00b10,01 mm<\/span><\/span><\/li>\n<li class=\"tech-specs-items-description-list\"><span class=\"tech-specs-items-description__title\">Calibre del cable<\/span><span class=\"tech-specs-items-description__title-details\"><span dir=\"auto\">20AWG<\/span><\/span><\/li>\n<\/ul>\n","protected":false},"excerpt":{"rendered":"<p>&#8211; Longitud\u00a0200 metros<br \/>\n&#8211; Temperatura de funcionamiento-40-80\u00baC<br \/>\n&#8211; Temperatura de almacenamiento-20-70\u00baC<br \/>\n&#8211; Impedancia75 ohmios<\/p>\n","protected":false},"featured_media":33194,"comment_status":"open","ping_status":"closed","template":"","meta":{"jetpack_publicize_message":"","jetpack_publicize_feature_enabled":true,"jetpack_social_post_already_shared":true,"jetpack_social_options":{"image_generator_settings":{"template":"highway","default_image_id":0,"font":"","enabled":false},"version":2}},"pwb-brand":[113],"product_brand":[],"product_cat":[644],"product_tag":[],"class_list":{"0":"post-33191","1":"product","2":"type-product","3":"status-publish","4":"has-post-thumbnail","6":"pwb-brand-hikvision","7":"product_cat-cables-para-red-y-conexiones","9":"first","10":"instock","11":"taxable","12":"shipping-taxable","13":"product-type-simple"},"yoast_head":"<!-- This site is optimized with the Yoast SEO Premium plugin v25.7.1 (Yoast SEO v26.8) - https:\/\/yoast.com\/product\/yoast-seo-premium-wordpress\/ -->\n<title>Bobina Cable Coaxial 200mtrs RG59 Hikvision - Mivoot<\/title>\n<meta name=\"robots\" content=\"index, follow, max-snippet:-1, max-image-preview:large, max-video-preview:-1\" \/>\n<link rel=\"canonical\" href=\"https:\/\/mivoot.com\/gt\/producto\/bobina-cable-coaxial-200mtrs-rg59-hikvision\/\" \/>\n<meta property=\"og:locale\" content=\"es_ES\" \/>\n<meta property=\"og:type\" content=\"article\" \/>\n<meta property=\"og:title\" content=\"Bobina Cable Coaxial 200mtrs RG59 Hikvision\" \/>\n<meta property=\"og:description\" content=\"- Longitud\u00a0200 metros - Temperatura de funcionamiento-40-80\u00baC - Temperatura de almacenamiento-20-70\u00baC - Impedancia75 ohmios\" \/>\n<meta property=\"og:url\" content=\"https:\/\/mivoot.com\/gt\/producto\/bobina-cable-coaxial-200mtrs-rg59-hikvision\/\" \/>\n<meta property=\"og:site_name\" content=\"Mivoot\" \/>\n<meta property=\"article:publisher\" content=\"https:\/\/www.facebook.com\/mivootgt\" \/>\n<meta property=\"article:modified_time\" content=\"2026-04-15T20:14:18+00:00\" \/>\n<meta property=\"og:image\" content=\"https:\/\/mivoot.com\/gt\/wp-content\/uploads\/2026\/04\/DS-1LC1SCA-200B-0.webp\" \/>\n\t<meta property=\"og:image:width\" content=\"500\" \/>\n\t<meta property=\"og:image:height\" content=\"500\" \/>\n\t<meta property=\"og:image:type\" content=\"image\/webp\" \/>\n<meta name=\"twitter:card\" content=\"summary_large_image\" \/>\n<meta name=\"twitter:label1\" content=\"Est. reading time\" \/>\n\t<meta name=\"twitter:data1\" content=\"2 minutos\" \/>\n<script type=\"application\/ld+json\" class=\"yoast-schema-graph\">{\"@context\":\"https:\/\/schema.org\",\"@graph\":[{\"@type\":\"WebPage\",\"@id\":\"https:\/\/mivoot.com\/gt\/producto\/bobina-cable-coaxial-200mtrs-rg59-hikvision\/\",\"url\":\"https:\/\/mivoot.com\/gt\/producto\/bobina-cable-coaxial-200mtrs-rg59-hikvision\/\",\"name\":\"Bobina Cable Coaxial 200mtrs RG59 Hikvision - Mivoot\",\"isPartOf\":{\"@id\":\"https:\/\/mivoot.com\/gt\/#website\"},\"primaryImageOfPage\":{\"@id\":\"https:\/\/mivoot.com\/gt\/producto\/bobina-cable-coaxial-200mtrs-rg59-hikvision\/#primaryimage\"},\"image\":{\"@id\":\"https:\/\/mivoot.com\/gt\/producto\/bobina-cable-coaxial-200mtrs-rg59-hikvision\/#primaryimage\"},\"thumbnailUrl\":\"https:\/\/mivoot.com\/gt\/wp-content\/uploads\/2026\/04\/DS-1LC1SCA-200B-0.webp\",\"datePublished\":\"2026-04-15T20:14:17+00:00\",\"dateModified\":\"2026-04-15T20:14:18+00:00\",\"breadcrumb\":{\"@id\":\"https:\/\/mivoot.com\/gt\/producto\/bobina-cable-coaxial-200mtrs-rg59-hikvision\/#breadcrumb\"},\"inLanguage\":\"es\",\"potentialAction\":[{\"@type\":\"ReadAction\",\"target\":[\"https:\/\/mivoot.com\/gt\/producto\/bobina-cable-coaxial-200mtrs-rg59-hikvision\/\"]}]},{\"@type\":\"ImageObject\",\"inLanguage\":\"es\",\"@id\":\"https:\/\/mivoot.com\/gt\/producto\/bobina-cable-coaxial-200mtrs-rg59-hikvision\/#primaryimage\",\"url\":\"https:\/\/mivoot.com\/gt\/wp-content\/uploads\/2026\/04\/DS-1LC1SCA-200B-0.webp\",\"contentUrl\":\"https:\/\/mivoot.com\/gt\/wp-content\/uploads\/2026\/04\/DS-1LC1SCA-200B-0.webp\",\"width\":500,\"height\":500},{\"@type\":\"BreadcrumbList\",\"@id\":\"https:\/\/mivoot.com\/gt\/producto\/bobina-cable-coaxial-200mtrs-rg59-hikvision\/#breadcrumb\",\"itemListElement\":[{\"@type\":\"ListItem\",\"position\":1,\"name\":\"Inicio\",\"item\":\"https:\/\/mivoot.com\/gt\/\"},{\"@type\":\"ListItem\",\"position\":2,\"name\":\"Productos\",\"item\":\"https:\/\/mivoot.com\/gt\/producto\/\"},{\"@type\":\"ListItem\",\"position\":3,\"name\":\"Hikvision\",\"item\":\"https:\/\/mivoot.com\/gt\/marca\/hikvision\/\"},{\"@type\":\"ListItem\",\"position\":4,\"name\":\"Bobina Cable Coaxial 200mtrs RG59 Hikvision\"}]},{\"@type\":\"WebSite\",\"@id\":\"https:\/\/mivoot.com\/gt\/#website\",\"url\":\"https:\/\/mivoot.com\/gt\/\",\"name\":\"Mivoot\",\"description\":\"Mivoot Guatemala | Tienda Online\",\"publisher\":{\"@id\":\"https:\/\/mivoot.com\/gt\/#organization\"},\"alternateName\":\"mivoot\",\"potentialAction\":[{\"@type\":\"SearchAction\",\"target\":{\"@type\":\"EntryPoint\",\"urlTemplate\":\"https:\/\/mivoot.com\/gt\/?s={search_term_string}\"},\"query-input\":{\"@type\":\"PropertyValueSpecification\",\"valueRequired\":true,\"valueName\":\"search_term_string\"}}],\"inLanguage\":\"es\"},{\"@type\":\"Organization\",\"@id\":\"https:\/\/mivoot.com\/gt\/#organization\",\"name\":\"Mivoot Guatemala\",\"alternateName\":\"mivoot.com\",\"url\":\"https:\/\/mivoot.com\/gt\/\",\"logo\":{\"@type\":\"ImageObject\",\"inLanguage\":\"es\",\"@id\":\"https:\/\/mivoot.com\/gt\/#\/schema\/logo\/image\/\",\"url\":\"https:\/\/mivoot.com\/gt\/wp-content\/uploads\/2023\/03\/cropped-icon.png\",\"contentUrl\":\"https:\/\/mivoot.com\/gt\/wp-content\/uploads\/2023\/03\/cropped-icon.png\",\"width\":512,\"height\":512,\"caption\":\"Mivoot Guatemala\"},\"image\":{\"@id\":\"https:\/\/mivoot.com\/gt\/#\/schema\/logo\/image\/\"},\"sameAs\":[\"https:\/\/www.facebook.com\/mivootgt\",\"https:\/\/instagram.com\/mivoot\"]}]}<\/script>\n<!-- \/ Yoast SEO Premium plugin. -->","yoast_head_json":{"title":"Bobina Cable Coaxial 200mtrs RG59 Hikvision - Mivoot","robots":{"index":"index","follow":"follow","max-snippet":"max-snippet:-1","max-image-preview":"max-image-preview:large","max-video-preview":"max-video-preview:-1"},"canonical":"https:\/\/mivoot.com\/gt\/producto\/bobina-cable-coaxial-200mtrs-rg59-hikvision\/","og_locale":"es_ES","og_type":"article","og_title":"Bobina Cable Coaxial 200mtrs RG59 Hikvision","og_description":"- Longitud\u00a0200 metros - Temperatura de funcionamiento-40-80\u00baC - Temperatura de almacenamiento-20-70\u00baC - Impedancia75 ohmios","og_url":"https:\/\/mivoot.com\/gt\/producto\/bobina-cable-coaxial-200mtrs-rg59-hikvision\/","og_site_name":"Mivoot","article_publisher":"https:\/\/www.facebook.com\/mivootgt","article_modified_time":"2026-04-15T20:14:18+00:00","og_image":[{"width":500,"height":500,"url":"https:\/\/mivoot.com\/gt\/wp-content\/uploads\/2026\/04\/DS-1LC1SCA-200B-0.webp","type":"image\/webp"}],"twitter_card":"summary_large_image","twitter_misc":{"Est. reading time":"2 minutos"},"schema":{"@context":"https:\/\/schema.org","@graph":[{"@type":"WebPage","@id":"https:\/\/mivoot.com\/gt\/producto\/bobina-cable-coaxial-200mtrs-rg59-hikvision\/","url":"https:\/\/mivoot.com\/gt\/producto\/bobina-cable-coaxial-200mtrs-rg59-hikvision\/","name":"Bobina Cable Coaxial 200mtrs RG59 Hikvision - Mivoot","isPartOf":{"@id":"https:\/\/mivoot.com\/gt\/#website"},"primaryImageOfPage":{"@id":"https:\/\/mivoot.com\/gt\/producto\/bobina-cable-coaxial-200mtrs-rg59-hikvision\/#primaryimage"},"image":{"@id":"https:\/\/mivoot.com\/gt\/producto\/bobina-cable-coaxial-200mtrs-rg59-hikvision\/#primaryimage"},"thumbnailUrl":"https:\/\/mivoot.com\/gt\/wp-content\/uploads\/2026\/04\/DS-1LC1SCA-200B-0.webp","datePublished":"2026-04-15T20:14:17+00:00","dateModified":"2026-04-15T20:14:18+00:00","breadcrumb":{"@id":"https:\/\/mivoot.com\/gt\/producto\/bobina-cable-coaxial-200mtrs-rg59-hikvision\/#breadcrumb"},"inLanguage":"es","potentialAction":[{"@type":"ReadAction","target":["https:\/\/mivoot.com\/gt\/producto\/bobina-cable-coaxial-200mtrs-rg59-hikvision\/"]}]},{"@type":"ImageObject","inLanguage":"es","@id":"https:\/\/mivoot.com\/gt\/producto\/bobina-cable-coaxial-200mtrs-rg59-hikvision\/#primaryimage","url":"https:\/\/mivoot.com\/gt\/wp-content\/uploads\/2026\/04\/DS-1LC1SCA-200B-0.webp","contentUrl":"https:\/\/mivoot.com\/gt\/wp-content\/uploads\/2026\/04\/DS-1LC1SCA-200B-0.webp","width":500,"height":500},{"@type":"BreadcrumbList","@id":"https:\/\/mivoot.com\/gt\/producto\/bobina-cable-coaxial-200mtrs-rg59-hikvision\/#breadcrumb","itemListElement":[{"@type":"ListItem","position":1,"name":"Inicio","item":"https:\/\/mivoot.com\/gt\/"},{"@type":"ListItem","position":2,"name":"Productos","item":"https:\/\/mivoot.com\/gt\/producto\/"},{"@type":"ListItem","position":3,"name":"Hikvision","item":"https:\/\/mivoot.com\/gt\/marca\/hikvision\/"},{"@type":"ListItem","position":4,"name":"Bobina Cable Coaxial 200mtrs RG59 Hikvision"}]},{"@type":"WebSite","@id":"https:\/\/mivoot.com\/gt\/#website","url":"https:\/\/mivoot.com\/gt\/","name":"Mivoot","description":"Mivoot Guatemala | Tienda Online","publisher":{"@id":"https:\/\/mivoot.com\/gt\/#organization"},"alternateName":"mivoot","potentialAction":[{"@type":"SearchAction","target":{"@type":"EntryPoint","urlTemplate":"https:\/\/mivoot.com\/gt\/?s={search_term_string}"},"query-input":{"@type":"PropertyValueSpecification","valueRequired":true,"valueName":"search_term_string"}}],"inLanguage":"es"},{"@type":"Organization","@id":"https:\/\/mivoot.com\/gt\/#organization","name":"Mivoot Guatemala","alternateName":"mivoot.com","url":"https:\/\/mivoot.com\/gt\/","logo":{"@type":"ImageObject","inLanguage":"es","@id":"https:\/\/mivoot.com\/gt\/#\/schema\/logo\/image\/","url":"https:\/\/mivoot.com\/gt\/wp-content\/uploads\/2023\/03\/cropped-icon.png","contentUrl":"https:\/\/mivoot.com\/gt\/wp-content\/uploads\/2023\/03\/cropped-icon.png","width":512,"height":512,"caption":"Mivoot Guatemala"},"image":{"@id":"https:\/\/mivoot.com\/gt\/#\/schema\/logo\/image\/"},"sameAs":["https:\/\/www.facebook.com\/mivootgt","https:\/\/instagram.com\/mivoot"]}]}},"jetpack_publicize_connections":[],"jetpack_sharing_enabled":true,"brands":[{"id":113,"name":"Hikvision","slug":"hikvision"}],"_links":{"self":[{"href":"https:\/\/mivoot.com\/gt\/wp-json\/wp\/v2\/product\/33191","targetHints":{"allow":["GET"]}}],"collection":[{"href":"https:\/\/mivoot.com\/gt\/wp-json\/wp\/v2\/product"}],"about":[{"href":"https:\/\/mivoot.com\/gt\/wp-json\/wp\/v2\/types\/product"}],"replies":[{"embeddable":true,"href":"https:\/\/mivoot.com\/gt\/wp-json\/wp\/v2\/comments?post=33191"}],"version-history":[{"count":1,"href":"https:\/\/mivoot.com\/gt\/wp-json\/wp\/v2\/product\/33191\/revisions"}],"predecessor-version":[{"id":33195,"href":"https:\/\/mivoot.com\/gt\/wp-json\/wp\/v2\/product\/33191\/revisions\/33195"}],"wp:featuredmedia":[{"embeddable":true,"href":"https:\/\/mivoot.com\/gt\/wp-json\/wp\/v2\/media\/33194"}],"wp:attachment":[{"href":"https:\/\/mivoot.com\/gt\/wp-json\/wp\/v2\/media?parent=33191"}],"wp:term":[{"taxonomy":"pwb-brand","embeddable":true,"href":"https:\/\/mivoot.com\/gt\/wp-json\/wp\/v2\/pwb-brand?post=33191"},{"taxonomy":"product_brand","embeddable":true,"href":"https:\/\/mivoot.com\/gt\/wp-json\/wp\/v2\/product_brand?post=33191"},{"taxonomy":"product_cat","embeddable":true,"href":"https:\/\/mivoot.com\/gt\/wp-json\/wp\/v2\/product_cat?post=33191"},{"taxonomy":"product_tag","embeddable":true,"href":"https:\/\/mivoot.com\/gt\/wp-json\/wp\/v2\/product_tag?post=33191"}],"curies":[{"name":"wp","href":"https:\/\/api.w.org\/{rel}","templated":true}]}}