{"id":33209,"date":"2026-04-16T14:13:18","date_gmt":"2026-04-16T20:13:18","guid":{"rendered":"https:\/\/mivoot.com\/gt\/?post_type=product&#038;p=33209"},"modified":"2026-04-16T16:24:07","modified_gmt":"2026-04-16T22:24:07","slug":"camara-doble-lente-4mp-2k-con-ia-h90-ezviz","status":"publish","type":"product","link":"https:\/\/mivoot.com\/gt\/producto\/camara-doble-lente-4mp-2k-con-ia-h90-ezviz\/","title":{"rendered":"C\u00e1mara Doble Lente 4MP 2K+ con IA H90 Ezviz"},"content":{"rendered":"<div class=\"row flex flex--12 css-47r3vg\">\n<div class=\"composite flex__item--md-12 flex__item--xs-12 css-8x0d4x\">\n<div class=\"inner-composite flex flex--12\">\n<div class=\"widget-column flex__item--md-12 flex__item--xs-12\">\n<div class=\"widget-row flex flex--12\">\n<div class=\"flex__item--md-12 flex__item--xs-12\">\n<div class=\"widget\" data-widget-id=\"c9c21254-bc16-2396-0556-267b52a5a3b8\">\n<div class=\"lp-text-react lp-headline-react\" data-widget-type=\"LpTextReact\">\n<h1 style=\"text-align: center;\">C\u00e1mara Doble Lente 4MP 2K+ con IA H90 Ezviz<\/h1>\n<p class=\"text-align-center font-scale-8\"><strong>C\u00e1maras duales, rotaciones duales<\/strong><\/p>\n<\/div>\n<\/div>\n<\/div>\n<\/div>\n<\/div>\n<\/div>\n<\/div>\n<\/div>\n<div class=\"row flex flex--12 css-47r3vg\">\n<div class=\"composite flex__item--md-12 flex__item--xs-12 css-8x0d4x\">\n<div class=\"inner-composite flex flex--12\">\n<div class=\"widget-column flex__item--md-12 flex__item--xs-12\">\n<div class=\"widget-row flex flex--12\">\n<div class=\"flex__item--md-12 flex__item--xs-12\">\n<div class=\"widget\" data-widget-id=\"46cce27b-9157-53f9-9c9f-2b922facd5b3\">\n<div class=\"lp-text-react lp-headline-react\" data-widget-type=\"LpTextReact\">\n<p class=\"text-align-center font-scale-5 line-height-scale-6\">Otra innovaci\u00f3n en la gama estrella de c\u00e1maras de doble lente EZVIZ, la H90 Dual lleva la protecci\u00f3n de 360 \u200b\u200bgrados a un nivel completamente nuevo al combinar dos lentes giratorios en una sola carcasa. Su c\u00e1mara en forma de orbe hereda las queridas caracter\u00edsticas de la serie de giro\/inclinaci\u00f3n de EZVIZ, y su c\u00e1mara superior en forma de OVNI agrega otro amplio campo de visi\u00f3n ultra amplio para no dejar ning\u00fan rinc\u00f3n sin observar. Los dos cuentan con una inteligencia adicional al responder entre s\u00ed para completar la detecci\u00f3n interconectada y ver el cambio. En resumen, la H90 Dual proporciona visi\u00f3n y eficiencia incomparables para el monitoreo de \u00e1reas grandes.<\/p>\n<p><img decoding=\"async\" class=\"aligncenter\" src=\"https:\/\/mfs.ezvizlife.com\/c2b97eedb7a19c5a9326f5344fb0c0e2.jpg\" \/><img decoding=\"async\" class=\"aligncenter\" src=\"https:\/\/www.icuadrado.net\/web\/image\/product.image\/6543\/image_1024\/CS-H90-R100-8H44WKFL?unique=9704be9\" alt=\"Camara IP WiFi 2K Ezviz Doble Lente Motorizado Exterior (H90CS-H90-R100- 8H44WKFL) | iCuadrado\" \/><\/p>\n<\/div>\n<\/div>\n<\/div>\n<\/div>\n<\/div>\n<\/div>\n<\/div>\n<\/div>\n","protected":false},"excerpt":{"rendered":"<p>Resoluci\u00f3n: 2K+ (2560 \u00d7 1440) en ambas lentes<br \/>\nLentes: superior 2.8 mm F1.6 (110\u00b0 D, 96\u00b0 H, 54\u00b0 V) \/ inferior 6 mm F1.6 (60\u00b0 D, 52\u00b0 H, 28\u00b0 V)<br \/>\nRotaci\u00f3n: superior 220\u00b0 pan, 10\u00b0 tilt (manual) \/ inferior 324\u00b0 pan, 90\u00b0 tilt<br \/>\nIluminaci\u00f3n: IR hasta 30 m \/ Color nocturno hasta 40 m<br \/>\nCompresi\u00f3n de video: H.265 \/ H.264<br \/>\nFunciones IA: detecci\u00f3n de humanos y veh\u00edculos, intrusi\u00f3n, seguimiento inteligente<br \/>\n&#8211; Audio: micr\u00f3fono y parlante integrados, audio bidireccional, mensajes personalizados<br \/>\n&#8211; Defensa activa: sirena y luz estrobosc\u00f3pica<br \/>\n&#8211; Conectividad: Wi-Fi 2.4 GHz (IEEE 802.11 b\/g\/n), antenas de alto rendimiento, puerto RJ45 10\/100 Mbps<br \/>\n&#8211; Almacenamiento: microSD hasta 512 GB y\/o EZVIZ CloudPlay<br \/>\n&#8211; Protecci\u00f3n: IP65 + resistencia a lluvia intensa (2 h)<br \/>\n&#8211; Consumo: m\u00e1x. 18 W<br \/>\n&#8211; Alimentaci\u00f3n: 12VDC 1.5A<br \/>\n&#8211; Dimensiones: 224 \u00d7 135 \u00d7 136 mm<br \/>\n&#8211; Peso: 723 g<\/p>\n","protected":false},"featured_media":33212,"comment_status":"open","ping_status":"closed","template":"","meta":{"jetpack_publicize_message":"","jetpack_publicize_feature_enabled":true,"jetpack_social_post_already_shared":true,"jetpack_social_options":{"image_generator_settings":{"template":"highway","default_image_id":0,"font":"","enabled":false},"version":2}},"pwb-brand":[337],"product_brand":[],"product_cat":[401],"product_tag":[],"class_list":{"0":"post-33209","1":"product","2":"type-product","3":"status-publish","4":"has-post-thumbnail","6":"pwb-brand-ezviz","7":"product_cat-camaras-wi-fi-inalambricas","9":"first","10":"instock","11":"taxable","12":"shipping-taxable","13":"purchasable","14":"product-type-simple"},"yoast_head":"<!-- This site is optimized with the Yoast SEO Premium plugin v25.7.1 (Yoast SEO v26.8) - https:\/\/yoast.com\/product\/yoast-seo-premium-wordpress\/ -->\n<title>C\u00e1mara Doble Lente 4MP 2K+ con IA H90 Ezviz - Mivoot<\/title>\n<meta name=\"robots\" content=\"index, follow, max-snippet:-1, max-image-preview:large, max-video-preview:-1\" \/>\n<link rel=\"canonical\" href=\"https:\/\/mivoot.com\/gt\/producto\/camara-doble-lente-4mp-2k-con-ia-h90-ezviz\/\" \/>\n<meta property=\"og:locale\" content=\"es_ES\" \/>\n<meta property=\"og:type\" content=\"article\" \/>\n<meta property=\"og:title\" content=\"C\u00e1mara Doble Lente 4MP 2K+ con IA H90 Ezviz\" \/>\n<meta property=\"og:description\" content=\"Resoluci\u00f3n: 2K+ (2560 \u00d7 1440) en ambas lentes Lentes: superior 2.8 mm F1.6 (110\u00b0 D, 96\u00b0 H, 54\u00b0 V) \/ inferior 6 mm F1.6 (60\u00b0 D, 52\u00b0 H, 28\u00b0 V) Rotaci\u00f3n: superior 220\u00b0 pan, 10\u00b0 tilt (manual) \/ inferior 324\u00b0 pan, 90\u00b0 tilt Iluminaci\u00f3n: IR hasta 30 m \/ Color nocturno hasta 40 m Compresi\u00f3n de video: H.265 \/ H.264 Funciones IA: detecci\u00f3n de humanos y veh\u00edculos, intrusi\u00f3n, seguimiento inteligente - Audio: micr\u00f3fono y parlante integrados, audio bidireccional, mensajes personalizados - Defensa activa: sirena y luz estrobosc\u00f3pica - Conectividad: Wi-Fi 2.4 GHz (IEEE 802.11 b\/g\/n), antenas de alto rendimiento, puerto RJ45 10\/100 Mbps - Almacenamiento: microSD hasta 512 GB y\/o EZVIZ CloudPlay - Protecci\u00f3n: IP65 + resistencia a lluvia intensa (2 h) - Consumo: m\u00e1x. 18 W - Alimentaci\u00f3n: 12VDC 1.5A - Dimensiones: 224 \u00d7 135 \u00d7 136 mm - Peso: 723 g\" \/>\n<meta property=\"og:url\" content=\"https:\/\/mivoot.com\/gt\/producto\/camara-doble-lente-4mp-2k-con-ia-h90-ezviz\/\" \/>\n<meta property=\"og:site_name\" content=\"Mivoot\" \/>\n<meta property=\"article:publisher\" content=\"https:\/\/www.facebook.com\/mivootgt\" \/>\n<meta property=\"article:modified_time\" content=\"2026-04-16T22:24:07+00:00\" \/>\n<meta property=\"og:image\" content=\"https:\/\/mivoot.com\/gt\/wp-content\/uploads\/2026\/04\/CS-H90-R100-8H44WKFL-0.jpg\" \/>\n\t<meta property=\"og:image:width\" content=\"493\" \/>\n\t<meta property=\"og:image:height\" content=\"540\" \/>\n\t<meta property=\"og:image:type\" content=\"image\/jpeg\" \/>\n<meta name=\"twitter:card\" content=\"summary_large_image\" \/>\n<meta name=\"twitter:label1\" content=\"Est. reading time\" \/>\n\t<meta name=\"twitter:data1\" content=\"2 minutos\" \/>\n<script type=\"application\/ld+json\" class=\"yoast-schema-graph\">{\"@context\":\"https:\/\/schema.org\",\"@graph\":[{\"@type\":\"WebPage\",\"@id\":\"https:\/\/mivoot.com\/gt\/producto\/camara-doble-lente-4mp-2k-con-ia-h90-ezviz\/\",\"url\":\"https:\/\/mivoot.com\/gt\/producto\/camara-doble-lente-4mp-2k-con-ia-h90-ezviz\/\",\"name\":\"C\u00e1mara Doble Lente 4MP 2K+ con IA H90 Ezviz - Mivoot\",\"isPartOf\":{\"@id\":\"https:\/\/mivoot.com\/gt\/#website\"},\"primaryImageOfPage\":{\"@id\":\"https:\/\/mivoot.com\/gt\/producto\/camara-doble-lente-4mp-2k-con-ia-h90-ezviz\/#primaryimage\"},\"image\":{\"@id\":\"https:\/\/mivoot.com\/gt\/producto\/camara-doble-lente-4mp-2k-con-ia-h90-ezviz\/#primaryimage\"},\"thumbnailUrl\":\"https:\/\/mivoot.com\/gt\/wp-content\/uploads\/2026\/04\/CS-H90-R100-8H44WKFL-0.jpg\",\"datePublished\":\"2026-04-16T20:13:18+00:00\",\"dateModified\":\"2026-04-16T22:24:07+00:00\",\"breadcrumb\":{\"@id\":\"https:\/\/mivoot.com\/gt\/producto\/camara-doble-lente-4mp-2k-con-ia-h90-ezviz\/#breadcrumb\"},\"inLanguage\":\"es\",\"potentialAction\":[{\"@type\":\"ReadAction\",\"target\":[\"https:\/\/mivoot.com\/gt\/producto\/camara-doble-lente-4mp-2k-con-ia-h90-ezviz\/\"]}]},{\"@type\":\"ImageObject\",\"inLanguage\":\"es\",\"@id\":\"https:\/\/mivoot.com\/gt\/producto\/camara-doble-lente-4mp-2k-con-ia-h90-ezviz\/#primaryimage\",\"url\":\"https:\/\/mivoot.com\/gt\/wp-content\/uploads\/2026\/04\/CS-H90-R100-8H44WKFL-0.jpg\",\"contentUrl\":\"https:\/\/mivoot.com\/gt\/wp-content\/uploads\/2026\/04\/CS-H90-R100-8H44WKFL-0.jpg\",\"width\":493,\"height\":540},{\"@type\":\"BreadcrumbList\",\"@id\":\"https:\/\/mivoot.com\/gt\/producto\/camara-doble-lente-4mp-2k-con-ia-h90-ezviz\/#breadcrumb\",\"itemListElement\":[{\"@type\":\"ListItem\",\"position\":1,\"name\":\"Inicio\",\"item\":\"https:\/\/mivoot.com\/gt\/\"},{\"@type\":\"ListItem\",\"position\":2,\"name\":\"Productos\",\"item\":\"https:\/\/mivoot.com\/gt\/producto\/\"},{\"@type\":\"ListItem\",\"position\":3,\"name\":\"Ezviz\",\"item\":\"https:\/\/mivoot.com\/gt\/marca\/ezviz\/\"},{\"@type\":\"ListItem\",\"position\":4,\"name\":\"C\u00e1mara Doble Lente 4MP 2K+ con IA H90 Ezviz\"}]},{\"@type\":\"WebSite\",\"@id\":\"https:\/\/mivoot.com\/gt\/#website\",\"url\":\"https:\/\/mivoot.com\/gt\/\",\"name\":\"Mivoot\",\"description\":\"Mivoot Guatemala | Tienda Online\",\"publisher\":{\"@id\":\"https:\/\/mivoot.com\/gt\/#organization\"},\"alternateName\":\"mivoot\",\"potentialAction\":[{\"@type\":\"SearchAction\",\"target\":{\"@type\":\"EntryPoint\",\"urlTemplate\":\"https:\/\/mivoot.com\/gt\/?s={search_term_string}\"},\"query-input\":{\"@type\":\"PropertyValueSpecification\",\"valueRequired\":true,\"valueName\":\"search_term_string\"}}],\"inLanguage\":\"es\"},{\"@type\":\"Organization\",\"@id\":\"https:\/\/mivoot.com\/gt\/#organization\",\"name\":\"Mivoot Guatemala\",\"alternateName\":\"mivoot.com\",\"url\":\"https:\/\/mivoot.com\/gt\/\",\"logo\":{\"@type\":\"ImageObject\",\"inLanguage\":\"es\",\"@id\":\"https:\/\/mivoot.com\/gt\/#\/schema\/logo\/image\/\",\"url\":\"https:\/\/mivoot.com\/gt\/wp-content\/uploads\/2023\/03\/cropped-icon.png\",\"contentUrl\":\"https:\/\/mivoot.com\/gt\/wp-content\/uploads\/2023\/03\/cropped-icon.png\",\"width\":512,\"height\":512,\"caption\":\"Mivoot Guatemala\"},\"image\":{\"@id\":\"https:\/\/mivoot.com\/gt\/#\/schema\/logo\/image\/\"},\"sameAs\":[\"https:\/\/www.facebook.com\/mivootgt\",\"https:\/\/instagram.com\/mivoot\"]}]}<\/script>\n<!-- \/ Yoast SEO Premium plugin. -->","yoast_head_json":{"title":"C\u00e1mara Doble Lente 4MP 2K+ con IA H90 Ezviz - Mivoot","robots":{"index":"index","follow":"follow","max-snippet":"max-snippet:-1","max-image-preview":"max-image-preview:large","max-video-preview":"max-video-preview:-1"},"canonical":"https:\/\/mivoot.com\/gt\/producto\/camara-doble-lente-4mp-2k-con-ia-h90-ezviz\/","og_locale":"es_ES","og_type":"article","og_title":"C\u00e1mara Doble Lente 4MP 2K+ con IA H90 Ezviz","og_description":"Resoluci\u00f3n: 2K+ (2560 \u00d7 1440) en ambas lentes Lentes: superior 2.8 mm F1.6 (110\u00b0 D, 96\u00b0 H, 54\u00b0 V) \/ inferior 6 mm F1.6 (60\u00b0 D, 52\u00b0 H, 28\u00b0 V) Rotaci\u00f3n: superior 220\u00b0 pan, 10\u00b0 tilt (manual) \/ inferior 324\u00b0 pan, 90\u00b0 tilt Iluminaci\u00f3n: IR hasta 30 m \/ Color nocturno hasta 40 m Compresi\u00f3n de video: H.265 \/ H.264 Funciones IA: detecci\u00f3n de humanos y veh\u00edculos, intrusi\u00f3n, seguimiento inteligente - Audio: micr\u00f3fono y parlante integrados, audio bidireccional, mensajes personalizados - Defensa activa: sirena y luz estrobosc\u00f3pica - Conectividad: Wi-Fi 2.4 GHz (IEEE 802.11 b\/g\/n), antenas de alto rendimiento, puerto RJ45 10\/100 Mbps - Almacenamiento: microSD hasta 512 GB y\/o EZVIZ CloudPlay - Protecci\u00f3n: IP65 + resistencia a lluvia intensa (2 h) - Consumo: m\u00e1x. 18 W - Alimentaci\u00f3n: 12VDC 1.5A - Dimensiones: 224 \u00d7 135 \u00d7 136 mm - Peso: 723 g","og_url":"https:\/\/mivoot.com\/gt\/producto\/camara-doble-lente-4mp-2k-con-ia-h90-ezviz\/","og_site_name":"Mivoot","article_publisher":"https:\/\/www.facebook.com\/mivootgt","article_modified_time":"2026-04-16T22:24:07+00:00","og_image":[{"width":493,"height":540,"url":"https:\/\/mivoot.com\/gt\/wp-content\/uploads\/2026\/04\/CS-H90-R100-8H44WKFL-0.jpg","type":"image\/jpeg"}],"twitter_card":"summary_large_image","twitter_misc":{"Est. reading time":"2 minutos"},"schema":{"@context":"https:\/\/schema.org","@graph":[{"@type":"WebPage","@id":"https:\/\/mivoot.com\/gt\/producto\/camara-doble-lente-4mp-2k-con-ia-h90-ezviz\/","url":"https:\/\/mivoot.com\/gt\/producto\/camara-doble-lente-4mp-2k-con-ia-h90-ezviz\/","name":"C\u00e1mara Doble Lente 4MP 2K+ con IA H90 Ezviz - Mivoot","isPartOf":{"@id":"https:\/\/mivoot.com\/gt\/#website"},"primaryImageOfPage":{"@id":"https:\/\/mivoot.com\/gt\/producto\/camara-doble-lente-4mp-2k-con-ia-h90-ezviz\/#primaryimage"},"image":{"@id":"https:\/\/mivoot.com\/gt\/producto\/camara-doble-lente-4mp-2k-con-ia-h90-ezviz\/#primaryimage"},"thumbnailUrl":"https:\/\/mivoot.com\/gt\/wp-content\/uploads\/2026\/04\/CS-H90-R100-8H44WKFL-0.jpg","datePublished":"2026-04-16T20:13:18+00:00","dateModified":"2026-04-16T22:24:07+00:00","breadcrumb":{"@id":"https:\/\/mivoot.com\/gt\/producto\/camara-doble-lente-4mp-2k-con-ia-h90-ezviz\/#breadcrumb"},"inLanguage":"es","potentialAction":[{"@type":"ReadAction","target":["https:\/\/mivoot.com\/gt\/producto\/camara-doble-lente-4mp-2k-con-ia-h90-ezviz\/"]}]},{"@type":"ImageObject","inLanguage":"es","@id":"https:\/\/mivoot.com\/gt\/producto\/camara-doble-lente-4mp-2k-con-ia-h90-ezviz\/#primaryimage","url":"https:\/\/mivoot.com\/gt\/wp-content\/uploads\/2026\/04\/CS-H90-R100-8H44WKFL-0.jpg","contentUrl":"https:\/\/mivoot.com\/gt\/wp-content\/uploads\/2026\/04\/CS-H90-R100-8H44WKFL-0.jpg","width":493,"height":540},{"@type":"BreadcrumbList","@id":"https:\/\/mivoot.com\/gt\/producto\/camara-doble-lente-4mp-2k-con-ia-h90-ezviz\/#breadcrumb","itemListElement":[{"@type":"ListItem","position":1,"name":"Inicio","item":"https:\/\/mivoot.com\/gt\/"},{"@type":"ListItem","position":2,"name":"Productos","item":"https:\/\/mivoot.com\/gt\/producto\/"},{"@type":"ListItem","position":3,"name":"Ezviz","item":"https:\/\/mivoot.com\/gt\/marca\/ezviz\/"},{"@type":"ListItem","position":4,"name":"C\u00e1mara Doble Lente 4MP 2K+ con IA H90 Ezviz"}]},{"@type":"WebSite","@id":"https:\/\/mivoot.com\/gt\/#website","url":"https:\/\/mivoot.com\/gt\/","name":"Mivoot","description":"Mivoot Guatemala | Tienda Online","publisher":{"@id":"https:\/\/mivoot.com\/gt\/#organization"},"alternateName":"mivoot","potentialAction":[{"@type":"SearchAction","target":{"@type":"EntryPoint","urlTemplate":"https:\/\/mivoot.com\/gt\/?s={search_term_string}"},"query-input":{"@type":"PropertyValueSpecification","valueRequired":true,"valueName":"search_term_string"}}],"inLanguage":"es"},{"@type":"Organization","@id":"https:\/\/mivoot.com\/gt\/#organization","name":"Mivoot Guatemala","alternateName":"mivoot.com","url":"https:\/\/mivoot.com\/gt\/","logo":{"@type":"ImageObject","inLanguage":"es","@id":"https:\/\/mivoot.com\/gt\/#\/schema\/logo\/image\/","url":"https:\/\/mivoot.com\/gt\/wp-content\/uploads\/2023\/03\/cropped-icon.png","contentUrl":"https:\/\/mivoot.com\/gt\/wp-content\/uploads\/2023\/03\/cropped-icon.png","width":512,"height":512,"caption":"Mivoot Guatemala"},"image":{"@id":"https:\/\/mivoot.com\/gt\/#\/schema\/logo\/image\/"},"sameAs":["https:\/\/www.facebook.com\/mivootgt","https:\/\/instagram.com\/mivoot"]}]}},"jetpack_publicize_connections":[],"jetpack_sharing_enabled":true,"brands":[{"id":337,"name":"Ezviz","slug":"ezviz"}],"_links":{"self":[{"href":"https:\/\/mivoot.com\/gt\/wp-json\/wp\/v2\/product\/33209","targetHints":{"allow":["GET"]}}],"collection":[{"href":"https:\/\/mivoot.com\/gt\/wp-json\/wp\/v2\/product"}],"about":[{"href":"https:\/\/mivoot.com\/gt\/wp-json\/wp\/v2\/types\/product"}],"replies":[{"embeddable":true,"href":"https:\/\/mivoot.com\/gt\/wp-json\/wp\/v2\/comments?post=33209"}],"version-history":[{"count":1,"href":"https:\/\/mivoot.com\/gt\/wp-json\/wp\/v2\/product\/33209\/revisions"}],"predecessor-version":[{"id":33219,"href":"https:\/\/mivoot.com\/gt\/wp-json\/wp\/v2\/product\/33209\/revisions\/33219"}],"wp:featuredmedia":[{"embeddable":true,"href":"https:\/\/mivoot.com\/gt\/wp-json\/wp\/v2\/media\/33212"}],"wp:attachment":[{"href":"https:\/\/mivoot.com\/gt\/wp-json\/wp\/v2\/media?parent=33209"}],"wp:term":[{"taxonomy":"pwb-brand","embeddable":true,"href":"https:\/\/mivoot.com\/gt\/wp-json\/wp\/v2\/pwb-brand?post=33209"},{"taxonomy":"product_brand","embeddable":true,"href":"https:\/\/mivoot.com\/gt\/wp-json\/wp\/v2\/product_brand?post=33209"},{"taxonomy":"product_cat","embeddable":true,"href":"https:\/\/mivoot.com\/gt\/wp-json\/wp\/v2\/product_cat?post=33209"},{"taxonomy":"product_tag","embeddable":true,"href":"https:\/\/mivoot.com\/gt\/wp-json\/wp\/v2\/product_tag?post=33209"}],"curies":[{"name":"wp","href":"https:\/\/api.w.org\/{rel}","templated":true}]}}