{"id":33228,"date":"2026-04-16T16:21:13","date_gmt":"2026-04-16T22:21:13","guid":{"rendered":"https:\/\/mivoot.com\/gt\/?post_type=product&#038;p=33228"},"modified":"2026-04-16T16:22:45","modified_gmt":"2026-04-16T22:22:45","slug":"escaner-de-documentos-duplex-a-color-workforce-ds-970-epson","status":"publish","type":"product","link":"https:\/\/mivoot.com\/gt\/producto\/escaner-de-documentos-duplex-a-color-workforce-ds-970-epson\/","title":{"rendered":"Esc\u00e1ner de Documentos D\u00faplex a Color WorkForce DS-970 Epson"},"content":{"rendered":"<h1 style=\"text-align: center;\">Esc\u00e1ner de Documentos D\u00faplex a Color <b>WorkForce <\/b>DS-970 Epson<\/h1>\n<p>Dise\u00f1ado para otorgar un alto rendimiento para su grupo de trabajo con el ultra r\u00e1pido, confiable y robusto esc\u00e1ner de documentos DS-970. Dise\u00f1ado para espacios que requieren velocidad y productividad, el DS-970 ofrece velocidades de hasta 85 ppm\/170 ipm<sup>1<\/sup>, un alimentador autom\u00e1tico (ADF) de gran volumen (hasta 100 hojas), y un ciclo diario de trabajo de hasta 14.000 hojas<sup>2<\/sup>. Los drivers TWAIN e ISIS<sup>\u00ae<\/sup>\u00a0incluidos proporcionan una integraci\u00f3n sencilla con sistemas de administracion de documentos, mientras que la pantalla LCD y los botones facilitan el escaneo y la selecci\u00f3n de modos.<\/p>\n<div class=\"ccs-cc-inline-section ccs-cc-inline-features\" data-elementid=\"inline-content-features[eps]\" data-context=\"{&quot;labels&quot;:[&quot;EAI&quot;,&quot;Commercial&quot;,&quot;Scanner&quot;,&quot;Document&quot;],&quot;mobile&quot;:false}\" data-ccs-cc-inline-jumplink=\"Funciones\" data-display-mode=\"noheader\">\n<div class=\"ccs-cc-inline-features-block ccs-cc-inline-single-feature\">\n<div class=\"ccs-cc-inline-feature\" data-type=\"text media\" data-pos=\"right\">\n<div class=\"ccs-cc-inline-feature-content ccs-cc-inline-feature-description\">\n<ul>\n<li><b>Funciones:\u00a0<\/b>Esc\u00e1ner de alimentador autom\u00e1tico de 100 hojas<\/li>\n<li><b>Resoluci\u00f3n \u00f3ptica:<\/b>\u00a0600 dpi<\/li>\n<li><b>Velocidad de escaneo:<\/b>\u00a085 ppm y 170 ipm\u00b9<\/li>\n<\/ul>\n<div><\/div>\n<\/div>\n<\/div>\n<\/div>\n<div class=\"ccs-cc-inline-features-block ccs-cc-inline-single-feature\">\n<div class=\"ccs-cc-inline-feature\" data-type=\"media\">\n<div class=\"ccs-cc-inline-feature-content ccs-cc-inline-thumbnail\">\n<div class=\"ccs-cc-inline-embedded-video\" tabindex=\"0\" data-player=\"player_581eb20cc16948d8854b3c1a1ae7ccda\" data-video-url=\"https:\/\/cdn.cs.1worldsync.com\/syndication\/mediaserverredirect\/35d1e258140743f4fd0a15881a5a7e9a\/original.mp4\" data-transcoded-video-url=\"\" data-cc-url=\"\" data-cc-lang=\"\" data-image-url=\"https:\/\/cdn.cs.1worldsync.com\/syndication\/mediaserverredirect\/35d1e258140743f4fd0a15881a5a7e9a\/video_width20(1200).jpg\">\n<div class=\"ccs-cc-video-thumbnail-container\"><img decoding=\"async\" class=\"aligncenter\" src=\"https:\/\/cdn.cs.1worldsync.com\/syndication\/mediaserverredirect\/35d1e258140743f4fd0a15881a5a7e9a\/video_width20(1200).jpg\" alt=\"Imagen del producto\" \/><\/div>\n<\/div>\n<div>\n<h3><strong>Especificaciones del Esc\u00e1ner:<\/strong><\/h3>\n<hr \/>\n<p><strong>Tipo de Esc\u00e1ner: <\/strong>Alimentaci\u00f3n vertical, esc\u00e1ner d\u00faplex a color de una pasada<\/p>\n<ul>\n<li class=\"text-row\" data-classificationid=\"Specifications Scanner\"><strong>Sensor: <\/strong>Contact image sensor (CIS) color<\/li>\n<li class=\"text-row\" data-classificationid=\"Specifications Scanner\"><strong>Dispositivo Fotoel\u00e9ctrico: <\/strong>Sensor de imagen por contacto de 1 l\u00ednea CMOS<\/li>\n<li class=\"text-row\" data-classificationid=\"Specifications Scanner\"><strong>Resoluci\u00f3n \u00d3ptica: <\/strong>600 dpi<\/li>\n<li class=\"text-row\" data-classificationid=\"Specifications Scanner\"><strong>Resoluci\u00f3n M\u00e1xima: <\/strong>1200 dpi<\/li>\n<li class=\"text-row\" data-classificationid=\"Specifications Scanner\"><strong>Profundidad del Bit de Color: <\/strong>RGB: 30 bits de entrada \/ 24 bits de salida<\/li>\n<li class=\"text-row\" data-classificationid=\"Specifications Scanner\"><strong>Modo de escaneo en color y escala de grises (profundidad de bits): <\/strong>30-bit internal\/24-bit external<\/li>\n<li class=\"text-row\" data-classificationid=\"Specifications Scanner\"><strong>Profundidad del Bit Monocrom\u00e1tico: <\/strong>Input 10-bit\/ Output 8-bit<\/li>\n<li class=\"text-row\" data-classificationid=\"Specifications Scanner\"><strong>Caracter\u00edsticas del esc\u00e1ner: <\/strong>Carro fijo y documento en movimiento<\/li>\n<li class=\"text-row\" data-classificationid=\"Specifications Scanner\"><strong>Resoluci\u00f3n de Salida: <\/strong>50 to 1200 dpi<\/li>\n<li class=\"text-row\" data-classificationid=\"Specifications Scanner\"><strong>Pixeles Efectivos: <\/strong>5100 x 9300 pixels<\/li>\n<li class=\"text-row\" data-classificationid=\"Specifications Scanner\"><strong>M\u00e1xima Superficie de Digitalizaci\u00f3n: <\/strong>A 200 dpi: m\u00e1x 215.9mm x 6096mm (8.5&#8243;&#8221; x 240&#8243;&#8221;); min 50.8mm x 50.8mm (2&#8243;&#8221; x 2&#8243;&#8221;) Gramaje de papel: 27 a 413 g\/m2<\/li>\n<li class=\"text-row\" data-classificationid=\"Specifications Scanner\"><strong>Fuente de Luz: <\/strong>LED RGB de 3 colores<\/li>\n<li class=\"text-row\" data-classificationid=\"Specifications Scanner\"><strong>Velocidad de Escaneo: <\/strong>Blanco y negro, color, escala de grises, 200 y 300dpi: 85 ppm\/170 ipm<sup>1<\/sup><\/li>\n<\/ul>\n<p><strong style=\"font-size: 20.16px;\">Alimentador Autom\u00e1tico de Documentos:<\/strong><\/p>\n<hr \/>\n<p><strong>Capacidad:<\/strong>100 hojas<\/p>\n<ul>\n<li class=\"text-row\" data-classificationid=\"Automatic Document Feeder\"><strong>Tama\u00f1os de Documento: <\/strong>Minimum: 2&#8243; x 2&#8243;; Maximum: 8.5&#8243; x 240&#8243; at 200 dpi; Maximum: 8.5&#8243; x 215&#8243; at 300 dpi<\/li>\n<li class=\"text-row\" data-classificationid=\"Automatic Document Feeder\"><strong>Ciclo Diario de Trabajo: <\/strong>Hasta 14.000 hojas<sup>2<\/sup><\/li>\n<li class=\"text-row\" data-classificationid=\"Automatic Document Feeder\"><strong>Peso del Papel: <\/strong>27 a 413 g\/m2<\/li>\n<li class=\"text-row\" data-classificationid=\"Automatic Document Feeder\"><strong>Grosor de la Tarjeta: <\/strong>Maximum: less than 1.24 mm with emboss<\/li>\n<li class=\"text-row\" data-classificationid=\"Automatic Document Feeder\"><strong>Confiabilidad: <\/strong>Ciclo m\u00e1ximo diario de trabajo<sup>2<\/sup>: 14.000 hojas; Consumibles (kit de ensamblaje de rodillos): 200.000 p\u00e1ginas<\/li>\n<\/ul>\n<\/div>\n<\/div>\n<\/div>\n<\/div>\n<\/div>\n","protected":false},"excerpt":{"rendered":"<p>&#8211; Tipo de Esc\u00e1ner: Alimentaci\u00f3n vertical, esc\u00e1ner d\u00faplex a color de una pasada<br \/>\n&#8211; Sensor: Contact image sensor (CIS) color<br \/>\n&#8211; Capacidad: 100 p\u00e1ginas<br \/>\n&#8211; Ciclo Diario de Trabajo: Hasta 9.000 p\u00e1ginas<br \/>\n&#8211; Peso del Papel: 27 a 413 g\/m2<br \/>\n&#8211; Dispositivo Fotoel\u00e9ctrico: Sensor de imagen por contacto de 1 l\u00ednea CMOS<br \/>\n&#8211; Resoluci\u00f3n M\u00e1xima: 1200 dpi<br \/>\n&#8211; Profundidad del Bit de Color: RGB: 30 bits de entrada \/ 24 bits de salida<br \/>\n&#8211; Caracter\u00edsticas del esc\u00e1ner: Carro fijo y documento en movimiento<br \/>\n&#8211; M\u00e1xima Superficie de Digitalizaci\u00f3n: A 200 dpi: m\u00e1x 215.9mm x 6096mm (8.5&#8243;&#8221; x 240&#8243;&#8221;); min 50.8mm x 50.8mm (2&#8243;&#8221; x 2&#8243;&#8221;) Gramaje de papel: 27 a 413 g\/m2<br \/>\n&#8211; Fuente de Luz: LED RGB de 3 colores<br \/>\n&#8211; Velocidad de Escaneo: Blanco y negro, color, escala de grises, 200 y 300dpi: 85 ppm\/170 ipm<\/p>\n","protected":false},"featured_media":33233,"comment_status":"open","ping_status":"closed","template":"","meta":{"jetpack_publicize_message":"","jetpack_publicize_feature_enabled":true,"jetpack_social_post_already_shared":true,"jetpack_social_options":{"image_generator_settings":{"template":"highway","default_image_id":0,"font":"","enabled":false},"version":2}},"pwb-brand":[188],"product_brand":[],"product_cat":[461],"product_tag":[],"class_list":{"0":"post-33228","1":"product","2":"type-product","3":"status-publish","4":"has-post-thumbnail","6":"pwb-brand-epson","7":"product_cat-escaner","9":"first","10":"instock","11":"sale","12":"taxable","13":"shipping-taxable","14":"purchasable","15":"product-type-simple"},"yoast_head":"<!-- This site is optimized with the Yoast SEO Premium plugin v25.7.1 (Yoast SEO v26.8) - https:\/\/yoast.com\/product\/yoast-seo-premium-wordpress\/ -->\n<title>Esc\u00e1ner de Documentos D\u00faplex a Color WorkForce DS-970 Epson - Mivoot<\/title>\n<meta name=\"robots\" content=\"index, follow, max-snippet:-1, max-image-preview:large, max-video-preview:-1\" \/>\n<link rel=\"canonical\" href=\"https:\/\/mivoot.com\/gt\/producto\/escaner-de-documentos-duplex-a-color-workforce-ds-970-epson\/\" \/>\n<meta property=\"og:locale\" content=\"es_ES\" \/>\n<meta property=\"og:type\" content=\"article\" \/>\n<meta property=\"og:title\" content=\"Esc\u00e1ner de Documentos D\u00faplex a Color WorkForce DS-970 Epson\" \/>\n<meta property=\"og:description\" content=\"- Tipo de Esc\u00e1ner: Alimentaci\u00f3n vertical, esc\u00e1ner d\u00faplex a color de una pasada - Sensor: Contact image sensor (CIS) color - Capacidad: 100 p\u00e1ginas - Ciclo Diario de Trabajo: Hasta 9.000 p\u00e1ginas - Peso del Papel: 27 a 413 g\/m2 - Dispositivo Fotoel\u00e9ctrico: Sensor de imagen por contacto de 1 l\u00ednea CMOS - Resoluci\u00f3n M\u00e1xima: 1200 dpi - Profundidad del Bit de Color: RGB: 30 bits de entrada \/ 24 bits de salida - Caracter\u00edsticas del esc\u00e1ner: Carro fijo y documento en movimiento - M\u00e1xima Superficie de Digitalizaci\u00f3n: A 200 dpi: m\u00e1x 215.9mm x 6096mm (8.5&quot;&quot; x 240&quot;&quot;); min 50.8mm x 50.8mm (2&quot;&quot; x 2&quot;&quot;) Gramaje de papel: 27 a 413 g\/m2 - Fuente de Luz: LED RGB de 3 colores - Velocidad de Escaneo: Blanco y negro, color, escala de grises, 200 y 300dpi: 85 ppm\/170 ipm\" \/>\n<meta property=\"og:url\" content=\"https:\/\/mivoot.com\/gt\/producto\/escaner-de-documentos-duplex-a-color-workforce-ds-970-epson\/\" \/>\n<meta property=\"og:site_name\" content=\"Mivoot\" \/>\n<meta property=\"article:publisher\" content=\"https:\/\/www.facebook.com\/mivootgt\" \/>\n<meta property=\"article:modified_time\" content=\"2026-04-16T22:22:45+00:00\" \/>\n<meta property=\"og:image\" content=\"https:\/\/mivoot.com\/gt\/wp-content\/uploads\/2026\/04\/DS-970-0.jpg\" \/>\n\t<meta property=\"og:image:width\" content=\"700\" \/>\n\t<meta property=\"og:image:height\" content=\"700\" \/>\n\t<meta property=\"og:image:type\" content=\"image\/jpeg\" \/>\n<meta name=\"twitter:card\" content=\"summary_large_image\" \/>\n<meta name=\"twitter:label1\" content=\"Est. reading time\" \/>\n\t<meta name=\"twitter:data1\" content=\"2 minutos\" \/>\n<script type=\"application\/ld+json\" class=\"yoast-schema-graph\">{\"@context\":\"https:\/\/schema.org\",\"@graph\":[{\"@type\":\"WebPage\",\"@id\":\"https:\/\/mivoot.com\/gt\/producto\/escaner-de-documentos-duplex-a-color-workforce-ds-970-epson\/\",\"url\":\"https:\/\/mivoot.com\/gt\/producto\/escaner-de-documentos-duplex-a-color-workforce-ds-970-epson\/\",\"name\":\"Esc\u00e1ner de Documentos D\u00faplex a Color WorkForce DS-970 Epson - Mivoot\",\"isPartOf\":{\"@id\":\"https:\/\/mivoot.com\/gt\/#website\"},\"primaryImageOfPage\":{\"@id\":\"https:\/\/mivoot.com\/gt\/producto\/escaner-de-documentos-duplex-a-color-workforce-ds-970-epson\/#primaryimage\"},\"image\":{\"@id\":\"https:\/\/mivoot.com\/gt\/producto\/escaner-de-documentos-duplex-a-color-workforce-ds-970-epson\/#primaryimage\"},\"thumbnailUrl\":\"https:\/\/mivoot.com\/gt\/wp-content\/uploads\/2026\/04\/DS-970-0.jpg\",\"datePublished\":\"2026-04-16T22:21:13+00:00\",\"dateModified\":\"2026-04-16T22:22:45+00:00\",\"breadcrumb\":{\"@id\":\"https:\/\/mivoot.com\/gt\/producto\/escaner-de-documentos-duplex-a-color-workforce-ds-970-epson\/#breadcrumb\"},\"inLanguage\":\"es\",\"potentialAction\":[{\"@type\":\"ReadAction\",\"target\":[\"https:\/\/mivoot.com\/gt\/producto\/escaner-de-documentos-duplex-a-color-workforce-ds-970-epson\/\"]}]},{\"@type\":\"ImageObject\",\"inLanguage\":\"es\",\"@id\":\"https:\/\/mivoot.com\/gt\/producto\/escaner-de-documentos-duplex-a-color-workforce-ds-970-epson\/#primaryimage\",\"url\":\"https:\/\/mivoot.com\/gt\/wp-content\/uploads\/2026\/04\/DS-970-0.jpg\",\"contentUrl\":\"https:\/\/mivoot.com\/gt\/wp-content\/uploads\/2026\/04\/DS-970-0.jpg\",\"width\":700,\"height\":700},{\"@type\":\"BreadcrumbList\",\"@id\":\"https:\/\/mivoot.com\/gt\/producto\/escaner-de-documentos-duplex-a-color-workforce-ds-970-epson\/#breadcrumb\",\"itemListElement\":[{\"@type\":\"ListItem\",\"position\":1,\"name\":\"Inicio\",\"item\":\"https:\/\/mivoot.com\/gt\/\"},{\"@type\":\"ListItem\",\"position\":2,\"name\":\"Productos\",\"item\":\"https:\/\/mivoot.com\/gt\/producto\/\"},{\"@type\":\"ListItem\",\"position\":3,\"name\":\"Epson\",\"item\":\"https:\/\/mivoot.com\/gt\/marca\/epson\/\"},{\"@type\":\"ListItem\",\"position\":4,\"name\":\"Esc\u00e1ner de Documentos D\u00faplex a Color WorkForce DS-970 Epson\"}]},{\"@type\":\"WebSite\",\"@id\":\"https:\/\/mivoot.com\/gt\/#website\",\"url\":\"https:\/\/mivoot.com\/gt\/\",\"name\":\"Mivoot\",\"description\":\"Mivoot Guatemala | Tienda Online\",\"publisher\":{\"@id\":\"https:\/\/mivoot.com\/gt\/#organization\"},\"alternateName\":\"mivoot\",\"potentialAction\":[{\"@type\":\"SearchAction\",\"target\":{\"@type\":\"EntryPoint\",\"urlTemplate\":\"https:\/\/mivoot.com\/gt\/?s={search_term_string}\"},\"query-input\":{\"@type\":\"PropertyValueSpecification\",\"valueRequired\":true,\"valueName\":\"search_term_string\"}}],\"inLanguage\":\"es\"},{\"@type\":\"Organization\",\"@id\":\"https:\/\/mivoot.com\/gt\/#organization\",\"name\":\"Mivoot Guatemala\",\"alternateName\":\"mivoot.com\",\"url\":\"https:\/\/mivoot.com\/gt\/\",\"logo\":{\"@type\":\"ImageObject\",\"inLanguage\":\"es\",\"@id\":\"https:\/\/mivoot.com\/gt\/#\/schema\/logo\/image\/\",\"url\":\"https:\/\/mivoot.com\/gt\/wp-content\/uploads\/2023\/03\/cropped-icon.png\",\"contentUrl\":\"https:\/\/mivoot.com\/gt\/wp-content\/uploads\/2023\/03\/cropped-icon.png\",\"width\":512,\"height\":512,\"caption\":\"Mivoot Guatemala\"},\"image\":{\"@id\":\"https:\/\/mivoot.com\/gt\/#\/schema\/logo\/image\/\"},\"sameAs\":[\"https:\/\/www.facebook.com\/mivootgt\",\"https:\/\/instagram.com\/mivoot\"]}]}<\/script>\n<!-- \/ Yoast SEO Premium plugin. -->","yoast_head_json":{"title":"Esc\u00e1ner de Documentos D\u00faplex a Color WorkForce DS-970 Epson - Mivoot","robots":{"index":"index","follow":"follow","max-snippet":"max-snippet:-1","max-image-preview":"max-image-preview:large","max-video-preview":"max-video-preview:-1"},"canonical":"https:\/\/mivoot.com\/gt\/producto\/escaner-de-documentos-duplex-a-color-workforce-ds-970-epson\/","og_locale":"es_ES","og_type":"article","og_title":"Esc\u00e1ner de Documentos D\u00faplex a Color WorkForce DS-970 Epson","og_description":"- Tipo de Esc\u00e1ner: Alimentaci\u00f3n vertical, esc\u00e1ner d\u00faplex a color de una pasada - Sensor: Contact image sensor (CIS) color - Capacidad: 100 p\u00e1ginas - Ciclo Diario de Trabajo: Hasta 9.000 p\u00e1ginas - Peso del Papel: 27 a 413 g\/m2 - Dispositivo Fotoel\u00e9ctrico: Sensor de imagen por contacto de 1 l\u00ednea CMOS - Resoluci\u00f3n M\u00e1xima: 1200 dpi - Profundidad del Bit de Color: RGB: 30 bits de entrada \/ 24 bits de salida - Caracter\u00edsticas del esc\u00e1ner: Carro fijo y documento en movimiento - M\u00e1xima Superficie de Digitalizaci\u00f3n: A 200 dpi: m\u00e1x 215.9mm x 6096mm (8.5\"\" x 240\"\"); min 50.8mm x 50.8mm (2\"\" x 2\"\") Gramaje de papel: 27 a 413 g\/m2 - Fuente de Luz: LED RGB de 3 colores - Velocidad de Escaneo: Blanco y negro, color, escala de grises, 200 y 300dpi: 85 ppm\/170 ipm","og_url":"https:\/\/mivoot.com\/gt\/producto\/escaner-de-documentos-duplex-a-color-workforce-ds-970-epson\/","og_site_name":"Mivoot","article_publisher":"https:\/\/www.facebook.com\/mivootgt","article_modified_time":"2026-04-16T22:22:45+00:00","og_image":[{"width":700,"height":700,"url":"https:\/\/mivoot.com\/gt\/wp-content\/uploads\/2026\/04\/DS-970-0.jpg","type":"image\/jpeg"}],"twitter_card":"summary_large_image","twitter_misc":{"Est. reading time":"2 minutos"},"schema":{"@context":"https:\/\/schema.org","@graph":[{"@type":"WebPage","@id":"https:\/\/mivoot.com\/gt\/producto\/escaner-de-documentos-duplex-a-color-workforce-ds-970-epson\/","url":"https:\/\/mivoot.com\/gt\/producto\/escaner-de-documentos-duplex-a-color-workforce-ds-970-epson\/","name":"Esc\u00e1ner de Documentos D\u00faplex a Color WorkForce DS-970 Epson - Mivoot","isPartOf":{"@id":"https:\/\/mivoot.com\/gt\/#website"},"primaryImageOfPage":{"@id":"https:\/\/mivoot.com\/gt\/producto\/escaner-de-documentos-duplex-a-color-workforce-ds-970-epson\/#primaryimage"},"image":{"@id":"https:\/\/mivoot.com\/gt\/producto\/escaner-de-documentos-duplex-a-color-workforce-ds-970-epson\/#primaryimage"},"thumbnailUrl":"https:\/\/mivoot.com\/gt\/wp-content\/uploads\/2026\/04\/DS-970-0.jpg","datePublished":"2026-04-16T22:21:13+00:00","dateModified":"2026-04-16T22:22:45+00:00","breadcrumb":{"@id":"https:\/\/mivoot.com\/gt\/producto\/escaner-de-documentos-duplex-a-color-workforce-ds-970-epson\/#breadcrumb"},"inLanguage":"es","potentialAction":[{"@type":"ReadAction","target":["https:\/\/mivoot.com\/gt\/producto\/escaner-de-documentos-duplex-a-color-workforce-ds-970-epson\/"]}]},{"@type":"ImageObject","inLanguage":"es","@id":"https:\/\/mivoot.com\/gt\/producto\/escaner-de-documentos-duplex-a-color-workforce-ds-970-epson\/#primaryimage","url":"https:\/\/mivoot.com\/gt\/wp-content\/uploads\/2026\/04\/DS-970-0.jpg","contentUrl":"https:\/\/mivoot.com\/gt\/wp-content\/uploads\/2026\/04\/DS-970-0.jpg","width":700,"height":700},{"@type":"BreadcrumbList","@id":"https:\/\/mivoot.com\/gt\/producto\/escaner-de-documentos-duplex-a-color-workforce-ds-970-epson\/#breadcrumb","itemListElement":[{"@type":"ListItem","position":1,"name":"Inicio","item":"https:\/\/mivoot.com\/gt\/"},{"@type":"ListItem","position":2,"name":"Productos","item":"https:\/\/mivoot.com\/gt\/producto\/"},{"@type":"ListItem","position":3,"name":"Epson","item":"https:\/\/mivoot.com\/gt\/marca\/epson\/"},{"@type":"ListItem","position":4,"name":"Esc\u00e1ner de Documentos D\u00faplex a Color WorkForce DS-970 Epson"}]},{"@type":"WebSite","@id":"https:\/\/mivoot.com\/gt\/#website","url":"https:\/\/mivoot.com\/gt\/","name":"Mivoot","description":"Mivoot Guatemala | Tienda Online","publisher":{"@id":"https:\/\/mivoot.com\/gt\/#organization"},"alternateName":"mivoot","potentialAction":[{"@type":"SearchAction","target":{"@type":"EntryPoint","urlTemplate":"https:\/\/mivoot.com\/gt\/?s={search_term_string}"},"query-input":{"@type":"PropertyValueSpecification","valueRequired":true,"valueName":"search_term_string"}}],"inLanguage":"es"},{"@type":"Organization","@id":"https:\/\/mivoot.com\/gt\/#organization","name":"Mivoot Guatemala","alternateName":"mivoot.com","url":"https:\/\/mivoot.com\/gt\/","logo":{"@type":"ImageObject","inLanguage":"es","@id":"https:\/\/mivoot.com\/gt\/#\/schema\/logo\/image\/","url":"https:\/\/mivoot.com\/gt\/wp-content\/uploads\/2023\/03\/cropped-icon.png","contentUrl":"https:\/\/mivoot.com\/gt\/wp-content\/uploads\/2023\/03\/cropped-icon.png","width":512,"height":512,"caption":"Mivoot Guatemala"},"image":{"@id":"https:\/\/mivoot.com\/gt\/#\/schema\/logo\/image\/"},"sameAs":["https:\/\/www.facebook.com\/mivootgt","https:\/\/instagram.com\/mivoot"]}]}},"jetpack_publicize_connections":[],"jetpack_sharing_enabled":true,"brands":[{"id":188,"name":"Epson","slug":"epson"}],"_links":{"self":[{"href":"https:\/\/mivoot.com\/gt\/wp-json\/wp\/v2\/product\/33228","targetHints":{"allow":["GET"]}}],"collection":[{"href":"https:\/\/mivoot.com\/gt\/wp-json\/wp\/v2\/product"}],"about":[{"href":"https:\/\/mivoot.com\/gt\/wp-json\/wp\/v2\/types\/product"}],"replies":[{"embeddable":true,"href":"https:\/\/mivoot.com\/gt\/wp-json\/wp\/v2\/comments?post=33228"}],"version-history":[{"count":1,"href":"https:\/\/mivoot.com\/gt\/wp-json\/wp\/v2\/product\/33228\/revisions"}],"predecessor-version":[{"id":33237,"href":"https:\/\/mivoot.com\/gt\/wp-json\/wp\/v2\/product\/33228\/revisions\/33237"}],"wp:featuredmedia":[{"embeddable":true,"href":"https:\/\/mivoot.com\/gt\/wp-json\/wp\/v2\/media\/33233"}],"wp:attachment":[{"href":"https:\/\/mivoot.com\/gt\/wp-json\/wp\/v2\/media?parent=33228"}],"wp:term":[{"taxonomy":"pwb-brand","embeddable":true,"href":"https:\/\/mivoot.com\/gt\/wp-json\/wp\/v2\/pwb-brand?post=33228"},{"taxonomy":"product_brand","embeddable":true,"href":"https:\/\/mivoot.com\/gt\/wp-json\/wp\/v2\/product_brand?post=33228"},{"taxonomy":"product_cat","embeddable":true,"href":"https:\/\/mivoot.com\/gt\/wp-json\/wp\/v2\/product_cat?post=33228"},{"taxonomy":"product_tag","embeddable":true,"href":"https:\/\/mivoot.com\/gt\/wp-json\/wp\/v2\/product_tag?post=33228"}],"curies":[{"name":"wp","href":"https:\/\/api.w.org\/{rel}","templated":true}]}}