{"id":33255,"date":"2026-04-16T18:01:03","date_gmt":"2026-04-17T00:01:03","guid":{"rendered":"https:\/\/mivoot.com\/gt\/?post_type=product&#038;p=33255"},"modified":"2026-04-16T18:01:04","modified_gmt":"2026-04-17T00:01:04","slug":"protector-de-voltaje-1875-2500w-650j-forza","status":"publish","type":"product","link":"https:\/\/mivoot.com\/gt\/producto\/protector-de-voltaje-1875-2500w-650j-forza\/","title":{"rendered":"Protector de Voltaje 1875-2500W 650J Forza"},"content":{"rendered":"<h1 style=\"text-align: center;\">Protector de Voltaje 1875-2500W 650J Forza<\/h1>\n<div data-v-59dd2964=\"\"><\/div>\n<div class=\"col-sm-6 col-xs-12\" data-v-59dd2964=\"\">\u00a0<strong data-v-59dd2964=\"\">Protecci\u00f3n contra sobretensi\u00f3n, sobrecarga, descarga el\u00e9ctrica y de voltaje<\/strong><br data-v-59dd2964=\"\" \/>Ofrece protecci\u00f3n superior al redireccionar el exceso de tensi\u00f3n de los equipos conectados durante sobrecargas o subidas de tensi\u00f3n.<\/div>\n<div class=\"col-sm-6 col-xs-12\" data-v-59dd2964=\"\"><img decoding=\"async\" title=\"Tecnolog\u00eda MOV\" src=\"https:\/\/forza-ups-frontend.s3.amazonaws.com\/media\/img\/icon-move.png\" alt=\"Tecnolog\u00eda MOV\" data-v-59dd2964=\"\" \/>\u00a0<strong data-v-59dd2964=\"\">Tecnolog\u00eda MOV<\/strong><br data-v-59dd2964=\"\" \/>La tecnolog\u00eda MOV (varistor de \u00f3xido de metal) ofrece mayor protecci\u00f3n para componentes electr\u00f3nicos contra sobrecargas y subidas repentinas de tensi\u00f3n.<\/div>\n<div class=\"col-sm-6 col-xs-12\" data-v-59dd2964=\"\"><img decoding=\"async\" title=\"Material retardador de llama\" src=\"https:\/\/forza-ups-frontend.s3.amazonaws.com\/media\/img\/icon-flame.png\" alt=\"Material retardador de llama\" data-v-59dd2964=\"\" \/>\u00a0<strong data-v-59dd2964=\"\">Material retardador de llama<\/strong><br data-v-59dd2964=\"\" \/>Todos nuestros productos est\u00e1n elaborados con material ABS retardador de llama, lo cual garantiza que de presentarse alguna falla, el equipo no es susceptible de prender fuego.<\/div>\n<div class=\"col-sm-6 col-xs-12\" data-v-59dd2964=\"\"><img decoding=\"async\" title=\"Indicadores visuales LED\" src=\"https:\/\/forza-ups-frontend.s3.amazonaws.com\/media\/img\/LED-visual-indicators.png\" alt=\"Indicadores visuales LED\" data-v-59dd2964=\"\" \/>\u00a0<strong data-v-59dd2964=\"\">Indicadores visuales LED<\/strong><br data-v-59dd2964=\"\" \/>Monitoreo simplificado. Los indicadores LED muestran el estado del equipo en tiempo real y el modo de trabajo.<\/div>\n<div class=\"col-sm-6 col-xs-12\" data-v-59dd2964=\"\"><img decoding=\"async\" title=\"Garant\u00eda de por vida\" src=\"https:\/\/forza-ups-frontend.s3.amazonaws.com\/media\/img\/Lifetime-warranty.png\" alt=\"Garant\u00eda de por vida\" data-v-59dd2964=\"\" \/>\u00a0<strong data-v-59dd2964=\"\">Garant\u00eda de por vida<\/strong><br data-v-59dd2964=\"\" \/>Forza Power Technologies ofrece un programa de reemplazo directo que intercambia el producto defectuoso desde la fecha original de compra. Consulte los t\u00e9rminos de la garant\u00eda para m\u00e1s detalles.<\/div>\n<div data-v-59dd2964=\"\"><\/div>\n<div data-v-59dd2964=\"\"><\/div>\n<div id=\"accvent-id\">\n<div id=\"load-accvent-content\" style=\"width: 100% !important; margin: 0px auto;\">\n<div>\n<div id=\"avloading\" style=\"text-align: center; display: none;\"><img decoding=\"async\" style=\"height: 80px;\" src=\"https:\/\/accvent.com\/scripting\/loading.gif\" \/><\/p>\n<div>Cargando&#8230;<\/div>\n<\/div>\n<p><iframe id=\"aviframe\" style=\"border-image: initial; visibility: visible; overflow: hidden !important; height: 3417px; border: medium none currentcolor;\" src=\"https:\/\/www.forzaups.com\/es\/sindicated\/?search=FSP-112W\" name=\"aviframe\" width=\"100%\" frameborder=\"0\" scrolling=\"no\"><\/iframe><\/p>\n<\/div>\n<\/div>\n<p><script id=\"accvent-loader\" type=\"text\/javascript\" src=\"https:\/\/accvent.com\/scripting\/loader.js\" data-search=\"FSP-112W\" data-brand=\"FORZA\" data-lang=\"es\">\n            <\/script><\/p>\n<\/div>\n","protected":false},"excerpt":{"rendered":"<p>&#8211; Capacidad: 1875-2500W<br \/>\n&#8211; Voltaje: 110V\/220V<br \/>\n&#8211; Tipo de entrada: NEMA 5-15P<br \/>\n&#8211; Tipo de salida: NEMA 5-15R<br \/>\n&#8211; Indicador visual: LED<\/p>\n","protected":false},"featured_media":33257,"comment_status":"open","ping_status":"closed","template":"","meta":{"jetpack_publicize_message":"","jetpack_publicize_feature_enabled":true,"jetpack_social_post_already_shared":true,"jetpack_social_options":{"image_generator_settings":{"template":"highway","default_image_id":0,"font":"","enabled":false},"version":2}},"pwb-brand":[110],"product_brand":[],"product_cat":[224],"product_tag":[],"class_list":{"0":"post-33255","1":"product","2":"type-product","3":"status-publish","4":"has-post-thumbnail","6":"pwb-brand-forza","7":"product_cat-supresor-sobretensiones","9":"first","10":"instock","11":"taxable","12":"shipping-taxable","13":"product-type-simple"},"yoast_head":"<!-- This site is optimized with the Yoast SEO Premium plugin v25.7.1 (Yoast SEO v26.8) - https:\/\/yoast.com\/product\/yoast-seo-premium-wordpress\/ -->\n<title>Protector de Voltaje 1875-2500W 650J Forza - Mivoot<\/title>\n<meta name=\"robots\" content=\"index, follow, max-snippet:-1, max-image-preview:large, max-video-preview:-1\" \/>\n<link rel=\"canonical\" href=\"https:\/\/mivoot.com\/gt\/producto\/protector-de-voltaje-1875-2500w-650j-forza\/\" \/>\n<meta property=\"og:locale\" content=\"es_ES\" \/>\n<meta property=\"og:type\" content=\"article\" \/>\n<meta property=\"og:title\" content=\"Protector de Voltaje 1875-2500W 650J Forza\" \/>\n<meta property=\"og:description\" content=\"- Capacidad: 1875-2500W - Voltaje: 110V\/220V - Tipo de entrada: NEMA 5-15P - Tipo de salida: NEMA 5-15R - Indicador visual: LED\" \/>\n<meta property=\"og:url\" content=\"https:\/\/mivoot.com\/gt\/producto\/protector-de-voltaje-1875-2500w-650j-forza\/\" \/>\n<meta property=\"og:site_name\" content=\"Mivoot\" \/>\n<meta property=\"article:publisher\" content=\"https:\/\/www.facebook.com\/mivootgt\" \/>\n<meta property=\"article:modified_time\" content=\"2026-04-17T00:01:04+00:00\" \/>\n<meta property=\"og:image\" content=\"https:\/\/mivoot.com\/gt\/wp-content\/uploads\/2026\/04\/FSP-112W-0.png\" \/>\n\t<meta property=\"og:image:width\" content=\"800\" \/>\n\t<meta property=\"og:image:height\" content=\"800\" \/>\n\t<meta property=\"og:image:type\" content=\"image\/png\" \/>\n<meta name=\"twitter:card\" content=\"summary_large_image\" \/>\n<meta name=\"twitter:label1\" content=\"Est. reading time\" \/>\n\t<meta name=\"twitter:data1\" content=\"2 minutos\" \/>\n<script type=\"application\/ld+json\" class=\"yoast-schema-graph\">{\"@context\":\"https:\/\/schema.org\",\"@graph\":[{\"@type\":\"WebPage\",\"@id\":\"https:\/\/mivoot.com\/gt\/producto\/protector-de-voltaje-1875-2500w-650j-forza\/\",\"url\":\"https:\/\/mivoot.com\/gt\/producto\/protector-de-voltaje-1875-2500w-650j-forza\/\",\"name\":\"Protector de Voltaje 1875-2500W 650J Forza - Mivoot\",\"isPartOf\":{\"@id\":\"https:\/\/mivoot.com\/gt\/#website\"},\"primaryImageOfPage\":{\"@id\":\"https:\/\/mivoot.com\/gt\/producto\/protector-de-voltaje-1875-2500w-650j-forza\/#primaryimage\"},\"image\":{\"@id\":\"https:\/\/mivoot.com\/gt\/producto\/protector-de-voltaje-1875-2500w-650j-forza\/#primaryimage\"},\"thumbnailUrl\":\"https:\/\/mivoot.com\/gt\/wp-content\/uploads\/2026\/04\/FSP-112W-0.png\",\"datePublished\":\"2026-04-17T00:01:03+00:00\",\"dateModified\":\"2026-04-17T00:01:04+00:00\",\"breadcrumb\":{\"@id\":\"https:\/\/mivoot.com\/gt\/producto\/protector-de-voltaje-1875-2500w-650j-forza\/#breadcrumb\"},\"inLanguage\":\"es\",\"potentialAction\":[{\"@type\":\"ReadAction\",\"target\":[\"https:\/\/mivoot.com\/gt\/producto\/protector-de-voltaje-1875-2500w-650j-forza\/\"]}]},{\"@type\":\"ImageObject\",\"inLanguage\":\"es\",\"@id\":\"https:\/\/mivoot.com\/gt\/producto\/protector-de-voltaje-1875-2500w-650j-forza\/#primaryimage\",\"url\":\"https:\/\/mivoot.com\/gt\/wp-content\/uploads\/2026\/04\/FSP-112W-0.png\",\"contentUrl\":\"https:\/\/mivoot.com\/gt\/wp-content\/uploads\/2026\/04\/FSP-112W-0.png\",\"width\":800,\"height\":800},{\"@type\":\"BreadcrumbList\",\"@id\":\"https:\/\/mivoot.com\/gt\/producto\/protector-de-voltaje-1875-2500w-650j-forza\/#breadcrumb\",\"itemListElement\":[{\"@type\":\"ListItem\",\"position\":1,\"name\":\"Inicio\",\"item\":\"https:\/\/mivoot.com\/gt\/\"},{\"@type\":\"ListItem\",\"position\":2,\"name\":\"Productos\",\"item\":\"https:\/\/mivoot.com\/gt\/producto\/\"},{\"@type\":\"ListItem\",\"position\":3,\"name\":\"Forza\",\"item\":\"https:\/\/mivoot.com\/gt\/marca\/forza\/\"},{\"@type\":\"ListItem\",\"position\":4,\"name\":\"Protector de Voltaje 1875-2500W 650J Forza\"}]},{\"@type\":\"WebSite\",\"@id\":\"https:\/\/mivoot.com\/gt\/#website\",\"url\":\"https:\/\/mivoot.com\/gt\/\",\"name\":\"Mivoot\",\"description\":\"Mivoot Guatemala | Tienda Online\",\"publisher\":{\"@id\":\"https:\/\/mivoot.com\/gt\/#organization\"},\"alternateName\":\"mivoot\",\"potentialAction\":[{\"@type\":\"SearchAction\",\"target\":{\"@type\":\"EntryPoint\",\"urlTemplate\":\"https:\/\/mivoot.com\/gt\/?s={search_term_string}\"},\"query-input\":{\"@type\":\"PropertyValueSpecification\",\"valueRequired\":true,\"valueName\":\"search_term_string\"}}],\"inLanguage\":\"es\"},{\"@type\":\"Organization\",\"@id\":\"https:\/\/mivoot.com\/gt\/#organization\",\"name\":\"Mivoot Guatemala\",\"alternateName\":\"mivoot.com\",\"url\":\"https:\/\/mivoot.com\/gt\/\",\"logo\":{\"@type\":\"ImageObject\",\"inLanguage\":\"es\",\"@id\":\"https:\/\/mivoot.com\/gt\/#\/schema\/logo\/image\/\",\"url\":\"https:\/\/mivoot.com\/gt\/wp-content\/uploads\/2023\/03\/cropped-icon.png\",\"contentUrl\":\"https:\/\/mivoot.com\/gt\/wp-content\/uploads\/2023\/03\/cropped-icon.png\",\"width\":512,\"height\":512,\"caption\":\"Mivoot Guatemala\"},\"image\":{\"@id\":\"https:\/\/mivoot.com\/gt\/#\/schema\/logo\/image\/\"},\"sameAs\":[\"https:\/\/www.facebook.com\/mivootgt\",\"https:\/\/instagram.com\/mivoot\"]}]}<\/script>\n<!-- \/ Yoast SEO Premium plugin. -->","yoast_head_json":{"title":"Protector de Voltaje 1875-2500W 650J Forza - Mivoot","robots":{"index":"index","follow":"follow","max-snippet":"max-snippet:-1","max-image-preview":"max-image-preview:large","max-video-preview":"max-video-preview:-1"},"canonical":"https:\/\/mivoot.com\/gt\/producto\/protector-de-voltaje-1875-2500w-650j-forza\/","og_locale":"es_ES","og_type":"article","og_title":"Protector de Voltaje 1875-2500W 650J Forza","og_description":"- Capacidad: 1875-2500W - Voltaje: 110V\/220V - Tipo de entrada: NEMA 5-15P - Tipo de salida: NEMA 5-15R - Indicador visual: LED","og_url":"https:\/\/mivoot.com\/gt\/producto\/protector-de-voltaje-1875-2500w-650j-forza\/","og_site_name":"Mivoot","article_publisher":"https:\/\/www.facebook.com\/mivootgt","article_modified_time":"2026-04-17T00:01:04+00:00","og_image":[{"width":800,"height":800,"url":"https:\/\/mivoot.com\/gt\/wp-content\/uploads\/2026\/04\/FSP-112W-0.png","type":"image\/png"}],"twitter_card":"summary_large_image","twitter_misc":{"Est. reading time":"2 minutos"},"schema":{"@context":"https:\/\/schema.org","@graph":[{"@type":"WebPage","@id":"https:\/\/mivoot.com\/gt\/producto\/protector-de-voltaje-1875-2500w-650j-forza\/","url":"https:\/\/mivoot.com\/gt\/producto\/protector-de-voltaje-1875-2500w-650j-forza\/","name":"Protector de Voltaje 1875-2500W 650J Forza - Mivoot","isPartOf":{"@id":"https:\/\/mivoot.com\/gt\/#website"},"primaryImageOfPage":{"@id":"https:\/\/mivoot.com\/gt\/producto\/protector-de-voltaje-1875-2500w-650j-forza\/#primaryimage"},"image":{"@id":"https:\/\/mivoot.com\/gt\/producto\/protector-de-voltaje-1875-2500w-650j-forza\/#primaryimage"},"thumbnailUrl":"https:\/\/mivoot.com\/gt\/wp-content\/uploads\/2026\/04\/FSP-112W-0.png","datePublished":"2026-04-17T00:01:03+00:00","dateModified":"2026-04-17T00:01:04+00:00","breadcrumb":{"@id":"https:\/\/mivoot.com\/gt\/producto\/protector-de-voltaje-1875-2500w-650j-forza\/#breadcrumb"},"inLanguage":"es","potentialAction":[{"@type":"ReadAction","target":["https:\/\/mivoot.com\/gt\/producto\/protector-de-voltaje-1875-2500w-650j-forza\/"]}]},{"@type":"ImageObject","inLanguage":"es","@id":"https:\/\/mivoot.com\/gt\/producto\/protector-de-voltaje-1875-2500w-650j-forza\/#primaryimage","url":"https:\/\/mivoot.com\/gt\/wp-content\/uploads\/2026\/04\/FSP-112W-0.png","contentUrl":"https:\/\/mivoot.com\/gt\/wp-content\/uploads\/2026\/04\/FSP-112W-0.png","width":800,"height":800},{"@type":"BreadcrumbList","@id":"https:\/\/mivoot.com\/gt\/producto\/protector-de-voltaje-1875-2500w-650j-forza\/#breadcrumb","itemListElement":[{"@type":"ListItem","position":1,"name":"Inicio","item":"https:\/\/mivoot.com\/gt\/"},{"@type":"ListItem","position":2,"name":"Productos","item":"https:\/\/mivoot.com\/gt\/producto\/"},{"@type":"ListItem","position":3,"name":"Forza","item":"https:\/\/mivoot.com\/gt\/marca\/forza\/"},{"@type":"ListItem","position":4,"name":"Protector de Voltaje 1875-2500W 650J Forza"}]},{"@type":"WebSite","@id":"https:\/\/mivoot.com\/gt\/#website","url":"https:\/\/mivoot.com\/gt\/","name":"Mivoot","description":"Mivoot Guatemala | Tienda Online","publisher":{"@id":"https:\/\/mivoot.com\/gt\/#organization"},"alternateName":"mivoot","potentialAction":[{"@type":"SearchAction","target":{"@type":"EntryPoint","urlTemplate":"https:\/\/mivoot.com\/gt\/?s={search_term_string}"},"query-input":{"@type":"PropertyValueSpecification","valueRequired":true,"valueName":"search_term_string"}}],"inLanguage":"es"},{"@type":"Organization","@id":"https:\/\/mivoot.com\/gt\/#organization","name":"Mivoot Guatemala","alternateName":"mivoot.com","url":"https:\/\/mivoot.com\/gt\/","logo":{"@type":"ImageObject","inLanguage":"es","@id":"https:\/\/mivoot.com\/gt\/#\/schema\/logo\/image\/","url":"https:\/\/mivoot.com\/gt\/wp-content\/uploads\/2023\/03\/cropped-icon.png","contentUrl":"https:\/\/mivoot.com\/gt\/wp-content\/uploads\/2023\/03\/cropped-icon.png","width":512,"height":512,"caption":"Mivoot Guatemala"},"image":{"@id":"https:\/\/mivoot.com\/gt\/#\/schema\/logo\/image\/"},"sameAs":["https:\/\/www.facebook.com\/mivootgt","https:\/\/instagram.com\/mivoot"]}]}},"jetpack_publicize_connections":[],"jetpack_sharing_enabled":true,"brands":[{"id":110,"name":"Forza","slug":"forza"}],"_links":{"self":[{"href":"https:\/\/mivoot.com\/gt\/wp-json\/wp\/v2\/product\/33255","targetHints":{"allow":["GET"]}}],"collection":[{"href":"https:\/\/mivoot.com\/gt\/wp-json\/wp\/v2\/product"}],"about":[{"href":"https:\/\/mivoot.com\/gt\/wp-json\/wp\/v2\/types\/product"}],"replies":[{"embeddable":true,"href":"https:\/\/mivoot.com\/gt\/wp-json\/wp\/v2\/comments?post=33255"}],"version-history":[{"count":1,"href":"https:\/\/mivoot.com\/gt\/wp-json\/wp\/v2\/product\/33255\/revisions"}],"predecessor-version":[{"id":33261,"href":"https:\/\/mivoot.com\/gt\/wp-json\/wp\/v2\/product\/33255\/revisions\/33261"}],"wp:featuredmedia":[{"embeddable":true,"href":"https:\/\/mivoot.com\/gt\/wp-json\/wp\/v2\/media\/33257"}],"wp:attachment":[{"href":"https:\/\/mivoot.com\/gt\/wp-json\/wp\/v2\/media?parent=33255"}],"wp:term":[{"taxonomy":"pwb-brand","embeddable":true,"href":"https:\/\/mivoot.com\/gt\/wp-json\/wp\/v2\/pwb-brand?post=33255"},{"taxonomy":"product_brand","embeddable":true,"href":"https:\/\/mivoot.com\/gt\/wp-json\/wp\/v2\/product_brand?post=33255"},{"taxonomy":"product_cat","embeddable":true,"href":"https:\/\/mivoot.com\/gt\/wp-json\/wp\/v2\/product_cat?post=33255"},{"taxonomy":"product_tag","embeddable":true,"href":"https:\/\/mivoot.com\/gt\/wp-json\/wp\/v2\/product_tag?post=33255"}],"curies":[{"name":"wp","href":"https:\/\/api.w.org\/{rel}","templated":true}]}}