{"id":33262,"date":"2026-04-16T18:59:28","date_gmt":"2026-04-17T00:59:28","guid":{"rendered":"https:\/\/mivoot.com\/gt\/?post_type=product&#038;p=33262"},"modified":"2026-04-16T18:59:28","modified_gmt":"2026-04-17T00:59:28","slug":"disco-duro-4-tb-sata-3-5-para-video-vigilancia-hikvision","status":"publish","type":"product","link":"https:\/\/mivoot.com\/gt\/producto\/disco-duro-4-tb-sata-3-5-para-video-vigilancia-hikvision\/","title":{"rendered":"Disco Duro 4 TB SATA 3.5&#8243; para Video Vigilancia Hikvision"},"content":{"rendered":"<h1 style=\"text-align: center;\">Disco Duro 4 TB SATA 3.5&#8243; para Video Vigilancia Hikvision<\/h1>\n<div class=\"product-description\">\n<p><span dir=\"auto\">Gracias a su resistencia y fiabilidad superiores, el\u00a0<\/span><strong><span dir=\"auto\">DS40HKVS-VX1<\/span><\/strong><span dir=\"auto\">\u00a0es la soluci\u00f3n ideal para empresas e instituciones que exigen un rendimiento constante en sus sistemas de seguridad. Tanto si gestiona una red de videovigilancia corporativa como si actualiza su sistema de seguridad dom\u00e9stico, este disco duro garantiza un almacenamiento ininterrumpido y de alta capacidad para la grabaci\u00f3n continua de v\u00eddeo.<\/span><\/p>\n<\/div>\n<div class=\"product-features\">\n<ul>\n<li data-start=\"748\" data-end=\"872\"><strong data-start=\"750\" data-end=\"779\"><span dir=\"auto\"><span dir=\"auto\">Admite hasta 32 c\u00e1maras<\/span><\/span><\/strong><span dir=\"auto\"><span dir=\"auto\">\u00a0: Ideal para grandes sistemas de vigilancia, ya que admite numerosas transmisiones de v\u00eddeo HD simult\u00e1neamente.<\/span><\/span><\/li>\n<li data-start=\"873\" data-end=\"968\"><strong data-start=\"875\" data-end=\"898\"><span dir=\"auto\"><span dir=\"auto\">B\u00fafer de cach\u00e9 de 128 MB<\/span><\/span><\/strong><span dir=\"auto\"><span dir=\"auto\">\u00a0: Ayuda a suavizar la grabaci\u00f3n de v\u00eddeo y a proteger contra la p\u00e9rdida de fotogramas.<\/span><\/span><\/li>\n<li data-start=\"969\" data-end=\"1064\"><strong data-start=\"971\" data-end=\"989\"><span dir=\"auto\"><span dir=\"auto\">Funcionamiento 24\/7<\/span><\/span><\/strong><span dir=\"auto\"><span dir=\"auto\">\u00a0: Dise\u00f1ado para un funcionamiento continuo, lo que garantiza su fiabilidad las 24 horas del d\u00eda.<\/span><\/span><\/li>\n<li data-start=\"1065\" data-end=\"1203\"><strong data-start=\"1067\" data-end=\"1093\"><span dir=\"auto\"><span dir=\"auto\">Capacidad de carga de trabajo anual<\/span><\/span><\/strong><span dir=\"auto\"><span dir=\"auto\">\u00a0: 180 TB\/a\u00f1o, lo que significa que este disco duro est\u00e1 dise\u00f1ado para aplicaciones de vigilancia de alta gama con cargas de trabajo intensas.<\/span><\/span><\/li>\n<li data-start=\"1204\" data-end=\"1302\"><strong data-start=\"1206\" data-end=\"1237\"><span dir=\"auto\"><span dir=\"auto\">MTTF (Tiempo medio hasta el fallo)<\/span><\/span><\/strong><span dir=\"auto\"><span dir=\"auto\">\u00a0: 1 mill\u00f3n de horas, lo que ofrece durabilidad y fiabilidad a largo plazo.<\/span><\/span><\/li>\n<li data-start=\"1303\" data-end=\"1433\"><strong data-start=\"1305\" data-end=\"1355\"><span dir=\"auto\"><span dir=\"auto\">Formato est\u00e1ndar de 3,5 pulgadas e interfaz SATA<\/span><\/span><\/strong><span dir=\"auto\"><span dir=\"auto\">\u00a0: se adapta f\u00e1cilmente a los sistemas existentes gracias al formato de 3,5 pulgadas, ampliamente utilizado.<\/span><\/span><\/li>\n<li data-start=\"1434\" data-end=\"1525\"><strong data-start=\"1436\" data-end=\"1478\"><span dir=\"auto\"><span dir=\"auto\">Tecnolog\u00eda de sector 512e de formato avanzado<\/span><\/span><\/strong><span dir=\"auto\"><span dir=\"auto\">\u00a0: aumenta la eficiencia y la fiabilidad del almacenamiento.<\/span><\/span><\/li>\n<\/ul>\n<table data-start=\"1546\" data-end=\"2480\">\n<thead data-start=\"1546\" data-end=\"1607\">\n<tr data-start=\"1546\" data-end=\"1607\">\n<th data-start=\"1546\" data-end=\"1581\"><strong data-start=\"1548\" data-end=\"1556\"><span dir=\"auto\">Art\u00edculo<\/span><\/strong><\/th>\n<th data-start=\"1581\" data-end=\"1607\"><strong data-start=\"1583\" data-end=\"1605\"><span dir=\"auto\">DS40HKVS-VX1 (4TB)<\/span><\/strong><\/th>\n<\/tr>\n<\/thead>\n<tbody data-start=\"1670\" data-end=\"2480\">\n<tr data-start=\"1670\" data-end=\"1731\">\n<td><strong data-start=\"1672\" data-end=\"1685\"><span dir=\"auto\">Interfaz<\/span><\/strong><\/td>\n<td><span dir=\"auto\">SATA<\/span><\/td>\n<\/tr>\n<tr data-start=\"1732\" data-end=\"1793\">\n<td><strong data-start=\"1734\" data-end=\"1756\"><span dir=\"auto\">Capacidad formateada<\/span><\/strong><\/td>\n<td><span dir=\"auto\">4 TB<\/span><\/td>\n<\/tr>\n<tr data-start=\"1794\" data-end=\"1861\">\n<td><strong data-start=\"1796\" data-end=\"1815\"><span dir=\"auto\">Velocidad de interfaz<\/span><\/strong><\/td>\n<td><span dir=\"auto\">6,0 Gb\/s, 3,0 Gb\/s, 1,5 Gb\/s<\/span><\/td>\n<\/tr>\n<tr data-start=\"1862\" data-end=\"1923\">\n<td><strong data-start=\"1864\" data-end=\"1882\"><span dir=\"auto\">Velocidad de rotaci\u00f3n<\/span><\/strong><\/td>\n<td><span dir=\"auto\">5400 rpm<\/span><\/td>\n<\/tr>\n<tr data-start=\"1924\" data-end=\"1985\">\n<td><strong data-start=\"1926\" data-end=\"1941\"><span dir=\"auto\">Tama\u00f1o del b\u00fafer<\/span><\/strong><\/td>\n<td><span dir=\"auto\">128 MB<\/span><\/td>\n<\/tr>\n<tr data-start=\"1986\" data-end=\"2046\">\n<td><strong data-start=\"1988\" data-end=\"2019\"><span dir=\"auto\">Velocidad m\u00e1xima de transferencia de datos<\/span><\/strong><\/td>\n<td><span dir=\"auto\">176,4 MB\/s<\/span><\/td>\n<\/tr>\n<tr data-start=\"2047\" data-end=\"2108\">\n<td><strong data-start=\"2049\" data-end=\"2078\"><span dir=\"auto\">Longitud del bloque de datos l\u00f3gicos<\/span><\/strong><\/td>\n<td><span dir=\"auto\">HOST: 512B, DISCO: 4096B<\/span><\/td>\n<\/tr>\n<tr data-start=\"2109\" data-end=\"2170\">\n<td><strong data-start=\"2111\" data-end=\"2144\"><span dir=\"auto\">Consumo de energ\u00eda (en funcionamiento)<\/span><\/strong><\/td>\n<td><span dir=\"auto\">4.11 W<\/span><\/td>\n<\/tr>\n<tr data-start=\"2171\" data-end=\"2232\">\n<td><strong data-start=\"2173\" data-end=\"2198\"><span dir=\"auto\">Temperatura de funcionamiento<\/span><\/strong><\/td>\n<td><span dir=\"auto\">De 0 \u00b0C a 60 \u00b0C<\/span><\/td>\n<\/tr>\n<tr data-start=\"2233\" data-end=\"2294\">\n<td><strong data-start=\"2235\" data-end=\"2259\"><span dir=\"auto\">Humedad (en funcionamiento)<\/span><\/strong><\/td>\n<td><span dir=\"auto\">Humedad relativa del 5% al \u200b\u200b90%.<\/span><\/td>\n<\/tr>\n<tr data-start=\"2295\" data-end=\"2356\">\n<td><strong data-start=\"2297\" data-end=\"2321\"><span dir=\"auto\">Altitud (operativa)<\/span><\/strong><\/td>\n<td><span dir=\"auto\">305 m a 3048 m<\/span><\/td>\n<\/tr>\n<tr data-start=\"2357\" data-end=\"2418\">\n<td><strong data-start=\"2359\" data-end=\"2380\"><span dir=\"auto\">Choque (operatorio)<\/span><\/strong><\/td>\n<td><span dir=\"auto\">686 m\/s\u00b2 (70 G)<\/span><\/td>\n<\/tr>\n<tr data-start=\"2419\" data-end=\"2480\">\n<td><strong data-start=\"2421\" data-end=\"2446\"><span dir=\"auto\">Vibraci\u00f3n (en funcionamiento)<\/span><\/strong><\/td>\n<td><span dir=\"auto\">4,90 m\/s\u00b2 (0,50 G)<\/span><\/td>\n<\/tr>\n<\/tbody>\n<\/table>\n<\/div>\n","protected":false},"excerpt":{"rendered":"<p>&#8211; Admite hasta 32 c\u00e1maras con transmisi\u00f3n en alta definici\u00f3n.<br \/>\n&#8211; El b\u00fafer de cach\u00e9 de 128 MB ayuda a grabar v\u00eddeos de forma fluida y a evitar la p\u00e9rdida de fotogramas.<br \/>\n&#8211; Dise\u00f1ado para funcionar las 24 horas del d\u00eda, los 7 d\u00edas de la semana.<br \/>\n&#8211; Carga de trabajo anual de 180 TB\/a\u00f1o[3]\n&#8211; MTTF de 1 mill\u00f3n de horas[4]\n&#8211; Factor de forma est\u00e1ndar de la industria de 3,5 pulgadas[5] e interfaz SATA<br \/>\n&#8211; Tecnolog\u00eda del sector 512e de formato avanzado<\/p>\n","protected":false},"featured_media":33264,"comment_status":"open","ping_status":"closed","template":"","meta":{"jetpack_publicize_message":"","jetpack_publicize_feature_enabled":true,"jetpack_social_post_already_shared":true,"jetpack_social_options":{"image_generator_settings":{"template":"highway","default_image_id":0,"font":"","enabled":false},"version":2}},"pwb-brand":[113],"product_brand":[],"product_cat":[157],"product_tag":[],"class_list":{"0":"post-33262","1":"product","2":"type-product","3":"status-publish","4":"has-post-thumbnail","6":"pwb-brand-hikvision","7":"product_cat-disco-duro-vigilancia","9":"first","10":"instock","11":"taxable","12":"shipping-taxable","13":"product-type-simple"},"yoast_head":"<!-- This site is optimized with the Yoast SEO Premium plugin v25.7.1 (Yoast SEO v26.8) - https:\/\/yoast.com\/product\/yoast-seo-premium-wordpress\/ -->\n<title>Disco Duro 4 TB SATA 3.5&quot; para Video Vigilancia Hikvision - Mivoot<\/title>\n<meta name=\"robots\" content=\"index, follow, max-snippet:-1, max-image-preview:large, max-video-preview:-1\" \/>\n<link rel=\"canonical\" href=\"https:\/\/mivoot.com\/gt\/producto\/disco-duro-4-tb-sata-3-5-para-video-vigilancia-hikvision\/\" \/>\n<meta property=\"og:locale\" content=\"es_ES\" \/>\n<meta property=\"og:type\" content=\"article\" \/>\n<meta property=\"og:title\" content=\"Disco Duro 4 TB SATA 3.5&quot; para Video Vigilancia Hikvision\" \/>\n<meta property=\"og:description\" content=\"- Admite hasta 32 c\u00e1maras con transmisi\u00f3n en alta definici\u00f3n. - El b\u00fafer de cach\u00e9 de 128 MB ayuda a grabar v\u00eddeos de forma fluida y a evitar la p\u00e9rdida de fotogramas. - Dise\u00f1ado para funcionar las 24 horas del d\u00eda, los 7 d\u00edas de la semana. - Carga de trabajo anual de 180 TB\/a\u00f1o[3] - MTTF de 1 mill\u00f3n de horas[4] - Factor de forma est\u00e1ndar de la industria de 3,5 pulgadas[5] e interfaz SATA - Tecnolog\u00eda del sector 512e de formato avanzado\" \/>\n<meta property=\"og:url\" content=\"https:\/\/mivoot.com\/gt\/producto\/disco-duro-4-tb-sata-3-5-para-video-vigilancia-hikvision\/\" \/>\n<meta property=\"og:site_name\" content=\"Mivoot\" \/>\n<meta property=\"article:publisher\" content=\"https:\/\/www.facebook.com\/mivootgt\" \/>\n<meta property=\"og:image\" content=\"https:\/\/mivoot.com\/gt\/wp-content\/uploads\/2026\/04\/DS40HKVS-VX1-4TB.png\" \/>\n\t<meta property=\"og:image:width\" content=\"620\" \/>\n\t<meta property=\"og:image:height\" content=\"400\" \/>\n\t<meta property=\"og:image:type\" content=\"image\/png\" \/>\n<meta name=\"twitter:card\" content=\"summary_large_image\" \/>\n<meta name=\"twitter:label1\" content=\"Est. reading time\" \/>\n\t<meta name=\"twitter:data1\" content=\"2 minutos\" \/>\n<script type=\"application\/ld+json\" class=\"yoast-schema-graph\">{\"@context\":\"https:\/\/schema.org\",\"@graph\":[{\"@type\":\"WebPage\",\"@id\":\"https:\/\/mivoot.com\/gt\/producto\/disco-duro-4-tb-sata-3-5-para-video-vigilancia-hikvision\/\",\"url\":\"https:\/\/mivoot.com\/gt\/producto\/disco-duro-4-tb-sata-3-5-para-video-vigilancia-hikvision\/\",\"name\":\"Disco Duro 4 TB SATA 3.5\\\" para Video Vigilancia Hikvision - Mivoot\",\"isPartOf\":{\"@id\":\"https:\/\/mivoot.com\/gt\/#website\"},\"primaryImageOfPage\":{\"@id\":\"https:\/\/mivoot.com\/gt\/producto\/disco-duro-4-tb-sata-3-5-para-video-vigilancia-hikvision\/#primaryimage\"},\"image\":{\"@id\":\"https:\/\/mivoot.com\/gt\/producto\/disco-duro-4-tb-sata-3-5-para-video-vigilancia-hikvision\/#primaryimage\"},\"thumbnailUrl\":\"https:\/\/mivoot.com\/gt\/wp-content\/uploads\/2026\/04\/DS40HKVS-VX1-4TB.png\",\"datePublished\":\"2026-04-17T00:59:28+00:00\",\"breadcrumb\":{\"@id\":\"https:\/\/mivoot.com\/gt\/producto\/disco-duro-4-tb-sata-3-5-para-video-vigilancia-hikvision\/#breadcrumb\"},\"inLanguage\":\"es\",\"potentialAction\":[{\"@type\":\"ReadAction\",\"target\":[\"https:\/\/mivoot.com\/gt\/producto\/disco-duro-4-tb-sata-3-5-para-video-vigilancia-hikvision\/\"]}]},{\"@type\":\"ImageObject\",\"inLanguage\":\"es\",\"@id\":\"https:\/\/mivoot.com\/gt\/producto\/disco-duro-4-tb-sata-3-5-para-video-vigilancia-hikvision\/#primaryimage\",\"url\":\"https:\/\/mivoot.com\/gt\/wp-content\/uploads\/2026\/04\/DS40HKVS-VX1-4TB.png\",\"contentUrl\":\"https:\/\/mivoot.com\/gt\/wp-content\/uploads\/2026\/04\/DS40HKVS-VX1-4TB.png\",\"width\":620,\"height\":400},{\"@type\":\"BreadcrumbList\",\"@id\":\"https:\/\/mivoot.com\/gt\/producto\/disco-duro-4-tb-sata-3-5-para-video-vigilancia-hikvision\/#breadcrumb\",\"itemListElement\":[{\"@type\":\"ListItem\",\"position\":1,\"name\":\"Inicio\",\"item\":\"https:\/\/mivoot.com\/gt\/\"},{\"@type\":\"ListItem\",\"position\":2,\"name\":\"Productos\",\"item\":\"https:\/\/mivoot.com\/gt\/producto\/\"},{\"@type\":\"ListItem\",\"position\":3,\"name\":\"Hikvision\",\"item\":\"https:\/\/mivoot.com\/gt\/marca\/hikvision\/\"},{\"@type\":\"ListItem\",\"position\":4,\"name\":\"Disco Duro 4 TB SATA 3.5&#8243; para Video Vigilancia Hikvision\"}]},{\"@type\":\"WebSite\",\"@id\":\"https:\/\/mivoot.com\/gt\/#website\",\"url\":\"https:\/\/mivoot.com\/gt\/\",\"name\":\"Mivoot\",\"description\":\"Mivoot Guatemala | Tienda Online\",\"publisher\":{\"@id\":\"https:\/\/mivoot.com\/gt\/#organization\"},\"alternateName\":\"mivoot\",\"potentialAction\":[{\"@type\":\"SearchAction\",\"target\":{\"@type\":\"EntryPoint\",\"urlTemplate\":\"https:\/\/mivoot.com\/gt\/?s={search_term_string}\"},\"query-input\":{\"@type\":\"PropertyValueSpecification\",\"valueRequired\":true,\"valueName\":\"search_term_string\"}}],\"inLanguage\":\"es\"},{\"@type\":\"Organization\",\"@id\":\"https:\/\/mivoot.com\/gt\/#organization\",\"name\":\"Mivoot Guatemala\",\"alternateName\":\"mivoot.com\",\"url\":\"https:\/\/mivoot.com\/gt\/\",\"logo\":{\"@type\":\"ImageObject\",\"inLanguage\":\"es\",\"@id\":\"https:\/\/mivoot.com\/gt\/#\/schema\/logo\/image\/\",\"url\":\"https:\/\/mivoot.com\/gt\/wp-content\/uploads\/2023\/03\/cropped-icon.png\",\"contentUrl\":\"https:\/\/mivoot.com\/gt\/wp-content\/uploads\/2023\/03\/cropped-icon.png\",\"width\":512,\"height\":512,\"caption\":\"Mivoot Guatemala\"},\"image\":{\"@id\":\"https:\/\/mivoot.com\/gt\/#\/schema\/logo\/image\/\"},\"sameAs\":[\"https:\/\/www.facebook.com\/mivootgt\",\"https:\/\/instagram.com\/mivoot\"]}]}<\/script>\n<!-- \/ Yoast SEO Premium plugin. -->","yoast_head_json":{"title":"Disco Duro 4 TB SATA 3.5\" para Video Vigilancia Hikvision - Mivoot","robots":{"index":"index","follow":"follow","max-snippet":"max-snippet:-1","max-image-preview":"max-image-preview:large","max-video-preview":"max-video-preview:-1"},"canonical":"https:\/\/mivoot.com\/gt\/producto\/disco-duro-4-tb-sata-3-5-para-video-vigilancia-hikvision\/","og_locale":"es_ES","og_type":"article","og_title":"Disco Duro 4 TB SATA 3.5\" para Video Vigilancia Hikvision","og_description":"- Admite hasta 32 c\u00e1maras con transmisi\u00f3n en alta definici\u00f3n. - El b\u00fafer de cach\u00e9 de 128 MB ayuda a grabar v\u00eddeos de forma fluida y a evitar la p\u00e9rdida de fotogramas. - Dise\u00f1ado para funcionar las 24 horas del d\u00eda, los 7 d\u00edas de la semana. - Carga de trabajo anual de 180 TB\/a\u00f1o[3] - MTTF de 1 mill\u00f3n de horas[4] - Factor de forma est\u00e1ndar de la industria de 3,5 pulgadas[5] e interfaz SATA - Tecnolog\u00eda del sector 512e de formato avanzado","og_url":"https:\/\/mivoot.com\/gt\/producto\/disco-duro-4-tb-sata-3-5-para-video-vigilancia-hikvision\/","og_site_name":"Mivoot","article_publisher":"https:\/\/www.facebook.com\/mivootgt","og_image":[{"width":620,"height":400,"url":"https:\/\/mivoot.com\/gt\/wp-content\/uploads\/2026\/04\/DS40HKVS-VX1-4TB.png","type":"image\/png"}],"twitter_card":"summary_large_image","twitter_misc":{"Est. reading time":"2 minutos"},"schema":{"@context":"https:\/\/schema.org","@graph":[{"@type":"WebPage","@id":"https:\/\/mivoot.com\/gt\/producto\/disco-duro-4-tb-sata-3-5-para-video-vigilancia-hikvision\/","url":"https:\/\/mivoot.com\/gt\/producto\/disco-duro-4-tb-sata-3-5-para-video-vigilancia-hikvision\/","name":"Disco Duro 4 TB SATA 3.5\" para Video Vigilancia Hikvision - Mivoot","isPartOf":{"@id":"https:\/\/mivoot.com\/gt\/#website"},"primaryImageOfPage":{"@id":"https:\/\/mivoot.com\/gt\/producto\/disco-duro-4-tb-sata-3-5-para-video-vigilancia-hikvision\/#primaryimage"},"image":{"@id":"https:\/\/mivoot.com\/gt\/producto\/disco-duro-4-tb-sata-3-5-para-video-vigilancia-hikvision\/#primaryimage"},"thumbnailUrl":"https:\/\/mivoot.com\/gt\/wp-content\/uploads\/2026\/04\/DS40HKVS-VX1-4TB.png","datePublished":"2026-04-17T00:59:28+00:00","breadcrumb":{"@id":"https:\/\/mivoot.com\/gt\/producto\/disco-duro-4-tb-sata-3-5-para-video-vigilancia-hikvision\/#breadcrumb"},"inLanguage":"es","potentialAction":[{"@type":"ReadAction","target":["https:\/\/mivoot.com\/gt\/producto\/disco-duro-4-tb-sata-3-5-para-video-vigilancia-hikvision\/"]}]},{"@type":"ImageObject","inLanguage":"es","@id":"https:\/\/mivoot.com\/gt\/producto\/disco-duro-4-tb-sata-3-5-para-video-vigilancia-hikvision\/#primaryimage","url":"https:\/\/mivoot.com\/gt\/wp-content\/uploads\/2026\/04\/DS40HKVS-VX1-4TB.png","contentUrl":"https:\/\/mivoot.com\/gt\/wp-content\/uploads\/2026\/04\/DS40HKVS-VX1-4TB.png","width":620,"height":400},{"@type":"BreadcrumbList","@id":"https:\/\/mivoot.com\/gt\/producto\/disco-duro-4-tb-sata-3-5-para-video-vigilancia-hikvision\/#breadcrumb","itemListElement":[{"@type":"ListItem","position":1,"name":"Inicio","item":"https:\/\/mivoot.com\/gt\/"},{"@type":"ListItem","position":2,"name":"Productos","item":"https:\/\/mivoot.com\/gt\/producto\/"},{"@type":"ListItem","position":3,"name":"Hikvision","item":"https:\/\/mivoot.com\/gt\/marca\/hikvision\/"},{"@type":"ListItem","position":4,"name":"Disco Duro 4 TB SATA 3.5&#8243; para Video Vigilancia Hikvision"}]},{"@type":"WebSite","@id":"https:\/\/mivoot.com\/gt\/#website","url":"https:\/\/mivoot.com\/gt\/","name":"Mivoot","description":"Mivoot Guatemala | Tienda Online","publisher":{"@id":"https:\/\/mivoot.com\/gt\/#organization"},"alternateName":"mivoot","potentialAction":[{"@type":"SearchAction","target":{"@type":"EntryPoint","urlTemplate":"https:\/\/mivoot.com\/gt\/?s={search_term_string}"},"query-input":{"@type":"PropertyValueSpecification","valueRequired":true,"valueName":"search_term_string"}}],"inLanguage":"es"},{"@type":"Organization","@id":"https:\/\/mivoot.com\/gt\/#organization","name":"Mivoot Guatemala","alternateName":"mivoot.com","url":"https:\/\/mivoot.com\/gt\/","logo":{"@type":"ImageObject","inLanguage":"es","@id":"https:\/\/mivoot.com\/gt\/#\/schema\/logo\/image\/","url":"https:\/\/mivoot.com\/gt\/wp-content\/uploads\/2023\/03\/cropped-icon.png","contentUrl":"https:\/\/mivoot.com\/gt\/wp-content\/uploads\/2023\/03\/cropped-icon.png","width":512,"height":512,"caption":"Mivoot Guatemala"},"image":{"@id":"https:\/\/mivoot.com\/gt\/#\/schema\/logo\/image\/"},"sameAs":["https:\/\/www.facebook.com\/mivootgt","https:\/\/instagram.com\/mivoot"]}]}},"jetpack_publicize_connections":[],"jetpack_sharing_enabled":true,"brands":[{"id":113,"name":"Hikvision","slug":"hikvision"}],"_links":{"self":[{"href":"https:\/\/mivoot.com\/gt\/wp-json\/wp\/v2\/product\/33262","targetHints":{"allow":["GET"]}}],"collection":[{"href":"https:\/\/mivoot.com\/gt\/wp-json\/wp\/v2\/product"}],"about":[{"href":"https:\/\/mivoot.com\/gt\/wp-json\/wp\/v2\/types\/product"}],"replies":[{"embeddable":true,"href":"https:\/\/mivoot.com\/gt\/wp-json\/wp\/v2\/comments?post=33262"}],"version-history":[{"count":1,"href":"https:\/\/mivoot.com\/gt\/wp-json\/wp\/v2\/product\/33262\/revisions"}],"predecessor-version":[{"id":33265,"href":"https:\/\/mivoot.com\/gt\/wp-json\/wp\/v2\/product\/33262\/revisions\/33265"}],"wp:featuredmedia":[{"embeddable":true,"href":"https:\/\/mivoot.com\/gt\/wp-json\/wp\/v2\/media\/33264"}],"wp:attachment":[{"href":"https:\/\/mivoot.com\/gt\/wp-json\/wp\/v2\/media?parent=33262"}],"wp:term":[{"taxonomy":"pwb-brand","embeddable":true,"href":"https:\/\/mivoot.com\/gt\/wp-json\/wp\/v2\/pwb-brand?post=33262"},{"taxonomy":"product_brand","embeddable":true,"href":"https:\/\/mivoot.com\/gt\/wp-json\/wp\/v2\/product_brand?post=33262"},{"taxonomy":"product_cat","embeddable":true,"href":"https:\/\/mivoot.com\/gt\/wp-json\/wp\/v2\/product_cat?post=33262"},{"taxonomy":"product_tag","embeddable":true,"href":"https:\/\/mivoot.com\/gt\/wp-json\/wp\/v2\/product_tag?post=33262"}],"curies":[{"name":"wp","href":"https:\/\/api.w.org\/{rel}","templated":true}]}}