{"id":33338,"date":"2026-04-21T17:19:17","date_gmt":"2026-04-21T23:19:17","guid":{"rendered":"https:\/\/mivoot.com\/gt\/?post_type=product&#038;p=33338"},"modified":"2026-04-21T17:20:42","modified_gmt":"2026-04-21T23:20:42","slug":"ups-2000va-1600w-doble-conversion-torre-srv-apc","status":"publish","type":"product","link":"https:\/\/mivoot.com\/gt\/producto\/ups-2000va-1600w-doble-conversion-torre-srv-apc\/","title":{"rendered":"UPS 2000VA 1600W Doble Conversion Torre SRV APC"},"content":{"rendered":"<h1 style=\"text-align: center\"><span style=\"color: #003366\"><strong>UPS 2000VA 1600W Doble Conversion Torre SRV APC<\/strong><\/span><\/h1>\n<p style=\"text-align: center\">SAI en l\u00ednea de alta calidad con doble conversi\u00f3n dise\u00f1ado para cubrir necesidades esenciales de protecci\u00f3n de energ\u00eda, incluso en las condiciones el\u00e9ctricas m\u00e1s inestables.<\/p>\n<p>&nbsp;<\/p>\n<h3><span style=\"color: #003366\"><strong>Especificaciones t\u00e9cnicas de salida:<\/strong><\/span><\/h3>\n<ul>\n<li>Potencia m\u00e1x. configurable (vatios) 1.6Kilovatios \/ 2.0kVA<\/li>\n<li>Eficacia con carga completa 88.0 %<\/li>\n<li>Distorsi\u00f3n de Voltaje de Salida 3 %<\/li>\n<li>Frecuencia de salida (sincronizada con la red el\u00e9ctrica) 50\/60 Hz +\/- 3 Hz Sincronizado para principales<\/li>\n<li>Otras tensiones de salida 110, 115<\/li>\n<li>Factor de carga pico 3:1<\/li>\n<li>Topolog\u00eda Online de doble conversi\u00f3n<\/li>\n<li>Tipo de forma de onda Onda senoidal<\/li>\n<li>Derivaci\u00f3n Derivaci\u00f3n interna (autom\u00e1tica y manual).<\/li>\n<\/ul>\n<h3><strong><span style=\"color: #003366\">Especificaciones t\u00e9cnicas de entrada:<\/span><\/strong><\/h3>\n<ul>\n<li>Frecuencia de entrada 40-70 Hz<\/li>\n<li>Rango de voltaje de entrada en operaciones principales 55 &#8211; 150 Adjustable (half load), 85 &#8211; 150V<\/li>\n<li>N\u00famero de cables de alimentaci\u00f3n\u00a0 1<\/li>\n<li>Eficacia con carga completa\u00a0 88.0 %<\/li>\n<li>Otras tensiones de entrada\u00a0 110, 115.<\/li>\n<\/ul>\n<h3><strong><span style=\"color: #003366\">Bater\u00edas y tiempo de autonom\u00eda:<\/span><\/strong><\/h3>\n<ul>\n<li>Tipo de bater\u00eda\u00a0\u00a0Bater\u00eda de plomo y \u00e1cido<\/li>\n<li>Tiempo t\u00edpico de recarga\u00a0\u00a04hour(s)<\/li>\n<li>Suministro de carga de bater\u00edas (vatios)\u00a0\u00a076 Vatios.<\/li>\n<\/ul>\n<h3><strong><span style=\"color: #003366\">Descripci\u00f3n f\u00edsica:<\/span><\/strong><\/h3>\n<ul>\n<li>Altura m\u00e1xima 238mm, 23.8cm<\/li>\n<li>Anchura m\u00e1xima 145mm, 14.5cm<\/li>\n<li>Profundidad m\u00e1xima 400mm, 40.0cm<\/li>\n<li>Peso neto 17.0kg<\/li>\n<li>Altura bruta 355mm, 35.5cm<\/li>\n<li>Anchura bruta\u00a0 235mm, 23.5cm<\/li>\n<li>Profundidad bruta 525mm, 52.5cm<\/li>\n<\/ul>\n<p>&nbsp;<\/p>\n","protected":false},"excerpt":{"rendered":"<p>&#8211; Tiempo de funcionamiento de la carga 1600 W4m 2s<br \/>\n&#8211; Max. capacidad utilizada 100%<br \/>\n&#8211; Capacidad el\u00e9ctrica de salida 1.6Kilovatios \/ 2.0kVA<br \/>\n&#8211; Conexiones de salida (4) NEMA 5-20R (Bater\u00eda de reserva)<br \/>\n&#8211; Voltaje de salida nominal 120V<br \/>\n&#8211; Voltaje Nominal de Entrada 120V<br \/>\n&#8211; Tipo de Conexi\u00f3n de Entrada NEMA L5-20P<br \/>\n&#8211; Longitud de Cable 1.5metros.<\/p>\n","protected":false},"featured_media":33354,"comment_status":"open","ping_status":"closed","template":"","meta":{"jetpack_publicize_message":"","jetpack_publicize_feature_enabled":true,"jetpack_social_post_already_shared":true,"jetpack_social_options":{"image_generator_settings":{"template":"highway","default_image_id":0,"font":"","enabled":false},"version":2}},"pwb-brand":[104],"product_brand":[],"product_cat":[20,178],"product_tag":[],"class_list":{"0":"post-33338","1":"product","2":"type-product","3":"status-publish","4":"has-post-thumbnail","6":"pwb-brand-apc","7":"product_cat-reguladores-y-ups","8":"product_cat-ups","10":"first","11":"instock","12":"taxable","13":"shipping-taxable","14":"purchasable","15":"product-type-simple"},"yoast_head":"<!-- This site is optimized with the Yoast SEO Premium plugin v25.7.1 (Yoast SEO v26.8) - https:\/\/yoast.com\/product\/yoast-seo-premium-wordpress\/ -->\n<title>UPS 2000VA 1600W Doble Conversion Torre SRV APC - Mivoot<\/title>\n<meta name=\"robots\" content=\"index, follow, max-snippet:-1, max-image-preview:large, max-video-preview:-1\" \/>\n<link rel=\"canonical\" href=\"https:\/\/mivoot.com\/gt\/producto\/ups-2000va-1600w-doble-conversion-torre-srv-apc\/\" \/>\n<meta property=\"og:locale\" content=\"es_ES\" \/>\n<meta property=\"og:type\" content=\"article\" \/>\n<meta property=\"og:title\" content=\"UPS 2000VA 1600W Doble Conversion Torre SRV APC\" \/>\n<meta property=\"og:description\" content=\"- Tiempo de funcionamiento de la carga 1600 W4m 2s - Max. capacidad utilizada 100% - Capacidad el\u00e9ctrica de salida 1.6Kilovatios \/ 2.0kVA - Conexiones de salida (4) NEMA 5-20R (Bater\u00eda de reserva) - Voltaje de salida nominal 120V - Voltaje Nominal de Entrada 120V - Tipo de Conexi\u00f3n de Entrada NEMA L5-20P - Longitud de Cable 1.5metros.\" \/>\n<meta property=\"og:url\" content=\"https:\/\/mivoot.com\/gt\/producto\/ups-2000va-1600w-doble-conversion-torre-srv-apc\/\" \/>\n<meta property=\"og:site_name\" content=\"Mivoot\" \/>\n<meta property=\"article:publisher\" content=\"https:\/\/www.facebook.com\/mivootgt\" \/>\n<meta property=\"article:modified_time\" content=\"2026-04-21T23:20:42+00:00\" \/>\n<meta property=\"og:image\" content=\"https:\/\/mivoot.com\/gt\/wp-content\/uploads\/2026\/04\/APC420-1.jpg\" \/>\n\t<meta property=\"og:image:width\" content=\"1000\" \/>\n\t<meta property=\"og:image:height\" content=\"1000\" \/>\n\t<meta property=\"og:image:type\" content=\"image\/jpeg\" \/>\n<meta name=\"twitter:card\" content=\"summary_large_image\" \/>\n<meta name=\"twitter:label1\" content=\"Est. reading time\" \/>\n\t<meta name=\"twitter:data1\" content=\"2 minutos\" \/>\n<script type=\"application\/ld+json\" class=\"yoast-schema-graph\">{\"@context\":\"https:\/\/schema.org\",\"@graph\":[{\"@type\":\"WebPage\",\"@id\":\"https:\/\/mivoot.com\/gt\/producto\/ups-2000va-1600w-doble-conversion-torre-srv-apc\/\",\"url\":\"https:\/\/mivoot.com\/gt\/producto\/ups-2000va-1600w-doble-conversion-torre-srv-apc\/\",\"name\":\"UPS 2000VA 1600W Doble Conversion Torre SRV APC - Mivoot\",\"isPartOf\":{\"@id\":\"https:\/\/mivoot.com\/gt\/#website\"},\"primaryImageOfPage\":{\"@id\":\"https:\/\/mivoot.com\/gt\/producto\/ups-2000va-1600w-doble-conversion-torre-srv-apc\/#primaryimage\"},\"image\":{\"@id\":\"https:\/\/mivoot.com\/gt\/producto\/ups-2000va-1600w-doble-conversion-torre-srv-apc\/#primaryimage\"},\"thumbnailUrl\":\"https:\/\/mivoot.com\/gt\/wp-content\/uploads\/2026\/04\/APC420-1.jpg\",\"datePublished\":\"2026-04-21T23:19:17+00:00\",\"dateModified\":\"2026-04-21T23:20:42+00:00\",\"breadcrumb\":{\"@id\":\"https:\/\/mivoot.com\/gt\/producto\/ups-2000va-1600w-doble-conversion-torre-srv-apc\/#breadcrumb\"},\"inLanguage\":\"es\",\"potentialAction\":[{\"@type\":\"ReadAction\",\"target\":[\"https:\/\/mivoot.com\/gt\/producto\/ups-2000va-1600w-doble-conversion-torre-srv-apc\/\"]}]},{\"@type\":\"ImageObject\",\"inLanguage\":\"es\",\"@id\":\"https:\/\/mivoot.com\/gt\/producto\/ups-2000va-1600w-doble-conversion-torre-srv-apc\/#primaryimage\",\"url\":\"https:\/\/mivoot.com\/gt\/wp-content\/uploads\/2026\/04\/APC420-1.jpg\",\"contentUrl\":\"https:\/\/mivoot.com\/gt\/wp-content\/uploads\/2026\/04\/APC420-1.jpg\",\"width\":1000,\"height\":1000},{\"@type\":\"BreadcrumbList\",\"@id\":\"https:\/\/mivoot.com\/gt\/producto\/ups-2000va-1600w-doble-conversion-torre-srv-apc\/#breadcrumb\",\"itemListElement\":[{\"@type\":\"ListItem\",\"position\":1,\"name\":\"Inicio\",\"item\":\"https:\/\/mivoot.com\/gt\/\"},{\"@type\":\"ListItem\",\"position\":2,\"name\":\"Productos\",\"item\":\"https:\/\/mivoot.com\/gt\/producto\/\"},{\"@type\":\"ListItem\",\"position\":3,\"name\":\"APC\",\"item\":\"https:\/\/mivoot.com\/gt\/marca\/apc\/\"},{\"@type\":\"ListItem\",\"position\":4,\"name\":\"UPS 2000VA 1600W Doble Conversion Torre SRV APC\"}]},{\"@type\":\"WebSite\",\"@id\":\"https:\/\/mivoot.com\/gt\/#website\",\"url\":\"https:\/\/mivoot.com\/gt\/\",\"name\":\"Mivoot\",\"description\":\"Mivoot Guatemala | Tienda Online\",\"publisher\":{\"@id\":\"https:\/\/mivoot.com\/gt\/#organization\"},\"alternateName\":\"mivoot\",\"potentialAction\":[{\"@type\":\"SearchAction\",\"target\":{\"@type\":\"EntryPoint\",\"urlTemplate\":\"https:\/\/mivoot.com\/gt\/?s={search_term_string}\"},\"query-input\":{\"@type\":\"PropertyValueSpecification\",\"valueRequired\":true,\"valueName\":\"search_term_string\"}}],\"inLanguage\":\"es\"},{\"@type\":\"Organization\",\"@id\":\"https:\/\/mivoot.com\/gt\/#organization\",\"name\":\"Mivoot Guatemala\",\"alternateName\":\"mivoot.com\",\"url\":\"https:\/\/mivoot.com\/gt\/\",\"logo\":{\"@type\":\"ImageObject\",\"inLanguage\":\"es\",\"@id\":\"https:\/\/mivoot.com\/gt\/#\/schema\/logo\/image\/\",\"url\":\"https:\/\/mivoot.com\/gt\/wp-content\/uploads\/2023\/03\/cropped-icon.png\",\"contentUrl\":\"https:\/\/mivoot.com\/gt\/wp-content\/uploads\/2023\/03\/cropped-icon.png\",\"width\":512,\"height\":512,\"caption\":\"Mivoot Guatemala\"},\"image\":{\"@id\":\"https:\/\/mivoot.com\/gt\/#\/schema\/logo\/image\/\"},\"sameAs\":[\"https:\/\/www.facebook.com\/mivootgt\",\"https:\/\/instagram.com\/mivoot\"]}]}<\/script>\n<!-- \/ Yoast SEO Premium plugin. -->","yoast_head_json":{"title":"UPS 2000VA 1600W Doble Conversion Torre SRV APC - Mivoot","robots":{"index":"index","follow":"follow","max-snippet":"max-snippet:-1","max-image-preview":"max-image-preview:large","max-video-preview":"max-video-preview:-1"},"canonical":"https:\/\/mivoot.com\/gt\/producto\/ups-2000va-1600w-doble-conversion-torre-srv-apc\/","og_locale":"es_ES","og_type":"article","og_title":"UPS 2000VA 1600W Doble Conversion Torre SRV APC","og_description":"- Tiempo de funcionamiento de la carga 1600 W4m 2s - Max. capacidad utilizada 100% - Capacidad el\u00e9ctrica de salida 1.6Kilovatios \/ 2.0kVA - Conexiones de salida (4) NEMA 5-20R (Bater\u00eda de reserva) - Voltaje de salida nominal 120V - Voltaje Nominal de Entrada 120V - Tipo de Conexi\u00f3n de Entrada NEMA L5-20P - Longitud de Cable 1.5metros.","og_url":"https:\/\/mivoot.com\/gt\/producto\/ups-2000va-1600w-doble-conversion-torre-srv-apc\/","og_site_name":"Mivoot","article_publisher":"https:\/\/www.facebook.com\/mivootgt","article_modified_time":"2026-04-21T23:20:42+00:00","og_image":[{"width":1000,"height":1000,"url":"https:\/\/mivoot.com\/gt\/wp-content\/uploads\/2026\/04\/APC420-1.jpg","type":"image\/jpeg"}],"twitter_card":"summary_large_image","twitter_misc":{"Est. reading time":"2 minutos"},"schema":{"@context":"https:\/\/schema.org","@graph":[{"@type":"WebPage","@id":"https:\/\/mivoot.com\/gt\/producto\/ups-2000va-1600w-doble-conversion-torre-srv-apc\/","url":"https:\/\/mivoot.com\/gt\/producto\/ups-2000va-1600w-doble-conversion-torre-srv-apc\/","name":"UPS 2000VA 1600W Doble Conversion Torre SRV APC - Mivoot","isPartOf":{"@id":"https:\/\/mivoot.com\/gt\/#website"},"primaryImageOfPage":{"@id":"https:\/\/mivoot.com\/gt\/producto\/ups-2000va-1600w-doble-conversion-torre-srv-apc\/#primaryimage"},"image":{"@id":"https:\/\/mivoot.com\/gt\/producto\/ups-2000va-1600w-doble-conversion-torre-srv-apc\/#primaryimage"},"thumbnailUrl":"https:\/\/mivoot.com\/gt\/wp-content\/uploads\/2026\/04\/APC420-1.jpg","datePublished":"2026-04-21T23:19:17+00:00","dateModified":"2026-04-21T23:20:42+00:00","breadcrumb":{"@id":"https:\/\/mivoot.com\/gt\/producto\/ups-2000va-1600w-doble-conversion-torre-srv-apc\/#breadcrumb"},"inLanguage":"es","potentialAction":[{"@type":"ReadAction","target":["https:\/\/mivoot.com\/gt\/producto\/ups-2000va-1600w-doble-conversion-torre-srv-apc\/"]}]},{"@type":"ImageObject","inLanguage":"es","@id":"https:\/\/mivoot.com\/gt\/producto\/ups-2000va-1600w-doble-conversion-torre-srv-apc\/#primaryimage","url":"https:\/\/mivoot.com\/gt\/wp-content\/uploads\/2026\/04\/APC420-1.jpg","contentUrl":"https:\/\/mivoot.com\/gt\/wp-content\/uploads\/2026\/04\/APC420-1.jpg","width":1000,"height":1000},{"@type":"BreadcrumbList","@id":"https:\/\/mivoot.com\/gt\/producto\/ups-2000va-1600w-doble-conversion-torre-srv-apc\/#breadcrumb","itemListElement":[{"@type":"ListItem","position":1,"name":"Inicio","item":"https:\/\/mivoot.com\/gt\/"},{"@type":"ListItem","position":2,"name":"Productos","item":"https:\/\/mivoot.com\/gt\/producto\/"},{"@type":"ListItem","position":3,"name":"APC","item":"https:\/\/mivoot.com\/gt\/marca\/apc\/"},{"@type":"ListItem","position":4,"name":"UPS 2000VA 1600W Doble Conversion Torre SRV APC"}]},{"@type":"WebSite","@id":"https:\/\/mivoot.com\/gt\/#website","url":"https:\/\/mivoot.com\/gt\/","name":"Mivoot","description":"Mivoot Guatemala | Tienda Online","publisher":{"@id":"https:\/\/mivoot.com\/gt\/#organization"},"alternateName":"mivoot","potentialAction":[{"@type":"SearchAction","target":{"@type":"EntryPoint","urlTemplate":"https:\/\/mivoot.com\/gt\/?s={search_term_string}"},"query-input":{"@type":"PropertyValueSpecification","valueRequired":true,"valueName":"search_term_string"}}],"inLanguage":"es"},{"@type":"Organization","@id":"https:\/\/mivoot.com\/gt\/#organization","name":"Mivoot Guatemala","alternateName":"mivoot.com","url":"https:\/\/mivoot.com\/gt\/","logo":{"@type":"ImageObject","inLanguage":"es","@id":"https:\/\/mivoot.com\/gt\/#\/schema\/logo\/image\/","url":"https:\/\/mivoot.com\/gt\/wp-content\/uploads\/2023\/03\/cropped-icon.png","contentUrl":"https:\/\/mivoot.com\/gt\/wp-content\/uploads\/2023\/03\/cropped-icon.png","width":512,"height":512,"caption":"Mivoot Guatemala"},"image":{"@id":"https:\/\/mivoot.com\/gt\/#\/schema\/logo\/image\/"},"sameAs":["https:\/\/www.facebook.com\/mivootgt","https:\/\/instagram.com\/mivoot"]}]}},"jetpack_publicize_connections":[],"jetpack_sharing_enabled":true,"brands":[{"id":104,"name":"APC","slug":"apc"}],"_links":{"self":[{"href":"https:\/\/mivoot.com\/gt\/wp-json\/wp\/v2\/product\/33338","targetHints":{"allow":["GET"]}}],"collection":[{"href":"https:\/\/mivoot.com\/gt\/wp-json\/wp\/v2\/product"}],"about":[{"href":"https:\/\/mivoot.com\/gt\/wp-json\/wp\/v2\/types\/product"}],"replies":[{"embeddable":true,"href":"https:\/\/mivoot.com\/gt\/wp-json\/wp\/v2\/comments?post=33338"}],"version-history":[{"count":1,"href":"https:\/\/mivoot.com\/gt\/wp-json\/wp\/v2\/product\/33338\/revisions"}],"predecessor-version":[{"id":33358,"href":"https:\/\/mivoot.com\/gt\/wp-json\/wp\/v2\/product\/33338\/revisions\/33358"}],"wp:featuredmedia":[{"embeddable":true,"href":"https:\/\/mivoot.com\/gt\/wp-json\/wp\/v2\/media\/33354"}],"wp:attachment":[{"href":"https:\/\/mivoot.com\/gt\/wp-json\/wp\/v2\/media?parent=33338"}],"wp:term":[{"taxonomy":"pwb-brand","embeddable":true,"href":"https:\/\/mivoot.com\/gt\/wp-json\/wp\/v2\/pwb-brand?post=33338"},{"taxonomy":"product_brand","embeddable":true,"href":"https:\/\/mivoot.com\/gt\/wp-json\/wp\/v2\/product_brand?post=33338"},{"taxonomy":"product_cat","embeddable":true,"href":"https:\/\/mivoot.com\/gt\/wp-json\/wp\/v2\/product_cat?post=33338"},{"taxonomy":"product_tag","embeddable":true,"href":"https:\/\/mivoot.com\/gt\/wp-json\/wp\/v2\/product_tag?post=33338"}],"curies":[{"name":"wp","href":"https:\/\/api.w.org\/{rel}","templated":true}]}}