{"id":33364,"date":"2026-04-21T18:00:52","date_gmt":"2026-04-22T00:00:52","guid":{"rendered":"https:\/\/mivoot.com\/gt\/?post_type=product&#038;p=33364"},"modified":"2026-04-21T18:03:07","modified_gmt":"2026-04-22T00:03:07","slug":"ups-2000va-1400w-apc","status":"publish","type":"product","link":"https:\/\/mivoot.com\/gt\/producto\/ups-2000va-1400w-apc\/","title":{"rendered":"UPS 2000VA 1400W APC"},"content":{"rendered":"<h1 style=\"text-align: center\"><span style=\"color: #003366\"><strong>UPS 2000VA 1400W APC<\/strong><\/span><\/h1>\n<p style=\"text-align: center\">Sistema de energ\u00eda ininterrumpida (UPS) interactivo en l\u00ednea de 2KVA (1400W) 6 salidas NEMA 5-20R y cord\u00f3n con espiga NEMA 5-20P, pantalla LCD inteligente Texto y diagramas m\u00edmicos que muestran modos de operaci\u00f3n, par\u00e1metros de sistema y alarmas, alarmas sonoras, puerto serial, puerto USB y puerto inteligente.<\/p>\n<p>&nbsp;<\/p>\n<h3><span style=\"color: #003366\"><strong>Detalles t\u00e9cnicos<\/strong><\/span><\/h3>\n<ul>\n<li>Frecuencia de salida:\u00a050\/60 Hz<\/li>\n<li>Control de energ\u00eda<\/li>\n<li>Voltaje de operaci\u00f3n de salida (min):\u00a0120 V<\/li>\n<li>Potencia de salida:\u00a01400 W<\/li>\n<li>Voltaje de entrada de operaci\u00f3n (min):\u00a078 V<\/li>\n<li>Capacidad de potencia de salida (VA):\u00a02000 VA<\/li>\n<\/ul>\n<h3><span style=\"color: #003366\"><strong>Condiciones ambientales<\/strong><\/span><\/h3>\n<ul>\n<li>Intervalo de temperatura operativa:\u00a00 &#8211; 40 \u00b0C<\/li>\n<li>Intervalo de humedad relativa para funcionamiento:\u00a00 &#8211; 95%<\/li>\n<\/ul>\n<h3><span style=\"color: #003366\"><strong>Desempe\u00f1o<\/strong><\/span><\/h3>\n<ul>\n<li>Forma de onda:\u00a0Seno<\/li>\n<li>Nivel de ruido:\u00a045 Db<\/li>\n<li>Topolog\u00eda UPS:\u00a0L\u00ednea interactiva<\/li>\n<li>Tiempo de respuesta:\u00a02 ms<\/li>\n<\/ul>\n<h3><span style=\"color: #003366\"><strong>Peso y dimensiones<\/strong><\/span><\/h3>\n<ul>\n<li>Altura:\u00a0240 mm<\/li>\n<li>Profundidad:\u00a0180 mm<\/li>\n<li>Peso:\u00a028 kg<\/li>\n<li>Ancho:\u00a0455 mm<\/li>\n<\/ul>\n","protected":false},"excerpt":{"rendered":"<p>&#8211; Frecuencia de salida: 50\/60 Hz<br \/>\n&#8211; Control de energ\u00eda<br \/>\n&#8211; Voltaje de operaci\u00f3n de salida (min): 120 V<br \/>\n&#8211; Potencia de salida: 1400 W<br \/>\n&#8211; Voltaje de entrada de operaci\u00f3n (min): 78 V<br \/>\n&#8211; Capacidad de potencia de salida (VA): 2000 VA<\/p>\n","protected":false},"featured_media":33376,"comment_status":"open","ping_status":"closed","template":"","meta":{"jetpack_publicize_message":"","jetpack_publicize_feature_enabled":true,"jetpack_social_post_already_shared":true,"jetpack_social_options":{"image_generator_settings":{"template":"highway","default_image_id":0,"font":"","enabled":false},"version":2}},"pwb-brand":[104],"product_brand":[],"product_cat":[20,178],"product_tag":[],"class_list":{"0":"post-33364","1":"product","2":"type-product","3":"status-publish","4":"has-post-thumbnail","6":"pwb-brand-apc","7":"product_cat-reguladores-y-ups","8":"product_cat-ups","10":"first","11":"instock","12":"taxable","13":"shipping-taxable","14":"purchasable","15":"product-type-simple"},"yoast_head":"<!-- This site is optimized with the Yoast SEO Premium plugin v25.7.1 (Yoast SEO v26.8) - https:\/\/yoast.com\/product\/yoast-seo-premium-wordpress\/ -->\n<title>UPS 2000VA 1400W APC - Mivoot<\/title>\n<meta name=\"robots\" content=\"index, follow, max-snippet:-1, max-image-preview:large, max-video-preview:-1\" \/>\n<link rel=\"canonical\" href=\"https:\/\/mivoot.com\/gt\/producto\/ups-2000va-1400w-apc\/\" \/>\n<meta property=\"og:locale\" content=\"es_ES\" \/>\n<meta property=\"og:type\" content=\"article\" \/>\n<meta property=\"og:title\" content=\"UPS 2000VA 1400W APC\" \/>\n<meta property=\"og:description\" content=\"- Frecuencia de salida: 50\/60 Hz - Control de energ\u00eda - Voltaje de operaci\u00f3n de salida (min): 120 V - Potencia de salida: 1400 W - Voltaje de entrada de operaci\u00f3n (min): 78 V - Capacidad de potencia de salida (VA): 2000 VA\" \/>\n<meta property=\"og:url\" content=\"https:\/\/mivoot.com\/gt\/producto\/ups-2000va-1400w-apc\/\" \/>\n<meta property=\"og:site_name\" content=\"Mivoot\" \/>\n<meta property=\"article:publisher\" content=\"https:\/\/www.facebook.com\/mivootgt\" \/>\n<meta property=\"article:modified_time\" content=\"2026-04-22T00:03:07+00:00\" \/>\n<meta property=\"og:image\" content=\"https:\/\/mivoot.com\/gt\/wp-content\/uploads\/2026\/04\/SMV2000CA-1200x1200-01.-700x700-1.jpg\" \/>\n\t<meta property=\"og:image:width\" content=\"700\" \/>\n\t<meta property=\"og:image:height\" content=\"700\" \/>\n\t<meta property=\"og:image:type\" content=\"image\/jpeg\" \/>\n<meta name=\"twitter:card\" content=\"summary_large_image\" \/>\n<meta name=\"twitter:label1\" content=\"Est. reading time\" \/>\n\t<meta name=\"twitter:data1\" content=\"1 minuto\" \/>\n<script type=\"application\/ld+json\" class=\"yoast-schema-graph\">{\"@context\":\"https:\/\/schema.org\",\"@graph\":[{\"@type\":\"WebPage\",\"@id\":\"https:\/\/mivoot.com\/gt\/producto\/ups-2000va-1400w-apc\/\",\"url\":\"https:\/\/mivoot.com\/gt\/producto\/ups-2000va-1400w-apc\/\",\"name\":\"UPS 2000VA 1400W APC - Mivoot\",\"isPartOf\":{\"@id\":\"https:\/\/mivoot.com\/gt\/#website\"},\"primaryImageOfPage\":{\"@id\":\"https:\/\/mivoot.com\/gt\/producto\/ups-2000va-1400w-apc\/#primaryimage\"},\"image\":{\"@id\":\"https:\/\/mivoot.com\/gt\/producto\/ups-2000va-1400w-apc\/#primaryimage\"},\"thumbnailUrl\":\"https:\/\/mivoot.com\/gt\/wp-content\/uploads\/2026\/04\/SMV2000CA-1200x1200-01.-700x700-1.jpg\",\"datePublished\":\"2026-04-22T00:00:52+00:00\",\"dateModified\":\"2026-04-22T00:03:07+00:00\",\"breadcrumb\":{\"@id\":\"https:\/\/mivoot.com\/gt\/producto\/ups-2000va-1400w-apc\/#breadcrumb\"},\"inLanguage\":\"es\",\"potentialAction\":[{\"@type\":\"ReadAction\",\"target\":[\"https:\/\/mivoot.com\/gt\/producto\/ups-2000va-1400w-apc\/\"]}]},{\"@type\":\"ImageObject\",\"inLanguage\":\"es\",\"@id\":\"https:\/\/mivoot.com\/gt\/producto\/ups-2000va-1400w-apc\/#primaryimage\",\"url\":\"https:\/\/mivoot.com\/gt\/wp-content\/uploads\/2026\/04\/SMV2000CA-1200x1200-01.-700x700-1.jpg\",\"contentUrl\":\"https:\/\/mivoot.com\/gt\/wp-content\/uploads\/2026\/04\/SMV2000CA-1200x1200-01.-700x700-1.jpg\",\"width\":700,\"height\":700},{\"@type\":\"BreadcrumbList\",\"@id\":\"https:\/\/mivoot.com\/gt\/producto\/ups-2000va-1400w-apc\/#breadcrumb\",\"itemListElement\":[{\"@type\":\"ListItem\",\"position\":1,\"name\":\"Inicio\",\"item\":\"https:\/\/mivoot.com\/gt\/\"},{\"@type\":\"ListItem\",\"position\":2,\"name\":\"Productos\",\"item\":\"https:\/\/mivoot.com\/gt\/producto\/\"},{\"@type\":\"ListItem\",\"position\":3,\"name\":\"APC\",\"item\":\"https:\/\/mivoot.com\/gt\/marca\/apc\/\"},{\"@type\":\"ListItem\",\"position\":4,\"name\":\"UPS 2000VA 1400W APC\"}]},{\"@type\":\"WebSite\",\"@id\":\"https:\/\/mivoot.com\/gt\/#website\",\"url\":\"https:\/\/mivoot.com\/gt\/\",\"name\":\"Mivoot\",\"description\":\"Mivoot Guatemala | Tienda Online\",\"publisher\":{\"@id\":\"https:\/\/mivoot.com\/gt\/#organization\"},\"alternateName\":\"mivoot\",\"potentialAction\":[{\"@type\":\"SearchAction\",\"target\":{\"@type\":\"EntryPoint\",\"urlTemplate\":\"https:\/\/mivoot.com\/gt\/?s={search_term_string}\"},\"query-input\":{\"@type\":\"PropertyValueSpecification\",\"valueRequired\":true,\"valueName\":\"search_term_string\"}}],\"inLanguage\":\"es\"},{\"@type\":\"Organization\",\"@id\":\"https:\/\/mivoot.com\/gt\/#organization\",\"name\":\"Mivoot Guatemala\",\"alternateName\":\"mivoot.com\",\"url\":\"https:\/\/mivoot.com\/gt\/\",\"logo\":{\"@type\":\"ImageObject\",\"inLanguage\":\"es\",\"@id\":\"https:\/\/mivoot.com\/gt\/#\/schema\/logo\/image\/\",\"url\":\"https:\/\/mivoot.com\/gt\/wp-content\/uploads\/2023\/03\/cropped-icon.png\",\"contentUrl\":\"https:\/\/mivoot.com\/gt\/wp-content\/uploads\/2023\/03\/cropped-icon.png\",\"width\":512,\"height\":512,\"caption\":\"Mivoot Guatemala\"},\"image\":{\"@id\":\"https:\/\/mivoot.com\/gt\/#\/schema\/logo\/image\/\"},\"sameAs\":[\"https:\/\/www.facebook.com\/mivootgt\",\"https:\/\/instagram.com\/mivoot\"]}]}<\/script>\n<!-- \/ Yoast SEO Premium plugin. -->","yoast_head_json":{"title":"UPS 2000VA 1400W APC - Mivoot","robots":{"index":"index","follow":"follow","max-snippet":"max-snippet:-1","max-image-preview":"max-image-preview:large","max-video-preview":"max-video-preview:-1"},"canonical":"https:\/\/mivoot.com\/gt\/producto\/ups-2000va-1400w-apc\/","og_locale":"es_ES","og_type":"article","og_title":"UPS 2000VA 1400W APC","og_description":"- Frecuencia de salida: 50\/60 Hz - Control de energ\u00eda - Voltaje de operaci\u00f3n de salida (min): 120 V - Potencia de salida: 1400 W - Voltaje de entrada de operaci\u00f3n (min): 78 V - Capacidad de potencia de salida (VA): 2000 VA","og_url":"https:\/\/mivoot.com\/gt\/producto\/ups-2000va-1400w-apc\/","og_site_name":"Mivoot","article_publisher":"https:\/\/www.facebook.com\/mivootgt","article_modified_time":"2026-04-22T00:03:07+00:00","og_image":[{"width":700,"height":700,"url":"https:\/\/mivoot.com\/gt\/wp-content\/uploads\/2026\/04\/SMV2000CA-1200x1200-01.-700x700-1.jpg","type":"image\/jpeg"}],"twitter_card":"summary_large_image","twitter_misc":{"Est. reading time":"1 minuto"},"schema":{"@context":"https:\/\/schema.org","@graph":[{"@type":"WebPage","@id":"https:\/\/mivoot.com\/gt\/producto\/ups-2000va-1400w-apc\/","url":"https:\/\/mivoot.com\/gt\/producto\/ups-2000va-1400w-apc\/","name":"UPS 2000VA 1400W APC - Mivoot","isPartOf":{"@id":"https:\/\/mivoot.com\/gt\/#website"},"primaryImageOfPage":{"@id":"https:\/\/mivoot.com\/gt\/producto\/ups-2000va-1400w-apc\/#primaryimage"},"image":{"@id":"https:\/\/mivoot.com\/gt\/producto\/ups-2000va-1400w-apc\/#primaryimage"},"thumbnailUrl":"https:\/\/mivoot.com\/gt\/wp-content\/uploads\/2026\/04\/SMV2000CA-1200x1200-01.-700x700-1.jpg","datePublished":"2026-04-22T00:00:52+00:00","dateModified":"2026-04-22T00:03:07+00:00","breadcrumb":{"@id":"https:\/\/mivoot.com\/gt\/producto\/ups-2000va-1400w-apc\/#breadcrumb"},"inLanguage":"es","potentialAction":[{"@type":"ReadAction","target":["https:\/\/mivoot.com\/gt\/producto\/ups-2000va-1400w-apc\/"]}]},{"@type":"ImageObject","inLanguage":"es","@id":"https:\/\/mivoot.com\/gt\/producto\/ups-2000va-1400w-apc\/#primaryimage","url":"https:\/\/mivoot.com\/gt\/wp-content\/uploads\/2026\/04\/SMV2000CA-1200x1200-01.-700x700-1.jpg","contentUrl":"https:\/\/mivoot.com\/gt\/wp-content\/uploads\/2026\/04\/SMV2000CA-1200x1200-01.-700x700-1.jpg","width":700,"height":700},{"@type":"BreadcrumbList","@id":"https:\/\/mivoot.com\/gt\/producto\/ups-2000va-1400w-apc\/#breadcrumb","itemListElement":[{"@type":"ListItem","position":1,"name":"Inicio","item":"https:\/\/mivoot.com\/gt\/"},{"@type":"ListItem","position":2,"name":"Productos","item":"https:\/\/mivoot.com\/gt\/producto\/"},{"@type":"ListItem","position":3,"name":"APC","item":"https:\/\/mivoot.com\/gt\/marca\/apc\/"},{"@type":"ListItem","position":4,"name":"UPS 2000VA 1400W APC"}]},{"@type":"WebSite","@id":"https:\/\/mivoot.com\/gt\/#website","url":"https:\/\/mivoot.com\/gt\/","name":"Mivoot","description":"Mivoot Guatemala | Tienda Online","publisher":{"@id":"https:\/\/mivoot.com\/gt\/#organization"},"alternateName":"mivoot","potentialAction":[{"@type":"SearchAction","target":{"@type":"EntryPoint","urlTemplate":"https:\/\/mivoot.com\/gt\/?s={search_term_string}"},"query-input":{"@type":"PropertyValueSpecification","valueRequired":true,"valueName":"search_term_string"}}],"inLanguage":"es"},{"@type":"Organization","@id":"https:\/\/mivoot.com\/gt\/#organization","name":"Mivoot Guatemala","alternateName":"mivoot.com","url":"https:\/\/mivoot.com\/gt\/","logo":{"@type":"ImageObject","inLanguage":"es","@id":"https:\/\/mivoot.com\/gt\/#\/schema\/logo\/image\/","url":"https:\/\/mivoot.com\/gt\/wp-content\/uploads\/2023\/03\/cropped-icon.png","contentUrl":"https:\/\/mivoot.com\/gt\/wp-content\/uploads\/2023\/03\/cropped-icon.png","width":512,"height":512,"caption":"Mivoot Guatemala"},"image":{"@id":"https:\/\/mivoot.com\/gt\/#\/schema\/logo\/image\/"},"sameAs":["https:\/\/www.facebook.com\/mivootgt","https:\/\/instagram.com\/mivoot"]}]}},"jetpack_publicize_connections":[],"jetpack_sharing_enabled":true,"brands":[{"id":104,"name":"APC","slug":"apc"}],"_links":{"self":[{"href":"https:\/\/mivoot.com\/gt\/wp-json\/wp\/v2\/product\/33364","targetHints":{"allow":["GET"]}}],"collection":[{"href":"https:\/\/mivoot.com\/gt\/wp-json\/wp\/v2\/product"}],"about":[{"href":"https:\/\/mivoot.com\/gt\/wp-json\/wp\/v2\/types\/product"}],"replies":[{"embeddable":true,"href":"https:\/\/mivoot.com\/gt\/wp-json\/wp\/v2\/comments?post=33364"}],"version-history":[{"count":1,"href":"https:\/\/mivoot.com\/gt\/wp-json\/wp\/v2\/product\/33364\/revisions"}],"predecessor-version":[{"id":33377,"href":"https:\/\/mivoot.com\/gt\/wp-json\/wp\/v2\/product\/33364\/revisions\/33377"}],"wp:featuredmedia":[{"embeddable":true,"href":"https:\/\/mivoot.com\/gt\/wp-json\/wp\/v2\/media\/33376"}],"wp:attachment":[{"href":"https:\/\/mivoot.com\/gt\/wp-json\/wp\/v2\/media?parent=33364"}],"wp:term":[{"taxonomy":"pwb-brand","embeddable":true,"href":"https:\/\/mivoot.com\/gt\/wp-json\/wp\/v2\/pwb-brand?post=33364"},{"taxonomy":"product_brand","embeddable":true,"href":"https:\/\/mivoot.com\/gt\/wp-json\/wp\/v2\/product_brand?post=33364"},{"taxonomy":"product_cat","embeddable":true,"href":"https:\/\/mivoot.com\/gt\/wp-json\/wp\/v2\/product_cat?post=33364"},{"taxonomy":"product_tag","embeddable":true,"href":"https:\/\/mivoot.com\/gt\/wp-json\/wp\/v2\/product_tag?post=33364"}],"curies":[{"name":"wp","href":"https:\/\/api.w.org\/{rel}","templated":true}]}}