{"id":33372,"date":"2026-04-21T18:05:43","date_gmt":"2026-04-22T00:05:43","guid":{"rendered":"https:\/\/mivoot.com\/gt\/?post_type=product&#038;p=33372"},"modified":"2026-04-21T18:07:35","modified_gmt":"2026-04-22T00:07:35","slug":"audifonos-jbl-sense-pro-blanco","status":"publish","type":"product","link":"https:\/\/mivoot.com\/gt\/producto\/audifonos-jbl-sense-pro-blanco\/","title":{"rendered":"Aud\u00edfonos JBL Sense Pro Blanco"},"content":{"rendered":"","protected":false},"excerpt":{"rendered":"<p>\u2013 Gancho ajustable para la oreja que garantiza tu comodidad durante todo el d\u00eda<br \/>\n\u2013 Personalizable por medio de la aplicaci\u00f3n JBL Headphones<br \/>\n\u2013 Dise\u00f1ados para ofrecer comodidad durante todo el d\u00eda<br \/>\n\u2013 Hasta 38 horas de tiempo de reproducci\u00f3n total, adem\u00e1s de una carga r\u00e1pida e inal\u00e1mbrica<br \/>\n\u2013 Dual Connect y sincronizaci\u00f3n con Fast Pair<br \/>\n\u2013 Conexi\u00f3n multipunto<\/p>\n","protected":false},"featured_media":33378,"comment_status":"open","ping_status":"closed","template":"","meta":{"jetpack_publicize_message":"","jetpack_publicize_feature_enabled":true,"jetpack_social_post_already_shared":true,"jetpack_social_options":{"image_generator_settings":{"template":"highway","default_image_id":0,"font":"","enabled":false},"version":2}},"pwb-brand":[75],"product_brand":[],"product_cat":[23],"product_tag":[],"class_list":{"0":"post-33372","1":"product","2":"type-product","3":"status-publish","4":"has-post-thumbnail","6":"pwb-brand-jbl","7":"product_cat-audifonos-bluetooth","9":"first","10":"instock","11":"sale","12":"taxable","13":"shipping-taxable","14":"purchasable","15":"product-type-simple"},"yoast_head":"<!-- This site is optimized with the Yoast SEO Premium plugin v25.7.1 (Yoast SEO v26.8) - https:\/\/yoast.com\/product\/yoast-seo-premium-wordpress\/ -->\n<title>Aud\u00edfonos JBL Sense Pro Blanco - Mivoot<\/title>\n<meta name=\"robots\" content=\"index, follow, max-snippet:-1, max-image-preview:large, max-video-preview:-1\" \/>\n<link rel=\"canonical\" href=\"https:\/\/mivoot.com\/gt\/producto\/audifonos-jbl-sense-pro-blanco\/\" \/>\n<meta property=\"og:locale\" content=\"es_ES\" \/>\n<meta property=\"og:type\" content=\"article\" \/>\n<meta property=\"og:title\" content=\"Aud\u00edfonos JBL Sense Pro Blanco\" \/>\n<meta property=\"og:description\" content=\"\u2013 Gancho ajustable para la oreja que garantiza tu comodidad durante todo el d\u00eda \u2013 Personalizable por medio de la aplicaci\u00f3n JBL Headphones \u2013 Dise\u00f1ados para ofrecer comodidad durante todo el d\u00eda \u2013 Hasta 38 horas de tiempo de reproducci\u00f3n total, adem\u00e1s de una carga r\u00e1pida e inal\u00e1mbrica \u2013 Dual Connect y sincronizaci\u00f3n con Fast Pair \u2013 Conexi\u00f3n multipunto\" \/>\n<meta property=\"og:url\" content=\"https:\/\/mivoot.com\/gt\/producto\/audifonos-jbl-sense-pro-blanco\/\" \/>\n<meta property=\"og:site_name\" content=\"Mivoot\" \/>\n<meta property=\"article:publisher\" content=\"https:\/\/www.facebook.com\/mivootgt\" \/>\n<meta property=\"article:modified_time\" content=\"2026-04-22T00:07:35+00:00\" \/>\n<meta property=\"og:image\" content=\"https:\/\/mivoot.com\/gt\/wp-content\/uploads\/2026\/04\/01.LS_JBL_Sense-Pro_Product_Image_Hero_White.png\" \/>\n\t<meta property=\"og:image:width\" content=\"453\" \/>\n\t<meta property=\"og:image:height\" content=\"453\" \/>\n\t<meta property=\"og:image:type\" content=\"image\/png\" \/>\n<meta name=\"twitter:card\" content=\"summary_large_image\" \/>\n<meta name=\"twitter:label1\" content=\"Est. reading time\" \/>\n\t<meta name=\"twitter:data1\" content=\"1 minuto\" \/>\n<script type=\"application\/ld+json\" class=\"yoast-schema-graph\">{\"@context\":\"https:\/\/schema.org\",\"@graph\":[{\"@type\":\"WebPage\",\"@id\":\"https:\/\/mivoot.com\/gt\/producto\/audifonos-jbl-sense-pro-blanco\/\",\"url\":\"https:\/\/mivoot.com\/gt\/producto\/audifonos-jbl-sense-pro-blanco\/\",\"name\":\"Aud\u00edfonos JBL Sense Pro Blanco - Mivoot\",\"isPartOf\":{\"@id\":\"https:\/\/mivoot.com\/gt\/#website\"},\"primaryImageOfPage\":{\"@id\":\"https:\/\/mivoot.com\/gt\/producto\/audifonos-jbl-sense-pro-blanco\/#primaryimage\"},\"image\":{\"@id\":\"https:\/\/mivoot.com\/gt\/producto\/audifonos-jbl-sense-pro-blanco\/#primaryimage\"},\"thumbnailUrl\":\"https:\/\/mivoot.com\/gt\/wp-content\/uploads\/2026\/04\/01.LS_JBL_Sense-Pro_Product_Image_Hero_White.png\",\"datePublished\":\"2026-04-22T00:05:43+00:00\",\"dateModified\":\"2026-04-22T00:07:35+00:00\",\"breadcrumb\":{\"@id\":\"https:\/\/mivoot.com\/gt\/producto\/audifonos-jbl-sense-pro-blanco\/#breadcrumb\"},\"inLanguage\":\"es\",\"potentialAction\":[{\"@type\":\"ReadAction\",\"target\":[\"https:\/\/mivoot.com\/gt\/producto\/audifonos-jbl-sense-pro-blanco\/\"]}]},{\"@type\":\"ImageObject\",\"inLanguage\":\"es\",\"@id\":\"https:\/\/mivoot.com\/gt\/producto\/audifonos-jbl-sense-pro-blanco\/#primaryimage\",\"url\":\"https:\/\/mivoot.com\/gt\/wp-content\/uploads\/2026\/04\/01.LS_JBL_Sense-Pro_Product_Image_Hero_White.png\",\"contentUrl\":\"https:\/\/mivoot.com\/gt\/wp-content\/uploads\/2026\/04\/01.LS_JBL_Sense-Pro_Product_Image_Hero_White.png\",\"width\":453,\"height\":453},{\"@type\":\"BreadcrumbList\",\"@id\":\"https:\/\/mivoot.com\/gt\/producto\/audifonos-jbl-sense-pro-blanco\/#breadcrumb\",\"itemListElement\":[{\"@type\":\"ListItem\",\"position\":1,\"name\":\"Inicio\",\"item\":\"https:\/\/mivoot.com\/gt\/\"},{\"@type\":\"ListItem\",\"position\":2,\"name\":\"Productos\",\"item\":\"https:\/\/mivoot.com\/gt\/producto\/\"},{\"@type\":\"ListItem\",\"position\":3,\"name\":\"JBL\",\"item\":\"https:\/\/mivoot.com\/gt\/marca\/jbl\/\"},{\"@type\":\"ListItem\",\"position\":4,\"name\":\"Aud\u00edfonos JBL Sense Pro Blanco\"}]},{\"@type\":\"WebSite\",\"@id\":\"https:\/\/mivoot.com\/gt\/#website\",\"url\":\"https:\/\/mivoot.com\/gt\/\",\"name\":\"Mivoot\",\"description\":\"Mivoot Guatemala | Tienda Online\",\"publisher\":{\"@id\":\"https:\/\/mivoot.com\/gt\/#organization\"},\"alternateName\":\"mivoot\",\"potentialAction\":[{\"@type\":\"SearchAction\",\"target\":{\"@type\":\"EntryPoint\",\"urlTemplate\":\"https:\/\/mivoot.com\/gt\/?s={search_term_string}\"},\"query-input\":{\"@type\":\"PropertyValueSpecification\",\"valueRequired\":true,\"valueName\":\"search_term_string\"}}],\"inLanguage\":\"es\"},{\"@type\":\"Organization\",\"@id\":\"https:\/\/mivoot.com\/gt\/#organization\",\"name\":\"Mivoot Guatemala\",\"alternateName\":\"mivoot.com\",\"url\":\"https:\/\/mivoot.com\/gt\/\",\"logo\":{\"@type\":\"ImageObject\",\"inLanguage\":\"es\",\"@id\":\"https:\/\/mivoot.com\/gt\/#\/schema\/logo\/image\/\",\"url\":\"https:\/\/mivoot.com\/gt\/wp-content\/uploads\/2023\/03\/cropped-icon.png\",\"contentUrl\":\"https:\/\/mivoot.com\/gt\/wp-content\/uploads\/2023\/03\/cropped-icon.png\",\"width\":512,\"height\":512,\"caption\":\"Mivoot Guatemala\"},\"image\":{\"@id\":\"https:\/\/mivoot.com\/gt\/#\/schema\/logo\/image\/\"},\"sameAs\":[\"https:\/\/www.facebook.com\/mivootgt\",\"https:\/\/instagram.com\/mivoot\"]}]}<\/script>\n<!-- \/ Yoast SEO Premium plugin. -->","yoast_head_json":{"title":"Aud\u00edfonos JBL Sense Pro Blanco - Mivoot","robots":{"index":"index","follow":"follow","max-snippet":"max-snippet:-1","max-image-preview":"max-image-preview:large","max-video-preview":"max-video-preview:-1"},"canonical":"https:\/\/mivoot.com\/gt\/producto\/audifonos-jbl-sense-pro-blanco\/","og_locale":"es_ES","og_type":"article","og_title":"Aud\u00edfonos JBL Sense Pro Blanco","og_description":"\u2013 Gancho ajustable para la oreja que garantiza tu comodidad durante todo el d\u00eda \u2013 Personalizable por medio de la aplicaci\u00f3n JBL Headphones \u2013 Dise\u00f1ados para ofrecer comodidad durante todo el d\u00eda \u2013 Hasta 38 horas de tiempo de reproducci\u00f3n total, adem\u00e1s de una carga r\u00e1pida e inal\u00e1mbrica \u2013 Dual Connect y sincronizaci\u00f3n con Fast Pair \u2013 Conexi\u00f3n multipunto","og_url":"https:\/\/mivoot.com\/gt\/producto\/audifonos-jbl-sense-pro-blanco\/","og_site_name":"Mivoot","article_publisher":"https:\/\/www.facebook.com\/mivootgt","article_modified_time":"2026-04-22T00:07:35+00:00","og_image":[{"width":453,"height":453,"url":"https:\/\/mivoot.com\/gt\/wp-content\/uploads\/2026\/04\/01.LS_JBL_Sense-Pro_Product_Image_Hero_White.png","type":"image\/png"}],"twitter_card":"summary_large_image","twitter_misc":{"Est. reading time":"1 minuto"},"schema":{"@context":"https:\/\/schema.org","@graph":[{"@type":"WebPage","@id":"https:\/\/mivoot.com\/gt\/producto\/audifonos-jbl-sense-pro-blanco\/","url":"https:\/\/mivoot.com\/gt\/producto\/audifonos-jbl-sense-pro-blanco\/","name":"Aud\u00edfonos JBL Sense Pro Blanco - Mivoot","isPartOf":{"@id":"https:\/\/mivoot.com\/gt\/#website"},"primaryImageOfPage":{"@id":"https:\/\/mivoot.com\/gt\/producto\/audifonos-jbl-sense-pro-blanco\/#primaryimage"},"image":{"@id":"https:\/\/mivoot.com\/gt\/producto\/audifonos-jbl-sense-pro-blanco\/#primaryimage"},"thumbnailUrl":"https:\/\/mivoot.com\/gt\/wp-content\/uploads\/2026\/04\/01.LS_JBL_Sense-Pro_Product_Image_Hero_White.png","datePublished":"2026-04-22T00:05:43+00:00","dateModified":"2026-04-22T00:07:35+00:00","breadcrumb":{"@id":"https:\/\/mivoot.com\/gt\/producto\/audifonos-jbl-sense-pro-blanco\/#breadcrumb"},"inLanguage":"es","potentialAction":[{"@type":"ReadAction","target":["https:\/\/mivoot.com\/gt\/producto\/audifonos-jbl-sense-pro-blanco\/"]}]},{"@type":"ImageObject","inLanguage":"es","@id":"https:\/\/mivoot.com\/gt\/producto\/audifonos-jbl-sense-pro-blanco\/#primaryimage","url":"https:\/\/mivoot.com\/gt\/wp-content\/uploads\/2026\/04\/01.LS_JBL_Sense-Pro_Product_Image_Hero_White.png","contentUrl":"https:\/\/mivoot.com\/gt\/wp-content\/uploads\/2026\/04\/01.LS_JBL_Sense-Pro_Product_Image_Hero_White.png","width":453,"height":453},{"@type":"BreadcrumbList","@id":"https:\/\/mivoot.com\/gt\/producto\/audifonos-jbl-sense-pro-blanco\/#breadcrumb","itemListElement":[{"@type":"ListItem","position":1,"name":"Inicio","item":"https:\/\/mivoot.com\/gt\/"},{"@type":"ListItem","position":2,"name":"Productos","item":"https:\/\/mivoot.com\/gt\/producto\/"},{"@type":"ListItem","position":3,"name":"JBL","item":"https:\/\/mivoot.com\/gt\/marca\/jbl\/"},{"@type":"ListItem","position":4,"name":"Aud\u00edfonos JBL Sense Pro Blanco"}]},{"@type":"WebSite","@id":"https:\/\/mivoot.com\/gt\/#website","url":"https:\/\/mivoot.com\/gt\/","name":"Mivoot","description":"Mivoot Guatemala | Tienda Online","publisher":{"@id":"https:\/\/mivoot.com\/gt\/#organization"},"alternateName":"mivoot","potentialAction":[{"@type":"SearchAction","target":{"@type":"EntryPoint","urlTemplate":"https:\/\/mivoot.com\/gt\/?s={search_term_string}"},"query-input":{"@type":"PropertyValueSpecification","valueRequired":true,"valueName":"search_term_string"}}],"inLanguage":"es"},{"@type":"Organization","@id":"https:\/\/mivoot.com\/gt\/#organization","name":"Mivoot Guatemala","alternateName":"mivoot.com","url":"https:\/\/mivoot.com\/gt\/","logo":{"@type":"ImageObject","inLanguage":"es","@id":"https:\/\/mivoot.com\/gt\/#\/schema\/logo\/image\/","url":"https:\/\/mivoot.com\/gt\/wp-content\/uploads\/2023\/03\/cropped-icon.png","contentUrl":"https:\/\/mivoot.com\/gt\/wp-content\/uploads\/2023\/03\/cropped-icon.png","width":512,"height":512,"caption":"Mivoot Guatemala"},"image":{"@id":"https:\/\/mivoot.com\/gt\/#\/schema\/logo\/image\/"},"sameAs":["https:\/\/www.facebook.com\/mivootgt","https:\/\/instagram.com\/mivoot"]}]}},"jetpack_publicize_connections":[],"jetpack_sharing_enabled":true,"brands":[{"id":75,"name":"JBL","slug":"jbl"}],"_links":{"self":[{"href":"https:\/\/mivoot.com\/gt\/wp-json\/wp\/v2\/product\/33372","targetHints":{"allow":["GET"]}}],"collection":[{"href":"https:\/\/mivoot.com\/gt\/wp-json\/wp\/v2\/product"}],"about":[{"href":"https:\/\/mivoot.com\/gt\/wp-json\/wp\/v2\/types\/product"}],"replies":[{"embeddable":true,"href":"https:\/\/mivoot.com\/gt\/wp-json\/wp\/v2\/comments?post=33372"}],"version-history":[{"count":1,"href":"https:\/\/mivoot.com\/gt\/wp-json\/wp\/v2\/product\/33372\/revisions"}],"predecessor-version":[{"id":33386,"href":"https:\/\/mivoot.com\/gt\/wp-json\/wp\/v2\/product\/33372\/revisions\/33386"}],"wp:featuredmedia":[{"embeddable":true,"href":"https:\/\/mivoot.com\/gt\/wp-json\/wp\/v2\/media\/33378"}],"wp:attachment":[{"href":"https:\/\/mivoot.com\/gt\/wp-json\/wp\/v2\/media?parent=33372"}],"wp:term":[{"taxonomy":"pwb-brand","embeddable":true,"href":"https:\/\/mivoot.com\/gt\/wp-json\/wp\/v2\/pwb-brand?post=33372"},{"taxonomy":"product_brand","embeddable":true,"href":"https:\/\/mivoot.com\/gt\/wp-json\/wp\/v2\/product_brand?post=33372"},{"taxonomy":"product_cat","embeddable":true,"href":"https:\/\/mivoot.com\/gt\/wp-json\/wp\/v2\/product_cat?post=33372"},{"taxonomy":"product_tag","embeddable":true,"href":"https:\/\/mivoot.com\/gt\/wp-json\/wp\/v2\/product_tag?post=33372"}],"curies":[{"name":"wp","href":"https:\/\/api.w.org\/{rel}","templated":true}]}}