{"id":33389,"date":"2026-04-21T18:24:05","date_gmt":"2026-04-22T00:24:05","guid":{"rendered":"https:\/\/mivoot.com\/gt\/?post_type=product&#038;p=33389"},"modified":"2026-04-21T18:25:26","modified_gmt":"2026-04-22T00:25:26","slug":"bocina-xiaomi-sound-party","status":"publish","type":"product","link":"https:\/\/mivoot.com\/gt\/producto\/bocina-xiaomi-sound-party\/","title":{"rendered":"Bocina Xiaomi Sound Party"},"content":{"rendered":"","protected":false},"excerpt":{"rendered":"<p>&#8211; Potente calidad de sonido de 50 W<br \/>\n&#8211; Ajuste de Harman AudioEFX<br \/>\n&#8211; Compatible con emparejamiento TWS* para dos dispositivos.<br \/>\n&#8211; Conecta hasta 100 altavoces* para una reproducci\u00f3n sincronizada.<br \/>\n&#8211; Dise\u00f1o innovador<br \/>\n&#8211; El asa oculta integrada garantiza una portabilidad confiable para reuniones familiares, viajes de campamento o caminatas en la monta\u00f1a.<br \/>\n&#8211; La iluminaci\u00f3n ambiental est\u00e1 dise\u00f1ada para pulsar al ritmo de tu m\u00fasica, elevando el ambiente y creando el ambiente de fiesta perfecto.<br \/>\n&#8211; Nunca pierdas llamadas importantes. Un micr\u00f3fono incorporado le permite responder llamadas a trav\u00e9s del altavoz.<br \/>\n&#8211; El m\u00f3dulo NFC integrado permite el emparejamiento con un solo toque.<br \/>\n&#8211; Una carga de 10 minutos proporciona 2 horas de reproducci\u00f3n.<br \/>\n&#8211; Con una salida m\u00e1xima de 15 W*, puede servir como banco de energ\u00eda de emergencia.<\/p>\n","protected":false},"featured_media":33394,"comment_status":"open","ping_status":"closed","template":"","meta":{"jetpack_publicize_message":"","jetpack_publicize_feature_enabled":true,"jetpack_social_post_already_shared":true,"jetpack_social_options":{"image_generator_settings":{"template":"highway","default_image_id":0,"font":"","enabled":false},"version":2}},"pwb-brand":[94],"product_brand":[],"product_cat":[26],"product_tag":[],"class_list":{"0":"post-33389","1":"product","2":"type-product","3":"status-publish","4":"has-post-thumbnail","6":"pwb-brand-xiaomi","7":"product_cat-bocinas","9":"first","10":"instock","11":"sale","12":"taxable","13":"shipping-taxable","14":"purchasable","15":"product-type-simple"},"yoast_head":"<!-- This site is optimized with the Yoast SEO Premium plugin v25.7.1 (Yoast SEO v26.8) - https:\/\/yoast.com\/product\/yoast-seo-premium-wordpress\/ -->\n<title>Bocina Xiaomi Sound Party - Mivoot<\/title>\n<meta name=\"robots\" content=\"index, follow, max-snippet:-1, max-image-preview:large, max-video-preview:-1\" \/>\n<link rel=\"canonical\" href=\"https:\/\/mivoot.com\/gt\/producto\/bocina-xiaomi-sound-party\/\" \/>\n<meta property=\"og:locale\" content=\"es_ES\" \/>\n<meta property=\"og:type\" content=\"article\" \/>\n<meta property=\"og:title\" content=\"Bocina Xiaomi Sound Party\" \/>\n<meta property=\"og:description\" content=\"- Potente calidad de sonido de 50 W - Ajuste de Harman AudioEFX - Compatible con emparejamiento TWS* para dos dispositivos. - Conecta hasta 100 altavoces* para una reproducci\u00f3n sincronizada. - Dise\u00f1o innovador - El asa oculta integrada garantiza una portabilidad confiable para reuniones familiares, viajes de campamento o caminatas en la monta\u00f1a. - La iluminaci\u00f3n ambiental est\u00e1 dise\u00f1ada para pulsar al ritmo de tu m\u00fasica, elevando el ambiente y creando el ambiente de fiesta perfecto. - Nunca pierdas llamadas importantes. Un micr\u00f3fono incorporado le permite responder llamadas a trav\u00e9s del altavoz. - El m\u00f3dulo NFC integrado permite el emparejamiento con un solo toque. - Una carga de 10 minutos proporciona 2 horas de reproducci\u00f3n. - Con una salida m\u00e1xima de 15 W*, puede servir como banco de energ\u00eda de emergencia.\" \/>\n<meta property=\"og:url\" content=\"https:\/\/mivoot.com\/gt\/producto\/bocina-xiaomi-sound-party\/\" \/>\n<meta property=\"og:site_name\" content=\"Mivoot\" \/>\n<meta property=\"article:publisher\" content=\"https:\/\/www.facebook.com\/mivootgt\" \/>\n<meta property=\"article:modified_time\" content=\"2026-04-22T00:25:26+00:00\" \/>\n<meta property=\"og:image\" content=\"https:\/\/mivoot.com\/gt\/wp-content\/uploads\/2026\/04\/Xiaomi_Sound_Party1.webp\" \/>\n\t<meta property=\"og:image:width\" content=\"1600\" \/>\n\t<meta property=\"og:image:height\" content=\"1600\" \/>\n\t<meta property=\"og:image:type\" content=\"image\/webp\" \/>\n<meta name=\"twitter:card\" content=\"summary_large_image\" \/>\n<meta name=\"twitter:label1\" content=\"Est. reading time\" \/>\n\t<meta name=\"twitter:data1\" content=\"1 minuto\" \/>\n<script type=\"application\/ld+json\" class=\"yoast-schema-graph\">{\"@context\":\"https:\/\/schema.org\",\"@graph\":[{\"@type\":\"WebPage\",\"@id\":\"https:\/\/mivoot.com\/gt\/producto\/bocina-xiaomi-sound-party\/\",\"url\":\"https:\/\/mivoot.com\/gt\/producto\/bocina-xiaomi-sound-party\/\",\"name\":\"Bocina Xiaomi Sound Party - Mivoot\",\"isPartOf\":{\"@id\":\"https:\/\/mivoot.com\/gt\/#website\"},\"primaryImageOfPage\":{\"@id\":\"https:\/\/mivoot.com\/gt\/producto\/bocina-xiaomi-sound-party\/#primaryimage\"},\"image\":{\"@id\":\"https:\/\/mivoot.com\/gt\/producto\/bocina-xiaomi-sound-party\/#primaryimage\"},\"thumbnailUrl\":\"https:\/\/mivoot.com\/gt\/wp-content\/uploads\/2026\/04\/Xiaomi_Sound_Party1.webp\",\"datePublished\":\"2026-04-22T00:24:05+00:00\",\"dateModified\":\"2026-04-22T00:25:26+00:00\",\"breadcrumb\":{\"@id\":\"https:\/\/mivoot.com\/gt\/producto\/bocina-xiaomi-sound-party\/#breadcrumb\"},\"inLanguage\":\"es\",\"potentialAction\":[{\"@type\":\"ReadAction\",\"target\":[\"https:\/\/mivoot.com\/gt\/producto\/bocina-xiaomi-sound-party\/\"]}]},{\"@type\":\"ImageObject\",\"inLanguage\":\"es\",\"@id\":\"https:\/\/mivoot.com\/gt\/producto\/bocina-xiaomi-sound-party\/#primaryimage\",\"url\":\"https:\/\/mivoot.com\/gt\/wp-content\/uploads\/2026\/04\/Xiaomi_Sound_Party1.webp\",\"contentUrl\":\"https:\/\/mivoot.com\/gt\/wp-content\/uploads\/2026\/04\/Xiaomi_Sound_Party1.webp\",\"width\":1600,\"height\":1600},{\"@type\":\"BreadcrumbList\",\"@id\":\"https:\/\/mivoot.com\/gt\/producto\/bocina-xiaomi-sound-party\/#breadcrumb\",\"itemListElement\":[{\"@type\":\"ListItem\",\"position\":1,\"name\":\"Inicio\",\"item\":\"https:\/\/mivoot.com\/gt\/\"},{\"@type\":\"ListItem\",\"position\":2,\"name\":\"Productos\",\"item\":\"https:\/\/mivoot.com\/gt\/producto\/\"},{\"@type\":\"ListItem\",\"position\":3,\"name\":\"Xiaomi\",\"item\":\"https:\/\/mivoot.com\/gt\/marca\/xiaomi\/\"},{\"@type\":\"ListItem\",\"position\":4,\"name\":\"Bocina Xiaomi Sound Party\"}]},{\"@type\":\"WebSite\",\"@id\":\"https:\/\/mivoot.com\/gt\/#website\",\"url\":\"https:\/\/mivoot.com\/gt\/\",\"name\":\"Mivoot\",\"description\":\"Mivoot Guatemala | Tienda Online\",\"publisher\":{\"@id\":\"https:\/\/mivoot.com\/gt\/#organization\"},\"alternateName\":\"mivoot\",\"potentialAction\":[{\"@type\":\"SearchAction\",\"target\":{\"@type\":\"EntryPoint\",\"urlTemplate\":\"https:\/\/mivoot.com\/gt\/?s={search_term_string}\"},\"query-input\":{\"@type\":\"PropertyValueSpecification\",\"valueRequired\":true,\"valueName\":\"search_term_string\"}}],\"inLanguage\":\"es\"},{\"@type\":\"Organization\",\"@id\":\"https:\/\/mivoot.com\/gt\/#organization\",\"name\":\"Mivoot Guatemala\",\"alternateName\":\"mivoot.com\",\"url\":\"https:\/\/mivoot.com\/gt\/\",\"logo\":{\"@type\":\"ImageObject\",\"inLanguage\":\"es\",\"@id\":\"https:\/\/mivoot.com\/gt\/#\/schema\/logo\/image\/\",\"url\":\"https:\/\/mivoot.com\/gt\/wp-content\/uploads\/2023\/03\/cropped-icon.png\",\"contentUrl\":\"https:\/\/mivoot.com\/gt\/wp-content\/uploads\/2023\/03\/cropped-icon.png\",\"width\":512,\"height\":512,\"caption\":\"Mivoot Guatemala\"},\"image\":{\"@id\":\"https:\/\/mivoot.com\/gt\/#\/schema\/logo\/image\/\"},\"sameAs\":[\"https:\/\/www.facebook.com\/mivootgt\",\"https:\/\/instagram.com\/mivoot\"]}]}<\/script>\n<!-- \/ Yoast SEO Premium plugin. -->","yoast_head_json":{"title":"Bocina Xiaomi Sound Party - Mivoot","robots":{"index":"index","follow":"follow","max-snippet":"max-snippet:-1","max-image-preview":"max-image-preview:large","max-video-preview":"max-video-preview:-1"},"canonical":"https:\/\/mivoot.com\/gt\/producto\/bocina-xiaomi-sound-party\/","og_locale":"es_ES","og_type":"article","og_title":"Bocina Xiaomi Sound Party","og_description":"- Potente calidad de sonido de 50 W - Ajuste de Harman AudioEFX - Compatible con emparejamiento TWS* para dos dispositivos. - Conecta hasta 100 altavoces* para una reproducci\u00f3n sincronizada. - Dise\u00f1o innovador - El asa oculta integrada garantiza una portabilidad confiable para reuniones familiares, viajes de campamento o caminatas en la monta\u00f1a. - La iluminaci\u00f3n ambiental est\u00e1 dise\u00f1ada para pulsar al ritmo de tu m\u00fasica, elevando el ambiente y creando el ambiente de fiesta perfecto. - Nunca pierdas llamadas importantes. Un micr\u00f3fono incorporado le permite responder llamadas a trav\u00e9s del altavoz. - El m\u00f3dulo NFC integrado permite el emparejamiento con un solo toque. - Una carga de 10 minutos proporciona 2 horas de reproducci\u00f3n. - Con una salida m\u00e1xima de 15 W*, puede servir como banco de energ\u00eda de emergencia.","og_url":"https:\/\/mivoot.com\/gt\/producto\/bocina-xiaomi-sound-party\/","og_site_name":"Mivoot","article_publisher":"https:\/\/www.facebook.com\/mivootgt","article_modified_time":"2026-04-22T00:25:26+00:00","og_image":[{"width":1600,"height":1600,"url":"https:\/\/mivoot.com\/gt\/wp-content\/uploads\/2026\/04\/Xiaomi_Sound_Party1.webp","type":"image\/webp"}],"twitter_card":"summary_large_image","twitter_misc":{"Est. reading time":"1 minuto"},"schema":{"@context":"https:\/\/schema.org","@graph":[{"@type":"WebPage","@id":"https:\/\/mivoot.com\/gt\/producto\/bocina-xiaomi-sound-party\/","url":"https:\/\/mivoot.com\/gt\/producto\/bocina-xiaomi-sound-party\/","name":"Bocina Xiaomi Sound Party - Mivoot","isPartOf":{"@id":"https:\/\/mivoot.com\/gt\/#website"},"primaryImageOfPage":{"@id":"https:\/\/mivoot.com\/gt\/producto\/bocina-xiaomi-sound-party\/#primaryimage"},"image":{"@id":"https:\/\/mivoot.com\/gt\/producto\/bocina-xiaomi-sound-party\/#primaryimage"},"thumbnailUrl":"https:\/\/mivoot.com\/gt\/wp-content\/uploads\/2026\/04\/Xiaomi_Sound_Party1.webp","datePublished":"2026-04-22T00:24:05+00:00","dateModified":"2026-04-22T00:25:26+00:00","breadcrumb":{"@id":"https:\/\/mivoot.com\/gt\/producto\/bocina-xiaomi-sound-party\/#breadcrumb"},"inLanguage":"es","potentialAction":[{"@type":"ReadAction","target":["https:\/\/mivoot.com\/gt\/producto\/bocina-xiaomi-sound-party\/"]}]},{"@type":"ImageObject","inLanguage":"es","@id":"https:\/\/mivoot.com\/gt\/producto\/bocina-xiaomi-sound-party\/#primaryimage","url":"https:\/\/mivoot.com\/gt\/wp-content\/uploads\/2026\/04\/Xiaomi_Sound_Party1.webp","contentUrl":"https:\/\/mivoot.com\/gt\/wp-content\/uploads\/2026\/04\/Xiaomi_Sound_Party1.webp","width":1600,"height":1600},{"@type":"BreadcrumbList","@id":"https:\/\/mivoot.com\/gt\/producto\/bocina-xiaomi-sound-party\/#breadcrumb","itemListElement":[{"@type":"ListItem","position":1,"name":"Inicio","item":"https:\/\/mivoot.com\/gt\/"},{"@type":"ListItem","position":2,"name":"Productos","item":"https:\/\/mivoot.com\/gt\/producto\/"},{"@type":"ListItem","position":3,"name":"Xiaomi","item":"https:\/\/mivoot.com\/gt\/marca\/xiaomi\/"},{"@type":"ListItem","position":4,"name":"Bocina Xiaomi Sound Party"}]},{"@type":"WebSite","@id":"https:\/\/mivoot.com\/gt\/#website","url":"https:\/\/mivoot.com\/gt\/","name":"Mivoot","description":"Mivoot Guatemala | Tienda Online","publisher":{"@id":"https:\/\/mivoot.com\/gt\/#organization"},"alternateName":"mivoot","potentialAction":[{"@type":"SearchAction","target":{"@type":"EntryPoint","urlTemplate":"https:\/\/mivoot.com\/gt\/?s={search_term_string}"},"query-input":{"@type":"PropertyValueSpecification","valueRequired":true,"valueName":"search_term_string"}}],"inLanguage":"es"},{"@type":"Organization","@id":"https:\/\/mivoot.com\/gt\/#organization","name":"Mivoot Guatemala","alternateName":"mivoot.com","url":"https:\/\/mivoot.com\/gt\/","logo":{"@type":"ImageObject","inLanguage":"es","@id":"https:\/\/mivoot.com\/gt\/#\/schema\/logo\/image\/","url":"https:\/\/mivoot.com\/gt\/wp-content\/uploads\/2023\/03\/cropped-icon.png","contentUrl":"https:\/\/mivoot.com\/gt\/wp-content\/uploads\/2023\/03\/cropped-icon.png","width":512,"height":512,"caption":"Mivoot Guatemala"},"image":{"@id":"https:\/\/mivoot.com\/gt\/#\/schema\/logo\/image\/"},"sameAs":["https:\/\/www.facebook.com\/mivootgt","https:\/\/instagram.com\/mivoot"]}]}},"jetpack_publicize_connections":[],"jetpack_sharing_enabled":true,"brands":[{"id":94,"name":"Xiaomi","slug":"xiaomi"}],"_links":{"self":[{"href":"https:\/\/mivoot.com\/gt\/wp-json\/wp\/v2\/product\/33389","targetHints":{"allow":["GET"]}}],"collection":[{"href":"https:\/\/mivoot.com\/gt\/wp-json\/wp\/v2\/product"}],"about":[{"href":"https:\/\/mivoot.com\/gt\/wp-json\/wp\/v2\/types\/product"}],"replies":[{"embeddable":true,"href":"https:\/\/mivoot.com\/gt\/wp-json\/wp\/v2\/comments?post=33389"}],"version-history":[{"count":1,"href":"https:\/\/mivoot.com\/gt\/wp-json\/wp\/v2\/product\/33389\/revisions"}],"predecessor-version":[{"id":33396,"href":"https:\/\/mivoot.com\/gt\/wp-json\/wp\/v2\/product\/33389\/revisions\/33396"}],"wp:featuredmedia":[{"embeddable":true,"href":"https:\/\/mivoot.com\/gt\/wp-json\/wp\/v2\/media\/33394"}],"wp:attachment":[{"href":"https:\/\/mivoot.com\/gt\/wp-json\/wp\/v2\/media?parent=33389"}],"wp:term":[{"taxonomy":"pwb-brand","embeddable":true,"href":"https:\/\/mivoot.com\/gt\/wp-json\/wp\/v2\/pwb-brand?post=33389"},{"taxonomy":"product_brand","embeddable":true,"href":"https:\/\/mivoot.com\/gt\/wp-json\/wp\/v2\/product_brand?post=33389"},{"taxonomy":"product_cat","embeddable":true,"href":"https:\/\/mivoot.com\/gt\/wp-json\/wp\/v2\/product_cat?post=33389"},{"taxonomy":"product_tag","embeddable":true,"href":"https:\/\/mivoot.com\/gt\/wp-json\/wp\/v2\/product_tag?post=33389"}],"curies":[{"name":"wp","href":"https:\/\/api.w.org\/{rel}","templated":true}]}}