{"id":33397,"date":"2026-04-22T14:20:57","date_gmt":"2026-04-22T20:20:57","guid":{"rendered":"https:\/\/mivoot.com\/gt\/?post_type=product&#038;p=33397"},"modified":"2026-04-22T14:20:58","modified_gmt":"2026-04-22T20:20:58","slug":"control-de-acceso-y-asistencia-facial-y-tarjetas-673dwx-hikvision","status":"publish","type":"product","link":"https:\/\/mivoot.com\/gt\/producto\/control-de-acceso-y-asistencia-facial-y-tarjetas-673dwx-hikvision\/","title":{"rendered":"Control de Acceso y Asistencia Facial y Tarjetas 673DWX Hikvision"},"content":{"rendered":"<h1 style=\"text-align: center;\">Control de Acceso y Asistencia Facial y Tarjetas 673DWX Hikvision<\/h1>\n<h4><span class=\"tech-specs-items-description__title--heading\"><span dir=\"auto\">Pantalla<\/span><\/span><\/h4>\n<ul class=\"tech-specs-items-description\" data-target=\"Pantalla\">\n<li class=\"tech-specs-items-description-list\"><span class=\"tech-specs-items-description__title\">Tama\u00f1o de la pantalla<\/span><span class=\"tech-specs-items-description__title-details\">7 pulgadas<\/span><\/li>\n<li class=\"tech-specs-items-description-list\"><span class=\"tech-specs-items-description__title\">M\u00e9todo de operaci\u00f3n<\/span><span class=\"tech-specs-items-description__title-details\">Pantalla capacitiva t\u00e1ctil<\/span><\/li>\n<li class=\"tech-specs-items-description-list\"><span class=\"tech-specs-items-description__title\"><span dir=\"auto\">Tipo<\/span><\/span><span class=\"tech-specs-items-description__title-details\"><span dir=\"auto\">IPS<\/span><\/span><\/li>\n<\/ul>\n<h4><span class=\"tech-specs-items-description__title--heading\"><span dir=\"auto\">Video<\/span><\/span><\/h4>\n<ul class=\"tech-specs-items-description\" data-target=\"Video\">\n<li class=\"tech-specs-items-description-list\"><span class=\"tech-specs-items-description__title\"><span dir=\"auto\">Primavera<\/span><\/span><span class=\"tech-specs-items-description__title-details\"><span dir=\"auto\">2<\/span><\/span><\/li>\n<li class=\"tech-specs-items-description-list\"><span class=\"tech-specs-items-description__title\"><span dir=\"auto\">Resoluci\u00f3n<\/span><\/span><span class=\"tech-specs-items-description__title-details\"><span dir=\"auto\">2 MP<\/span><\/span><\/li>\n<li class=\"tech-specs-items-description-list\"><span class=\"tech-specs-items-description__title\"><span dir=\"auto\">Campo de visi\u00f3n<\/span><\/span><span class=\"tech-specs-items-description__title-details\"><span dir=\"auto\">HFOV = 75,5\u00b0; VFOV = 41,5\u00b0; DFOV = 87\u00b0<\/span><\/span><\/li>\n<\/ul>\n<h4><span class=\"tech-specs-items-description__title--heading\"><span dir=\"auto\">Audio<\/span><\/span><\/h4>\n<ul class=\"tech-specs-items-description\" data-target=\"Audio\">\n<li class=\"tech-specs-items-description-list\"><span class=\"tech-specs-items-description__title\">Calidad del audio<\/span><span class=\"tech-specs-items-description__title-details\">Micr\u00f3fono omnidireccional integrado<\/span><\/li>\n<\/ul>\n<ul class=\"tech-specs-items-description\" data-target=\"Red\">\n<li class=\"tech-specs-items-description-list\"><span class=\"tech-specs-items-description__title--heading\"><span dir=\"auto\">Rojo<\/span><\/span><\/li>\n<li class=\"tech-specs-items-description-list\"><span class=\"tech-specs-items-description__title\">Red cableada<\/span><span class=\"tech-specs-items-description__title-details\"><span dir=\"auto\">Y<\/span><\/span><\/li>\n<li class=\"tech-specs-items-description-list\"><span class=\"tech-specs-items-description__title\"><span dir=\"auto\">Wi-Fi<\/span><\/span><span class=\"tech-specs-items-description__title-details\"><span dir=\"auto\">Soporte, 2.4 G, 802.11b\/g\/n<\/span><\/span><\/li>\n<\/ul>\n<h4><span class=\"tech-specs-items-description__title--heading\"><span dir=\"auto\">Interfaz<\/span><\/span><\/h4>\n<ul class=\"tech-specs-items-description\" data-target=\"Interfaz\">\n<li class=\"tech-specs-items-description-list\"><span class=\"tech-specs-items-description__title\">Interfaz de Red<\/span><span class=\"tech-specs-items-description__title-details\"><span dir=\"auto\">1 RJ-45, 10\/100\/1000 M autoadaptable<\/span><\/span><\/li>\n<li class=\"tech-specs-items-description-list\"><span class=\"tech-specs-items-description__title\">Control de bloqueo<\/span><span class=\"tech-specs-items-description__title-details\"><span dir=\"auto\">1<\/span><\/span><\/li>\n<li class=\"tech-specs-items-description-list\"><span class=\"tech-specs-items-description__title\">Bot\u00f3n de salida<\/span><span class=\"tech-specs-items-description__title-details\"><span dir=\"auto\">1<\/span><\/span><\/li>\n<li class=\"tech-specs-items-description-list\"><span class=\"tech-specs-items-description__title\">Entrada de contacto de puerta<\/span><span class=\"tech-specs-items-description__title-details\"><span dir=\"auto\">1<\/span><\/span><\/li>\n<li class=\"tech-specs-items-description-list\"><span class=\"tech-specs-items-description__title\">Entrada de alarma<\/span><span class=\"tech-specs-items-description__title-details\"><span dir=\"auto\">2<\/span><\/span><\/li>\n<li class=\"tech-specs-items-description-list\"><span class=\"tech-specs-items-description__title\">Salida de alarma<\/span><span class=\"tech-specs-items-description__title-details\"><span dir=\"auto\">1<\/span><\/span><\/li>\n<li class=\"tech-specs-items-description-list\"><span class=\"tech-specs-items-description__title\"><span dir=\"auto\">Manosear<\/span><\/span><span class=\"tech-specs-items-description__title-details\"><span dir=\"auto\">1<\/span><\/span><\/li>\n<li class=\"tech-specs-items-description-list\"><span class=\"tech-specs-items-description__title\"><span dir=\"auto\">RS-485<\/span><\/span><span class=\"tech-specs-items-description__title-details\"><span dir=\"auto\">1 RS-485 (semid\u00faplex, HIKVISION)<\/span><\/span><\/li>\n<li class=\"tech-specs-items-description-list\"><span class=\"tech-specs-items-description__title\"><span dir=\"auto\">Wiegand<\/span><\/span><span class=\"tech-specs-items-description__title-details\"><span dir=\"auto\">1 Wiegand (Hik 26 bits, Hik 34 bits)<\/span><\/span><\/li>\n<li class=\"tech-specs-items-description-list\"><span class=\"tech-specs-items-description__title\"><span dir=\"auto\">USB<\/span><\/span><span class=\"tech-specs-items-description__title-details\">1 (para el m\u00f3dulo)<\/span><\/li>\n<li class=\"tech-specs-items-description-list\"><span class=\"tech-specs-items-description__title\">Interfaz de salida de audio<\/span><span class=\"tech-specs-items-description__title-details\"><span dir=\"auto\">1 (3,5 mm)<\/span><\/span><\/li>\n<\/ul>\n<h4><span class=\"tech-specs-items-description__title--heading\"><span dir=\"auto\">Autenticaci\u00f3n<\/span><\/span><\/h4>\n<ul class=\"tech-specs-items-description\" data-target=\"Autenticaci\u00f3n\">\n<li class=\"tech-specs-items-description-list\"><span class=\"tech-specs-items-description__title\">Tipo de tarjeta<\/span><span class=\"tech-specs-items-description__title-details\">Tarjeta M1;Tarjeta F\u00e9lica;Tarjeta DESfire<\/span><\/li>\n<\/ul>\n<ul class=\"tech-specs-items-description\" data-target=\"General\">\n<li class=\"tech-specs-items-description-list\"><span class=\"tech-specs-items-description__title--heading\"><span dir=\"auto\">General<\/span><\/span><\/li>\n<li class=\"tech-specs-items-description-list\"><span class=\"tech-specs-items-description__title\">Fuente de alimentaci\u00f3n<\/span><span class=\"tech-specs-items-description__title-details\"><span dir=\"auto\">De 12 V CC a 24 V CC, 2 A<\/span><\/span><\/li>\n<li class=\"tech-specs-items-description-list\"><span class=\"tech-specs-items-description__title\">Temperatura de Funcionamiento<\/span><span class=\"tech-specs-items-description__title-details\"><span dir=\"auto\">-30 \u00b0C a 60 \u00b0C (-22 \u00b0F a 140 \u00b0F)<\/span><\/span><\/li>\n<li class=\"tech-specs-items-description-list\"><span class=\"tech-specs-items-description__title\">Humedad de Funcionamiento<\/span><span class=\"tech-specs-items-description__title-details\">0 a 90% (sin condensaci\u00f3n)<\/span><\/li>\n<li class=\"tech-specs-items-description-list\"><span class=\"tech-specs-items-description__title\">Nivel de protecci\u00f3n<\/span><span class=\"tech-specs-items-description__title-details\"><span dir=\"auto\">IP65<\/span><\/span><\/li>\n<li class=\"tech-specs-items-description-list\"><span class=\"tech-specs-items-description__title\">Dimensiones<\/span><span class=\"tech-specs-items-description__title-details\"><span dir=\"auto\">110,5 mm \u00d7 209,2 mm \u00d7 24 mm (4,35&#8243; \u00d7 8,24&#8243; \u00d7 0,94&#8243;)<\/span><\/span><\/li>\n<li class=\"tech-specs-items-description-list\"><span class=\"tech-specs-items-description__title\"><span dir=\"auto\">Peso<\/span><\/span>\n<p class=\"mb-p\">Peso bruto:1,06 kg (2,34 lb)<\/p>\n<p class=\"mb-p\"><span dir=\"auto\">Peso neto: 0,57 kg (1,26 lb)<\/span><\/p>\n<\/li>\n<li class=\"tech-specs-items-description-list\"><span class=\"tech-specs-items-description__title\"><span dir=\"auto\">Idioma<\/span><\/span><span class=\"tech-specs-items-description__title-details\">Ingl\u00e9s, espa\u00f1ol (Am\u00e9rica del Sur), \u00e1rabe, tailand\u00e9s, indonesio, ruso, vietnamita, portugu\u00e9s (Brasil), japon\u00e9s, coreano, chino tradicional, franc\u00e9s y turco<\/span><\/li>\n<\/ul>\n<ul class=\"tech-specs-items-description\" data-target=\"Funci\u00f3n\">\n<li class=\"tech-specs-items-description-list\"><span class=\"tech-specs-items-description__title--heading\"><span dir=\"auto\">Funci\u00f3n<\/span><\/span><\/li>\n<li class=\"tech-specs-items-description-list\"><span class=\"tech-specs-items-description__title\"><span dir=\"auto\">Anti-suplantaci\u00f3n facial<\/span><\/span><span class=\"tech-specs-items-description__title-details\"><span dir=\"auto\">Y<\/span><\/span><\/li>\n<\/ul>\n","protected":false},"excerpt":{"rendered":"<p>&#8211; Pantalla t\u00e1ctil LCD de 7 pulgadas<br \/>\n&#8211; Lente gran angular de 2 megap\u00edxeles<br \/>\n&#8211; Duraci\u00f3n del reconocimiento facial <0,2 s\/usuario\n- Tasa de precisi\u00f3n en el reconocimiento facial \u2265 99 %\n- M\u00f3dulo de lectura de tarjeta M1 incorporada, \n- Detecci\u00f3n de mascarilla facial\n- Pantalla LCD t\u00e1ctil de 7\" (1024x600)\n- Doble c\u00e1mara 2 MP con IR y WDR\n- Reconocimiento facial de 0.3 a 3 metros\n- 10 000 de capacidad de rostro\n- 50 000 de capacidad de tarjeta \n- 150 000 de capacidad de eventos\n- 10 000 de capacidad de huella digital (con m\u00f3dulo de huella digital no incluido)\n- Compatible con ISAPI, ISUP 5.0, TCP\/IP (IPv4 e IPv6)\n- Apoya el reconocimiento de una sola persona y de varias personas (hasta 5 personas)\n<\/p>\n","protected":false},"featured_media":33181,"comment_status":"open","ping_status":"closed","template":"","meta":{"jetpack_publicize_message":"","jetpack_publicize_feature_enabled":true,"jetpack_social_post_already_shared":true,"jetpack_social_options":{"image_generator_settings":{"template":"highway","default_image_id":0,"font":"","enabled":false},"version":2}},"pwb-brand":[113],"product_brand":[],"product_cat":[19],"product_tag":[],"class_list":{"0":"post-33397","1":"product","2":"type-product","3":"status-publish","4":"has-post-thumbnail","6":"pwb-brand-hikvision","7":"product_cat-control-de-acceso","9":"first","10":"instock","11":"taxable","12":"shipping-taxable","13":"product-type-simple"},"yoast_head":"<!-- This site is optimized with the Yoast SEO Premium plugin v25.7.1 (Yoast SEO v26.8) - https:\/\/yoast.com\/product\/yoast-seo-premium-wordpress\/ -->\n<title>Control de Acceso y Asistencia Facial y Tarjetas 673DWX Hikvision - Mivoot<\/title>\n<meta name=\"robots\" content=\"index, follow, max-snippet:-1, max-image-preview:large, max-video-preview:-1\" \/>\n<link rel=\"canonical\" href=\"https:\/\/mivoot.com\/gt\/producto\/control-de-acceso-y-asistencia-facial-y-tarjetas-673dwx-hikvision\/\" \/>\n<meta property=\"og:locale\" content=\"es_ES\" \/>\n<meta property=\"og:type\" content=\"article\" \/>\n<meta property=\"og:title\" content=\"Control de Acceso y Asistencia Facial y Tarjetas 673DWX Hikvision\" \/>\n<meta property=\"og:description\" content=\"- Pantalla t\u00e1ctil LCD de 7 pulgadas - Lente gran angular de 2 megap\u00edxeles - Duraci\u00f3n del reconocimiento facial\" \/>\n<meta property=\"og:url\" content=\"https:\/\/mivoot.com\/gt\/producto\/control-de-acceso-y-asistencia-facial-y-tarjetas-673dwx-hikvision\/\" \/>\n<meta property=\"og:site_name\" content=\"Mivoot\" \/>\n<meta property=\"article:publisher\" content=\"https:\/\/www.facebook.com\/mivootgt\" \/>\n<meta property=\"article:modified_time\" content=\"2026-04-22T20:20:58+00:00\" \/>\n<meta property=\"og:image\" content=\"https:\/\/mivoot.com\/gt\/wp-content\/uploads\/2026\/04\/DS-K1T673DX-00.png\" \/>\n\t<meta property=\"og:image:width\" content=\"800\" \/>\n\t<meta property=\"og:image:height\" content=\"800\" \/>\n\t<meta property=\"og:image:type\" content=\"image\/png\" \/>\n<meta name=\"twitter:card\" content=\"summary_large_image\" \/>\n<meta name=\"twitter:label1\" content=\"Est. reading time\" \/>\n\t<meta name=\"twitter:data1\" content=\"2 minutos\" \/>\n<script type=\"application\/ld+json\" class=\"yoast-schema-graph\">{\"@context\":\"https:\/\/schema.org\",\"@graph\":[{\"@type\":\"WebPage\",\"@id\":\"https:\/\/mivoot.com\/gt\/producto\/control-de-acceso-y-asistencia-facial-y-tarjetas-673dwx-hikvision\/\",\"url\":\"https:\/\/mivoot.com\/gt\/producto\/control-de-acceso-y-asistencia-facial-y-tarjetas-673dwx-hikvision\/\",\"name\":\"Control de Acceso y Asistencia Facial y Tarjetas 673DWX Hikvision - Mivoot\",\"isPartOf\":{\"@id\":\"https:\/\/mivoot.com\/gt\/#website\"},\"primaryImageOfPage\":{\"@id\":\"https:\/\/mivoot.com\/gt\/producto\/control-de-acceso-y-asistencia-facial-y-tarjetas-673dwx-hikvision\/#primaryimage\"},\"image\":{\"@id\":\"https:\/\/mivoot.com\/gt\/producto\/control-de-acceso-y-asistencia-facial-y-tarjetas-673dwx-hikvision\/#primaryimage\"},\"thumbnailUrl\":\"https:\/\/mivoot.com\/gt\/wp-content\/uploads\/2026\/04\/DS-K1T673DX-00.png\",\"datePublished\":\"2026-04-22T20:20:57+00:00\",\"dateModified\":\"2026-04-22T20:20:58+00:00\",\"breadcrumb\":{\"@id\":\"https:\/\/mivoot.com\/gt\/producto\/control-de-acceso-y-asistencia-facial-y-tarjetas-673dwx-hikvision\/#breadcrumb\"},\"inLanguage\":\"es\",\"potentialAction\":[{\"@type\":\"ReadAction\",\"target\":[\"https:\/\/mivoot.com\/gt\/producto\/control-de-acceso-y-asistencia-facial-y-tarjetas-673dwx-hikvision\/\"]}]},{\"@type\":\"ImageObject\",\"inLanguage\":\"es\",\"@id\":\"https:\/\/mivoot.com\/gt\/producto\/control-de-acceso-y-asistencia-facial-y-tarjetas-673dwx-hikvision\/#primaryimage\",\"url\":\"https:\/\/mivoot.com\/gt\/wp-content\/uploads\/2026\/04\/DS-K1T673DX-00.png\",\"contentUrl\":\"https:\/\/mivoot.com\/gt\/wp-content\/uploads\/2026\/04\/DS-K1T673DX-00.png\",\"width\":800,\"height\":800},{\"@type\":\"BreadcrumbList\",\"@id\":\"https:\/\/mivoot.com\/gt\/producto\/control-de-acceso-y-asistencia-facial-y-tarjetas-673dwx-hikvision\/#breadcrumb\",\"itemListElement\":[{\"@type\":\"ListItem\",\"position\":1,\"name\":\"Inicio\",\"item\":\"https:\/\/mivoot.com\/gt\/\"},{\"@type\":\"ListItem\",\"position\":2,\"name\":\"Productos\",\"item\":\"https:\/\/mivoot.com\/gt\/producto\/\"},{\"@type\":\"ListItem\",\"position\":3,\"name\":\"Hikvision\",\"item\":\"https:\/\/mivoot.com\/gt\/marca\/hikvision\/\"},{\"@type\":\"ListItem\",\"position\":4,\"name\":\"Control de Acceso y Asistencia Facial y Tarjetas 673DWX Hikvision\"}]},{\"@type\":\"WebSite\",\"@id\":\"https:\/\/mivoot.com\/gt\/#website\",\"url\":\"https:\/\/mivoot.com\/gt\/\",\"name\":\"Mivoot\",\"description\":\"Mivoot Guatemala | Tienda Online\",\"publisher\":{\"@id\":\"https:\/\/mivoot.com\/gt\/#organization\"},\"alternateName\":\"mivoot\",\"potentialAction\":[{\"@type\":\"SearchAction\",\"target\":{\"@type\":\"EntryPoint\",\"urlTemplate\":\"https:\/\/mivoot.com\/gt\/?s={search_term_string}\"},\"query-input\":{\"@type\":\"PropertyValueSpecification\",\"valueRequired\":true,\"valueName\":\"search_term_string\"}}],\"inLanguage\":\"es\"},{\"@type\":\"Organization\",\"@id\":\"https:\/\/mivoot.com\/gt\/#organization\",\"name\":\"Mivoot Guatemala\",\"alternateName\":\"mivoot.com\",\"url\":\"https:\/\/mivoot.com\/gt\/\",\"logo\":{\"@type\":\"ImageObject\",\"inLanguage\":\"es\",\"@id\":\"https:\/\/mivoot.com\/gt\/#\/schema\/logo\/image\/\",\"url\":\"https:\/\/mivoot.com\/gt\/wp-content\/uploads\/2023\/03\/cropped-icon.png\",\"contentUrl\":\"https:\/\/mivoot.com\/gt\/wp-content\/uploads\/2023\/03\/cropped-icon.png\",\"width\":512,\"height\":512,\"caption\":\"Mivoot Guatemala\"},\"image\":{\"@id\":\"https:\/\/mivoot.com\/gt\/#\/schema\/logo\/image\/\"},\"sameAs\":[\"https:\/\/www.facebook.com\/mivootgt\",\"https:\/\/instagram.com\/mivoot\"]}]}<\/script>\n<!-- \/ Yoast SEO Premium plugin. -->","yoast_head_json":{"title":"Control de Acceso y Asistencia Facial y Tarjetas 673DWX Hikvision - Mivoot","robots":{"index":"index","follow":"follow","max-snippet":"max-snippet:-1","max-image-preview":"max-image-preview:large","max-video-preview":"max-video-preview:-1"},"canonical":"https:\/\/mivoot.com\/gt\/producto\/control-de-acceso-y-asistencia-facial-y-tarjetas-673dwx-hikvision\/","og_locale":"es_ES","og_type":"article","og_title":"Control de Acceso y Asistencia Facial y Tarjetas 673DWX Hikvision","og_description":"- Pantalla t\u00e1ctil LCD de 7 pulgadas - Lente gran angular de 2 megap\u00edxeles - Duraci\u00f3n del reconocimiento facial","og_url":"https:\/\/mivoot.com\/gt\/producto\/control-de-acceso-y-asistencia-facial-y-tarjetas-673dwx-hikvision\/","og_site_name":"Mivoot","article_publisher":"https:\/\/www.facebook.com\/mivootgt","article_modified_time":"2026-04-22T20:20:58+00:00","og_image":[{"width":800,"height":800,"url":"https:\/\/mivoot.com\/gt\/wp-content\/uploads\/2026\/04\/DS-K1T673DX-00.png","type":"image\/png"}],"twitter_card":"summary_large_image","twitter_misc":{"Est. reading time":"2 minutos"},"schema":{"@context":"https:\/\/schema.org","@graph":[{"@type":"WebPage","@id":"https:\/\/mivoot.com\/gt\/producto\/control-de-acceso-y-asistencia-facial-y-tarjetas-673dwx-hikvision\/","url":"https:\/\/mivoot.com\/gt\/producto\/control-de-acceso-y-asistencia-facial-y-tarjetas-673dwx-hikvision\/","name":"Control de Acceso y Asistencia Facial y Tarjetas 673DWX Hikvision - Mivoot","isPartOf":{"@id":"https:\/\/mivoot.com\/gt\/#website"},"primaryImageOfPage":{"@id":"https:\/\/mivoot.com\/gt\/producto\/control-de-acceso-y-asistencia-facial-y-tarjetas-673dwx-hikvision\/#primaryimage"},"image":{"@id":"https:\/\/mivoot.com\/gt\/producto\/control-de-acceso-y-asistencia-facial-y-tarjetas-673dwx-hikvision\/#primaryimage"},"thumbnailUrl":"https:\/\/mivoot.com\/gt\/wp-content\/uploads\/2026\/04\/DS-K1T673DX-00.png","datePublished":"2026-04-22T20:20:57+00:00","dateModified":"2026-04-22T20:20:58+00:00","breadcrumb":{"@id":"https:\/\/mivoot.com\/gt\/producto\/control-de-acceso-y-asistencia-facial-y-tarjetas-673dwx-hikvision\/#breadcrumb"},"inLanguage":"es","potentialAction":[{"@type":"ReadAction","target":["https:\/\/mivoot.com\/gt\/producto\/control-de-acceso-y-asistencia-facial-y-tarjetas-673dwx-hikvision\/"]}]},{"@type":"ImageObject","inLanguage":"es","@id":"https:\/\/mivoot.com\/gt\/producto\/control-de-acceso-y-asistencia-facial-y-tarjetas-673dwx-hikvision\/#primaryimage","url":"https:\/\/mivoot.com\/gt\/wp-content\/uploads\/2026\/04\/DS-K1T673DX-00.png","contentUrl":"https:\/\/mivoot.com\/gt\/wp-content\/uploads\/2026\/04\/DS-K1T673DX-00.png","width":800,"height":800},{"@type":"BreadcrumbList","@id":"https:\/\/mivoot.com\/gt\/producto\/control-de-acceso-y-asistencia-facial-y-tarjetas-673dwx-hikvision\/#breadcrumb","itemListElement":[{"@type":"ListItem","position":1,"name":"Inicio","item":"https:\/\/mivoot.com\/gt\/"},{"@type":"ListItem","position":2,"name":"Productos","item":"https:\/\/mivoot.com\/gt\/producto\/"},{"@type":"ListItem","position":3,"name":"Hikvision","item":"https:\/\/mivoot.com\/gt\/marca\/hikvision\/"},{"@type":"ListItem","position":4,"name":"Control de Acceso y Asistencia Facial y Tarjetas 673DWX Hikvision"}]},{"@type":"WebSite","@id":"https:\/\/mivoot.com\/gt\/#website","url":"https:\/\/mivoot.com\/gt\/","name":"Mivoot","description":"Mivoot Guatemala | Tienda Online","publisher":{"@id":"https:\/\/mivoot.com\/gt\/#organization"},"alternateName":"mivoot","potentialAction":[{"@type":"SearchAction","target":{"@type":"EntryPoint","urlTemplate":"https:\/\/mivoot.com\/gt\/?s={search_term_string}"},"query-input":{"@type":"PropertyValueSpecification","valueRequired":true,"valueName":"search_term_string"}}],"inLanguage":"es"},{"@type":"Organization","@id":"https:\/\/mivoot.com\/gt\/#organization","name":"Mivoot Guatemala","alternateName":"mivoot.com","url":"https:\/\/mivoot.com\/gt\/","logo":{"@type":"ImageObject","inLanguage":"es","@id":"https:\/\/mivoot.com\/gt\/#\/schema\/logo\/image\/","url":"https:\/\/mivoot.com\/gt\/wp-content\/uploads\/2023\/03\/cropped-icon.png","contentUrl":"https:\/\/mivoot.com\/gt\/wp-content\/uploads\/2023\/03\/cropped-icon.png","width":512,"height":512,"caption":"Mivoot Guatemala"},"image":{"@id":"https:\/\/mivoot.com\/gt\/#\/schema\/logo\/image\/"},"sameAs":["https:\/\/www.facebook.com\/mivootgt","https:\/\/instagram.com\/mivoot"]}]}},"jetpack_publicize_connections":[],"jetpack_sharing_enabled":true,"brands":[{"id":113,"name":"Hikvision","slug":"hikvision"}],"_links":{"self":[{"href":"https:\/\/mivoot.com\/gt\/wp-json\/wp\/v2\/product\/33397","targetHints":{"allow":["GET"]}}],"collection":[{"href":"https:\/\/mivoot.com\/gt\/wp-json\/wp\/v2\/product"}],"about":[{"href":"https:\/\/mivoot.com\/gt\/wp-json\/wp\/v2\/types\/product"}],"replies":[{"embeddable":true,"href":"https:\/\/mivoot.com\/gt\/wp-json\/wp\/v2\/comments?post=33397"}],"version-history":[{"count":1,"href":"https:\/\/mivoot.com\/gt\/wp-json\/wp\/v2\/product\/33397\/revisions"}],"predecessor-version":[{"id":33398,"href":"https:\/\/mivoot.com\/gt\/wp-json\/wp\/v2\/product\/33397\/revisions\/33398"}],"wp:featuredmedia":[{"embeddable":true,"href":"https:\/\/mivoot.com\/gt\/wp-json\/wp\/v2\/media\/33181"}],"wp:attachment":[{"href":"https:\/\/mivoot.com\/gt\/wp-json\/wp\/v2\/media?parent=33397"}],"wp:term":[{"taxonomy":"pwb-brand","embeddable":true,"href":"https:\/\/mivoot.com\/gt\/wp-json\/wp\/v2\/pwb-brand?post=33397"},{"taxonomy":"product_brand","embeddable":true,"href":"https:\/\/mivoot.com\/gt\/wp-json\/wp\/v2\/product_brand?post=33397"},{"taxonomy":"product_cat","embeddable":true,"href":"https:\/\/mivoot.com\/gt\/wp-json\/wp\/v2\/product_cat?post=33397"},{"taxonomy":"product_tag","embeddable":true,"href":"https:\/\/mivoot.com\/gt\/wp-json\/wp\/v2\/product_tag?post=33397"}],"curies":[{"name":"wp","href":"https:\/\/api.w.org\/{rel}","templated":true}]}}