{"id":33402,"date":"2026-04-22T16:55:13","date_gmt":"2026-04-22T22:55:13","guid":{"rendered":"https:\/\/mivoot.com\/gt\/?post_type=product&#038;p=33402"},"modified":"2026-04-22T16:57:39","modified_gmt":"2026-04-22T22:57:39","slug":"ups-3000va-2100w-apc","status":"publish","type":"product","link":"https:\/\/mivoot.com\/gt\/producto\/ups-3000va-2100w-apc\/","title":{"rendered":"UPS 3000VA 2100W APC"},"content":{"rendered":"<h1 style=\"text-align: center\"><span style=\"color: #003366\"><strong>UPS 3000VA 2100W APC<\/strong><\/span><\/h1>\n<p>&nbsp;<\/p>\n<h3><span style=\"color: #003366\"><strong>\u00a0Especificaciones T\u00e9cnicas:<\/strong><\/span><\/h3>\n<div>\n<ul>\n<li>Topolog\u00eda de UPS:\u00a0L\u00ednea interactiva<\/li>\n<li>Capacidad de potencia de salida:\u00a03 kVA<\/li>\n<li>Potencia de salida:\u00a02100 W<\/li>\n<li>Forma de onda:\u00a0Seno<\/li>\n<li>Voltaje de operaci\u00f3n de entrada (min):\u00a078 V<\/li>\n<li>Voltaje de operaci\u00f3n de entrada (m\u00e1x.):\u00a0150 V<\/li>\n<li>Frecuencia de entrada:\u00a045\/65 Hz<\/li>\n<li>Voltaje de operaci\u00f3n de salida (min):\u00a0120 V<\/li>\n<li>Voltaje de operaci\u00f3n de salida (m\u00e1x.):\u00a0120 V<\/li>\n<li>Frecuencia de salida:\u00a050\/60 Hz<\/li>\n<li>Tiempo de respuesta:\u00a02 ms<\/li>\n<li>Factor de cresta:\u00a03: 1<\/li>\n<li>Nivel de ruido:\u00a045 dB<\/li>\n<li>Alarma (s) audible (s): S\u00ed<\/li>\n<li><img decoding=\"async\" src=\"https:\/\/icecat.biz\/static\/images\/spacer.png\" alt=\"s\u00ed\" \/>Modos de alarma audible:\u00a0Alarma de bater\u00eda baja, alarma de sobrecarga<\/li>\n<\/ul>\n<h3><span style=\"color: #003366\"><strong>Puertos e interfaces<\/strong><\/span><\/h3>\n<div>\n<ul>\n<li>Tipos de tomacorrientes de CA:\u00a0NEMA 5\u201320R, NEMA L5-30R<\/li>\n<li>Enchufe: NEMA L5-30P<\/li>\n<li>Cantidad de salidas de CA: 7 tomacorrientes<\/li>\n<li>Puerto USB: Cantidad de puertos USB 2.0: 1<\/li>\n<li>Interfaz de serial : 1<\/li>\n<li>Conector de apagado de emergencia (EPO): S\u00ed<\/li>\n<\/ul>\n<h3><span style=\"color: #003366\"><strong>Bater\u00eda<\/strong><\/span><\/h3>\n<ul>\n<li>Tecnolog\u00eda de la bater\u00eda: \u00c1cido de plomo sellado (VRLA)<\/li>\n<li>Duraci\u00f3n de la bater\u00eda (m\u00e1x.): 5 a\u00f1os)<\/li>\n<li>Tiempo de recarga de la bater\u00eda: 4 h<\/li>\n<\/ul>\n<\/div>\n<\/div>\n","protected":false},"excerpt":{"rendered":"<p>&#8211; Capacidad el\u00e9ctrica de salida: 2,1 kilovatios \/ 3,0 kVA.<br \/>\n&#8211; Conexiones de salida: 6 NEMA 5-20R (Bater\u00eda de reserva). 1 NEMA L5-30R (Bater\u00eda de reserva).<br \/>\n&#8211; Voltaje de salida nominal: 120V.<br \/>\n&#8211; Voltaje nominal de entrada: 120V.<br \/>\n&#8211; Tipo de conexi\u00f3n de entrada: NO L5-30P.<br \/>\n&#8211; Altura m\u00e1xima: 24 cm.<br \/>\n&#8211; Anchura m\u00e1xima: 18 cm.<br \/>\n&#8211; Profundidad m\u00e1xima: 45.5 cm.<br \/>\n&#8211; Peso neto: 31.5 kilogramos. <\/p>\n","protected":false},"featured_media":33408,"comment_status":"open","ping_status":"closed","template":"","meta":{"jetpack_publicize_message":"","jetpack_publicize_feature_enabled":true,"jetpack_social_post_already_shared":true,"jetpack_social_options":{"image_generator_settings":{"template":"highway","default_image_id":0,"font":"","enabled":false},"version":2}},"pwb-brand":[104],"product_brand":[],"product_cat":[20,178],"product_tag":[],"class_list":{"0":"post-33402","1":"product","2":"type-product","3":"status-publish","4":"has-post-thumbnail","6":"pwb-brand-apc","7":"product_cat-reguladores-y-ups","8":"product_cat-ups","10":"first","11":"instock","12":"taxable","13":"shipping-taxable","14":"purchasable","15":"product-type-simple"},"yoast_head":"<!-- This site is optimized with the Yoast SEO Premium plugin v25.7.1 (Yoast SEO v26.8) - https:\/\/yoast.com\/product\/yoast-seo-premium-wordpress\/ -->\n<title>UPS 3000VA 2100W APC - Mivoot<\/title>\n<meta name=\"robots\" content=\"index, follow, max-snippet:-1, max-image-preview:large, max-video-preview:-1\" \/>\n<link rel=\"canonical\" href=\"https:\/\/mivoot.com\/gt\/producto\/ups-3000va-2100w-apc\/\" \/>\n<meta property=\"og:locale\" content=\"es_ES\" \/>\n<meta property=\"og:type\" content=\"article\" \/>\n<meta property=\"og:title\" content=\"UPS 3000VA 2100W APC\" \/>\n<meta property=\"og:description\" content=\"- Capacidad el\u00e9ctrica de salida: 2,1 kilovatios \/ 3,0 kVA. - Conexiones de salida: 6 NEMA 5-20R (Bater\u00eda de reserva). 1 NEMA L5-30R (Bater\u00eda de reserva). - Voltaje de salida nominal: 120V. - Voltaje nominal de entrada: 120V. - Tipo de conexi\u00f3n de entrada: NO L5-30P. - Altura m\u00e1xima: 24 cm. - Anchura m\u00e1xima: 18 cm. - Profundidad m\u00e1xima: 45.5 cm. - Peso neto: 31.5 kilogramos.\" \/>\n<meta property=\"og:url\" content=\"https:\/\/mivoot.com\/gt\/producto\/ups-3000va-2100w-apc\/\" \/>\n<meta property=\"og:site_name\" content=\"Mivoot\" \/>\n<meta property=\"article:publisher\" content=\"https:\/\/www.facebook.com\/mivootgt\" \/>\n<meta property=\"article:modified_time\" content=\"2026-04-22T22:57:39+00:00\" \/>\n<meta property=\"og:image\" content=\"https:\/\/mivoot.com\/gt\/wp-content\/uploads\/2026\/04\/SMV3000CA-1000X1000-2-768x768.-700x700-1.jpg\" \/>\n\t<meta property=\"og:image:width\" content=\"700\" \/>\n\t<meta property=\"og:image:height\" content=\"700\" \/>\n\t<meta property=\"og:image:type\" content=\"image\/jpeg\" \/>\n<meta name=\"twitter:card\" content=\"summary_large_image\" \/>\n<meta name=\"twitter:label1\" content=\"Est. reading time\" \/>\n\t<meta name=\"twitter:data1\" content=\"2 minutos\" \/>\n<script type=\"application\/ld+json\" class=\"yoast-schema-graph\">{\"@context\":\"https:\/\/schema.org\",\"@graph\":[{\"@type\":\"WebPage\",\"@id\":\"https:\/\/mivoot.com\/gt\/producto\/ups-3000va-2100w-apc\/\",\"url\":\"https:\/\/mivoot.com\/gt\/producto\/ups-3000va-2100w-apc\/\",\"name\":\"UPS 3000VA 2100W APC - Mivoot\",\"isPartOf\":{\"@id\":\"https:\/\/mivoot.com\/gt\/#website\"},\"primaryImageOfPage\":{\"@id\":\"https:\/\/mivoot.com\/gt\/producto\/ups-3000va-2100w-apc\/#primaryimage\"},\"image\":{\"@id\":\"https:\/\/mivoot.com\/gt\/producto\/ups-3000va-2100w-apc\/#primaryimage\"},\"thumbnailUrl\":\"https:\/\/mivoot.com\/gt\/wp-content\/uploads\/2026\/04\/SMV3000CA-1000X1000-2-768x768.-700x700-1.jpg\",\"datePublished\":\"2026-04-22T22:55:13+00:00\",\"dateModified\":\"2026-04-22T22:57:39+00:00\",\"breadcrumb\":{\"@id\":\"https:\/\/mivoot.com\/gt\/producto\/ups-3000va-2100w-apc\/#breadcrumb\"},\"inLanguage\":\"es\",\"potentialAction\":[{\"@type\":\"ReadAction\",\"target\":[\"https:\/\/mivoot.com\/gt\/producto\/ups-3000va-2100w-apc\/\"]}]},{\"@type\":\"ImageObject\",\"inLanguage\":\"es\",\"@id\":\"https:\/\/mivoot.com\/gt\/producto\/ups-3000va-2100w-apc\/#primaryimage\",\"url\":\"https:\/\/mivoot.com\/gt\/wp-content\/uploads\/2026\/04\/SMV3000CA-1000X1000-2-768x768.-700x700-1.jpg\",\"contentUrl\":\"https:\/\/mivoot.com\/gt\/wp-content\/uploads\/2026\/04\/SMV3000CA-1000X1000-2-768x768.-700x700-1.jpg\",\"width\":700,\"height\":700},{\"@type\":\"BreadcrumbList\",\"@id\":\"https:\/\/mivoot.com\/gt\/producto\/ups-3000va-2100w-apc\/#breadcrumb\",\"itemListElement\":[{\"@type\":\"ListItem\",\"position\":1,\"name\":\"Inicio\",\"item\":\"https:\/\/mivoot.com\/gt\/\"},{\"@type\":\"ListItem\",\"position\":2,\"name\":\"Productos\",\"item\":\"https:\/\/mivoot.com\/gt\/producto\/\"},{\"@type\":\"ListItem\",\"position\":3,\"name\":\"APC\",\"item\":\"https:\/\/mivoot.com\/gt\/marca\/apc\/\"},{\"@type\":\"ListItem\",\"position\":4,\"name\":\"UPS 3000VA 2100W APC\"}]},{\"@type\":\"WebSite\",\"@id\":\"https:\/\/mivoot.com\/gt\/#website\",\"url\":\"https:\/\/mivoot.com\/gt\/\",\"name\":\"Mivoot\",\"description\":\"Mivoot Guatemala | Tienda Online\",\"publisher\":{\"@id\":\"https:\/\/mivoot.com\/gt\/#organization\"},\"alternateName\":\"mivoot\",\"potentialAction\":[{\"@type\":\"SearchAction\",\"target\":{\"@type\":\"EntryPoint\",\"urlTemplate\":\"https:\/\/mivoot.com\/gt\/?s={search_term_string}\"},\"query-input\":{\"@type\":\"PropertyValueSpecification\",\"valueRequired\":true,\"valueName\":\"search_term_string\"}}],\"inLanguage\":\"es\"},{\"@type\":\"Organization\",\"@id\":\"https:\/\/mivoot.com\/gt\/#organization\",\"name\":\"Mivoot Guatemala\",\"alternateName\":\"mivoot.com\",\"url\":\"https:\/\/mivoot.com\/gt\/\",\"logo\":{\"@type\":\"ImageObject\",\"inLanguage\":\"es\",\"@id\":\"https:\/\/mivoot.com\/gt\/#\/schema\/logo\/image\/\",\"url\":\"https:\/\/mivoot.com\/gt\/wp-content\/uploads\/2023\/03\/cropped-icon.png\",\"contentUrl\":\"https:\/\/mivoot.com\/gt\/wp-content\/uploads\/2023\/03\/cropped-icon.png\",\"width\":512,\"height\":512,\"caption\":\"Mivoot Guatemala\"},\"image\":{\"@id\":\"https:\/\/mivoot.com\/gt\/#\/schema\/logo\/image\/\"},\"sameAs\":[\"https:\/\/www.facebook.com\/mivootgt\",\"https:\/\/instagram.com\/mivoot\"]}]}<\/script>\n<!-- \/ Yoast SEO Premium plugin. -->","yoast_head_json":{"title":"UPS 3000VA 2100W APC - Mivoot","robots":{"index":"index","follow":"follow","max-snippet":"max-snippet:-1","max-image-preview":"max-image-preview:large","max-video-preview":"max-video-preview:-1"},"canonical":"https:\/\/mivoot.com\/gt\/producto\/ups-3000va-2100w-apc\/","og_locale":"es_ES","og_type":"article","og_title":"UPS 3000VA 2100W APC","og_description":"- Capacidad el\u00e9ctrica de salida: 2,1 kilovatios \/ 3,0 kVA. - Conexiones de salida: 6 NEMA 5-20R (Bater\u00eda de reserva). 1 NEMA L5-30R (Bater\u00eda de reserva). - Voltaje de salida nominal: 120V. - Voltaje nominal de entrada: 120V. - Tipo de conexi\u00f3n de entrada: NO L5-30P. - Altura m\u00e1xima: 24 cm. - Anchura m\u00e1xima: 18 cm. - Profundidad m\u00e1xima: 45.5 cm. - Peso neto: 31.5 kilogramos.","og_url":"https:\/\/mivoot.com\/gt\/producto\/ups-3000va-2100w-apc\/","og_site_name":"Mivoot","article_publisher":"https:\/\/www.facebook.com\/mivootgt","article_modified_time":"2026-04-22T22:57:39+00:00","og_image":[{"width":700,"height":700,"url":"https:\/\/mivoot.com\/gt\/wp-content\/uploads\/2026\/04\/SMV3000CA-1000X1000-2-768x768.-700x700-1.jpg","type":"image\/jpeg"}],"twitter_card":"summary_large_image","twitter_misc":{"Est. reading time":"2 minutos"},"schema":{"@context":"https:\/\/schema.org","@graph":[{"@type":"WebPage","@id":"https:\/\/mivoot.com\/gt\/producto\/ups-3000va-2100w-apc\/","url":"https:\/\/mivoot.com\/gt\/producto\/ups-3000va-2100w-apc\/","name":"UPS 3000VA 2100W APC - Mivoot","isPartOf":{"@id":"https:\/\/mivoot.com\/gt\/#website"},"primaryImageOfPage":{"@id":"https:\/\/mivoot.com\/gt\/producto\/ups-3000va-2100w-apc\/#primaryimage"},"image":{"@id":"https:\/\/mivoot.com\/gt\/producto\/ups-3000va-2100w-apc\/#primaryimage"},"thumbnailUrl":"https:\/\/mivoot.com\/gt\/wp-content\/uploads\/2026\/04\/SMV3000CA-1000X1000-2-768x768.-700x700-1.jpg","datePublished":"2026-04-22T22:55:13+00:00","dateModified":"2026-04-22T22:57:39+00:00","breadcrumb":{"@id":"https:\/\/mivoot.com\/gt\/producto\/ups-3000va-2100w-apc\/#breadcrumb"},"inLanguage":"es","potentialAction":[{"@type":"ReadAction","target":["https:\/\/mivoot.com\/gt\/producto\/ups-3000va-2100w-apc\/"]}]},{"@type":"ImageObject","inLanguage":"es","@id":"https:\/\/mivoot.com\/gt\/producto\/ups-3000va-2100w-apc\/#primaryimage","url":"https:\/\/mivoot.com\/gt\/wp-content\/uploads\/2026\/04\/SMV3000CA-1000X1000-2-768x768.-700x700-1.jpg","contentUrl":"https:\/\/mivoot.com\/gt\/wp-content\/uploads\/2026\/04\/SMV3000CA-1000X1000-2-768x768.-700x700-1.jpg","width":700,"height":700},{"@type":"BreadcrumbList","@id":"https:\/\/mivoot.com\/gt\/producto\/ups-3000va-2100w-apc\/#breadcrumb","itemListElement":[{"@type":"ListItem","position":1,"name":"Inicio","item":"https:\/\/mivoot.com\/gt\/"},{"@type":"ListItem","position":2,"name":"Productos","item":"https:\/\/mivoot.com\/gt\/producto\/"},{"@type":"ListItem","position":3,"name":"APC","item":"https:\/\/mivoot.com\/gt\/marca\/apc\/"},{"@type":"ListItem","position":4,"name":"UPS 3000VA 2100W APC"}]},{"@type":"WebSite","@id":"https:\/\/mivoot.com\/gt\/#website","url":"https:\/\/mivoot.com\/gt\/","name":"Mivoot","description":"Mivoot Guatemala | Tienda Online","publisher":{"@id":"https:\/\/mivoot.com\/gt\/#organization"},"alternateName":"mivoot","potentialAction":[{"@type":"SearchAction","target":{"@type":"EntryPoint","urlTemplate":"https:\/\/mivoot.com\/gt\/?s={search_term_string}"},"query-input":{"@type":"PropertyValueSpecification","valueRequired":true,"valueName":"search_term_string"}}],"inLanguage":"es"},{"@type":"Organization","@id":"https:\/\/mivoot.com\/gt\/#organization","name":"Mivoot Guatemala","alternateName":"mivoot.com","url":"https:\/\/mivoot.com\/gt\/","logo":{"@type":"ImageObject","inLanguage":"es","@id":"https:\/\/mivoot.com\/gt\/#\/schema\/logo\/image\/","url":"https:\/\/mivoot.com\/gt\/wp-content\/uploads\/2023\/03\/cropped-icon.png","contentUrl":"https:\/\/mivoot.com\/gt\/wp-content\/uploads\/2023\/03\/cropped-icon.png","width":512,"height":512,"caption":"Mivoot Guatemala"},"image":{"@id":"https:\/\/mivoot.com\/gt\/#\/schema\/logo\/image\/"},"sameAs":["https:\/\/www.facebook.com\/mivootgt","https:\/\/instagram.com\/mivoot"]}]}},"jetpack_publicize_connections":[],"jetpack_sharing_enabled":true,"brands":[{"id":104,"name":"APC","slug":"apc"}],"_links":{"self":[{"href":"https:\/\/mivoot.com\/gt\/wp-json\/wp\/v2\/product\/33402","targetHints":{"allow":["GET"]}}],"collection":[{"href":"https:\/\/mivoot.com\/gt\/wp-json\/wp\/v2\/product"}],"about":[{"href":"https:\/\/mivoot.com\/gt\/wp-json\/wp\/v2\/types\/product"}],"replies":[{"embeddable":true,"href":"https:\/\/mivoot.com\/gt\/wp-json\/wp\/v2\/comments?post=33402"}],"version-history":[{"count":1,"href":"https:\/\/mivoot.com\/gt\/wp-json\/wp\/v2\/product\/33402\/revisions"}],"predecessor-version":[{"id":33419,"href":"https:\/\/mivoot.com\/gt\/wp-json\/wp\/v2\/product\/33402\/revisions\/33419"}],"wp:featuredmedia":[{"embeddable":true,"href":"https:\/\/mivoot.com\/gt\/wp-json\/wp\/v2\/media\/33408"}],"wp:attachment":[{"href":"https:\/\/mivoot.com\/gt\/wp-json\/wp\/v2\/media?parent=33402"}],"wp:term":[{"taxonomy":"pwb-brand","embeddable":true,"href":"https:\/\/mivoot.com\/gt\/wp-json\/wp\/v2\/pwb-brand?post=33402"},{"taxonomy":"product_brand","embeddable":true,"href":"https:\/\/mivoot.com\/gt\/wp-json\/wp\/v2\/product_brand?post=33402"},{"taxonomy":"product_cat","embeddable":true,"href":"https:\/\/mivoot.com\/gt\/wp-json\/wp\/v2\/product_cat?post=33402"},{"taxonomy":"product_tag","embeddable":true,"href":"https:\/\/mivoot.com\/gt\/wp-json\/wp\/v2\/product_tag?post=33402"}],"curies":[{"name":"wp","href":"https:\/\/api.w.org\/{rel}","templated":true}]}}