{"id":33420,"date":"2026-04-22T17:21:23","date_gmt":"2026-04-22T23:21:23","guid":{"rendered":"https:\/\/mivoot.com\/gt\/?post_type=product&#038;p=33420"},"modified":"2026-04-22T17:23:02","modified_gmt":"2026-04-22T23:23:02","slug":"ups-2000va-1600w-rack-con-kit-de-rieles-apc","status":"publish","type":"product","link":"https:\/\/mivoot.com\/gt\/producto\/ups-2000va-1600w-rack-con-kit-de-rieles-apc\/","title":{"rendered":"UPS 2000VA 1600W Rack con Kit de Rieles APC"},"content":{"rendered":"<h1 style=\"text-align: center\"><span style=\"color: #003366\"><strong>UPS 2000VA 1600W Rack con Kit de Rieles APC<\/strong><\/span><\/h1>\n<p>&nbsp;<\/p>\n<p style=\"text-align: center\">El No Break APC SRV2KRARK, con su tecnolog\u00eda de\u00a0<strong>doble conversi\u00f3n en l\u00ednea<\/strong>, garantiza una protecci\u00f3n \u00f3ptima ante fluctuaciones y cortes de energ\u00eda. Esta unidad de\u00a0<strong>1.600 W<\/strong>\u00a0permite a los dispositivos el\u00e9ctricos recibir un suministro constante y seguro, evitando da\u00f1os y p\u00e9rdidas de datos. El amplio rango de\u00a0<strong>voltaje de entrada de 50 V a 150 V<\/strong>\u00a0asegura su funcionalidad en diversas situaciones, mientras que el rango de\u00a0<strong>salida de 110 V a 115 V<\/strong>\u00a0proporciona una entrega adecuada para los equipos conectados.<\/p>\n<p>&nbsp;<\/p>\n<h3><strong>&#8211;<span style=\"color: #003366\"> Especificaciones T\u00e9cnicas<\/span>:<\/strong><\/h3>\n<ul>\n<li>Voltaje de entrada principal:\u00a0120 V<\/li>\n<li>Otro voltaje de entrada:\u00a0110 V, 115 V<\/li>\n<li>Voltaje de salida principal:\u00a0120 V<\/li>\n<li>Otro voltaje de salida:\u00a0110 V, 115 V<\/li>\n<li>Potencia nominal en W:\u00a01600 W<\/li>\n<li>Potencia nominal en VA:\u00a02000 VA<\/li>\n<li>Tipo de conexi\u00f3n de entrada:\u00a0NEMA 5-20P<\/li>\n<li>Tipo de conexi\u00f3n de salida:\u00a04 NEMA 5-20R<\/li>\n<li>N\u00famero de unidad de rack:\u00a02U<\/li>\n<li>Longitud de cable:\u00a01,50 m<\/li>\n<li>N\u00famero de cables:\u00a01<\/li>\n<li>Tiempo de ejecuci\u00f3n m\u00e1ximo:\u00a04 min<\/li>\n<li>N\u00famero de ranuras llenas de m\u00f3dulo de potencia:\u00a00<\/li>\n<li>N\u00famero de ranuras sin m\u00f3dulo de potencia:\u00a00<\/li>\n<li>Redundante:\u00a0No<\/li>\n<\/ul>\n<p><span style=\"color: #003366\"><strong>Dimensiones<\/strong><\/span><\/p>\n<ul>\n<li>Altura:\u00a08,6 cm<\/li>\n<li>Ancho:\u00a043,7 cm<\/li>\n<li>Profundidad:\u00a046,2 cm<\/li>\n<li>Peso del producto:\u00a018,2 kg<\/li>\n<li>Ubicaci\u00f3n de montaje:\u00a0Frontal<\/li>\n<li>Preferencia de montaje:\u00a0Baja<\/li>\n<li>Tipo de montaje:\u00a0Montado en rack<\/li>\n<li>Compatible USB:\u00a0Si<\/li>\n<li>Posici\u00f3n de montaje:\u00a0Horizontal<\/li>\n<\/ul>\n<p><span style=\"color: #003366\"><strong>Entrada<\/strong><\/span><\/p>\n<ul>\n<li>Barras de separaci\u00f3n:\u00a055&#8230;150 V hardware, 85&#8230;150 V carga completa<\/li>\n<li>Frecuencia asignada de empleo:\u00a040-70 Hz detecci\u00f3n autom\u00e1tica<\/li>\n<\/ul>\n<p><span style=\"color: #003366\"><strong>Salida<\/strong><\/span><\/p>\n<ul>\n<li>M\u00e1xima potencia configurable en VA:\u00a02000 VA<\/li>\n<li>M\u00e1xima potencia configurable (vatios):\u00a01600 W<\/li>\n<li>Frecuencia de salida:\u00a050\/60 Hz +\/- 3 Hz sincronizada a red el\u00e9ctrica principal<\/li>\n<li>Distorsi\u00f3n arm\u00f3nica:\u00a03 %<\/li>\n<li>Topolog\u00eda:\u00a0Doble conversi\u00f3n en l\u00ednea<\/li>\n<li>Tipo de forma de onda:\u00a0Onda senoidal<\/li>\n<li>La ranura para destornillador:\u00a088 % &#8211; tipo de cable: carga completa)<\/li>\n<li>Tipo de derivaci\u00f3n:\u00a0Desviaci\u00f3n interna (autom\u00e1tica y manual)<\/li>\n<li>Crest factor ((*)):\u00a03:1<\/li>\n<\/ul>\n<h4><span style=\"color: #003366\"><strong>Ambiental<\/strong><\/span><\/h4>\n<ul>\n<li>temperatura ambiente de funcionamiento:\u00a00\u202640 \u00b0C<\/li>\n<li>humedad relativa:\u00a00\u202695 % sin condensaci\u00f3n<\/li>\n<li>altitud m\u00e1xima de funcionamiento:\u00a00&#8230;3000 m<\/li>\n<li>temperatura ambiente de almacenamiento:\u00a0-20\u202650 \u00b0C<\/li>\n<li>Humedad relativa de almacenamiento:\u00a00\u202695 % sin condensaci\u00f3n<\/li>\n<li>altitud de almacenamiento:\u00a00\u202615000 m<\/li>\n<li>nivel ac\u00fastico:\u00a050 dba<\/li>\n<li>disipaci\u00f3n de calor:\u00a0745 Btu\/h<\/li>\n<li>grado de protecci\u00f3n IP:\u00a0IP20<\/li>\n<\/ul>\n<h4><span style=\"color: #003366\"><strong>Bater\u00edas y autonom\u00eda<\/strong><\/span><\/h4>\n<ul>\n<li>Tiempo de ejecuci\u00f3n:\u00a0160W &#8211; 1 h 7 min. &#8211; 1600W &#8211; 4min 2 s.<\/li>\n<li>Eficiencia:\u00a0carga: 3% &#8211; eficiencia: 58.4% &#8211; carga: 100% &#8211; eficiencia 91.9%<\/li>\n<li>Tipo de bater\u00eda:\u00a0Bater\u00eda de plomo y \u00e1cido<\/li>\n<li>Voltaje de bater\u00eda:\u00a048V<\/li>\n<li>Bater\u00edas pre-instaladas:\u00a00<\/li>\n<li>Ranuras libres para bater\u00edas:\u00a00<\/li>\n<li>Tiempo t\u00edpico de recarga:\u00a04 H<\/li>\n<li>Bater\u00eda de repuesto:\u00a0APCRBCV201 (no incluida)<\/li>\n<li>Potencia de carga de la bater\u00eda (vatios):\u00a070 W nominal<\/li>\n<\/ul>\n<h4><span style=\"color: #003366\"><strong>Comunicaciones y manejo<\/strong><\/span><\/h4>\n<ul>\n<li>Alarma:\u00a0Alarm when on battery : distinctive low battery alarm : overload continuous tone alarm<\/li>\n<li>Panel de control:\u00a0Estatus multifuncional lcd y consola con control<\/li>\n<li>Clasificaci\u00f3n de energ\u00eda de sobrecarga (Joules):\u00a0300J<\/li>\n<\/ul>\n","protected":false},"excerpt":{"rendered":"<p>&#8211; Topolog\u00eda UPS: Doble conversi\u00f3n (en l\u00ednea)<br \/>\n&#8211; Capacidad de potencia de salida: (VA)2000 VA<br \/>\n&#8211; Potencia de salida: 1600 W<br \/>\n&#8211; Voltaje de entrada de operaci\u00f3n: (min)50 V<br \/>\n&#8211; Voltaje de entrada de operaci\u00f3n: (max)150 V<br \/>\n&#8211; Frecuencia de entrada: 40\/70 Hz<br \/>\n&#8211; Voltaje de operaci\u00f3n de salida: (min)110 V<br \/>\n&#8211; Voltaje de operaci\u00f3n de salida: (max)115 V<br \/>\n&#8211; Frecuencia de salida: 50\/60 Hz<br \/>\n&#8211; \u00cdndice de aumento de energ\u00eda: 600 J<br \/>\n&#8211; Eficiencia: 88%<br \/>\n&#8211; Factor de cima: 3:1<br \/>\n&#8211; Modos de alarma audibles: Alarma de bater\u00eda baja, Alarma de sobrecarga<\/p>\n","protected":false},"featured_media":33432,"comment_status":"open","ping_status":"closed","template":"","meta":{"jetpack_publicize_message":"","jetpack_publicize_feature_enabled":true,"jetpack_social_post_already_shared":true,"jetpack_social_options":{"image_generator_settings":{"template":"highway","default_image_id":0,"font":"","enabled":false},"version":2}},"pwb-brand":[104],"product_brand":[],"product_cat":[20,178],"product_tag":[],"class_list":{"0":"post-33420","1":"product","2":"type-product","3":"status-publish","4":"has-post-thumbnail","6":"pwb-brand-apc","7":"product_cat-reguladores-y-ups","8":"product_cat-ups","10":"first","11":"instock","12":"taxable","13":"shipping-taxable","14":"purchasable","15":"product-type-simple"},"yoast_head":"<!-- This site is optimized with the Yoast SEO Premium plugin v25.7.1 (Yoast SEO v26.8) - https:\/\/yoast.com\/product\/yoast-seo-premium-wordpress\/ -->\n<title>UPS 2000VA 1600W Rack con Kit de Rieles APC - Mivoot<\/title>\n<meta name=\"robots\" content=\"index, follow, max-snippet:-1, max-image-preview:large, max-video-preview:-1\" \/>\n<link rel=\"canonical\" href=\"https:\/\/mivoot.com\/gt\/producto\/ups-2000va-1600w-rack-con-kit-de-rieles-apc\/\" \/>\n<meta property=\"og:locale\" content=\"es_ES\" \/>\n<meta property=\"og:type\" content=\"article\" \/>\n<meta property=\"og:title\" content=\"UPS 2000VA 1600W Rack con Kit de Rieles APC\" \/>\n<meta property=\"og:description\" content=\"- Topolog\u00eda UPS: Doble conversi\u00f3n (en l\u00ednea) - Capacidad de potencia de salida: (VA)2000 VA - Potencia de salida: 1600 W - Voltaje de entrada de operaci\u00f3n: (min)50 V - Voltaje de entrada de operaci\u00f3n: (max)150 V - Frecuencia de entrada: 40\/70 Hz - Voltaje de operaci\u00f3n de salida: (min)110 V - Voltaje de operaci\u00f3n de salida: (max)115 V - Frecuencia de salida: 50\/60 Hz - \u00cdndice de aumento de energ\u00eda: 600 J - Eficiencia: 88% - Factor de cima: 3:1 - Modos de alarma audibles: Alarma de bater\u00eda baja, Alarma de sobrecarga\" \/>\n<meta property=\"og:url\" content=\"https:\/\/mivoot.com\/gt\/producto\/ups-2000va-1600w-rack-con-kit-de-rieles-apc\/\" \/>\n<meta property=\"og:site_name\" content=\"Mivoot\" \/>\n<meta property=\"article:publisher\" content=\"https:\/\/www.facebook.com\/mivootgt\" \/>\n<meta property=\"article:modified_time\" content=\"2026-04-22T23:23:02+00:00\" \/>\n<meta property=\"og:image\" content=\"https:\/\/mivoot.com\/gt\/wp-content\/uploads\/2026\/04\/SRV2KRARK-APC-1200x1200-01.-700x700-1.jpg\" \/>\n\t<meta property=\"og:image:width\" content=\"700\" \/>\n\t<meta property=\"og:image:height\" content=\"700\" \/>\n\t<meta property=\"og:image:type\" content=\"image\/jpeg\" \/>\n<meta name=\"twitter:card\" content=\"summary_large_image\" \/>\n<meta name=\"twitter:label1\" content=\"Est. reading time\" \/>\n\t<meta name=\"twitter:data1\" content=\"3 minutos\" \/>\n<script type=\"application\/ld+json\" class=\"yoast-schema-graph\">{\"@context\":\"https:\/\/schema.org\",\"@graph\":[{\"@type\":\"WebPage\",\"@id\":\"https:\/\/mivoot.com\/gt\/producto\/ups-2000va-1600w-rack-con-kit-de-rieles-apc\/\",\"url\":\"https:\/\/mivoot.com\/gt\/producto\/ups-2000va-1600w-rack-con-kit-de-rieles-apc\/\",\"name\":\"UPS 2000VA 1600W Rack con Kit de Rieles APC - Mivoot\",\"isPartOf\":{\"@id\":\"https:\/\/mivoot.com\/gt\/#website\"},\"primaryImageOfPage\":{\"@id\":\"https:\/\/mivoot.com\/gt\/producto\/ups-2000va-1600w-rack-con-kit-de-rieles-apc\/#primaryimage\"},\"image\":{\"@id\":\"https:\/\/mivoot.com\/gt\/producto\/ups-2000va-1600w-rack-con-kit-de-rieles-apc\/#primaryimage\"},\"thumbnailUrl\":\"https:\/\/mivoot.com\/gt\/wp-content\/uploads\/2026\/04\/SRV2KRARK-APC-1200x1200-01.-700x700-1.jpg\",\"datePublished\":\"2026-04-22T23:21:23+00:00\",\"dateModified\":\"2026-04-22T23:23:02+00:00\",\"breadcrumb\":{\"@id\":\"https:\/\/mivoot.com\/gt\/producto\/ups-2000va-1600w-rack-con-kit-de-rieles-apc\/#breadcrumb\"},\"inLanguage\":\"es\",\"potentialAction\":[{\"@type\":\"ReadAction\",\"target\":[\"https:\/\/mivoot.com\/gt\/producto\/ups-2000va-1600w-rack-con-kit-de-rieles-apc\/\"]}]},{\"@type\":\"ImageObject\",\"inLanguage\":\"es\",\"@id\":\"https:\/\/mivoot.com\/gt\/producto\/ups-2000va-1600w-rack-con-kit-de-rieles-apc\/#primaryimage\",\"url\":\"https:\/\/mivoot.com\/gt\/wp-content\/uploads\/2026\/04\/SRV2KRARK-APC-1200x1200-01.-700x700-1.jpg\",\"contentUrl\":\"https:\/\/mivoot.com\/gt\/wp-content\/uploads\/2026\/04\/SRV2KRARK-APC-1200x1200-01.-700x700-1.jpg\",\"width\":700,\"height\":700},{\"@type\":\"BreadcrumbList\",\"@id\":\"https:\/\/mivoot.com\/gt\/producto\/ups-2000va-1600w-rack-con-kit-de-rieles-apc\/#breadcrumb\",\"itemListElement\":[{\"@type\":\"ListItem\",\"position\":1,\"name\":\"Inicio\",\"item\":\"https:\/\/mivoot.com\/gt\/\"},{\"@type\":\"ListItem\",\"position\":2,\"name\":\"Productos\",\"item\":\"https:\/\/mivoot.com\/gt\/producto\/\"},{\"@type\":\"ListItem\",\"position\":3,\"name\":\"APC\",\"item\":\"https:\/\/mivoot.com\/gt\/marca\/apc\/\"},{\"@type\":\"ListItem\",\"position\":4,\"name\":\"UPS 2000VA 1600W Rack con Kit de Rieles APC\"}]},{\"@type\":\"WebSite\",\"@id\":\"https:\/\/mivoot.com\/gt\/#website\",\"url\":\"https:\/\/mivoot.com\/gt\/\",\"name\":\"Mivoot\",\"description\":\"Mivoot Guatemala | Tienda Online\",\"publisher\":{\"@id\":\"https:\/\/mivoot.com\/gt\/#organization\"},\"alternateName\":\"mivoot\",\"potentialAction\":[{\"@type\":\"SearchAction\",\"target\":{\"@type\":\"EntryPoint\",\"urlTemplate\":\"https:\/\/mivoot.com\/gt\/?s={search_term_string}\"},\"query-input\":{\"@type\":\"PropertyValueSpecification\",\"valueRequired\":true,\"valueName\":\"search_term_string\"}}],\"inLanguage\":\"es\"},{\"@type\":\"Organization\",\"@id\":\"https:\/\/mivoot.com\/gt\/#organization\",\"name\":\"Mivoot Guatemala\",\"alternateName\":\"mivoot.com\",\"url\":\"https:\/\/mivoot.com\/gt\/\",\"logo\":{\"@type\":\"ImageObject\",\"inLanguage\":\"es\",\"@id\":\"https:\/\/mivoot.com\/gt\/#\/schema\/logo\/image\/\",\"url\":\"https:\/\/mivoot.com\/gt\/wp-content\/uploads\/2023\/03\/cropped-icon.png\",\"contentUrl\":\"https:\/\/mivoot.com\/gt\/wp-content\/uploads\/2023\/03\/cropped-icon.png\",\"width\":512,\"height\":512,\"caption\":\"Mivoot Guatemala\"},\"image\":{\"@id\":\"https:\/\/mivoot.com\/gt\/#\/schema\/logo\/image\/\"},\"sameAs\":[\"https:\/\/www.facebook.com\/mivootgt\",\"https:\/\/instagram.com\/mivoot\"]}]}<\/script>\n<!-- \/ Yoast SEO Premium plugin. -->","yoast_head_json":{"title":"UPS 2000VA 1600W Rack con Kit de Rieles APC - Mivoot","robots":{"index":"index","follow":"follow","max-snippet":"max-snippet:-1","max-image-preview":"max-image-preview:large","max-video-preview":"max-video-preview:-1"},"canonical":"https:\/\/mivoot.com\/gt\/producto\/ups-2000va-1600w-rack-con-kit-de-rieles-apc\/","og_locale":"es_ES","og_type":"article","og_title":"UPS 2000VA 1600W Rack con Kit de Rieles APC","og_description":"- Topolog\u00eda UPS: Doble conversi\u00f3n (en l\u00ednea) - Capacidad de potencia de salida: (VA)2000 VA - Potencia de salida: 1600 W - Voltaje de entrada de operaci\u00f3n: (min)50 V - Voltaje de entrada de operaci\u00f3n: (max)150 V - Frecuencia de entrada: 40\/70 Hz - Voltaje de operaci\u00f3n de salida: (min)110 V - Voltaje de operaci\u00f3n de salida: (max)115 V - Frecuencia de salida: 50\/60 Hz - \u00cdndice de aumento de energ\u00eda: 600 J - Eficiencia: 88% - Factor de cima: 3:1 - Modos de alarma audibles: Alarma de bater\u00eda baja, Alarma de sobrecarga","og_url":"https:\/\/mivoot.com\/gt\/producto\/ups-2000va-1600w-rack-con-kit-de-rieles-apc\/","og_site_name":"Mivoot","article_publisher":"https:\/\/www.facebook.com\/mivootgt","article_modified_time":"2026-04-22T23:23:02+00:00","og_image":[{"width":700,"height":700,"url":"https:\/\/mivoot.com\/gt\/wp-content\/uploads\/2026\/04\/SRV2KRARK-APC-1200x1200-01.-700x700-1.jpg","type":"image\/jpeg"}],"twitter_card":"summary_large_image","twitter_misc":{"Est. reading time":"3 minutos"},"schema":{"@context":"https:\/\/schema.org","@graph":[{"@type":"WebPage","@id":"https:\/\/mivoot.com\/gt\/producto\/ups-2000va-1600w-rack-con-kit-de-rieles-apc\/","url":"https:\/\/mivoot.com\/gt\/producto\/ups-2000va-1600w-rack-con-kit-de-rieles-apc\/","name":"UPS 2000VA 1600W Rack con Kit de Rieles APC - Mivoot","isPartOf":{"@id":"https:\/\/mivoot.com\/gt\/#website"},"primaryImageOfPage":{"@id":"https:\/\/mivoot.com\/gt\/producto\/ups-2000va-1600w-rack-con-kit-de-rieles-apc\/#primaryimage"},"image":{"@id":"https:\/\/mivoot.com\/gt\/producto\/ups-2000va-1600w-rack-con-kit-de-rieles-apc\/#primaryimage"},"thumbnailUrl":"https:\/\/mivoot.com\/gt\/wp-content\/uploads\/2026\/04\/SRV2KRARK-APC-1200x1200-01.-700x700-1.jpg","datePublished":"2026-04-22T23:21:23+00:00","dateModified":"2026-04-22T23:23:02+00:00","breadcrumb":{"@id":"https:\/\/mivoot.com\/gt\/producto\/ups-2000va-1600w-rack-con-kit-de-rieles-apc\/#breadcrumb"},"inLanguage":"es","potentialAction":[{"@type":"ReadAction","target":["https:\/\/mivoot.com\/gt\/producto\/ups-2000va-1600w-rack-con-kit-de-rieles-apc\/"]}]},{"@type":"ImageObject","inLanguage":"es","@id":"https:\/\/mivoot.com\/gt\/producto\/ups-2000va-1600w-rack-con-kit-de-rieles-apc\/#primaryimage","url":"https:\/\/mivoot.com\/gt\/wp-content\/uploads\/2026\/04\/SRV2KRARK-APC-1200x1200-01.-700x700-1.jpg","contentUrl":"https:\/\/mivoot.com\/gt\/wp-content\/uploads\/2026\/04\/SRV2KRARK-APC-1200x1200-01.-700x700-1.jpg","width":700,"height":700},{"@type":"BreadcrumbList","@id":"https:\/\/mivoot.com\/gt\/producto\/ups-2000va-1600w-rack-con-kit-de-rieles-apc\/#breadcrumb","itemListElement":[{"@type":"ListItem","position":1,"name":"Inicio","item":"https:\/\/mivoot.com\/gt\/"},{"@type":"ListItem","position":2,"name":"Productos","item":"https:\/\/mivoot.com\/gt\/producto\/"},{"@type":"ListItem","position":3,"name":"APC","item":"https:\/\/mivoot.com\/gt\/marca\/apc\/"},{"@type":"ListItem","position":4,"name":"UPS 2000VA 1600W Rack con Kit de Rieles APC"}]},{"@type":"WebSite","@id":"https:\/\/mivoot.com\/gt\/#website","url":"https:\/\/mivoot.com\/gt\/","name":"Mivoot","description":"Mivoot Guatemala | Tienda Online","publisher":{"@id":"https:\/\/mivoot.com\/gt\/#organization"},"alternateName":"mivoot","potentialAction":[{"@type":"SearchAction","target":{"@type":"EntryPoint","urlTemplate":"https:\/\/mivoot.com\/gt\/?s={search_term_string}"},"query-input":{"@type":"PropertyValueSpecification","valueRequired":true,"valueName":"search_term_string"}}],"inLanguage":"es"},{"@type":"Organization","@id":"https:\/\/mivoot.com\/gt\/#organization","name":"Mivoot Guatemala","alternateName":"mivoot.com","url":"https:\/\/mivoot.com\/gt\/","logo":{"@type":"ImageObject","inLanguage":"es","@id":"https:\/\/mivoot.com\/gt\/#\/schema\/logo\/image\/","url":"https:\/\/mivoot.com\/gt\/wp-content\/uploads\/2023\/03\/cropped-icon.png","contentUrl":"https:\/\/mivoot.com\/gt\/wp-content\/uploads\/2023\/03\/cropped-icon.png","width":512,"height":512,"caption":"Mivoot Guatemala"},"image":{"@id":"https:\/\/mivoot.com\/gt\/#\/schema\/logo\/image\/"},"sameAs":["https:\/\/www.facebook.com\/mivootgt","https:\/\/instagram.com\/mivoot"]}]}},"jetpack_publicize_connections":[],"jetpack_sharing_enabled":true,"brands":[{"id":104,"name":"APC","slug":"apc"}],"_links":{"self":[{"href":"https:\/\/mivoot.com\/gt\/wp-json\/wp\/v2\/product\/33420","targetHints":{"allow":["GET"]}}],"collection":[{"href":"https:\/\/mivoot.com\/gt\/wp-json\/wp\/v2\/product"}],"about":[{"href":"https:\/\/mivoot.com\/gt\/wp-json\/wp\/v2\/types\/product"}],"replies":[{"embeddable":true,"href":"https:\/\/mivoot.com\/gt\/wp-json\/wp\/v2\/comments?post=33420"}],"version-history":[{"count":1,"href":"https:\/\/mivoot.com\/gt\/wp-json\/wp\/v2\/product\/33420\/revisions"}],"predecessor-version":[{"id":33433,"href":"https:\/\/mivoot.com\/gt\/wp-json\/wp\/v2\/product\/33420\/revisions\/33433"}],"wp:featuredmedia":[{"embeddable":true,"href":"https:\/\/mivoot.com\/gt\/wp-json\/wp\/v2\/media\/33432"}],"wp:attachment":[{"href":"https:\/\/mivoot.com\/gt\/wp-json\/wp\/v2\/media?parent=33420"}],"wp:term":[{"taxonomy":"pwb-brand","embeddable":true,"href":"https:\/\/mivoot.com\/gt\/wp-json\/wp\/v2\/pwb-brand?post=33420"},{"taxonomy":"product_brand","embeddable":true,"href":"https:\/\/mivoot.com\/gt\/wp-json\/wp\/v2\/product_brand?post=33420"},{"taxonomy":"product_cat","embeddable":true,"href":"https:\/\/mivoot.com\/gt\/wp-json\/wp\/v2\/product_cat?post=33420"},{"taxonomy":"product_tag","embeddable":true,"href":"https:\/\/mivoot.com\/gt\/wp-json\/wp\/v2\/product_tag?post=33420"}],"curies":[{"name":"wp","href":"https:\/\/api.w.org\/{rel}","templated":true}]}}